{"id":9092,"date":"2022-07-04T12:40:46","date_gmt":"2022-07-04T12:40:46","guid":{"rendered":"https:\/\/newsitefrom-dev.local\/referencias-de-abogados\/"},"modified":"2023-10-24T14:42:20","modified_gmt":"2023-10-24T14:42:20","slug":"referencias-de-abogados","status":"publish","type":"page","link":"https:\/\/westcoasttriallawyers.com\/es\/referencias-de-abogados","title":{"rendered":"Referencias de abogados"},"content":{"rendered":"<h2>Los Abogados de la Costa Oeste Pueden Trabajar Con Usted<\/h2>\n<p>Desde su creaci\u00f3n, Abogados de la Costa Oeste ha ocupado el primer lugar como firma de lesiones personales de Los \u00c1ngeles que representa a clientes en todo el estado de California. Nuestros abogados han ganado m\u00e1s de 1.500 millones de d\u00f3lares en acuerdos para sus clientes. Nuestro bufete de abogados es dedicado, experto y tiene un historial probado de \u00e9xito.<\/p>\n<p>Cuando las necesidades de su cliente superan sus recursos o quedan fuera de su especialidad legal, nuestro equipo de abogados experimentados puede intervenir para ayudar.<\/p>\n<p>Abogados de la Costa Oeste recibe remisiones de casos de abogados para casos como muerte por negligencia, accidentes de coche, responsabilidades de locales y otras lesiones personales graves. Ya sea que su firma necesite un equipo de litigantes con experiencia o un co-asesor para asistir en un caso, nuestra presencia puede beneficiar a su cliente maximizando su recuperaci\u00f3n y, por supuesto, para maximizar los honorarios de referencia pagados. Tratamos a todos los abogados de referencia con el m\u00e1ximo respeto y pagamos los honorarios de referencia tras la resoluci\u00f3n de un caso sin demora.<\/p>\n<p>Abogados de la Costa Oeste cumple con la Regla 1.5.1 y con todas las normas del Colegio de Abogados del Estado relativas a los acuerdos de reparto de honorarios con los abogados. De acuerdo con las normas de procedimiento del Colegio de Abogados de California, nos esforzamos por que todos los acuerdos de remisi\u00f3n sean autorizados por escrito por el cliente antes de la resoluci\u00f3n de un caso para evitar cualquier malentendido sobre el reparto de los honorarios.<\/p>\n<p>Tanto si se trata de abogados de empresa, como de defensa, o de defensa penal, celebramos acuerdos de reparto de honorarios con todo tipo de abogados, tal y como permite la ley. El importe del porcentaje de los honorarios de remisi\u00f3n acordado se determinar\u00e1 en cada caso en funci\u00f3n de las circunstancias \u00fanicas del caso en cuesti\u00f3n. Algunos de los factores que entrar\u00e1n en juego a la hora de determinar los honorarios ser\u00e1n el tipo de caso, su nivel de riesgo, los costes previstos, el nivel de implicaci\u00f3n deseado del abogado remitente y la fase del litigio.<\/p>\n<p>Abogados de la Costa Oeste siempre dar\u00e1 prioridad a llegar a un acuerdo de reparto de honorarios equitativo con el abogado que le remita.<\/p>\n<p>No dude en ponerse en contacto con nosotros si tiene un caso que le gustar\u00eda remitirnos, si quiere colaborar con nosotros o si est\u00e1 litigando un caso que ha llegado a una fase dif\u00edcil y desea nuestra aportaci\u00f3n y asistencia. Podemos ayudar en los casos en cualquier etapa del litigio, dependiendo de los hechos de cada caso individual, e incluso podemos asociarnos como abogados en la v\u00edspera de la mediaci\u00f3n o el juicio.<br \/>\n<!-- WCTL_DEBUG: no shortcode in this_content --><\/p>\n","protected":false},"excerpt":{"rendered":"<p>Los Abogados de la Costa Oeste Pueden Trabajar Con Usted Desde su creaci\u00f3n, Abogados de la Costa Oeste ha ocupado el primer lugar como firma de lesiones personales de Los \u00c1ngeles que representa a clientes en todo el estado de California. Nuestros abogados han ganado m\u00e1s de 1.500 millones de d\u00f3lares en acuerdos para sus [&hellip;]<\/p>\n","protected":false},"author":470,"featured_media":8678,"parent":0,"menu_order":750,"comment_status":"closed","ping_status":"closed","template":"","meta":{"inline_featured_image":false,"footnotes":""},"class_list":["post-9092","page","type-page","status-publish","has-post-thumbnail","hentry"],"acf":[],"yoast_head":"<!-- This site is optimized with the Yoast SEO Premium plugin v26.0 (Yoast SEO v26.0) - https:\/\/yoast.com\/wordpress\/plugins\/seo\/ -->\n<title>Referencias De Abogados<\/title>\n<meta name=\"robots\" content=\"index, follow, max-snippet:-1, max-image-preview:large, max-video-preview:-1\" \/>\n<link rel=\"canonical\" href=\"https:\/\/westcoasttriallawyers.com\/es\/referencias-de-abogados\" \/>\n<meta property=\"og:locale\" content=\"es_ES\" \/>\n<meta property=\"og:type\" content=\"article\" \/>\n<meta property=\"og:title\" content=\"Referencias de abogados\" \/>\n<meta property=\"og:description\" content=\"Los Abogados de la Costa Oeste Pueden Trabajar Con Usted Desde su creaci\u00f3n, Abogados de la Costa Oeste ha ocupado el primer lugar como firma de lesiones personales de Los \u00c1ngeles que representa a clientes en todo el estado de California. Nuestros abogados han ganado m\u00e1s de 1.500 millones de d\u00f3lares en acuerdos para sus [&hellip;]\" \/>\n<meta property=\"og:url\" content=\"https:\/\/westcoasttriallawyers.com\/es\/referencias-de-abogados\" \/>\n<meta property=\"og:site_name\" content=\"West Coast Trial Lawyers\" \/>\n<meta property=\"article:publisher\" content=\"https:\/\/www.facebook.com\/westcoasttriallawyers\/\" \/>\n<meta property=\"article:modified_time\" content=\"2023-10-24T14:42:20+00:00\" \/>\n<meta property=\"og:image\" content=\"https:\/\/westcoasttriallawyers.com\/wp-content\/uploads\/2022\/04\/recent-results-scaled.jpg\" \/>\n\t<meta property=\"og:image:width\" content=\"2560\" \/>\n\t<meta property=\"og:image:height\" content=\"846\" \/>\n\t<meta property=\"og:image:type\" content=\"image\/jpeg\" \/>\n<meta name=\"twitter:card\" content=\"summary_large_image\" \/>\n<meta name=\"twitter:site\" content=\"@WestCoastTrial\" \/>\n<meta name=\"twitter:label1\" content=\"Tiempo de lectura\" \/>\n\t<meta name=\"twitter:data1\" content=\"2 minutos\" \/>\n<script type=\"application\/ld+json\" class=\"yoast-schema-graph\">{\"@context\":\"https:\/\/schema.org\",\"@graph\":[{\"@type\":[\"WebPage\",\"ItemPage\"],\"@id\":\"https:\/\/westcoasttriallawyers.com\/es\/referencias-de-abogados\",\"url\":\"https:\/\/westcoasttriallawyers.com\/es\/referencias-de-abogados\",\"name\":\"Referencias De Abogados\",\"isPartOf\":{\"@id\":\"https:\/\/westcoasttriallawyers.com\/es#website\"},\"primaryImageOfPage\":{\"@id\":\"https:\/\/westcoasttriallawyers.com\/es\/referencias-de-abogados#primaryimage\"},\"image\":{\"@id\":\"https:\/\/westcoasttriallawyers.com\/es\/referencias-de-abogados#primaryimage\"},\"thumbnailUrl\":\"https:\/\/westcoasttriallawyers.com\/wp-content\/uploads\/2022\/04\/recent-results-scaled.jpg\",\"datePublished\":\"2022-07-04T12:40:46+00:00\",\"dateModified\":\"2023-10-24T14:42:20+00:00\",\"breadcrumb\":{\"@id\":\"https:\/\/westcoasttriallawyers.com\/es\/referencias-de-abogados#breadcrumb\"},\"inLanguage\":\"es\",\"potentialAction\":[{\"@type\":\"ReadAction\",\"target\":[\"https:\/\/westcoasttriallawyers.com\/es\/referencias-de-abogados\"]}]},{\"@type\":\"ImageObject\",\"inLanguage\":\"es\",\"@id\":\"https:\/\/westcoasttriallawyers.com\/es\/referencias-de-abogados#primaryimage\",\"url\":\"https:\/\/westcoasttriallawyers.com\/wp-content\/uploads\/2022\/04\/recent-results-scaled.jpg\",\"contentUrl\":\"https:\/\/westcoasttriallawyers.com\/wp-content\/uploads\/2022\/04\/recent-results-scaled.jpg\",\"width\":2560,\"height\":846},{\"@type\":\"BreadcrumbList\",\"@id\":\"https:\/\/westcoasttriallawyers.com\/es\/referencias-de-abogados#breadcrumb\",\"itemListElement\":[{\"@type\":\"ListItem\",\"position\":1,\"name\":\"Inicio\",\"item\":\"https:\/\/westcoasttriallawyers.com\/es\"},{\"@type\":\"ListItem\",\"position\":2,\"name\":\"Referencias de abogados\"}]},{\"@type\":\"WebSite\",\"@id\":\"https:\/\/westcoasttriallawyers.com\/es#website\",\"url\":\"https:\/\/westcoasttriallawyers.com\/es\",\"name\":\"West Coast Trial Lawyers\",\"description\":\"West Coast Trial Lawyers\",\"publisher\":{\"@id\":\"https:\/\/westcoasttriallawyers.com\/es#organization\"},\"alternateName\":\"WCTL\",\"potentialAction\":[{\"@type\":\"SearchAction\",\"target\":{\"@type\":\"EntryPoint\",\"urlTemplate\":\"https:\/\/westcoasttriallawyers.com\/es?s={search_term_string}\"},\"query-input\":{\"@type\":\"PropertyValueSpecification\",\"valueRequired\":true,\"valueName\":\"search_term_string\"}}],\"inLanguage\":\"es\"},{\"@type\":\"Organization\",\"@id\":\"https:\/\/westcoasttriallawyers.com\/es#organization\",\"name\":\"West Coast Trial Lawyers\",\"alternateName\":\"WCTL\",\"url\":\"https:\/\/westcoasttriallawyers.com\/es\",\"logo\":{\"@type\":\"ImageObject\",\"inLanguage\":\"es\",\"@id\":\"https:\/\/westcoasttriallawyers.com\/es#\/schema\/logo\/image\/\",\"url\":\"https:\/\/westcoasttriallawyers.com\/wp-content\/uploads\/2026\/02\/WCTL-Logo.jpg\",\"contentUrl\":\"https:\/\/westcoasttriallawyers.com\/wp-content\/uploads\/2026\/02\/WCTL-Logo.jpg\",\"width\":696,\"height\":696,\"caption\":\"West Coast Trial Lawyers\"},\"image\":{\"@id\":\"https:\/\/westcoasttriallawyers.com\/es#\/schema\/logo\/image\/\"},\"sameAs\":[\"https:\/\/www.facebook.com\/westcoasttriallawyers\/\",\"https:\/\/x.com\/WestCoastTrial\",\"https:\/\/www.linkedin.com\/company\/west-coast-trial-lawyers\/\",\"https:\/\/www.instagram.com\/westcoasttriallawyers\/\",\"https:\/\/www.yelp.com\/biz\/west-coast-trial-lawyers-los-angeles-2\",\"https:\/\/www.pinterest.com\/westcoasttrial\/\",\"https:\/\/www.youtube.com\/westcoasttriallawyersla\/\",\"https:\/\/www.tiktok.com\/westcoasttriallawyers\"],\"description\":\"West Coast Trial Lawyers is a top-rated personal injury law firm with a goal to provide expert legal representation to those in need. The law firm has offices across California, Nevada, Arizona, and Washington.\",\"legalName\":\"West Coast Trial Lawyers\"}]}<\/script>\n<!-- \/ Yoast SEO Premium plugin. -->","yoast_head_json":{"title":"Referencias De Abogados","robots":{"index":"index","follow":"follow","max-snippet":"max-snippet:-1","max-image-preview":"max-image-preview:large","max-video-preview":"max-video-preview:-1"},"canonical":"https:\/\/westcoasttriallawyers.com\/es\/referencias-de-abogados","og_locale":"es_ES","og_type":"article","og_title":"Referencias de abogados","og_description":"Los Abogados de la Costa Oeste Pueden Trabajar Con Usted Desde su creaci\u00f3n, Abogados de la Costa Oeste ha ocupado el primer lugar como firma de lesiones personales de Los \u00c1ngeles que representa a clientes en todo el estado de California. Nuestros abogados han ganado m\u00e1s de 1.500 millones de d\u00f3lares en acuerdos para sus [&hellip;]","og_url":"https:\/\/westcoasttriallawyers.com\/es\/referencias-de-abogados","og_site_name":"West Coast Trial Lawyers","article_publisher":"https:\/\/www.facebook.com\/westcoasttriallawyers\/","article_modified_time":"2023-10-24T14:42:20+00:00","og_image":[{"width":2560,"height":846,"url":"https:\/\/westcoasttriallawyers.com\/wp-content\/uploads\/2022\/04\/recent-results-scaled.jpg","type":"image\/jpeg"}],"twitter_card":"summary_large_image","twitter_site":"@WestCoastTrial","twitter_misc":{"Tiempo de lectura":"2 minutos"},"schema":{"@context":"https:\/\/schema.org","@graph":[{"@type":["WebPage","ItemPage"],"@id":"https:\/\/westcoasttriallawyers.com\/es\/referencias-de-abogados","url":"https:\/\/westcoasttriallawyers.com\/es\/referencias-de-abogados","name":"Referencias De Abogados","isPartOf":{"@id":"https:\/\/westcoasttriallawyers.com\/es#website"},"primaryImageOfPage":{"@id":"https:\/\/westcoasttriallawyers.com\/es\/referencias-de-abogados#primaryimage"},"image":{"@id":"https:\/\/westcoasttriallawyers.com\/es\/referencias-de-abogados#primaryimage"},"thumbnailUrl":"https:\/\/westcoasttriallawyers.com\/wp-content\/uploads\/2022\/04\/recent-results-scaled.jpg","datePublished":"2022-07-04T12:40:46+00:00","dateModified":"2023-10-24T14:42:20+00:00","breadcrumb":{"@id":"https:\/\/westcoasttriallawyers.com\/es\/referencias-de-abogados#breadcrumb"},"inLanguage":"es","potentialAction":[{"@type":"ReadAction","target":["https:\/\/westcoasttriallawyers.com\/es\/referencias-de-abogados"]}]},{"@type":"ImageObject","inLanguage":"es","@id":"https:\/\/westcoasttriallawyers.com\/es\/referencias-de-abogados#primaryimage","url":"https:\/\/westcoasttriallawyers.com\/wp-content\/uploads\/2022\/04\/recent-results-scaled.jpg","contentUrl":"https:\/\/westcoasttriallawyers.com\/wp-content\/uploads\/2022\/04\/recent-results-scaled.jpg","width":2560,"height":846},{"@type":"BreadcrumbList","@id":"https:\/\/westcoasttriallawyers.com\/es\/referencias-de-abogados#breadcrumb","itemListElement":[{"@type":"ListItem","position":1,"name":"Inicio","item":"https:\/\/westcoasttriallawyers.com\/es"},{"@type":"ListItem","position":2,"name":"Referencias de abogados"}]},{"@type":"WebSite","@id":"https:\/\/westcoasttriallawyers.com\/es#website","url":"https:\/\/westcoasttriallawyers.com\/es","name":"West Coast Trial Lawyers","description":"West Coast Trial Lawyers","publisher":{"@id":"https:\/\/westcoasttriallawyers.com\/es#organization"},"alternateName":"WCTL","potentialAction":[{"@type":"SearchAction","target":{"@type":"EntryPoint","urlTemplate":"https:\/\/westcoasttriallawyers.com\/es?s={search_term_string}"},"query-input":{"@type":"PropertyValueSpecification","valueRequired":true,"valueName":"search_term_string"}}],"inLanguage":"es"},{"@type":"Organization","@id":"https:\/\/westcoasttriallawyers.com\/es#organization","name":"West Coast Trial Lawyers","alternateName":"WCTL","url":"https:\/\/westcoasttriallawyers.com\/es","logo":{"@type":"ImageObject","inLanguage":"es","@id":"https:\/\/westcoasttriallawyers.com\/es#\/schema\/logo\/image\/","url":"https:\/\/westcoasttriallawyers.com\/wp-content\/uploads\/2026\/02\/WCTL-Logo.jpg","contentUrl":"https:\/\/westcoasttriallawyers.com\/wp-content\/uploads\/2026\/02\/WCTL-Logo.jpg","width":696,"height":696,"caption":"West Coast Trial Lawyers"},"image":{"@id":"https:\/\/westcoasttriallawyers.com\/es#\/schema\/logo\/image\/"},"sameAs":["https:\/\/www.facebook.com\/westcoasttriallawyers\/","https:\/\/x.com\/WestCoastTrial","https:\/\/www.linkedin.com\/company\/west-coast-trial-lawyers\/","https:\/\/www.instagram.com\/westcoasttriallawyers\/","https:\/\/www.yelp.com\/biz\/west-coast-trial-lawyers-los-angeles-2","https:\/\/www.pinterest.com\/westcoasttrial\/","https:\/\/www.youtube.com\/westcoasttriallawyersla\/","https:\/\/www.tiktok.com\/westcoasttriallawyers"],"description":"West Coast Trial Lawyers is a top-rated personal injury law firm with a goal to provide expert legal representation to those in need. The law firm has offices across California, Nevada, Arizona, and Washington.","legalName":"West Coast Trial Lawyers"}]}},"_links":{"self":[{"href":"https:\/\/westcoasttriallawyers.com\/es\/wp-json\/wp\/v2\/pages\/9092","targetHints":{"allow":["GET"]}}],"collection":[{"href":"https:\/\/westcoasttriallawyers.com\/es\/wp-json\/wp\/v2\/pages"}],"about":[{"href":"https:\/\/westcoasttriallawyers.com\/es\/wp-json\/wp\/v2\/types\/page"}],"author":[{"embeddable":true,"href":"https:\/\/westcoasttriallawyers.com\/es\/wp-json\/wp\/v2\/users\/470"}],"replies":[{"embeddable":true,"href":"https:\/\/westcoasttriallawyers.com\/es\/wp-json\/wp\/v2\/comments?post=9092"}],"version-history":[{"count":0,"href":"https:\/\/westcoasttriallawyers.com\/es\/wp-json\/wp\/v2\/pages\/9092\/revisions"}],"wp:featuredmedia":[{"embeddable":true,"href":"https:\/\/westcoasttriallawyers.com\/es\/wp-json\/wp\/v2\/media\/8678"}],"wp:attachment":[{"href":"https:\/\/westcoasttriallawyers.com\/es\/wp-json\/wp\/v2\/media?parent=9092"}],"curies":[{"name":"wp","href":"https:\/\/api.w.org\/{rel}","templated":true}]}}