{"id":8836,"date":"2022-04-20T16:53:44","date_gmt":"2022-04-20T16:53:44","guid":{"rendered":"https:\/\/newsitefrom-dev.local\/california-bus-accident-attorney\/"},"modified":"2024-03-25T16:56:24","modified_gmt":"2024-03-25T16:56:24","slug":"abogados-accidentes-autobus-california","status":"publish","type":"page","link":"https:\/\/westcoasttriallawyers.com\/es\/california\/abogados-accidentes-autobus-california","title":{"rendered":"Abogado de accidentes de autob\u00fas en California"},"content":{"rendered":"<div class=\"elementor-column elementor-col-66 elementor-top-column elementor-element elementor-element-0d1db6a\" data-id=\"0d1db6a\" data-element_type=\"column\">\n<div class=\"elementor-widget-wrap elementor-element-populated\">\n<div class=\"elementor-element elementor-element-8bb6e96 elementor-widget elementor-widget-text-editor\" data-id=\"8bb6e96\" data-element_type=\"widget\" data-widget_type=\"text-editor.default\">\n<div class=\"elementor-widget-container\">\n<h2><b>Casos de accidentes de autob\u00fas en California: \u00bfQu\u00e9 tipos de da\u00f1os se otorgan?<\/b><\/h2>\n<p>California ofrece transporte p\u00fablico para proporcionar a las personas viajes diarios confiables y convenientes. Sin embargo, un autob\u00fas no tiene suficientes medidas de seguridad establecidas para reducir la probabilidad de que un pasajero sufra lesiones graves o fatales en caso de un accidente de autob\u00fas. Un autob\u00fas p\u00fablico no tiene cinturones de seguridad y puede requerir que los pasajeros se pongan de pie si no hay asientos disponibles. Esto puede ser preocupante ya que los pasajeros no est\u00e1n equipados con ninguna protecci\u00f3n.<\/p>\n<p>Si usted fue v\u00edctima de un accidente de autob\u00fas y desea emprender acciones legales contra la parte culpable por sus lesiones y da\u00f1os, es posible que tenga derecho a presentar una demanda por lesiones personales. En <strong>Abogados de la Costa Oeste<\/strong>, nuestros abogados calificados en accidentes de autob\u00fas de California tienen m\u00e1s de 60 a\u00f1os de experiencia legal colectiva en el manejo de casos de lesiones personales. Con nuestro historial de recuperaci\u00f3n de m\u00e1s de mil millones de d\u00f3lares en acuerdos para nuestros clientes, estamos seguros de que le obtendremos la compensaci\u00f3n que se merece.<\/p>\n<p>Para programar una consulta gratuita, comun\u00edquese con nuestro equipo legal disponible las 24 horas, los 7 d\u00edas de la semana llamando al <a href=\"tel:2135664509\"><strong>(213) 566-4509<\/strong><\/a> o completando nuestro <a href=\"https:\/\/westcoasttriallawyers.com\/es\/contactenos\"><strong>formulario de contacto<\/strong><\/a>.<\/p>\n<h2><b>Tipos de accidentes de autob\u00fas<\/b><\/h2>\n<h3><b>Accidentes de transporte p\u00fablico<\/b><\/h3>\n<p>Un autob\u00fas p\u00fablico puede ser administrado por una ciudad, condado, estado u otra forma de autoridad regional. Si un conductor de autob\u00fas negligente caus\u00f3 un accidente de autob\u00fas, la v\u00edctima puede presentar un reclamo contra el conductor de autob\u00fas negligente y la entidad gubernamental que est\u00e1 a cargo de operar la l\u00ednea de autob\u00fas.<\/p>\n<p>Cuando se hace un reclamo contra el gobierno, la v\u00edctima debe presentarlo dentro de los\u00a0<b>seis meses<\/b>\u00a0siguientes a la fecha inicial en que ocurri\u00f3 el accidente. Si la v\u00edctima no puede presentar el reclamo antes de la fecha l\u00edmite, ya no calificar\u00e1 para adquirir da\u00f1os recuperables.<\/p>\n<h3><b>Accidentes de autobuses tur\u00edsticos<\/b><\/h3>\n<p>California es un punto de acceso para el turismo, especialmente en ciudades como Los \u00c1ngeles y San Francisco. Los autobuses tur\u00edsticos suelen estar llenos de turistas interesados en recorrer ciudades populares para aprender sobre su historia y cultura. Se requiere que el conductor del autob\u00fas tur\u00edstico mantenga un buen ritmo que permita a los turistas disfrutar de lo que la ciudad tiene para ofrecer. Si el conductor del autob\u00fas tur\u00edstico est\u00e1 cometiendo acciones ilegales, como acelerar o ignorar las leyes de tr\u00e1nsito, ser\u00e1 responsable de los da\u00f1os causados en un accidente de autob\u00fas.<\/p>\n<p>Una empresa de autobuses tur\u00edsticos tambi\u00e9n puede ser responsable de un accidente de autob\u00fas si no cumpli\u00f3 con los deberes exigidos por la ley, como inspeccionar adecuadamente el autob\u00fas tur\u00edstico o contratar conductores de autobuses tur\u00edsticos calificados.<\/p>\n<h3><b>Accidentes de parada de autob\u00fas<\/b><\/h3>\n<p>Las personas que sufrieron lesiones en una parada de autob\u00fas ser\u00e1n elegibles para presentar un reclamo por lesiones personales contra la parte culpable por sus p\u00e9rdidas. La mayor\u00eda de los accidentes en las paradas de autob\u00fas han sido causados por\u00a0<b>conductores negligentes<\/b>. Es responsabilidad de la v\u00edctima reunir pruebas convincentes para demostrar que el conductor fue responsable de los da\u00f1os. Los\u00a0<b>elementos de negligencia<\/b>\u00a0que deben presentarse en un reclamo por lesiones personales incluyen los siguientes:<\/p>\n<ul>\n<li aria-level=\"1\">El demandado le deb\u00eda al demandante un deber de cuidado;<\/li>\n<li aria-level=\"1\">El acusado incumpli\u00f3 su deber de cuidado; y<\/li>\n<li aria-level=\"1\">El demandante sufri\u00f3 lesiones y da\u00f1os debido a las acciones negligentes del demandado.<\/li>\n<\/ul>\n<p>La ubicaci\u00f3n de una parada de autob\u00fas tambi\u00e9n podr\u00eda ser peligrosa. Por ejemplo, se coloc\u00f3 una parada de autob\u00fas en un \u00e1rea donde se han reportado varios accidentes graves o fatales. Una parada de autob\u00fas ubicada en un lugar tan peligroso podr\u00eda aumentar la probabilidad de m\u00e1s lesiones y muertes. La agencia gubernamental a cargo de planificar la ubicaci\u00f3n de esta parada de autob\u00fas podr\u00eda estar involucrada en un reclamo por lesiones personales por permitir que una parada de autob\u00fas contin\u00fae con sus servicios en un \u00e1rea que afecta en gran medida la seguridad de los dem\u00e1s.<\/p>\n<h2><b>\u00bfQu\u00e9 da\u00f1os puede recuperar en un reclamo por accidente de autob\u00fas en California?<\/b><\/h2>\n<p>Si es v\u00edctima de un accidente de autob\u00fas, puede tener derecho a presentar un reclamo por lesiones personales para obtener una compensaci\u00f3n recuperable. Deber\u00e1 buscar asistencia legal de un abogado experto en accidentes de autob\u00fas de California. Evaluar\u00e1n su caso para determinar qu\u00e9 da\u00f1os econ\u00f3micos y no econ\u00f3micos se le deben otorgar.<\/p>\n<p><b>Los da\u00f1os econ\u00f3micos<\/b>\u00a0est\u00e1n destinados a compensar al demandante por las p\u00e9rdidas a las que se puede adjuntar f\u00e1cilmente una cantidad en d\u00f3lares. Se calcula determinando la cantidad de p\u00e9rdidas de bolsillo que una persona agraviada tiene o esperar\u00e1 incurrir como resultado de sus lesiones. Algunos ejemplos de da\u00f1os econ\u00f3micos incluyen gastos m\u00e9dicos, da\u00f1os a la propiedad, salarios perdidos y p\u00e9rdida de la capacidad de generar ingresos.<\/p>\n<p><b>Los da\u00f1os no econ\u00f3micos<\/b>\u00a0est\u00e1n destinados a cubrir p\u00e9rdidas que se consideran subjetivas y no necesariamente cubrir\u00e1n p\u00e9rdidas de bolsillo. Esto puede incluir una compensaci\u00f3n por la p\u00e9rdida del disfrute de la vida, la p\u00e9rdida del consorcio, la angustia emocional y el dolor y el sufrimiento.<\/p>\n<p>El tercer tipo de da\u00f1os que un tribunal de California puede otorgar se conoce como\u00a0<b>da\u00f1os punitivos<\/b>. Los da\u00f1os punitivos tienen la intenci\u00f3n de ser un castigo y solo se otorgan cuando el comportamiento del acusado es especialmente da\u00f1ino.<\/p>\n<h2><b>Los Abogados de la Costa Oeste est\u00e1n aqu\u00ed para ayudar<\/b><\/h2>\n<p>Si ha sufrido lesiones como resultado de la negligencia de alguien o actos deliberados de malicia, tiene derecho a responsabilizar a la parte culpable por sus p\u00e9rdidas. Nuestros abogados de accidentes de autob\u00fas en California en <strong>Abogados de la Costa Oeste<\/strong> pueden recuperar una compensaci\u00f3n por las p\u00e9rdidas que ha sufrido.<\/p>\n<p>Cont\u00e1ctenos hoy llamando al <a href=\"tel:2135664509\"><strong>(213) 566-4509<\/strong><\/a> o completando nuestro <strong><a href=\"https:\/\/westcoasttriallawyers.com\/es\/contactenos\">formulario de contacto<\/a><\/strong>\u00a0para programar una consulta gratuita con nuestro equipo legal experimentado, atento y compasivo.<\/p>\n<\/div>\n<\/div>\n<\/div>\n<\/div>\n<div class=\"elementor-column elementor-col-33 elementor-top-column elementor-element elementor-element-308489c\" data-id=\"308489c\" data-element_type=\"column\">\n<div class=\"elementor-widget-wrap elementor-element-populated\">\n<div class=\"elementor-element elementor-element-1520c2f elementor-widget elementor-widget-sidebar\" data-id=\"1520c2f\" data-element_type=\"widget\" data-widget_type=\"sidebar.default\">\n<div class=\"elementor-widget-container\">\n<section id=\"elementor-library-2\" class=\"widget widget_elementor-library\">\n<div class=\"elementor elementor-9043 elementor-280\" data-elementor-type=\"page\" data-elementor-id=\"9043\">\n<section class=\"elementor-section elementor-top-section elementor-element elementor-element-dd6ed76 sidebarwdgt elementor-hidden-mobile elementor-section-boxed elementor-section-height-default elementor-section-height-default\" data-id=\"dd6ed76\" data-element_type=\"section\">\n<div class=\"elementor-container elementor-column-gap-default\">\n<div class=\"elementor-column elementor-col-100 elementor-top-column elementor-element elementor-element-074c93c\" data-id=\"074c93c\" data-element_type=\"column\" data-settings=\"{&quot;background_background&quot;:&quot;classic&quot;}\">\n<div class=\"elementor-widget-wrap elementor-element-populated\">\n<div class=\"elementor-element elementor-element-7b05b60 elementor-widget__width-auto elementor-widget elementor-widget-heading\" data-id=\"7b05b60\" data-element_type=\"widget\" data-widget_type=\"heading.default\">\n<div class=\"elementor-widget-container\"><\/div>\n<\/div>\n<\/div>\n<\/div>\n<\/div>\n<\/section>\n<\/div>\n<\/section>\n<\/div>\n<\/div>\n<\/div>\n<\/div>\n<p><!-- WCTL_DEBUG: no shortcode in this_content --><\/p>\n","protected":false},"excerpt":{"rendered":"<p>Casos de accidentes de autob\u00fas en California: \u00bfQu\u00e9 tipos de da\u00f1os se otorgan? California ofrece transporte p\u00fablico para proporcionar a las personas viajes diarios confiables y convenientes. Sin embargo, un autob\u00fas no tiene suficientes medidas de seguridad establecidas para reducir la probabilidad de que un pasajero sufra lesiones graves o fatales en caso de un [&hellip;]<\/p>\n","protected":false},"author":470,"featured_media":8837,"parent":43020,"menu_order":704,"comment_status":"closed","ping_status":"closed","template":"","meta":{"inline_featured_image":false,"footnotes":""},"class_list":["post-8836","page","type-page","status-publish","has-post-thumbnail","hentry"],"acf":[],"yoast_head":"<!-- This site is optimized with the Yoast SEO Premium plugin v26.0 (Yoast SEO v26.0) - https:\/\/yoast.com\/wordpress\/plugins\/seo\/ -->\n<title>Abogados de Accidentes de Autob\u00fas en California | Consulta GRATIS<\/title>\n<meta name=\"description\" content=\"Fue lesionado en un accidente de autob\u00fas en California? Estamos aqu\u00ed para ayudarle! Ll\u00e1menos hoy para una consulta gratis.\" \/>\n<meta name=\"robots\" content=\"index, follow, max-snippet:-1, max-image-preview:large, max-video-preview:-1\" \/>\n<link rel=\"canonical\" href=\"https:\/\/westcoasttriallawyers.com\/es\/california\/abogados-accidentes-autobus-california\" \/>\n<meta property=\"og:locale\" content=\"es_ES\" \/>\n<meta property=\"og:type\" content=\"article\" \/>\n<meta property=\"og:title\" content=\"Abogado de accidentes de autob\u00fas en California\" \/>\n<meta property=\"og:description\" content=\"Fue lesionado en un accidente de autob\u00fas en California? Estamos aqu\u00ed para ayudarle! Ll\u00e1menos hoy para una consulta gratis.\" \/>\n<meta property=\"og:url\" content=\"https:\/\/westcoasttriallawyers.com\/es\/california\/abogados-accidentes-autobus-california\" \/>\n<meta property=\"og:site_name\" content=\"West Coast Trial Lawyers\" \/>\n<meta property=\"article:publisher\" content=\"https:\/\/www.facebook.com\/westcoasttriallawyers\/\" \/>\n<meta property=\"article:modified_time\" content=\"2024-03-25T16:56:24+00:00\" \/>\n<meta property=\"og:image\" content=\"https:\/\/westcoasttriallawyers.com\/wp-content\/uploads\/2022\/04\/Bus-Accident-IStock-Photo-fix-1.jpg\" \/>\n\t<meta property=\"og:image:width\" content=\"1024\" \/>\n\t<meta property=\"og:image:height\" content=\"683\" \/>\n\t<meta property=\"og:image:type\" content=\"image\/jpeg\" \/>\n<meta name=\"twitter:card\" content=\"summary_large_image\" \/>\n<meta name=\"twitter:site\" content=\"@WestCoastTrial\" \/>\n<meta name=\"twitter:label1\" content=\"Tiempo de lectura\" \/>\n\t<meta name=\"twitter:data1\" content=\"5 minutos\" \/>\n<script type=\"application\/ld+json\" class=\"yoast-schema-graph\">{\"@context\":\"https:\/\/schema.org\",\"@graph\":[{\"@type\":[\"WebPage\",\"ItemPage\"],\"@id\":\"https:\/\/westcoasttriallawyers.com\/es\/california\/abogados-accidentes-autobus-california\",\"url\":\"https:\/\/westcoasttriallawyers.com\/es\/california\/abogados-accidentes-autobus-california\",\"name\":\"Abogados de Accidentes de Autob\u00fas en California | Consulta GRATIS\",\"isPartOf\":{\"@id\":\"https:\/\/westcoasttriallawyers.com\/es#website\"},\"primaryImageOfPage\":{\"@id\":\"https:\/\/westcoasttriallawyers.com\/es\/california\/abogados-accidentes-autobus-california#primaryimage\"},\"image\":{\"@id\":\"https:\/\/westcoasttriallawyers.com\/es\/california\/abogados-accidentes-autobus-california#primaryimage\"},\"thumbnailUrl\":\"https:\/\/westcoasttriallawyers.com\/wp-content\/uploads\/2022\/04\/Bus-Accident-IStock-Photo-fix-1.jpg\",\"datePublished\":\"2022-04-20T16:53:44+00:00\",\"dateModified\":\"2024-03-25T16:56:24+00:00\",\"description\":\"Fue lesionado en un accidente de autob\u00fas en California? Estamos aqu\u00ed para ayudarle! Ll\u00e1menos hoy para una consulta gratis.\",\"breadcrumb\":{\"@id\":\"https:\/\/westcoasttriallawyers.com\/es\/california\/abogados-accidentes-autobus-california#breadcrumb\"},\"inLanguage\":\"es\",\"potentialAction\":[{\"@type\":\"ReadAction\",\"target\":[\"https:\/\/westcoasttriallawyers.com\/es\/california\/abogados-accidentes-autobus-california\"]}]},{\"@type\":\"ImageObject\",\"inLanguage\":\"es\",\"@id\":\"https:\/\/westcoasttriallawyers.com\/es\/california\/abogados-accidentes-autobus-california#primaryimage\",\"url\":\"https:\/\/westcoasttriallawyers.com\/wp-content\/uploads\/2022\/04\/Bus-Accident-IStock-Photo-fix-1.jpg\",\"contentUrl\":\"https:\/\/westcoasttriallawyers.com\/wp-content\/uploads\/2022\/04\/Bus-Accident-IStock-Photo-fix-1.jpg\",\"width\":1024,\"height\":683},{\"@type\":\"BreadcrumbList\",\"@id\":\"https:\/\/westcoasttriallawyers.com\/es\/california\/abogados-accidentes-autobus-california#breadcrumb\",\"itemListElement\":[{\"@type\":\"ListItem\",\"position\":1,\"name\":\"Inicio\",\"item\":\"https:\/\/westcoasttriallawyers.com\/es\"},{\"@type\":\"ListItem\",\"position\":2,\"name\":\"Abogado de accidentes de autob\u00fas en California\"}]},{\"@type\":\"WebSite\",\"@id\":\"https:\/\/westcoasttriallawyers.com\/es#website\",\"url\":\"https:\/\/westcoasttriallawyers.com\/es\",\"name\":\"West Coast Trial Lawyers\",\"description\":\"West Coast Trial Lawyers\",\"publisher\":{\"@id\":\"https:\/\/westcoasttriallawyers.com\/es#organization\"},\"alternateName\":\"WCTL\",\"potentialAction\":[{\"@type\":\"SearchAction\",\"target\":{\"@type\":\"EntryPoint\",\"urlTemplate\":\"https:\/\/westcoasttriallawyers.com\/es?s={search_term_string}\"},\"query-input\":{\"@type\":\"PropertyValueSpecification\",\"valueRequired\":true,\"valueName\":\"search_term_string\"}}],\"inLanguage\":\"es\"},{\"@type\":\"Organization\",\"@id\":\"https:\/\/westcoasttriallawyers.com\/es#organization\",\"name\":\"West Coast Trial Lawyers\",\"alternateName\":\"WCTL\",\"url\":\"https:\/\/westcoasttriallawyers.com\/es\",\"logo\":{\"@type\":\"ImageObject\",\"inLanguage\":\"es\",\"@id\":\"https:\/\/westcoasttriallawyers.com\/es#\/schema\/logo\/image\/\",\"url\":\"https:\/\/westcoasttriallawyers.com\/wp-content\/uploads\/2026\/02\/WCTL-Logo.jpg\",\"contentUrl\":\"https:\/\/westcoasttriallawyers.com\/wp-content\/uploads\/2026\/02\/WCTL-Logo.jpg\",\"width\":696,\"height\":696,\"caption\":\"West Coast Trial Lawyers\"},\"image\":{\"@id\":\"https:\/\/westcoasttriallawyers.com\/es#\/schema\/logo\/image\/\"},\"sameAs\":[\"https:\/\/www.facebook.com\/westcoasttriallawyers\/\",\"https:\/\/x.com\/WestCoastTrial\",\"https:\/\/www.linkedin.com\/company\/west-coast-trial-lawyers\/\",\"https:\/\/www.instagram.com\/westcoasttriallawyers\/\",\"https:\/\/www.yelp.com\/biz\/west-coast-trial-lawyers-los-angeles-2\",\"https:\/\/www.pinterest.com\/westcoasttrial\/\",\"https:\/\/www.youtube.com\/westcoasttriallawyersla\/\",\"https:\/\/www.tiktok.com\/westcoasttriallawyers\"],\"description\":\"West Coast Trial Lawyers is a top-rated personal injury law firm with a goal to provide expert legal representation to those in need. The law firm has offices across California, Nevada, Arizona, and Washington.\",\"legalName\":\"West Coast Trial Lawyers\"}]}<\/script>\n<!-- \/ Yoast SEO Premium plugin. -->","yoast_head_json":{"title":"Abogados de Accidentes de Autob\u00fas en California | Consulta GRATIS","description":"Fue lesionado en un accidente de autob\u00fas en California? Estamos aqu\u00ed para ayudarle! Ll\u00e1menos hoy para una consulta gratis.","robots":{"index":"index","follow":"follow","max-snippet":"max-snippet:-1","max-image-preview":"max-image-preview:large","max-video-preview":"max-video-preview:-1"},"canonical":"https:\/\/westcoasttriallawyers.com\/es\/california\/abogados-accidentes-autobus-california","og_locale":"es_ES","og_type":"article","og_title":"Abogado de accidentes de autob\u00fas en California","og_description":"Fue lesionado en un accidente de autob\u00fas en California? Estamos aqu\u00ed para ayudarle! Ll\u00e1menos hoy para una consulta gratis.","og_url":"https:\/\/westcoasttriallawyers.com\/es\/california\/abogados-accidentes-autobus-california","og_site_name":"West Coast Trial Lawyers","article_publisher":"https:\/\/www.facebook.com\/westcoasttriallawyers\/","article_modified_time":"2024-03-25T16:56:24+00:00","og_image":[{"width":1024,"height":683,"url":"https:\/\/westcoasttriallawyers.com\/wp-content\/uploads\/2022\/04\/Bus-Accident-IStock-Photo-fix-1.jpg","type":"image\/jpeg"}],"twitter_card":"summary_large_image","twitter_site":"@WestCoastTrial","twitter_misc":{"Tiempo de lectura":"5 minutos"},"schema":{"@context":"https:\/\/schema.org","@graph":[{"@type":["WebPage","ItemPage"],"@id":"https:\/\/westcoasttriallawyers.com\/es\/california\/abogados-accidentes-autobus-california","url":"https:\/\/westcoasttriallawyers.com\/es\/california\/abogados-accidentes-autobus-california","name":"Abogados de Accidentes de Autob\u00fas en California | Consulta GRATIS","isPartOf":{"@id":"https:\/\/westcoasttriallawyers.com\/es#website"},"primaryImageOfPage":{"@id":"https:\/\/westcoasttriallawyers.com\/es\/california\/abogados-accidentes-autobus-california#primaryimage"},"image":{"@id":"https:\/\/westcoasttriallawyers.com\/es\/california\/abogados-accidentes-autobus-california#primaryimage"},"thumbnailUrl":"https:\/\/westcoasttriallawyers.com\/wp-content\/uploads\/2022\/04\/Bus-Accident-IStock-Photo-fix-1.jpg","datePublished":"2022-04-20T16:53:44+00:00","dateModified":"2024-03-25T16:56:24+00:00","description":"Fue lesionado en un accidente de autob\u00fas en California? Estamos aqu\u00ed para ayudarle! Ll\u00e1menos hoy para una consulta gratis.","breadcrumb":{"@id":"https:\/\/westcoasttriallawyers.com\/es\/california\/abogados-accidentes-autobus-california#breadcrumb"},"inLanguage":"es","potentialAction":[{"@type":"ReadAction","target":["https:\/\/westcoasttriallawyers.com\/es\/california\/abogados-accidentes-autobus-california"]}]},{"@type":"ImageObject","inLanguage":"es","@id":"https:\/\/westcoasttriallawyers.com\/es\/california\/abogados-accidentes-autobus-california#primaryimage","url":"https:\/\/westcoasttriallawyers.com\/wp-content\/uploads\/2022\/04\/Bus-Accident-IStock-Photo-fix-1.jpg","contentUrl":"https:\/\/westcoasttriallawyers.com\/wp-content\/uploads\/2022\/04\/Bus-Accident-IStock-Photo-fix-1.jpg","width":1024,"height":683},{"@type":"BreadcrumbList","@id":"https:\/\/westcoasttriallawyers.com\/es\/california\/abogados-accidentes-autobus-california#breadcrumb","itemListElement":[{"@type":"ListItem","position":1,"name":"Inicio","item":"https:\/\/westcoasttriallawyers.com\/es"},{"@type":"ListItem","position":2,"name":"Abogado de accidentes de autob\u00fas en California"}]},{"@type":"WebSite","@id":"https:\/\/westcoasttriallawyers.com\/es#website","url":"https:\/\/westcoasttriallawyers.com\/es","name":"West Coast Trial Lawyers","description":"West Coast Trial Lawyers","publisher":{"@id":"https:\/\/westcoasttriallawyers.com\/es#organization"},"alternateName":"WCTL","potentialAction":[{"@type":"SearchAction","target":{"@type":"EntryPoint","urlTemplate":"https:\/\/westcoasttriallawyers.com\/es?s={search_term_string}"},"query-input":{"@type":"PropertyValueSpecification","valueRequired":true,"valueName":"search_term_string"}}],"inLanguage":"es"},{"@type":"Organization","@id":"https:\/\/westcoasttriallawyers.com\/es#organization","name":"West Coast Trial Lawyers","alternateName":"WCTL","url":"https:\/\/westcoasttriallawyers.com\/es","logo":{"@type":"ImageObject","inLanguage":"es","@id":"https:\/\/westcoasttriallawyers.com\/es#\/schema\/logo\/image\/","url":"https:\/\/westcoasttriallawyers.com\/wp-content\/uploads\/2026\/02\/WCTL-Logo.jpg","contentUrl":"https:\/\/westcoasttriallawyers.com\/wp-content\/uploads\/2026\/02\/WCTL-Logo.jpg","width":696,"height":696,"caption":"West Coast Trial Lawyers"},"image":{"@id":"https:\/\/westcoasttriallawyers.com\/es#\/schema\/logo\/image\/"},"sameAs":["https:\/\/www.facebook.com\/westcoasttriallawyers\/","https:\/\/x.com\/WestCoastTrial","https:\/\/www.linkedin.com\/company\/west-coast-trial-lawyers\/","https:\/\/www.instagram.com\/westcoasttriallawyers\/","https:\/\/www.yelp.com\/biz\/west-coast-trial-lawyers-los-angeles-2","https:\/\/www.pinterest.com\/westcoasttrial\/","https:\/\/www.youtube.com\/westcoasttriallawyersla\/","https:\/\/www.tiktok.com\/westcoasttriallawyers"],"description":"West Coast Trial Lawyers is a top-rated personal injury law firm with a goal to provide expert legal representation to those in need. The law firm has offices across California, Nevada, Arizona, and Washington.","legalName":"West Coast Trial Lawyers"}]}},"_links":{"self":[{"href":"https:\/\/westcoasttriallawyers.com\/es\/wp-json\/wp\/v2\/pages\/8836","targetHints":{"allow":["GET"]}}],"collection":[{"href":"https:\/\/westcoasttriallawyers.com\/es\/wp-json\/wp\/v2\/pages"}],"about":[{"href":"https:\/\/westcoasttriallawyers.com\/es\/wp-json\/wp\/v2\/types\/page"}],"author":[{"embeddable":true,"href":"https:\/\/westcoasttriallawyers.com\/es\/wp-json\/wp\/v2\/users\/470"}],"replies":[{"embeddable":true,"href":"https:\/\/westcoasttriallawyers.com\/es\/wp-json\/wp\/v2\/comments?post=8836"}],"version-history":[{"count":0,"href":"https:\/\/westcoasttriallawyers.com\/es\/wp-json\/wp\/v2\/pages\/8836\/revisions"}],"up":[{"embeddable":true,"href":"https:\/\/westcoasttriallawyers.com\/es\/wp-json\/wp\/v2\/pages\/43020"}],"wp:featuredmedia":[{"embeddable":true,"href":"https:\/\/westcoasttriallawyers.com\/es\/wp-json\/wp\/v2\/media\/8837"}],"wp:attachment":[{"href":"https:\/\/westcoasttriallawyers.com\/es\/wp-json\/wp\/v2\/media?parent=8836"}],"curies":[{"name":"wp","href":"https:\/\/api.w.org\/{rel}","templated":true}]}}