{"id":8822,"date":"2022-04-20T16:19:33","date_gmt":"2022-04-20T16:19:33","guid":{"rendered":"https:\/\/newsitefrom-dev.local\/california-motorcycle-accident-attorney\/"},"modified":"2024-03-19T23:01:13","modified_gmt":"2024-03-19T23:01:13","slug":"abogados-accidentes-motocicleta-california","status":"publish","type":"page","link":"https:\/\/westcoasttriallawyers.com\/es\/california\/abogados-accidentes-motocicleta-california","title":{"rendered":"Abogado de accidentes de motocicleta en California"},"content":{"rendered":"<div class=\"elementor-column elementor-col-66 elementor-top-column elementor-element elementor-element-0d1db6a\" data-id=\"0d1db6a\" data-element_type=\"column\">\n<div class=\"elementor-widget-wrap elementor-element-populated\">\n<div class=\"elementor-element elementor-element-8bb6e96 elementor-widget elementor-widget-text-editor\" data-id=\"8bb6e96\" data-element_type=\"widget\" data-widget_type=\"text-editor.default\">\n<div class=\"elementor-widget-container\">\n<h2><b>\u00bfQui\u00e9n puede ser considerado responsable en un accidente de motocicleta en California?<\/b><\/h2>\n<p>Los accidentes de motocicleta en California ocurren con bastante frecuencia. Se prev\u00e9 que los motociclistas sufran lesiones graves o fatales, ya que no tienen suficiente protecci\u00f3n para defenderse del impacto contundente de otros veh\u00edculos. Como resultado de estas lesiones, es posible que los motociclistas deban recibir tratamiento m\u00e9dico inmediato. Con costosas facturas m\u00e9dicas derivadas de estad\u00edas en el hospital, visitas al m\u00e9dico, recetas de medicamentos o sesiones de terapia, es probable que un motociclista enfrente una carga financiera.<\/p>\n<p>Si el motociclista estaba empleado antes de que ocurriera el accidente, experimentar\u00e1 p\u00e9rdida de salarios, p\u00e9rdida de capacidad de ingresos y otros beneficios para empleados. Enfrentar tantas p\u00e9rdidas tambi\u00e9n puede causar lesiones psicol\u00f3gicas. Esto incluye angustia emocional, p\u00e9rdida del disfrute de la vida y dolor y sufrimiento. Afortunadamente, un motociclista ser\u00e1 elegible para presentar un reclamo por lesiones personales contra la parte culpable para recuperar los da\u00f1os del accidente de motocicleta.<\/p>\n<p>En <strong>Abogados de la Costa Oeste<\/strong>, nuestros abogados calificados en accidentes de motocicleta en California est\u00e1n disponibles para ayudar a las v\u00edctimas de lesiones personales. Tenemos <strong>m\u00e1s de 60 a\u00f1os de experiencia<\/strong> legal colectiva en el manejo de casos de lesiones personales. Con nuestro historial de recuperaci\u00f3n de m\u00e1s de <strong>$1.5 mil millones en acuerdos<\/strong> para nuestros clientes, estamos seguros de que obtendremos un buen resultado en su caso de accidente de motocicleta.<\/p>\n<p>Para programar una consulta gratuita, comun\u00edquese con nuestro equipo legal disponible las 24 horas, los 7 d\u00edas de la semana llamando al <a href=\"tel:2135664509\"><strong>(213) 566-4509<\/strong><\/a>\u00a0o completando nuestro\u00a0<a href=\"https:\/\/westcoasttriallawyers.com\/es\/contactenos\"><b>formulario de contacto<\/b><\/a>.<\/p>\n<h2><b>Responsabilidad por accidentes de motocicleta en California<\/b><\/h2>\n<p>Una o m\u00e1s partes ser\u00e1n responsables de un accidente de motocicleta si se determina que han cometido acciones negligentes. Para adquirir una compensaci\u00f3n recuperable, el demandante debe demostrar que el demandado fue negligente. A continuaci\u00f3n se encuentran los elementos de negligencia que se espera probar en un reclamo por lesiones personales:<\/p>\n<ul>\n<li aria-level=\"1\">El demandado le deb\u00eda al demandante un deber de cuidado;<\/li>\n<li aria-level=\"1\">El acusado incumpli\u00f3 su deber de cuidado; y<\/li>\n<li aria-level=\"1\">Las acciones de negligencia del demandado fueron la causa principal de las lesiones del demandante<\/li>\n<\/ul>\n<p>Un\u00a0<b>conductor negligente<\/b>\u00a0a menudo se encuentra como la causa principal de un accidente automovil\u00edstico, incluidos los accidentes de motocicleta. Los tipos comunes de negligencia que un conductor ha contribuido a los accidentes de motocicleta en California incluyen los siguientes:<\/p>\n<ul>\n<li aria-level=\"1\">Exceso de velocidad<\/li>\n<li aria-level=\"1\">Enviar mensajes de texto y conducir<\/li>\n<li aria-level=\"1\">Conducir somnoliento<\/li>\n<li aria-level=\"1\">Siguiendo demasiado de cerca<\/li>\n<li aria-level=\"1\">Hacer cambios de carril peligrosos<\/li>\n<li aria-level=\"1\">Manejando en estado de ebriedad<\/li>\n<li aria-level=\"1\">No obedecer las leyes de tr\u00e1nsito`<\/li>\n<\/ul>\n<p>Los conductores negligentes no son los \u00fanicos culpables de causar un accidente de motocicleta. Hay varios otros posibles culpables que son capaces de contribuir a las lesiones o da\u00f1os en un accidente de este tipo. Esto incluye:<\/p>\n<ul>\n<li aria-level=\"1\">Fabricante de la moto<\/li>\n<li aria-level=\"1\">Concesionario de autos<\/li>\n<li aria-level=\"1\">T\u00e9cnicos de mantenimiento<\/li>\n<li aria-level=\"1\">Motociclista<\/li>\n<\/ul>\n<p>Las\u00a0<b>malas condiciones de la carretera<\/b>\u00a0tambi\u00e9n pueden ser un factor principal en la causa de un accidente de motocicleta. Si las carreteras no se han construido adecuadamente para que los conductores y ciclistas puedan usarlas de manera segura, es muy probable que ocurra un accidente. Ya sea que falte una se\u00f1al, baches, grietas en el pavimento o zonas de construcci\u00f3n de carreteras no seguras, las agencias gubernamentales tienen la responsabilidad total de garantizar que todas las carreteras sean accesibles para el p\u00fablico de manera segura. Aquellos que no cumplan con estas obligaciones pueden ser considerados responsables por da\u00f1os y perjuicios. Esto incluye:<\/p>\n<ul>\n<li aria-level=\"1\">El Departamento de Transporte de California<\/li>\n<li aria-level=\"1\">Municipios<\/li>\n<li aria-level=\"1\">Otros terceros<\/li>\n<\/ul>\n<p>Por \u00faltimo, las\u00a0<b>malas condiciones clim\u00e1ticas<\/b>\u00a0tambi\u00e9n pueden tener la capacidad de causar un accidente de motocicleta. Las inclemencias del tiempo, como la lluvia o la nieve, pueden dificultar que los motociclistas conduzcan sus veh\u00edculos sin perder el control.<\/p>\n<h2><b>Da\u00f1os recuperables en un accidente de motocicleta en California<\/b><\/h2>\n<p>Si estuvo involucrado en un accidente de motocicleta, puede tener derecho a emprender acciones legales contra la parte culpable por da\u00f1os y perjuicios. Para asegurarse de que todas sus p\u00e9rdidas se tengan en cuenta, su abogado de accidentes de motocicleta en California dividir\u00e1 sus da\u00f1os en dos categor\u00edas: da\u00f1os econ\u00f3micos y da\u00f1os no econ\u00f3micos.<\/p>\n<p><b>Los da\u00f1os econ\u00f3micos<\/b>\u00a0son de naturaleza monetaria. Algunos de los tipos m\u00e1s comunes de da\u00f1os econ\u00f3micos otorgados en reclamos por accidentes de motocicleta incluyen facturas m\u00e9dicas, salarios perdidos, da\u00f1os a la propiedad y p\u00e9rdida de capacidad de ingresos.<\/p>\n<p><b>Los da\u00f1os no econ\u00f3micos<\/b>\u00a0no tienen valor monetario. Su abogado de accidentes de motocicleta en California deber\u00e1 medirlos en consecuencia. Los tipos comunes de da\u00f1os no econ\u00f3micos que probablemente pueda obtener incluyen angustia emocional, p\u00e9rdida de consorcio, p\u00e9rdida del disfrute de la vida y dolor y sufrimiento.<\/p>\n<p>Las v\u00edctimas de un accidente de motocicleta tambi\u00e9n pueden tener derecho a recibir\u00a0<b>da\u00f1os punitivos<\/b>. Los da\u00f1os punitivos se otorgan adem\u00e1s de los da\u00f1os compensatorios para castigar al acusado por cometer un comportamiento negligente o malicioso. En general, los da\u00f1os punitivos son raros y s\u00f3lo pueden otorgarse a discreci\u00f3n del tribunal.<\/p>\n<h2><b>Estatuto de limitaciones de California para accidentes de motocicleta<\/b><\/h2>\n<p>Dado que un accidente de motocicleta se incluye en la categor\u00eda de lesiones personales, se le otorgar\u00e1n dos a\u00f1os a partir de la fecha inicial del incidente para presentar un reclamo. Si excede el plazo, ya no estar\u00e1 calificado para emprender acciones legales contra la otra parte culpable por da\u00f1os y perjuicios. Sin embargo, California permite algunas excepciones que pueden extender la cantidad de tiempo que se le otorga para presentar un reclamo por lesiones personales. Debe ser menor de edad, estar fuera del estado, encarcelado, legalmente loco o incapacitado para que se le conceda una extensi\u00f3n.<\/p>\n<h2><b>Los Abogados de la Costa Oeste est\u00e1n aqu\u00ed para ayudar<\/b><\/h2>\n<p>Si ha sufrido lesiones como resultado de la negligencia de alguien o actos deliberados de malicia, tiene derecho a responsabilizar a la parte culpable por sus p\u00e9rdidas. Nuestros abogados de accidentes de motocicleta en California en West Coast Trial Lawyers pueden recuperar una compensaci\u00f3n por las p\u00e9rdidas que han sufrido.<\/p>\n<p>Cont\u00e1ctenos hoy llamando al<a href=\"tel:2135664509\"><strong> (213) 566-4509<\/strong><\/a>\u00a0o completando nuestro\u00a0<a href=\"https:\/\/westcoasttriallawyers.com\/es\/contactenos\"><b>formulario de contacto<\/b><\/a> para programar una consulta gratuita con nuestro equipo legal experimentado, atento y compasivo.<\/p>\n<\/div>\n<\/div>\n<\/div>\n<\/div>\n<p><!-- WCTL_DEBUG: no shortcode in this_content --><\/p>\n","protected":false},"excerpt":{"rendered":"<p>\u00bfQui\u00e9n puede ser considerado responsable en un accidente de motocicleta en California? Los accidentes de motocicleta en California ocurren con bastante frecuencia. Se prev\u00e9 que los motociclistas sufran lesiones graves o fatales, ya que no tienen suficiente protecci\u00f3n para defenderse del impacto contundente de otros veh\u00edculos. Como resultado de estas lesiones, es posible que los [&hellip;]<\/p>\n","protected":false},"author":470,"featured_media":8823,"parent":43020,"menu_order":678,"comment_status":"closed","ping_status":"closed","template":"","meta":{"inline_featured_image":false,"footnotes":""},"class_list":["post-8822","page","type-page","status-publish","has-post-thumbnail","hentry"],"acf":[],"yoast_head":"<!-- This site is optimized with the Yoast SEO Premium plugin v26.0 (Yoast SEO v26.0) - https:\/\/yoast.com\/wordpress\/plugins\/seo\/ -->\n<title>Abogados de Accidentes de Motocicleta en California | Consulta GRATIS<\/title>\n<meta name=\"description\" content=\"Fue lesionado en un accidente de motocicleta en California por culpa de alguien m\u00e1s? Ll\u00e1menos hoy para recibir una consulta GRATIS!\" \/>\n<meta name=\"robots\" content=\"index, follow, max-snippet:-1, max-image-preview:large, max-video-preview:-1\" \/>\n<link rel=\"canonical\" href=\"https:\/\/westcoasttriallawyers.com\/es\/california\/abogados-accidentes-motocicleta-california\" \/>\n<meta property=\"og:locale\" content=\"es_ES\" \/>\n<meta property=\"og:type\" content=\"article\" \/>\n<meta property=\"og:title\" content=\"Abogado de accidentes de motocicleta en California\" \/>\n<meta property=\"og:description\" content=\"Fue lesionado en un accidente de motocicleta en California por culpa de alguien m\u00e1s? Ll\u00e1menos hoy para recibir una consulta GRATIS!\" \/>\n<meta property=\"og:url\" content=\"https:\/\/westcoasttriallawyers.com\/es\/california\/abogados-accidentes-motocicleta-california\" \/>\n<meta property=\"og:site_name\" content=\"West Coast Trial Lawyers\" \/>\n<meta property=\"article:publisher\" content=\"https:\/\/www.facebook.com\/westcoasttriallawyers\/\" \/>\n<meta property=\"article:modified_time\" content=\"2024-03-19T23:01:13+00:00\" \/>\n<meta property=\"og:image\" content=\"https:\/\/westcoasttriallawyers.com\/wp-content\/uploads\/2022\/04\/banner_motorcycle-2.jpg\" \/>\n\t<meta property=\"og:image:width\" content=\"1920\" \/>\n\t<meta property=\"og:image:height\" content=\"600\" \/>\n\t<meta property=\"og:image:type\" content=\"image\/jpeg\" \/>\n<meta name=\"twitter:card\" content=\"summary_large_image\" \/>\n<meta name=\"twitter:site\" content=\"@WestCoastTrial\" \/>\n<meta name=\"twitter:label1\" content=\"Tiempo de lectura\" \/>\n\t<meta name=\"twitter:data1\" content=\"5 minutos\" \/>\n<script type=\"application\/ld+json\" class=\"yoast-schema-graph\">{\"@context\":\"https:\/\/schema.org\",\"@graph\":[{\"@type\":[\"WebPage\",\"ItemPage\"],\"@id\":\"https:\/\/westcoasttriallawyers.com\/es\/california\/abogados-accidentes-motocicleta-california\",\"url\":\"https:\/\/westcoasttriallawyers.com\/es\/california\/abogados-accidentes-motocicleta-california\",\"name\":\"Abogados de Accidentes de Motocicleta en California | Consulta GRATIS\",\"isPartOf\":{\"@id\":\"https:\/\/westcoasttriallawyers.com\/es#website\"},\"primaryImageOfPage\":{\"@id\":\"https:\/\/westcoasttriallawyers.com\/es\/california\/abogados-accidentes-motocicleta-california#primaryimage\"},\"image\":{\"@id\":\"https:\/\/westcoasttriallawyers.com\/es\/california\/abogados-accidentes-motocicleta-california#primaryimage\"},\"thumbnailUrl\":\"https:\/\/westcoasttriallawyers.com\/wp-content\/uploads\/2022\/04\/banner_motorcycle-2.jpg\",\"datePublished\":\"2022-04-20T16:19:33+00:00\",\"dateModified\":\"2024-03-19T23:01:13+00:00\",\"description\":\"Fue lesionado en un accidente de motocicleta en California por culpa de alguien m\u00e1s? Ll\u00e1menos hoy para recibir una consulta GRATIS!\",\"breadcrumb\":{\"@id\":\"https:\/\/westcoasttriallawyers.com\/es\/california\/abogados-accidentes-motocicleta-california#breadcrumb\"},\"inLanguage\":\"es\",\"potentialAction\":[{\"@type\":\"ReadAction\",\"target\":[\"https:\/\/westcoasttriallawyers.com\/es\/california\/abogados-accidentes-motocicleta-california\"]}]},{\"@type\":\"ImageObject\",\"inLanguage\":\"es\",\"@id\":\"https:\/\/westcoasttriallawyers.com\/es\/california\/abogados-accidentes-motocicleta-california#primaryimage\",\"url\":\"https:\/\/westcoasttriallawyers.com\/wp-content\/uploads\/2022\/04\/banner_motorcycle-2.jpg\",\"contentUrl\":\"https:\/\/westcoasttriallawyers.com\/wp-content\/uploads\/2022\/04\/banner_motorcycle-2.jpg\",\"width\":1920,\"height\":600},{\"@type\":\"BreadcrumbList\",\"@id\":\"https:\/\/westcoasttriallawyers.com\/es\/california\/abogados-accidentes-motocicleta-california#breadcrumb\",\"itemListElement\":[{\"@type\":\"ListItem\",\"position\":1,\"name\":\"Inicio\",\"item\":\"https:\/\/westcoasttriallawyers.com\/es\"},{\"@type\":\"ListItem\",\"position\":2,\"name\":\"Abogado de accidentes de motocicleta en California\"}]},{\"@type\":\"WebSite\",\"@id\":\"https:\/\/westcoasttriallawyers.com\/es#website\",\"url\":\"https:\/\/westcoasttriallawyers.com\/es\",\"name\":\"West Coast Trial Lawyers\",\"description\":\"West Coast Trial Lawyers\",\"publisher\":{\"@id\":\"https:\/\/westcoasttriallawyers.com\/es#organization\"},\"alternateName\":\"WCTL\",\"potentialAction\":[{\"@type\":\"SearchAction\",\"target\":{\"@type\":\"EntryPoint\",\"urlTemplate\":\"https:\/\/westcoasttriallawyers.com\/es?s={search_term_string}\"},\"query-input\":{\"@type\":\"PropertyValueSpecification\",\"valueRequired\":true,\"valueName\":\"search_term_string\"}}],\"inLanguage\":\"es\"},{\"@type\":\"Organization\",\"@id\":\"https:\/\/westcoasttriallawyers.com\/es#organization\",\"name\":\"West Coast Trial Lawyers\",\"alternateName\":\"WCTL\",\"url\":\"https:\/\/westcoasttriallawyers.com\/es\",\"logo\":{\"@type\":\"ImageObject\",\"inLanguage\":\"es\",\"@id\":\"https:\/\/westcoasttriallawyers.com\/es#\/schema\/logo\/image\/\",\"url\":\"https:\/\/westcoasttriallawyers.com\/wp-content\/uploads\/2026\/02\/WCTL-Logo.jpg\",\"contentUrl\":\"https:\/\/westcoasttriallawyers.com\/wp-content\/uploads\/2026\/02\/WCTL-Logo.jpg\",\"width\":696,\"height\":696,\"caption\":\"West Coast Trial Lawyers\"},\"image\":{\"@id\":\"https:\/\/westcoasttriallawyers.com\/es#\/schema\/logo\/image\/\"},\"sameAs\":[\"https:\/\/www.facebook.com\/westcoasttriallawyers\/\",\"https:\/\/x.com\/WestCoastTrial\",\"https:\/\/www.linkedin.com\/company\/west-coast-trial-lawyers\/\",\"https:\/\/www.instagram.com\/westcoasttriallawyers\/\",\"https:\/\/www.yelp.com\/biz\/west-coast-trial-lawyers-los-angeles-2\",\"https:\/\/www.pinterest.com\/westcoasttrial\/\",\"https:\/\/www.youtube.com\/westcoasttriallawyersla\/\",\"https:\/\/www.tiktok.com\/westcoasttriallawyers\"],\"description\":\"West Coast Trial Lawyers is a top-rated personal injury law firm with a goal to provide expert legal representation to those in need. The law firm has offices across California, Nevada, Arizona, and Washington.\",\"legalName\":\"West Coast Trial Lawyers\"}]}<\/script>\n<!-- \/ Yoast SEO Premium plugin. -->","yoast_head_json":{"title":"Abogados de Accidentes de Motocicleta en California | Consulta GRATIS","description":"Fue lesionado en un accidente de motocicleta en California por culpa de alguien m\u00e1s? Ll\u00e1menos hoy para recibir una consulta GRATIS!","robots":{"index":"index","follow":"follow","max-snippet":"max-snippet:-1","max-image-preview":"max-image-preview:large","max-video-preview":"max-video-preview:-1"},"canonical":"https:\/\/westcoasttriallawyers.com\/es\/california\/abogados-accidentes-motocicleta-california","og_locale":"es_ES","og_type":"article","og_title":"Abogado de accidentes de motocicleta en California","og_description":"Fue lesionado en un accidente de motocicleta en California por culpa de alguien m\u00e1s? Ll\u00e1menos hoy para recibir una consulta GRATIS!","og_url":"https:\/\/westcoasttriallawyers.com\/es\/california\/abogados-accidentes-motocicleta-california","og_site_name":"West Coast Trial Lawyers","article_publisher":"https:\/\/www.facebook.com\/westcoasttriallawyers\/","article_modified_time":"2024-03-19T23:01:13+00:00","og_image":[{"width":1920,"height":600,"url":"https:\/\/westcoasttriallawyers.com\/wp-content\/uploads\/2022\/04\/banner_motorcycle-2.jpg","type":"image\/jpeg"}],"twitter_card":"summary_large_image","twitter_site":"@WestCoastTrial","twitter_misc":{"Tiempo de lectura":"5 minutos"},"schema":{"@context":"https:\/\/schema.org","@graph":[{"@type":["WebPage","ItemPage"],"@id":"https:\/\/westcoasttriallawyers.com\/es\/california\/abogados-accidentes-motocicleta-california","url":"https:\/\/westcoasttriallawyers.com\/es\/california\/abogados-accidentes-motocicleta-california","name":"Abogados de Accidentes de Motocicleta en California | Consulta GRATIS","isPartOf":{"@id":"https:\/\/westcoasttriallawyers.com\/es#website"},"primaryImageOfPage":{"@id":"https:\/\/westcoasttriallawyers.com\/es\/california\/abogados-accidentes-motocicleta-california#primaryimage"},"image":{"@id":"https:\/\/westcoasttriallawyers.com\/es\/california\/abogados-accidentes-motocicleta-california#primaryimage"},"thumbnailUrl":"https:\/\/westcoasttriallawyers.com\/wp-content\/uploads\/2022\/04\/banner_motorcycle-2.jpg","datePublished":"2022-04-20T16:19:33+00:00","dateModified":"2024-03-19T23:01:13+00:00","description":"Fue lesionado en un accidente de motocicleta en California por culpa de alguien m\u00e1s? Ll\u00e1menos hoy para recibir una consulta GRATIS!","breadcrumb":{"@id":"https:\/\/westcoasttriallawyers.com\/es\/california\/abogados-accidentes-motocicleta-california#breadcrumb"},"inLanguage":"es","potentialAction":[{"@type":"ReadAction","target":["https:\/\/westcoasttriallawyers.com\/es\/california\/abogados-accidentes-motocicleta-california"]}]},{"@type":"ImageObject","inLanguage":"es","@id":"https:\/\/westcoasttriallawyers.com\/es\/california\/abogados-accidentes-motocicleta-california#primaryimage","url":"https:\/\/westcoasttriallawyers.com\/wp-content\/uploads\/2022\/04\/banner_motorcycle-2.jpg","contentUrl":"https:\/\/westcoasttriallawyers.com\/wp-content\/uploads\/2022\/04\/banner_motorcycle-2.jpg","width":1920,"height":600},{"@type":"BreadcrumbList","@id":"https:\/\/westcoasttriallawyers.com\/es\/california\/abogados-accidentes-motocicleta-california#breadcrumb","itemListElement":[{"@type":"ListItem","position":1,"name":"Inicio","item":"https:\/\/westcoasttriallawyers.com\/es"},{"@type":"ListItem","position":2,"name":"Abogado de accidentes de motocicleta en California"}]},{"@type":"WebSite","@id":"https:\/\/westcoasttriallawyers.com\/es#website","url":"https:\/\/westcoasttriallawyers.com\/es","name":"West Coast Trial Lawyers","description":"West Coast Trial Lawyers","publisher":{"@id":"https:\/\/westcoasttriallawyers.com\/es#organization"},"alternateName":"WCTL","potentialAction":[{"@type":"SearchAction","target":{"@type":"EntryPoint","urlTemplate":"https:\/\/westcoasttriallawyers.com\/es?s={search_term_string}"},"query-input":{"@type":"PropertyValueSpecification","valueRequired":true,"valueName":"search_term_string"}}],"inLanguage":"es"},{"@type":"Organization","@id":"https:\/\/westcoasttriallawyers.com\/es#organization","name":"West Coast Trial Lawyers","alternateName":"WCTL","url":"https:\/\/westcoasttriallawyers.com\/es","logo":{"@type":"ImageObject","inLanguage":"es","@id":"https:\/\/westcoasttriallawyers.com\/es#\/schema\/logo\/image\/","url":"https:\/\/westcoasttriallawyers.com\/wp-content\/uploads\/2026\/02\/WCTL-Logo.jpg","contentUrl":"https:\/\/westcoasttriallawyers.com\/wp-content\/uploads\/2026\/02\/WCTL-Logo.jpg","width":696,"height":696,"caption":"West Coast Trial Lawyers"},"image":{"@id":"https:\/\/westcoasttriallawyers.com\/es#\/schema\/logo\/image\/"},"sameAs":["https:\/\/www.facebook.com\/westcoasttriallawyers\/","https:\/\/x.com\/WestCoastTrial","https:\/\/www.linkedin.com\/company\/west-coast-trial-lawyers\/","https:\/\/www.instagram.com\/westcoasttriallawyers\/","https:\/\/www.yelp.com\/biz\/west-coast-trial-lawyers-los-angeles-2","https:\/\/www.pinterest.com\/westcoasttrial\/","https:\/\/www.youtube.com\/westcoasttriallawyersla\/","https:\/\/www.tiktok.com\/westcoasttriallawyers"],"description":"West Coast Trial Lawyers is a top-rated personal injury law firm with a goal to provide expert legal representation to those in need. The law firm has offices across California, Nevada, Arizona, and Washington.","legalName":"West Coast Trial Lawyers"}]}},"_links":{"self":[{"href":"https:\/\/westcoasttriallawyers.com\/es\/wp-json\/wp\/v2\/pages\/8822","targetHints":{"allow":["GET"]}}],"collection":[{"href":"https:\/\/westcoasttriallawyers.com\/es\/wp-json\/wp\/v2\/pages"}],"about":[{"href":"https:\/\/westcoasttriallawyers.com\/es\/wp-json\/wp\/v2\/types\/page"}],"author":[{"embeddable":true,"href":"https:\/\/westcoasttriallawyers.com\/es\/wp-json\/wp\/v2\/users\/470"}],"replies":[{"embeddable":true,"href":"https:\/\/westcoasttriallawyers.com\/es\/wp-json\/wp\/v2\/comments?post=8822"}],"version-history":[{"count":0,"href":"https:\/\/westcoasttriallawyers.com\/es\/wp-json\/wp\/v2\/pages\/8822\/revisions"}],"up":[{"embeddable":true,"href":"https:\/\/westcoasttriallawyers.com\/es\/wp-json\/wp\/v2\/pages\/43020"}],"wp:featuredmedia":[{"embeddable":true,"href":"https:\/\/westcoasttriallawyers.com\/es\/wp-json\/wp\/v2\/media\/8823"}],"wp:attachment":[{"href":"https:\/\/westcoasttriallawyers.com\/es\/wp-json\/wp\/v2\/media?parent=8822"}],"curies":[{"name":"wp","href":"https:\/\/api.w.org\/{rel}","templated":true}]}}