{"id":8813,"date":"2022-04-20T14:37:02","date_gmt":"2022-04-20T14:37:02","guid":{"rendered":"https:\/\/newsitefrom-dev.local\/california-premises-liability-attorney\/"},"modified":"2024-03-25T17:14:18","modified_gmt":"2024-03-25T17:14:18","slug":"abogados-responsabilidad-locales-california","status":"publish","type":"page","link":"https:\/\/westcoasttriallawyers.com\/es\/california\/abogados-responsabilidad-locales-california","title":{"rendered":"Abogado de Responsabilidad de Locales en California"},"content":{"rendered":"<h2>\u00bfNecesita Representaci\u00f3n Legal? Nuestros abogados de responsabilidad de locales est\u00e1n siempre disponibles para ofrecer asistencia legal<\/h2>\n<p>Los due\u00f1os de propiedades, incluidos aquellos que poseen propiedades privadas y gubernamentales en California, deben cumplir con el deber de cuidar a los hu\u00e9spedes al mantener un entorno seguro libre de peligros potenciales. Sin embargo, si el propietario de una propiedad no cumple con estos requisitos, se enfrentar\u00e1 a demandas de responsabilidad de locales por parte de hu\u00e9spedes lesionados.<\/p>\n<p>Si se lesion\u00f3 mientras estaba en la propiedad de otra persona, es posible que tenga derecho a recibir una compensaci\u00f3n por sus p\u00e9rdidas. Para obtener los mejores resultados, deber\u00e1 buscar la representaci\u00f3n legal de un <strong>abogado calificado en responsabilidad de locales de California. <\/strong>En <strong>Abogados de la Costa Oeste<\/strong> , nuestro equipo legal tiene <strong>m\u00e1s de 60 a\u00f1os de experiencia legal colectiva<\/strong> en el manejo de casos de lesiones personales. Con nuestro historial de <strong>recuperaci\u00f3n de m\u00e1s de 1.5 mil millones de d\u00f3lares en acuerdos<\/strong> para nuestros clientes, estamos seguros de que obtendremos un buen resultado en su caso de responsabilidad civil.<\/p>\n<p>Para programar una <strong>consulta gratuita<\/strong> , puede comunicarse llamando al <a href=\"tel:2135664509\"><strong> (213) 566-4509\u00a0<\/strong><\/a> o completando nuestro <a href=\"https:\/\/westcoasttriallawyers.com\/es\/contactenos\"><strong>formulario de contacto<\/strong><\/a> . Estamos <strong>disponibles las 24 horas<\/strong> del d\u00eda, los 7 d\u00edas de la semana para ofrecer asistencia legal a las v\u00edctimas de lesiones personales.<\/p>\n<h2>Tipos comunes de reclamos de responsabilidad de locales de California<\/h2>\n<p>Los propietarios deben tomar medidas razonables para garantizar que sus invitados est\u00e9n a salvo de posibles riesgos de lesiones mientras se encuentran en sus instalaciones. De lo contrario, el propietario de la propiedad puede enfrentar un reclamo de responsabilidad del local por parte del hu\u00e9sped lesionado.<\/p>\n<p>Los tipos comunes de reclamos de responsabilidad de locales que han ocurrido en California incluyen los siguientes:<\/p>\n<h3><strong>Accidentes por resbalones y ca\u00eddas<\/strong><\/h3>\n<p>Los accidentes por resbalones y ca\u00eddas pueden ocurrir en cualquier lugar. Puede ocurrir en el supermercado, en la casa de un amigo o en el lugar de trabajo. Las superficies mojadas, los pisos da\u00f1ados o los objetos tirados en el piso son algunos de los muchos factores que han contribuido a la causa de un accidente por resbal\u00f3n y ca\u00edda.<\/p>\n<p>Seg\u00fan la <strong>Asociaci\u00f3n Nacional de Seguridad de Pisos (NFSA),<\/strong> el grupo de edad m\u00e1s com\u00fan que experimenta un accidente de resbal\u00f3n y ca\u00edda es el de 65 a 84 a\u00f1os. Para este grupo de edad, las ca\u00eddas son una de las principales causas de lesiones graves o fatales.<\/p>\n<h3><strong>Accidentes en piscinas<\/strong><\/h3>\n<p>Si el due\u00f1o de una propiedad tiene una piscina en sus instalaciones, debe asegurarse de que se tomen todas las medidas razonables para garantizar que nadie sufra lesiones mientras se encuentra dentro o cerca de la piscina. Esto incluye la instalaci\u00f3n de cercas o puertas para evitar que los intrusos accedan f\u00e1cilmente al \u00e1rea. Adem\u00e1s, se deben colocar se\u00f1ales de advertencia en la cerca o puerta para notificar a las personas que existe un peligro potencial.<\/p>\n<p>El propietario de una propiedad puede ser considerado responsable de un accidente en una piscina por no tener se\u00f1ales de advertencia, mantenimiento inadecuado de la piscina, vallas inadecuadas o contrataci\u00f3n de socorristas negligentes.<\/p>\n<h3><strong>Accidentes en tiendas de comestibles<\/strong><\/h3>\n<p>Es probable que ocurran accidentes por resbalones y ca\u00eddas en las tiendas de comestibles. Como los empleados limpian los pisos de vez en cuando, deben dejar se\u00f1ales de advertencia para que los clientes sepan que los pisos est\u00e1n resbaladizos. Sin embargo, hay empleados que pueden olvidarse de colocar el letrero en el \u00e1rea resbaladiza, lo que puede provocar accidentes por resbalones y ca\u00eddas. La lesi\u00f3n m\u00e1s com\u00fan que las personas han sufrido por un accidente de resbal\u00f3n y ca\u00edda en la tienda de comestibles es una fractura de cadera.<\/p>\n<p>La ca\u00edda de objetos tambi\u00e9n ha causado muchos accidentes en las tiendas de comestibles. Cuando los clientes intentan alcanzar art\u00edculos en un estante alto, es probable que uno o m\u00e1s art\u00edculos caigan sobre ellos. En el peor de los casos, un estante completo podr\u00eda caer sobre el cliente, lo que puede provocar lesiones graves o fatales.<\/p>\n<h3><strong>Responsabilidad del producto<\/strong><\/h3>\n<p>Si un fabricante vende un producto defectuoso que provoca un accidente, cualquier entidad involucrada en la cadena del producto compartir\u00e1 un grado de responsabilidad. Los tipos comunes de defectos incluyen los siguientes:<\/p>\n<ul>\n<li>Falta de advertencias de seguridad.<\/li>\n<li>No hay instrucciones de usuario disponibles<\/li>\n<li>Defectos del producto producidos durante el proceso de fabricaci\u00f3n.<\/li>\n<li>Defectos hechos antes de que el producto sea fabricado<\/li>\n<\/ul>\n<h3><strong>Accidentes de ascensores y escaleras mec\u00e1nicas<\/strong><\/h3>\n<p>En la mayor\u00eda de los accidentes de ascensores y escaleras mec\u00e1nicas, el due\u00f1o de la propiedad casi siempre ser\u00e1 responsable por el accidente. Sin embargo, ha habido casos en los que el due\u00f1o de la propiedad ha tomado medidas razonables para mantener adecuadamente sus ascensores y\/o escaleras mec\u00e1nicas, pero aun as\u00ed se produjo un accidente. En este tipo de supuestos, el fabricante, el instalador o la empresa de mantenimiento pueden ser responsables de los da\u00f1os.<\/p>\n<h3><strong>Accidentes de escaleras<\/strong><\/h3>\n<p>El mantenimiento de una propiedad tambi\u00e9n incluye la reparaci\u00f3n de escaleras da\u00f1adas y escalones rotos, as\u00ed como la adopci\u00f3n de medidas razonables para asegurarse de que las escaleras sean seguras para el uso de las personas. Si una persona se cae debido a condiciones peligrosas en las escaleras, el due\u00f1o de la propiedad puede ser responsable de los da\u00f1os resultantes.<\/p>\n<h3><strong>Accidentes en parques de atracciones<\/strong><\/h3>\n<p>Los propietarios de un parque de diversiones deben aplicar medidas razonables para garantizar que todas las atracciones sean seguras para los visitantes. No monitorear cada viaje en busca de da\u00f1os o defectos podr\u00eda causar que uno o m\u00e1s invitados sufran lesiones graves o fatales. El propietario ser\u00e1 responsable de los da\u00f1os causados \u200b\u200bpor su negligencia. Sin embargo, si el propietario observ\u00f3 cuidadosamente cada juego antes de que los invitados ingresaran a las instalaciones, pero uno o m\u00e1s juegos lograron averiarse, cualquier entidad involucrada en la cadena del producto compartir\u00e1 un grado de responsabilidad.<\/p>\n<h2>\u00bfQui\u00e9n puede ser considerado responsable en un reclamo de responsabilidad de locales en California?<\/h2>\n<p>Las v\u00edctimas de un accidente de responsabilidad de locales tienen derecho a presentar una demanda contra la parte culpable por da\u00f1os y perjuicios. <strong>Los posibles culpables<\/strong> pueden incluir a la persona o empresa que posee, alquila, ocupa o controla las instalaciones donde ocurri\u00f3 el incidente.<\/p>\n<p>Los due\u00f1os de propiedades no son completamente capaces de protegerse contra reclamos de responsabilidad de locales adquiriendo un seguro de responsabilidad de locales o delegando deberes relacionados con el mantenimiento a empleados o partes independientes. En general, siempre se requerir\u00e1 que el propietario de una propiedad mantenga un entorno seguro para el ingreso de los invitados, independientemente de si ha asignado este deber a otros.<\/p>\n<p>A menudo, los demandados de una demanda por responsabilidad de locales pueden incluir:<\/p>\n<ul>\n<li>Historias<\/li>\n<li>Empleados<\/li>\n<li>propietarios<\/li>\n<li>Due\u00f1os de negocios<\/li>\n<li>Restaurantes<\/li>\n<li>Inquilinos o arrendatarios<\/li>\n<li>Centros comerciales<\/li>\n<li>La empresa de gesti\u00f3n de la propiedad<\/li>\n<\/ul>\n<h2>Estatuto de limitaciones para un reclamo de responsabilidad de locales<\/h2>\n<p>En California, debe presentar un reclamo de responsabilidad del local dentro de los <strong>dos a\u00f1os<\/strong> a partir de la fecha inicial del accidente de responsabilidad del local. Si excede la fecha l\u00edmite, ya no ser\u00e1 elegible para emprender acciones legales contra el due\u00f1o de la propiedad por da\u00f1os y perjuicios. Sin embargo, hay algunas excepciones que le otorgar\u00e1n una extensi\u00f3n. Debe ser menor de edad, incapacitado, fuera del estado, legalmente loco o encarcelado.<\/p>\n<h2>Da\u00f1os disponibles<\/h2>\n<p>Las v\u00edctimas de un accidente de responsabilidad de locales pueden ser elegibles para presentar un reclamo de responsabilidad de locales para obtener da\u00f1os econ\u00f3micos y no econ\u00f3micos.<\/p>\n<p><strong>Los da\u00f1os econ\u00f3micos<\/strong> est\u00e1n destinados a compensar a la v\u00edctima por p\u00e9rdidas que tienen un valor determinado en d\u00f3lares. Esto incluye salarios perdidos, facturas m\u00e9dicas, p\u00e9rdida de capacidad de ingresos y da\u00f1os a la propiedad.<\/p>\n<p><strong>Los da\u00f1os no econ\u00f3micos<\/strong> est\u00e1n destinados a compensar a una v\u00edctima por p\u00e9rdidas que no necesariamente tienen un valor en d\u00f3lares f\u00e1cil de determinar. Esto puede incluir la p\u00e9rdida del disfrute de la vida, angustia emocional, cicatrices y dolor y sufrimiento.<\/p>\n<p>Si la v\u00edctima muere debido a la negligencia del due\u00f1o de la propiedad, los herederos de la v\u00edctima tendr\u00e1n el derecho legal de presentar una <strong>demanda por muerte injusta<\/strong> contra el due\u00f1o de la propiedad. Los da\u00f1os disponibles por un reclamo por muerte injusta incluyen costos de entierro, gastos funerarios, p\u00e9rdida de consorcio y p\u00e9rdida de apoyo financiero.<\/p>\n<h2>Los Abogados de la Costa Oeste est\u00e1n aqu\u00ed para ayudar<\/h2>\n<p>Si ha sufrido lesiones como resultado de la negligencia de alguien o actos deliberados de malicia, tiene derecho a responsabilizar a la parte culpable por sus p\u00e9rdidas. Nuestros abogados de responsabilidad de locales de California en <b>Abogados de la Costa Oeste <\/b>pueden recuperar una compensaci\u00f3n por las p\u00e9rdidas que ha sufrido.<\/p>\n<p>Cont\u00e1ctenos hoy llamando al <b><a href=\"tel:2135664509\">(213) 566-4509<\/a> <\/b>o completando nuestro <a href=\"https:\/\/westcoasttriallawyers.com\/es\/contactenos\"><strong>formulario de contacto <\/strong><\/a>\u00a0para programar una consulta gratuita con nuestro equipo legal experimentado, atento y compasivo.<br \/>\n<!-- WCTL_DEBUG: no shortcode in this_content --><\/p>\n","protected":false},"excerpt":{"rendered":"<p>\u00bfNecesita Representaci\u00f3n Legal? Nuestros abogados de responsabilidad de locales est\u00e1n siempre disponibles para ofrecer asistencia legal Los due\u00f1os de propiedades, incluidos aquellos que poseen propiedades privadas y gubernamentales en California, deben cumplir con el deber de cuidar a los hu\u00e9spedes al mantener un entorno seguro libre de peligros potenciales. Sin embargo, si el propietario de [&hellip;]<\/p>\n","protected":false},"author":470,"featured_media":8815,"parent":43020,"menu_order":662,"comment_status":"closed","ping_status":"closed","template":"","meta":{"inline_featured_image":false,"footnotes":""},"class_list":["post-8813","page","type-page","status-publish","has-post-thumbnail","hentry"],"acf":[],"yoast_head":"<!-- This site is optimized with the Yoast SEO Premium plugin v26.0 (Yoast SEO v26.0) - https:\/\/yoast.com\/wordpress\/plugins\/seo\/ -->\n<title>Abogados de Responsabilidad de Locales | Consulta GRATIS<\/title>\n<meta name=\"description\" content=\"Se lesion\u00f3 mientras estaba en la propiedad de alguien m\u00e1s? Podr\u00eda tener un caso! Ll\u00e1menos hoy para recibir una consulta gratis.\" \/>\n<meta name=\"robots\" content=\"index, follow, max-snippet:-1, max-image-preview:large, max-video-preview:-1\" \/>\n<link rel=\"canonical\" href=\"https:\/\/westcoasttriallawyers.com\/es\/california\/abogados-responsabilidad-locales-california\" \/>\n<meta property=\"og:locale\" content=\"es_ES\" \/>\n<meta property=\"og:type\" content=\"article\" \/>\n<meta property=\"og:title\" content=\"Abogado de Responsabilidad de Locales en California\" \/>\n<meta property=\"og:description\" content=\"Se lesion\u00f3 mientras estaba en la propiedad de alguien m\u00e1s? Podr\u00eda tener un caso! Ll\u00e1menos hoy para recibir una consulta gratis.\" \/>\n<meta property=\"og:url\" content=\"https:\/\/westcoasttriallawyers.com\/es\/california\/abogados-responsabilidad-locales-california\" \/>\n<meta property=\"og:site_name\" content=\"West Coast Trial Lawyers\" \/>\n<meta property=\"article:publisher\" content=\"https:\/\/www.facebook.com\/westcoasttriallawyers\/\" \/>\n<meta property=\"article:modified_time\" content=\"2024-03-25T17:14:18+00:00\" \/>\n<meta property=\"og:image\" content=\"https:\/\/westcoasttriallawyers.com\/wp-content\/uploads\/2022\/04\/premises-liability-1-1.jpg\" \/>\n\t<meta property=\"og:image:width\" content=\"1920\" \/>\n\t<meta property=\"og:image:height\" content=\"700\" \/>\n\t<meta property=\"og:image:type\" content=\"image\/jpeg\" \/>\n<meta name=\"twitter:card\" content=\"summary_large_image\" \/>\n<meta name=\"twitter:site\" content=\"@WestCoastTrial\" \/>\n<meta name=\"twitter:label1\" content=\"Tiempo de lectura\" \/>\n\t<meta name=\"twitter:data1\" content=\"7 minutos\" \/>\n<script type=\"application\/ld+json\" class=\"yoast-schema-graph\">{\"@context\":\"https:\/\/schema.org\",\"@graph\":[{\"@type\":[\"WebPage\",\"ItemPage\"],\"@id\":\"https:\/\/westcoasttriallawyers.com\/es\/california\/abogados-responsabilidad-locales-california\",\"url\":\"https:\/\/westcoasttriallawyers.com\/es\/california\/abogados-responsabilidad-locales-california\",\"name\":\"Abogados de Responsabilidad de Locales | Consulta GRATIS\",\"isPartOf\":{\"@id\":\"https:\/\/westcoasttriallawyers.com\/es#website\"},\"primaryImageOfPage\":{\"@id\":\"https:\/\/westcoasttriallawyers.com\/es\/california\/abogados-responsabilidad-locales-california#primaryimage\"},\"image\":{\"@id\":\"https:\/\/westcoasttriallawyers.com\/es\/california\/abogados-responsabilidad-locales-california#primaryimage\"},\"thumbnailUrl\":\"https:\/\/westcoasttriallawyers.com\/wp-content\/uploads\/2022\/04\/premises-liability-1-1.jpg\",\"datePublished\":\"2022-04-20T14:37:02+00:00\",\"dateModified\":\"2024-03-25T17:14:18+00:00\",\"description\":\"Se lesion\u00f3 mientras estaba en la propiedad de alguien m\u00e1s? Podr\u00eda tener un caso! Ll\u00e1menos hoy para recibir una consulta gratis.\",\"breadcrumb\":{\"@id\":\"https:\/\/westcoasttriallawyers.com\/es\/california\/abogados-responsabilidad-locales-california#breadcrumb\"},\"inLanguage\":\"es\",\"potentialAction\":[{\"@type\":\"ReadAction\",\"target\":[\"https:\/\/westcoasttriallawyers.com\/es\/california\/abogados-responsabilidad-locales-california\"]}]},{\"@type\":\"ImageObject\",\"inLanguage\":\"es\",\"@id\":\"https:\/\/westcoasttriallawyers.com\/es\/california\/abogados-responsabilidad-locales-california#primaryimage\",\"url\":\"https:\/\/westcoasttriallawyers.com\/wp-content\/uploads\/2022\/04\/premises-liability-1-1.jpg\",\"contentUrl\":\"https:\/\/westcoasttriallawyers.com\/wp-content\/uploads\/2022\/04\/premises-liability-1-1.jpg\",\"width\":1920,\"height\":700},{\"@type\":\"BreadcrumbList\",\"@id\":\"https:\/\/westcoasttriallawyers.com\/es\/california\/abogados-responsabilidad-locales-california#breadcrumb\",\"itemListElement\":[{\"@type\":\"ListItem\",\"position\":1,\"name\":\"Inicio\",\"item\":\"https:\/\/westcoasttriallawyers.com\/es\"},{\"@type\":\"ListItem\",\"position\":2,\"name\":\"Abogado de Responsabilidad de Locales en California\"}]},{\"@type\":\"WebSite\",\"@id\":\"https:\/\/westcoasttriallawyers.com\/es#website\",\"url\":\"https:\/\/westcoasttriallawyers.com\/es\",\"name\":\"West Coast Trial Lawyers\",\"description\":\"West Coast Trial Lawyers\",\"publisher\":{\"@id\":\"https:\/\/westcoasttriallawyers.com\/es#organization\"},\"alternateName\":\"WCTL\",\"potentialAction\":[{\"@type\":\"SearchAction\",\"target\":{\"@type\":\"EntryPoint\",\"urlTemplate\":\"https:\/\/westcoasttriallawyers.com\/es?s={search_term_string}\"},\"query-input\":{\"@type\":\"PropertyValueSpecification\",\"valueRequired\":true,\"valueName\":\"search_term_string\"}}],\"inLanguage\":\"es\"},{\"@type\":\"Organization\",\"@id\":\"https:\/\/westcoasttriallawyers.com\/es#organization\",\"name\":\"West Coast Trial Lawyers\",\"alternateName\":\"WCTL\",\"url\":\"https:\/\/westcoasttriallawyers.com\/es\",\"logo\":{\"@type\":\"ImageObject\",\"inLanguage\":\"es\",\"@id\":\"https:\/\/westcoasttriallawyers.com\/es#\/schema\/logo\/image\/\",\"url\":\"https:\/\/westcoasttriallawyers.com\/wp-content\/uploads\/2026\/02\/WCTL-Logo.jpg\",\"contentUrl\":\"https:\/\/westcoasttriallawyers.com\/wp-content\/uploads\/2026\/02\/WCTL-Logo.jpg\",\"width\":696,\"height\":696,\"caption\":\"West Coast Trial Lawyers\"},\"image\":{\"@id\":\"https:\/\/westcoasttriallawyers.com\/es#\/schema\/logo\/image\/\"},\"sameAs\":[\"https:\/\/www.facebook.com\/westcoasttriallawyers\/\",\"https:\/\/x.com\/WestCoastTrial\",\"https:\/\/www.linkedin.com\/company\/west-coast-trial-lawyers\/\",\"https:\/\/www.instagram.com\/westcoasttriallawyers\/\",\"https:\/\/www.yelp.com\/biz\/west-coast-trial-lawyers-los-angeles-2\",\"https:\/\/www.pinterest.com\/westcoasttrial\/\",\"https:\/\/www.youtube.com\/westcoasttriallawyersla\/\",\"https:\/\/www.tiktok.com\/westcoasttriallawyers\"],\"description\":\"West Coast Trial Lawyers is a top-rated personal injury law firm with a goal to provide expert legal representation to those in need. The law firm has offices across California, Nevada, Arizona, and Washington.\",\"legalName\":\"West Coast Trial Lawyers\"}]}<\/script>\n<!-- \/ Yoast SEO Premium plugin. -->","yoast_head_json":{"title":"Abogados de Responsabilidad de Locales | Consulta GRATIS","description":"Se lesion\u00f3 mientras estaba en la propiedad de alguien m\u00e1s? Podr\u00eda tener un caso! Ll\u00e1menos hoy para recibir una consulta gratis.","robots":{"index":"index","follow":"follow","max-snippet":"max-snippet:-1","max-image-preview":"max-image-preview:large","max-video-preview":"max-video-preview:-1"},"canonical":"https:\/\/westcoasttriallawyers.com\/es\/california\/abogados-responsabilidad-locales-california","og_locale":"es_ES","og_type":"article","og_title":"Abogado de Responsabilidad de Locales en California","og_description":"Se lesion\u00f3 mientras estaba en la propiedad de alguien m\u00e1s? Podr\u00eda tener un caso! Ll\u00e1menos hoy para recibir una consulta gratis.","og_url":"https:\/\/westcoasttriallawyers.com\/es\/california\/abogados-responsabilidad-locales-california","og_site_name":"West Coast Trial Lawyers","article_publisher":"https:\/\/www.facebook.com\/westcoasttriallawyers\/","article_modified_time":"2024-03-25T17:14:18+00:00","og_image":[{"width":1920,"height":700,"url":"https:\/\/westcoasttriallawyers.com\/wp-content\/uploads\/2022\/04\/premises-liability-1-1.jpg","type":"image\/jpeg"}],"twitter_card":"summary_large_image","twitter_site":"@WestCoastTrial","twitter_misc":{"Tiempo de lectura":"7 minutos"},"schema":{"@context":"https:\/\/schema.org","@graph":[{"@type":["WebPage","ItemPage"],"@id":"https:\/\/westcoasttriallawyers.com\/es\/california\/abogados-responsabilidad-locales-california","url":"https:\/\/westcoasttriallawyers.com\/es\/california\/abogados-responsabilidad-locales-california","name":"Abogados de Responsabilidad de Locales | Consulta GRATIS","isPartOf":{"@id":"https:\/\/westcoasttriallawyers.com\/es#website"},"primaryImageOfPage":{"@id":"https:\/\/westcoasttriallawyers.com\/es\/california\/abogados-responsabilidad-locales-california#primaryimage"},"image":{"@id":"https:\/\/westcoasttriallawyers.com\/es\/california\/abogados-responsabilidad-locales-california#primaryimage"},"thumbnailUrl":"https:\/\/westcoasttriallawyers.com\/wp-content\/uploads\/2022\/04\/premises-liability-1-1.jpg","datePublished":"2022-04-20T14:37:02+00:00","dateModified":"2024-03-25T17:14:18+00:00","description":"Se lesion\u00f3 mientras estaba en la propiedad de alguien m\u00e1s? Podr\u00eda tener un caso! Ll\u00e1menos hoy para recibir una consulta gratis.","breadcrumb":{"@id":"https:\/\/westcoasttriallawyers.com\/es\/california\/abogados-responsabilidad-locales-california#breadcrumb"},"inLanguage":"es","potentialAction":[{"@type":"ReadAction","target":["https:\/\/westcoasttriallawyers.com\/es\/california\/abogados-responsabilidad-locales-california"]}]},{"@type":"ImageObject","inLanguage":"es","@id":"https:\/\/westcoasttriallawyers.com\/es\/california\/abogados-responsabilidad-locales-california#primaryimage","url":"https:\/\/westcoasttriallawyers.com\/wp-content\/uploads\/2022\/04\/premises-liability-1-1.jpg","contentUrl":"https:\/\/westcoasttriallawyers.com\/wp-content\/uploads\/2022\/04\/premises-liability-1-1.jpg","width":1920,"height":700},{"@type":"BreadcrumbList","@id":"https:\/\/westcoasttriallawyers.com\/es\/california\/abogados-responsabilidad-locales-california#breadcrumb","itemListElement":[{"@type":"ListItem","position":1,"name":"Inicio","item":"https:\/\/westcoasttriallawyers.com\/es"},{"@type":"ListItem","position":2,"name":"Abogado de Responsabilidad de Locales en California"}]},{"@type":"WebSite","@id":"https:\/\/westcoasttriallawyers.com\/es#website","url":"https:\/\/westcoasttriallawyers.com\/es","name":"West Coast Trial Lawyers","description":"West Coast Trial Lawyers","publisher":{"@id":"https:\/\/westcoasttriallawyers.com\/es#organization"},"alternateName":"WCTL","potentialAction":[{"@type":"SearchAction","target":{"@type":"EntryPoint","urlTemplate":"https:\/\/westcoasttriallawyers.com\/es?s={search_term_string}"},"query-input":{"@type":"PropertyValueSpecification","valueRequired":true,"valueName":"search_term_string"}}],"inLanguage":"es"},{"@type":"Organization","@id":"https:\/\/westcoasttriallawyers.com\/es#organization","name":"West Coast Trial Lawyers","alternateName":"WCTL","url":"https:\/\/westcoasttriallawyers.com\/es","logo":{"@type":"ImageObject","inLanguage":"es","@id":"https:\/\/westcoasttriallawyers.com\/es#\/schema\/logo\/image\/","url":"https:\/\/westcoasttriallawyers.com\/wp-content\/uploads\/2026\/02\/WCTL-Logo.jpg","contentUrl":"https:\/\/westcoasttriallawyers.com\/wp-content\/uploads\/2026\/02\/WCTL-Logo.jpg","width":696,"height":696,"caption":"West Coast Trial Lawyers"},"image":{"@id":"https:\/\/westcoasttriallawyers.com\/es#\/schema\/logo\/image\/"},"sameAs":["https:\/\/www.facebook.com\/westcoasttriallawyers\/","https:\/\/x.com\/WestCoastTrial","https:\/\/www.linkedin.com\/company\/west-coast-trial-lawyers\/","https:\/\/www.instagram.com\/westcoasttriallawyers\/","https:\/\/www.yelp.com\/biz\/west-coast-trial-lawyers-los-angeles-2","https:\/\/www.pinterest.com\/westcoasttrial\/","https:\/\/www.youtube.com\/westcoasttriallawyersla\/","https:\/\/www.tiktok.com\/westcoasttriallawyers"],"description":"West Coast Trial Lawyers is a top-rated personal injury law firm with a goal to provide expert legal representation to those in need. The law firm has offices across California, Nevada, Arizona, and Washington.","legalName":"West Coast Trial Lawyers"}]}},"_links":{"self":[{"href":"https:\/\/westcoasttriallawyers.com\/es\/wp-json\/wp\/v2\/pages\/8813","targetHints":{"allow":["GET"]}}],"collection":[{"href":"https:\/\/westcoasttriallawyers.com\/es\/wp-json\/wp\/v2\/pages"}],"about":[{"href":"https:\/\/westcoasttriallawyers.com\/es\/wp-json\/wp\/v2\/types\/page"}],"author":[{"embeddable":true,"href":"https:\/\/westcoasttriallawyers.com\/es\/wp-json\/wp\/v2\/users\/470"}],"replies":[{"embeddable":true,"href":"https:\/\/westcoasttriallawyers.com\/es\/wp-json\/wp\/v2\/comments?post=8813"}],"version-history":[{"count":0,"href":"https:\/\/westcoasttriallawyers.com\/es\/wp-json\/wp\/v2\/pages\/8813\/revisions"}],"up":[{"embeddable":true,"href":"https:\/\/westcoasttriallawyers.com\/es\/wp-json\/wp\/v2\/pages\/43020"}],"wp:featuredmedia":[{"embeddable":true,"href":"https:\/\/westcoasttriallawyers.com\/es\/wp-json\/wp\/v2\/media\/8815"}],"wp:attachment":[{"href":"https:\/\/westcoasttriallawyers.com\/es\/wp-json\/wp\/v2\/media?parent=8813"}],"curies":[{"name":"wp","href":"https:\/\/api.w.org\/{rel}","templated":true}]}}