{"id":8673,"date":"2026-01-13T20:41:16","date_gmt":"2026-01-13T20:41:16","guid":{"rendered":"https:\/\/newsitefrom-dev.local\/los-angeles-dog-bite-lawyer\/"},"modified":"2026-01-21T14:28:41","modified_gmt":"2026-01-21T14:28:41","slug":"abogado-de-mordida-de-perro-en-los-angeles","status":"publish","type":"page","link":"https:\/\/westcoasttriallawyers.com\/es\/california\/los-angeles\/abogado-de-mordida-de-perro-en-los-angeles","title":{"rendered":"Abogado de Mordida de Perro en Los Angeles"},"content":{"rendered":"<h2>Abogado de Mordedura de perro en Los Angeles<\/h2>\n<p>Ser atacado por un perro puede ser un evento extremadamente traum\u00e1tico. Muchas mordeduras de perro son de perros que conocen a sus v\u00edctimas y a menudo ocurren cuando el animal est\u00e1 sorprendido o asustado. Independientemente de si el perro es extra\u00f1o o conocido, las lesiones de mordedura de perro pueden ser muy dolorosas y a menudo requieren un tratamiento m\u00e9dico extenso y costoso. Miles de estadounidenses son mordidos por perros cada a\u00f1o, y la mayor\u00eda de estas v\u00edctimas son ni\u00f1os. Las visitas a las salas de emergencia suelen ser necesarias para prevenir infecciones y enfermedades contagiosas peligrosas. Las cirug\u00edas reconstructivas son necesarias cuando las v\u00edctimas sufren laceraciones profundas. Independientemente del grado de la lesi\u00f3n de la mordedura de perro, siempre es mejor buscar atenci\u00f3n m\u00e9dica inmediata.<\/p>\n<h2>Leyes de la mordedura del perro de California<\/h2>\n<p>Como en la mayor\u00eda de los estados, California ha promulgado leyes espec\u00edficas que referentes a la responsabilidad de los due\u00f1os de perros cuando una persona es mordida por su perro. Mientras que un n\u00famero de estados requieren que un perro debe haber mordido a otra persona por lo menos una vez antes de que una v\u00edctima pueda archivar una demanda contra el due\u00f1o, California no sigue la regla de la \u00abuna mordedura.\u00bb Bajo la Secci\u00f3n 3342 del C\u00f3digo Civil de California, el due\u00f1o de un perro ser\u00e1 considerado estrictamente responsable de lesiones cuando su perro muerda a otra persona. Mientras la v\u00edctima est\u00e9 en un lugar p\u00fablico o legalmente en propiedad privada, incluyendo la propiedad del due\u00f1o del perro, el due\u00f1o del perro ser\u00e1 autom\u00e1ticamente responsable de cualquier da\u00f1o que la v\u00edctima sufra por el ataque. Esto significa que incluso si el animal nunca ha actuado violentamente en el pasado y su due\u00f1o no ten\u00eda conocimiento de las tendencias violentas del perro, el propietario seguir\u00e1 siendo considerado responsable en virtud de la ley de California.<\/p>\n<h2>Compensaci\u00f3n Para V\u00edctimas de Mordedura de Perro<\/h2>\n<p>Un experimentado abogado en mordedura de perro de Los \u00c1ngeles puede ayudar a las v\u00edctimas a cobrar la compensaci\u00f3n que merecen por sus lesiones y que sigan adelante con sus vidas. Las v\u00edctimas de mordedura de perro tienen derecho a recibir la siguiente compensaci\u00f3n:<\/p>\n<ul>\n<li>Costo de Gastos M\u00e9dicos Pasados y Futuros<\/li>\n<li>P\u00e9rdida de Ingresos Pasados y Futuros<\/li>\n<li>P\u00e9rdida de Capacidad de Ganancia<\/li>\n<li>Dolor y Sufrimiento<\/li>\n<li>Estr\u00e9s Emocional<\/li>\n<li>P\u00e9rdida de Gozo de la Vida<\/li>\n<li>P\u00e9rdida de Consorcio<\/li>\n<li>Desfiguraci\u00f3n<\/li>\n<li>Humillaci\u00f3n<\/li>\n<\/ul>\n<h2>Discuta su Caso con Nuestro Equipo Legal Experimentado<\/h2>\n<p>Tener un abogado de mordedura de perro h\u00e1bil en Los \u00c1ngeles en su lado puede ayudarle a obtener la compensaci\u00f3n que se merece. Los abogados de West Coast Trial Lawyers est\u00e1n completamente preparados para luchar por los derechos de las v\u00edctimas que han sufrido lesiones por mordeduras de perro. Nuestros abogados son abogados de primer nivel que saben c\u00f3mo recuperar una m\u00e1xima compensaci\u00f3n cuando usted o su ser querido son mordidos por un perro. Al contratar a West Coast Trial Lawyers, nos encargaremos de todo, desde el principio hasta el final. Nuestro equipo legal escuchar\u00e1 cuidadosamente su historia y indicara todas las opciones disponibles para usted. Responderemos a todas sus preguntas y nos aseguraremos de que usted entienda todo lo que est\u00e1 sucediendo a lo largo de su caso.<\/p>\n<p>Si usted o su ser querido es lesionado debido a una mordedura de perro, West Coast Trial Lawyers puede ayudarle a obtener la compensaci\u00f3n que se merece por sus facturas m\u00e9dicas, su perdidas de ganancia y su dolor y sufrimiento. P\u00f3ngase en contacto con nosotros hoy para una consulta gratuita. Nosotros manejamos nuestros casos con una base de honorarios contingente, lo que significa que solo nos pagar\u00e1 si recibimos una compensaci\u00f3n para usted. Puede comunicarse con nuestro equipo legal las 24 horas del d\u00eda llamando al <a href=\"tel:213-927-3700\"><strong>213-927-3700<\/strong><\/a><a href=\"tel:213-927-3700\"><strong>&nbsp;<\/strong><\/a>o enviando un correo electr\u00f3nico a <a href=\"mailto:info@westcoasttriallawyers.com\">info@westcoasttriallawyers.com<\/a>.<br \/>\n<!-- WCTL_DEBUG: replaced in the_content --><\/p>\n","protected":false},"excerpt":{"rendered":"<p>Abogado de Mordedura de perro en Los Angeles Ser atacado por un perro puede ser un evento extremadamente traum\u00e1tico. Muchas mordeduras de perro son de perros que conocen a sus v\u00edctimas y a menudo ocurren cuando el animal est\u00e1 sorprendido o asustado. Independientemente de si el perro es extra\u00f1o o conocido, las lesiones de mordedura [&hellip;]<\/p>\n","protected":false},"author":475,"featured_media":45444,"parent":47283,"menu_order":0,"comment_status":"closed","ping_status":"closed","template":"","meta":{"inline_featured_image":false,"footnotes":""},"class_list":["post-8673","page","type-page","status-publish","has-post-thumbnail","hentry"],"acf":[],"yoast_head":"<!-- This site is optimized with the Yoast SEO Premium plugin v26.0 (Yoast SEO v26.0) - https:\/\/yoast.com\/wordpress\/plugins\/seo\/ -->\n<title>Abogado de Mordida de Perro en Los Angeles | West Coast Trial Lawyers<\/title>\n<meta name=\"robots\" content=\"index, follow, max-snippet:-1, max-image-preview:large, max-video-preview:-1\" \/>\n<link rel=\"canonical\" href=\"https:\/\/westcoasttriallawyers.com\/es\/california\/los-angeles\/abogado-de-mordida-de-perro-en-los-angeles\" \/>\n<meta property=\"og:locale\" content=\"es_ES\" \/>\n<meta property=\"og:type\" content=\"article\" \/>\n<meta property=\"og:title\" content=\"Abogado de Mordida de Perro en Los Angeles\" \/>\n<meta property=\"og:description\" content=\"Abogado de Mordedura de perro en Los Angeles Ser atacado por un perro puede ser un evento extremadamente traum\u00e1tico. Muchas mordeduras de perro son de perros que conocen a sus v\u00edctimas y a menudo ocurren cuando el animal est\u00e1 sorprendido o asustado. Independientemente de si el perro es extra\u00f1o o conocido, las lesiones de mordedura [&hellip;]\" \/>\n<meta property=\"og:url\" content=\"https:\/\/westcoasttriallawyers.com\/es\/california\/los-angeles\/abogado-de-mordida-de-perro-en-los-angeles\" \/>\n<meta property=\"og:site_name\" content=\"West Coast Trial Lawyers\" \/>\n<meta property=\"article:publisher\" content=\"https:\/\/www.facebook.com\/westcoasttriallawyers\/\" \/>\n<meta property=\"article:modified_time\" content=\"2026-01-21T14:28:41+00:00\" \/>\n<meta property=\"og:image\" content=\"https:\/\/westcoasttriallawyers.com\/wp-content\/uploads\/2025\/07\/recent-results-scaled-1-15.webp\" \/>\n\t<meta property=\"og:image:width\" content=\"557\" \/>\n\t<meta property=\"og:image:height\" content=\"328\" \/>\n\t<meta property=\"og:image:type\" content=\"image\/webp\" \/>\n<meta name=\"twitter:card\" content=\"summary_large_image\" \/>\n<meta name=\"twitter:site\" content=\"@WestCoastTrial\" \/>\n<meta name=\"twitter:label1\" content=\"Tiempo de lectura\" \/>\n\t<meta name=\"twitter:data1\" content=\"10 minutos\" \/>\n<script type=\"application\/ld+json\" class=\"yoast-schema-graph\">{\"@context\":\"https:\/\/schema.org\",\"@graph\":[{\"@type\":[\"WebPage\",\"ItemPage\"],\"@id\":\"https:\/\/westcoasttriallawyers.com\/es\/california\/los-angeles\/abogado-de-mordida-de-perro-en-los-angeles\",\"url\":\"https:\/\/westcoasttriallawyers.com\/es\/california\/los-angeles\/abogado-de-mordida-de-perro-en-los-angeles\",\"name\":\"Abogado de Mordida de Perro en Los Angeles | West Coast Trial Lawyers\",\"isPartOf\":{\"@id\":\"https:\/\/westcoasttriallawyers.com\/es#website\"},\"primaryImageOfPage\":{\"@id\":\"https:\/\/westcoasttriallawyers.com\/es\/california\/los-angeles\/abogado-de-mordida-de-perro-en-los-angeles#primaryimage\"},\"image\":{\"@id\":\"https:\/\/westcoasttriallawyers.com\/es\/california\/los-angeles\/abogado-de-mordida-de-perro-en-los-angeles#primaryimage\"},\"thumbnailUrl\":\"https:\/\/westcoasttriallawyers.com\/wp-content\/uploads\/2025\/07\/recent-results-scaled-1-15.webp\",\"datePublished\":\"2026-01-13T20:41:16+00:00\",\"dateModified\":\"2026-01-21T14:28:41+00:00\",\"breadcrumb\":{\"@id\":\"https:\/\/westcoasttriallawyers.com\/es\/california\/los-angeles\/abogado-de-mordida-de-perro-en-los-angeles#breadcrumb\"},\"inLanguage\":\"es\",\"potentialAction\":[{\"@type\":\"ReadAction\",\"target\":[\"https:\/\/westcoasttriallawyers.com\/es\/california\/los-angeles\/abogado-de-mordida-de-perro-en-los-angeles\"]}]},{\"@type\":\"ImageObject\",\"inLanguage\":\"es\",\"@id\":\"https:\/\/westcoasttriallawyers.com\/es\/california\/los-angeles\/abogado-de-mordida-de-perro-en-los-angeles#primaryimage\",\"url\":\"https:\/\/westcoasttriallawyers.com\/wp-content\/uploads\/2025\/07\/recent-results-scaled-1-15.webp\",\"contentUrl\":\"https:\/\/westcoasttriallawyers.com\/wp-content\/uploads\/2025\/07\/recent-results-scaled-1-15.webp\",\"width\":557,\"height\":328},{\"@type\":\"BreadcrumbList\",\"@id\":\"https:\/\/westcoasttriallawyers.com\/es\/california\/los-angeles\/abogado-de-mordida-de-perro-en-los-angeles#breadcrumb\",\"itemListElement\":[{\"@type\":\"ListItem\",\"position\":1,\"name\":\"Inicio\",\"item\":\"https:\/\/westcoasttriallawyers.com\/es\"},{\"@type\":\"ListItem\",\"position\":2,\"name\":\"California\",\"item\":\"https:\/\/westcoasttriallawyers.com\/es\/california\"},{\"@type\":\"ListItem\",\"position\":3,\"name\":\"Los Angeles\",\"item\":\"https:\/\/westcoasttriallawyers.com\/es\/california\/los-angeles\"},{\"@type\":\"ListItem\",\"position\":4,\"name\":\"Abogado de Mordida de Perro en Los Angeles\"}]},{\"@type\":\"WebSite\",\"@id\":\"https:\/\/westcoasttriallawyers.com\/es#website\",\"url\":\"https:\/\/westcoasttriallawyers.com\/es\",\"name\":\"West Coast Trial Lawyers\",\"description\":\"West Coast Trial Lawyers\",\"publisher\":{\"@id\":\"https:\/\/westcoasttriallawyers.com\/es#organization\"},\"alternateName\":\"WCTL\",\"potentialAction\":[{\"@type\":\"SearchAction\",\"target\":{\"@type\":\"EntryPoint\",\"urlTemplate\":\"https:\/\/westcoasttriallawyers.com\/es?s={search_term_string}\"},\"query-input\":{\"@type\":\"PropertyValueSpecification\",\"valueRequired\":true,\"valueName\":\"search_term_string\"}}],\"inLanguage\":\"es\"},{\"@type\":\"Organization\",\"@id\":\"https:\/\/westcoasttriallawyers.com\/es#organization\",\"name\":\"West Coast Trial Lawyers\",\"alternateName\":\"WCTL\",\"url\":\"https:\/\/westcoasttriallawyers.com\/es\",\"logo\":{\"@type\":\"ImageObject\",\"inLanguage\":\"es\",\"@id\":\"https:\/\/westcoasttriallawyers.com\/es#\/schema\/logo\/image\/\",\"url\":\"https:\/\/westcoasttriallawyers.com\/wp-content\/uploads\/2026\/02\/WCTL-Logo.jpg\",\"contentUrl\":\"https:\/\/westcoasttriallawyers.com\/wp-content\/uploads\/2026\/02\/WCTL-Logo.jpg\",\"width\":696,\"height\":696,\"caption\":\"West Coast Trial Lawyers\"},\"image\":{\"@id\":\"https:\/\/westcoasttriallawyers.com\/es#\/schema\/logo\/image\/\"},\"sameAs\":[\"https:\/\/www.facebook.com\/westcoasttriallawyers\/\",\"https:\/\/x.com\/WestCoastTrial\",\"https:\/\/www.linkedin.com\/company\/west-coast-trial-lawyers\/\",\"https:\/\/www.instagram.com\/westcoasttriallawyers\/\",\"https:\/\/www.yelp.com\/biz\/west-coast-trial-lawyers-los-angeles-2\",\"https:\/\/www.pinterest.com\/westcoasttrial\/\",\"https:\/\/www.youtube.com\/westcoasttriallawyersla\/\",\"https:\/\/www.tiktok.com\/westcoasttriallawyers\"],\"description\":\"West Coast Trial Lawyers is a top-rated personal injury law firm with a goal to provide expert legal representation to those in need. The law firm has offices across California, Nevada, Arizona, and Washington.\",\"legalName\":\"West Coast Trial Lawyers\"}]}<\/script>\n<!-- \/ Yoast SEO Premium plugin. -->","yoast_head_json":{"title":"Abogado de Mordida de Perro en Los Angeles | West Coast Trial Lawyers","robots":{"index":"index","follow":"follow","max-snippet":"max-snippet:-1","max-image-preview":"max-image-preview:large","max-video-preview":"max-video-preview:-1"},"canonical":"https:\/\/westcoasttriallawyers.com\/es\/california\/los-angeles\/abogado-de-mordida-de-perro-en-los-angeles","og_locale":"es_ES","og_type":"article","og_title":"Abogado de Mordida de Perro en Los Angeles","og_description":"Abogado de Mordedura de perro en Los Angeles Ser atacado por un perro puede ser un evento extremadamente traum\u00e1tico. Muchas mordeduras de perro son de perros que conocen a sus v\u00edctimas y a menudo ocurren cuando el animal est\u00e1 sorprendido o asustado. Independientemente de si el perro es extra\u00f1o o conocido, las lesiones de mordedura [&hellip;]","og_url":"https:\/\/westcoasttriallawyers.com\/es\/california\/los-angeles\/abogado-de-mordida-de-perro-en-los-angeles","og_site_name":"West Coast Trial Lawyers","article_publisher":"https:\/\/www.facebook.com\/westcoasttriallawyers\/","article_modified_time":"2026-01-21T14:28:41+00:00","og_image":[{"width":557,"height":328,"url":"https:\/\/westcoasttriallawyers.com\/wp-content\/uploads\/2025\/07\/recent-results-scaled-1-15.webp","type":"image\/webp"}],"twitter_card":"summary_large_image","twitter_site":"@WestCoastTrial","twitter_misc":{"Tiempo de lectura":"10 minutos"},"schema":{"@context":"https:\/\/schema.org","@graph":[{"@type":["WebPage","ItemPage"],"@id":"https:\/\/westcoasttriallawyers.com\/es\/california\/los-angeles\/abogado-de-mordida-de-perro-en-los-angeles","url":"https:\/\/westcoasttriallawyers.com\/es\/california\/los-angeles\/abogado-de-mordida-de-perro-en-los-angeles","name":"Abogado de Mordida de Perro en Los Angeles | West Coast Trial Lawyers","isPartOf":{"@id":"https:\/\/westcoasttriallawyers.com\/es#website"},"primaryImageOfPage":{"@id":"https:\/\/westcoasttriallawyers.com\/es\/california\/los-angeles\/abogado-de-mordida-de-perro-en-los-angeles#primaryimage"},"image":{"@id":"https:\/\/westcoasttriallawyers.com\/es\/california\/los-angeles\/abogado-de-mordida-de-perro-en-los-angeles#primaryimage"},"thumbnailUrl":"https:\/\/westcoasttriallawyers.com\/wp-content\/uploads\/2025\/07\/recent-results-scaled-1-15.webp","datePublished":"2026-01-13T20:41:16+00:00","dateModified":"2026-01-21T14:28:41+00:00","breadcrumb":{"@id":"https:\/\/westcoasttriallawyers.com\/es\/california\/los-angeles\/abogado-de-mordida-de-perro-en-los-angeles#breadcrumb"},"inLanguage":"es","potentialAction":[{"@type":"ReadAction","target":["https:\/\/westcoasttriallawyers.com\/es\/california\/los-angeles\/abogado-de-mordida-de-perro-en-los-angeles"]}]},{"@type":"ImageObject","inLanguage":"es","@id":"https:\/\/westcoasttriallawyers.com\/es\/california\/los-angeles\/abogado-de-mordida-de-perro-en-los-angeles#primaryimage","url":"https:\/\/westcoasttriallawyers.com\/wp-content\/uploads\/2025\/07\/recent-results-scaled-1-15.webp","contentUrl":"https:\/\/westcoasttriallawyers.com\/wp-content\/uploads\/2025\/07\/recent-results-scaled-1-15.webp","width":557,"height":328},{"@type":"BreadcrumbList","@id":"https:\/\/westcoasttriallawyers.com\/es\/california\/los-angeles\/abogado-de-mordida-de-perro-en-los-angeles#breadcrumb","itemListElement":[{"@type":"ListItem","position":1,"name":"Inicio","item":"https:\/\/westcoasttriallawyers.com\/es"},{"@type":"ListItem","position":2,"name":"California","item":"https:\/\/westcoasttriallawyers.com\/es\/california"},{"@type":"ListItem","position":3,"name":"Los Angeles","item":"https:\/\/westcoasttriallawyers.com\/es\/california\/los-angeles"},{"@type":"ListItem","position":4,"name":"Abogado de Mordida de Perro en Los Angeles"}]},{"@type":"WebSite","@id":"https:\/\/westcoasttriallawyers.com\/es#website","url":"https:\/\/westcoasttriallawyers.com\/es","name":"West Coast Trial Lawyers","description":"West Coast Trial Lawyers","publisher":{"@id":"https:\/\/westcoasttriallawyers.com\/es#organization"},"alternateName":"WCTL","potentialAction":[{"@type":"SearchAction","target":{"@type":"EntryPoint","urlTemplate":"https:\/\/westcoasttriallawyers.com\/es?s={search_term_string}"},"query-input":{"@type":"PropertyValueSpecification","valueRequired":true,"valueName":"search_term_string"}}],"inLanguage":"es"},{"@type":"Organization","@id":"https:\/\/westcoasttriallawyers.com\/es#organization","name":"West Coast Trial Lawyers","alternateName":"WCTL","url":"https:\/\/westcoasttriallawyers.com\/es","logo":{"@type":"ImageObject","inLanguage":"es","@id":"https:\/\/westcoasttriallawyers.com\/es#\/schema\/logo\/image\/","url":"https:\/\/westcoasttriallawyers.com\/wp-content\/uploads\/2026\/02\/WCTL-Logo.jpg","contentUrl":"https:\/\/westcoasttriallawyers.com\/wp-content\/uploads\/2026\/02\/WCTL-Logo.jpg","width":696,"height":696,"caption":"West Coast Trial Lawyers"},"image":{"@id":"https:\/\/westcoasttriallawyers.com\/es#\/schema\/logo\/image\/"},"sameAs":["https:\/\/www.facebook.com\/westcoasttriallawyers\/","https:\/\/x.com\/WestCoastTrial","https:\/\/www.linkedin.com\/company\/west-coast-trial-lawyers\/","https:\/\/www.instagram.com\/westcoasttriallawyers\/","https:\/\/www.yelp.com\/biz\/west-coast-trial-lawyers-los-angeles-2","https:\/\/www.pinterest.com\/westcoasttrial\/","https:\/\/www.youtube.com\/westcoasttriallawyersla\/","https:\/\/www.tiktok.com\/westcoasttriallawyers"],"description":"West Coast Trial Lawyers is a top-rated personal injury law firm with a goal to provide expert legal representation to those in need. The law firm has offices across California, Nevada, Arizona, and Washington.","legalName":"West Coast Trial Lawyers"}]}},"_links":{"self":[{"href":"https:\/\/westcoasttriallawyers.com\/es\/wp-json\/wp\/v2\/pages\/8673","targetHints":{"allow":["GET"]}}],"collection":[{"href":"https:\/\/westcoasttriallawyers.com\/es\/wp-json\/wp\/v2\/pages"}],"about":[{"href":"https:\/\/westcoasttriallawyers.com\/es\/wp-json\/wp\/v2\/types\/page"}],"author":[{"embeddable":true,"href":"https:\/\/westcoasttriallawyers.com\/es\/wp-json\/wp\/v2\/users\/475"}],"replies":[{"embeddable":true,"href":"https:\/\/westcoasttriallawyers.com\/es\/wp-json\/wp\/v2\/comments?post=8673"}],"version-history":[{"count":3,"href":"https:\/\/westcoasttriallawyers.com\/es\/wp-json\/wp\/v2\/pages\/8673\/revisions"}],"predecessor-version":[{"id":47725,"href":"https:\/\/westcoasttriallawyers.com\/es\/wp-json\/wp\/v2\/pages\/8673\/revisions\/47725"}],"up":[{"embeddable":true,"href":"https:\/\/westcoasttriallawyers.com\/es\/wp-json\/wp\/v2\/pages\/47283"}],"wp:featuredmedia":[{"embeddable":true,"href":"https:\/\/westcoasttriallawyers.com\/es\/wp-json\/wp\/v2\/media\/45444"}],"wp:attachment":[{"href":"https:\/\/westcoasttriallawyers.com\/es\/wp-json\/wp\/v2\/media?parent=8673"}],"curies":[{"name":"wp","href":"https:\/\/api.w.org\/{rel}","templated":true}]}}