{"id":8653,"date":"2026-01-13T20:40:56","date_gmt":"2026-01-13T20:40:56","guid":{"rendered":"https:\/\/newsitefrom-dev.local\/los-angeles-bus-accidents-lawyer\/"},"modified":"2026-01-21T14:24:02","modified_gmt":"2026-01-21T14:24:02","slug":"abogado-de-accidente-de-autobus-en-los-angeles","status":"publish","type":"page","link":"https:\/\/westcoasttriallawyers.com\/es\/california\/los-angeles\/abogado-de-accidente-de-autobus-en-los-angeles","title":{"rendered":"Abogado de accidente de autob\u00fas en Los \u00c1ngeles"},"content":{"rendered":"<p>Estar involucrado en un accidente de autob\u00fas puede ser traumatizante. Debido a la falta de cinturones de seguridad, y airbags, y el n\u00famero limitado de asientos que requieren que algunos pasajeros se pongan de pie, los pasajeros del autob\u00fas pueden sufrir lesiones graves en un accidente. Peor a\u00fan, si usted es un conductor, <a href=\"https:\/\/westcoasttriallawyers.com\/es\/abogados-accidentes-bicicleta-california\">ciclista<\/a>, o <a href=\"\/es\/areas-de-practica\/accidentes-de-peaton\/\">peat\u00f3n<\/a> que es golpeado por un autob\u00fas que pesa m\u00e1s de 10,000 libras, puede sufrir lesiones que lo amenazan la vida.<\/p>\n<p>Cualesquiera que sean las circunstancias, los accidentes de autob\u00fas nunca terminan bien. Es importante que las v\u00edctimas y sus familias sepan que hay otras opciones que un abogado de accidentes de autob\u00fas puede proporcionar. Al buscar la ayuda de un abogado de accidentes de autob\u00fas, recibir\u00e1 la justicia que se merece y la compensaci\u00f3n para ayudar con cualquier factura m\u00e9dica, dolor y sufrimiento, p\u00e9rdida de salarios y mucho m\u00e1s. Nuestro equipo legal ha manejado muchos casos, desde todo tipo de accidentes. Sabemos c\u00f3mo lidiar con accidentes de autob\u00fas.<\/p>\n<p>Los accidentes de autob\u00fas son mucho m\u00e1s complejos en comparaci\u00f3n con los accidentes automovil\u00edsticos, por lo que es esencial asegurarse de ponerse en contacto con un abogado especializado en accidentes de autob\u00fas. Nuestros experimentados abogados de accidentes de autob\u00fas en West Coast Trial Lawyers conocen la log\u00edstica que implica la presentaci\u00f3n de un reclamo de accidente de autob\u00fas, ya que difieren tremendamente de otros accidentes automovil\u00edsticos. Puede confiar en que manejaremos su caso con el m\u00e1ximo cuidado y el conocimiento adecuado para obtener el acuerdo que merece por sus p\u00e9rdidas.<\/p>\n<h2>Tipos de accidentes de autob\u00fas<\/h2>\n<p>Los accidentes de autob\u00fas son complicados y se manejan de manera diferente a un accidente t\u00edpico de un veh\u00edculo de motor. Las v\u00edctimas involucradas en un accidente de autob\u00fas pueden tener que tratar con varias entidades privadas, como propietarios de autobuses, compa\u00f1\u00edas que operan en autobuses, compa\u00f1\u00edas de seguros y otras entidades en la industria de autobuses y ch\u00e1rter. En estos casos, las partes culpables o la compa\u00f1\u00eda de seguros a menudo pueden negar la responsabilidad del accidente. Al ponerse en contacto con un abogado con experiencia en accidentes de autob\u00fas, puede confiar en que lucharemos para obtener la justicia legal y la compensaci\u00f3n m\u00e1xima que usted merece. No nos conformaremos sin asegurarnos de que se paguen sus facturas m\u00e9dicas y nos aseguraremos de que reciba la compensaci\u00f3n por los salarios perdidos, el dolor y el sufrimiento, y el da\u00f1o a la propiedad. Dado que hay un n\u00famero de entidades diferentes que entran en juego cuando ocurre un accidente de autob\u00fas, manejaremos todas las comunicaciones para que pueda concentrarse en mejorar.<\/p>\n<p>Nuestros abogados de accidentes de autob\u00fas tienen experiencia en el manejo de muchos casos diferentes de accidentes de autob\u00fas, que incluyen:<\/p>\n<ul>\n<li>Autob\u00fas ch\u00e1rter<\/li>\n<li>Traslados al aeropuerto<\/li>\n<li>Autobuses del campus<\/li>\n<li>Autobuses de fiesta<\/li>\n<li>Autobuses tur\u00edsticos<\/li>\n<li>Autobuses de casino<\/li>\n<li>Bar lanzaderas<\/li>\n<li>Transporte del hotel<\/li>\n<li>Autobuses deportivos que viajan<\/li>\n<li>Autobuses de eventos<\/li>\n<\/ul>\n<p>En otros casos, los autobuses a menudo son operados por o en conjunto con una entidad p\u00fablica. Por lo tanto, pueden aplicarse per\u00edodos de notificaci\u00f3n de reclamaci\u00f3n m\u00e1s cortos y estatutos de limitaciones. Si no se apresura a informar a la compa\u00f1\u00eda de autobuses sobre su reclamo por lesiones personales, puede perder todos los derechos para buscar un acuerdo para su reclamo.<\/p>\n<p>Cualquiera que sea el caso, debe presentar un reclamo de lesiones personales por accidente de autob\u00fas de manera oportuna. Al hacerlo, podr\u00e1 conservar cualquier evidencia que pueda agregar valor a su reclamo para que las partes culpables rindan cuentas. Debido a que los accidentes de autob\u00fas son tan complejos, necesitar\u00e1 un abogado de accidentes de autob\u00fas agresivo y h\u00e1bil para ayudar. Nuestros experimentados abogados de equipo legal y de accidentes de autob\u00fas saben c\u00f3mo manejar este tipo de casos.<\/p>\n<h2>LESIONES POR ACCIDENTES EN AUTOBUSES<\/h2>\n<p>La atenci\u00f3n m\u00e9dica siempre debe ser su enfoque principal despu\u00e9s de un accidente de autob\u00fas. Debido a la gravedad de los accidentes de autob\u00fas, las lesiones que las v\u00edctimas de accidentes de autob\u00fas pueden sufrir son un cambio de vida. Buscar un tratamiento m\u00e9dico despu\u00e9s de un accidente de autob\u00fas es primordial para su salud, as\u00ed como para su caso. Desafortunadamente, el riesgo de lesiones graves o muertes en un accidente de autob\u00fas es muy alto. Debido al tama\u00f1o y al impacto, cualquier persona involucrada en un accidente de autob\u00fas es probable que sufra lesiones traum\u00e1ticas, si no muertes. Cualquiera que sea el caso, puede confiar en que nuestros abogados con experiencia en accidentes de autob\u00fas lo ayudar\u00e1n a usted o a su ser querido en cada paso del camino.<\/p>\n<p>La atenci\u00f3n m\u00e9dica siempre debe ser su enfoque principal despu\u00e9s de un accidente de autob\u00fas. Las lesiones por accidentes de autobuses pueden incluir:<\/p>\n<ul>\n<li><a href=\"\/es\/areas-de-practica\/dano-cerebral\/\">Lesiones en la cabeza<\/a>: lesiones cerebrales traum\u00e1ticas, conmociones cerebrales.<\/li>\n<li>Lesiones de cuello, <a href=\"\/es\/areas-de-practica\/lesiones-de-espalda-medula-espinal\/\">espalda y m\u00e9dula espinal<\/a>: par\u00e1lisis parcial y completa<\/li>\n<li>Fracturas y huesos rotos<\/li>\n<li>Dislocaci\u00f3n \u00f3sea<\/li>\n<li>Cicatrices y quemaduras<\/li>\n<li>Amputaci\u00f3n<\/li>\n<li>Lesiones dentales<\/li>\n<li>Discapacidades permanentes que pueden evitar que una v\u00edctima se realice la vida y las actividades diarias<\/li>\n<li><a href=\"\/es\/areas-de-practica\/muerte-por-negligencia\/\">Muerte<\/a><\/li>\n<\/ul>\n<p>Adem\u00e1s de buscar tratamiento m\u00e9dico, los abogados de West Coast Trial alientan a las v\u00edctimas involucradas en un accidente de autob\u00fas a solicitar un informe policial. El conductor del autob\u00fas es generalmente responsable de contactar a los servicios de emergencia. Sin embargo, llame al 911 de inmediato si el personal del autob\u00fas no puede hacerlo o se niega a llamar para obtener asistencia. El informe policial servir\u00e1 como una evidencia importante en su reclamo por lesiones personales<\/p>\n<h2>\u00bfQU\u00c9 PUEDE HACER UN ABOGADO DE AUTOB\u00daS POR M\u00cd?<\/h2>\n<p>Como v\u00edctima de un accidente de autob\u00fas, tiene derecho a una compensaci\u00f3n total por sus lesiones. Pero manejar el proceso por su cuenta puede ser tedioso y abrumador. Quienes intentan manejar un reclamo de accidente de autob\u00fas por su cuenta no pueden recibir una compensaci\u00f3n completa y justa, por lo que nuestro equipo lo alienta encarecidamente a ponerse en contacto con un abogado de accidente de autob\u00fas para que podamos obtener la justicia y la compensaci\u00f3n que merecer. Si la parte adversa tiene la culpa en un accidente de autob\u00fas, debe presentar un reclamo ante la compa\u00f1\u00eda de seguros del autob\u00fas o ante el gobierno (si el gobierno posee o supervisa el servicio de autob\u00fas). Hay l\u00edmites de tiempo especiales para notificar a las entidades gubernamentales sobre sus da\u00f1os. Si no presenta su reclamo a tiempo, su caso puede ser desestimado. En California, las reclamaciones contra entidades p\u00fablicas y otras entidades de transporte administradas por el gobierno deben presentarse dentro de los seis meses a partir de la fecha del accidente. Las reclamaciones contra partes privadas y operadores no gubernamentales pueden presentarse dentro de los dos a\u00f1os a partir de la fecha del accidente. Cualquiera que sea el caso, puede ser extremadamente confuso. Sin embargo, es por eso que nuestro equipo legal y abogados con experiencia en accidentes de autob\u00fas est\u00e1n aqu\u00ed para ayudarlo. Podremos manejar cada parte de su caso, desde tratar con compa\u00f1\u00edas de seguros, negociar sus facturas m\u00e9dicas, manejar da\u00f1os a la propiedad, programar citas con su m\u00e9dico y la lista contin\u00faa. Responderemos cualquier pregunta o inquietud que pueda tener despu\u00e9s de un accidente de autob\u00fas, porque nuestro objetivo es asegurarnos de que est\u00e9 completamente satisfecho con nuestro cliente.<\/p>\n<h2>CONSULTE CON UN ABOGADO DE ACCIDENTES<\/h2>\n<p>Las v\u00edctimas de accidentes de autob\u00fas deben contactar a un abogado con experiencia para manejar sus reclamos. Aqu\u00ed en West Coast Trial Lawyers, hemos ayudado exitosamente a miles de v\u00edctimas a recuperar compensaci\u00f3n por sus lesiones. Nuestros abogados de lesiones personales tienen experiencia con el proceso de presentaci\u00f3n espec\u00edfico de accidentes relacionados con el autob\u00fas en el estado de California. Nuestra misi\u00f3n es proteger a nuestros clientes y tratar con todas las partes involucradas, quit\u00e1ndoles el estr\u00e9s, para que realmente puedan enfocarse en la recuperaci\u00f3n. Somos ex abogados del gobierno y de seguros que saben c\u00f3mo luchar por sus derechos y obtener el m\u00e1ximo acuerdo que se merece, incluida la indemnizaci\u00f3n por gastos m\u00e9dicos, da\u00f1os a la propiedad, p\u00e9rdida de salarios y dolor y sufrimiento. Nuestro equipo legal est\u00e1 disponible las 24 horas del d\u00eda, los 7 d\u00edas de la semana, y se encargar\u00e1 de su caso de principio a fin. Para una consulta gratuita sin compromiso, comun\u00edquese con nuestra oficina al <a href=\"tel:213-927-3700\"><strong>213-927-3700<\/strong><\/a><a href=\"tel:+1-888-407-7969\">\u00a0<\/a>.<br \/>\n<!-- WCTL_DEBUG: replaced in the_content --><\/p>\n","protected":false},"excerpt":{"rendered":"<p>Estar involucrado en un accidente de autob\u00fas puede ser traumatizante. Debido a la falta de cinturones de seguridad, y airbags, y el n\u00famero limitado de asientos que requieren que algunos pasajeros se pongan de pie, los pasajeros del autob\u00fas pueden sufrir lesiones graves en un accidente. Peor a\u00fan, si usted es un conductor, ciclista, o [&hellip;]<\/p>\n","protected":false},"author":475,"featured_media":45394,"parent":47283,"menu_order":0,"comment_status":"closed","ping_status":"closed","template":"","meta":{"inline_featured_image":false,"footnotes":""},"class_list":["post-8653","page","type-page","status-publish","has-post-thumbnail","hentry"],"acf":[],"yoast_head":"<!-- This site is optimized with the Yoast SEO Premium plugin v26.0 (Yoast SEO v26.0) - https:\/\/yoast.com\/wordpress\/plugins\/seo\/ -->\n<title>Abogado de accidente de autob\u00fas en Los \u00c1ngeles | West Coast Trial Lawyers<\/title>\n<meta name=\"robots\" content=\"index, follow, max-snippet:-1, max-image-preview:large, max-video-preview:-1\" \/>\n<link rel=\"canonical\" href=\"https:\/\/westcoasttriallawyers.com\/es\/california\/los-angeles\/abogado-de-accidente-de-autobus-en-los-angeles\" \/>\n<meta property=\"og:locale\" content=\"es_ES\" \/>\n<meta property=\"og:type\" content=\"article\" \/>\n<meta property=\"og:title\" content=\"Abogado de accidente de autob\u00fas en Los \u00c1ngeles\" \/>\n<meta property=\"og:description\" content=\"Estar involucrado en un accidente de autob\u00fas puede ser traumatizante. Debido a la falta de cinturones de seguridad, y airbags, y el n\u00famero limitado de asientos que requieren que algunos pasajeros se pongan de pie, los pasajeros del autob\u00fas pueden sufrir lesiones graves en un accidente. Peor a\u00fan, si usted es un conductor, ciclista, o [&hellip;]\" \/>\n<meta property=\"og:url\" content=\"https:\/\/westcoasttriallawyers.com\/es\/california\/los-angeles\/abogado-de-accidente-de-autobus-en-los-angeles\" \/>\n<meta property=\"og:site_name\" content=\"West Coast Trial Lawyers\" \/>\n<meta property=\"article:publisher\" content=\"https:\/\/www.facebook.com\/westcoasttriallawyers\/\" \/>\n<meta property=\"article:modified_time\" content=\"2026-01-21T14:24:02+00:00\" \/>\n<meta property=\"og:image\" content=\"https:\/\/westcoasttriallawyers.com\/wp-content\/uploads\/2025\/07\/recent-results-scaled-1-5.webp\" \/>\n\t<meta property=\"og:image:width\" content=\"557\" \/>\n\t<meta property=\"og:image:height\" content=\"328\" \/>\n\t<meta property=\"og:image:type\" content=\"image\/webp\" \/>\n<meta name=\"twitter:card\" content=\"summary_large_image\" \/>\n<meta name=\"twitter:site\" content=\"@WestCoastTrial\" \/>\n<meta name=\"twitter:label1\" content=\"Tiempo de lectura\" \/>\n\t<meta name=\"twitter:data1\" content=\"16 minutos\" \/>\n<script type=\"application\/ld+json\" class=\"yoast-schema-graph\">{\"@context\":\"https:\/\/schema.org\",\"@graph\":[{\"@type\":[\"WebPage\",\"ItemPage\"],\"@id\":\"https:\/\/westcoasttriallawyers.com\/es\/california\/los-angeles\/abogado-de-accidente-de-autobus-en-los-angeles\",\"url\":\"https:\/\/westcoasttriallawyers.com\/es\/california\/los-angeles\/abogado-de-accidente-de-autobus-en-los-angeles\",\"name\":\"Abogado de accidente de autob\u00fas en Los \u00c1ngeles | West Coast Trial Lawyers\",\"isPartOf\":{\"@id\":\"https:\/\/westcoasttriallawyers.com\/es#website\"},\"primaryImageOfPage\":{\"@id\":\"https:\/\/westcoasttriallawyers.com\/es\/california\/los-angeles\/abogado-de-accidente-de-autobus-en-los-angeles#primaryimage\"},\"image\":{\"@id\":\"https:\/\/westcoasttriallawyers.com\/es\/california\/los-angeles\/abogado-de-accidente-de-autobus-en-los-angeles#primaryimage\"},\"thumbnailUrl\":\"https:\/\/westcoasttriallawyers.com\/wp-content\/uploads\/2025\/07\/recent-results-scaled-1-5.webp\",\"datePublished\":\"2026-01-13T20:40:56+00:00\",\"dateModified\":\"2026-01-21T14:24:02+00:00\",\"breadcrumb\":{\"@id\":\"https:\/\/westcoasttriallawyers.com\/es\/california\/los-angeles\/abogado-de-accidente-de-autobus-en-los-angeles#breadcrumb\"},\"inLanguage\":\"es\",\"potentialAction\":[{\"@type\":\"ReadAction\",\"target\":[\"https:\/\/westcoasttriallawyers.com\/es\/california\/los-angeles\/abogado-de-accidente-de-autobus-en-los-angeles\"]}]},{\"@type\":\"ImageObject\",\"inLanguage\":\"es\",\"@id\":\"https:\/\/westcoasttriallawyers.com\/es\/california\/los-angeles\/abogado-de-accidente-de-autobus-en-los-angeles#primaryimage\",\"url\":\"https:\/\/westcoasttriallawyers.com\/wp-content\/uploads\/2025\/07\/recent-results-scaled-1-5.webp\",\"contentUrl\":\"https:\/\/westcoasttriallawyers.com\/wp-content\/uploads\/2025\/07\/recent-results-scaled-1-5.webp\",\"width\":557,\"height\":328},{\"@type\":\"BreadcrumbList\",\"@id\":\"https:\/\/westcoasttriallawyers.com\/es\/california\/los-angeles\/abogado-de-accidente-de-autobus-en-los-angeles#breadcrumb\",\"itemListElement\":[{\"@type\":\"ListItem\",\"position\":1,\"name\":\"Inicio\",\"item\":\"https:\/\/westcoasttriallawyers.com\/es\"},{\"@type\":\"ListItem\",\"position\":2,\"name\":\"California\",\"item\":\"https:\/\/westcoasttriallawyers.com\/es\/california\"},{\"@type\":\"ListItem\",\"position\":3,\"name\":\"Los Angeles\",\"item\":\"https:\/\/westcoasttriallawyers.com\/es\/california\/los-angeles\"},{\"@type\":\"ListItem\",\"position\":4,\"name\":\"Abogado de accidente de autob\u00fas en Los \u00c1ngeles\"}]},{\"@type\":\"WebSite\",\"@id\":\"https:\/\/westcoasttriallawyers.com\/es#website\",\"url\":\"https:\/\/westcoasttriallawyers.com\/es\",\"name\":\"West Coast Trial Lawyers\",\"description\":\"West Coast Trial Lawyers\",\"publisher\":{\"@id\":\"https:\/\/westcoasttriallawyers.com\/es#organization\"},\"alternateName\":\"WCTL\",\"potentialAction\":[{\"@type\":\"SearchAction\",\"target\":{\"@type\":\"EntryPoint\",\"urlTemplate\":\"https:\/\/westcoasttriallawyers.com\/es?s={search_term_string}\"},\"query-input\":{\"@type\":\"PropertyValueSpecification\",\"valueRequired\":true,\"valueName\":\"search_term_string\"}}],\"inLanguage\":\"es\"},{\"@type\":\"Organization\",\"@id\":\"https:\/\/westcoasttriallawyers.com\/es#organization\",\"name\":\"West Coast Trial Lawyers\",\"alternateName\":\"WCTL\",\"url\":\"https:\/\/westcoasttriallawyers.com\/es\",\"logo\":{\"@type\":\"ImageObject\",\"inLanguage\":\"es\",\"@id\":\"https:\/\/westcoasttriallawyers.com\/es#\/schema\/logo\/image\/\",\"url\":\"https:\/\/westcoasttriallawyers.com\/wp-content\/uploads\/2026\/02\/WCTL-Logo.jpg\",\"contentUrl\":\"https:\/\/westcoasttriallawyers.com\/wp-content\/uploads\/2026\/02\/WCTL-Logo.jpg\",\"width\":696,\"height\":696,\"caption\":\"West Coast Trial Lawyers\"},\"image\":{\"@id\":\"https:\/\/westcoasttriallawyers.com\/es#\/schema\/logo\/image\/\"},\"sameAs\":[\"https:\/\/www.facebook.com\/westcoasttriallawyers\/\",\"https:\/\/x.com\/WestCoastTrial\",\"https:\/\/www.linkedin.com\/company\/west-coast-trial-lawyers\/\",\"https:\/\/www.instagram.com\/westcoasttriallawyers\/\",\"https:\/\/www.yelp.com\/biz\/west-coast-trial-lawyers-los-angeles-2\",\"https:\/\/www.pinterest.com\/westcoasttrial\/\",\"https:\/\/www.youtube.com\/westcoasttriallawyersla\/\",\"https:\/\/www.tiktok.com\/westcoasttriallawyers\"],\"description\":\"West Coast Trial Lawyers is a top-rated personal injury law firm with a goal to provide expert legal representation to those in need. The law firm has offices across California, Nevada, Arizona, and Washington.\",\"legalName\":\"West Coast Trial Lawyers\"}]}<\/script>\n<!-- \/ Yoast SEO Premium plugin. -->","yoast_head_json":{"title":"Abogado de accidente de autob\u00fas en Los \u00c1ngeles | West Coast Trial Lawyers","robots":{"index":"index","follow":"follow","max-snippet":"max-snippet:-1","max-image-preview":"max-image-preview:large","max-video-preview":"max-video-preview:-1"},"canonical":"https:\/\/westcoasttriallawyers.com\/es\/california\/los-angeles\/abogado-de-accidente-de-autobus-en-los-angeles","og_locale":"es_ES","og_type":"article","og_title":"Abogado de accidente de autob\u00fas en Los \u00c1ngeles","og_description":"Estar involucrado en un accidente de autob\u00fas puede ser traumatizante. Debido a la falta de cinturones de seguridad, y airbags, y el n\u00famero limitado de asientos que requieren que algunos pasajeros se pongan de pie, los pasajeros del autob\u00fas pueden sufrir lesiones graves en un accidente. Peor a\u00fan, si usted es un conductor, ciclista, o [&hellip;]","og_url":"https:\/\/westcoasttriallawyers.com\/es\/california\/los-angeles\/abogado-de-accidente-de-autobus-en-los-angeles","og_site_name":"West Coast Trial Lawyers","article_publisher":"https:\/\/www.facebook.com\/westcoasttriallawyers\/","article_modified_time":"2026-01-21T14:24:02+00:00","og_image":[{"width":557,"height":328,"url":"https:\/\/westcoasttriallawyers.com\/wp-content\/uploads\/2025\/07\/recent-results-scaled-1-5.webp","type":"image\/webp"}],"twitter_card":"summary_large_image","twitter_site":"@WestCoastTrial","twitter_misc":{"Tiempo de lectura":"16 minutos"},"schema":{"@context":"https:\/\/schema.org","@graph":[{"@type":["WebPage","ItemPage"],"@id":"https:\/\/westcoasttriallawyers.com\/es\/california\/los-angeles\/abogado-de-accidente-de-autobus-en-los-angeles","url":"https:\/\/westcoasttriallawyers.com\/es\/california\/los-angeles\/abogado-de-accidente-de-autobus-en-los-angeles","name":"Abogado de accidente de autob\u00fas en Los \u00c1ngeles | West Coast Trial Lawyers","isPartOf":{"@id":"https:\/\/westcoasttriallawyers.com\/es#website"},"primaryImageOfPage":{"@id":"https:\/\/westcoasttriallawyers.com\/es\/california\/los-angeles\/abogado-de-accidente-de-autobus-en-los-angeles#primaryimage"},"image":{"@id":"https:\/\/westcoasttriallawyers.com\/es\/california\/los-angeles\/abogado-de-accidente-de-autobus-en-los-angeles#primaryimage"},"thumbnailUrl":"https:\/\/westcoasttriallawyers.com\/wp-content\/uploads\/2025\/07\/recent-results-scaled-1-5.webp","datePublished":"2026-01-13T20:40:56+00:00","dateModified":"2026-01-21T14:24:02+00:00","breadcrumb":{"@id":"https:\/\/westcoasttriallawyers.com\/es\/california\/los-angeles\/abogado-de-accidente-de-autobus-en-los-angeles#breadcrumb"},"inLanguage":"es","potentialAction":[{"@type":"ReadAction","target":["https:\/\/westcoasttriallawyers.com\/es\/california\/los-angeles\/abogado-de-accidente-de-autobus-en-los-angeles"]}]},{"@type":"ImageObject","inLanguage":"es","@id":"https:\/\/westcoasttriallawyers.com\/es\/california\/los-angeles\/abogado-de-accidente-de-autobus-en-los-angeles#primaryimage","url":"https:\/\/westcoasttriallawyers.com\/wp-content\/uploads\/2025\/07\/recent-results-scaled-1-5.webp","contentUrl":"https:\/\/westcoasttriallawyers.com\/wp-content\/uploads\/2025\/07\/recent-results-scaled-1-5.webp","width":557,"height":328},{"@type":"BreadcrumbList","@id":"https:\/\/westcoasttriallawyers.com\/es\/california\/los-angeles\/abogado-de-accidente-de-autobus-en-los-angeles#breadcrumb","itemListElement":[{"@type":"ListItem","position":1,"name":"Inicio","item":"https:\/\/westcoasttriallawyers.com\/es"},{"@type":"ListItem","position":2,"name":"California","item":"https:\/\/westcoasttriallawyers.com\/es\/california"},{"@type":"ListItem","position":3,"name":"Los Angeles","item":"https:\/\/westcoasttriallawyers.com\/es\/california\/los-angeles"},{"@type":"ListItem","position":4,"name":"Abogado de accidente de autob\u00fas en Los \u00c1ngeles"}]},{"@type":"WebSite","@id":"https:\/\/westcoasttriallawyers.com\/es#website","url":"https:\/\/westcoasttriallawyers.com\/es","name":"West Coast Trial Lawyers","description":"West Coast Trial Lawyers","publisher":{"@id":"https:\/\/westcoasttriallawyers.com\/es#organization"},"alternateName":"WCTL","potentialAction":[{"@type":"SearchAction","target":{"@type":"EntryPoint","urlTemplate":"https:\/\/westcoasttriallawyers.com\/es?s={search_term_string}"},"query-input":{"@type":"PropertyValueSpecification","valueRequired":true,"valueName":"search_term_string"}}],"inLanguage":"es"},{"@type":"Organization","@id":"https:\/\/westcoasttriallawyers.com\/es#organization","name":"West Coast Trial Lawyers","alternateName":"WCTL","url":"https:\/\/westcoasttriallawyers.com\/es","logo":{"@type":"ImageObject","inLanguage":"es","@id":"https:\/\/westcoasttriallawyers.com\/es#\/schema\/logo\/image\/","url":"https:\/\/westcoasttriallawyers.com\/wp-content\/uploads\/2026\/02\/WCTL-Logo.jpg","contentUrl":"https:\/\/westcoasttriallawyers.com\/wp-content\/uploads\/2026\/02\/WCTL-Logo.jpg","width":696,"height":696,"caption":"West Coast Trial Lawyers"},"image":{"@id":"https:\/\/westcoasttriallawyers.com\/es#\/schema\/logo\/image\/"},"sameAs":["https:\/\/www.facebook.com\/westcoasttriallawyers\/","https:\/\/x.com\/WestCoastTrial","https:\/\/www.linkedin.com\/company\/west-coast-trial-lawyers\/","https:\/\/www.instagram.com\/westcoasttriallawyers\/","https:\/\/www.yelp.com\/biz\/west-coast-trial-lawyers-los-angeles-2","https:\/\/www.pinterest.com\/westcoasttrial\/","https:\/\/www.youtube.com\/westcoasttriallawyersla\/","https:\/\/www.tiktok.com\/westcoasttriallawyers"],"description":"West Coast Trial Lawyers is a top-rated personal injury law firm with a goal to provide expert legal representation to those in need. The law firm has offices across California, Nevada, Arizona, and Washington.","legalName":"West Coast Trial Lawyers"}]}},"_links":{"self":[{"href":"https:\/\/westcoasttriallawyers.com\/es\/wp-json\/wp\/v2\/pages\/8653","targetHints":{"allow":["GET"]}}],"collection":[{"href":"https:\/\/westcoasttriallawyers.com\/es\/wp-json\/wp\/v2\/pages"}],"about":[{"href":"https:\/\/westcoasttriallawyers.com\/es\/wp-json\/wp\/v2\/types\/page"}],"author":[{"embeddable":true,"href":"https:\/\/westcoasttriallawyers.com\/es\/wp-json\/wp\/v2\/users\/475"}],"replies":[{"embeddable":true,"href":"https:\/\/westcoasttriallawyers.com\/es\/wp-json\/wp\/v2\/comments?post=8653"}],"version-history":[{"count":3,"href":"https:\/\/westcoasttriallawyers.com\/es\/wp-json\/wp\/v2\/pages\/8653\/revisions"}],"predecessor-version":[{"id":47719,"href":"https:\/\/westcoasttriallawyers.com\/es\/wp-json\/wp\/v2\/pages\/8653\/revisions\/47719"}],"up":[{"embeddable":true,"href":"https:\/\/westcoasttriallawyers.com\/es\/wp-json\/wp\/v2\/pages\/47283"}],"wp:featuredmedia":[{"embeddable":true,"href":"https:\/\/westcoasttriallawyers.com\/es\/wp-json\/wp\/v2\/media\/45394"}],"wp:attachment":[{"href":"https:\/\/westcoasttriallawyers.com\/es\/wp-json\/wp\/v2\/media?parent=8653"}],"curies":[{"name":"wp","href":"https:\/\/api.w.org\/{rel}","templated":true}]}}