{"id":47622,"date":"2026-01-13T23:06:37","date_gmt":"2026-01-13T23:06:37","guid":{"rendered":"https:\/\/westcoasttriallawyers.com\/california\/glendale\/abogado-de-lesiones-cerebrales-de-glendale"},"modified":"2026-01-13T23:06:37","modified_gmt":"2026-01-13T23:06:37","slug":"abogado-de-lesiones-cerebrales-de-glendale","status":"publish","type":"page","link":"https:\/\/westcoasttriallawyers.com\/es\/california\/glendale\/abogado-de-lesiones-cerebrales-de-glendale","title":{"rendered":"Abogado de lesiones cerebrales de Glendale"},"content":{"rendered":"<h2><strong>S\u00edntomas de la lesi\u00f3n cerebral traum\u00e1tica y c\u00f3mo tratarla<\/strong><\/h2>\n<p>Las lesiones cerebrales deben tratarse de inmediato. En Glendale hay tres hospitales que te ayudar\u00e1n con tu proceso de recuperaci\u00f3n, que son Glendale Memorial Hospital, USC Verdugo Hills Hospital y Adventist Health Glendale. Una vez que ingrese a cualquiera de las ubicaciones, se le realizar\u00e1n ex\u00e1menes y procedimientos para que el m\u00e9dico determine cu\u00e1l es su diagn\u00f3stico y el tipo de plan de tratamiento que necesitar\u00e1.<\/p>\n<p>Si su lesi\u00f3n cerebral fue causada por otra persona, es posible que tenga derecho a recibir una compensaci\u00f3n por sus p\u00e9rdidas. En West Coast Trial Lawyers, nuestros abogados de lesiones cerebrales de Glendale est\u00e1n disponibles para brindarle asistencia legal. Hemos ganado m\u00e1s de 5000 casos de lesiones personales y hemos recuperado m\u00e1s de $1000 millones en acuerdos para nuestros clientes. Debido a nuestros logros, hemos sido reconocidos como uno de los mejores bufetes de abogados de lesiones personales en Glendale.<\/p>\n<p>Comun\u00edquese hoy con nuestro equipo legal disponible las 24 horas, los 7 d\u00edas de la semana llamando al&nbsp;<strong>213-927-3700<\/strong> o enviando un correo electr\u00f3nico a&nbsp;<a href=\"mailto:info@westcoasttriallawyers.com\"><strong>info@westcoasttriallawyers.com<\/strong><\/a> para programar una consulta gratuita y sin compromiso en nuestro bufete de abogados de lesiones personales de Glendale.<\/p>\n<h2><strong>S\u00edntomas de la lesi\u00f3n cerebral traum\u00e1tica (TBI)<\/strong><\/h2>\n<p>Hay diferentes tipos de s\u00edntomas de lesi\u00f3n cerebral. Todo depende de qu\u00e9 \u00e1rea se da\u00f1\u00f3 y qu\u00e9 tan grave fue la lesi\u00f3n.<\/p>\n<p>Los s\u00edntomas f\u00edsicos de una TBI incluyen:<\/p>\n<ul>\n<li>Dolor de cabeza,<\/li>\n<li>Mareo,<\/li>\n<li>P\u00e9rdida del equilibrio,<\/li>\n<li>N\u00e1useas,<\/li>\n<li>v\u00f3mitos,<\/li>\n<li>Fatiga,<\/li>\n<li>Somnolencia,<\/li>\n<li>La falta de sue\u00f1o,<\/li>\n<li>problemas del habla,<\/li>\n<li>P\u00e9rdida de la conciencia, o<\/li>\n<li>Desorientaci\u00f3n.<\/li>\n<\/ul>\n<p>Los s\u00edntomas sensoriales incluyen:<\/p>\n<ul>\n<li>Sensibilidad a la luz o al sonido,<\/li>\n<li>Visi\u00f3n borrosa,<\/li>\n<li>Visi\u00f3n doble,<\/li>\n<li>Puntos ciegos,<\/li>\n<li>hormigueo en la piel,<\/li>\n<li>falta de equilibrio,<\/li>\n<li>Mal sabor de boca, o<\/li>\n<li>Incapacidad para oler.<\/li>\n<\/ul>\n<p>Los s\u00edntomas cognitivos incluyen:<\/p>\n<ul>\n<li>Confusi\u00f3n,<\/li>\n<li>Ansiedad,<\/li>\n<li>Depresi\u00f3n,<\/li>\n<li>Falta de conciencia,<\/li>\n<li>Falta de autocontrol,<\/li>\n<li>agresi\u00f3n, o<\/li>\n<li>Habla arrastrada.<\/li>\n<\/ul>\n<h2><strong>Tratamiento de lesiones cerebrales traum\u00e1ticas (TBI)<\/strong><\/h2>\n<p>El tratamiento puede variar seg\u00fan la gravedad de la lesi\u00f3n.<\/p>\n<ul>\n<li><strong>Templado.&nbsp;<\/strong>Para tratar una lesi\u00f3n leve, generalmente se realizan remedios caseros. Sin embargo, es importante que primero lo revise un m\u00e9dico experto para diagnosticar la lesi\u00f3n. Lo m\u00e1s probable es que le digan que descanse y tome analg\u00e9sicos, como Advil, Tylenol o Aleve. Durante su proceso de recuperaci\u00f3n, debe ser monitoreado para asegurarse de que sus s\u00edntomas no empeoren.<\/li>\n<li><strong>Moderado a severo.&nbsp;<\/strong>Si sufre una lesi\u00f3n cerebral moderada o grave, debe recibir atenci\u00f3n de emergencia de inmediato. Los m\u00e9dicos se asegurar\u00e1n de que reciba suficiente ox\u00edgeno y suministro de sangre para mantener su presi\u00f3n arterial. Tambi\u00e9n reducir\u00e1n el da\u00f1o secundario causado por la inflamaci\u00f3n, el sangrado o la falta de ox\u00edgeno.<\/li>\n<\/ul>\n<p>Los medicamentos que ayudar\u00e1n a limitar el da\u00f1o secundario al cerebro incluyen:<\/p>\n<ul>\n<li><strong>F\u00e1rmacos inductores del coma.<\/strong> Dependiendo de su condici\u00f3n, un m\u00e9dico usar\u00e1 este medicamento para ponerlo en coma temporal. Un cerebro comatoso requiere menos ox\u00edgeno para funcionar correctamente. Esto tambi\u00e9n beneficiar\u00e1 a los vasos sangu\u00edneos que no son capaces de suministrar ox\u00edgeno y nutrientes a las c\u00e9lulas sangu\u00edneas.<\/li>\n<li><strong>Medicamentos anticonvulsivos.<\/strong> Aquellos que sufren lesiones cerebrales moderadas o graves tienen m\u00e1s posibilidades de sufrir una convulsi\u00f3n despu\u00e9s de una semana. Tomar este medicamento prevendr\u00e1 el da\u00f1o cerebral que podr\u00eda desencadenar una convulsi\u00f3n. Se recomienda seguir tomando este medicamento solo si tiene convulsiones ocasionales.<\/li>\n<li><strong>Diur\u00e9ticos.<\/strong> Esto ayuda a reducir la presi\u00f3n dentro del cerebro.<\/li>\n<\/ul>\n<p>Adem\u00e1s de la medicaci\u00f3n, es posible que necesite una cirug\u00eda de emergencia por da\u00f1os graves en los tejidos de su cerebro. Esto incluye:<\/p>\n<ul>\n<li><strong>Co\u00e1gulos de sangre.<\/strong> El sangrado puede ocurrir dentro o fuera del cerebro. Esto puede desencadenar un co\u00e1gulo de sangre que puede ejercer presi\u00f3n sobre el cerebro. Esto tambi\u00e9n puede da\u00f1ar el tejido cerebral.<\/li>\n<li><strong>Sangrado interno en el cerebro.<\/strong> Esto es causado por lesiones en la cabeza que desencadenan sangre en el cerebro. Debe someterse a una cirug\u00eda para detener el sangrado.<\/li>\n<li><strong>Reparaci\u00f3n de fracturas de cr\u00e1neo.&nbsp;<\/strong>Esto ocurre despu\u00e9s de un fuerte impacto en la cabeza que puede resultar en una fractura de cr\u00e1neo. Se requerir\u00e1 cirug\u00eda para reparar el da\u00f1o y extraer partes del cr\u00e1neo que se encuentran dentro del cerebro.<\/li>\n<li><strong>Construyendo una ventana en el cr\u00e1neo.<\/strong> Se necesita cirug\u00eda para aquellos que deben aliviar la presi\u00f3n dentro de su cr\u00e1neo. Los m\u00e9dicos crear\u00e1n una ventana dentro del cr\u00e1neo para dejar m\u00e1s espacio para los tejidos inflamados.<\/li>\n<\/ul>\n<h2><strong>Cont\u00e1ctenos<\/strong><\/h2>\n<p>Si sufre una lesi\u00f3n cerebral, West Coast Trial Lawyers tiene abogados con experiencia en lesiones cerebrales que lo ayudar\u00e1n a presentar un reclamo contra la persona culpable. Tenemos m\u00e1s de 60 a\u00f1os de experiencia legal colectiva en el manejo de casos de lesiones personales y estamos seguros de que le daremos un buen resultado a su caso.<\/p>\n<p>Para programar una consulta gratuita en nuestro bufete de abogados de lesiones personales de Glendale, comun\u00edquese con nuestro personal legal las 24 horas, los 7 d\u00edas de la semana llamando al&nbsp;<strong>213-927-3700<\/strong> o enviando un correo electr\u00f3nico a&nbsp;<a href=\"mailto:info@westcoasttriallawyers.com\"><strong>info@westcoasttriallawyers.com<\/strong><\/a><strong>.&nbsp;<\/strong><br \/>\n<!-- WCTL_DEBUG: no shortcode in this_content --><\/p>\n","protected":false},"excerpt":{"rendered":"<p>S\u00edntomas de la lesi\u00f3n cerebral traum\u00e1tica y c\u00f3mo tratarla Las lesiones cerebrales deben tratarse de inmediato. En Glendale hay tres hospitales que te ayudar\u00e1n con tu proceso de recuperaci\u00f3n, que son Glendale Memorial Hospital, USC Verdugo Hills Hospital y Adventist Health Glendale. Una vez que ingrese a cualquiera de las ubicaciones, se le realizar\u00e1n ex\u00e1menes [&hellip;]<\/p>\n","protected":false},"author":475,"featured_media":45684,"parent":47286,"menu_order":0,"comment_status":"closed","ping_status":"closed","template":"","meta":{"inline_featured_image":false,"footnotes":""},"class_list":["post-47622","page","type-page","status-publish","has-post-thumbnail","hentry"],"acf":[],"yoast_head":"<!-- This site is optimized with the Yoast SEO Premium plugin v26.0 (Yoast SEO v26.0) - https:\/\/yoast.com\/wordpress\/plugins\/seo\/ -->\n<title>Abogado de lesiones cerebrales de Glendale | West Coast Trial Lawyers<\/title>\n<meta name=\"robots\" content=\"index, follow, max-snippet:-1, max-image-preview:large, max-video-preview:-1\" \/>\n<link rel=\"canonical\" href=\"https:\/\/westcoasttriallawyers.com\/es\/california\/glendale\/abogado-de-lesiones-cerebrales-de-glendale\" \/>\n<meta property=\"og:locale\" content=\"es_ES\" \/>\n<meta property=\"og:type\" content=\"article\" \/>\n<meta property=\"og:title\" content=\"Abogado de lesiones cerebrales de Glendale\" \/>\n<meta property=\"og:description\" content=\"S\u00edntomas de la lesi\u00f3n cerebral traum\u00e1tica y c\u00f3mo tratarla Las lesiones cerebrales deben tratarse de inmediato. En Glendale hay tres hospitales que te ayudar\u00e1n con tu proceso de recuperaci\u00f3n, que son Glendale Memorial Hospital, USC Verdugo Hills Hospital y Adventist Health Glendale. Una vez que ingrese a cualquiera de las ubicaciones, se le realizar\u00e1n ex\u00e1menes [&hellip;]\" \/>\n<meta property=\"og:url\" content=\"https:\/\/westcoasttriallawyers.com\/es\/california\/glendale\/abogado-de-lesiones-cerebrales-de-glendale\" \/>\n<meta property=\"og:site_name\" content=\"West Coast Trial Lawyers\" \/>\n<meta property=\"article:publisher\" content=\"https:\/\/www.facebook.com\/westcoasttriallawyers\/\" \/>\n<meta property=\"og:image\" content=\"https:\/\/westcoasttriallawyers.com\/wp-content\/uploads\/2025\/07\/Glendale-3.webp\" \/>\n\t<meta property=\"og:image:width\" content=\"557\" \/>\n\t<meta property=\"og:image:height\" content=\"327\" \/>\n\t<meta property=\"og:image:type\" content=\"image\/webp\" \/>\n<meta name=\"twitter:card\" content=\"summary_large_image\" \/>\n<meta name=\"twitter:site\" content=\"@WestCoastTrial\" \/>\n<meta name=\"twitter:label1\" content=\"Tiempo de lectura\" \/>\n\t<meta name=\"twitter:data1\" content=\"5 minutos\" \/>\n<script type=\"application\/ld+json\" class=\"yoast-schema-graph\">{\"@context\":\"https:\/\/schema.org\",\"@graph\":[{\"@type\":[\"WebPage\",\"ItemPage\"],\"@id\":\"https:\/\/westcoasttriallawyers.com\/es\/california\/glendale\/abogado-de-lesiones-cerebrales-de-glendale\",\"url\":\"https:\/\/westcoasttriallawyers.com\/es\/california\/glendale\/abogado-de-lesiones-cerebrales-de-glendale\",\"name\":\"Abogado de lesiones cerebrales de Glendale | West Coast Trial Lawyers\",\"isPartOf\":{\"@id\":\"https:\/\/westcoasttriallawyers.com\/es#website\"},\"primaryImageOfPage\":{\"@id\":\"https:\/\/westcoasttriallawyers.com\/es\/california\/glendale\/abogado-de-lesiones-cerebrales-de-glendale#primaryimage\"},\"image\":{\"@id\":\"https:\/\/westcoasttriallawyers.com\/es\/california\/glendale\/abogado-de-lesiones-cerebrales-de-glendale#primaryimage\"},\"thumbnailUrl\":\"https:\/\/westcoasttriallawyers.com\/wp-content\/uploads\/2025\/07\/Glendale-3.webp\",\"datePublished\":\"2026-01-13T23:06:37+00:00\",\"breadcrumb\":{\"@id\":\"https:\/\/westcoasttriallawyers.com\/es\/california\/glendale\/abogado-de-lesiones-cerebrales-de-glendale#breadcrumb\"},\"inLanguage\":\"es\",\"potentialAction\":[{\"@type\":\"ReadAction\",\"target\":[\"https:\/\/westcoasttriallawyers.com\/es\/california\/glendale\/abogado-de-lesiones-cerebrales-de-glendale\"]}]},{\"@type\":\"ImageObject\",\"inLanguage\":\"es\",\"@id\":\"https:\/\/westcoasttriallawyers.com\/es\/california\/glendale\/abogado-de-lesiones-cerebrales-de-glendale#primaryimage\",\"url\":\"https:\/\/westcoasttriallawyers.com\/wp-content\/uploads\/2025\/07\/Glendale-3.webp\",\"contentUrl\":\"https:\/\/westcoasttriallawyers.com\/wp-content\/uploads\/2025\/07\/Glendale-3.webp\",\"width\":557,\"height\":327},{\"@type\":\"BreadcrumbList\",\"@id\":\"https:\/\/westcoasttriallawyers.com\/es\/california\/glendale\/abogado-de-lesiones-cerebrales-de-glendale#breadcrumb\",\"itemListElement\":[{\"@type\":\"ListItem\",\"position\":1,\"name\":\"Inicio\",\"item\":\"https:\/\/westcoasttriallawyers.com\/es\"},{\"@type\":\"ListItem\",\"position\":2,\"name\":\"California\",\"item\":\"https:\/\/westcoasttriallawyers.com\/es\/california\"},{\"@type\":\"ListItem\",\"position\":3,\"name\":\"Glendale\",\"item\":\"https:\/\/westcoasttriallawyers.com\/es\/california\/glendale\"},{\"@type\":\"ListItem\",\"position\":4,\"name\":\"Abogado de lesiones cerebrales de Glendale\"}]},{\"@type\":\"WebSite\",\"@id\":\"https:\/\/westcoasttriallawyers.com\/es#website\",\"url\":\"https:\/\/westcoasttriallawyers.com\/es\",\"name\":\"West Coast Trial Lawyers\",\"description\":\"West Coast Trial Lawyers\",\"publisher\":{\"@id\":\"https:\/\/westcoasttriallawyers.com\/es#organization\"},\"alternateName\":\"WCTL\",\"potentialAction\":[{\"@type\":\"SearchAction\",\"target\":{\"@type\":\"EntryPoint\",\"urlTemplate\":\"https:\/\/westcoasttriallawyers.com\/es?s={search_term_string}\"},\"query-input\":{\"@type\":\"PropertyValueSpecification\",\"valueRequired\":true,\"valueName\":\"search_term_string\"}}],\"inLanguage\":\"es\"},{\"@type\":\"Organization\",\"@id\":\"https:\/\/westcoasttriallawyers.com\/es#organization\",\"name\":\"West Coast Trial Lawyers\",\"alternateName\":\"WCTL\",\"url\":\"https:\/\/westcoasttriallawyers.com\/es\",\"logo\":{\"@type\":\"ImageObject\",\"inLanguage\":\"es\",\"@id\":\"https:\/\/westcoasttriallawyers.com\/es#\/schema\/logo\/image\/\",\"url\":\"https:\/\/westcoasttriallawyers.com\/wp-content\/uploads\/2026\/02\/WCTL-Logo.jpg\",\"contentUrl\":\"https:\/\/westcoasttriallawyers.com\/wp-content\/uploads\/2026\/02\/WCTL-Logo.jpg\",\"width\":696,\"height\":696,\"caption\":\"West Coast Trial Lawyers\"},\"image\":{\"@id\":\"https:\/\/westcoasttriallawyers.com\/es#\/schema\/logo\/image\/\"},\"sameAs\":[\"https:\/\/www.facebook.com\/westcoasttriallawyers\/\",\"https:\/\/x.com\/WestCoastTrial\",\"https:\/\/www.linkedin.com\/company\/west-coast-trial-lawyers\/\",\"https:\/\/www.instagram.com\/westcoasttriallawyers\/\",\"https:\/\/www.yelp.com\/biz\/west-coast-trial-lawyers-los-angeles-2\",\"https:\/\/www.pinterest.com\/westcoasttrial\/\",\"https:\/\/www.youtube.com\/westcoasttriallawyersla\/\",\"https:\/\/www.tiktok.com\/westcoasttriallawyers\"],\"description\":\"West Coast Trial Lawyers is a top-rated personal injury law firm with a goal to provide expert legal representation to those in need. The law firm has offices across California, Nevada, Arizona, and Washington.\",\"legalName\":\"West Coast Trial Lawyers\"}]}<\/script>\n<!-- \/ Yoast SEO Premium plugin. -->","yoast_head_json":{"title":"Abogado de lesiones cerebrales de Glendale | West Coast Trial Lawyers","robots":{"index":"index","follow":"follow","max-snippet":"max-snippet:-1","max-image-preview":"max-image-preview:large","max-video-preview":"max-video-preview:-1"},"canonical":"https:\/\/westcoasttriallawyers.com\/es\/california\/glendale\/abogado-de-lesiones-cerebrales-de-glendale","og_locale":"es_ES","og_type":"article","og_title":"Abogado de lesiones cerebrales de Glendale","og_description":"S\u00edntomas de la lesi\u00f3n cerebral traum\u00e1tica y c\u00f3mo tratarla Las lesiones cerebrales deben tratarse de inmediato. En Glendale hay tres hospitales que te ayudar\u00e1n con tu proceso de recuperaci\u00f3n, que son Glendale Memorial Hospital, USC Verdugo Hills Hospital y Adventist Health Glendale. Una vez que ingrese a cualquiera de las ubicaciones, se le realizar\u00e1n ex\u00e1menes [&hellip;]","og_url":"https:\/\/westcoasttriallawyers.com\/es\/california\/glendale\/abogado-de-lesiones-cerebrales-de-glendale","og_site_name":"West Coast Trial Lawyers","article_publisher":"https:\/\/www.facebook.com\/westcoasttriallawyers\/","og_image":[{"width":557,"height":327,"url":"https:\/\/westcoasttriallawyers.com\/wp-content\/uploads\/2025\/07\/Glendale-3.webp","type":"image\/webp"}],"twitter_card":"summary_large_image","twitter_site":"@WestCoastTrial","twitter_misc":{"Tiempo de lectura":"5 minutos"},"schema":{"@context":"https:\/\/schema.org","@graph":[{"@type":["WebPage","ItemPage"],"@id":"https:\/\/westcoasttriallawyers.com\/es\/california\/glendale\/abogado-de-lesiones-cerebrales-de-glendale","url":"https:\/\/westcoasttriallawyers.com\/es\/california\/glendale\/abogado-de-lesiones-cerebrales-de-glendale","name":"Abogado de lesiones cerebrales de Glendale | West Coast Trial Lawyers","isPartOf":{"@id":"https:\/\/westcoasttriallawyers.com\/es#website"},"primaryImageOfPage":{"@id":"https:\/\/westcoasttriallawyers.com\/es\/california\/glendale\/abogado-de-lesiones-cerebrales-de-glendale#primaryimage"},"image":{"@id":"https:\/\/westcoasttriallawyers.com\/es\/california\/glendale\/abogado-de-lesiones-cerebrales-de-glendale#primaryimage"},"thumbnailUrl":"https:\/\/westcoasttriallawyers.com\/wp-content\/uploads\/2025\/07\/Glendale-3.webp","datePublished":"2026-01-13T23:06:37+00:00","breadcrumb":{"@id":"https:\/\/westcoasttriallawyers.com\/es\/california\/glendale\/abogado-de-lesiones-cerebrales-de-glendale#breadcrumb"},"inLanguage":"es","potentialAction":[{"@type":"ReadAction","target":["https:\/\/westcoasttriallawyers.com\/es\/california\/glendale\/abogado-de-lesiones-cerebrales-de-glendale"]}]},{"@type":"ImageObject","inLanguage":"es","@id":"https:\/\/westcoasttriallawyers.com\/es\/california\/glendale\/abogado-de-lesiones-cerebrales-de-glendale#primaryimage","url":"https:\/\/westcoasttriallawyers.com\/wp-content\/uploads\/2025\/07\/Glendale-3.webp","contentUrl":"https:\/\/westcoasttriallawyers.com\/wp-content\/uploads\/2025\/07\/Glendale-3.webp","width":557,"height":327},{"@type":"BreadcrumbList","@id":"https:\/\/westcoasttriallawyers.com\/es\/california\/glendale\/abogado-de-lesiones-cerebrales-de-glendale#breadcrumb","itemListElement":[{"@type":"ListItem","position":1,"name":"Inicio","item":"https:\/\/westcoasttriallawyers.com\/es"},{"@type":"ListItem","position":2,"name":"California","item":"https:\/\/westcoasttriallawyers.com\/es\/california"},{"@type":"ListItem","position":3,"name":"Glendale","item":"https:\/\/westcoasttriallawyers.com\/es\/california\/glendale"},{"@type":"ListItem","position":4,"name":"Abogado de lesiones cerebrales de Glendale"}]},{"@type":"WebSite","@id":"https:\/\/westcoasttriallawyers.com\/es#website","url":"https:\/\/westcoasttriallawyers.com\/es","name":"West Coast Trial Lawyers","description":"West Coast Trial Lawyers","publisher":{"@id":"https:\/\/westcoasttriallawyers.com\/es#organization"},"alternateName":"WCTL","potentialAction":[{"@type":"SearchAction","target":{"@type":"EntryPoint","urlTemplate":"https:\/\/westcoasttriallawyers.com\/es?s={search_term_string}"},"query-input":{"@type":"PropertyValueSpecification","valueRequired":true,"valueName":"search_term_string"}}],"inLanguage":"es"},{"@type":"Organization","@id":"https:\/\/westcoasttriallawyers.com\/es#organization","name":"West Coast Trial Lawyers","alternateName":"WCTL","url":"https:\/\/westcoasttriallawyers.com\/es","logo":{"@type":"ImageObject","inLanguage":"es","@id":"https:\/\/westcoasttriallawyers.com\/es#\/schema\/logo\/image\/","url":"https:\/\/westcoasttriallawyers.com\/wp-content\/uploads\/2026\/02\/WCTL-Logo.jpg","contentUrl":"https:\/\/westcoasttriallawyers.com\/wp-content\/uploads\/2026\/02\/WCTL-Logo.jpg","width":696,"height":696,"caption":"West Coast Trial Lawyers"},"image":{"@id":"https:\/\/westcoasttriallawyers.com\/es#\/schema\/logo\/image\/"},"sameAs":["https:\/\/www.facebook.com\/westcoasttriallawyers\/","https:\/\/x.com\/WestCoastTrial","https:\/\/www.linkedin.com\/company\/west-coast-trial-lawyers\/","https:\/\/www.instagram.com\/westcoasttriallawyers\/","https:\/\/www.yelp.com\/biz\/west-coast-trial-lawyers-los-angeles-2","https:\/\/www.pinterest.com\/westcoasttrial\/","https:\/\/www.youtube.com\/westcoasttriallawyersla\/","https:\/\/www.tiktok.com\/westcoasttriallawyers"],"description":"West Coast Trial Lawyers is a top-rated personal injury law firm with a goal to provide expert legal representation to those in need. The law firm has offices across California, Nevada, Arizona, and Washington.","legalName":"West Coast Trial Lawyers"}]}},"_links":{"self":[{"href":"https:\/\/westcoasttriallawyers.com\/es\/wp-json\/wp\/v2\/pages\/47622","targetHints":{"allow":["GET"]}}],"collection":[{"href":"https:\/\/westcoasttriallawyers.com\/es\/wp-json\/wp\/v2\/pages"}],"about":[{"href":"https:\/\/westcoasttriallawyers.com\/es\/wp-json\/wp\/v2\/types\/page"}],"author":[{"embeddable":true,"href":"https:\/\/westcoasttriallawyers.com\/es\/wp-json\/wp\/v2\/users\/475"}],"replies":[{"embeddable":true,"href":"https:\/\/westcoasttriallawyers.com\/es\/wp-json\/wp\/v2\/comments?post=47622"}],"version-history":[{"count":0,"href":"https:\/\/westcoasttriallawyers.com\/es\/wp-json\/wp\/v2\/pages\/47622\/revisions"}],"up":[{"embeddable":true,"href":"https:\/\/westcoasttriallawyers.com\/es\/wp-json\/wp\/v2\/pages\/47286"}],"wp:featuredmedia":[{"embeddable":true,"href":"https:\/\/westcoasttriallawyers.com\/es\/wp-json\/wp\/v2\/media\/45684"}],"wp:attachment":[{"href":"https:\/\/westcoasttriallawyers.com\/es\/wp-json\/wp\/v2\/media?parent=47622"}],"curies":[{"name":"wp","href":"https:\/\/api.w.org\/{rel}","templated":true}]}}