{"id":47620,"date":"2026-01-13T23:06:36","date_gmt":"2026-01-13T23:06:36","guid":{"rendered":"https:\/\/westcoasttriallawyers.com\/california\/glendale\/abogado-de-accidentes-de-bicicleta-de-glendale"},"modified":"2026-01-13T23:06:36","modified_gmt":"2026-01-13T23:06:36","slug":"abogado-de-accidentes-de-bicicleta-de-glendale","status":"publish","type":"page","link":"https:\/\/westcoasttriallawyers.com\/es\/california\/glendale\/abogado-de-accidentes-de-bicicleta-de-glendale","title":{"rendered":"Abogado de accidentes de bicicleta de Glendale"},"content":{"rendered":"<h2><strong>Accidentes de bicicleta en bicicleta: qu\u00e9 debe hacer despu\u00e9s y qu\u00e9 cobertura de seguro est\u00e1 disponible para compensar los da\u00f1os<\/strong><\/h2>\n<p>Se han producido informes de accidentes de bicicleta en toda la ciudad de Glendale. Muchos de estos incidentes han involucrado a un ciclista y un conductor. Por lo general, los ciclistas quedan en estado cr\u00edtico, mientras que un conductor solo sufre da\u00f1os a la propiedad. Otro tipo de accidente de bicicleta puede involucrar a un ciclista sin experiencia que no sabe c\u00f3mo andar en bicicleta. Este tipo de ciclistas a menudo se lastiman a s\u00ed mismos, ya que no tienen la experiencia suficiente para saber c\u00f3mo usar una bicicleta correctamente.<\/p>\n<p>Si estuvo involucrado en un accidente de bicicleta y desea iniciar acciones legales contra la parte culpable, West Coast Trial Lawyers cuenta con abogados experimentados en lesiones personales de Glendale que est\u00e1n disponibles para ayudarlo con su caso. Nuestro equipo tiene m\u00e1s de 60 a\u00f1os de experiencia legal colectiva en el manejo de casos de lesiones personales. Hemos ganado m\u00e1s de 5,000 casos y recuperado m\u00e1s de $1,000 millones en acuerdos y juicios para nuestros clientes. Debido a nuestro \u00e9xito, hemos sido reconocidos como uno de los mejores bufetes de abogados de lesiones personales en Glendale.<\/p>\n<p>Si desea programar una consulta gratuita en nuestro bufete de abogados de lesiones personales de Glendale, comun\u00edquese hoy con nuestro equipo legal las 24 horas, los 7 d\u00edas de la semana llamando al&nbsp;<strong>213-927-3700<\/strong> o enviando un correo electr\u00f3nico a&nbsp;<a href=\"mailto:info@westcoasttriallawyers.com\"><strong>info@westcoasttriallawyers.com<\/strong><\/a><strong>.&nbsp;<\/strong><\/p>\n<h2><strong>Accidentes de bicicleta en bicicleta<\/strong><\/h2>\n<p>Con nuestro planeta enfrentando problemas de contaminaci\u00f3n, muchas personas han tomado la ruta de ser ecol\u00f3gicos y usar bicicletas para viajar. Este cambio ha aumentado el n\u00famero de ciclistas en las calles de Glendale. Acostumbrarse a esta transici\u00f3n cultural puede tomar alg\u00fan tiempo, especialmente cuando las personas tienen que aprender qu\u00e9 reglas de tr\u00e1nsito se aplican a las bicicletas.<\/p>\n<p>Desafortunadamente, hay ciclistas que eligen ir en contra de estas reglas de seguridad. Esto har\u00e1 que sea m\u00e1s probable que ocurra un accidente de bicicleta en bicicleta. Si est\u00e1s involucrado en un accidente con otro ciclista, aqu\u00ed hay algunos consejos sobre lo que debes hacer:<\/p>\n<ul>\n<li><strong>Vaya al lugar cercano m\u00e1s seguro.&nbsp;<\/strong>Si es f\u00edsicamente capaz de hacerlo, mu\u00e9vase usted y los dem\u00e1s a un lugar seguro. Permanecer en el medio de la carretera solo empeorar\u00e1 la situaci\u00f3n y dificultar\u00e1 que los conductores pasen sin lastimarte. Si nota lesiones o da\u00f1os, comun\u00edquese con la polic\u00eda de inmediato.<\/li>\n<li><strong>Llame al 911.<\/strong> Los oficiales de polic\u00eda llegar\u00e1n a la escena del accidente y crear\u00e1n un informe policial oficial. Los param\u00e9dicos tambi\u00e9n pueden estar presentes para brindar atenci\u00f3n m\u00e9dica inmediata a quienes la necesiten.<\/li>\n<li><strong>Recopilar informaci\u00f3n.&nbsp;<\/strong>Aseg\u00farese de intercambiar informaci\u00f3n con la otra parte involucrada en el accidente de bicicleta. Esto incluye nombre(s), n\u00famero(s) de tel\u00e9fono e informaci\u00f3n del seguro. Tambi\u00e9n debe hablar con cualquier testigo y pedir su consentimiento para adquirir su informaci\u00f3n de contacto. Los testimonios de los testigos pueden fortalecer mucho su caso. Por \u00faltimo, debe solicitar el n\u00famero de placa del oficial de polic\u00eda y solicitar una copia del informe policial oficial.<\/li>\n<li><strong>Tome fotos o videos del incidente.&nbsp;<\/strong>Es ideal tener una prueba visual del accidente. Esto incluye tomar una fotograf\u00eda de sus lesiones, da\u00f1os y el lugar donde ocurri\u00f3 el accidente.<\/li>\n<li><strong>Busque atenci\u00f3n m\u00e9dica.<\/strong> Es importante ser evaluado por un m\u00e9dico experto. Independientemente de si sufri\u00f3 una lesi\u00f3n menor, moderada o grave, debe hacerse un chequeo. El m\u00e9dico examinar\u00e1 su herida y determinar\u00e1 un diagn\u00f3stico. Un plan de tratamiento se har\u00e1 poco despu\u00e9s para ayudar con su proceso de recuperaci\u00f3n. Sus visitas al m\u00e9dico tambi\u00e9n se guardar\u00e1n en un archivo. Estos registros se pueden usar como prueba en su reclamo.<\/li>\n<\/ul>\n<h2><strong>Seguro de Bicicleta en Glendale<\/strong><\/h2>\n<p>En Glendale, no se requiere que un ciclista est\u00e9 asegurado. En general, el seguro de propietario de vivienda cubre accidentes de bicicleta en bicicleta. Sin embargo, el seguro de auto no lo hace. Si tiene un accidente con un autom\u00f3vil, la compa\u00f1\u00eda de seguros presentar\u00e1 la disputa como un accidente de veh\u00edculo \u00abinsuficiente o sin seguro\u00bb. Para darle una idea m\u00e1s clara de c\u00f3mo puede utilizar las p\u00f3lizas de seguro para su bicicleta, lea la lista a continuaci\u00f3n:<\/p>\n<ul>\n<li><strong>Seguro de hogar.&nbsp;<\/strong>Esto solo se aplicar\u00e1 a los accidentes de bicicleta en bicicleta si el contrato menciona \u00abcobertura de actividad personal\u00bb. Si tiene \u00absolo ubicaci\u00f3n\u00bb, entonces su cobertura de accidente de bicicleta no estar\u00e1 completamente cubierta.<\/li>\n<li><strong>Seguro de bicicleta.&nbsp;<\/strong>Este tipo de seguro existe. Sin embargo, no est\u00e1 regulado en toda la industria. Las compa\u00f1\u00edas de seguros le cobrar\u00e1n diferentes precios seg\u00fan la frecuencia con la que use su bicicleta y el estado en el que se encuentre.<\/li>\n<\/ul>\n<h2><strong>Se\u00f1ales de mano para bicicleta<\/strong><\/h2>\n<p>Para mantenerse en el lado seguro, es importante que use se\u00f1ales de mano para avisar a los veh\u00edculos detr\u00e1s de usted que planea detenerse o moverse a otro carril. Esta es una t\u00e9cnica muy efectiva y simple que se puede entender con bastante facilidad.<\/p>\n<ul>\n<li><strong>Det\u00e9ngase o disminuya la velocidad.&nbsp;<\/strong>Para mostrar que est\u00e1 a punto de detenerse o reducir la velocidad, debe colocar el brazo izquierdo hacia abajo con la palma de la mano abierta.<\/li>\n<li><strong>Giro a la izquierda.&nbsp;<\/strong>Para se\u00f1alar un giro a la izquierda, debe levantar el brazo izquierdo y estirarlo hacia la izquierda.<\/li>\n<li><strong>Vuelta a la derecha.<\/strong> La primera forma de indicar un giro a la derecha es extender el brazo derecho de manera horizontal.<\/li>\n<li><strong>Giro alternativo a la derecha.&nbsp;<\/strong>La segunda forma de se\u00f1alar un giro a la derecha es levantar el brazo izquierdo y crear un \u00e1ngulo recto.<\/li>\n<\/ul>\n<h2><strong>Cont\u00e1ctenos<\/strong><\/h2>\n<p>Si estuvo involucrado en un accidente de bicicleta y desea presentar una demanda contra la persona culpable, West Coast Trial Lawyers tiene abogados de accidentes de bicicleta en Glendale que est\u00e1n disponibles para ayudarlo con su caso.<\/p>\n<p>Para programar una consulta gratuita y sin compromiso en nuestro bufete de abogados de lesiones personales de Glendale, comun\u00edquese con nuestro equipo legal las 24 horas del d\u00eda, los 7 d\u00edas de la semana llamando al&nbsp;<strong>213-927-3700<\/strong> o enviando un correo electr\u00f3nico a&nbsp;<a href=\"mailto:info@westcoasttriallawyers.com\"><strong>info@westcoasttriallawyers.com<\/strong><\/a><strong>.&nbsp;<\/strong><br \/>\n<!-- WCTL_DEBUG: no shortcode in this_content --><\/p>\n","protected":false},"excerpt":{"rendered":"<p>Accidentes de bicicleta en bicicleta: qu\u00e9 debe hacer despu\u00e9s y qu\u00e9 cobertura de seguro est\u00e1 disponible para compensar los da\u00f1os Se han producido informes de accidentes de bicicleta en toda la ciudad de Glendale. Muchos de estos incidentes han involucrado a un ciclista y un conductor. Por lo general, los ciclistas quedan en estado cr\u00edtico, [&hellip;]<\/p>\n","protected":false},"author":475,"featured_media":45679,"parent":47286,"menu_order":0,"comment_status":"closed","ping_status":"closed","template":"","meta":{"inline_featured_image":false,"footnotes":""},"class_list":["post-47620","page","type-page","status-publish","has-post-thumbnail","hentry"],"acf":[],"yoast_head":"<!-- This site is optimized with the Yoast SEO Premium plugin v26.0 (Yoast SEO v26.0) - https:\/\/yoast.com\/wordpress\/plugins\/seo\/ -->\n<title>Abogado de accidentes de bicicleta de Glendale | West Coast Trial Lawyers<\/title>\n<meta name=\"robots\" content=\"index, follow, max-snippet:-1, max-image-preview:large, max-video-preview:-1\" \/>\n<link rel=\"canonical\" href=\"https:\/\/westcoasttriallawyers.com\/es\/california\/glendale\/abogado-de-accidentes-de-bicicleta-de-glendale\" \/>\n<meta property=\"og:locale\" content=\"es_ES\" \/>\n<meta property=\"og:type\" content=\"article\" \/>\n<meta property=\"og:title\" content=\"Abogado de accidentes de bicicleta de Glendale\" \/>\n<meta property=\"og:description\" content=\"Accidentes de bicicleta en bicicleta: qu\u00e9 debe hacer despu\u00e9s y qu\u00e9 cobertura de seguro est\u00e1 disponible para compensar los da\u00f1os Se han producido informes de accidentes de bicicleta en toda la ciudad de Glendale. Muchos de estos incidentes han involucrado a un ciclista y un conductor. Por lo general, los ciclistas quedan en estado cr\u00edtico, [&hellip;]\" \/>\n<meta property=\"og:url\" content=\"https:\/\/westcoasttriallawyers.com\/es\/california\/glendale\/abogado-de-accidentes-de-bicicleta-de-glendale\" \/>\n<meta property=\"og:site_name\" content=\"West Coast Trial Lawyers\" \/>\n<meta property=\"article:publisher\" content=\"https:\/\/www.facebook.com\/westcoasttriallawyers\/\" \/>\n<meta property=\"og:image\" content=\"https:\/\/westcoasttriallawyers.com\/wp-content\/uploads\/2025\/07\/Glendale-1.webp\" \/>\n\t<meta property=\"og:image:width\" content=\"557\" \/>\n\t<meta property=\"og:image:height\" content=\"327\" \/>\n\t<meta property=\"og:image:type\" content=\"image\/webp\" \/>\n<meta name=\"twitter:card\" content=\"summary_large_image\" \/>\n<meta name=\"twitter:site\" content=\"@WestCoastTrial\" \/>\n<meta name=\"twitter:label1\" content=\"Tiempo de lectura\" \/>\n\t<meta name=\"twitter:data1\" content=\"6 minutos\" \/>\n<script type=\"application\/ld+json\" class=\"yoast-schema-graph\">{\"@context\":\"https:\/\/schema.org\",\"@graph\":[{\"@type\":[\"WebPage\",\"ItemPage\"],\"@id\":\"https:\/\/westcoasttriallawyers.com\/es\/california\/glendale\/abogado-de-accidentes-de-bicicleta-de-glendale\",\"url\":\"https:\/\/westcoasttriallawyers.com\/es\/california\/glendale\/abogado-de-accidentes-de-bicicleta-de-glendale\",\"name\":\"Abogado de accidentes de bicicleta de Glendale | West Coast Trial Lawyers\",\"isPartOf\":{\"@id\":\"https:\/\/westcoasttriallawyers.com\/es#website\"},\"primaryImageOfPage\":{\"@id\":\"https:\/\/westcoasttriallawyers.com\/es\/california\/glendale\/abogado-de-accidentes-de-bicicleta-de-glendale#primaryimage\"},\"image\":{\"@id\":\"https:\/\/westcoasttriallawyers.com\/es\/california\/glendale\/abogado-de-accidentes-de-bicicleta-de-glendale#primaryimage\"},\"thumbnailUrl\":\"https:\/\/westcoasttriallawyers.com\/wp-content\/uploads\/2025\/07\/Glendale-1.webp\",\"datePublished\":\"2026-01-13T23:06:36+00:00\",\"breadcrumb\":{\"@id\":\"https:\/\/westcoasttriallawyers.com\/es\/california\/glendale\/abogado-de-accidentes-de-bicicleta-de-glendale#breadcrumb\"},\"inLanguage\":\"es\",\"potentialAction\":[{\"@type\":\"ReadAction\",\"target\":[\"https:\/\/westcoasttriallawyers.com\/es\/california\/glendale\/abogado-de-accidentes-de-bicicleta-de-glendale\"]}]},{\"@type\":\"ImageObject\",\"inLanguage\":\"es\",\"@id\":\"https:\/\/westcoasttriallawyers.com\/es\/california\/glendale\/abogado-de-accidentes-de-bicicleta-de-glendale#primaryimage\",\"url\":\"https:\/\/westcoasttriallawyers.com\/wp-content\/uploads\/2025\/07\/Glendale-1.webp\",\"contentUrl\":\"https:\/\/westcoasttriallawyers.com\/wp-content\/uploads\/2025\/07\/Glendale-1.webp\",\"width\":557,\"height\":327},{\"@type\":\"BreadcrumbList\",\"@id\":\"https:\/\/westcoasttriallawyers.com\/es\/california\/glendale\/abogado-de-accidentes-de-bicicleta-de-glendale#breadcrumb\",\"itemListElement\":[{\"@type\":\"ListItem\",\"position\":1,\"name\":\"Inicio\",\"item\":\"https:\/\/westcoasttriallawyers.com\/es\"},{\"@type\":\"ListItem\",\"position\":2,\"name\":\"California\",\"item\":\"https:\/\/westcoasttriallawyers.com\/es\/california\"},{\"@type\":\"ListItem\",\"position\":3,\"name\":\"Glendale\",\"item\":\"https:\/\/westcoasttriallawyers.com\/es\/california\/glendale\"},{\"@type\":\"ListItem\",\"position\":4,\"name\":\"Abogado de accidentes de bicicleta de Glendale\"}]},{\"@type\":\"WebSite\",\"@id\":\"https:\/\/westcoasttriallawyers.com\/es#website\",\"url\":\"https:\/\/westcoasttriallawyers.com\/es\",\"name\":\"West Coast Trial Lawyers\",\"description\":\"West Coast Trial Lawyers\",\"publisher\":{\"@id\":\"https:\/\/westcoasttriallawyers.com\/es#organization\"},\"alternateName\":\"WCTL\",\"potentialAction\":[{\"@type\":\"SearchAction\",\"target\":{\"@type\":\"EntryPoint\",\"urlTemplate\":\"https:\/\/westcoasttriallawyers.com\/es?s={search_term_string}\"},\"query-input\":{\"@type\":\"PropertyValueSpecification\",\"valueRequired\":true,\"valueName\":\"search_term_string\"}}],\"inLanguage\":\"es\"},{\"@type\":\"Organization\",\"@id\":\"https:\/\/westcoasttriallawyers.com\/es#organization\",\"name\":\"West Coast Trial Lawyers\",\"alternateName\":\"WCTL\",\"url\":\"https:\/\/westcoasttriallawyers.com\/es\",\"logo\":{\"@type\":\"ImageObject\",\"inLanguage\":\"es\",\"@id\":\"https:\/\/westcoasttriallawyers.com\/es#\/schema\/logo\/image\/\",\"url\":\"https:\/\/westcoasttriallawyers.com\/wp-content\/uploads\/2026\/02\/WCTL-Logo.jpg\",\"contentUrl\":\"https:\/\/westcoasttriallawyers.com\/wp-content\/uploads\/2026\/02\/WCTL-Logo.jpg\",\"width\":696,\"height\":696,\"caption\":\"West Coast Trial Lawyers\"},\"image\":{\"@id\":\"https:\/\/westcoasttriallawyers.com\/es#\/schema\/logo\/image\/\"},\"sameAs\":[\"https:\/\/www.facebook.com\/westcoasttriallawyers\/\",\"https:\/\/x.com\/WestCoastTrial\",\"https:\/\/www.linkedin.com\/company\/west-coast-trial-lawyers\/\",\"https:\/\/www.instagram.com\/westcoasttriallawyers\/\",\"https:\/\/www.yelp.com\/biz\/west-coast-trial-lawyers-los-angeles-2\",\"https:\/\/www.pinterest.com\/westcoasttrial\/\",\"https:\/\/www.youtube.com\/westcoasttriallawyersla\/\",\"https:\/\/www.tiktok.com\/westcoasttriallawyers\"],\"description\":\"West Coast Trial Lawyers is a top-rated personal injury law firm with a goal to provide expert legal representation to those in need. The law firm has offices across California, Nevada, Arizona, and Washington.\",\"legalName\":\"West Coast Trial Lawyers\"}]}<\/script>\n<!-- \/ Yoast SEO Premium plugin. -->","yoast_head_json":{"title":"Abogado de accidentes de bicicleta de Glendale | West Coast Trial Lawyers","robots":{"index":"index","follow":"follow","max-snippet":"max-snippet:-1","max-image-preview":"max-image-preview:large","max-video-preview":"max-video-preview:-1"},"canonical":"https:\/\/westcoasttriallawyers.com\/es\/california\/glendale\/abogado-de-accidentes-de-bicicleta-de-glendale","og_locale":"es_ES","og_type":"article","og_title":"Abogado de accidentes de bicicleta de Glendale","og_description":"Accidentes de bicicleta en bicicleta: qu\u00e9 debe hacer despu\u00e9s y qu\u00e9 cobertura de seguro est\u00e1 disponible para compensar los da\u00f1os Se han producido informes de accidentes de bicicleta en toda la ciudad de Glendale. Muchos de estos incidentes han involucrado a un ciclista y un conductor. Por lo general, los ciclistas quedan en estado cr\u00edtico, [&hellip;]","og_url":"https:\/\/westcoasttriallawyers.com\/es\/california\/glendale\/abogado-de-accidentes-de-bicicleta-de-glendale","og_site_name":"West Coast Trial Lawyers","article_publisher":"https:\/\/www.facebook.com\/westcoasttriallawyers\/","og_image":[{"width":557,"height":327,"url":"https:\/\/westcoasttriallawyers.com\/wp-content\/uploads\/2025\/07\/Glendale-1.webp","type":"image\/webp"}],"twitter_card":"summary_large_image","twitter_site":"@WestCoastTrial","twitter_misc":{"Tiempo de lectura":"6 minutos"},"schema":{"@context":"https:\/\/schema.org","@graph":[{"@type":["WebPage","ItemPage"],"@id":"https:\/\/westcoasttriallawyers.com\/es\/california\/glendale\/abogado-de-accidentes-de-bicicleta-de-glendale","url":"https:\/\/westcoasttriallawyers.com\/es\/california\/glendale\/abogado-de-accidentes-de-bicicleta-de-glendale","name":"Abogado de accidentes de bicicleta de Glendale | West Coast Trial Lawyers","isPartOf":{"@id":"https:\/\/westcoasttriallawyers.com\/es#website"},"primaryImageOfPage":{"@id":"https:\/\/westcoasttriallawyers.com\/es\/california\/glendale\/abogado-de-accidentes-de-bicicleta-de-glendale#primaryimage"},"image":{"@id":"https:\/\/westcoasttriallawyers.com\/es\/california\/glendale\/abogado-de-accidentes-de-bicicleta-de-glendale#primaryimage"},"thumbnailUrl":"https:\/\/westcoasttriallawyers.com\/wp-content\/uploads\/2025\/07\/Glendale-1.webp","datePublished":"2026-01-13T23:06:36+00:00","breadcrumb":{"@id":"https:\/\/westcoasttriallawyers.com\/es\/california\/glendale\/abogado-de-accidentes-de-bicicleta-de-glendale#breadcrumb"},"inLanguage":"es","potentialAction":[{"@type":"ReadAction","target":["https:\/\/westcoasttriallawyers.com\/es\/california\/glendale\/abogado-de-accidentes-de-bicicleta-de-glendale"]}]},{"@type":"ImageObject","inLanguage":"es","@id":"https:\/\/westcoasttriallawyers.com\/es\/california\/glendale\/abogado-de-accidentes-de-bicicleta-de-glendale#primaryimage","url":"https:\/\/westcoasttriallawyers.com\/wp-content\/uploads\/2025\/07\/Glendale-1.webp","contentUrl":"https:\/\/westcoasttriallawyers.com\/wp-content\/uploads\/2025\/07\/Glendale-1.webp","width":557,"height":327},{"@type":"BreadcrumbList","@id":"https:\/\/westcoasttriallawyers.com\/es\/california\/glendale\/abogado-de-accidentes-de-bicicleta-de-glendale#breadcrumb","itemListElement":[{"@type":"ListItem","position":1,"name":"Inicio","item":"https:\/\/westcoasttriallawyers.com\/es"},{"@type":"ListItem","position":2,"name":"California","item":"https:\/\/westcoasttriallawyers.com\/es\/california"},{"@type":"ListItem","position":3,"name":"Glendale","item":"https:\/\/westcoasttriallawyers.com\/es\/california\/glendale"},{"@type":"ListItem","position":4,"name":"Abogado de accidentes de bicicleta de Glendale"}]},{"@type":"WebSite","@id":"https:\/\/westcoasttriallawyers.com\/es#website","url":"https:\/\/westcoasttriallawyers.com\/es","name":"West Coast Trial Lawyers","description":"West Coast Trial Lawyers","publisher":{"@id":"https:\/\/westcoasttriallawyers.com\/es#organization"},"alternateName":"WCTL","potentialAction":[{"@type":"SearchAction","target":{"@type":"EntryPoint","urlTemplate":"https:\/\/westcoasttriallawyers.com\/es?s={search_term_string}"},"query-input":{"@type":"PropertyValueSpecification","valueRequired":true,"valueName":"search_term_string"}}],"inLanguage":"es"},{"@type":"Organization","@id":"https:\/\/westcoasttriallawyers.com\/es#organization","name":"West Coast Trial Lawyers","alternateName":"WCTL","url":"https:\/\/westcoasttriallawyers.com\/es","logo":{"@type":"ImageObject","inLanguage":"es","@id":"https:\/\/westcoasttriallawyers.com\/es#\/schema\/logo\/image\/","url":"https:\/\/westcoasttriallawyers.com\/wp-content\/uploads\/2026\/02\/WCTL-Logo.jpg","contentUrl":"https:\/\/westcoasttriallawyers.com\/wp-content\/uploads\/2026\/02\/WCTL-Logo.jpg","width":696,"height":696,"caption":"West Coast Trial Lawyers"},"image":{"@id":"https:\/\/westcoasttriallawyers.com\/es#\/schema\/logo\/image\/"},"sameAs":["https:\/\/www.facebook.com\/westcoasttriallawyers\/","https:\/\/x.com\/WestCoastTrial","https:\/\/www.linkedin.com\/company\/west-coast-trial-lawyers\/","https:\/\/www.instagram.com\/westcoasttriallawyers\/","https:\/\/www.yelp.com\/biz\/west-coast-trial-lawyers-los-angeles-2","https:\/\/www.pinterest.com\/westcoasttrial\/","https:\/\/www.youtube.com\/westcoasttriallawyersla\/","https:\/\/www.tiktok.com\/westcoasttriallawyers"],"description":"West Coast Trial Lawyers is a top-rated personal injury law firm with a goal to provide expert legal representation to those in need. The law firm has offices across California, Nevada, Arizona, and Washington.","legalName":"West Coast Trial Lawyers"}]}},"_links":{"self":[{"href":"https:\/\/westcoasttriallawyers.com\/es\/wp-json\/wp\/v2\/pages\/47620","targetHints":{"allow":["GET"]}}],"collection":[{"href":"https:\/\/westcoasttriallawyers.com\/es\/wp-json\/wp\/v2\/pages"}],"about":[{"href":"https:\/\/westcoasttriallawyers.com\/es\/wp-json\/wp\/v2\/types\/page"}],"author":[{"embeddable":true,"href":"https:\/\/westcoasttriallawyers.com\/es\/wp-json\/wp\/v2\/users\/475"}],"replies":[{"embeddable":true,"href":"https:\/\/westcoasttriallawyers.com\/es\/wp-json\/wp\/v2\/comments?post=47620"}],"version-history":[{"count":0,"href":"https:\/\/westcoasttriallawyers.com\/es\/wp-json\/wp\/v2\/pages\/47620\/revisions"}],"up":[{"embeddable":true,"href":"https:\/\/westcoasttriallawyers.com\/es\/wp-json\/wp\/v2\/pages\/47286"}],"wp:featuredmedia":[{"embeddable":true,"href":"https:\/\/westcoasttriallawyers.com\/es\/wp-json\/wp\/v2\/media\/45679"}],"wp:attachment":[{"href":"https:\/\/westcoasttriallawyers.com\/es\/wp-json\/wp\/v2\/media?parent=47620"}],"curies":[{"name":"wp","href":"https:\/\/api.w.org\/{rel}","templated":true}]}}