{"id":47337,"date":"2026-01-12T19:11:45","date_gmt":"2026-01-12T19:11:45","guid":{"rendered":"https:\/\/westcoasttriallawyers.com\/?page_id=47337"},"modified":"2026-01-21T18:11:06","modified_gmt":"2026-01-21T18:11:06","slug":"bakersfield","status":"publish","type":"page","link":"https:\/\/westcoasttriallawyers.com\/es\/california\/bakersfield","title":{"rendered":"Bakersfield"},"content":{"rendered":"\r\n<h2 id=\"h-contacte-a-abogados-de-la-costa-oeste-en-bakersfield-para-comenzar-su-reclamo-por-lesiones-personales\" class=\"wp-block-heading\">Contacte a Abogados De La Costa Oeste en Bakersfield para comenzar su reclamo por lesiones personales<\/h2>\r\n\r\n\r\n\r\n<p>Las demandas por lesiones personales son de gran alcance y abarcan una variedad de situaciones, como accidentes automovil\u00edsticos, resbalones y ca\u00eddas, muertes por negligencia, y muchas m\u00e1s. Independientemente del tipo de accidente que caus\u00f3 sus lesiones, sufrir cualquier tipo de lesi\u00f3n siempre traer\u00e1 dolor f\u00edsico, sufrimiento emocional y cambios que alterar\u00e1n su vida. Al estr\u00e9s que viven muchas v\u00edctimas de accidentes se suma la realidad de tener que lidiar con compa\u00f1\u00edas de seguros, procesos legales complejos y el pago de costosas facturas m\u00e9dicas.<\/p>\r\n\r\n\r\n\r\n<p>El compasivo equipo de abogados de lesiones personales de Abogados De La Costa Oeste en Bakersfield tiene <strong>m\u00e1s de 100 a\u00f1os de experiencia especializada en ayudar a las v\u00edctimas<\/strong> a buscar justicia y compensaci\u00f3n por sus p\u00e9rdidas. Entendemos absolutamente las dificultades que est\u00e1 enfrentando y nos llena de orgullo decirle que hemos recuperado m\u00e1s de $1 mil millones en da\u00f1os para nuestros clientes.<\/p>\r\n\r\n\r\n\r\n<p>Somos abogados egresados de Harvard y nuestro equipo incluye ex-fiscales federales y ajustadores de seguros que saben exactamente c\u00f3mo operan las compa\u00f1\u00edas de seguros desde adentro. No dude en comunicarse con nosotros las 24 horas del d\u00eda, los 7 d\u00edas de la semana al <a href=\"tel:8885634417\">888-563-4417<\/a> o complete nuestro breve <a href=\"https:\/\/westcoasttriallawyers.com\/es\/contactenos\">formulario en l\u00ednea<\/a> para programar una consulta gratuita con nuestro equipo legal experimentado, atento y compasivo.<\/p>\r\n\r\n\r\n\r\n<figure class=\"wp-block-image size-large\"><img width=\"1024\" height=\"260\" class=\"wp-image-15149\" src=\"https:\/\/westcoasttriallawyers.com\/wp-content\/uploads\/2023\/11\/1K7A2738-Edit-crop-1024x260.jpg\" alt=\"\" srcset=\"https:\/\/westcoasttriallawyers.com\/wp-content\/uploads\/2023\/11\/1K7A2738-Edit-crop-1024x260.jpg 1024w, https:\/\/westcoasttriallawyers.com\/wp-content\/uploads\/2023\/11\/1K7A2738-Edit-crop-300x76.jpg 300w, https:\/\/westcoasttriallawyers.com\/wp-content\/uploads\/2023\/11\/1K7A2738-Edit-crop-768x195.jpg 768w, https:\/\/westcoasttriallawyers.com\/wp-content\/uploads\/2023\/11\/1K7A2738-Edit-crop-1536x391.jpg 1536w, https:\/\/westcoasttriallawyers.com\/wp-content\/uploads\/2023\/11\/1K7A2738-Edit-crop-2048x521.jpg 2048w, https:\/\/westcoasttriallawyers.com\/wp-content\/uploads\/2023\/11\/1K7A2738-Edit-crop-1200x305.jpg 1200w, https:\/\/westcoasttriallawyers.com\/wp-content\/uploads\/2023\/11\/1K7A2738-Edit-crop-1400x356.jpg 1400w\" sizes=\"(max-width: 1024px) 100vw, 1024px\" \/><\/figure>\r\n\r\n\r\n\r\n<h2 id=\"h-tipos-de-casos-que-manejamos\" class=\"wp-block-heading\"><strong>Tipos de casos que manejamos<\/strong><\/h2>\r\n\r\n\r\n\r\n<p>El equipo de abogados de lesiones personales de Abogados De La Costa Oeste en Bakersfield est\u00e1 preparado para manejar cualquier tipo de demanda por lesiones personales que se pueda imaginar. Lea a continuaci\u00f3n para obtener m\u00e1s informaci\u00f3n sobre los tipos de casos con los que podemos ayudarle.<\/p>\r\n<p><span data-teams=\"true\"><\/span><\/p>\r\n\r\n\r\n\r\n\r\n\r\n<h2 id=\"h-los-fundamentos-de-la-responsabilidad-por-lesiones-personales\" class=\"wp-block-heading\"><strong>Los fundamentos de la responsabilidad por lesiones personales<\/strong><\/h2>\r\n<p><img style=\"aspect-ratio: 16\/9; object-fit: cover;\" src=\"https:\/\/images.surferseo.art\/ec293ae9-aa95-4a02-b659-57ac49431912.png\" alt=\"A lawyer discussing a personal injury case with a client\" \/><\/p>\r\n\r\n\r\n\r\n<p>Determinar la responsabilidad despu\u00e9s de cualquier tipo de accidente en que haya personas lesionadas es crucial para saber si tiene o no derecho a recibir indemnizaci\u00f3n por sus p\u00e9rdidas. Establecer la responsabilidad en California es un proceso desafiante, especialmente cuando hay varias partes involucradas. Sin embargo, la responsabilidad generalmente se basa en la negligencia y comportamientos descuidados.<\/p>\r\n\r\n\r\n\r\n<p>Es decir, que cualquier individuo, entidad o grupo de personas negligente que haya causado da\u00f1os, ser\u00e1 responsable de cualquier lesi\u00f3n que haya sufrido la v\u00edctima, as\u00ed como de los da\u00f1os monetarios. En lo que respecta a las demandas por lesiones personales, la negligencia es una forma de comportamiento descuidado o imprudente. El comportamiento negligente es inaceptable y tambi\u00e9n es ilegal.<\/p>\r\n\r\n\r\n\r\n<p>Si, por ejemplo, otro conductor lo lesion\u00f3, debe poder demostrar que su negligencia fue la causa directa de sus lesiones. El est\u00e1ndar legal por negligencia en el estado de California considerar\u00e1 los siguientes tres elementos:<\/p>\r\n\r\n\r\n\r\n<ul class=\"wp-block-list\">\r\n<li>El demandado le deb\u00eda el deber de cuidado;<\/li>\r\n\r\n\r\n\r\n<li>El demandado incumpli\u00f3 su deber de cuidado por negligencia; y<\/li>\r\n\r\n\r\n\r\n<li>La negligencia del acusado fue la causa principal de las lesiones.<\/li>\r\n<\/ul>\r\n\r\n\r\n\r\n<h2 id=\"h-cual-es-el-deber-de-cuidado\" class=\"wp-block-heading\"><strong>\u00bfCu\u00e1l es el deber de cuidado?<\/strong><\/h2>\r\n<p><img style=\"aspect-ratio: 16\/9; object-fit: cover;\" src=\"https:\/\/images.surferseo.art\/0abb8ce5-5cd1-481c-8e17-ac007a4f2e2a.png\" alt=\"A lawyer discussing the importance of hiring a WCTL Bakersfield Personal Injury Lawyer\" \/><\/p>\r\n\r\n\r\n\r\n<p>Usemos los accidentes automovil\u00edsticos como ejemplo. El deber de cuidado para un conductor significa obedecer las leyes de tr\u00e1nsito, no conducir bajo la influencia y manejar concentrado en la carretera y alerta. Si un conductor estaba bajo los efectos de las drogas o el alcohol, caus\u00f3 su accidente y usted sufri\u00f3 lesiones, entonces ese conductor ser\u00e1 responsable del accidente, as\u00ed como tambi\u00e9n de la compensaci\u00f3n a la que usted tiene derecho.<\/p>\r\n\r\n\r\n\r\n<p>Sin embargo, el deber de cuidado se aplica a todo tipo de personas y situaciones, no solo a los conductores y los accidentes automovil\u00edsticos. Un supermercado tiene el deber de cuidar a sus clientes y entonces proporcionar instalaciones seguras. Quiere decir, por ejemplo, limpiar los derrames de l\u00edquidos para que las personas no sufran resbalones y ca\u00eddas. Todos los propietarios, desde propietarios de viviendas hasta edificios que son propiedad del Estado, deben tener condiciones razonablemente seguras en sus instalaciones, como contratar personal de seguridad profesional e instalar iluminaci\u00f3n apropiada.<\/p>\r\n\r\n\r\n\r\n<h2 id=\"h-se-puede-compartir-la-responsabilidad\" class=\"wp-block-heading\"><strong>\u00bfSe puede compartir la responsabilidad?<\/strong><\/h2>\r\n\r\n\r\n\r\n<p>Es posible que m\u00e1s de una persona sea responsable de causar un accidente, incluida la persona gravemente lesionada. California es un estado de negligencia comparativa, lo que significa que m\u00e1s de una persona puede ser declarada responsable de causar un accidente. La responsabilidad se dividir\u00e1 en funci\u00f3n del grado de culpa de cada individuo. La compensaci\u00f3n tambi\u00e9n se divide seg\u00fan como haya sido dividida la responsabilidad. Finalmente, las indemnizaciones disponibles se ajustar\u00e1n en funci\u00f3n del grado de culpa de cada individuo. Por ejemplo, supongamos que sufri\u00f3 fracturas de huesos en un accidente peatonal. El conductor que lo golpe\u00f3 ser\u00e1 responsable de sus lesiones. Sin embargo, si estaba caminando en estado de ebriedad o estaba mirando su tel\u00e9fono cuando ocurri\u00f3 el accidente, es posible que sea parcialmente responsable. Lo que quiere decir que la cantidad de compensaci\u00f3n puede reducirse de acuerdo con la cantidad de negligencia que contribuy\u00f3 a causar el accidente.<\/p>\r\n\r\n\r\n\r\n<h2 id=\"h-contactenos\" class=\"wp-block-heading\"><strong>Cont\u00e1ctenos<\/strong><\/h2>\r\n<p><img width=\"1024\" height=\"260\" class=\"wp-image-15148\" src=\"https:\/\/westcoasttriallawyers.com\/wp-content\/uploads\/2023\/11\/1K7A2738-Edit-crop-1024x260.jpg\" alt=\"\" srcset=\"https:\/\/westcoasttriallawyers.com\/wp-content\/uploads\/2023\/11\/1K7A2738-Edit-crop-1024x260.jpg 1024w, https:\/\/westcoasttriallawyers.com\/wp-content\/uploads\/2023\/11\/1K7A2738-Edit-crop-300x76.jpg 300w, https:\/\/westcoasttriallawyers.com\/wp-content\/uploads\/2023\/11\/1K7A2738-Edit-crop-768x195.jpg 768w, https:\/\/westcoasttriallawyers.com\/wp-content\/uploads\/2023\/11\/1K7A2738-Edit-crop-1536x391.jpg 1536w, https:\/\/westcoasttriallawyers.com\/wp-content\/uploads\/2023\/11\/1K7A2738-Edit-crop-2048x521.jpg 2048w, https:\/\/westcoasttriallawyers.com\/wp-content\/uploads\/2023\/11\/1K7A2738-Edit-crop-1200x305.jpg 1200w, https:\/\/westcoasttriallawyers.com\/wp-content\/uploads\/2023\/11\/1K7A2738-Edit-crop-1400x356.jpg 1400w\" sizes=\"(max-width: 1024px) 100vw, 1024px\" \/><\/p>\r\n\r\n\r\n\r\n<p>Si necesita un abogado de lesiones personales, Abogados De La Costa Oeste est\u00e1 disponible las 24 horas del d\u00eda, los 7 d\u00edas de la semana para ayudarlo con su situaci\u00f3n. Nuestros abogados de lesiones personales de Bakersfield se dedicar\u00e1n a su caso de lesiones personales para garantizar que tenga un resultado final satisfactorio.<\/p>\r\n\r\n\r\n\r\n<p>Para programar una consulta gratuita y sin compromiso en nuestro bufete de abogados de lesiones personales de Bakersfield, comun\u00edquese con nuestro personal legal llamando al <a href=\"tel:8885634417\">888-563-4417<\/a> o llenando nuestro breve <a href=\"https:\/\/westcoasttriallawyers.com\/es\/contactenos\">formulario en l\u00ednea<\/a>.<\/p>\r\n\n<!-- WCTL_DEBUG: no shortcode in this_content -->\n<!-- GLOBAL_SHORTCODES_DEBUG: executed in the_content -->","protected":false},"excerpt":{"rendered":"<p>Contacte a Abogados De La Costa Oeste en Bakersfield para comenzar su reclamo por lesiones personales Las demandas por lesiones personales son de gran alcance y abarcan una variedad de situaciones, como accidentes automovil\u00edsticos, resbalones y ca\u00eddas, muertes por negligencia, y muchas m\u00e1s. Independientemente del tipo de accidente que caus\u00f3 sus lesiones, sufrir cualquier tipo [&hellip;]<\/p>\n","protected":false},"author":484,"featured_media":24280,"parent":43020,"menu_order":0,"comment_status":"closed","ping_status":"closed","template":"","meta":{"inline_featured_image":false,"footnotes":""},"class_list":["post-47337","page","type-page","status-publish","has-post-thumbnail","hentry"],"acf":[],"yoast_head":"<!-- This site is optimized with the Yoast SEO Premium plugin v26.0 (Yoast SEO v26.0) - https:\/\/yoast.com\/wordpress\/plugins\/seo\/ -->\n<title>Bakersfield | West Coast Trial Lawyers<\/title>\n<meta name=\"robots\" content=\"index, follow, max-snippet:-1, max-image-preview:large, max-video-preview:-1\" \/>\n<link rel=\"canonical\" href=\"https:\/\/westcoasttriallawyers.com\/es\/california\/bakersfield\" \/>\n<meta property=\"og:locale\" content=\"es_ES\" \/>\n<meta property=\"og:type\" content=\"article\" \/>\n<meta property=\"og:title\" content=\"Bakersfield\" \/>\n<meta property=\"og:description\" content=\"Contacte a Abogados De La Costa Oeste en Bakersfield para comenzar su reclamo por lesiones personales Las demandas por lesiones personales son de gran alcance y abarcan una variedad de situaciones, como accidentes automovil\u00edsticos, resbalones y ca\u00eddas, muertes por negligencia, y muchas m\u00e1s. Independientemente del tipo de accidente que caus\u00f3 sus lesiones, sufrir cualquier tipo [&hellip;]\" \/>\n<meta property=\"og:url\" content=\"https:\/\/westcoasttriallawyers.com\/es\/california\/bakersfield\" \/>\n<meta property=\"og:site_name\" content=\"West Coast Trial Lawyers\" \/>\n<meta property=\"article:publisher\" content=\"https:\/\/www.facebook.com\/westcoasttriallawyers\/\" \/>\n<meta property=\"article:modified_time\" content=\"2026-01-21T18:11:06+00:00\" \/>\n<meta property=\"og:image\" content=\"https:\/\/westcoasttriallawyers.com\/wp-content\/uploads\/2025\/07\/Bakersfield.webp\" \/>\n\t<meta property=\"og:image:width\" content=\"557\" \/>\n\t<meta property=\"og:image:height\" content=\"327\" \/>\n\t<meta property=\"og:image:type\" content=\"image\/webp\" \/>\n<meta name=\"twitter:card\" content=\"summary_large_image\" \/>\n<meta name=\"twitter:site\" content=\"@WestCoastTrial\" \/>\n<meta name=\"twitter:label1\" content=\"Tiempo de lectura\" \/>\n\t<meta name=\"twitter:data1\" content=\"5 minutos\" \/>\n<script type=\"application\/ld+json\" class=\"yoast-schema-graph\">{\"@context\":\"https:\/\/schema.org\",\"@graph\":[{\"@type\":[\"WebPage\",\"ItemPage\"],\"@id\":\"https:\/\/westcoasttriallawyers.com\/es\/california\/bakersfield\",\"url\":\"https:\/\/westcoasttriallawyers.com\/es\/california\/bakersfield\",\"name\":\"Bakersfield | West Coast Trial Lawyers\",\"isPartOf\":{\"@id\":\"https:\/\/westcoasttriallawyers.com\/es#website\"},\"primaryImageOfPage\":{\"@id\":\"https:\/\/westcoasttriallawyers.com\/es\/california\/bakersfield#primaryimage\"},\"image\":{\"@id\":\"https:\/\/westcoasttriallawyers.com\/es\/california\/bakersfield#primaryimage\"},\"thumbnailUrl\":\"https:\/\/westcoasttriallawyers.com\/wp-content\/uploads\/2025\/07\/Bakersfield.webp\",\"datePublished\":\"2026-01-12T19:11:45+00:00\",\"dateModified\":\"2026-01-21T18:11:06+00:00\",\"breadcrumb\":{\"@id\":\"https:\/\/westcoasttriallawyers.com\/es\/california\/bakersfield#breadcrumb\"},\"inLanguage\":\"es\",\"potentialAction\":[{\"@type\":\"ReadAction\",\"target\":[\"https:\/\/westcoasttriallawyers.com\/es\/california\/bakersfield\"]}]},{\"@type\":\"ImageObject\",\"inLanguage\":\"es\",\"@id\":\"https:\/\/westcoasttriallawyers.com\/es\/california\/bakersfield#primaryimage\",\"url\":\"https:\/\/westcoasttriallawyers.com\/wp-content\/uploads\/2025\/07\/Bakersfield.webp\",\"contentUrl\":\"https:\/\/westcoasttriallawyers.com\/wp-content\/uploads\/2025\/07\/Bakersfield.webp\",\"width\":557,\"height\":327,\"caption\":\"An overview shot of downtown Bakersfield.\"},{\"@type\":\"BreadcrumbList\",\"@id\":\"https:\/\/westcoasttriallawyers.com\/es\/california\/bakersfield#breadcrumb\",\"itemListElement\":[{\"@type\":\"ListItem\",\"position\":1,\"name\":\"Inicio\",\"item\":\"https:\/\/westcoasttriallawyers.com\/es\"},{\"@type\":\"ListItem\",\"position\":2,\"name\":\"California\",\"item\":\"https:\/\/westcoasttriallawyers.com\/es\/california\"},{\"@type\":\"ListItem\",\"position\":3,\"name\":\"Bakersfield\"}]},{\"@type\":\"WebSite\",\"@id\":\"https:\/\/westcoasttriallawyers.com\/es#website\",\"url\":\"https:\/\/westcoasttriallawyers.com\/es\",\"name\":\"West Coast Trial Lawyers\",\"description\":\"West Coast Trial Lawyers\",\"publisher\":{\"@id\":\"https:\/\/westcoasttriallawyers.com\/es#organization\"},\"alternateName\":\"WCTL\",\"potentialAction\":[{\"@type\":\"SearchAction\",\"target\":{\"@type\":\"EntryPoint\",\"urlTemplate\":\"https:\/\/westcoasttriallawyers.com\/es?s={search_term_string}\"},\"query-input\":{\"@type\":\"PropertyValueSpecification\",\"valueRequired\":true,\"valueName\":\"search_term_string\"}}],\"inLanguage\":\"es\"},{\"@type\":\"Organization\",\"@id\":\"https:\/\/westcoasttriallawyers.com\/es#organization\",\"name\":\"West Coast Trial Lawyers\",\"alternateName\":\"WCTL\",\"url\":\"https:\/\/westcoasttriallawyers.com\/es\",\"logo\":{\"@type\":\"ImageObject\",\"inLanguage\":\"es\",\"@id\":\"https:\/\/westcoasttriallawyers.com\/es#\/schema\/logo\/image\/\",\"url\":\"https:\/\/westcoasttriallawyers.com\/wp-content\/uploads\/2026\/02\/WCTL-Logo.jpg\",\"contentUrl\":\"https:\/\/westcoasttriallawyers.com\/wp-content\/uploads\/2026\/02\/WCTL-Logo.jpg\",\"width\":696,\"height\":696,\"caption\":\"West Coast Trial Lawyers\"},\"image\":{\"@id\":\"https:\/\/westcoasttriallawyers.com\/es#\/schema\/logo\/image\/\"},\"sameAs\":[\"https:\/\/www.facebook.com\/westcoasttriallawyers\/\",\"https:\/\/x.com\/WestCoastTrial\",\"https:\/\/www.linkedin.com\/company\/west-coast-trial-lawyers\/\",\"https:\/\/www.instagram.com\/westcoasttriallawyers\/\",\"https:\/\/www.yelp.com\/biz\/west-coast-trial-lawyers-los-angeles-2\",\"https:\/\/www.pinterest.com\/westcoasttrial\/\",\"https:\/\/www.youtube.com\/westcoasttriallawyersla\/\",\"https:\/\/www.tiktok.com\/westcoasttriallawyers\"],\"description\":\"West Coast Trial Lawyers is a top-rated personal injury law firm with a goal to provide expert legal representation to those in need. The law firm has offices across California, Nevada, Arizona, and Washington.\",\"legalName\":\"West Coast Trial Lawyers\"}]}<\/script>\n<!-- \/ Yoast SEO Premium plugin. -->","yoast_head_json":{"title":"Bakersfield | West Coast Trial Lawyers","robots":{"index":"index","follow":"follow","max-snippet":"max-snippet:-1","max-image-preview":"max-image-preview:large","max-video-preview":"max-video-preview:-1"},"canonical":"https:\/\/westcoasttriallawyers.com\/es\/california\/bakersfield","og_locale":"es_ES","og_type":"article","og_title":"Bakersfield","og_description":"Contacte a Abogados De La Costa Oeste en Bakersfield para comenzar su reclamo por lesiones personales Las demandas por lesiones personales son de gran alcance y abarcan una variedad de situaciones, como accidentes automovil\u00edsticos, resbalones y ca\u00eddas, muertes por negligencia, y muchas m\u00e1s. Independientemente del tipo de accidente que caus\u00f3 sus lesiones, sufrir cualquier tipo [&hellip;]","og_url":"https:\/\/westcoasttriallawyers.com\/es\/california\/bakersfield","og_site_name":"West Coast Trial Lawyers","article_publisher":"https:\/\/www.facebook.com\/westcoasttriallawyers\/","article_modified_time":"2026-01-21T18:11:06+00:00","og_image":[{"width":557,"height":327,"url":"https:\/\/westcoasttriallawyers.com\/wp-content\/uploads\/2025\/07\/Bakersfield.webp","type":"image\/webp"}],"twitter_card":"summary_large_image","twitter_site":"@WestCoastTrial","twitter_misc":{"Tiempo de lectura":"5 minutos"},"schema":{"@context":"https:\/\/schema.org","@graph":[{"@type":["WebPage","ItemPage"],"@id":"https:\/\/westcoasttriallawyers.com\/es\/california\/bakersfield","url":"https:\/\/westcoasttriallawyers.com\/es\/california\/bakersfield","name":"Bakersfield | West Coast Trial Lawyers","isPartOf":{"@id":"https:\/\/westcoasttriallawyers.com\/es#website"},"primaryImageOfPage":{"@id":"https:\/\/westcoasttriallawyers.com\/es\/california\/bakersfield#primaryimage"},"image":{"@id":"https:\/\/westcoasttriallawyers.com\/es\/california\/bakersfield#primaryimage"},"thumbnailUrl":"https:\/\/westcoasttriallawyers.com\/wp-content\/uploads\/2025\/07\/Bakersfield.webp","datePublished":"2026-01-12T19:11:45+00:00","dateModified":"2026-01-21T18:11:06+00:00","breadcrumb":{"@id":"https:\/\/westcoasttriallawyers.com\/es\/california\/bakersfield#breadcrumb"},"inLanguage":"es","potentialAction":[{"@type":"ReadAction","target":["https:\/\/westcoasttriallawyers.com\/es\/california\/bakersfield"]}]},{"@type":"ImageObject","inLanguage":"es","@id":"https:\/\/westcoasttriallawyers.com\/es\/california\/bakersfield#primaryimage","url":"https:\/\/westcoasttriallawyers.com\/wp-content\/uploads\/2025\/07\/Bakersfield.webp","contentUrl":"https:\/\/westcoasttriallawyers.com\/wp-content\/uploads\/2025\/07\/Bakersfield.webp","width":557,"height":327,"caption":"An overview shot of downtown Bakersfield."},{"@type":"BreadcrumbList","@id":"https:\/\/westcoasttriallawyers.com\/es\/california\/bakersfield#breadcrumb","itemListElement":[{"@type":"ListItem","position":1,"name":"Inicio","item":"https:\/\/westcoasttriallawyers.com\/es"},{"@type":"ListItem","position":2,"name":"California","item":"https:\/\/westcoasttriallawyers.com\/es\/california"},{"@type":"ListItem","position":3,"name":"Bakersfield"}]},{"@type":"WebSite","@id":"https:\/\/westcoasttriallawyers.com\/es#website","url":"https:\/\/westcoasttriallawyers.com\/es","name":"West Coast Trial Lawyers","description":"West Coast Trial Lawyers","publisher":{"@id":"https:\/\/westcoasttriallawyers.com\/es#organization"},"alternateName":"WCTL","potentialAction":[{"@type":"SearchAction","target":{"@type":"EntryPoint","urlTemplate":"https:\/\/westcoasttriallawyers.com\/es?s={search_term_string}"},"query-input":{"@type":"PropertyValueSpecification","valueRequired":true,"valueName":"search_term_string"}}],"inLanguage":"es"},{"@type":"Organization","@id":"https:\/\/westcoasttriallawyers.com\/es#organization","name":"West Coast Trial Lawyers","alternateName":"WCTL","url":"https:\/\/westcoasttriallawyers.com\/es","logo":{"@type":"ImageObject","inLanguage":"es","@id":"https:\/\/westcoasttriallawyers.com\/es#\/schema\/logo\/image\/","url":"https:\/\/westcoasttriallawyers.com\/wp-content\/uploads\/2026\/02\/WCTL-Logo.jpg","contentUrl":"https:\/\/westcoasttriallawyers.com\/wp-content\/uploads\/2026\/02\/WCTL-Logo.jpg","width":696,"height":696,"caption":"West Coast Trial Lawyers"},"image":{"@id":"https:\/\/westcoasttriallawyers.com\/es#\/schema\/logo\/image\/"},"sameAs":["https:\/\/www.facebook.com\/westcoasttriallawyers\/","https:\/\/x.com\/WestCoastTrial","https:\/\/www.linkedin.com\/company\/west-coast-trial-lawyers\/","https:\/\/www.instagram.com\/westcoasttriallawyers\/","https:\/\/www.yelp.com\/biz\/west-coast-trial-lawyers-los-angeles-2","https:\/\/www.pinterest.com\/westcoasttrial\/","https:\/\/www.youtube.com\/westcoasttriallawyersla\/","https:\/\/www.tiktok.com\/westcoasttriallawyers"],"description":"West Coast Trial Lawyers is a top-rated personal injury law firm with a goal to provide expert legal representation to those in need. The law firm has offices across California, Nevada, Arizona, and Washington.","legalName":"West Coast Trial Lawyers"}]}},"_links":{"self":[{"href":"https:\/\/westcoasttriallawyers.com\/es\/wp-json\/wp\/v2\/pages\/47337","targetHints":{"allow":["GET"]}}],"collection":[{"href":"https:\/\/westcoasttriallawyers.com\/es\/wp-json\/wp\/v2\/pages"}],"about":[{"href":"https:\/\/westcoasttriallawyers.com\/es\/wp-json\/wp\/v2\/types\/page"}],"author":[{"embeddable":true,"href":"https:\/\/westcoasttriallawyers.com\/es\/wp-json\/wp\/v2\/users\/484"}],"replies":[{"embeddable":true,"href":"https:\/\/westcoasttriallawyers.com\/es\/wp-json\/wp\/v2\/comments?post=47337"}],"version-history":[{"count":5,"href":"https:\/\/westcoasttriallawyers.com\/es\/wp-json\/wp\/v2\/pages\/47337\/revisions"}],"predecessor-version":[{"id":47750,"href":"https:\/\/westcoasttriallawyers.com\/es\/wp-json\/wp\/v2\/pages\/47337\/revisions\/47750"}],"up":[{"embeddable":true,"href":"https:\/\/westcoasttriallawyers.com\/es\/wp-json\/wp\/v2\/pages\/43020"}],"wp:featuredmedia":[{"embeddable":true,"href":"https:\/\/westcoasttriallawyers.com\/es\/wp-json\/wp\/v2\/media\/24280"}],"wp:attachment":[{"href":"https:\/\/westcoasttriallawyers.com\/es\/wp-json\/wp\/v2\/media?parent=47337"}],"curies":[{"name":"wp","href":"https:\/\/api.w.org\/{rel}","templated":true}]}}