{"id":41382,"date":"2026-01-30T03:17:46","date_gmt":"2026-01-30T03:17:46","guid":{"rendered":"https:\/\/westcoasttriallawyers.com\/abogados-de-lesiones-personales"},"modified":"2022-06-14T11:13:05","modified_gmt":"2022-06-14T11:13:05","slug":"abogados-de-lesiones-personales","status":"publish","type":"page","link":"https:\/\/westcoasttriallawyers.com\/es\/abogados-de-lesiones-personales","title":{"rendered":"Abogados de lesiones personales"},"content":{"rendered":"<p><img src=\"\/wp-content\/uploads\/2022\/06\/logo.png\" alt=\"\" width=\"603\" height=\"72\"><\/p>\n<h2 style=\"color: #253647; font-size: 26px; font-weight: 400; font-style: italic;\">M\u00e1s de 1.500 millones de won<\/h2>\n<h2>CONSULTA GRATIS<\/h2>\n<p><a style=\"display: flex; font-size: 38px; align-items: center; float: right; margin-top: 28px;\" href=\"tel:213-927-3700\"><img style=\"width: 55px; height: 46px;\" src=\"\/wp-content\/uploads\/2022\/06\/rediconphone.png\">  213-927-3700<\/a><\/p>\n<h1>\u00bfLESIONADO EN CALIFORNIA?<\/h1>\n<ul>\n<li>Sin cargos hasta que ganemos<\/li>\n<li>M\u00e1s de 1.500 millones de won<\/li>\n<li>El personal multiling\u00fce<\/li>\n<li>Disponible 24 horas al d\u00eda, 7 d\u00edas a la semana<\/li>\n<li>Expertos en lesiones personales<\/li>\n<li>Consulta y evaluaci\u00f3n del caso gratuitas<\/li>\n<\/ul>\n<p>[contact-form-7 id=\u00bb8979&#8243; title=\u00bb\u00bfListo para hablar con un abogado?\u00bb]<\/p>\n<style>\n.wpcf7 h3<br \/>{font-size: 42px !important;<br \/>    color: #fff !important;<br \/>    line-height: 49px;}<br \/><\/style>\n<p>Con m\u00e1s de 1.500 millones de d\u00f3lares ganados, nuestro objetivo es conseguir la m\u00e1xima indemnizaci\u00f3n para nuestros clientes.<br \/>\nEn West Coast Trial Lawyers, si no ganamos, no pagas.<\/p>\n<h2>RESULTADOS RECIENTES<\/h2>\n<figure><img src=\"\/wp-content\/uploads\/elementor\/thumbs\/recent-results-car-accidents-1-pq91eosjyh4p0l2w0iwleqnoya9kov2uxhemtoju1c.jpg\" alt=\"Accidente de coche de 1,7 millones de d\u00f3lares\"><figcaption>Accidente de coche de 1,7 millones de d\u00f3lares<\/figcaption><\/figure>\n<figure><img src=\"\/wp-content\/uploads\/elementor\/thumbs\/Riding-a-motorcycle-and-texting-pq91epqe5b5zc71iv1b7z8f5jo4xwk6l9m24ayifv4.jpg\" alt=\"2,5 millones de d\u00f3lares por accidente de moto\"><figcaption>2,5 millones de d\u00f3lares por accidente de moto<\/figcaption><\/figure>\n<figure><img src=\"\/wp-content\/uploads\/elementor\/thumbs\/truck-accident_2-1-1-pq91epqe5b5zc71iv1b7z8f5jo4xwk6l9m24ayifv4.jpg\" alt=\"3,85 millones Accidente de cami\u00f3n\"><figcaption>3,85 millones Accidente de cami\u00f3n<\/figcaption><\/figure>\n<figure><img src=\"\/wp-content\/uploads\/elementor\/thumbs\/Image-from-iOS-1-1-3-1-pq91eqo8c579nt05pjpujq6m520b49ablqpls8h1ow.jpg\" alt=\"Accidente de peat\u00f3n por 1,75 millones de d\u00f3lares\"><figcaption>Accidente de peat\u00f3n por 1,75 millones de d\u00f3lares<\/figcaption><\/figure>\n<figure><img src=\"\/wp-content\/uploads\/elementor\/thumbs\/Image-from-iOS-1-1-5-2-1-1-pq91eqo8c579nt05pjpujq6m520b49ablqpls8h1ow.jpg\" alt=\"1,1 millones de d\u00f3lares Accidente de peat\u00f3n\"><figcaption>1,1 millones de d\u00f3lares Accidente de peat\u00f3n<\/figcaption><\/figure>\n<figure><img src=\"\/wp-content\/uploads\/elementor\/thumbs\/Image-from-iOS-1-1-5-3-1-pq91eqo8c579nt05pjpujq6m520b49ablqpls8h1ow.jpg\" alt=\"Muerte por negligencia: 6 millones de d\u00f3lares\"><figcaption>Muerte por negligencia: 6 millones de d\u00f3lares<\/figcaption><\/figure>\n<figure><img src=\"\/wp-content\/uploads\/elementor\/thumbs\/Image-from-iOS-1-1-1-1-pq91erm2iz8jzeysk24h47y2qfvobye1xvd39ifnio.jpg\" alt=\"3,8 millones de d\u00f3lares por lesiones cerebrales\"><figcaption>3,8 millones de d\u00f3lares por lesiones cerebrales<\/figcaption><\/figure>\n<figure><img src=\"\/wp-content\/uploads\/elementor\/thumbs\/Image-from-iOS-1-1-5-1-1-pq91erm2iz8jzeysk24h47y2qfvobye1xvd39ifnio.jpg\" alt=\"2,6 millones de d\u00f3lares por lesiones cerebrales\"><figcaption>2,6 millones de d\u00f3lares por lesiones cerebrales<\/figcaption><\/figure>\n<figure><img src=\"\/wp-content\/uploads\/elementor\/thumbs\/recent-results-car-accidents-2-pq91erm2iz8jzeysk24h47y2qfvobye1xvd39ifnio.jpg\" alt=\"Accidente de transporte compartido por 2,925 millones de d\u00f3lares\"><figcaption>Accidente de transporte compartido por valor de 2,925 millones de d\u00f3lares<\/figcaption><\/figure>\n<p>Anterior<br \/>\nSiguiente<\/p>\n<h2>QU\u00c9 OFRECEMOS A NUESTROS CLIENTES<\/h2>\n<figure><img src=\"\/wp-content\/uploads\/2022\/06\/100-1.png\" alt=\"\" width=\"100\" height=\"100\"><\/figure>\n<h2>100 a\u00f1os de experiencia colectiva<\/h2>\n<p>West Coast Trial Lawyers es un bufete de abogados de primera categor\u00eda con 100 a\u00f1os de experiencia colectiva. Nuestros socios trabajaron para la firma m\u00e1s grande de Los \u00c1ngeles y ahora aprovechan sus antecedentes y conocimientos legales para hacer frente a las corporaciones que una vez defendieron.<\/p>\n<figure><img src=\"\/wp-content\/uploads\/2022\/06\/former-prosecutor.png\" alt=\"\" width=\"100\" height=\"100\"><\/figure>\n<h2>Ex Fiscal<\/h2>\n<p>Nuestros abogados se dedican a garantizar que se haga justicia. Antes de fundar West Coast Trial Lawyers, Neama Rahmani trabaj\u00f3 como fiscal federal en la Oficina del Fiscal General de los Estados Unidos, donde proces\u00f3 con \u00e9xito delitos de alto perfil relacionados con el tr\u00e1fico de drogas y de seres humanos a lo largo de la frontera entre Estados Unidos y M\u00e9xico. <\/p>\n<figure><img src=\"\/wp-content\/uploads\/2022\/06\/harvard.png\" alt=\"\" width=\"100\" height=\"100\"><\/figure>\n<h2>Educaci\u00f3n en Harvard<\/h2>\n<p>El presidente de West Coast Trial Lawyers, Neama Rahmani, es uno de los graduados m\u00e1s j\u00f3venes en la historia de la Facultad de Derecho de Harvard. Se licenci\u00f3 a los 22 a\u00f1os y pas\u00f3 a forjarse un impresionante historial como abogado litigante en uno de los mayores bufetes de Los \u00c1ngeles, luego como fiscal federal y ahora como cofundador y presidente de nuestro bufete.<\/p>\n<figure><img src=\"\/wp-content\/uploads\/2022\/06\/personal-injury3.png\" alt=\"\" width=\"100\" height=\"100\"><\/figure>\n<h2>Centrados en casos de lesiones personales<\/h2>\n<p>Nuestros abogados se centran en casos de lesiones personales y nos apasiona hacer justicia en nombre de las v\u00edctimas de lesiones y sus familias.<\/p>\n<figure><img src=\"\/wp-content\/uploads\/2022\/06\/track-record.png\" alt=\"\" width=\"100\" height=\"100\"><\/figure>\n<h2>Historial probado<\/h2>\n<p>Ofrecemos un servicio de 5 estrellas a nuestros clientes, por eso hemos tenido tanto \u00e9xito en lo que hacemos. Nos mueve conseguir los mejores resultados y hemos ganado miles de casos para nuestros clientes. <\/p>\n<figure><img src=\"\/wp-content\/uploads\/2022\/06\/no-fees.png\" alt=\"\" width=\"100\" height=\"100\"><\/figure>\n<h2>Sin honorarios a menos que ganemos<\/h2>\n<p>Nuestra firma nunca cobra honorarios por adelantado. Manejamos casos de lesiones personales en base a honorarios de contingencia, lo que significa que no paga nada a menos que ganemos o resolvamos su caso.<\/p>\n<figure><img src=\"\/wp-content\/uploads\/2022\/06\/seasoned.png\" alt=\"\" width=\"100\" height=\"100\"><\/figure>\n<h2>Abogados litigantes con experiencia<\/h2>\n<p>Nuestros socios, Neama Rahmani y Allen Patatanyan, tienen cada uno aproximadamente 20 a\u00f1os de experiencia ganando con \u00e9xito casos dif\u00edciles, lo que ha supuesto ganar m\u00e1s de mil millones de d\u00f3lares para nuestros clientes.<\/p>\n<figure><img src=\"\/wp-content\/uploads\/2022\/06\/celebrity.png\" alt=\"\" width=\"100\" height=\"100\"><\/figure>\n<h2>Clientela de famosos<\/h2>\n<p>Muchos famosos, como Carmen Electra, Johnny Manziel, Anabelle Acosta y otros, han elegido a nuestro bufete para que les represente.<\/p>\n<figure><img src=\"\/wp-content\/uploads\/2022\/06\/imageedit_2_9834637076.png\" alt=\"\" width=\"100\" height=\"100\"><\/figure>\n<h2>Ley de Servicios a Tiempo Completo<\/h2>\n<p>Nuestro gran equipo de m\u00e1s de 20 abogados y 80 empleados puede ocuparse de todos los aspectos de tu caso de lesiones personales, de la A a la Z. Tenemos los recursos para hacer frente a las grandes compa\u00f1\u00edas de seguros y conseguirte una indemnizaci\u00f3n completa por tu caso de lesiones personales.<\/p>\n<figure><img src=\"\/wp-content\/uploads\/2022\/06\/multilingual-staff.png\" alt=\"\" width=\"100\" height=\"100\"><\/figure>\n<h2>El personal multiling\u00fce<\/h2>\n<p>La comunicaci\u00f3n eficaz es la clave de nuestro \u00e9xito. Nuestro amplio equipo multiling\u00fce habla espa\u00f1ol y muchos otros idiomas, y estaremos encantados de responder a cualquier pregunta que puedas tener. <\/p>\n<figure><img src=\"\/wp-content\/uploads\/2022\/06\/response.png\" alt=\"\" width=\"100\" height=\"100\"><\/figure>\n<h2>Disponible 24 horas al d\u00eda, 7 d\u00edas a la semana<\/h2>\n<p>A diferencia de muchos otros bufetes, estamos disponibles 24 horas al d\u00eda, 7 d\u00edas a la semana. Siempre puedes contar con nuestro bufete cuando m\u00e1s nos necesites. Estamos disponibles en persona y por tel\u00e9fono. Si nuestros clientes no pueden reunirse en nuestro despacho, nos desplazamos con mucho gusto.   <\/p>\n<figure><img src=\"\/wp-content\/uploads\/2022\/06\/property-damage-icon.png\" alt=\"\" width=\"100\" height=\"100\"><\/figure>\n<h2>Ayuda gratuita por da\u00f1os materiales<\/h2>\n<p>Nos ocupamos gratuitamente de los da\u00f1os materiales como cortes\u00eda para nuestros clientes.<\/p>\n<p><a href=\"https:\/\/www.yelp.com\/biz\/west-coast-trial-lawyers-los-angeles\"><img src=\"\/wp-content\/uploads\/2022\/06\/9fc48135-google-logo_1-1.png\" alt=\"\"><\/a><\/p>\n<ul>\n<li>\n \t<\/li>\n<li>\n \t<\/li>\n<li>\n \t<\/li>\n<li>\n \t<\/li>\n<li>\n<\/li>\n<\/ul>\n<p>468 opiniones &#8211; 5 PromedioSaben muy bien lo que hacen. No s\u00f3lo no hice ni una sola llamada desde el d\u00eda en que les contrat\u00e9, sino que recib\u00ed llamadas de sus gestores de casos y asistentes que quer\u00edan asegurarse de que mi tratamiento iba bien. Todo el equipo se ocup\u00f3 de m\u00ed. Gracias WCTL por asumir toda la responsabilidad de mi caso y conseguirme un acuerdo asombroso.<br \/>\n_________<br \/>\n<b>Sasan<\/b><a href=\"https:\/\/www.google.com\/search?q=west+coast+trial+lawyers&amp;oq=west+coast+trial+lawyers+&amp;aqs=chrome..69i57j69i60j0j69i60j69i59j0.3640j0j4&amp;sourceid=chrome&amp;ie=UTF-8#lrd=0x80c2c64cbc81bee1:0xe28f2310f9164081,1\"><img src=\"\/wp-content\/uploads\/2022\/06\/9fc48135-google-logo_1.png\" alt=\"\"><\/a><\/p>\n<ul>\n<li>\n \t<\/li>\n<li>\n \t<\/li>\n<li>\n \t<\/li>\n<li>\n \t<\/li>\n<li>\n<\/li>\n<\/ul>\n<p>226 opiniones &#8211; 5 AvgPuedo decir con confianza que este equipo es el mejor del sector. . . . Dean se tom\u00f3 el tiempo necesario para escucharme y o\u00edrme de verdad. Me asegur\u00f3 que iba a mover monta\u00f1as porque cre\u00eda en m\u00ed, y acab\u00f3 haci\u00e9ndolo. Nunca he conocido a un abogado m\u00e1s centrado y apasionado en mi vida. Si buscas un bufete que trate a sus clientes con el m\u00e1ximo respeto y cuidado, llamar a WCTL es una obviedad. No me lo pensar\u00eda dos veces antes de volver a trabajar con ellos en el futuro.<br \/>\n_________<br \/>\n<b>Delilah<\/b><a href=\"\/wp-content\/uploads\/2021\/10\/imageedit_5_9171139522.png\"><img style=\"max-width: 220px; margin-bottom: -15px;\" src=\"\/wp-content\/uploads\/2022\/06\/imageedit_5_9171139522.png\" alt=\"\"><\/a><\/p>\n<ul>\n<li>\n \t<\/li>\n<li>\n \t<\/li>\n<li>\n \t<\/li>\n<li>\n \t<\/li>\n<li>\n<\/li>\n<\/ul>\n<p>110 opiniones &#8211; 5 AvgNeama fue de gran ayuda y siempre estaba en contacto cuando ten\u00eda preguntas o dudas sobre mi caso de accidente de coche. Definitivamente es el mejor abogado de lesiones personales al que podr\u00eda haberle dado mi caso. Realmente sientes que est\u00e1 luchando por ti. Neama se hizo cargo de mi caso como si fuera suyo, y no par\u00f3 hasta que recib\u00ed mi gran acuerdo. \u00a1Gracias de nuevo Costa Oeste!    <\/p>\n<p>_________<br \/>\n<b>Richard<\/b><\/p>\n<figure><img src=\"\/wp-content\/uploads\/2022\/06\/Washington-Post-logo-e1554833713325.jpg\" alt=\"Washington-Post-logo-e1554833713325\"><\/figure>\n<figure><img src=\"\/wp-content\/uploads\/2022\/06\/partner-3.png\" alt=\"socio-3\"><\/figure>\n<figure><img src=\"\/wp-content\/uploads\/2022\/06\/THE-OCR-Logo-e1509657459434.jpg\" alt=\"THE-OCR-Logo-e1509657459434\"><\/figure>\n<figure><img src=\"\/wp-content\/uploads\/2022\/06\/partner-4.png\" alt=\"socio-4\"><\/figure>\n<figure><img src=\"\/wp-content\/uploads\/2022\/06\/NTL-top-40-40-member.png\" alt=\"NTL-top-40-40-miembro\"><\/figure>\n<figure><img src=\"\/wp-content\/uploads\/2022\/06\/LA-Times-logo-1.png\" alt=\"LA-Times-logo-1\"><\/figure>\n<figure><img src=\"\/wp-content\/uploads\/2022\/06\/LA-Times-logo-2.png\" alt=\"LA-Times-logo-2\"><\/figure>\n<figure><img src=\"\/wp-content\/uploads\/2022\/06\/LA-Times-logo-3.png\" alt=\"LA-Times-logo-3\"><\/figure>\n<figure><img src=\"\/wp-content\/uploads\/2022\/06\/LA-Times-logo-4.png\" alt=\"LA-Times-logo-4\"><\/figure>\n<figure><img src=\"\/wp-content\/uploads\/2022\/06\/LA-Times-logo-5.png\" alt=\"LA-Times-logo-5\"><\/figure>\n<figure><img src=\"\/wp-content\/uploads\/2022\/06\/LA-Times-logo-7.png\" alt=\"LA-Times-logo-7\"><\/figure>\n<figure><img src=\"\/wp-content\/uploads\/2022\/06\/nytimes-logo-png-new-york-times-logo-1250-1024x212-1.png\" alt=\"nytimes-logo-png-new-york-times-logo-1250-1024x212\"><\/figure>\n<figure><img src=\"\/wp-content\/uploads\/2022\/06\/usn-logo-large.png\" alt=\"usn-logo-grande\"><\/figure>\n<p>Anterior<br \/>\nSiguiente<br \/>\n<img title=\"imageedit_3_8302443818.png\" src=\"\/wp-content\/uploads\/elementor\/thumbs\/imageedit_3_8302443818-pq91ey70aj05mbnjz5zd7emzfflp1smvof4htf0gns.png\" alt=\"imageedit_3_8302443818.png\"><\/p>\n<h2>M\u00e1s de 1.500 millones de won<\/h2>\n<h2>Consulta gratuita<\/h2>\n<p><a style=\"color: #fff; font-weight: 500; display: flex; align-items: center; float: right; margin-top: 28px;\" href=\"tel:213-927-3700\"><img src=\"\/wp-content\/uploads\/2022\/06\/phoneblack-1.png\">213-927-3700<\/a><\/p>\n<p style=\"text-align: center; color: #fff; font-weight: 500;\">350 South Grand Avenue, Suite 3350 Los Angeles, California 90071<\/p>\n<p style=\"text-align: center; color: #fff;\">*Publicidad de abogados. Los resultados anteriores no garantizan resultados similares. Solo aceptamos el servicio y la notificaci\u00f3n ex parte en nuestra oficina de Los \u00c1ngeles. 2021 TODOS LOS DERECHOS RESERVADOS &#8212; WEST COAST TRIAL LAWYERS | LOS ANGELES PERSONAL INJURY ATTORNEYS | SITEMAP: XML POL\u00cdTICA DE PRIVACIDAD<\/p>\n<style>\n.mobile-stick {background-color:red;}<br \/><\/style>\n<p><a href=\"tel:213-927-3700\">Habla con un abogado<\/a><br \/>\n<!-- WCTL_DEBUG: no shortcode in this_content --><br \/>\n<!-- GLOBAL_SHORTCODES_DEBUG: executed in the_content --><\/p>\n","protected":false},"excerpt":{"rendered":"<p>M\u00e1s de 1.500 millones de won CONSULTA GRATIS 213-927-3700 \u00bfLESIONADO EN CALIFORNIA? Sin cargos hasta que ganemos M\u00e1s de 1.500 millones de won El personal multiling\u00fce Disponible 24 horas al d\u00eda, 7 d\u00edas a la semana Expertos en lesiones personales Consulta y evaluaci\u00f3n del caso gratuitas [contact-form-7 id=\u00bb8979&#8243; title=\u00bb\u00bfListo para hablar con un abogado?\u00bb] Con [&hellip;]<\/p>\n","protected":false},"author":470,"featured_media":0,"parent":0,"menu_order":0,"comment_status":"closed","ping_status":"closed","template":"","meta":{"inline_featured_image":false,"footnotes":""},"class_list":["post-41382","page","type-page","status-publish","hentry"],"acf":[],"yoast_head":"<!-- This site is optimized with the Yoast SEO Premium plugin v26.0 (Yoast SEO v26.0) - https:\/\/yoast.com\/wordpress\/plugins\/seo\/ -->\n<title>Abogados de lesiones personales | West Coast Trial Lawyers<\/title>\n<meta name=\"robots\" content=\"index, follow, max-snippet:-1, max-image-preview:large, max-video-preview:-1\" \/>\n<link rel=\"canonical\" href=\"https:\/\/westcoasttriallawyers.com\/es\/abogados-de-lesiones-personales\" \/>\n<meta property=\"og:locale\" content=\"es_ES\" \/>\n<meta property=\"og:type\" content=\"article\" \/>\n<meta property=\"og:title\" content=\"Abogados de lesiones personales\" \/>\n<meta property=\"og:description\" content=\"M\u00e1s de 1.500 millones de won CONSULTA GRATIS 213-927-3700 \u00bfLESIONADO EN CALIFORNIA? Sin cargos hasta que ganemos M\u00e1s de 1.500 millones de won El personal multiling\u00fce Disponible 24 horas al d\u00eda, 7 d\u00edas a la semana Expertos en lesiones personales Consulta y evaluaci\u00f3n del caso gratuitas [contact-form-7 id=\u00bb8979&#8243; title=\u00bb\u00bfListo para hablar con un abogado?\u00bb] Con [&hellip;]\" \/>\n<meta property=\"og:url\" content=\"https:\/\/westcoasttriallawyers.com\/es\/abogados-de-lesiones-personales\" \/>\n<meta property=\"og:site_name\" content=\"West Coast Trial Lawyers\" \/>\n<meta property=\"article:publisher\" content=\"https:\/\/www.facebook.com\/westcoasttriallawyers\/\" \/>\n<meta property=\"og:image\" content=\"https:\/\/wctl1stg.wpengine.com\/wp-content\/uploads\/2022\/06\/logo.png\" \/>\n<meta name=\"twitter:card\" content=\"summary_large_image\" \/>\n<meta name=\"twitter:image\" content=\"https:\/\/wctl1stg.wpengine.com\/wp-content\/uploads\/2022\/06\/logo.png\" \/>\n<meta name=\"twitter:site\" content=\"@WestCoastTrial\" \/>\n<meta name=\"twitter:label1\" content=\"Tiempo de lectura\" \/>\n\t<meta name=\"twitter:data1\" content=\"5 minutos\" \/>\n<script type=\"application\/ld+json\" class=\"yoast-schema-graph\">{\"@context\":\"https:\/\/schema.org\",\"@graph\":[{\"@type\":[\"WebPage\",\"ItemPage\"],\"@id\":\"https:\/\/westcoasttriallawyers.com\/es\/abogados-de-lesiones-personales\",\"url\":\"https:\/\/westcoasttriallawyers.com\/es\/abogados-de-lesiones-personales\",\"name\":\"Abogados de lesiones personales | West Coast Trial Lawyers\",\"isPartOf\":{\"@id\":\"https:\/\/westcoasttriallawyers.com\/es#website\"},\"datePublished\":\"2026-01-30T03:17:46+00:00\",\"breadcrumb\":{\"@id\":\"https:\/\/westcoasttriallawyers.com\/es\/abogados-de-lesiones-personales#breadcrumb\"},\"inLanguage\":\"es\",\"potentialAction\":[{\"@type\":\"ReadAction\",\"target\":[\"https:\/\/westcoasttriallawyers.com\/es\/abogados-de-lesiones-personales\"]}]},{\"@type\":\"BreadcrumbList\",\"@id\":\"https:\/\/westcoasttriallawyers.com\/es\/abogados-de-lesiones-personales#breadcrumb\",\"itemListElement\":[{\"@type\":\"ListItem\",\"position\":1,\"name\":\"Inicio\",\"item\":\"https:\/\/westcoasttriallawyers.com\/es\"},{\"@type\":\"ListItem\",\"position\":2,\"name\":\"Abogados de lesiones personales\"}]},{\"@type\":\"WebSite\",\"@id\":\"https:\/\/westcoasttriallawyers.com\/es#website\",\"url\":\"https:\/\/westcoasttriallawyers.com\/es\",\"name\":\"West Coast Trial Lawyers\",\"description\":\"West Coast Trial Lawyers\",\"publisher\":{\"@id\":\"https:\/\/westcoasttriallawyers.com\/es#organization\"},\"alternateName\":\"WCTL\",\"potentialAction\":[{\"@type\":\"SearchAction\",\"target\":{\"@type\":\"EntryPoint\",\"urlTemplate\":\"https:\/\/westcoasttriallawyers.com\/es?s={search_term_string}\"},\"query-input\":{\"@type\":\"PropertyValueSpecification\",\"valueRequired\":true,\"valueName\":\"search_term_string\"}}],\"inLanguage\":\"es\"},{\"@type\":\"Organization\",\"@id\":\"https:\/\/westcoasttriallawyers.com\/es#organization\",\"name\":\"West Coast Trial Lawyers\",\"alternateName\":\"WCTL\",\"url\":\"https:\/\/westcoasttriallawyers.com\/es\",\"logo\":{\"@type\":\"ImageObject\",\"inLanguage\":\"es\",\"@id\":\"https:\/\/westcoasttriallawyers.com\/es#\/schema\/logo\/image\/\",\"url\":\"https:\/\/westcoasttriallawyers.com\/wp-content\/uploads\/2026\/02\/WCTL-Logo.jpg\",\"contentUrl\":\"https:\/\/westcoasttriallawyers.com\/wp-content\/uploads\/2026\/02\/WCTL-Logo.jpg\",\"width\":696,\"height\":696,\"caption\":\"West Coast Trial Lawyers\"},\"image\":{\"@id\":\"https:\/\/westcoasttriallawyers.com\/es#\/schema\/logo\/image\/\"},\"sameAs\":[\"https:\/\/www.facebook.com\/westcoasttriallawyers\/\",\"https:\/\/x.com\/WestCoastTrial\",\"https:\/\/www.linkedin.com\/company\/west-coast-trial-lawyers\/\",\"https:\/\/www.instagram.com\/westcoasttriallawyers\/\",\"https:\/\/www.yelp.com\/biz\/west-coast-trial-lawyers-los-angeles-2\",\"https:\/\/www.pinterest.com\/westcoasttrial\/\",\"https:\/\/www.youtube.com\/westcoasttriallawyersla\/\",\"https:\/\/www.tiktok.com\/westcoasttriallawyers\"],\"description\":\"West Coast Trial Lawyers is a top-rated personal injury law firm with a goal to provide expert legal representation to those in need. The law firm has offices across California, Nevada, Arizona, and Washington.\",\"legalName\":\"West Coast Trial Lawyers\"}]}<\/script>\n<!-- \/ Yoast SEO Premium plugin. -->","yoast_head_json":{"title":"Abogados de lesiones personales | West Coast Trial Lawyers","robots":{"index":"index","follow":"follow","max-snippet":"max-snippet:-1","max-image-preview":"max-image-preview:large","max-video-preview":"max-video-preview:-1"},"canonical":"https:\/\/westcoasttriallawyers.com\/es\/abogados-de-lesiones-personales","og_locale":"es_ES","og_type":"article","og_title":"Abogados de lesiones personales","og_description":"M\u00e1s de 1.500 millones de won CONSULTA GRATIS 213-927-3700 \u00bfLESIONADO EN CALIFORNIA? Sin cargos hasta que ganemos M\u00e1s de 1.500 millones de won El personal multiling\u00fce Disponible 24 horas al d\u00eda, 7 d\u00edas a la semana Expertos en lesiones personales Consulta y evaluaci\u00f3n del caso gratuitas [contact-form-7 id=\u00bb8979&#8243; title=\u00bb\u00bfListo para hablar con un abogado?\u00bb] Con [&hellip;]","og_url":"https:\/\/westcoasttriallawyers.com\/es\/abogados-de-lesiones-personales","og_site_name":"West Coast Trial Lawyers","article_publisher":"https:\/\/www.facebook.com\/westcoasttriallawyers\/","og_image":[{"url":"https:\/\/wctl1stg.wpengine.com\/wp-content\/uploads\/2022\/06\/logo.png","type":"","width":"","height":""}],"twitter_card":"summary_large_image","twitter_image":"https:\/\/wctl1stg.wpengine.com\/wp-content\/uploads\/2022\/06\/logo.png","twitter_site":"@WestCoastTrial","twitter_misc":{"Tiempo de lectura":"5 minutos"},"schema":{"@context":"https:\/\/schema.org","@graph":[{"@type":["WebPage","ItemPage"],"@id":"https:\/\/westcoasttriallawyers.com\/es\/abogados-de-lesiones-personales","url":"https:\/\/westcoasttriallawyers.com\/es\/abogados-de-lesiones-personales","name":"Abogados de lesiones personales | West Coast Trial Lawyers","isPartOf":{"@id":"https:\/\/westcoasttriallawyers.com\/es#website"},"datePublished":"2026-01-30T03:17:46+00:00","breadcrumb":{"@id":"https:\/\/westcoasttriallawyers.com\/es\/abogados-de-lesiones-personales#breadcrumb"},"inLanguage":"es","potentialAction":[{"@type":"ReadAction","target":["https:\/\/westcoasttriallawyers.com\/es\/abogados-de-lesiones-personales"]}]},{"@type":"BreadcrumbList","@id":"https:\/\/westcoasttriallawyers.com\/es\/abogados-de-lesiones-personales#breadcrumb","itemListElement":[{"@type":"ListItem","position":1,"name":"Inicio","item":"https:\/\/westcoasttriallawyers.com\/es"},{"@type":"ListItem","position":2,"name":"Abogados de lesiones personales"}]},{"@type":"WebSite","@id":"https:\/\/westcoasttriallawyers.com\/es#website","url":"https:\/\/westcoasttriallawyers.com\/es","name":"West Coast Trial Lawyers","description":"West Coast Trial Lawyers","publisher":{"@id":"https:\/\/westcoasttriallawyers.com\/es#organization"},"alternateName":"WCTL","potentialAction":[{"@type":"SearchAction","target":{"@type":"EntryPoint","urlTemplate":"https:\/\/westcoasttriallawyers.com\/es?s={search_term_string}"},"query-input":{"@type":"PropertyValueSpecification","valueRequired":true,"valueName":"search_term_string"}}],"inLanguage":"es"},{"@type":"Organization","@id":"https:\/\/westcoasttriallawyers.com\/es#organization","name":"West Coast Trial Lawyers","alternateName":"WCTL","url":"https:\/\/westcoasttriallawyers.com\/es","logo":{"@type":"ImageObject","inLanguage":"es","@id":"https:\/\/westcoasttriallawyers.com\/es#\/schema\/logo\/image\/","url":"https:\/\/westcoasttriallawyers.com\/wp-content\/uploads\/2026\/02\/WCTL-Logo.jpg","contentUrl":"https:\/\/westcoasttriallawyers.com\/wp-content\/uploads\/2026\/02\/WCTL-Logo.jpg","width":696,"height":696,"caption":"West Coast Trial Lawyers"},"image":{"@id":"https:\/\/westcoasttriallawyers.com\/es#\/schema\/logo\/image\/"},"sameAs":["https:\/\/www.facebook.com\/westcoasttriallawyers\/","https:\/\/x.com\/WestCoastTrial","https:\/\/www.linkedin.com\/company\/west-coast-trial-lawyers\/","https:\/\/www.instagram.com\/westcoasttriallawyers\/","https:\/\/www.yelp.com\/biz\/west-coast-trial-lawyers-los-angeles-2","https:\/\/www.pinterest.com\/westcoasttrial\/","https:\/\/www.youtube.com\/westcoasttriallawyersla\/","https:\/\/www.tiktok.com\/westcoasttriallawyers"],"description":"West Coast Trial Lawyers is a top-rated personal injury law firm with a goal to provide expert legal representation to those in need. The law firm has offices across California, Nevada, Arizona, and Washington.","legalName":"West Coast Trial Lawyers"}]}},"_links":{"self":[{"href":"https:\/\/westcoasttriallawyers.com\/es\/wp-json\/wp\/v2\/pages\/41382","targetHints":{"allow":["GET"]}}],"collection":[{"href":"https:\/\/westcoasttriallawyers.com\/es\/wp-json\/wp\/v2\/pages"}],"about":[{"href":"https:\/\/westcoasttriallawyers.com\/es\/wp-json\/wp\/v2\/types\/page"}],"author":[{"embeddable":true,"href":"https:\/\/westcoasttriallawyers.com\/es\/wp-json\/wp\/v2\/users\/470"}],"replies":[{"embeddable":true,"href":"https:\/\/westcoasttriallawyers.com\/es\/wp-json\/wp\/v2\/comments?post=41382"}],"version-history":[{"count":0,"href":"https:\/\/westcoasttriallawyers.com\/es\/wp-json\/wp\/v2\/pages\/41382\/revisions"}],"wp:attachment":[{"href":"https:\/\/westcoasttriallawyers.com\/es\/wp-json\/wp\/v2\/media?parent=41382"}],"curies":[{"name":"wp","href":"https:\/\/api.w.org\/{rel}","templated":true}]}}