{"id":41378,"date":"2025-09-24T19:25:18","date_gmt":"2025-09-24T19:25:18","guid":{"rendered":"https:\/\/westcoasttriallawyers.com\/remisiones-de-abogados"},"modified":"2026-01-14T10:19:52","modified_gmt":"2026-01-14T10:19:52","slug":"remisiones-de-abogados","status":"publish","type":"page","link":"https:\/\/westcoasttriallawyers.com\/es\/remisiones-de-abogados","title":{"rendered":"Referencias de Abogados"},"content":{"rendered":"<p><!-- start Breadcrumbs -->\n\t\t<link id='font-awesome-css' href='https:\/\/westcoasttriallawyers.com\/wp-content\/plugins\/unlimited-elements-for-elementor-premium\/assets_libraries\/font-awesome6\/fontawesome-all.min.css' type='text\/css' rel='stylesheet' >\n\t\t<link id='font-awesome-4-shim-css' href='https:\/\/westcoasttriallawyers.com\/wp-content\/plugins\/unlimited-elements-for-elementor-premium\/assets_libraries\/font-awesome6\/fontawesome-v4-shims.min.css' type='text\/css' rel='stylesheet' >\n<style>\/* widget: Breadcrumbs *\/\n#uc_breadcrumbs_widget_elementor_f9d399d .uc-breadcrumbs-list {\n  margin: 0;\n  padding: 0;\n  display: flex;\n  flex-wrap: wrap;\n}\n#uc_breadcrumbs_widget_elementor_f9d399d .uc-breadcrumbs-list li {\n  display: flex;\n  align-items: center;\n  list-style-type: none;\n}\n#uc_breadcrumbs_widget_elementor_f9d399d .uc-item-title {\n    position: relative;\n    display: inline-flex;\n    justify-content: center;\n    align-items: center;\n}\n#uc_breadcrumbs_widget_elementor_f9d399d .uc-item-title-inner{\n  display: flex;\n  align-items: center;\n}\n<\/style>\n<ul>\n<li>\n                            <a href=\"https:\/\/westcoasttriallawyers.com\/es\"><br \/>\n                                                                                                Inicio<br \/>\n                            <\/a>\n                                                    <\/li>\n<\/ul>\n<p><!-- end Breadcrumbs -->\t\t\t\t<\/p>\n<h1>Referencias de Abogados<\/h1>\n<h2>As\u00f3ciese Con Un Equipo en El Que Pueda Confiar<\/h2>\n<p>Entendemos la responsabilidad que conlleva remitir un caso y tratamos esa responsabilidad con el m\u00e1ximo cuidado y respeto. Cuando usted nos remite un caso, pone el futuro de su cliente en manos de una firma de abogados de lesiones personales clasificada 5 estrellas, con m\u00e1s de 1.700 millones de d\u00f3lares recuperados hasta la fecha. Y puede estar seguro de que su cliente se beneficiar\u00e1 de esa misma habilidad, estrategia e implacable defensa para obtener los resultados que se merece.  <\/p>\n<p>Tanto si busca un socio de confianza para un litigio, como si necesita apoyo de un coabogado o, simplemente, una firma con los recursos y la experiencia necesarios para llevar un caso complejo hasta el final, estamos aqu\u00ed para usted. Nuestro equipo trabaja a la perfecci\u00f3n con los abogados remitentes en todas las fases, desde antes del litigio hasta el juicio, y cumplimos los acuerdos de remisi\u00f3n con prontitud y en total conformidad con las normas del Colegio de Abogados del Estado.  <\/p>\n<p>Trabajemos juntos para lograr la justicia que su cliente merece. Nos comprometemos a garantizar que tanto usted como su cliente, se vean recompensados con el resultado que esperan. <\/p>\n<style>\n<\/style>\n<section class=\"SwSlider-section\">\n<div class=\"swiper-slider-main\">\n<div class=\"simple-slider\">\n<div class=\"swiper-wrapper\">\n<div class=\"swiper-slide\">\n<div class=\"swiper-item-slide\">\n<div class=\"slide-image\">\n                                                                    <img src=\"https:\/\/westcoasttriallawyers.com\/wp-content\/uploads\/2022\/09\/yelp-1.webp\" alt=\"\">\n                                                            <\/div>\n<div class=\"slide-review\">\n<div class=\"stars\">\n                                                                         <img src=\"https:\/\/westcoasttriallawyers.com\/wp-content\/uploads\/2025\/07\/stars.svg\" alt=\"\">\n                                                                <\/div>\n<p class=\"reviewers\">506 REVIEWS<\/p>\n<\/p><\/div>\n<p class=\"slide-description\">This is my first time needing a lawyer and I couldn&#039;t believe how helpful these guys were! They were very professional, quick and easy to work with! I even came to the office to pick up my check and the receptionist was very nice and even offered me water (it was a hot day). I would 100% recommend this team and come back for their services!<\/p>\n<h3 class=\"reviewer-name\">Nancy N.<\/h3>\n<\/p><\/div>\n<\/p><\/div>\n<div class=\"swiper-slide\">\n<div class=\"swiper-item-slide\">\n<div class=\"slide-image\">\n                                                                    <img src=\"https:\/\/westcoasttriallawyers.com\/wp-content\/uploads\/2025\/07\/google-2015-1.webp\" alt=\"\">\n                                                            <\/div>\n<div class=\"slide-review\">\n<div class=\"stars\">\n                                                                         <img src=\"https:\/\/westcoasttriallawyers.com\/wp-content\/uploads\/2025\/07\/stars.svg\" alt=\"\">\n                                                                <\/div>\n<p class=\"reviewers\">308 REVIEWS<\/p>\n<\/p><\/div>\n<p class=\"slide-description\">oast Trial Lawyers. Each attorney who has worked on my case showed professionalism, good communication skills, and compassion towards me. I was also satisfied with the pay I received for each case.<\/p>\n<h3 class=\"reviewer-name\">Micheal Swarz<\/h3>\n<\/p><\/div>\n<\/p><\/div>\n<div class=\"swiper-slide\">\n<div class=\"swiper-item-slide\">\n<div class=\"slide-image\">\n                                                                    <img src=\"https:\/\/westcoasttriallawyers.com\/wp-content\/uploads\/2025\/07\/google-2015-1.webp\" alt=\"\">\n                                                            <\/div>\n<div class=\"slide-review\">\n<div class=\"stars\">\n                                                                         <img src=\"https:\/\/westcoasttriallawyers.com\/wp-content\/uploads\/2025\/07\/stars.svg\" alt=\"\">\n                                                                <\/div>\n<p class=\"reviewers\">308 REVIEWS<\/p>\n<\/p><\/div>\n<p class=\"slide-description\">Exceptional service from start to finish! The team at West Coast Trial lawyers handled my personal injury case with professionalism, compassion, and expertise. They kept me informed every step of the way and fought tirelessly to ensure I received the compensation I deserved. I highly recommend their services to anyone in need of legal representation for personal injury cases. 5 stars!<\/p>\n<h3 class=\"reviewer-name\">Andre Hinojos<\/h3>\n<\/p><\/div>\n<\/p><\/div>\n<div class=\"swiper-slide\">\n<div class=\"swiper-item-slide\">\n<div class=\"slide-image\">\n                                                                    <img src=\"https:\/\/westcoasttriallawyers.com\/wp-content\/uploads\/2025\/07\/google-2015-1.webp\" alt=\"\">\n                                                            <\/div>\n<div class=\"slide-review\">\n<div class=\"stars\">\n                                                                         <img src=\"https:\/\/westcoasttriallawyers.com\/wp-content\/uploads\/2025\/07\/stars.svg\" alt=\"\">\n                                                                <\/div>\n<p class=\"reviewers\">308 REVIEWS<\/p>\n<\/p><\/div>\n<p class=\"slide-description\">I was involved in car accident last summer while taking my kid to school. It was my first accident so I was extremely nervous and scared. After venting out several law firms, I went with West Coast Trial Lawyers. From the start, till the very end, I was always connected and in touch with my attorney, the process was a lot easier than I thought and I am happy to say everything went better than expected with my case!! Thank you to the entire staff!<\/p>\n<h3 class=\"reviewer-name\">Charles Thompson<\/h3>\n<\/p><\/div>\n<\/p><\/div>\n<div class=\"swiper-slide\">\n<div class=\"swiper-item-slide\">\n<div class=\"slide-image\">\n                                                                    <img src=\"https:\/\/westcoasttriallawyers.com\/wp-content\/uploads\/2022\/09\/facebook-300x113-1.webp\" alt=\"\">\n                                                            <\/div>\n<div class=\"slide-review\">\n<div class=\"stars\">\n                                                                         <img src=\"https:\/\/westcoasttriallawyers.com\/wp-content\/uploads\/2025\/07\/stars.svg\" alt=\"\">\n                                                                <\/div>\n<p class=\"reviewers\">497 REVIEWS<\/p>\n<\/p><\/div>\n<p class=\"slide-description\">This is a great firm that gets it done. When my brother was killed in an auto\/bike accident we contacted West Coast Trial Lawyers and they handled our case and even got us a really great setttlement based on the situation and circumstance. We know no one could have done a better job.<\/p>\n<h3 class=\"reviewer-name\">Meck Giinan<\/h3>\n<\/p><\/div>\n<\/p><\/div>\n<\/p><\/div>\n<div class=\"slider-btns\">\n<div class=\"sliderBtnPrv\"><svg xmlns=\"http:\/\/www.w3.org\/2000\/svg\" width=\"12\" height=\"12\" viewBox=\"0 0 12 12\" fill=\"none\">\n                            <path d=\"M10.125 6H1.875\" stroke=\"#EBEDEE\" stroke-width=\"1.5\" stroke-linecap=\"round\" stroke-linejoin=\"round\"\/>\n                            <path d=\"M5.25 2.625L1.875 6L5.25 9.375\" stroke=\"#EBEDEE\" stroke-width=\"1.5\" stroke-linecap=\"round\" stroke-linejoin=\"round\"\/>\n                        <\/svg><\/div>\n<div class=\"sliderBtnNext\"><svg xmlns=\"http:\/\/www.w3.org\/2000\/svg\" width=\"12\" height=\"12\" viewBox=\"0 0 12 12\" fill=\"none\">\n                        <path d=\"M1.875 6H10.125\" stroke=\"#EBEDEE\" stroke-width=\"1.5\" stroke-linecap=\"round\" stroke-linejoin=\"round\"\/>\n                        <path d=\"M6.75 2.625L10.125 6L6.75 9.375\" stroke=\"#EBEDEE\" stroke-width=\"1.5\" stroke-linecap=\"round\" stroke-linejoin=\"round\"\/>\n                    <\/svg>\n\t\t\t\t\t<\/div>\n<\/p><\/div>\n<\/p><\/div>\n<\/p><\/div>\n<\/section>\n<h3>Evaluaci\u00f3n gratuita de casos<\/h3>\n<p><!-- WCTL_DEBUG: no shortcode in this_content --><br \/>\n<!-- GLOBAL_SHORTCODES_DEBUG: executed in the_content --><\/p>\n","protected":false},"excerpt":{"rendered":"<p>Inicio Referencias de Abogados As\u00f3ciese Con Un Equipo en El Que Pueda Confiar Entendemos la responsabilidad que conlleva remitir un caso y tratamos esa responsabilidad con el m\u00e1ximo cuidado y respeto. Cuando usted nos remite un caso, pone el futuro de su cliente en manos de una firma de abogados de lesiones personales clasificada 5 [&hellip;]<\/p>\n","protected":false},"author":484,"featured_media":0,"parent":0,"menu_order":0,"comment_status":"closed","ping_status":"closed","template":"","meta":{"inline_featured_image":false,"footnotes":""},"class_list":["post-41378","page","type-page","status-publish","hentry"],"acf":[],"yoast_head":"<!-- This site is optimized with the Yoast SEO Premium plugin v26.0 (Yoast SEO v26.0) - https:\/\/yoast.com\/wordpress\/plugins\/seo\/ -->\n<title>Referencias de Abogados | West Coast Trial Lawyers<\/title>\n<meta name=\"description\" content=\"\u00bfBuscas un socio de confianza en derecho de lesiones personales? Nuestro programa de recomendaci\u00f3n de abogados ofrece resultados s\u00f3lidos, comunicaci\u00f3n transparente y generosos honorarios por recomendaci\u00f3n.\" \/>\n<meta name=\"robots\" content=\"index, follow, max-snippet:-1, max-image-preview:large, max-video-preview:-1\" \/>\n<link rel=\"canonical\" href=\"https:\/\/westcoasttriallawyers.com\/es\/remisiones-de-abogados\" \/>\n<meta property=\"og:locale\" content=\"es_ES\" \/>\n<meta property=\"og:type\" content=\"article\" \/>\n<meta property=\"og:title\" content=\"Referencias de Abogados\" \/>\n<meta property=\"og:description\" content=\"\u00bfBuscas un socio de confianza en derecho de lesiones personales? Nuestro programa de recomendaci\u00f3n de abogados ofrece resultados s\u00f3lidos, comunicaci\u00f3n transparente y generosos honorarios por recomendaci\u00f3n.\" \/>\n<meta property=\"og:url\" content=\"https:\/\/westcoasttriallawyers.com\/es\/remisiones-de-abogados\" \/>\n<meta property=\"og:site_name\" content=\"West Coast Trial Lawyers\" \/>\n<meta property=\"article:publisher\" content=\"https:\/\/www.facebook.com\/westcoasttriallawyers\/\" \/>\n<meta property=\"article:modified_time\" content=\"2026-01-14T10:19:52+00:00\" \/>\n<meta property=\"og:image\" content=\"https:\/\/westcoasttriallawyers.com\/wp-content\/uploads\/2022\/08\/WCTL_square_logo.jpg\" \/>\n\t<meta property=\"og:image:width\" content=\"285\" \/>\n\t<meta property=\"og:image:height\" content=\"280\" \/>\n\t<meta property=\"og:image:type\" content=\"image\/jpeg\" \/>\n<meta name=\"twitter:card\" content=\"summary_large_image\" \/>\n<meta name=\"twitter:site\" content=\"@WestCoastTrial\" \/>\n<meta name=\"twitter:label1\" content=\"Tiempo de lectura\" \/>\n\t<meta name=\"twitter:data1\" content=\"1 minuto\" \/>\n<script type=\"application\/ld+json\" class=\"yoast-schema-graph\">{\"@context\":\"https:\/\/schema.org\",\"@graph\":[{\"@type\":[\"WebPage\",\"ItemPage\"],\"@id\":\"https:\/\/westcoasttriallawyers.com\/es\/remisiones-de-abogados\",\"url\":\"https:\/\/westcoasttriallawyers.com\/es\/remisiones-de-abogados\",\"name\":\"Referencias de Abogados | West Coast Trial Lawyers\",\"isPartOf\":{\"@id\":\"https:\/\/westcoasttriallawyers.com\/es#website\"},\"datePublished\":\"2025-09-24T19:25:18+00:00\",\"dateModified\":\"2026-01-14T10:19:52+00:00\",\"description\":\"\u00bfBuscas un socio de confianza en derecho de lesiones personales? Nuestro programa de recomendaci\u00f3n de abogados ofrece resultados s\u00f3lidos, comunicaci\u00f3n transparente y generosos honorarios por recomendaci\u00f3n.\",\"breadcrumb\":{\"@id\":\"https:\/\/westcoasttriallawyers.com\/es\/remisiones-de-abogados#breadcrumb\"},\"inLanguage\":\"es\",\"potentialAction\":[{\"@type\":\"ReadAction\",\"target\":[\"https:\/\/westcoasttriallawyers.com\/es\/remisiones-de-abogados\"]}]},{\"@type\":\"BreadcrumbList\",\"@id\":\"https:\/\/westcoasttriallawyers.com\/es\/remisiones-de-abogados#breadcrumb\",\"itemListElement\":[{\"@type\":\"ListItem\",\"position\":1,\"name\":\"Inicio\",\"item\":\"https:\/\/westcoasttriallawyers.com\/es\"},{\"@type\":\"ListItem\",\"position\":2,\"name\":\"Referencias de Abogados\"}]},{\"@type\":\"WebSite\",\"@id\":\"https:\/\/westcoasttriallawyers.com\/es#website\",\"url\":\"https:\/\/westcoasttriallawyers.com\/es\",\"name\":\"West Coast Trial Lawyers\",\"description\":\"West Coast Trial Lawyers\",\"publisher\":{\"@id\":\"https:\/\/westcoasttriallawyers.com\/es#organization\"},\"alternateName\":\"WCTL\",\"potentialAction\":[{\"@type\":\"SearchAction\",\"target\":{\"@type\":\"EntryPoint\",\"urlTemplate\":\"https:\/\/westcoasttriallawyers.com\/es?s={search_term_string}\"},\"query-input\":{\"@type\":\"PropertyValueSpecification\",\"valueRequired\":true,\"valueName\":\"search_term_string\"}}],\"inLanguage\":\"es\"},{\"@type\":\"Organization\",\"@id\":\"https:\/\/westcoasttriallawyers.com\/es#organization\",\"name\":\"West Coast Trial Lawyers\",\"alternateName\":\"WCTL\",\"url\":\"https:\/\/westcoasttriallawyers.com\/es\",\"logo\":{\"@type\":\"ImageObject\",\"inLanguage\":\"es\",\"@id\":\"https:\/\/westcoasttriallawyers.com\/es#\/schema\/logo\/image\/\",\"url\":\"https:\/\/westcoasttriallawyers.com\/wp-content\/uploads\/2026\/02\/WCTL-Logo.jpg\",\"contentUrl\":\"https:\/\/westcoasttriallawyers.com\/wp-content\/uploads\/2026\/02\/WCTL-Logo.jpg\",\"width\":696,\"height\":696,\"caption\":\"West Coast Trial Lawyers\"},\"image\":{\"@id\":\"https:\/\/westcoasttriallawyers.com\/es#\/schema\/logo\/image\/\"},\"sameAs\":[\"https:\/\/www.facebook.com\/westcoasttriallawyers\/\",\"https:\/\/x.com\/WestCoastTrial\",\"https:\/\/www.linkedin.com\/company\/west-coast-trial-lawyers\/\",\"https:\/\/www.instagram.com\/westcoasttriallawyers\/\",\"https:\/\/www.yelp.com\/biz\/west-coast-trial-lawyers-los-angeles-2\",\"https:\/\/www.pinterest.com\/westcoasttrial\/\",\"https:\/\/www.youtube.com\/westcoasttriallawyersla\/\",\"https:\/\/www.tiktok.com\/westcoasttriallawyers\"],\"description\":\"West Coast Trial Lawyers is a top-rated personal injury law firm with a goal to provide expert legal representation to those in need. The law firm has offices across California, Nevada, Arizona, and Washington.\",\"legalName\":\"West Coast Trial Lawyers\"}]}<\/script>\n<!-- \/ Yoast SEO Premium plugin. -->","yoast_head_json":{"title":"Referencias de Abogados | West Coast Trial Lawyers","description":"\u00bfBuscas un socio de confianza en derecho de lesiones personales? Nuestro programa de recomendaci\u00f3n de abogados ofrece resultados s\u00f3lidos, comunicaci\u00f3n transparente y generosos honorarios por recomendaci\u00f3n.","robots":{"index":"index","follow":"follow","max-snippet":"max-snippet:-1","max-image-preview":"max-image-preview:large","max-video-preview":"max-video-preview:-1"},"canonical":"https:\/\/westcoasttriallawyers.com\/es\/remisiones-de-abogados","og_locale":"es_ES","og_type":"article","og_title":"Referencias de Abogados","og_description":"\u00bfBuscas un socio de confianza en derecho de lesiones personales? Nuestro programa de recomendaci\u00f3n de abogados ofrece resultados s\u00f3lidos, comunicaci\u00f3n transparente y generosos honorarios por recomendaci\u00f3n.","og_url":"https:\/\/westcoasttriallawyers.com\/es\/remisiones-de-abogados","og_site_name":"West Coast Trial Lawyers","article_publisher":"https:\/\/www.facebook.com\/westcoasttriallawyers\/","article_modified_time":"2026-01-14T10:19:52+00:00","og_image":[{"width":285,"height":280,"url":"https:\/\/westcoasttriallawyers.com\/wp-content\/uploads\/2022\/08\/WCTL_square_logo.jpg","type":"image\/jpeg"}],"twitter_card":"summary_large_image","twitter_site":"@WestCoastTrial","twitter_misc":{"Tiempo de lectura":"1 minuto"},"schema":{"@context":"https:\/\/schema.org","@graph":[{"@type":["WebPage","ItemPage"],"@id":"https:\/\/westcoasttriallawyers.com\/es\/remisiones-de-abogados","url":"https:\/\/westcoasttriallawyers.com\/es\/remisiones-de-abogados","name":"Referencias de Abogados | West Coast Trial Lawyers","isPartOf":{"@id":"https:\/\/westcoasttriallawyers.com\/es#website"},"datePublished":"2025-09-24T19:25:18+00:00","dateModified":"2026-01-14T10:19:52+00:00","description":"\u00bfBuscas un socio de confianza en derecho de lesiones personales? Nuestro programa de recomendaci\u00f3n de abogados ofrece resultados s\u00f3lidos, comunicaci\u00f3n transparente y generosos honorarios por recomendaci\u00f3n.","breadcrumb":{"@id":"https:\/\/westcoasttriallawyers.com\/es\/remisiones-de-abogados#breadcrumb"},"inLanguage":"es","potentialAction":[{"@type":"ReadAction","target":["https:\/\/westcoasttriallawyers.com\/es\/remisiones-de-abogados"]}]},{"@type":"BreadcrumbList","@id":"https:\/\/westcoasttriallawyers.com\/es\/remisiones-de-abogados#breadcrumb","itemListElement":[{"@type":"ListItem","position":1,"name":"Inicio","item":"https:\/\/westcoasttriallawyers.com\/es"},{"@type":"ListItem","position":2,"name":"Referencias de Abogados"}]},{"@type":"WebSite","@id":"https:\/\/westcoasttriallawyers.com\/es#website","url":"https:\/\/westcoasttriallawyers.com\/es","name":"West Coast Trial Lawyers","description":"West Coast Trial Lawyers","publisher":{"@id":"https:\/\/westcoasttriallawyers.com\/es#organization"},"alternateName":"WCTL","potentialAction":[{"@type":"SearchAction","target":{"@type":"EntryPoint","urlTemplate":"https:\/\/westcoasttriallawyers.com\/es?s={search_term_string}"},"query-input":{"@type":"PropertyValueSpecification","valueRequired":true,"valueName":"search_term_string"}}],"inLanguage":"es"},{"@type":"Organization","@id":"https:\/\/westcoasttriallawyers.com\/es#organization","name":"West Coast Trial Lawyers","alternateName":"WCTL","url":"https:\/\/westcoasttriallawyers.com\/es","logo":{"@type":"ImageObject","inLanguage":"es","@id":"https:\/\/westcoasttriallawyers.com\/es#\/schema\/logo\/image\/","url":"https:\/\/westcoasttriallawyers.com\/wp-content\/uploads\/2026\/02\/WCTL-Logo.jpg","contentUrl":"https:\/\/westcoasttriallawyers.com\/wp-content\/uploads\/2026\/02\/WCTL-Logo.jpg","width":696,"height":696,"caption":"West Coast Trial Lawyers"},"image":{"@id":"https:\/\/westcoasttriallawyers.com\/es#\/schema\/logo\/image\/"},"sameAs":["https:\/\/www.facebook.com\/westcoasttriallawyers\/","https:\/\/x.com\/WestCoastTrial","https:\/\/www.linkedin.com\/company\/west-coast-trial-lawyers\/","https:\/\/www.instagram.com\/westcoasttriallawyers\/","https:\/\/www.yelp.com\/biz\/west-coast-trial-lawyers-los-angeles-2","https:\/\/www.pinterest.com\/westcoasttrial\/","https:\/\/www.youtube.com\/westcoasttriallawyersla\/","https:\/\/www.tiktok.com\/westcoasttriallawyers"],"description":"West Coast Trial Lawyers is a top-rated personal injury law firm with a goal to provide expert legal representation to those in need. The law firm has offices across California, Nevada, Arizona, and Washington.","legalName":"West Coast Trial Lawyers"}]}},"_links":{"self":[{"href":"https:\/\/westcoasttriallawyers.com\/es\/wp-json\/wp\/v2\/pages\/41378","targetHints":{"allow":["GET"]}}],"collection":[{"href":"https:\/\/westcoasttriallawyers.com\/es\/wp-json\/wp\/v2\/pages"}],"about":[{"href":"https:\/\/westcoasttriallawyers.com\/es\/wp-json\/wp\/v2\/types\/page"}],"author":[{"embeddable":true,"href":"https:\/\/westcoasttriallawyers.com\/es\/wp-json\/wp\/v2\/users\/484"}],"replies":[{"embeddable":true,"href":"https:\/\/westcoasttriallawyers.com\/es\/wp-json\/wp\/v2\/comments?post=41378"}],"version-history":[{"count":11,"href":"https:\/\/westcoasttriallawyers.com\/es\/wp-json\/wp\/v2\/pages\/41378\/revisions"}],"predecessor-version":[{"id":46031,"href":"https:\/\/westcoasttriallawyers.com\/es\/wp-json\/wp\/v2\/pages\/41378\/revisions\/46031"}],"wp:attachment":[{"href":"https:\/\/westcoasttriallawyers.com\/es\/wp-json\/wp\/v2\/media?parent=41378"}],"curies":[{"name":"wp","href":"https:\/\/api.w.org\/{rel}","templated":true}]}}