{"id":2408,"date":"2022-05-02T13:26:11","date_gmt":"2022-05-02T13:26:11","guid":{"rendered":"https:\/\/newsitefrom-dev.local\/nima-shaahinfar\/"},"modified":"2023-04-13T11:54:44","modified_gmt":"2023-04-13T11:54:44","slug":"nima-shaahinfar","status":"publish","type":"page","link":"https:\/\/westcoasttriallawyers.com\/es\/nima-shaahinfar","title":{"rendered":"Nima Shaahinfar"},"content":{"rendered":"\t\t<div data-elementor-type=\"wp-page\" data-elementor-id=\"2408\" class=\"elementor elementor-2408\" data-elementor-post-type=\"page\">\n\t\t\t\t\t\t<section class=\"elementor-section elementor-top-section elementor-element elementor-element-5742dff elementor-section-boxed elementor-section-height-default elementor-section-height-default\" data-id=\"5742dff\" data-element_type=\"section\">\n\t\t\t\t\t\t<div class=\"elementor-container elementor-column-gap-default\">\n\t\t\t\t\t<div class=\"elementor-column elementor-col-66 elementor-top-column elementor-element elementor-element-eac7aeb\" data-id=\"eac7aeb\" data-element_type=\"column\">\n\t\t\t<div class=\"elementor-widget-wrap elementor-element-populated\">\n\t\t\t\t\t\t<div class=\"elementor-element elementor-element-ab34a86 elementor-widget elementor-widget-text-editor\" data-id=\"ab34a86\" data-element_type=\"widget\" data-widget_type=\"text-editor.default\">\n\t\t\t\t<div class=\"elementor-widget-container\">\n\t\t\t\t\t\t\t\t\t<ul>\n \t<li><img src=\"https:\/\/wctl1stg.wpengine.com\/wp-content\/uploads\/2022\/05\/Email.png\" \/><a href=\"mailto:nima@westcoasttriallawyers.com\">nima@westcoasttriallawyers.com<\/a><\/li>\n \t<li><img src=\"https:\/\/wctl1stg.wpengine.com\/wp-content\/uploads\/2022\/05\/Phone.png'\" \/><a href=\"tel:+1-888-979-9356\">(888) 979-9356<\/a><\/li>\n \t<li><img src=\"https:\/\/wctl1stg.wpengine.com\/wp-content\/uploads\/2022\/05\/Fax.png\" \/>(213) 927-3701<\/li>\n \t<li><img src=\"https:\/\/wctl1stg.wpengine.com\/wp-content\/uploads\/2022\/05\/Map.png\" \/><a href=\"https:\/\/www.google.com\/maps\/place\/West+Coast+Trial+Lawyers\/@34.0518812,-118.2522187,17z\/data=!4m5!3m4!1s0x80c2c64cbc81bee1:0xe28f2310f9164081!8m2!3d34.051415!4d-118.251634\" target=\"_blank\" rel=\"noopener\">1147 S. Hope Street Los Angeles, CA 90015\n<\/a><\/li>\n<\/ul>\t\t\t\t\t\t\t\t<\/div>\n\t\t\t\t<\/div>\n\t\t\t\t<div class=\"elementor-element elementor-element-a1ce4bb elementor-widget elementor-widget-text-editor\" data-id=\"a1ce4bb\" data-element_type=\"widget\" data-widget_type=\"text-editor.default\">\n\t\t\t\t<div class=\"elementor-widget-container\">\n\t\t\t\t\t\t\t\t\t<p><span style=\"font-weight: 400;\">Nima es abogado en West Coast Trial Lawyers y ayuda a administrar el departamento previo al litigio. Nima se gradu\u00f3 de UCLA en 2001 con una Licenciatura en Ciencias en F\u00edsica y continu\u00f3 su educaci\u00f3n en la Facultad de Derecho de UC Hastings antes de obtener su Maestr\u00eda en Gesti\u00f3n Deportiva en la USF. Nima ha trabajado en las \u00e1reas de defensa de seguros y compensaci\u00f3n laboral. En su tiempo libre, a Nima le gusta viajar, hacer ejercicio, estar al aire libre y en la naturaleza, cocinar, jugar al billar y pasar tiempo con amigos y familiares. Nima tambi\u00e9n es un apasionado del baloncesto y durante los \u00faltimos 10 a\u00f1os ha sido entrenador de baloncesto universitario para el programa de campeonato de City College of San Francisco.<\/span><\/p>\t\t\t\t\t\t\t\t<\/div>\n\t\t\t\t<\/div>\n\t\t\t\t\t<\/div>\n\t\t<\/div>\n\t\t\t\t<div class=\"elementor-column elementor-col-33 elementor-top-column elementor-element elementor-element-a0c7704\" data-id=\"a0c7704\" data-element_type=\"column\">\n\t\t\t<div class=\"elementor-widget-wrap elementor-element-populated\">\n\t\t\t\t\t\t\t<\/div>\n\t\t<\/div>\n\t\t\t\t\t<\/div>\n\t\t<\/section>\n\t\t\t\t<\/div>\n\t\t","protected":false},"excerpt":{"rendered":"<p>Nima Shaahinfar Attorney nima@westcoasttriallawyers.com (888) 979-9356 (213) 927-3701 1147 S. Hope Street Los Angeles, CA 90015 Nima es abogado en West Coast Trial Lawyers y ayuda a administrar el departamento previo al litigio. Nima se gradu\u00f3 de UCLA en 2001 con una Licenciatura en Ciencias en F\u00edsica y continu\u00f3 su educaci\u00f3n en la Facultad de [&hellip;]<\/p>\n","protected":false},"author":470,"featured_media":2393,"parent":0,"menu_order":604,"comment_status":"closed","ping_status":"closed","template":"elementor_header_footer","meta":{"inline_featured_image":false,"footnotes":""},"class_list":["post-2408","page","type-page","status-publish","has-post-thumbnail","hentry"],"acf":[],"yoast_head":"<!-- This site is optimized with the Yoast SEO Premium plugin v26.0 (Yoast SEO v26.0) - https:\/\/yoast.com\/wordpress\/plugins\/seo\/ -->\n<title>Nima Shaahinfar | West Coast Trial Lawyers<\/title>\n<meta name=\"description\" content=\"Nima Shaahinfar is an attorney at West Coast Trial Lawyers, a top-rated personal injury law firm. Call us at any time for a free consultation.\" \/>\n<meta name=\"robots\" content=\"index, follow, max-snippet:-1, max-image-preview:large, max-video-preview:-1\" \/>\n<link rel=\"canonical\" href=\"https:\/\/westcoasttriallawyers.com\/es\/nima-shaahinfar\" \/>\n<meta property=\"og:locale\" content=\"es_ES\" \/>\n<meta property=\"og:type\" content=\"article\" \/>\n<meta property=\"og:title\" content=\"Nima Shaahinfar\" \/>\n<meta property=\"og:description\" content=\"Nima Shaahinfar is an attorney at West Coast Trial Lawyers, a top-rated personal injury law firm. Call us at any time for a free consultation.\" \/>\n<meta property=\"og:url\" content=\"https:\/\/westcoasttriallawyers.com\/es\/nima-shaahinfar\" \/>\n<meta property=\"og:site_name\" content=\"West Coast Trial Lawyers\" \/>\n<meta property=\"article:publisher\" content=\"https:\/\/www.facebook.com\/westcoasttriallawyers\/\" \/>\n<meta property=\"article:modified_time\" content=\"2023-04-13T11:54:44+00:00\" \/>\n<meta property=\"og:image\" content=\"https:\/\/westcoasttriallawyers.com\/wp-content\/uploads\/2022\/03\/intro-4-1-1024x680.png\" \/>\n\t<meta property=\"og:image:width\" content=\"1024\" \/>\n\t<meta property=\"og:image:height\" content=\"680\" \/>\n\t<meta property=\"og:image:type\" content=\"image\/png\" \/>\n<meta name=\"twitter:card\" content=\"summary_large_image\" \/>\n<meta name=\"twitter:site\" content=\"@WestCoastTrial\" \/>\n<meta name=\"twitter:label1\" content=\"Tiempo de lectura\" \/>\n\t<meta name=\"twitter:data1\" content=\"9 minutos\" \/>\n<script type=\"application\/ld+json\" class=\"yoast-schema-graph\">{\"@context\":\"https:\/\/schema.org\",\"@graph\":[{\"@type\":[\"WebPage\",\"ItemPage\"],\"@id\":\"https:\/\/westcoasttriallawyers.com\/es\/nima-shaahinfar\",\"url\":\"https:\/\/westcoasttriallawyers.com\/es\/nima-shaahinfar\",\"name\":\"Nima Shaahinfar | West Coast Trial Lawyers\",\"isPartOf\":{\"@id\":\"https:\/\/westcoasttriallawyers.com\/es#website\"},\"primaryImageOfPage\":{\"@id\":\"https:\/\/westcoasttriallawyers.com\/es\/nima-shaahinfar#primaryimage\"},\"image\":{\"@id\":\"https:\/\/westcoasttriallawyers.com\/es\/nima-shaahinfar#primaryimage\"},\"thumbnailUrl\":\"https:\/\/westcoasttriallawyers.com\/wp-content\/uploads\/2022\/03\/intro-4-1.png\",\"datePublished\":\"2022-05-02T13:26:11+00:00\",\"dateModified\":\"2023-04-13T11:54:44+00:00\",\"description\":\"Nima Shaahinfar is an attorney at West Coast Trial Lawyers, a top-rated personal injury law firm. Call us at any time for a free consultation.\",\"breadcrumb\":{\"@id\":\"https:\/\/westcoasttriallawyers.com\/es\/nima-shaahinfar#breadcrumb\"},\"inLanguage\":\"es\",\"potentialAction\":[{\"@type\":\"ReadAction\",\"target\":[\"https:\/\/westcoasttriallawyers.com\/es\/nima-shaahinfar\"]}]},{\"@type\":\"ImageObject\",\"inLanguage\":\"es\",\"@id\":\"https:\/\/westcoasttriallawyers.com\/es\/nima-shaahinfar#primaryimage\",\"url\":\"https:\/\/westcoasttriallawyers.com\/wp-content\/uploads\/2022\/03\/intro-4-1.png\",\"contentUrl\":\"https:\/\/westcoasttriallawyers.com\/wp-content\/uploads\/2022\/03\/intro-4-1.png\",\"width\":2880,\"height\":1912},{\"@type\":\"BreadcrumbList\",\"@id\":\"https:\/\/westcoasttriallawyers.com\/es\/nima-shaahinfar#breadcrumb\",\"itemListElement\":[{\"@type\":\"ListItem\",\"position\":1,\"name\":\"Inicio\",\"item\":\"https:\/\/westcoasttriallawyers.com\/es\"},{\"@type\":\"ListItem\",\"position\":2,\"name\":\"Nima Shaahinfar\"}]},{\"@type\":\"WebSite\",\"@id\":\"https:\/\/westcoasttriallawyers.com\/es#website\",\"url\":\"https:\/\/westcoasttriallawyers.com\/es\",\"name\":\"West Coast Trial Lawyers\",\"description\":\"West Coast Trial Lawyers\",\"publisher\":{\"@id\":\"https:\/\/westcoasttriallawyers.com\/es#organization\"},\"alternateName\":\"WCTL\",\"potentialAction\":[{\"@type\":\"SearchAction\",\"target\":{\"@type\":\"EntryPoint\",\"urlTemplate\":\"https:\/\/westcoasttriallawyers.com\/es?s={search_term_string}\"},\"query-input\":{\"@type\":\"PropertyValueSpecification\",\"valueRequired\":true,\"valueName\":\"search_term_string\"}}],\"inLanguage\":\"es\"},{\"@type\":\"Organization\",\"@id\":\"https:\/\/westcoasttriallawyers.com\/es#organization\",\"name\":\"West Coast Trial Lawyers\",\"alternateName\":\"WCTL\",\"url\":\"https:\/\/westcoasttriallawyers.com\/es\",\"logo\":{\"@type\":\"ImageObject\",\"inLanguage\":\"es\",\"@id\":\"https:\/\/westcoasttriallawyers.com\/es#\/schema\/logo\/image\/\",\"url\":\"https:\/\/westcoasttriallawyers.com\/wp-content\/uploads\/2026\/02\/WCTL-Logo.jpg\",\"contentUrl\":\"https:\/\/westcoasttriallawyers.com\/wp-content\/uploads\/2026\/02\/WCTL-Logo.jpg\",\"width\":696,\"height\":696,\"caption\":\"West Coast Trial Lawyers\"},\"image\":{\"@id\":\"https:\/\/westcoasttriallawyers.com\/es#\/schema\/logo\/image\/\"},\"sameAs\":[\"https:\/\/www.facebook.com\/westcoasttriallawyers\/\",\"https:\/\/x.com\/WestCoastTrial\",\"https:\/\/www.linkedin.com\/company\/west-coast-trial-lawyers\/\",\"https:\/\/www.instagram.com\/westcoasttriallawyers\/\",\"https:\/\/www.yelp.com\/biz\/west-coast-trial-lawyers-los-angeles-2\",\"https:\/\/www.pinterest.com\/westcoasttrial\/\",\"https:\/\/www.youtube.com\/westcoasttriallawyersla\/\",\"https:\/\/www.tiktok.com\/westcoasttriallawyers\"],\"description\":\"West Coast Trial Lawyers is a top-rated personal injury law firm with a goal to provide expert legal representation to those in need. The law firm has offices across California, Nevada, Arizona, and Washington.\",\"legalName\":\"West Coast Trial Lawyers\"}]}<\/script>\n<!-- \/ Yoast SEO Premium plugin. -->","yoast_head_json":{"title":"Nima Shaahinfar | West Coast Trial Lawyers","description":"Nima Shaahinfar is an attorney at West Coast Trial Lawyers, a top-rated personal injury law firm. Call us at any time for a free consultation.","robots":{"index":"index","follow":"follow","max-snippet":"max-snippet:-1","max-image-preview":"max-image-preview:large","max-video-preview":"max-video-preview:-1"},"canonical":"https:\/\/westcoasttriallawyers.com\/es\/nima-shaahinfar","og_locale":"es_ES","og_type":"article","og_title":"Nima Shaahinfar","og_description":"Nima Shaahinfar is an attorney at West Coast Trial Lawyers, a top-rated personal injury law firm. Call us at any time for a free consultation.","og_url":"https:\/\/westcoasttriallawyers.com\/es\/nima-shaahinfar","og_site_name":"West Coast Trial Lawyers","article_publisher":"https:\/\/www.facebook.com\/westcoasttriallawyers\/","article_modified_time":"2023-04-13T11:54:44+00:00","og_image":[{"width":1024,"height":680,"url":"https:\/\/westcoasttriallawyers.com\/wp-content\/uploads\/2022\/03\/intro-4-1-1024x680.png","type":"image\/png"}],"twitter_card":"summary_large_image","twitter_site":"@WestCoastTrial","twitter_misc":{"Tiempo de lectura":"9 minutos"},"schema":{"@context":"https:\/\/schema.org","@graph":[{"@type":["WebPage","ItemPage"],"@id":"https:\/\/westcoasttriallawyers.com\/es\/nima-shaahinfar","url":"https:\/\/westcoasttriallawyers.com\/es\/nima-shaahinfar","name":"Nima Shaahinfar | West Coast Trial Lawyers","isPartOf":{"@id":"https:\/\/westcoasttriallawyers.com\/es#website"},"primaryImageOfPage":{"@id":"https:\/\/westcoasttriallawyers.com\/es\/nima-shaahinfar#primaryimage"},"image":{"@id":"https:\/\/westcoasttriallawyers.com\/es\/nima-shaahinfar#primaryimage"},"thumbnailUrl":"https:\/\/westcoasttriallawyers.com\/wp-content\/uploads\/2022\/03\/intro-4-1.png","datePublished":"2022-05-02T13:26:11+00:00","dateModified":"2023-04-13T11:54:44+00:00","description":"Nima Shaahinfar is an attorney at West Coast Trial Lawyers, a top-rated personal injury law firm. Call us at any time for a free consultation.","breadcrumb":{"@id":"https:\/\/westcoasttriallawyers.com\/es\/nima-shaahinfar#breadcrumb"},"inLanguage":"es","potentialAction":[{"@type":"ReadAction","target":["https:\/\/westcoasttriallawyers.com\/es\/nima-shaahinfar"]}]},{"@type":"ImageObject","inLanguage":"es","@id":"https:\/\/westcoasttriallawyers.com\/es\/nima-shaahinfar#primaryimage","url":"https:\/\/westcoasttriallawyers.com\/wp-content\/uploads\/2022\/03\/intro-4-1.png","contentUrl":"https:\/\/westcoasttriallawyers.com\/wp-content\/uploads\/2022\/03\/intro-4-1.png","width":2880,"height":1912},{"@type":"BreadcrumbList","@id":"https:\/\/westcoasttriallawyers.com\/es\/nima-shaahinfar#breadcrumb","itemListElement":[{"@type":"ListItem","position":1,"name":"Inicio","item":"https:\/\/westcoasttriallawyers.com\/es"},{"@type":"ListItem","position":2,"name":"Nima Shaahinfar"}]},{"@type":"WebSite","@id":"https:\/\/westcoasttriallawyers.com\/es#website","url":"https:\/\/westcoasttriallawyers.com\/es","name":"West Coast Trial Lawyers","description":"West Coast Trial Lawyers","publisher":{"@id":"https:\/\/westcoasttriallawyers.com\/es#organization"},"alternateName":"WCTL","potentialAction":[{"@type":"SearchAction","target":{"@type":"EntryPoint","urlTemplate":"https:\/\/westcoasttriallawyers.com\/es?s={search_term_string}"},"query-input":{"@type":"PropertyValueSpecification","valueRequired":true,"valueName":"search_term_string"}}],"inLanguage":"es"},{"@type":"Organization","@id":"https:\/\/westcoasttriallawyers.com\/es#organization","name":"West Coast Trial Lawyers","alternateName":"WCTL","url":"https:\/\/westcoasttriallawyers.com\/es","logo":{"@type":"ImageObject","inLanguage":"es","@id":"https:\/\/westcoasttriallawyers.com\/es#\/schema\/logo\/image\/","url":"https:\/\/westcoasttriallawyers.com\/wp-content\/uploads\/2026\/02\/WCTL-Logo.jpg","contentUrl":"https:\/\/westcoasttriallawyers.com\/wp-content\/uploads\/2026\/02\/WCTL-Logo.jpg","width":696,"height":696,"caption":"West Coast Trial Lawyers"},"image":{"@id":"https:\/\/westcoasttriallawyers.com\/es#\/schema\/logo\/image\/"},"sameAs":["https:\/\/www.facebook.com\/westcoasttriallawyers\/","https:\/\/x.com\/WestCoastTrial","https:\/\/www.linkedin.com\/company\/west-coast-trial-lawyers\/","https:\/\/www.instagram.com\/westcoasttriallawyers\/","https:\/\/www.yelp.com\/biz\/west-coast-trial-lawyers-los-angeles-2","https:\/\/www.pinterest.com\/westcoasttrial\/","https:\/\/www.youtube.com\/westcoasttriallawyersla\/","https:\/\/www.tiktok.com\/westcoasttriallawyers"],"description":"West Coast Trial Lawyers is a top-rated personal injury law firm with a goal to provide expert legal representation to those in need. The law firm has offices across California, Nevada, Arizona, and Washington.","legalName":"West Coast Trial Lawyers"}]}},"_links":{"self":[{"href":"https:\/\/westcoasttriallawyers.com\/es\/wp-json\/wp\/v2\/pages\/2408","targetHints":{"allow":["GET"]}}],"collection":[{"href":"https:\/\/westcoasttriallawyers.com\/es\/wp-json\/wp\/v2\/pages"}],"about":[{"href":"https:\/\/westcoasttriallawyers.com\/es\/wp-json\/wp\/v2\/types\/page"}],"author":[{"embeddable":true,"href":"https:\/\/westcoasttriallawyers.com\/es\/wp-json\/wp\/v2\/users\/470"}],"replies":[{"embeddable":true,"href":"https:\/\/westcoasttriallawyers.com\/es\/wp-json\/wp\/v2\/comments?post=2408"}],"version-history":[{"count":0,"href":"https:\/\/westcoasttriallawyers.com\/es\/wp-json\/wp\/v2\/pages\/2408\/revisions"}],"wp:featuredmedia":[{"embeddable":true,"href":"https:\/\/westcoasttriallawyers.com\/es\/wp-json\/wp\/v2\/media\/2393"}],"wp:attachment":[{"href":"https:\/\/westcoasttriallawyers.com\/es\/wp-json\/wp\/v2\/media?parent=2408"}],"curies":[{"name":"wp","href":"https:\/\/api.w.org\/{rel}","templated":true}]}}