{"id":13440,"date":"2026-01-30T03:20:09","date_gmt":"2026-01-30T03:20:09","guid":{"rendered":"https:\/\/wctl1stg.wpengine.com\/?page_id=13440"},"modified":"2023-11-17T21:47:13","modified_gmt":"2023-11-17T21:47:13","slug":"abogados-de-lesiones-personales-san-jose","status":"publish","type":"page","link":"https:\/\/westcoasttriallawyers.com\/es\/abogados-de-lesiones-personales-san-jose","title":{"rendered":"ABOGADO DE LESIONES PERSONALES EN SAN JOS\u00c9"},"content":{"rendered":"\n<h2 class=\"wp-block-heading\" id=\"h-presente-su-reclamo-por-lesiones-personales-con-los-abogados-expertos-de-san-jose\">Presente su reclamo por lesiones personales con los abogados expertos de San Jos\u00e9<\/h2>\n\n\n\n<p>\u00bfSufri\u00f3 alguna lesi\u00f3n despu\u00e9s de un accidente en San Jos\u00e9? \u00bfEl accidente fue causado por acciones negligentes cometidas por otra persona? \u00bfEst\u00e1 lidiando con dificultades financieras debido a los da\u00f1os que provoc\u00f3 el incidente? Es posible que tenga derecho a presentar un reclamo por lesiones personales contra la parte culpable para recuperar una compensaci\u00f3n por sus da\u00f1os y p\u00e9rdidas. Para obtener con \u00e9xito una oferta de compensaci\u00f3n justa, busque la representaci\u00f3n legal de un abogado experto en lesiones personales de San Jos\u00e9.<\/p>\n\n\n\n<p>En <a href=\"https:\/\/westcoasttriallawyers.com\/es\">Abogados De La Costa Oeste<\/a>, nuestros abogados de lesiones personales de San Jos\u00e9 tienen m\u00e1s de 100 a\u00f1os de experiencia legal colectiva entre todos sus miembros. Hemos ganado m\u00e1s de 5000 casos, que suman m\u00e1s de $1500 millones en acuerdos y sentencias recuperadas para nuestros clientes. A medida que continuamos logrando nuestro objetivo de brindar justicia a las v\u00edctimas de lesiones personales, confiamos y determinamos que obtendremos el mejor resultado posible para su caso.<\/p>\n\n\n\n<p>Programe una consulta gratuita y libre de riesgos hoy llamando al <a href=\"tel:8885634417\">888-563-4417<\/a> o completando nuestro <a href=\"https:\/\/westcoasttriallawyers.com\/es\/contactenos\">formulario de contacto<\/a> en l\u00ednea para comenzar el proceso de presentaci\u00f3n de un reclamo por lesiones personales.<\/p>\n\n\n\n<h2 class=\"wp-block-heading\" id=\"h-tipos-de-casos-que-manejan-nuestros-mejores-abogados-de-lesiones-personales-en-san-jose\">Tipos de casos que manejan nuestros mejores abogados de lesiones personales en San Jos\u00e9<\/h2>\n\n\n\n<p>En Abogados De La Costa Oeste, manejamos una amplia gama de casos de lesiones personales. Si es v\u00edctima de lesiones personales, no dude en comunicarse con nosotros si ha sufrido lesiones o p\u00e9rdidas despu\u00e9s de estar involucrado en un accidente en uno o m\u00e1s de los siguientes casos:<\/p>\n\n\n\n<ul class=\"wp-block-list\">\n<li>Accidentes automovil\u00edsticos<\/li>\n\n\n\n<li>Accidentes de motocicleta<\/li>\n\n\n\n<li>Muerte injusta<\/li>\n\n\n\n<li>Accidentes de Uber y Lyft<\/li>\n\n\n\n<li>Da\u00f1o cerebral<\/li>\n\n\n\n<li>Lesi\u00f3n de la m\u00e9dula espinal<\/li>\n\n\n\n<li>Mordidas de perro<\/li>\n\n\n\n<li>Accidentes de motoneta (<em>scooter<\/em>)<\/li>\n\n\n\n<li>Responsabilidad de los locales<\/li>\n\n\n\n<li>Accidentes de bicicleta<\/li>\n\n\n\n<li>Lesi\u00f3n por quemadura<\/li>\n\n\n\n<li>Accidentes de peatones<\/li>\n\n\n\n<li>Accidentes de camiones<\/li>\n\n\n\n<li>Accidentes de autob\u00fas<\/li>\n\n\n\n<li>Accidentes de entrega de alimentos<\/li>\n<\/ul>\n\n\n\n<p>Qu\u00e9 har\u00e1 por usted un abogado especializado en lesiones personales de San Jos\u00e9<\/p>\n\n\n\n<p><strong>Cuidar sus derechos legales:<\/strong> Nuestro equipo legal de Abogados De La Costa Oeste tiene una experiencia significativa en el manejo de casos de lesiones personales. Nos encargaremos de la documentaci\u00f3n necesaria para presentar un reclamo por lesiones personales mientras usted se dedica a recuperarse f\u00edsica, emocional y\/o mentalmente. Tambi\u00e9n negociaremos con las compa\u00f1\u00edas de seguros para llegar a un acuerdo justo que evite que tenga dificultades financieras causadas por el accidente. Por \u00faltimo, le diremos qu\u00e9 informaci\u00f3n guardarse sobre su caso de lesiones personales, ya que compartir informaci\u00f3n sensible puede afectar negativamente el resultado de su acuerdo.<\/p>\n\n\n\n<p><strong>Explicar detalladamente el proceso legal: <\/strong>Nuestros abogados de lesiones personales en San Jos\u00e9 est\u00e1n disponibles las 24 horas del d\u00eda, los 7 d\u00edas de la semana para responder sus preguntas y guiarlo en cada etapa del proceso legal. Le daremos explicaciones detalladas sobre el estado actual de su caso y lo mantendremos actualizado sobre lo que est\u00e1 sucediendo con su proceso.<\/p>\n\n\n\n<p><strong>Compensaci\u00f3n segura:<\/strong> nuestro equipo de lesiones personales de San Jos\u00e9 emprender\u00e1 acciones legales potentes para garantizar que se le otorgue una compensaci\u00f3n justa por los da\u00f1os causados por el accidente. Esto incluye recibir cobertura para facturas m\u00e9dicas, salarios perdidos, p\u00e9rdida de capacidad de ingresos, dolor y sufrimiento, angustia emocional y m\u00e1s.<\/p>\n\n\n\n<p><strong>Presentar una demanda en la corte:<\/strong> la mayor\u00eda de nuestros casos de lesiones personales generalmente se resuelven sin necesidad de un litigio. Sin embargo, si un juicio es lo m\u00e1s conveniente para usted, presentaremos un caso s\u00f3lido bien construido al juez y al jurado para mejorar sus posibilidades de obtener la m\u00e1xima compensaci\u00f3n.<\/p>\n\n\n\n<p><strong>\u00bfQu\u00e9 da\u00f1os se pueden reclamar en un caso de lesiones personales en San Jos\u00e9?<\/strong><\/p>\n\n\n\n<p>Todas las ofertas de compensaci\u00f3n por lesiones personales pueden variar debido a las circunstancias \u00fanicas de cada caso. Su lesi\u00f3n y la causa de su lesi\u00f3n pueden diferir en comparaci\u00f3n con las de otra persona. En un caso de lesiones personales son muchos los factores que pueden contribuir a la cantidad total de da\u00f1os compensatorios que se le pueden otorgar. Esto incluye el \u00e1rea lesionada, el tratamiento y la causa de la lesi\u00f3n.<\/p>\n\n\n\n<p>Los da\u00f1os compensatorios est\u00e1n destinados a compensar a la v\u00edctima por las p\u00e9rdidas causadas por el accidente. Se debe presentar pruebas de que la otra parte incumpli\u00f3 su deber de cuidado y que su negligencia lo afect\u00f3 directamente. En un caso bien presentado, se le otorgar\u00e1n da\u00f1os econ\u00f3micos y da\u00f1os no econ\u00f3micos.<\/p>\n\n\n\n<p>Los da\u00f1os econ\u00f3micos est\u00e1n destinados a compensar a una v\u00edctima por las p\u00e9rdidas financieras y se le puede asignar f\u00e1cilmente un monto en d\u00f3lares. Se calcula determinando la cantidad de p\u00e9rdidas econ\u00f3micas del bolsillo y en los gastos que puede incurrir la v\u00edctima en el futuro como resultado de sus lesiones. Algunos ejemplos de da\u00f1os econ\u00f3micos incluyen p\u00e9rdida de propiedad, salarios perdidos y facturas m\u00e9dicas.<\/p>\n\n\n\n<p>Los da\u00f1os no econ\u00f3micos est\u00e1n destinados a cubrir p\u00e9rdidas que se consideran subjetivas y no cubren p\u00e9rdidas de bolsillo. Algunos ejemplos de da\u00f1os no econ\u00f3micos son la angustia emocional, la p\u00e9rdida del disfrute de la vida y el dolor y el sufrimiento.<\/p>\n\n\n\n<p>Los da\u00f1os punitivos no est\u00e1n incluidos en los da\u00f1os compensatorios. Sin embargo, se puede otorgar en un caso de lesiones personales. Los da\u00f1os punitivos est\u00e1n destinados a castigar a una persona por actos negligentes o comportamiento da\u00f1ino deliberado. Se otorga a discreci\u00f3n del tribunal y depender\u00e1 completamente de las circunstancias de su reclamo.<\/p>\n\n\n\n<figure class=\"wp-block-image size-full\"><img width=\"940\" height=\"529\" src=\"https:\/\/westcoasttriallawyers.com\/wp-content\/uploads\/2023\/11\/Abogados-de-Lesiones-Personales-en-San-Jose-edited.png\" alt=\"\" class=\"wp-image-15279\" srcset=\"https:\/\/westcoasttriallawyers.com\/wp-content\/uploads\/2023\/11\/Abogados-de-Lesiones-Personales-en-San-Jose-edited.png 940w, https:\/\/westcoasttriallawyers.com\/wp-content\/uploads\/2023\/11\/Abogados-de-Lesiones-Personales-en-San-Jose-edited-300x169.png 300w, https:\/\/westcoasttriallawyers.com\/wp-content\/uploads\/2023\/11\/Abogados-de-Lesiones-Personales-en-San-Jose-edited-768x432.png 768w\" sizes=\"(max-width: 940px) 100vw, 940px\" \/><\/figure>\n\n\n\n<h2 class=\"wp-block-heading\" id=\"h-preguntas-frecuentes-sobre-lesiones-personales-en-san-jose\"><strong>Preguntas frecuentes sobre lesiones personales en San Jos\u00e9<\/strong><\/h2>\n\n\n\n<p>Emprender acciones legales contra alguien por causar un accidente puede ser dif\u00edcil, especialmente si es la primera vez que experimenta una situaci\u00f3n as\u00ed. Es normal sentirse confundido sin saber cu\u00e1l debe ser el primer paso.<\/p>\n\n\n\n<p>A continuaci\u00f3n, hemos respondido nuestras preguntas m\u00e1s frecuentes relacionadas con casos de lesiones personales. Si tiene alguna otra pregunta adicional, no dude en llamar a nuestra oficina de San Jos\u00e9. Nuestro equipo legal est\u00e1 disponible 24\/7.<\/p>\n\n\n\n<h2 class=\"wp-block-heading\" id=\"h-cuanto-cuesta-contratar-a-un-abogado-de-lesiones-personales\"><strong>\u00bfCu\u00e1nto cuesta contratar a un abogado de lesiones personales?<\/strong><\/h2>\n\n\n\n<p>No hay una respuesta exacta sobre cu\u00e1nto se le cobrar\u00e1 a un cliente por recibir servicios legales de un abogado de lesiones personales de San Jos\u00e9. Todos los bufetes de abogados tendr\u00e1n diferentes m\u00e9todos de pagos. Algunos le cobrar\u00e1n por hora, mientras que otros requerir\u00e1n una compensaci\u00f3n basada en una tarifa de contingencia. Una tarifa de contingencia significa que el cliente paga los servicios del abogado de lesiones personales solo si el caso se resuelve a su favor.<\/p>\n\n\n\n<p>En Abogados De La Costa Oeste, nuestros abogados de lesiones personales de San Jos\u00e9 trabajan con honorarios de contingencia, usted no paga a ninguno de nuestros abogados hasta que resolvamos su caso. Si desea obtener m\u00e1s informaci\u00f3n sobre c\u00f3mo funcionan los acuerdos de contingencia, puede comunicarse con nuestra oficina de San Jos\u00e9 para una consulta gratuita.<\/p>\n\n\n\n<h2 class=\"wp-block-heading\" id=\"h-cuanto-tiempo-tiene-para-presentar-su-reclamo\"><strong>\u00bfCu\u00e1nto tiempo tiene para presentar su reclamo?<\/strong><\/h2>\n\n\n\n<p>En California, el estatuto de limitaciones para un reclamo por lesiones personales es de dos a\u00f1os a partir de la fecha inicial del incidente. A pesar de que dos a\u00f1os parece tiempo suficiente para emprender acciones legales, no espere al \u00faltimo minuto para presentar su reclamo. Se necesita mucho tiempo y esfuerzo para reunir pruebas, encontrar un abogado con experiencia en lesiones personales y construir un reclamo s\u00f3lido. Necesitar\u00e1 tanto tiempo como sea posible para asegurarse de que est\u00e1 haciendo todo correctamente y de tener el equipo legal adecuado de su lado para mejorar sus posibilidades de una compensaci\u00f3n justa.<\/p>\n\n\n\n<p>Si no presenta su reclamo por lesiones personales antes de la fecha l\u00edmite, ya no estar\u00e1 calificado para que su caso sea admitido en el sistema judicial civil de San Jos\u00e9. Incluso si a\u00fan intenta presentar su reclamo despu\u00e9s de la fecha l\u00edmite, la defensa presentar\u00e1 una moci\u00f3n para desestimar su caso. Se pueden otorgar excepciones para una extensi\u00f3n a aquellos que son menores de edad, personas que estaban fuera del estado, encarcelados, que tengan diagn\u00f3stico legal de enfermedad mental o est\u00e9n incapacitados.<\/p>\n\n\n\n<h2 class=\"wp-block-heading\" id=\"h-puedo-demandar-si-mi-ser-querido-murio-debido-a-la-negligencia-de-otra-persona\"><strong>\u00bfPuedo demandar si mi ser querido muri\u00f3 debido a la negligencia de otra persona?<\/strong><\/h2>\n\n\n\n<p>De acuerdo con el C\u00f3digo de procedimiento civil de California 377.60, los miembros de la familia del difunto que tienen derecho a presentar un reclamo por muerte injusta son:<\/p>\n\n\n\n<p>C\u00f3nyuge;<\/p>\n\n\n\n<p>Ni\u00f1os;<\/p>\n\n\n\n<p>Pareja dom\u00e9stica registrada;<\/p>\n\n\n\n<p>Nietos, si los hijos del difunto han fallecido;<\/p>\n\n\n\n<p>Menores que dependen al menos en un 50 por ciento del difunto para su apoyo financiero; y<\/p>\n\n\n\n<p>cualquier persona que tenga derecho a la propiedad del difunto de acuerdo con las leyes de sucesi\u00f3n intestada de California.<\/p>\n\n\n\n<p>Si ha perdido a un ser querido en manos de las acciones imprudentes o negligentes de otra persona o entidad, es posible que tenga el derecho legal de presentar una demanda por muerte injusta en su contra. Si est\u00e1 interesado en obtener una evaluaci\u00f3n gratuita de su caso, puede comunicarse con nuestra oficina de San Jos\u00e9 para analizar con detenimiento cu\u00e1les son los pr\u00f3ximos pasos y qu\u00e9 esperar en su caso de muerte por negligencia.<\/p>\n\n\n\n<h2 class=\"wp-block-heading\" id=\"h-comuniquese-con-nuestros-abogados-de-lesiones-personales-de-san-jose-para-obtener-asistencia-legal\"><strong>Comun\u00edquese con nuestros abogados de lesiones personales de San Jos\u00e9 para obtener asistencia legal<\/strong><\/h2>\n\n\n\n<p>Si ha sufrido lesiones por negligencia o actos deliberados de malicia de alguien, tiene derecho a presentar un reclamo por lesiones personales contra la parte culpable, por da\u00f1os y perjuicios. Nuestros abogados de lesiones personales en San Jos\u00e9 en Abogados De La Costa Oeste est\u00e1n disponibles para ofrecer asistencia legal. Evaluaremos su caso para determinar los cursos de acci\u00f3n necesarios para garantizar que se le otorgue la compensaci\u00f3n que merece.<\/p>\n\n\n\n<p>Ll\u00e1menos hoy al <a href=\"tel:8885634417\">888-563-4417<\/a> o complete nuestro <a href=\"https:\/\/westcoasttriallawyers.com\/es\/contactenos\">formulario de contacto<\/a> para programar una consulta gratuita con nuestro equipo legal experimentado, atento y compasivo.<\/p>\n\n<!-- WCTL_DEBUG: no shortcode in this_content -->","protected":false},"excerpt":{"rendered":"<p>Presente su reclamo por lesiones personales con los abogados expertos de San Jos\u00e9 \u00bfSufri\u00f3 alguna lesi\u00f3n despu\u00e9s de un accidente en San Jos\u00e9? \u00bfEl accidente fue causado por acciones negligentes cometidas por otra persona? \u00bfEst\u00e1 lidiando con dificultades financieras debido a los da\u00f1os que provoc\u00f3 el incidente? Es posible que tenga derecho a presentar un [&hellip;]<\/p>\n","protected":false},"author":470,"featured_media":17079,"parent":0,"menu_order":799,"comment_status":"closed","ping_status":"closed","template":"","meta":{"inline_featured_image":false,"footnotes":""},"class_list":["post-13440","page","type-page","status-publish","has-post-thumbnail","hentry"],"acf":[],"yoast_head":"<!-- This site is optimized with the Yoast SEO Premium plugin v26.0 (Yoast SEO v26.0) - https:\/\/yoast.com\/wordpress\/plugins\/seo\/ -->\n<title>Abogados de Lesiones Personales en San Jose - West Coast Trial Lawyers<\/title>\n<meta name=\"description\" content=\"\u00bfEst\u00e1 lidiando con dificultades financieras debido a los da\u00f1os que provoc\u00f3 un accidente? Busque la representaci\u00f3n legal de un abogado experto en lesiones personales de San Jos\u00e9.\" \/>\n<meta name=\"robots\" content=\"index, follow, max-snippet:-1, max-image-preview:large, max-video-preview:-1\" \/>\n<link rel=\"canonical\" href=\"https:\/\/westcoasttriallawyers.com\/es\/abogados-de-lesiones-personales-san-jose\" \/>\n<meta property=\"og:locale\" content=\"es_ES\" \/>\n<meta property=\"og:type\" content=\"article\" \/>\n<meta property=\"og:title\" content=\"ABOGADO DE LESIONES PERSONALES EN SAN JOS\u00c9\" \/>\n<meta property=\"og:description\" content=\"\u00bfEst\u00e1 lidiando con dificultades financieras debido a los da\u00f1os que provoc\u00f3 un accidente? Busque la representaci\u00f3n legal de un abogado experto en lesiones personales de San Jos\u00e9.\" \/>\n<meta property=\"og:url\" content=\"https:\/\/westcoasttriallawyers.com\/es\/abogados-de-lesiones-personales-san-jose\" \/>\n<meta property=\"og:site_name\" content=\"West Coast Trial Lawyers\" \/>\n<meta property=\"article:publisher\" content=\"https:\/\/www.facebook.com\/westcoasttriallawyers\/\" \/>\n<meta property=\"og:image\" content=\"https:\/\/westcoasttriallawyers.com\/wp-content\/uploads\/2024\/11\/San-Jose-Accident-Lawyer-Page.jpg\" \/>\n\t<meta property=\"og:image:width\" content=\"1920\" \/>\n\t<meta property=\"og:image:height\" content=\"1080\" \/>\n\t<meta property=\"og:image:type\" content=\"image\/jpeg\" \/>\n<meta name=\"twitter:card\" content=\"summary_large_image\" \/>\n<meta name=\"twitter:site\" content=\"@WestCoastTrial\" \/>\n<meta name=\"twitter:label1\" content=\"Tiempo de lectura\" \/>\n\t<meta name=\"twitter:data1\" content=\"8 minutos\" \/>\n<script type=\"application\/ld+json\" class=\"yoast-schema-graph\">{\"@context\":\"https:\/\/schema.org\",\"@graph\":[{\"@type\":[\"WebPage\",\"ItemPage\"],\"@id\":\"https:\/\/westcoasttriallawyers.com\/es\/abogados-de-lesiones-personales-san-jose\",\"url\":\"https:\/\/westcoasttriallawyers.com\/es\/abogados-de-lesiones-personales-san-jose\",\"name\":\"Abogados de Lesiones Personales en San Jose - West Coast Trial Lawyers\",\"isPartOf\":{\"@id\":\"https:\/\/westcoasttriallawyers.com\/es#website\"},\"primaryImageOfPage\":{\"@id\":\"https:\/\/westcoasttriallawyers.com\/es\/abogados-de-lesiones-personales-san-jose#primaryimage\"},\"image\":{\"@id\":\"https:\/\/westcoasttriallawyers.com\/es\/abogados-de-lesiones-personales-san-jose#primaryimage\"},\"thumbnailUrl\":\"https:\/\/westcoasttriallawyers.com\/wp-content\/uploads\/2024\/11\/San-Jose-Accident-Lawyer-Page.jpg\",\"datePublished\":\"2026-01-30T03:20:09+00:00\",\"description\":\"\u00bfEst\u00e1 lidiando con dificultades financieras debido a los da\u00f1os que provoc\u00f3 un accidente? Busque la representaci\u00f3n legal de un abogado experto en lesiones personales de San Jos\u00e9.\",\"breadcrumb\":{\"@id\":\"https:\/\/westcoasttriallawyers.com\/es\/abogados-de-lesiones-personales-san-jose#breadcrumb\"},\"inLanguage\":\"es\",\"potentialAction\":[{\"@type\":\"ReadAction\",\"target\":[\"https:\/\/westcoasttriallawyers.com\/es\/abogados-de-lesiones-personales-san-jose\"]}]},{\"@type\":\"ImageObject\",\"inLanguage\":\"es\",\"@id\":\"https:\/\/westcoasttriallawyers.com\/es\/abogados-de-lesiones-personales-san-jose#primaryimage\",\"url\":\"https:\/\/westcoasttriallawyers.com\/wp-content\/uploads\/2024\/11\/San-Jose-Accident-Lawyer-Page.jpg\",\"contentUrl\":\"https:\/\/westcoasttriallawyers.com\/wp-content\/uploads\/2024\/11\/San-Jose-Accident-Lawyer-Page.jpg\",\"width\":1920,\"height\":1080,\"caption\":\"A view of downtown San Jose.\"},{\"@type\":\"BreadcrumbList\",\"@id\":\"https:\/\/westcoasttriallawyers.com\/es\/abogados-de-lesiones-personales-san-jose#breadcrumb\",\"itemListElement\":[{\"@type\":\"ListItem\",\"position\":1,\"name\":\"Inicio\",\"item\":\"https:\/\/westcoasttriallawyers.com\/es\"},{\"@type\":\"ListItem\",\"position\":2,\"name\":\"ABOGADO DE LESIONES PERSONALES EN SAN JOS\u00c9\"}]},{\"@type\":\"WebSite\",\"@id\":\"https:\/\/westcoasttriallawyers.com\/es#website\",\"url\":\"https:\/\/westcoasttriallawyers.com\/es\",\"name\":\"West Coast Trial Lawyers\",\"description\":\"West Coast Trial Lawyers\",\"publisher\":{\"@id\":\"https:\/\/westcoasttriallawyers.com\/es#organization\"},\"alternateName\":\"WCTL\",\"potentialAction\":[{\"@type\":\"SearchAction\",\"target\":{\"@type\":\"EntryPoint\",\"urlTemplate\":\"https:\/\/westcoasttriallawyers.com\/es?s={search_term_string}\"},\"query-input\":{\"@type\":\"PropertyValueSpecification\",\"valueRequired\":true,\"valueName\":\"search_term_string\"}}],\"inLanguage\":\"es\"},{\"@type\":\"Organization\",\"@id\":\"https:\/\/westcoasttriallawyers.com\/es#organization\",\"name\":\"West Coast Trial Lawyers\",\"alternateName\":\"WCTL\",\"url\":\"https:\/\/westcoasttriallawyers.com\/es\",\"logo\":{\"@type\":\"ImageObject\",\"inLanguage\":\"es\",\"@id\":\"https:\/\/westcoasttriallawyers.com\/es#\/schema\/logo\/image\/\",\"url\":\"https:\/\/westcoasttriallawyers.com\/wp-content\/uploads\/2026\/02\/WCTL-Logo.jpg\",\"contentUrl\":\"https:\/\/westcoasttriallawyers.com\/wp-content\/uploads\/2026\/02\/WCTL-Logo.jpg\",\"width\":696,\"height\":696,\"caption\":\"West Coast Trial Lawyers\"},\"image\":{\"@id\":\"https:\/\/westcoasttriallawyers.com\/es#\/schema\/logo\/image\/\"},\"sameAs\":[\"https:\/\/www.facebook.com\/westcoasttriallawyers\/\",\"https:\/\/x.com\/WestCoastTrial\",\"https:\/\/www.linkedin.com\/company\/west-coast-trial-lawyers\/\",\"https:\/\/www.instagram.com\/westcoasttriallawyers\/\",\"https:\/\/www.yelp.com\/biz\/west-coast-trial-lawyers-los-angeles-2\",\"https:\/\/www.pinterest.com\/westcoasttrial\/\",\"https:\/\/www.youtube.com\/westcoasttriallawyersla\/\",\"https:\/\/www.tiktok.com\/westcoasttriallawyers\"],\"description\":\"West Coast Trial Lawyers is a top-rated personal injury law firm with a goal to provide expert legal representation to those in need. The law firm has offices across California, Nevada, Arizona, and Washington.\",\"legalName\":\"West Coast Trial Lawyers\"}]}<\/script>\n<!-- \/ Yoast SEO Premium plugin. -->","yoast_head_json":{"title":"Abogados de Lesiones Personales en San Jose - West Coast Trial Lawyers","description":"\u00bfEst\u00e1 lidiando con dificultades financieras debido a los da\u00f1os que provoc\u00f3 un accidente? Busque la representaci\u00f3n legal de un abogado experto en lesiones personales de San Jos\u00e9.","robots":{"index":"index","follow":"follow","max-snippet":"max-snippet:-1","max-image-preview":"max-image-preview:large","max-video-preview":"max-video-preview:-1"},"canonical":"https:\/\/westcoasttriallawyers.com\/es\/abogados-de-lesiones-personales-san-jose","og_locale":"es_ES","og_type":"article","og_title":"ABOGADO DE LESIONES PERSONALES EN SAN JOS\u00c9","og_description":"\u00bfEst\u00e1 lidiando con dificultades financieras debido a los da\u00f1os que provoc\u00f3 un accidente? Busque la representaci\u00f3n legal de un abogado experto en lesiones personales de San Jos\u00e9.","og_url":"https:\/\/westcoasttriallawyers.com\/es\/abogados-de-lesiones-personales-san-jose","og_site_name":"West Coast Trial Lawyers","article_publisher":"https:\/\/www.facebook.com\/westcoasttriallawyers\/","og_image":[{"width":1920,"height":1080,"url":"https:\/\/westcoasttriallawyers.com\/wp-content\/uploads\/2024\/11\/San-Jose-Accident-Lawyer-Page.jpg","type":"image\/jpeg"}],"twitter_card":"summary_large_image","twitter_site":"@WestCoastTrial","twitter_misc":{"Tiempo de lectura":"8 minutos"},"schema":{"@context":"https:\/\/schema.org","@graph":[{"@type":["WebPage","ItemPage"],"@id":"https:\/\/westcoasttriallawyers.com\/es\/abogados-de-lesiones-personales-san-jose","url":"https:\/\/westcoasttriallawyers.com\/es\/abogados-de-lesiones-personales-san-jose","name":"Abogados de Lesiones Personales en San Jose - West Coast Trial Lawyers","isPartOf":{"@id":"https:\/\/westcoasttriallawyers.com\/es#website"},"primaryImageOfPage":{"@id":"https:\/\/westcoasttriallawyers.com\/es\/abogados-de-lesiones-personales-san-jose#primaryimage"},"image":{"@id":"https:\/\/westcoasttriallawyers.com\/es\/abogados-de-lesiones-personales-san-jose#primaryimage"},"thumbnailUrl":"https:\/\/westcoasttriallawyers.com\/wp-content\/uploads\/2024\/11\/San-Jose-Accident-Lawyer-Page.jpg","datePublished":"2026-01-30T03:20:09+00:00","description":"\u00bfEst\u00e1 lidiando con dificultades financieras debido a los da\u00f1os que provoc\u00f3 un accidente? Busque la representaci\u00f3n legal de un abogado experto en lesiones personales de San Jos\u00e9.","breadcrumb":{"@id":"https:\/\/westcoasttriallawyers.com\/es\/abogados-de-lesiones-personales-san-jose#breadcrumb"},"inLanguage":"es","potentialAction":[{"@type":"ReadAction","target":["https:\/\/westcoasttriallawyers.com\/es\/abogados-de-lesiones-personales-san-jose"]}]},{"@type":"ImageObject","inLanguage":"es","@id":"https:\/\/westcoasttriallawyers.com\/es\/abogados-de-lesiones-personales-san-jose#primaryimage","url":"https:\/\/westcoasttriallawyers.com\/wp-content\/uploads\/2024\/11\/San-Jose-Accident-Lawyer-Page.jpg","contentUrl":"https:\/\/westcoasttriallawyers.com\/wp-content\/uploads\/2024\/11\/San-Jose-Accident-Lawyer-Page.jpg","width":1920,"height":1080,"caption":"A view of downtown San Jose."},{"@type":"BreadcrumbList","@id":"https:\/\/westcoasttriallawyers.com\/es\/abogados-de-lesiones-personales-san-jose#breadcrumb","itemListElement":[{"@type":"ListItem","position":1,"name":"Inicio","item":"https:\/\/westcoasttriallawyers.com\/es"},{"@type":"ListItem","position":2,"name":"ABOGADO DE LESIONES PERSONALES EN SAN JOS\u00c9"}]},{"@type":"WebSite","@id":"https:\/\/westcoasttriallawyers.com\/es#website","url":"https:\/\/westcoasttriallawyers.com\/es","name":"West Coast Trial Lawyers","description":"West Coast Trial Lawyers","publisher":{"@id":"https:\/\/westcoasttriallawyers.com\/es#organization"},"alternateName":"WCTL","potentialAction":[{"@type":"SearchAction","target":{"@type":"EntryPoint","urlTemplate":"https:\/\/westcoasttriallawyers.com\/es?s={search_term_string}"},"query-input":{"@type":"PropertyValueSpecification","valueRequired":true,"valueName":"search_term_string"}}],"inLanguage":"es"},{"@type":"Organization","@id":"https:\/\/westcoasttriallawyers.com\/es#organization","name":"West Coast Trial Lawyers","alternateName":"WCTL","url":"https:\/\/westcoasttriallawyers.com\/es","logo":{"@type":"ImageObject","inLanguage":"es","@id":"https:\/\/westcoasttriallawyers.com\/es#\/schema\/logo\/image\/","url":"https:\/\/westcoasttriallawyers.com\/wp-content\/uploads\/2026\/02\/WCTL-Logo.jpg","contentUrl":"https:\/\/westcoasttriallawyers.com\/wp-content\/uploads\/2026\/02\/WCTL-Logo.jpg","width":696,"height":696,"caption":"West Coast Trial Lawyers"},"image":{"@id":"https:\/\/westcoasttriallawyers.com\/es#\/schema\/logo\/image\/"},"sameAs":["https:\/\/www.facebook.com\/westcoasttriallawyers\/","https:\/\/x.com\/WestCoastTrial","https:\/\/www.linkedin.com\/company\/west-coast-trial-lawyers\/","https:\/\/www.instagram.com\/westcoasttriallawyers\/","https:\/\/www.yelp.com\/biz\/west-coast-trial-lawyers-los-angeles-2","https:\/\/www.pinterest.com\/westcoasttrial\/","https:\/\/www.youtube.com\/westcoasttriallawyersla\/","https:\/\/www.tiktok.com\/westcoasttriallawyers"],"description":"West Coast Trial Lawyers is a top-rated personal injury law firm with a goal to provide expert legal representation to those in need. The law firm has offices across California, Nevada, Arizona, and Washington.","legalName":"West Coast Trial Lawyers"}]}},"_links":{"self":[{"href":"https:\/\/westcoasttriallawyers.com\/es\/wp-json\/wp\/v2\/pages\/13440","targetHints":{"allow":["GET"]}}],"collection":[{"href":"https:\/\/westcoasttriallawyers.com\/es\/wp-json\/wp\/v2\/pages"}],"about":[{"href":"https:\/\/westcoasttriallawyers.com\/es\/wp-json\/wp\/v2\/types\/page"}],"author":[{"embeddable":true,"href":"https:\/\/westcoasttriallawyers.com\/es\/wp-json\/wp\/v2\/users\/470"}],"replies":[{"embeddable":true,"href":"https:\/\/westcoasttriallawyers.com\/es\/wp-json\/wp\/v2\/comments?post=13440"}],"version-history":[{"count":0,"href":"https:\/\/westcoasttriallawyers.com\/es\/wp-json\/wp\/v2\/pages\/13440\/revisions"}],"wp:featuredmedia":[{"embeddable":true,"href":"https:\/\/westcoasttriallawyers.com\/es\/wp-json\/wp\/v2\/media\/17079"}],"wp:attachment":[{"href":"https:\/\/westcoasttriallawyers.com\/es\/wp-json\/wp\/v2\/media?parent=13440"}],"curies":[{"name":"wp","href":"https:\/\/api.w.org\/{rel}","templated":true}]}}