{"id":13216,"date":"2026-01-14T18:34:18","date_gmt":"2026-01-14T18:34:18","guid":{"rendered":"https:\/\/wctl1stg.wpengine.com\/?page_id=13216"},"modified":"2026-01-23T22:36:54","modified_gmt":"2026-01-23T22:36:54","slug":"abogados-accidentes-camion-newport-beach","status":"publish","type":"page","link":"https:\/\/westcoasttriallawyers.com\/es\/california\/newport-beach\/abogados-accidentes-camion-newport-beach","title":{"rendered":"Abogado de accidentes de camiones en Newport Beach"},"content":{"rendered":"<h2><strong>Obtenga informaci\u00f3n legal de nuestros abogados expertos en accidentes de camiones sobre los peligros de conducir un cami\u00f3n grande<\/strong><\/h2>\n<p>Lidiar con las consecuencias de un accidente de cami\u00f3n en Newport Beach es muy diferente a lidiar con un accidente automovil\u00edstico. Por un lado, las lesiones sufridas despu\u00e9s de un accidente de cami\u00f3n pueden ser m\u00e1s graves y fatales. Como resultado, la atenci\u00f3n m\u00e9dica posterior por lesiones en accidentes de camiones suele ser m\u00e1s costosa. La siguiente diferencia clave son las leyes de la industria de camiones. La Asociaci\u00f3n Federal de Seguridad de Autotransportistas (FMCSA, por sus siglas en ingl\u00e9s) es responsable de hacer cumplir importantes reglas y regulaciones para camiones a fin de que las carreteras sean seguras para todos los automovilistas.<\/p>\n<p>Los conductores de camiones y las empresas de camiones comerciales deben obedecer los m\u00e1s altos est\u00e1ndares de seguridad. Un conductor de cami\u00f3n o una compa\u00f1\u00eda de camiones que no siga estas normas de seguridad puede ser responsable si su negligencia provoca un accidente de cami\u00f3n. Por lo tanto, las p\u00f3lizas de seguro de camiones comerciales tambi\u00e9n involucran montos en d\u00f3lares mucho m\u00e1s altos que para los veh\u00edculos de pasajeros.<\/p>\n<p>Finalmente, los accidentes de camiones involucran investigaciones de accidentes de camiones comerciales. Estas investigaciones est\u00e1n destinadas a determinar la responsabilidad y son m\u00e1s costosas en comparaci\u00f3n con las investigaciones regulares de accidentes automovil\u00edsticos. Un abogado con experiencia en accidentes de camiones en Newport Beach comprende el protocolo para realizar una investigaci\u00f3n de accidentes de camiones y lo har\u00e1 de manera oportuna para preservar evidencia importante.<\/p>\n<p>No dude en comunicarse con nuestro equipo legal las 24 horas, los 7 d\u00edas de la semana llamando al<strong> 213-927-3700<\/strong> o enviando un correo electr\u00f3nico a\u00a0<a href=\"mailto:info@westcoasttriallawyers.com\"><strong>info@westcoasttriallawyers.com<\/strong><\/a>\u00a0 para programar una consulta gratuita en nuestro bufete de abogados de lesiones personales de Newport Beach.<\/p>\n<h2><strong>\u00bfPor qu\u00e9 los camiones son tan peligrosos?<\/strong><\/h2>\n<p>Un cami\u00f3n puede representar una amenaza para la seguridad del conductor. Su tama\u00f1o y peso tiene la capacidad de crear un resultado desastroso si se ve involucrado en un accidente. El tama\u00f1o y el peso de un cami\u00f3n tambi\u00e9n dificultan que el conductor del cami\u00f3n reaccione a tiempo ante cualquier obst\u00e1culo que se presente, como un veh\u00edculo que se detiene bruscamente o un cambio repentino de carril. Adem\u00e1s, un cami\u00f3n podr\u00eda tener un accidente sin tener que interactuar con otros objetos, como un \u00e1rbol o un veh\u00edculo. Esto se debe a la pesadez de un cami\u00f3n, ya que tiene el potencial de rodar al girar.<\/p>\n<h2><strong>Estad\u00edsticas de accidentes de camiones grandes<\/strong><\/h2>\n<p>Seg\u00fan datos de 2019 recopilados por el Instituto de Seguros para la Seguridad en las Carreteras (IIHS), un total de 4119 personas murieron en un accidente de cami\u00f3n grande. Tambi\u00e9n se inform\u00f3 que los accidentes de camiones grandes representaron el 11 por ciento de las colisiones de tr\u00e1nsito fatales en los Estados Unidos.<\/p>\n<p>Alrededor del 16 por ciento de las muertes fueron ocupantes de camiones, mientras que el 67 por ciento fueron ocupantes de autom\u00f3viles y otros veh\u00edculos de pasajeros. Los peatones, ciclistas y motociclistas representaron el 15 por ciento de las muertes.<\/p>\n<p>De 2009 a 2019, las muertes causadas por accidentes de camiones grandes aumentaron un 31 por ciento. La cantidad de ocupantes de camiones que murieron tambi\u00e9n aument\u00f3 en un 51 por ciento.<\/p>\n<p>Lugares comunes donde ocurrieron estas muertes:<\/p>\n<ul>\n<li>Carreteras principales (51 por ciento)<\/li>\n<li>Interestatales y autopistas (34 por ciento)<\/li>\n<li>Carreteras secundarias (15 por ciento)<\/li>\n<\/ul>\n<p>Alrededor del 84 por ciento de estos choques ocurrieron entre semana y el 63 por ciento de los accidentes fatales de camiones grandes ocurrieron entre las 6 a. m. y las 6 p.m.<\/p>\n<h2><strong>\u00bfQu\u00e9 puede causar un accidente de cami\u00f3n?<\/strong><\/h2>\n<p>Hay m\u00faltiples factores que pueden contribuir a la causa de un accidente de cami\u00f3n. Esto incluye lo siguiente:<\/p>\n<ul>\n<li><strong>El camionero.<\/strong> Si se descubre que un conductor de cami\u00f3n comete acciones negligentes, como conducir a exceso de velocidad o bajo la influencia, se le podr\u00eda encontrar culpable de causar un accidente de cami\u00f3n.<\/li>\n<li><strong>Otro conductor.\u00a0<\/strong>Los conductores pueden causar un accidente de cami\u00f3n al adelantar a un cami\u00f3n por su derecha, conducir demasiado cerca de un cami\u00f3n o hacer giros repentinos o cambios de carril frente a un cami\u00f3n.<\/li>\n<li><strong>Una pieza defectuosa.\u00a0<\/strong>Se espera que una empresa fabricante de camiones entregue camiones en buenas condiciones. Si la inspecci\u00f3n no se realiz\u00f3 correctamente, es probable que haya una pieza defectuosa dentro del veh\u00edculo grande. Si una pieza defectuosa, como un freno que no responde, provoca un accidente, la empresa fabricante ser\u00e1 responsable de los da\u00f1os.<\/li>\n<li><strong>Mala contrataci\u00f3n o formaci\u00f3n.<\/strong> Si una empresa de camiones contrata a conductores de camiones sin experiencia y\/o no proporciona pr\u00e1cticas de capacitaci\u00f3n eficientes para educar a los conductores de camiones, podr\u00eda aumentar la probabilidad de que ocurra un accidente de cami\u00f3n.<\/li>\n<li><strong>Sin controles de mantenimiento.<\/strong> Se requiere que una compa\u00f1\u00eda de camiones inspeccione sus camiones para asegurarse de que est\u00e9n en buenas condiciones antes de permitir su uso. Si no se realizan inspecciones, es probable que el cami\u00f3n se descomponga en medio de la carretera. Bajo esta circunstancia, se podr\u00eda encontrar a la compa\u00f1\u00eda en falta por no revisar el cami\u00f3n en busca de da\u00f1os.<\/li>\n<li><strong>Peligro en la carretera.<\/strong> Los caminos llenos de baches, pavimentos agrietados o escombros pueden da\u00f1ar los amortiguadores y la suspensi\u00f3n de un cami\u00f3n. Tambi\u00e9n puede hacer que el conductor del cami\u00f3n pierda el control del veh\u00edculo grande.<\/li>\n<li><strong>Malas condiciones clim\u00e1ticas.<\/strong> Las condiciones meteorol\u00f3gicas, como la lluvia, la nieve o la niebla, pueden tener la capacidad de reducir la visibilidad y la tracci\u00f3n en la carretera. Otros da\u00f1os adicionales que pueden ocurrir por malas condiciones clim\u00e1ticas incluyen los siguientes:\n<ul>\n<li>La lluvia puede provocar inundaciones, lo que puede hacer que el cami\u00f3n se hidroplanee.<\/li>\n<li>La nieve o el hielo pueden hacer que la carretera se vuelva resbaladiza, lo que podr\u00eda dificultar que el conductor del cami\u00f3n frene a tiempo.<\/li>\n<li>Los vientos fuertes podr\u00edan aumentar las posibilidades de un riesgo de vuelco.<\/li>\n<\/ul>\n<\/li>\n<\/ul>\n<h2><strong>Qu\u00e9 hacer despu\u00e9s de un accidente de cami\u00f3n<\/strong><\/h2>\n<p>Despu\u00e9s de un accidente de cami\u00f3n, tendr\u00e1 derecho a hablar con un abogado y buscar una compensaci\u00f3n financiera de la parte o partes responsables de sus p\u00e9rdidas. Tambi\u00e9n tendr\u00e1 derecho a decidir cu\u00e1ndo (y si) resolver su caso. Si no recibe una oferta de acuerdo justo, puede presentar su caso ante un jurado que decidir\u00e1 si tiene o no derecho a una compensaci\u00f3n.<\/p>\n<p>A continuaci\u00f3n, hemos creado 8 pasos que deben tenerse en cuenta para recibir con \u00e9xito una compensaci\u00f3n por lesiones o da\u00f1os causados por un accidente de cami\u00f3n.<\/p>\n<ul>\n<li><strong>Aseg\u00farate de que todos est\u00e9n bien.<\/strong> Si es posible, verifique si todas las partes involucradas en el accidente del cami\u00f3n est\u00e1n bien.<\/li>\n<li><strong>Llama a la polic\u00eda.<\/strong> Si observa lesiones o da\u00f1os, debe comunicarse con la polic\u00eda de inmediato. Llegar\u00e1n al lugar del accidente y realizar\u00e1n un informe policial oficial. Los param\u00e9dicos estar\u00e1n presentes para administrar atenci\u00f3n m\u00e9dica inmediata a quienes la necesiten.<\/li>\n<li><strong>Intercambiar informaci\u00f3n.\u00a0<\/strong>Comparta informaci\u00f3n con todas las partes involucradas en el accidente de cami\u00f3n. Esto incluye adquirir los nombres, la informaci\u00f3n de contacto, la informaci\u00f3n del seguro, los detalles de la licencia de conducir y los n\u00fameros de matr\u00edcula de cada uno. Tambi\u00e9n debe anotar la marca, el modelo y el a\u00f1o de todos los veh\u00edculos.<\/li>\n<li><strong>Tomar fotograf\u00edas y\/o secuencias de video.\u00a0<\/strong>Si tiene acceso a un tel\u00e9fono celular o una c\u00e1mara, debe tomar fotograf\u00edas o videos de sus lesiones, da\u00f1os y el lugar donde ocurri\u00f3 el accidente.<\/li>\n<li><strong>Mira lo que dices.<\/strong> Es muy importante tener cuidado con lo que dice despu\u00e9s de un accidente de cami\u00f3n. Nunca debe hacer suposiciones abiertas sobre qui\u00e9n puede tener la culpa del accidente.<\/li>\n<li><strong>Obtener informaci\u00f3n de testigos.\u00a0<\/strong>Si observa alg\u00fan testigo cerca, debe pedir su consentimiento para obtener sus nombres e informaci\u00f3n de contacto. Los testimonios de los testigos pueden respaldar en gran medida su afirmaci\u00f3n.<\/li>\n<li><strong>Busque atenci\u00f3n m\u00e9dica.<\/strong> Incluso si cree que sus lesiones son menores o inexistentes, a\u00fan debe ser revisado por un m\u00e9dico. A menudo, las v\u00edctimas de accidentes de camiones sufren lesiones graves que no son evidentes ni aparecen d\u00edas o incluso semanas despu\u00e9s del accidente.<\/li>\n<li><strong>Comun\u00edquese con un abogado de accidentes de camiones de Newport Beach.\u00a0<\/strong>Inmediatamente despu\u00e9s de que ocurre un accidente de cami\u00f3n, las compa\u00f1\u00edas de camiones y las compa\u00f1\u00edas de seguros son conocidas por enviar representantes a la escena para recopilar evidencia y realizar su propio an\u00e1lisis del accidente para poder limitar su responsabilidad. Nunca debe hablar con ninguno de estos representantes hasta que haya consultado con un abogado con experiencia en el manejo de casos de accidentes de camiones. Si bien estas compa\u00f1\u00edas pueden intentar enga\u00f1arlo para que crea que lo van a cuidar, necesita tener un abogado calificado a su lado que proteja y haga valer sus derechos en cada etapa del proceso.<\/li>\n<\/ul>\n<h2><strong>Los abogados litigantes de la costa oeste est\u00e1n aqu\u00ed para ayudar<\/strong><\/h2>\n<p>Si estuvo involucrado en un accidente de cami\u00f3n como resultado de la negligencia de alguien o actos deliberados de malicia, tiene derecho a responsabilizar a la parte culpable por sus p\u00e9rdidas. Un abogado de accidentes de camiones de Newport Beach en West Coast Trial Lawyers lo ayudar\u00e1 a recuperar una compensaci\u00f3n por las p\u00e9rdidas que ha sufrido, incluidas las facturas m\u00e9dicas, da\u00f1os a la propiedad, salarios perdidos y dolor y sufrimiento.<\/p>\n<p>Comun\u00edquese con nosotros hoy llamando al\u00a0<strong>213-927-3700<\/strong> o enviando un correo electr\u00f3nico a\u00a0<a href=\"mailto:info@westcoasttriallawyers.com\"><strong>info@westcoasttriallawyers.com<\/strong><\/a> para programar una consulta gratuita con nuestro equipo legal experimentado, atento y compasivo.<br \/>\n<!-- WCTL_DEBUG: no shortcode in this_content --><\/p>\n","protected":false},"excerpt":{"rendered":"<p>Obtenga informaci\u00f3n legal de nuestros abogados expertos en accidentes de camiones sobre los peligros de conducir un cami\u00f3n grande Lidiar con las consecuencias de un accidente de cami\u00f3n en Newport Beach es muy diferente a lidiar con un accidente automovil\u00edstico. Por un lado, las lesiones sufridas despu\u00e9s de un accidente de cami\u00f3n pueden ser m\u00e1s [&hellip;]<\/p>\n","protected":false},"author":475,"featured_media":47171,"parent":47410,"menu_order":0,"comment_status":"closed","ping_status":"closed","template":"","meta":{"inline_featured_image":false,"footnotes":""},"class_list":["post-13216","page","type-page","status-publish","has-post-thumbnail","hentry"],"acf":[],"yoast_head":"<!-- This site is optimized with the Yoast SEO Premium plugin v26.0 (Yoast SEO v26.0) - https:\/\/yoast.com\/wordpress\/plugins\/seo\/ -->\n<title>Abogado de accidentes de camiones en Newport Beach | West Coast Trial Lawyers<\/title>\n<meta name=\"robots\" content=\"index, follow, max-snippet:-1, max-image-preview:large, max-video-preview:-1\" \/>\n<link rel=\"canonical\" href=\"https:\/\/westcoasttriallawyers.com\/es\/california\/newport-beach\/abogados-accidentes-camion-newport-beach\" \/>\n<meta property=\"og:locale\" content=\"es_ES\" \/>\n<meta property=\"og:type\" content=\"article\" \/>\n<meta property=\"og:title\" content=\"Abogado de accidentes de camiones en Newport Beach\" \/>\n<meta property=\"og:description\" content=\"Obtenga informaci\u00f3n legal de nuestros abogados expertos en accidentes de camiones sobre los peligros de conducir un cami\u00f3n grande Lidiar con las consecuencias de un accidente de cami\u00f3n en Newport Beach es muy diferente a lidiar con un accidente automovil\u00edstico. Por un lado, las lesiones sufridas despu\u00e9s de un accidente de cami\u00f3n pueden ser m\u00e1s [&hellip;]\" \/>\n<meta property=\"og:url\" content=\"https:\/\/westcoasttriallawyers.com\/es\/california\/newport-beach\/abogados-accidentes-camion-newport-beach\" \/>\n<meta property=\"og:site_name\" content=\"West Coast Trial Lawyers\" \/>\n<meta property=\"article:publisher\" content=\"https:\/\/www.facebook.com\/westcoasttriallawyers\/\" \/>\n<meta property=\"article:modified_time\" content=\"2026-01-23T22:36:54+00:00\" \/>\n<meta property=\"og:image\" content=\"https:\/\/westcoasttriallawyers.com\/wp-content\/uploads\/2025\/07\/Newport-Beach-25.webp\" \/>\n\t<meta property=\"og:image:width\" content=\"557\" \/>\n\t<meta property=\"og:image:height\" content=\"328\" \/>\n\t<meta property=\"og:image:type\" content=\"image\/webp\" \/>\n<meta name=\"twitter:card\" content=\"summary_large_image\" \/>\n<meta name=\"twitter:site\" content=\"@WestCoastTrial\" \/>\n<meta name=\"twitter:label1\" content=\"Tiempo de lectura\" \/>\n\t<meta name=\"twitter:data1\" content=\"8 minutos\" \/>\n<script type=\"application\/ld+json\" class=\"yoast-schema-graph\">{\"@context\":\"https:\/\/schema.org\",\"@graph\":[{\"@type\":[\"WebPage\",\"ItemPage\"],\"@id\":\"https:\/\/westcoasttriallawyers.com\/es\/california\/newport-beach\/abogados-accidentes-camion-newport-beach\",\"url\":\"https:\/\/westcoasttriallawyers.com\/es\/california\/newport-beach\/abogados-accidentes-camion-newport-beach\",\"name\":\"Abogado de accidentes de camiones en Newport Beach | West Coast Trial Lawyers\",\"isPartOf\":{\"@id\":\"https:\/\/westcoasttriallawyers.com\/es#website\"},\"primaryImageOfPage\":{\"@id\":\"https:\/\/westcoasttriallawyers.com\/es\/california\/newport-beach\/abogados-accidentes-camion-newport-beach#primaryimage\"},\"image\":{\"@id\":\"https:\/\/westcoasttriallawyers.com\/es\/california\/newport-beach\/abogados-accidentes-camion-newport-beach#primaryimage\"},\"thumbnailUrl\":\"https:\/\/westcoasttriallawyers.com\/wp-content\/uploads\/2025\/07\/Newport-Beach-25.webp\",\"datePublished\":\"2026-01-14T18:34:18+00:00\",\"dateModified\":\"2026-01-23T22:36:54+00:00\",\"breadcrumb\":{\"@id\":\"https:\/\/westcoasttriallawyers.com\/es\/california\/newport-beach\/abogados-accidentes-camion-newport-beach#breadcrumb\"},\"inLanguage\":\"es\",\"potentialAction\":[{\"@type\":\"ReadAction\",\"target\":[\"https:\/\/westcoasttriallawyers.com\/es\/california\/newport-beach\/abogados-accidentes-camion-newport-beach\"]}]},{\"@type\":\"ImageObject\",\"inLanguage\":\"es\",\"@id\":\"https:\/\/westcoasttriallawyers.com\/es\/california\/newport-beach\/abogados-accidentes-camion-newport-beach#primaryimage\",\"url\":\"https:\/\/westcoasttriallawyers.com\/wp-content\/uploads\/2025\/07\/Newport-Beach-25.webp\",\"contentUrl\":\"https:\/\/westcoasttriallawyers.com\/wp-content\/uploads\/2025\/07\/Newport-Beach-25.webp\",\"width\":557,\"height\":328},{\"@type\":\"BreadcrumbList\",\"@id\":\"https:\/\/westcoasttriallawyers.com\/es\/california\/newport-beach\/abogados-accidentes-camion-newport-beach#breadcrumb\",\"itemListElement\":[{\"@type\":\"ListItem\",\"position\":1,\"name\":\"Inicio\",\"item\":\"https:\/\/westcoasttriallawyers.com\/es\"},{\"@type\":\"ListItem\",\"position\":2,\"name\":\"California\",\"item\":\"https:\/\/westcoasttriallawyers.com\/es\/california\"},{\"@type\":\"ListItem\",\"position\":3,\"name\":\"Newport Beach\",\"item\":\"https:\/\/westcoasttriallawyers.com\/es\/california\/newport-beach\"},{\"@type\":\"ListItem\",\"position\":4,\"name\":\"Abogado de accidentes de camiones en Newport Beach\"}]},{\"@type\":\"WebSite\",\"@id\":\"https:\/\/westcoasttriallawyers.com\/es#website\",\"url\":\"https:\/\/westcoasttriallawyers.com\/es\",\"name\":\"West Coast Trial Lawyers\",\"description\":\"West Coast Trial Lawyers\",\"publisher\":{\"@id\":\"https:\/\/westcoasttriallawyers.com\/es#organization\"},\"alternateName\":\"WCTL\",\"potentialAction\":[{\"@type\":\"SearchAction\",\"target\":{\"@type\":\"EntryPoint\",\"urlTemplate\":\"https:\/\/westcoasttriallawyers.com\/es?s={search_term_string}\"},\"query-input\":{\"@type\":\"PropertyValueSpecification\",\"valueRequired\":true,\"valueName\":\"search_term_string\"}}],\"inLanguage\":\"es\"},{\"@type\":\"Organization\",\"@id\":\"https:\/\/westcoasttriallawyers.com\/es#organization\",\"name\":\"West Coast Trial Lawyers\",\"alternateName\":\"WCTL\",\"url\":\"https:\/\/westcoasttriallawyers.com\/es\",\"logo\":{\"@type\":\"ImageObject\",\"inLanguage\":\"es\",\"@id\":\"https:\/\/westcoasttriallawyers.com\/es#\/schema\/logo\/image\/\",\"url\":\"https:\/\/westcoasttriallawyers.com\/wp-content\/uploads\/2026\/02\/WCTL-Logo.jpg\",\"contentUrl\":\"https:\/\/westcoasttriallawyers.com\/wp-content\/uploads\/2026\/02\/WCTL-Logo.jpg\",\"width\":696,\"height\":696,\"caption\":\"West Coast Trial Lawyers\"},\"image\":{\"@id\":\"https:\/\/westcoasttriallawyers.com\/es#\/schema\/logo\/image\/\"},\"sameAs\":[\"https:\/\/www.facebook.com\/westcoasttriallawyers\/\",\"https:\/\/x.com\/WestCoastTrial\",\"https:\/\/www.linkedin.com\/company\/west-coast-trial-lawyers\/\",\"https:\/\/www.instagram.com\/westcoasttriallawyers\/\",\"https:\/\/www.yelp.com\/biz\/west-coast-trial-lawyers-los-angeles-2\",\"https:\/\/www.pinterest.com\/westcoasttrial\/\",\"https:\/\/www.youtube.com\/westcoasttriallawyersla\/\",\"https:\/\/www.tiktok.com\/westcoasttriallawyers\"],\"description\":\"West Coast Trial Lawyers is a top-rated personal injury law firm with a goal to provide expert legal representation to those in need. The law firm has offices across California, Nevada, Arizona, and Washington.\",\"legalName\":\"West Coast Trial Lawyers\"}]}<\/script>\n<!-- \/ Yoast SEO Premium plugin. -->","yoast_head_json":{"title":"Abogado de accidentes de camiones en Newport Beach | West Coast Trial Lawyers","robots":{"index":"index","follow":"follow","max-snippet":"max-snippet:-1","max-image-preview":"max-image-preview:large","max-video-preview":"max-video-preview:-1"},"canonical":"https:\/\/westcoasttriallawyers.com\/es\/california\/newport-beach\/abogados-accidentes-camion-newport-beach","og_locale":"es_ES","og_type":"article","og_title":"Abogado de accidentes de camiones en Newport Beach","og_description":"Obtenga informaci\u00f3n legal de nuestros abogados expertos en accidentes de camiones sobre los peligros de conducir un cami\u00f3n grande Lidiar con las consecuencias de un accidente de cami\u00f3n en Newport Beach es muy diferente a lidiar con un accidente automovil\u00edstico. Por un lado, las lesiones sufridas despu\u00e9s de un accidente de cami\u00f3n pueden ser m\u00e1s [&hellip;]","og_url":"https:\/\/westcoasttriallawyers.com\/es\/california\/newport-beach\/abogados-accidentes-camion-newport-beach","og_site_name":"West Coast Trial Lawyers","article_publisher":"https:\/\/www.facebook.com\/westcoasttriallawyers\/","article_modified_time":"2026-01-23T22:36:54+00:00","og_image":[{"width":557,"height":328,"url":"https:\/\/westcoasttriallawyers.com\/wp-content\/uploads\/2025\/07\/Newport-Beach-25.webp","type":"image\/webp"}],"twitter_card":"summary_large_image","twitter_site":"@WestCoastTrial","twitter_misc":{"Tiempo de lectura":"8 minutos"},"schema":{"@context":"https:\/\/schema.org","@graph":[{"@type":["WebPage","ItemPage"],"@id":"https:\/\/westcoasttriallawyers.com\/es\/california\/newport-beach\/abogados-accidentes-camion-newport-beach","url":"https:\/\/westcoasttriallawyers.com\/es\/california\/newport-beach\/abogados-accidentes-camion-newport-beach","name":"Abogado de accidentes de camiones en Newport Beach | West Coast Trial Lawyers","isPartOf":{"@id":"https:\/\/westcoasttriallawyers.com\/es#website"},"primaryImageOfPage":{"@id":"https:\/\/westcoasttriallawyers.com\/es\/california\/newport-beach\/abogados-accidentes-camion-newport-beach#primaryimage"},"image":{"@id":"https:\/\/westcoasttriallawyers.com\/es\/california\/newport-beach\/abogados-accidentes-camion-newport-beach#primaryimage"},"thumbnailUrl":"https:\/\/westcoasttriallawyers.com\/wp-content\/uploads\/2025\/07\/Newport-Beach-25.webp","datePublished":"2026-01-14T18:34:18+00:00","dateModified":"2026-01-23T22:36:54+00:00","breadcrumb":{"@id":"https:\/\/westcoasttriallawyers.com\/es\/california\/newport-beach\/abogados-accidentes-camion-newport-beach#breadcrumb"},"inLanguage":"es","potentialAction":[{"@type":"ReadAction","target":["https:\/\/westcoasttriallawyers.com\/es\/california\/newport-beach\/abogados-accidentes-camion-newport-beach"]}]},{"@type":"ImageObject","inLanguage":"es","@id":"https:\/\/westcoasttriallawyers.com\/es\/california\/newport-beach\/abogados-accidentes-camion-newport-beach#primaryimage","url":"https:\/\/westcoasttriallawyers.com\/wp-content\/uploads\/2025\/07\/Newport-Beach-25.webp","contentUrl":"https:\/\/westcoasttriallawyers.com\/wp-content\/uploads\/2025\/07\/Newport-Beach-25.webp","width":557,"height":328},{"@type":"BreadcrumbList","@id":"https:\/\/westcoasttriallawyers.com\/es\/california\/newport-beach\/abogados-accidentes-camion-newport-beach#breadcrumb","itemListElement":[{"@type":"ListItem","position":1,"name":"Inicio","item":"https:\/\/westcoasttriallawyers.com\/es"},{"@type":"ListItem","position":2,"name":"California","item":"https:\/\/westcoasttriallawyers.com\/es\/california"},{"@type":"ListItem","position":3,"name":"Newport Beach","item":"https:\/\/westcoasttriallawyers.com\/es\/california\/newport-beach"},{"@type":"ListItem","position":4,"name":"Abogado de accidentes de camiones en Newport Beach"}]},{"@type":"WebSite","@id":"https:\/\/westcoasttriallawyers.com\/es#website","url":"https:\/\/westcoasttriallawyers.com\/es","name":"West Coast Trial Lawyers","description":"West Coast Trial Lawyers","publisher":{"@id":"https:\/\/westcoasttriallawyers.com\/es#organization"},"alternateName":"WCTL","potentialAction":[{"@type":"SearchAction","target":{"@type":"EntryPoint","urlTemplate":"https:\/\/westcoasttriallawyers.com\/es?s={search_term_string}"},"query-input":{"@type":"PropertyValueSpecification","valueRequired":true,"valueName":"search_term_string"}}],"inLanguage":"es"},{"@type":"Organization","@id":"https:\/\/westcoasttriallawyers.com\/es#organization","name":"West Coast Trial Lawyers","alternateName":"WCTL","url":"https:\/\/westcoasttriallawyers.com\/es","logo":{"@type":"ImageObject","inLanguage":"es","@id":"https:\/\/westcoasttriallawyers.com\/es#\/schema\/logo\/image\/","url":"https:\/\/westcoasttriallawyers.com\/wp-content\/uploads\/2026\/02\/WCTL-Logo.jpg","contentUrl":"https:\/\/westcoasttriallawyers.com\/wp-content\/uploads\/2026\/02\/WCTL-Logo.jpg","width":696,"height":696,"caption":"West Coast Trial Lawyers"},"image":{"@id":"https:\/\/westcoasttriallawyers.com\/es#\/schema\/logo\/image\/"},"sameAs":["https:\/\/www.facebook.com\/westcoasttriallawyers\/","https:\/\/x.com\/WestCoastTrial","https:\/\/www.linkedin.com\/company\/west-coast-trial-lawyers\/","https:\/\/www.instagram.com\/westcoasttriallawyers\/","https:\/\/www.yelp.com\/biz\/west-coast-trial-lawyers-los-angeles-2","https:\/\/www.pinterest.com\/westcoasttrial\/","https:\/\/www.youtube.com\/westcoasttriallawyersla\/","https:\/\/www.tiktok.com\/westcoasttriallawyers"],"description":"West Coast Trial Lawyers is a top-rated personal injury law firm with a goal to provide expert legal representation to those in need. The law firm has offices across California, Nevada, Arizona, and Washington.","legalName":"West Coast Trial Lawyers"}]}},"_links":{"self":[{"href":"https:\/\/westcoasttriallawyers.com\/es\/wp-json\/wp\/v2\/pages\/13216","targetHints":{"allow":["GET"]}}],"collection":[{"href":"https:\/\/westcoasttriallawyers.com\/es\/wp-json\/wp\/v2\/pages"}],"about":[{"href":"https:\/\/westcoasttriallawyers.com\/es\/wp-json\/wp\/v2\/types\/page"}],"author":[{"embeddable":true,"href":"https:\/\/westcoasttriallawyers.com\/es\/wp-json\/wp\/v2\/users\/475"}],"replies":[{"embeddable":true,"href":"https:\/\/westcoasttriallawyers.com\/es\/wp-json\/wp\/v2\/comments?post=13216"}],"version-history":[{"count":3,"href":"https:\/\/westcoasttriallawyers.com\/es\/wp-json\/wp\/v2\/pages\/13216\/revisions"}],"predecessor-version":[{"id":47768,"href":"https:\/\/westcoasttriallawyers.com\/es\/wp-json\/wp\/v2\/pages\/13216\/revisions\/47768"}],"up":[{"embeddable":true,"href":"https:\/\/westcoasttriallawyers.com\/es\/wp-json\/wp\/v2\/pages\/47410"}],"wp:featuredmedia":[{"embeddable":true,"href":"https:\/\/westcoasttriallawyers.com\/es\/wp-json\/wp\/v2\/media\/47171"}],"wp:attachment":[{"href":"https:\/\/westcoasttriallawyers.com\/es\/wp-json\/wp\/v2\/media?parent=13216"}],"curies":[{"name":"wp","href":"https:\/\/api.w.org\/{rel}","templated":true}]}}