{"id":13206,"date":"2026-01-14T18:34:11","date_gmt":"2026-01-14T18:34:11","guid":{"rendered":"https:\/\/wctl1stg.wpengine.com\/?page_id=13206"},"modified":"2026-01-21T23:06:14","modified_gmt":"2026-01-21T23:06:14","slug":"abogados-mordidas-perro-newport-beach","status":"publish","type":"page","link":"https:\/\/westcoasttriallawyers.com\/es\/california\/newport-beach\/abogados-mordidas-perro-newport-beach","title":{"rendered":"Abogado de mordedura de perro en Newport Beach"},"content":{"rendered":"<h2><strong>Factores que pueden provocar que un perro muerda y qu\u00e9 consejos debe tener en cuenta para protegerse de ser mordido<\/strong><\/h2>\n<p>Seg\u00fan WorldAtlas, los perros son considerados como las mascotas m\u00e1s populares en los Estados Unidos. Casi 50 millones de hogares tienen al menos un perro. Muchas personas favorecen la idea de tener un perro debido a su apariencia, amor, lealtad y compa\u00f1erismo. Sin embargo, no muchas personas son adecuadas para cuidar a un perro. Desafortunadamente, muchos due\u00f1os de perros influencian a sus mascotas para que act\u00faen agresivamente como una forma de mostrar intimidaci\u00f3n hacia los dem\u00e1s. Esto podr\u00eda resultar en serios problemas legales si se encuentra al perro mordiendo o atacando a un transe\u00fante inocente.<\/p>\n<p>Las v\u00edctimas de mordeduras de perros tienen derecho a presentar una demanda por lesiones personales contra el due\u00f1o del perro por negligencia. Si la persona lesionada se encontraba legalmente en una propiedad privada o en un lugar p\u00fablico, tiene derecho a emprender acciones legales. Sin embargo, hay algunas exenciones por mordedura de perro. Esto incluye lo siguiente:<\/p>\n<ul>\n<li>El lesionado invad\u00eda propiedad privada.<\/li>\n<li>La persona lesionada estaba provocando o molestando al perro.<\/li>\n<li>El perro estaba trabajando con la polic\u00eda o el ej\u00e9rcito.<\/li>\n<li>El perro estaba defendiendo a su due\u00f1o de acuerdo con las leyes de autodefensa de California.<\/li>\n<\/ul>\n<p>Si sufri\u00f3 una lesi\u00f3n por mordedura de perro debido a la negligencia del due\u00f1o del perro, nuestros abogados con experiencia en mordeduras de perro en Newport Beach est\u00e1n disponibles las 24 horas del d\u00eda, los 7 d\u00edas de la semana para ofrecerle asistencia legal. Hemos ganado m\u00e1s de 5000 casos de lesiones personales y hemos recuperado m\u00e1s de $1000 millones en acuerdos para nuestros clientes. Debido a nuestros logros, hemos sido reconocidos como uno de los mejores bufetes de abogados de lesiones personales en Newport Beach.<\/p>\n<p>Para programar una consulta gratuita y sin compromiso en nuestro bufete de abogados de lesiones personales de Newport Beach, deber\u00e1 comunicarse con nuestro equipo legal llamando al\u00a0<strong>213-927-3700<\/strong> o enviando un correo electr\u00f3nico a<strong>\u00a0<\/strong><a href=\"mailto:info@westcoasttriallawyers.com\"><strong>info@westcoasttriallawyers.com<\/strong><\/a><strong>.\u00a0<\/strong><\/p>\n<h2><strong>\u00bfPor qu\u00e9 muerde un perro?<\/strong><\/h2>\n<p>Los perros pueden morder como mecanismo de autodefensa cuando parecen estar amenazados o en peligro. Tambi\u00e9n pueden volverse agresivos con la comida, los cachorros o los juguetes. Sin embargo, hay casos en los que un perro puede morder juguetonamente a una persona para indicar que est\u00e1 interesada en jugar. Recomendamos no jugar a pelear con un perro con el que no est\u00e1 familiarizado, ya que puede resultar en mordeduras involuntarias y demasiado excitadas que podr\u00edan convertirse en lesiones graves.<\/p>\n<h2><strong>C\u00f3mo saber cu\u00e1ndo un perro va a morder<\/strong><\/h2>\n<p>Debe conocer o comprender las acciones de un perro para determinar si se est\u00e1 preparando para morderlo. A continuaci\u00f3n, hemos creado una lista de signos comunes a los que debe prestar atenci\u00f3n.<\/p>\n<p><strong>Bostezando<\/strong><\/p>\n<p>Para mostrar que se sienten inc\u00f3modos, la mayor\u00eda de los perros no solo evitar\u00e1n el contacto visual, sino que tambi\u00e9n se lamer\u00e1n los labios y bostezar\u00e1n. Aunque esto no significa necesariamente que el perro muerda, muestra que el perro se siente ansioso.<\/p>\n<p><strong>Gru\u00f1endo<\/strong><\/p>\n<p>Se sabe que un gru\u00f1ido bajo o un destello de dientes muestran signos de agresi\u00f3n. Un perro puede reaccionar de esta manera para indicar que se siente infeliz o amenazado. Si notas que un perro muestra este tipo de comportamiento, debes darle algo de espacio y tiempo hasta que se sienta m\u00e1s c\u00f3modo contigo.<\/p>\n<p><strong>Moviendo la cola<\/strong><\/p>\n<p>Por lo general, cuando un perro mueve la cola, indica una se\u00f1al de felicidad o emoci\u00f3n. Sin embargo, ese no es siempre el caso. Ha habido circunstancias en las que un perro ha usado su cola como un \u00abmeneo enojado\u00bb en lugar de un \u00abmeneo feliz\u00bb. Si un perro parece molesto, puede mover la cola, levantarla y mantener el cuerpo perfectamente quieto.<\/p>\n<p><strong>Cuerpo Tenso<\/strong><\/p>\n<p>Un cuerpo tenso indica claramente que un perro est\u00e1 inc\u00f3modo. La mayor\u00eda de los perros se mantienen en constante movimiento mientras est\u00e1n felices. Cuando su cuerpo se vuelve r\u00edgido, puede ser hora de preocuparse. Si un perro est\u00e1 quieto, con las orejas y la cola levantadas, lo m\u00e1s probable es que se est\u00e9 preparando para protegerse.<\/p>\n<p><strong>Pelo Levantado<\/strong><\/p>\n<p>Si un perro se siente amenazado o vulnerable, se le erizar\u00e1n los pelos. Esta es su forma de avisarte que te va a morder si no lo dejas en paz.<\/p>\n<h2><strong>T\u00e9cnicas de prevenci\u00f3n de mordeduras de perro<\/strong><\/h2>\n<p>Para mantenerse a salvo de las posibilidades de que un perro lo muerda, debe considerar seguir los consejos que enumeramos a continuaci\u00f3n.<\/p>\n<p><strong>Sea un due\u00f1o responsable de mascotas<\/strong><\/p>\n<p>Este es quiz\u00e1s el paso m\u00e1s importante que puede tomar. Tener un perro no es tan f\u00e1cil como parece. Se espera que entrenes a tu perro para que sea obediente y se comporte bien, especialmente cuando est\u00e9 en p\u00fablico. Esto requiere una gran cantidad de ejercicios regulares y un entrenamiento adecuado. La esterilizaci\u00f3n o castraci\u00f3n de su perro tambi\u00e9n ayudar\u00e1 a eliminar el comportamiento inesperado o indeseable. Ser un due\u00f1o de perro responsable sentar\u00e1 las bases para minimizar los arrebatos agresivos o descontrolados, como mordeduras y ataques.<\/p>\n<p><strong>Haz que tu perro socialice<\/strong><\/p>\n<p>Un perro que no ha estado expuesto a otros animales, personas o entornos nuevos podr\u00eda tener dificultades para adaptarse a ese concepto. Aseg\u00farate de que tu perro interact\u00fae con otros coloc\u00e1ndolos en entornos sociales mientras a\u00fan son cachorros. De esta manera, crecer\u00e1n y se acostumbrar\u00e1n a la idea de visitar a una persona o animal en un lugar diferente al de su propia casa. No olvides tener una correa a mano en caso de que tu perro se agite o se inquiete al conocer nuevas personas o animales.<\/p>\n<p><strong>Reconocer los riesgos y evitarlos<\/strong><\/p>\n<p>Hay situaciones obvias y no tan obvias en las que un perro puede sentirse obligado a morder. Por supuesto, no se acerque a un perro con el que no est\u00e9 familiarizado mientras est\u00e9:<\/p>\n<ul>\n<li>No acompa\u00f1ado de su due\u00f1o<\/li>\n<li>dormir o comer<\/li>\n<li>Enfermo<\/li>\n<li>con sus cachorros<\/li>\n<li>Con su due\u00f1o de perro<\/li>\n<li>Al otro lado de una cerca<\/li>\n<li>jugando con un juguete<\/li>\n<li>Gru\u00f1ir o ladrar<\/li>\n<li>Querer estar solo<\/li>\n<\/ul>\n<h2><strong>Da\u00f1os Disponibles<\/strong><\/h2>\n<p>Los da\u00f1os son un tipo de compensaci\u00f3n monetaria determinada por un tribunal de justicia para ayudar a compensar a una persona agraviada por cualquier p\u00e9rdida o lesi\u00f3n sufrida como resultado de la negligencia de alguien.<\/p>\n<p><strong>Los da\u00f1os econ\u00f3micos\u00a0<\/strong>est\u00e1n destinados a compensar al demandante por las p\u00e9rdidas a las que se puede adjuntar f\u00e1cilmente una cantidad en d\u00f3lares. Se calcula determinando la cantidad de p\u00e9rdidas de bolsillo que una persona agraviada tiene o esperar\u00e1 incurrir como resultado de sus lesiones. Algunos ejemplos de p\u00e9rdidas econ\u00f3micas incluyen la p\u00e9rdida de la capacidad de generar ingresos, las facturas m\u00e9dicas y la p\u00e9rdida de salarios.<\/p>\n<p><strong>Los da\u00f1os no econ\u00f3micos<\/strong> est\u00e1n destinados esencialmente a cubrir p\u00e9rdidas que se consideran subjetivas y no necesariamente cubrir\u00e1n p\u00e9rdidas de bolsillo. Esto puede incluir compensaci\u00f3n por angustia emocional, dolor y sufrimiento, y p\u00e9rdida del disfrute de la vida.<\/p>\n<p>El tercer tipo de da\u00f1os que puede otorgar un tribunal de California se conoce como da\u00f1os punitivos. Los da\u00f1os punitivos tienen la intenci\u00f3n de ser un castigo y solo se otorgan cuando el comportamiento del acusado es especialmente da\u00f1ino. Es relativamente raro y, de hecho, solo se incorpor\u00f3 en el 5 por ciento de todos los veredictos. Adem\u00e1s, no existe un est\u00e1ndar real establecido para calcular y otorgar da\u00f1os punitivos. Los da\u00f1os punitivos se otorgan a discreci\u00f3n del tribunal y variar\u00e1n seg\u00fan las circunstancias espec\u00edficas de cada caso.<\/p>\n<h2><strong>Los abogados litigantes de la costa oeste est\u00e1n aqu\u00ed para ayudar<\/strong><\/h2>\n<p>Si usted es v\u00edctima de una mordedura de perro y le gustar\u00eda emprender acciones legales contra la parte culpable, nuestros abogados especialistas en mordeduras de perro en Newport Beach en West Coast Trial Lawyers lo ayudar\u00e1n a recuperar una compensaci\u00f3n por las p\u00e9rdidas que ha sufrido.<\/p>\n<p>Comun\u00edquese con nosotros hoy llamando al\u00a0<strong>213-927-3700<\/strong> o enviando un correo electr\u00f3nico a\u00a0<a href=\"mailto:info@westcoasttriallawyers.com\"><strong>info@westcoasttriallawyers.com<\/strong><\/a><strong>\u00a0<\/strong>para programar una consulta gratuita con nuestro equipo legal experimentado, atento y compasivo.<br \/>\n<!-- WCTL_DEBUG: no shortcode in this_content --><\/p>\n","protected":false},"excerpt":{"rendered":"<p>Factores que pueden provocar que un perro muerda y qu\u00e9 consejos debe tener en cuenta para protegerse de ser mordido Seg\u00fan WorldAtlas, los perros son considerados como las mascotas m\u00e1s populares en los Estados Unidos. Casi 50 millones de hogares tienen al menos un perro. Muchas personas favorecen la idea de tener un perro debido [&hellip;]<\/p>\n","protected":false},"author":475,"featured_media":47136,"parent":47410,"menu_order":0,"comment_status":"closed","ping_status":"closed","template":"","meta":{"inline_featured_image":false,"footnotes":""},"class_list":["post-13206","page","type-page","status-publish","has-post-thumbnail","hentry"],"acf":[],"yoast_head":"<!-- This site is optimized with the Yoast SEO Premium plugin v26.0 (Yoast SEO v26.0) - https:\/\/yoast.com\/wordpress\/plugins\/seo\/ -->\n<title>Abogado de mordedura de perro en Newport Beach | West Coast Trial Lawyers<\/title>\n<meta name=\"robots\" content=\"index, follow, max-snippet:-1, max-image-preview:large, max-video-preview:-1\" \/>\n<link rel=\"canonical\" href=\"https:\/\/westcoasttriallawyers.com\/es\/california\/newport-beach\/abogados-mordidas-perro-newport-beach\" \/>\n<meta property=\"og:locale\" content=\"es_ES\" \/>\n<meta property=\"og:type\" content=\"article\" \/>\n<meta property=\"og:title\" content=\"Abogado de mordedura de perro en Newport Beach\" \/>\n<meta property=\"og:description\" content=\"Factores que pueden provocar que un perro muerda y qu\u00e9 consejos debe tener en cuenta para protegerse de ser mordido Seg\u00fan WorldAtlas, los perros son considerados como las mascotas m\u00e1s populares en los Estados Unidos. Casi 50 millones de hogares tienen al menos un perro. Muchas personas favorecen la idea de tener un perro debido [&hellip;]\" \/>\n<meta property=\"og:url\" content=\"https:\/\/westcoasttriallawyers.com\/es\/california\/newport-beach\/abogados-mordidas-perro-newport-beach\" \/>\n<meta property=\"og:site_name\" content=\"West Coast Trial Lawyers\" \/>\n<meta property=\"article:publisher\" content=\"https:\/\/www.facebook.com\/westcoasttriallawyers\/\" \/>\n<meta property=\"article:modified_time\" content=\"2026-01-21T23:06:14+00:00\" \/>\n<meta property=\"og:image\" content=\"https:\/\/westcoasttriallawyers.com\/wp-content\/uploads\/2025\/07\/Newport-Beach-11.webp\" \/>\n\t<meta property=\"og:image:width\" content=\"557\" \/>\n\t<meta property=\"og:image:height\" content=\"328\" \/>\n\t<meta property=\"og:image:type\" content=\"image\/webp\" \/>\n<meta name=\"twitter:card\" content=\"summary_large_image\" \/>\n<meta name=\"twitter:site\" content=\"@WestCoastTrial\" \/>\n<meta name=\"twitter:label1\" content=\"Tiempo de lectura\" \/>\n\t<meta name=\"twitter:data1\" content=\"6 minutos\" \/>\n<script type=\"application\/ld+json\" class=\"yoast-schema-graph\">{\"@context\":\"https:\/\/schema.org\",\"@graph\":[{\"@type\":[\"WebPage\",\"ItemPage\"],\"@id\":\"https:\/\/westcoasttriallawyers.com\/es\/california\/newport-beach\/abogados-mordidas-perro-newport-beach\",\"url\":\"https:\/\/westcoasttriallawyers.com\/es\/california\/newport-beach\/abogados-mordidas-perro-newport-beach\",\"name\":\"Abogado de mordedura de perro en Newport Beach | West Coast Trial Lawyers\",\"isPartOf\":{\"@id\":\"https:\/\/westcoasttriallawyers.com\/es#website\"},\"primaryImageOfPage\":{\"@id\":\"https:\/\/westcoasttriallawyers.com\/es\/california\/newport-beach\/abogados-mordidas-perro-newport-beach#primaryimage\"},\"image\":{\"@id\":\"https:\/\/westcoasttriallawyers.com\/es\/california\/newport-beach\/abogados-mordidas-perro-newport-beach#primaryimage\"},\"thumbnailUrl\":\"https:\/\/westcoasttriallawyers.com\/wp-content\/uploads\/2025\/07\/Newport-Beach-11.webp\",\"datePublished\":\"2026-01-14T18:34:11+00:00\",\"dateModified\":\"2026-01-21T23:06:14+00:00\",\"breadcrumb\":{\"@id\":\"https:\/\/westcoasttriallawyers.com\/es\/california\/newport-beach\/abogados-mordidas-perro-newport-beach#breadcrumb\"},\"inLanguage\":\"es\",\"potentialAction\":[{\"@type\":\"ReadAction\",\"target\":[\"https:\/\/westcoasttriallawyers.com\/es\/california\/newport-beach\/abogados-mordidas-perro-newport-beach\"]}]},{\"@type\":\"ImageObject\",\"inLanguage\":\"es\",\"@id\":\"https:\/\/westcoasttriallawyers.com\/es\/california\/newport-beach\/abogados-mordidas-perro-newport-beach#primaryimage\",\"url\":\"https:\/\/westcoasttriallawyers.com\/wp-content\/uploads\/2025\/07\/Newport-Beach-11.webp\",\"contentUrl\":\"https:\/\/westcoasttriallawyers.com\/wp-content\/uploads\/2025\/07\/Newport-Beach-11.webp\",\"width\":557,\"height\":328},{\"@type\":\"BreadcrumbList\",\"@id\":\"https:\/\/westcoasttriallawyers.com\/es\/california\/newport-beach\/abogados-mordidas-perro-newport-beach#breadcrumb\",\"itemListElement\":[{\"@type\":\"ListItem\",\"position\":1,\"name\":\"Inicio\",\"item\":\"https:\/\/westcoasttriallawyers.com\/es\"},{\"@type\":\"ListItem\",\"position\":2,\"name\":\"California\",\"item\":\"https:\/\/westcoasttriallawyers.com\/es\/california\"},{\"@type\":\"ListItem\",\"position\":3,\"name\":\"Newport Beach\",\"item\":\"https:\/\/westcoasttriallawyers.com\/es\/california\/newport-beach\"},{\"@type\":\"ListItem\",\"position\":4,\"name\":\"Abogado de mordedura de perro en Newport Beach\"}]},{\"@type\":\"WebSite\",\"@id\":\"https:\/\/westcoasttriallawyers.com\/es#website\",\"url\":\"https:\/\/westcoasttriallawyers.com\/es\",\"name\":\"West Coast Trial Lawyers\",\"description\":\"West Coast Trial Lawyers\",\"publisher\":{\"@id\":\"https:\/\/westcoasttriallawyers.com\/es#organization\"},\"alternateName\":\"WCTL\",\"potentialAction\":[{\"@type\":\"SearchAction\",\"target\":{\"@type\":\"EntryPoint\",\"urlTemplate\":\"https:\/\/westcoasttriallawyers.com\/es?s={search_term_string}\"},\"query-input\":{\"@type\":\"PropertyValueSpecification\",\"valueRequired\":true,\"valueName\":\"search_term_string\"}}],\"inLanguage\":\"es\"},{\"@type\":\"Organization\",\"@id\":\"https:\/\/westcoasttriallawyers.com\/es#organization\",\"name\":\"West Coast Trial Lawyers\",\"alternateName\":\"WCTL\",\"url\":\"https:\/\/westcoasttriallawyers.com\/es\",\"logo\":{\"@type\":\"ImageObject\",\"inLanguage\":\"es\",\"@id\":\"https:\/\/westcoasttriallawyers.com\/es#\/schema\/logo\/image\/\",\"url\":\"https:\/\/westcoasttriallawyers.com\/wp-content\/uploads\/2026\/02\/WCTL-Logo.jpg\",\"contentUrl\":\"https:\/\/westcoasttriallawyers.com\/wp-content\/uploads\/2026\/02\/WCTL-Logo.jpg\",\"width\":696,\"height\":696,\"caption\":\"West Coast Trial Lawyers\"},\"image\":{\"@id\":\"https:\/\/westcoasttriallawyers.com\/es#\/schema\/logo\/image\/\"},\"sameAs\":[\"https:\/\/www.facebook.com\/westcoasttriallawyers\/\",\"https:\/\/x.com\/WestCoastTrial\",\"https:\/\/www.linkedin.com\/company\/west-coast-trial-lawyers\/\",\"https:\/\/www.instagram.com\/westcoasttriallawyers\/\",\"https:\/\/www.yelp.com\/biz\/west-coast-trial-lawyers-los-angeles-2\",\"https:\/\/www.pinterest.com\/westcoasttrial\/\",\"https:\/\/www.youtube.com\/westcoasttriallawyersla\/\",\"https:\/\/www.tiktok.com\/westcoasttriallawyers\"],\"description\":\"West Coast Trial Lawyers is a top-rated personal injury law firm with a goal to provide expert legal representation to those in need. The law firm has offices across California, Nevada, Arizona, and Washington.\",\"legalName\":\"West Coast Trial Lawyers\"}]}<\/script>\n<!-- \/ Yoast SEO Premium plugin. -->","yoast_head_json":{"title":"Abogado de mordedura de perro en Newport Beach | West Coast Trial Lawyers","robots":{"index":"index","follow":"follow","max-snippet":"max-snippet:-1","max-image-preview":"max-image-preview:large","max-video-preview":"max-video-preview:-1"},"canonical":"https:\/\/westcoasttriallawyers.com\/es\/california\/newport-beach\/abogados-mordidas-perro-newport-beach","og_locale":"es_ES","og_type":"article","og_title":"Abogado de mordedura de perro en Newport Beach","og_description":"Factores que pueden provocar que un perro muerda y qu\u00e9 consejos debe tener en cuenta para protegerse de ser mordido Seg\u00fan WorldAtlas, los perros son considerados como las mascotas m\u00e1s populares en los Estados Unidos. Casi 50 millones de hogares tienen al menos un perro. Muchas personas favorecen la idea de tener un perro debido [&hellip;]","og_url":"https:\/\/westcoasttriallawyers.com\/es\/california\/newport-beach\/abogados-mordidas-perro-newport-beach","og_site_name":"West Coast Trial Lawyers","article_publisher":"https:\/\/www.facebook.com\/westcoasttriallawyers\/","article_modified_time":"2026-01-21T23:06:14+00:00","og_image":[{"width":557,"height":328,"url":"https:\/\/westcoasttriallawyers.com\/wp-content\/uploads\/2025\/07\/Newport-Beach-11.webp","type":"image\/webp"}],"twitter_card":"summary_large_image","twitter_site":"@WestCoastTrial","twitter_misc":{"Tiempo de lectura":"6 minutos"},"schema":{"@context":"https:\/\/schema.org","@graph":[{"@type":["WebPage","ItemPage"],"@id":"https:\/\/westcoasttriallawyers.com\/es\/california\/newport-beach\/abogados-mordidas-perro-newport-beach","url":"https:\/\/westcoasttriallawyers.com\/es\/california\/newport-beach\/abogados-mordidas-perro-newport-beach","name":"Abogado de mordedura de perro en Newport Beach | West Coast Trial Lawyers","isPartOf":{"@id":"https:\/\/westcoasttriallawyers.com\/es#website"},"primaryImageOfPage":{"@id":"https:\/\/westcoasttriallawyers.com\/es\/california\/newport-beach\/abogados-mordidas-perro-newport-beach#primaryimage"},"image":{"@id":"https:\/\/westcoasttriallawyers.com\/es\/california\/newport-beach\/abogados-mordidas-perro-newport-beach#primaryimage"},"thumbnailUrl":"https:\/\/westcoasttriallawyers.com\/wp-content\/uploads\/2025\/07\/Newport-Beach-11.webp","datePublished":"2026-01-14T18:34:11+00:00","dateModified":"2026-01-21T23:06:14+00:00","breadcrumb":{"@id":"https:\/\/westcoasttriallawyers.com\/es\/california\/newport-beach\/abogados-mordidas-perro-newport-beach#breadcrumb"},"inLanguage":"es","potentialAction":[{"@type":"ReadAction","target":["https:\/\/westcoasttriallawyers.com\/es\/california\/newport-beach\/abogados-mordidas-perro-newport-beach"]}]},{"@type":"ImageObject","inLanguage":"es","@id":"https:\/\/westcoasttriallawyers.com\/es\/california\/newport-beach\/abogados-mordidas-perro-newport-beach#primaryimage","url":"https:\/\/westcoasttriallawyers.com\/wp-content\/uploads\/2025\/07\/Newport-Beach-11.webp","contentUrl":"https:\/\/westcoasttriallawyers.com\/wp-content\/uploads\/2025\/07\/Newport-Beach-11.webp","width":557,"height":328},{"@type":"BreadcrumbList","@id":"https:\/\/westcoasttriallawyers.com\/es\/california\/newport-beach\/abogados-mordidas-perro-newport-beach#breadcrumb","itemListElement":[{"@type":"ListItem","position":1,"name":"Inicio","item":"https:\/\/westcoasttriallawyers.com\/es"},{"@type":"ListItem","position":2,"name":"California","item":"https:\/\/westcoasttriallawyers.com\/es\/california"},{"@type":"ListItem","position":3,"name":"Newport Beach","item":"https:\/\/westcoasttriallawyers.com\/es\/california\/newport-beach"},{"@type":"ListItem","position":4,"name":"Abogado de mordedura de perro en Newport Beach"}]},{"@type":"WebSite","@id":"https:\/\/westcoasttriallawyers.com\/es#website","url":"https:\/\/westcoasttriallawyers.com\/es","name":"West Coast Trial Lawyers","description":"West Coast Trial Lawyers","publisher":{"@id":"https:\/\/westcoasttriallawyers.com\/es#organization"},"alternateName":"WCTL","potentialAction":[{"@type":"SearchAction","target":{"@type":"EntryPoint","urlTemplate":"https:\/\/westcoasttriallawyers.com\/es?s={search_term_string}"},"query-input":{"@type":"PropertyValueSpecification","valueRequired":true,"valueName":"search_term_string"}}],"inLanguage":"es"},{"@type":"Organization","@id":"https:\/\/westcoasttriallawyers.com\/es#organization","name":"West Coast Trial Lawyers","alternateName":"WCTL","url":"https:\/\/westcoasttriallawyers.com\/es","logo":{"@type":"ImageObject","inLanguage":"es","@id":"https:\/\/westcoasttriallawyers.com\/es#\/schema\/logo\/image\/","url":"https:\/\/westcoasttriallawyers.com\/wp-content\/uploads\/2026\/02\/WCTL-Logo.jpg","contentUrl":"https:\/\/westcoasttriallawyers.com\/wp-content\/uploads\/2026\/02\/WCTL-Logo.jpg","width":696,"height":696,"caption":"West Coast Trial Lawyers"},"image":{"@id":"https:\/\/westcoasttriallawyers.com\/es#\/schema\/logo\/image\/"},"sameAs":["https:\/\/www.facebook.com\/westcoasttriallawyers\/","https:\/\/x.com\/WestCoastTrial","https:\/\/www.linkedin.com\/company\/west-coast-trial-lawyers\/","https:\/\/www.instagram.com\/westcoasttriallawyers\/","https:\/\/www.yelp.com\/biz\/west-coast-trial-lawyers-los-angeles-2","https:\/\/www.pinterest.com\/westcoasttrial\/","https:\/\/www.youtube.com\/westcoasttriallawyersla\/","https:\/\/www.tiktok.com\/westcoasttriallawyers"],"description":"West Coast Trial Lawyers is a top-rated personal injury law firm with a goal to provide expert legal representation to those in need. The law firm has offices across California, Nevada, Arizona, and Washington.","legalName":"West Coast Trial Lawyers"}]}},"_links":{"self":[{"href":"https:\/\/westcoasttriallawyers.com\/es\/wp-json\/wp\/v2\/pages\/13206","targetHints":{"allow":["GET"]}}],"collection":[{"href":"https:\/\/westcoasttriallawyers.com\/es\/wp-json\/wp\/v2\/pages"}],"about":[{"href":"https:\/\/westcoasttriallawyers.com\/es\/wp-json\/wp\/v2\/types\/page"}],"author":[{"embeddable":true,"href":"https:\/\/westcoasttriallawyers.com\/es\/wp-json\/wp\/v2\/users\/475"}],"replies":[{"embeddable":true,"href":"https:\/\/westcoasttriallawyers.com\/es\/wp-json\/wp\/v2\/comments?post=13206"}],"version-history":[{"count":3,"href":"https:\/\/westcoasttriallawyers.com\/es\/wp-json\/wp\/v2\/pages\/13206\/revisions"}],"predecessor-version":[{"id":47789,"href":"https:\/\/westcoasttriallawyers.com\/es\/wp-json\/wp\/v2\/pages\/13206\/revisions\/47789"}],"up":[{"embeddable":true,"href":"https:\/\/westcoasttriallawyers.com\/es\/wp-json\/wp\/v2\/pages\/47410"}],"wp:featuredmedia":[{"embeddable":true,"href":"https:\/\/westcoasttriallawyers.com\/es\/wp-json\/wp\/v2\/media\/47136"}],"wp:attachment":[{"href":"https:\/\/westcoasttriallawyers.com\/es\/wp-json\/wp\/v2\/media?parent=13206"}],"curies":[{"name":"wp","href":"https:\/\/api.w.org\/{rel}","templated":true}]}}