{"id":13200,"date":"2026-01-14T18:34:07","date_gmt":"2026-01-14T18:34:07","guid":{"rendered":"https:\/\/wctl1stg.wpengine.com\/?page_id=13200"},"modified":"2026-01-21T22:19:44","modified_gmt":"2026-01-21T22:19:44","slug":"abogados-lesiones-cerebrales-newport-beach","status":"publish","type":"page","link":"https:\/\/westcoasttriallawyers.com\/es\/california\/newport-beach\/abogados-lesiones-cerebrales-newport-beach","title":{"rendered":"Abogado de lesiones cerebrales de Newport Beach"},"content":{"rendered":"<h2><strong>Lo que debe considerar hacer cuando regrese al trabajo despu\u00e9s de recuperarse de una lesi\u00f3n cerebral<\/strong><\/h2>\n<p>El cerebro es posiblemente el \u00f3rgano m\u00e1s importante del cuerpo. Controla tus pensamientos, movimientos, emociones y memoria enviando y recibiendo se\u00f1ales por todo tu cuerpo. Cualquier da\u00f1o hecho al cerebro podr\u00eda causar un impacto dram\u00e1tico en su calidad de vida. Es probable que pueda enfrentar discapacidades cognitivas, conductuales y f\u00edsicas. Bajo circunstancias severas, una lesi\u00f3n cerebral puede hacer que una persona dependa de recibir atenci\u00f3n de otros por el resto de su vida.<\/p>\n<p>Es posible que se requiera tratamiento m\u00e9dico y terapia a largo plazo para permitir que una persona viva una vida c\u00f3moda. Los costos de estos servicios pueden dejarlo en una carga financiera. Sin embargo, si su lesi\u00f3n cerebral fue causada por una parte negligente, puede presentar un reclamo por lesiones personales en su contra para obtener una compensaci\u00f3n recuperable, como facturas m\u00e9dicas presentes y futuras, salarios perdidos, dolor y sufrimiento, y m\u00e1s.<\/p>\n<p>En West Coast Trial Lawyers, nuestros abogados experimentados en lesiones cerebrales de Newport Beach est\u00e1n disponibles las 24 horas del d\u00eda, los 7 d\u00edas de la semana para ofrecer asistencia legal. Ayudaremos a fortalecer su reclamo y negociaremos con las compa\u00f1\u00edas de seguros para obtener la justicia y la compensaci\u00f3n que merece. Con nuestro historial de ganar m\u00e1s de $1 mil millones en acuerdos para nuestros clientes, estamos seguros de que obtendremos un buen resultado en su caso.<\/p>\n<p>Para programar una consulta gratuita y sin compromiso en nuestro bufete de abogados de lesiones personales de Newport Beach, comun\u00edquese con nosotros llamando al\u00a0<strong>213-927-3700<\/strong> o enviando un correo electr\u00f3nico a\u00a0<a href=\"mailto:info@westcoasttriallawyers.com\"><strong>info@westcoasttriallawyers.com<\/strong><\/a><strong>.\u00a0<\/strong><\/p>\n<h2><strong>Trabajar despu\u00e9s de una lesi\u00f3n cerebral<\/strong><\/h2>\n<p>Es normal que una persona desarrolle muchos pensamientos y emociones mientras se prepara para regresar al trabajo despu\u00e9s de sufrir una lesi\u00f3n cerebral. A continuaci\u00f3n, hemos creado algunos consejos \u00fatiles que debe considerar para asegurarse de no trabajar en exceso ni abrumarse cuando regrese al lugar de trabajo despu\u00e9s de una larga pausa.<\/p>\n<p>Solicitud de alojamiento<\/p>\n<p>De acuerdo con la Ley de Estadounidenses con Discapacidades (ADA), un empleador debe hacer ajustes razonables para acomodar a un empleado discapacitado. Estos alojamientos pueden incluir:<\/p>\n<ul>\n<li>Dando m\u00e1s descansos<\/li>\n<li>Ofreciendo un puesto diferente en la firma<\/li>\n<li>Dando menos trabajo que hacer<\/li>\n<li>Permitir que el empleado vuelva gradualmente al trabajo<\/li>\n<li>Ofrecer menos horas de trabajo<\/li>\n<\/ul>\n<p>Ser\u00eda ideal que el empleado notifique al empleador sobre su estado de salud actual de vez en cuando para permitir que el empleador ajuste las adaptaciones en funci\u00f3n de la informaci\u00f3n que se le brinda. Si se dice que el empleado se recuper\u00f3 por completo de su lesi\u00f3n cerebral y puede realizar tareas relacionadas con el trabajo que se le hab\u00edan encomendado antes de la lesi\u00f3n, el empleador puede eliminar la adaptaci\u00f3n.<\/p>\n<p><strong>Mantenga una mentalidad positiva, pero sea realista<\/strong><\/p>\n<p>Es fundamental mantener una buena actitud cuando regrese al lugar de trabajo. Intentar:<\/p>\n<ul>\n<li>Aceptar cr\u00edticas constructivas<\/li>\n<li>Si\u00e9ntete c\u00f3modo preguntando a los dem\u00e1s si necesitas algo.<\/li>\n<li>Use m\u00e9todos estrat\u00e9gicos para ayudar a mejorar sus habilidades laborales<\/li>\n<\/ul>\n<p>A medida que regresa al trabajo, es posible que comience a preguntarse si podr\u00e1 realizar sus tareas relacionadas con el trabajo de la misma manera que lo hac\u00eda antes de su lesi\u00f3n. En lugar de centrarse en los \u00abqu\u00e9 pasar\u00eda si\u00bb, piense en c\u00f3mo podr\u00eda superar estos problemas si llegara a suceder. Descubrir formas de abordar un error puede ayudarlo a estar m\u00e1s preparado y organizado.<\/p>\n<p>Tampoco debe establecer expectativas poco realistas de su desempe\u00f1o laboral. Si no logra alcanzar sus objetivos laborales, solo conducir\u00e1 a una baja autoestima y decepci\u00f3n. Solo t\u00f3malo con calma y haz tu mejor esfuerzo.<\/p>\n<p><strong>Hablando con su empleador<\/strong><\/p>\n<p>No tiene que sumergirse en detalles personales sobre su lesi\u00f3n cerebral con su empleador, sin embargo, al menos debe mencionar si su salud puede ponerlo a usted o a otros en riesgo de atrasarse con las tareas relacionadas con el trabajo. Se sugiere que se comunique con su empleador siendo abierto con ellos acerca de las limitaciones que experimenta actualmente debido a su lesi\u00f3n cerebral. Deben comprender su estado de salud y ofrecer adaptaciones razonables hasta que se recupere por completo.<\/p>\n<p><strong>Comunicaci\u00f3n con sus compa\u00f1eros de trabajo<\/strong><\/p>\n<p>No est\u00e1 obligado a informar a sus compa\u00f1eros de trabajo sobre su lesi\u00f3n cerebral. Tiene la opci\u00f3n de compartir esa informaci\u00f3n personal con otros.<\/p>\n<p>Hay empleados que eligen avisar a sus compa\u00f1eros de trabajo sobre su estado de salud. Esto ayuda a los compa\u00f1eros de trabajo a tener una idea de lo que es capaz de completar o con lo que puede necesitar ayuda adicional. Se pueden hacer arreglos especiales en su nombre para que le resulte m\u00e1s conveniente completar sus tareas.<\/p>\n<p>Considere compartir informaci\u00f3n completa o limitada, es su elecci\u00f3n. Tiene derecho a no informar a otros sobre ello si se lo preguntan.<\/p>\n<h2><strong>Los abogados litigantes de la costa oeste est\u00e1n aqu\u00ed para ayudar<\/strong><\/h2>\n<p>Si sufre una lesi\u00f3n cerebral debido a la negligencia de otra persona, West Coast Trial Lawyers tiene abogados con experiencia en lesiones cerebrales en Newport Beach que lo ayudar\u00e1n a obtener la justicia que se merece.<\/p>\n<p>Para programar una cita gratuita y sin compromiso en nuestro bufete de abogados de lesiones personales de Newport Beach, comun\u00edquese con nuestro equipo legal las 24 horas, los 7 d\u00edas de la semana llamando al\u00a0<strong>213-927-3700<\/strong> o enviando un correo electr\u00f3nico a\u00a0<a href=\"mailto:info@westcoasttriallawyers.com\"><strong>info@westcoasttriallawyers.com<\/strong><\/a><strong>.\u00a0<\/strong><br \/>\n<!-- WCTL_DEBUG: no shortcode in this_content --><\/p>\n","protected":false},"excerpt":{"rendered":"<p>Lo que debe considerar hacer cuando regrese al trabajo despu\u00e9s de recuperarse de una lesi\u00f3n cerebral El cerebro es posiblemente el \u00f3rgano m\u00e1s importante del cuerpo. Controla tus pensamientos, movimientos, emociones y memoria enviando y recibiendo se\u00f1ales por todo tu cuerpo. Cualquier da\u00f1o hecho al cerebro podr\u00eda causar un impacto dram\u00e1tico en su calidad de [&hellip;]<\/p>\n","protected":false},"author":475,"featured_media":47116,"parent":47410,"menu_order":0,"comment_status":"closed","ping_status":"closed","template":"","meta":{"inline_featured_image":false,"footnotes":""},"class_list":["post-13200","page","type-page","status-publish","has-post-thumbnail","hentry"],"acf":[],"yoast_head":"<!-- This site is optimized with the Yoast SEO Premium plugin v26.0 (Yoast SEO v26.0) - https:\/\/yoast.com\/wordpress\/plugins\/seo\/ -->\n<title>Abogado de lesiones cerebrales de Newport Beach | West Coast Trial Lawyers<\/title>\n<meta name=\"robots\" content=\"index, follow, max-snippet:-1, max-image-preview:large, max-video-preview:-1\" \/>\n<link rel=\"canonical\" href=\"https:\/\/westcoasttriallawyers.com\/es\/california\/newport-beach\/abogados-lesiones-cerebrales-newport-beach\" \/>\n<meta property=\"og:locale\" content=\"es_ES\" \/>\n<meta property=\"og:type\" content=\"article\" \/>\n<meta property=\"og:title\" content=\"Abogado de lesiones cerebrales de Newport Beach\" \/>\n<meta property=\"og:description\" content=\"Lo que debe considerar hacer cuando regrese al trabajo despu\u00e9s de recuperarse de una lesi\u00f3n cerebral El cerebro es posiblemente el \u00f3rgano m\u00e1s importante del cuerpo. Controla tus pensamientos, movimientos, emociones y memoria enviando y recibiendo se\u00f1ales por todo tu cuerpo. Cualquier da\u00f1o hecho al cerebro podr\u00eda causar un impacto dram\u00e1tico en su calidad de [&hellip;]\" \/>\n<meta property=\"og:url\" content=\"https:\/\/westcoasttriallawyers.com\/es\/california\/newport-beach\/abogados-lesiones-cerebrales-newport-beach\" \/>\n<meta property=\"og:site_name\" content=\"West Coast Trial Lawyers\" \/>\n<meta property=\"article:publisher\" content=\"https:\/\/www.facebook.com\/westcoasttriallawyers\/\" \/>\n<meta property=\"article:modified_time\" content=\"2026-01-21T22:19:44+00:00\" \/>\n<meta property=\"og:image\" content=\"https:\/\/westcoasttriallawyers.com\/wp-content\/uploads\/2025\/07\/Newport-Beach-3.webp\" \/>\n\t<meta property=\"og:image:width\" content=\"557\" \/>\n\t<meta property=\"og:image:height\" content=\"328\" \/>\n\t<meta property=\"og:image:type\" content=\"image\/webp\" \/>\n<meta name=\"twitter:card\" content=\"summary_large_image\" \/>\n<meta name=\"twitter:site\" content=\"@WestCoastTrial\" \/>\n<meta name=\"twitter:label1\" content=\"Tiempo de lectura\" \/>\n\t<meta name=\"twitter:data1\" content=\"5 minutos\" \/>\n<script type=\"application\/ld+json\" class=\"yoast-schema-graph\">{\"@context\":\"https:\/\/schema.org\",\"@graph\":[{\"@type\":[\"WebPage\",\"ItemPage\"],\"@id\":\"https:\/\/westcoasttriallawyers.com\/es\/california\/newport-beach\/abogados-lesiones-cerebrales-newport-beach\",\"url\":\"https:\/\/westcoasttriallawyers.com\/es\/california\/newport-beach\/abogados-lesiones-cerebrales-newport-beach\",\"name\":\"Abogado de lesiones cerebrales de Newport Beach | West Coast Trial Lawyers\",\"isPartOf\":{\"@id\":\"https:\/\/westcoasttriallawyers.com\/es#website\"},\"primaryImageOfPage\":{\"@id\":\"https:\/\/westcoasttriallawyers.com\/es\/california\/newport-beach\/abogados-lesiones-cerebrales-newport-beach#primaryimage\"},\"image\":{\"@id\":\"https:\/\/westcoasttriallawyers.com\/es\/california\/newport-beach\/abogados-lesiones-cerebrales-newport-beach#primaryimage\"},\"thumbnailUrl\":\"https:\/\/westcoasttriallawyers.com\/wp-content\/uploads\/2025\/07\/Newport-Beach-3.webp\",\"datePublished\":\"2026-01-14T18:34:07+00:00\",\"dateModified\":\"2026-01-21T22:19:44+00:00\",\"breadcrumb\":{\"@id\":\"https:\/\/westcoasttriallawyers.com\/es\/california\/newport-beach\/abogados-lesiones-cerebrales-newport-beach#breadcrumb\"},\"inLanguage\":\"es\",\"potentialAction\":[{\"@type\":\"ReadAction\",\"target\":[\"https:\/\/westcoasttriallawyers.com\/es\/california\/newport-beach\/abogados-lesiones-cerebrales-newport-beach\"]}]},{\"@type\":\"ImageObject\",\"inLanguage\":\"es\",\"@id\":\"https:\/\/westcoasttriallawyers.com\/es\/california\/newport-beach\/abogados-lesiones-cerebrales-newport-beach#primaryimage\",\"url\":\"https:\/\/westcoasttriallawyers.com\/wp-content\/uploads\/2025\/07\/Newport-Beach-3.webp\",\"contentUrl\":\"https:\/\/westcoasttriallawyers.com\/wp-content\/uploads\/2025\/07\/Newport-Beach-3.webp\",\"width\":557,\"height\":328},{\"@type\":\"BreadcrumbList\",\"@id\":\"https:\/\/westcoasttriallawyers.com\/es\/california\/newport-beach\/abogados-lesiones-cerebrales-newport-beach#breadcrumb\",\"itemListElement\":[{\"@type\":\"ListItem\",\"position\":1,\"name\":\"Inicio\",\"item\":\"https:\/\/westcoasttriallawyers.com\/es\"},{\"@type\":\"ListItem\",\"position\":2,\"name\":\"California\",\"item\":\"https:\/\/westcoasttriallawyers.com\/es\/california\"},{\"@type\":\"ListItem\",\"position\":3,\"name\":\"Newport Beach\",\"item\":\"https:\/\/westcoasttriallawyers.com\/es\/california\/newport-beach\"},{\"@type\":\"ListItem\",\"position\":4,\"name\":\"Abogado de lesiones cerebrales de Newport Beach\"}]},{\"@type\":\"WebSite\",\"@id\":\"https:\/\/westcoasttriallawyers.com\/es#website\",\"url\":\"https:\/\/westcoasttriallawyers.com\/es\",\"name\":\"West Coast Trial Lawyers\",\"description\":\"West Coast Trial Lawyers\",\"publisher\":{\"@id\":\"https:\/\/westcoasttriallawyers.com\/es#organization\"},\"alternateName\":\"WCTL\",\"potentialAction\":[{\"@type\":\"SearchAction\",\"target\":{\"@type\":\"EntryPoint\",\"urlTemplate\":\"https:\/\/westcoasttriallawyers.com\/es?s={search_term_string}\"},\"query-input\":{\"@type\":\"PropertyValueSpecification\",\"valueRequired\":true,\"valueName\":\"search_term_string\"}}],\"inLanguage\":\"es\"},{\"@type\":\"Organization\",\"@id\":\"https:\/\/westcoasttriallawyers.com\/es#organization\",\"name\":\"West Coast Trial Lawyers\",\"alternateName\":\"WCTL\",\"url\":\"https:\/\/westcoasttriallawyers.com\/es\",\"logo\":{\"@type\":\"ImageObject\",\"inLanguage\":\"es\",\"@id\":\"https:\/\/westcoasttriallawyers.com\/es#\/schema\/logo\/image\/\",\"url\":\"https:\/\/westcoasttriallawyers.com\/wp-content\/uploads\/2026\/02\/WCTL-Logo.jpg\",\"contentUrl\":\"https:\/\/westcoasttriallawyers.com\/wp-content\/uploads\/2026\/02\/WCTL-Logo.jpg\",\"width\":696,\"height\":696,\"caption\":\"West Coast Trial Lawyers\"},\"image\":{\"@id\":\"https:\/\/westcoasttriallawyers.com\/es#\/schema\/logo\/image\/\"},\"sameAs\":[\"https:\/\/www.facebook.com\/westcoasttriallawyers\/\",\"https:\/\/x.com\/WestCoastTrial\",\"https:\/\/www.linkedin.com\/company\/west-coast-trial-lawyers\/\",\"https:\/\/www.instagram.com\/westcoasttriallawyers\/\",\"https:\/\/www.yelp.com\/biz\/west-coast-trial-lawyers-los-angeles-2\",\"https:\/\/www.pinterest.com\/westcoasttrial\/\",\"https:\/\/www.youtube.com\/westcoasttriallawyersla\/\",\"https:\/\/www.tiktok.com\/westcoasttriallawyers\"],\"description\":\"West Coast Trial Lawyers is a top-rated personal injury law firm with a goal to provide expert legal representation to those in need. The law firm has offices across California, Nevada, Arizona, and Washington.\",\"legalName\":\"West Coast Trial Lawyers\"}]}<\/script>\n<!-- \/ Yoast SEO Premium plugin. -->","yoast_head_json":{"title":"Abogado de lesiones cerebrales de Newport Beach | West Coast Trial Lawyers","robots":{"index":"index","follow":"follow","max-snippet":"max-snippet:-1","max-image-preview":"max-image-preview:large","max-video-preview":"max-video-preview:-1"},"canonical":"https:\/\/westcoasttriallawyers.com\/es\/california\/newport-beach\/abogados-lesiones-cerebrales-newport-beach","og_locale":"es_ES","og_type":"article","og_title":"Abogado de lesiones cerebrales de Newport Beach","og_description":"Lo que debe considerar hacer cuando regrese al trabajo despu\u00e9s de recuperarse de una lesi\u00f3n cerebral El cerebro es posiblemente el \u00f3rgano m\u00e1s importante del cuerpo. Controla tus pensamientos, movimientos, emociones y memoria enviando y recibiendo se\u00f1ales por todo tu cuerpo. Cualquier da\u00f1o hecho al cerebro podr\u00eda causar un impacto dram\u00e1tico en su calidad de [&hellip;]","og_url":"https:\/\/westcoasttriallawyers.com\/es\/california\/newport-beach\/abogados-lesiones-cerebrales-newport-beach","og_site_name":"West Coast Trial Lawyers","article_publisher":"https:\/\/www.facebook.com\/westcoasttriallawyers\/","article_modified_time":"2026-01-21T22:19:44+00:00","og_image":[{"width":557,"height":328,"url":"https:\/\/westcoasttriallawyers.com\/wp-content\/uploads\/2025\/07\/Newport-Beach-3.webp","type":"image\/webp"}],"twitter_card":"summary_large_image","twitter_site":"@WestCoastTrial","twitter_misc":{"Tiempo de lectura":"5 minutos"},"schema":{"@context":"https:\/\/schema.org","@graph":[{"@type":["WebPage","ItemPage"],"@id":"https:\/\/westcoasttriallawyers.com\/es\/california\/newport-beach\/abogados-lesiones-cerebrales-newport-beach","url":"https:\/\/westcoasttriallawyers.com\/es\/california\/newport-beach\/abogados-lesiones-cerebrales-newport-beach","name":"Abogado de lesiones cerebrales de Newport Beach | West Coast Trial Lawyers","isPartOf":{"@id":"https:\/\/westcoasttriallawyers.com\/es#website"},"primaryImageOfPage":{"@id":"https:\/\/westcoasttriallawyers.com\/es\/california\/newport-beach\/abogados-lesiones-cerebrales-newport-beach#primaryimage"},"image":{"@id":"https:\/\/westcoasttriallawyers.com\/es\/california\/newport-beach\/abogados-lesiones-cerebrales-newport-beach#primaryimage"},"thumbnailUrl":"https:\/\/westcoasttriallawyers.com\/wp-content\/uploads\/2025\/07\/Newport-Beach-3.webp","datePublished":"2026-01-14T18:34:07+00:00","dateModified":"2026-01-21T22:19:44+00:00","breadcrumb":{"@id":"https:\/\/westcoasttriallawyers.com\/es\/california\/newport-beach\/abogados-lesiones-cerebrales-newport-beach#breadcrumb"},"inLanguage":"es","potentialAction":[{"@type":"ReadAction","target":["https:\/\/westcoasttriallawyers.com\/es\/california\/newport-beach\/abogados-lesiones-cerebrales-newport-beach"]}]},{"@type":"ImageObject","inLanguage":"es","@id":"https:\/\/westcoasttriallawyers.com\/es\/california\/newport-beach\/abogados-lesiones-cerebrales-newport-beach#primaryimage","url":"https:\/\/westcoasttriallawyers.com\/wp-content\/uploads\/2025\/07\/Newport-Beach-3.webp","contentUrl":"https:\/\/westcoasttriallawyers.com\/wp-content\/uploads\/2025\/07\/Newport-Beach-3.webp","width":557,"height":328},{"@type":"BreadcrumbList","@id":"https:\/\/westcoasttriallawyers.com\/es\/california\/newport-beach\/abogados-lesiones-cerebrales-newport-beach#breadcrumb","itemListElement":[{"@type":"ListItem","position":1,"name":"Inicio","item":"https:\/\/westcoasttriallawyers.com\/es"},{"@type":"ListItem","position":2,"name":"California","item":"https:\/\/westcoasttriallawyers.com\/es\/california"},{"@type":"ListItem","position":3,"name":"Newport Beach","item":"https:\/\/westcoasttriallawyers.com\/es\/california\/newport-beach"},{"@type":"ListItem","position":4,"name":"Abogado de lesiones cerebrales de Newport Beach"}]},{"@type":"WebSite","@id":"https:\/\/westcoasttriallawyers.com\/es#website","url":"https:\/\/westcoasttriallawyers.com\/es","name":"West Coast Trial Lawyers","description":"West Coast Trial Lawyers","publisher":{"@id":"https:\/\/westcoasttriallawyers.com\/es#organization"},"alternateName":"WCTL","potentialAction":[{"@type":"SearchAction","target":{"@type":"EntryPoint","urlTemplate":"https:\/\/westcoasttriallawyers.com\/es?s={search_term_string}"},"query-input":{"@type":"PropertyValueSpecification","valueRequired":true,"valueName":"search_term_string"}}],"inLanguage":"es"},{"@type":"Organization","@id":"https:\/\/westcoasttriallawyers.com\/es#organization","name":"West Coast Trial Lawyers","alternateName":"WCTL","url":"https:\/\/westcoasttriallawyers.com\/es","logo":{"@type":"ImageObject","inLanguage":"es","@id":"https:\/\/westcoasttriallawyers.com\/es#\/schema\/logo\/image\/","url":"https:\/\/westcoasttriallawyers.com\/wp-content\/uploads\/2026\/02\/WCTL-Logo.jpg","contentUrl":"https:\/\/westcoasttriallawyers.com\/wp-content\/uploads\/2026\/02\/WCTL-Logo.jpg","width":696,"height":696,"caption":"West Coast Trial Lawyers"},"image":{"@id":"https:\/\/westcoasttriallawyers.com\/es#\/schema\/logo\/image\/"},"sameAs":["https:\/\/www.facebook.com\/westcoasttriallawyers\/","https:\/\/x.com\/WestCoastTrial","https:\/\/www.linkedin.com\/company\/west-coast-trial-lawyers\/","https:\/\/www.instagram.com\/westcoasttriallawyers\/","https:\/\/www.yelp.com\/biz\/west-coast-trial-lawyers-los-angeles-2","https:\/\/www.pinterest.com\/westcoasttrial\/","https:\/\/www.youtube.com\/westcoasttriallawyersla\/","https:\/\/www.tiktok.com\/westcoasttriallawyers"],"description":"West Coast Trial Lawyers is a top-rated personal injury law firm with a goal to provide expert legal representation to those in need. The law firm has offices across California, Nevada, Arizona, and Washington.","legalName":"West Coast Trial Lawyers"}]}},"_links":{"self":[{"href":"https:\/\/westcoasttriallawyers.com\/es\/wp-json\/wp\/v2\/pages\/13200","targetHints":{"allow":["GET"]}}],"collection":[{"href":"https:\/\/westcoasttriallawyers.com\/es\/wp-json\/wp\/v2\/pages"}],"about":[{"href":"https:\/\/westcoasttriallawyers.com\/es\/wp-json\/wp\/v2\/types\/page"}],"author":[{"embeddable":true,"href":"https:\/\/westcoasttriallawyers.com\/es\/wp-json\/wp\/v2\/users\/475"}],"replies":[{"embeddable":true,"href":"https:\/\/westcoasttriallawyers.com\/es\/wp-json\/wp\/v2\/comments?post=13200"}],"version-history":[{"count":3,"href":"https:\/\/westcoasttriallawyers.com\/es\/wp-json\/wp\/v2\/pages\/13200\/revisions"}],"predecessor-version":[{"id":47780,"href":"https:\/\/westcoasttriallawyers.com\/es\/wp-json\/wp\/v2\/pages\/13200\/revisions\/47780"}],"up":[{"embeddable":true,"href":"https:\/\/westcoasttriallawyers.com\/es\/wp-json\/wp\/v2\/pages\/47410"}],"wp:featuredmedia":[{"embeddable":true,"href":"https:\/\/westcoasttriallawyers.com\/es\/wp-json\/wp\/v2\/media\/47116"}],"wp:attachment":[{"href":"https:\/\/westcoasttriallawyers.com\/es\/wp-json\/wp\/v2\/media?parent=13200"}],"curies":[{"name":"wp","href":"https:\/\/api.w.org\/{rel}","templated":true}]}}