{"id":13197,"date":"2026-01-14T18:34:17","date_gmt":"2026-01-14T18:34:17","guid":{"rendered":"https:\/\/wctl1stg.wpengine.com\/?page_id=13197"},"modified":"2026-01-21T23:02:33","modified_gmt":"2026-01-21T23:02:33","slug":"abogados-accidentes-medula-espinal-newport-beach","status":"publish","type":"page","link":"https:\/\/westcoasttriallawyers.com\/es\/california\/newport-beach\/abogados-accidentes-medula-espinal-newport-beach","title":{"rendered":"Abogado de lesiones de la m\u00e9dula espinal en Newport Beach"},"content":{"rendered":"<h2><strong>Causas comunes de una lesi\u00f3n de la m\u00e9dula espinal y el impacto que puede tener la compensaci\u00f3n en el camino hacia la recuperaci\u00f3n<\/strong><\/h2>\n<p>Un accidente automovil\u00edstico es la causa m\u00e1s com\u00fan de lesi\u00f3n de la m\u00e9dula espinal en los Estados Unidos. Este tipo de accidente puede provocar un contacto forzado directamente en la espalda, lo que podr\u00eda da\u00f1ar la m\u00e9dula espinal o los tejidos circundantes. Las lesiones pueden variar seg\u00fan el segmento vertebral afectado por el impacto.<\/p>\n<p>Si la lesi\u00f3n se localiza en las zonas m\u00e1s altas de la m\u00e9dula espinal, es probable que la persona tenga una par\u00e1lisis que afecte a todas sus extremidades (tetraplejia o cuadriplejia). Si la lesi\u00f3n se localiza en la zona inferior de la m\u00e9dula espinal, tambi\u00e9n puede producirse una par\u00e1lisis, que afectar\u00e1 a las piernas y la parte inferior del cuerpo (paraplej\u00eda).<\/p>\n<p>Quienes hayan sufrido una lesi\u00f3n en la m\u00e9dula espinal debido a la negligencia de otra parte pueden tener derecho a presentar una demanda por lesiones personales. Se recomienda que una v\u00edctima de lesi\u00f3n de la m\u00e9dula espinal busque asistencia legal de un abogado con experiencia en lesiones de la m\u00e9dula espinal. Presentar un reclamo puede ser complicado de hacer por su cuenta, por lo que ser\u00eda beneficioso tener un abogado de su lado que eval\u00fae y fortalezca su reclamo.<\/p>\n<p>En West Coast Trial Lawyers, nuestros abogados de lesiones de la m\u00e9dula espinal de Newport Beach tienen m\u00e1s de 60 a\u00f1os de experiencia legal colectiva en el manejo de casos de lesiones personales. Hemos ganado m\u00e1s de 5,000 casos y recuperado m\u00e1s de $1,000 millones en acuerdos para nuestros clientes. Debido a nuestros logros, hemos sido clasificados como uno de los mejores bufetes de abogados de lesiones personales en Newport Beach.<\/p>\n<p>Para programar una consulta gratuita y sin compromiso en nuestro bufete de abogados de lesiones personales de Newport Beach, comun\u00edquese con nuestro equipo legal las 24 horas, los 7 d\u00edas de la semana llamando al\u00a0<strong>213-927-3700<\/strong> o enviando un correo electr\u00f3nico a\u00a0<a href=\"mailto:info@westcoasttriallawyers.com\"><strong>info@westcoasttriallawyers.com<\/strong><\/a><strong>.\u00a0<\/strong><\/p>\n<h2><strong>Causas comunes de una lesi\u00f3n de la m\u00e9dula espinal<\/strong><\/h2>\n<p>Hay m\u00faltiples factores que se sabe que contribuyen a una lesi\u00f3n de la m\u00e9dula espinal. Esto incluye lo siguiente:<\/p>\n<ul>\n<li><strong>Accidente de resbal\u00f3n y ca\u00edda.<\/strong> Casi el 31 por ciento de las lesiones de la m\u00e9dula espinal han sido causadas por un accidente de resbal\u00f3n y ca\u00edda. El grupo de edad m\u00e1s com\u00fan para sufrir este tipo de accidentes son los mayores de 65 a\u00f1os. A medida que el cuerpo envejece, pueden surgir problemas de salud. Esto incluye tener una mala postura, mala visi\u00f3n, reacciones lentas o efectos secundarios a los medicamentos que dificultan que una persona mayor funcione correctamente.<\/li>\n<li><strong>Accidente de veh\u00edculo motorizado.<\/strong> El 38 por ciento de las lesiones de la m\u00e9dula espinal son causadas por accidentes automovil\u00edsticos. Cuando se aplica una fuerza intensa en la espalda de una persona, puede da\u00f1ar la m\u00e9dula espinal o los tejidos circundantes.<\/li>\n<li><strong>Violencia f\u00edsica.<\/strong> Alrededor del 13 por ciento de las lesiones de la m\u00e9dula espinal son causadas por violencia f\u00edsica. Los disparos o las pu\u00f1aladas con cuchillo que atraviesan la piel y da\u00f1an la m\u00e9dula espinal pueden provocar una par\u00e1lisis temporal o permanente. Es posible que se requiera fisioterapia para recuperar o mejorar sus funciones motoras y\/o sensoriales.<\/li>\n<li><strong>Actividades relacionadas con el deporte.<\/strong> Las actividades relacionadas con los deportes representan el 10 por ciento de las lesiones de la m\u00e9dula espinal. Los deportes de alto impacto, como el f\u00fatbol y el hockey, implican que los jugadores se enfrenten entre s\u00ed. Si un jugador golpea agresivamente a otro jugador por detr\u00e1s, la m\u00e9dula espinal podr\u00eda sufrir da\u00f1os graves.<\/li>\n<li><strong>Alcohol.<\/strong> El alcohol puede afectar su estabilidad y visi\u00f3n. Esto puede hacer que se caiga con m\u00e1s frecuencia de lo normal al caminar. Si una persona est\u00e1 bajo la influencia del alcohol mientras est\u00e1 detr\u00e1s del volante, puede que le resulte dif\u00edcil ver con claridad o ser consciente de su entorno. Esto podr\u00eda desencadenar un accidente automovil\u00edstico. Cualquier escenario puede resultar en una lesi\u00f3n de la m\u00e9dula espinal.<\/li>\n<li><strong>Enfermedades.<\/strong> Las personas que han sido diagnosticadas con ciertos tipos de condiciones de salud, como osteoporosis, c\u00e1ncer o inflamaci\u00f3n en la columna, son m\u00e1s propensas a sufrir una lesi\u00f3n en la m\u00e9dula espinal. Cada una de estas condiciones tiene la capacidad de debilitar los huesos y\/o los m\u00fasculos, lo que podr\u00eda hacer que sea m\u00e1s probable que una persona sufra una fractura \u00f3sea.<\/li>\n<\/ul>\n<h2><strong>Lesiones de la m\u00e9dula espinal incompletas vs Completas<\/strong><\/h2>\n<p>Una lesi\u00f3n de la m\u00e9dula espinal cambia la vida. Quienes sufren una lesi\u00f3n de la m\u00e9dula espinal pueden tener s\u00edntomas que pueden dificultar la realizaci\u00f3n de las actividades b\u00e1sicas del d\u00eda a d\u00eda. Cada v\u00edctima de lesi\u00f3n de la m\u00e9dula espinal experimentar\u00e1 diferentes s\u00edntomas seg\u00fan el segmento vertebral da\u00f1ado. Las dos categor\u00edas m\u00e1s grandes de lesi\u00f3n de la m\u00e9dula espinal son la lesi\u00f3n de la m\u00e9dula espinal incompleta y la lesi\u00f3n de la m\u00e9dula espinal completa.<\/p>\n<p>La lesi\u00f3n incompleta de la m\u00e9dula espinal ocurre cuando una persona tiene una sensaci\u00f3n leve y alguna funci\u00f3n en las partes del cuerpo que se encuentran debajo de la lesi\u00f3n. Esto puede indicar que la m\u00e9dula espinal a\u00fan puede funcionar hasta cierto punto en el que puede enviar receptores al cerebro. Una condici\u00f3n como esta tambi\u00e9n se entiende como par\u00e1lisis parcial.<\/p>\n<p>La lesi\u00f3n completa de la m\u00e9dula espinal ocurre cuando una persona ya no tiene sentido del tacto y no puede funcionar las partes del cuerpo que se encuentran debajo de la lesi\u00f3n. Esto puede indicar que la m\u00e9dula espinal ya no puede funcionar a una capacidad para enviar receptores al cerebro. Una condici\u00f3n como esta tambi\u00e9n se llama par\u00e1lisis completa.<\/p>\n<p>Ya sea que una persona sufra una lesi\u00f3n medular completa o incompleta, lo cierto es que se encontrar\u00e1 con obst\u00e1culos que le dificultar\u00e1n llevar un estilo de vida normal. Esto puede afectar la salud mental de una persona, lo que puede hacer que lamenten la p\u00e9rdida de la vida que ten\u00edan antes de la lesi\u00f3n de la m\u00e9dula espinal.<\/p>\n<p>Se alienta a las v\u00edctimas de lesiones de la m\u00e9dula espinal a que no solo busquen la ayuda de un terapeuta f\u00edsico u ocupacional, sino tambi\u00e9n de un terapeuta psicol\u00f3gico. Esto puede ayudar mentalmente a las v\u00edctimas de lesiones de la m\u00e9dula espinal que tienen dificultades para sobrellevar su lesi\u00f3n que les cambia la vida.<\/p>\n<h2><strong>C\u00f3mo la compensaci\u00f3n por una lesi\u00f3n de la m\u00e9dula espinal puede respaldar las necesidades m\u00e9dicas de por vida de una v\u00edctima<\/strong><\/h2>\n<p>Si una persona sufre una lesi\u00f3n en la m\u00e9dula espinal como resultado de un accidente, tiene derecho a una compensaci\u00f3n por sus p\u00e9rdidas, que incluye da\u00f1os econ\u00f3micos y no econ\u00f3micos.<\/p>\n<p><strong>Los da\u00f1os econ\u00f3micos\u00a0<\/strong>se refieren a los costos que se pueden calcular f\u00e1cilmente en funci\u00f3n de los gastos financieros tangibles pasados y futuros y las p\u00e9rdidas relacionadas con la lesi\u00f3n de la m\u00e9dula espinal, como:<\/p>\n<ul>\n<li><strong>Facturas m\u00e9dicas.<\/strong> Esto puede ser costoso ya que los tratamientos para lesiones de la m\u00e9dula espinal pueden requerir controles de por vida con m\u00e9dicos y terapeutas.<\/li>\n<li><strong>Salarios perdidos.<\/strong> Este es el ingreso que la v\u00edctima habr\u00eda obtenido si no hubiera sufrido una lesi\u00f3n en la m\u00e9dula espinal.<\/li>\n<li><strong>Servicios dom\u00e9sticos.\u00a0<\/strong>Esto incluye un cuidador residente. Un cuidador interno preparar\u00e1 comidas, limpiar\u00e1 la casa, comprar\u00e1 comestibles, le recordar\u00e1 que tome sus medicamentos u ofrecer\u00e1 transporte para citas m\u00e9dicas u otros eventos.<\/li>\n<\/ul>\n<p><strong>Los da\u00f1os no econ\u00f3micos<\/strong> se refieren a los costos que se calculan sobre las p\u00e9rdidas invaluables que enfrenta una v\u00edctima de una lesi\u00f3n de la m\u00e9dula espinal al lesionarse. Esto puede incluir compensaci\u00f3n por:<\/p>\n<ul>\n<li><strong>Dolor y sufrimiento.<\/strong> El dolor que proviene de una lesi\u00f3n de la m\u00e9dula espinal puede afectar negativamente la calidad de vida de la v\u00edctima.<\/li>\n<li><strong>P\u00e9rdida de compa\u00f1\u00eda o consorcio.<\/strong> Es posible que la v\u00edctima no pueda mantener una relaci\u00f3n, tener relaciones sexuales y\/o la capacidad de tener un hijo.<\/li>\n<li><strong>P\u00e9rdida del disfrute de la vida.<\/strong> La v\u00edctima no tiene intenci\u00f3n de buscar disfrute en sus vidas debido a las complicaciones de la vida que vienen con una lesi\u00f3n en la m\u00e9dula espinal.<\/li>\n<\/ul>\n<p>Estos da\u00f1os se pueden recuperar presentando un reclamo por lesiones personales contra la parte culpable. La compensaci\u00f3n ayudar\u00e1 a aliviar a la v\u00edctima de las cargas financieras causadas por la negligencia de la parte culpable.<\/p>\n<h2><strong>Los abogados litigantes de la costa oeste est\u00e1n aqu\u00ed para ayudar<\/strong><\/h2>\n<p>Si usted es v\u00edctima de una lesi\u00f3n de la m\u00e9dula espinal debido a la negligencia de otra persona, West Coast Trial Lawyers cuenta con abogados experimentados en lesiones de la m\u00e9dula espinal de Newport Beach que lo ayudar\u00e1n a obtener la justicia que se merece.<\/p>\n<p>Para programar una cita gratuita y sin compromiso en nuestro bufete de abogados de lesiones personales de Newport Beach, comun\u00edquese con nuestro equipo legal las 24 horas, los 7 d\u00edas de la semana llamando al\u00a0<strong>213-927-3700<\/strong> o enviando un correo electr\u00f3nico a\u00a0<a href=\"mailto:info@westcoasttriallawyers.com\"><strong>info@westcoasttriallawyers.com<\/strong><\/a><strong>.\u00a0<\/strong><br \/>\n<!-- WCTL_DEBUG: no shortcode in this_content --><\/p>\n","protected":false},"excerpt":{"rendered":"<p>Causas comunes de una lesi\u00f3n de la m\u00e9dula espinal y el impacto que puede tener la compensaci\u00f3n en el camino hacia la recuperaci\u00f3n Un accidente automovil\u00edstico es la causa m\u00e1s com\u00fan de lesi\u00f3n de la m\u00e9dula espinal en los Estados Unidos. Este tipo de accidente puede provocar un contacto forzado directamente en la espalda, lo [&hellip;]<\/p>\n","protected":false},"author":475,"featured_media":47166,"parent":47410,"menu_order":0,"comment_status":"closed","ping_status":"closed","template":"","meta":{"inline_featured_image":false,"footnotes":""},"class_list":["post-13197","page","type-page","status-publish","has-post-thumbnail","hentry"],"acf":[],"yoast_head":"<!-- This site is optimized with the Yoast SEO Premium plugin v26.0 (Yoast SEO v26.0) - https:\/\/yoast.com\/wordpress\/plugins\/seo\/ -->\n<title>Abogado de lesiones de la m\u00e9dula espinal en Newport Beach | West Coast Trial Lawyers<\/title>\n<meta name=\"robots\" content=\"index, follow, max-snippet:-1, max-image-preview:large, max-video-preview:-1\" \/>\n<link rel=\"canonical\" href=\"https:\/\/westcoasttriallawyers.com\/es\/california\/newport-beach\/abogados-accidentes-medula-espinal-newport-beach\" \/>\n<meta property=\"og:locale\" content=\"es_ES\" \/>\n<meta property=\"og:type\" content=\"article\" \/>\n<meta property=\"og:title\" content=\"Abogado de lesiones de la m\u00e9dula espinal en Newport Beach\" \/>\n<meta property=\"og:description\" content=\"Causas comunes de una lesi\u00f3n de la m\u00e9dula espinal y el impacto que puede tener la compensaci\u00f3n en el camino hacia la recuperaci\u00f3n Un accidente automovil\u00edstico es la causa m\u00e1s com\u00fan de lesi\u00f3n de la m\u00e9dula espinal en los Estados Unidos. Este tipo de accidente puede provocar un contacto forzado directamente en la espalda, lo [&hellip;]\" \/>\n<meta property=\"og:url\" content=\"https:\/\/westcoasttriallawyers.com\/es\/california\/newport-beach\/abogados-accidentes-medula-espinal-newport-beach\" \/>\n<meta property=\"og:site_name\" content=\"West Coast Trial Lawyers\" \/>\n<meta property=\"article:publisher\" content=\"https:\/\/www.facebook.com\/westcoasttriallawyers\/\" \/>\n<meta property=\"article:modified_time\" content=\"2026-01-21T23:02:33+00:00\" \/>\n<meta property=\"og:image\" content=\"https:\/\/westcoasttriallawyers.com\/wp-content\/uploads\/2025\/07\/Newport-Beach-23.webp\" \/>\n\t<meta property=\"og:image:width\" content=\"557\" \/>\n\t<meta property=\"og:image:height\" content=\"328\" \/>\n\t<meta property=\"og:image:type\" content=\"image\/webp\" \/>\n<meta name=\"twitter:card\" content=\"summary_large_image\" \/>\n<meta name=\"twitter:site\" content=\"@WestCoastTrial\" \/>\n<meta name=\"twitter:label1\" content=\"Tiempo de lectura\" \/>\n\t<meta name=\"twitter:data1\" content=\"7 minutos\" \/>\n<script type=\"application\/ld+json\" class=\"yoast-schema-graph\">{\"@context\":\"https:\/\/schema.org\",\"@graph\":[{\"@type\":[\"WebPage\",\"ItemPage\"],\"@id\":\"https:\/\/westcoasttriallawyers.com\/es\/california\/newport-beach\/abogados-accidentes-medula-espinal-newport-beach\",\"url\":\"https:\/\/westcoasttriallawyers.com\/es\/california\/newport-beach\/abogados-accidentes-medula-espinal-newport-beach\",\"name\":\"Abogado de lesiones de la m\u00e9dula espinal en Newport Beach | West Coast Trial Lawyers\",\"isPartOf\":{\"@id\":\"https:\/\/westcoasttriallawyers.com\/es#website\"},\"primaryImageOfPage\":{\"@id\":\"https:\/\/westcoasttriallawyers.com\/es\/california\/newport-beach\/abogados-accidentes-medula-espinal-newport-beach#primaryimage\"},\"image\":{\"@id\":\"https:\/\/westcoasttriallawyers.com\/es\/california\/newport-beach\/abogados-accidentes-medula-espinal-newport-beach#primaryimage\"},\"thumbnailUrl\":\"https:\/\/westcoasttriallawyers.com\/wp-content\/uploads\/2025\/07\/Newport-Beach-23.webp\",\"datePublished\":\"2026-01-14T18:34:17+00:00\",\"dateModified\":\"2026-01-21T23:02:33+00:00\",\"breadcrumb\":{\"@id\":\"https:\/\/westcoasttriallawyers.com\/es\/california\/newport-beach\/abogados-accidentes-medula-espinal-newport-beach#breadcrumb\"},\"inLanguage\":\"es\",\"potentialAction\":[{\"@type\":\"ReadAction\",\"target\":[\"https:\/\/westcoasttriallawyers.com\/es\/california\/newport-beach\/abogados-accidentes-medula-espinal-newport-beach\"]}]},{\"@type\":\"ImageObject\",\"inLanguage\":\"es\",\"@id\":\"https:\/\/westcoasttriallawyers.com\/es\/california\/newport-beach\/abogados-accidentes-medula-espinal-newport-beach#primaryimage\",\"url\":\"https:\/\/westcoasttriallawyers.com\/wp-content\/uploads\/2025\/07\/Newport-Beach-23.webp\",\"contentUrl\":\"https:\/\/westcoasttriallawyers.com\/wp-content\/uploads\/2025\/07\/Newport-Beach-23.webp\",\"width\":557,\"height\":328},{\"@type\":\"BreadcrumbList\",\"@id\":\"https:\/\/westcoasttriallawyers.com\/es\/california\/newport-beach\/abogados-accidentes-medula-espinal-newport-beach#breadcrumb\",\"itemListElement\":[{\"@type\":\"ListItem\",\"position\":1,\"name\":\"Inicio\",\"item\":\"https:\/\/westcoasttriallawyers.com\/es\"},{\"@type\":\"ListItem\",\"position\":2,\"name\":\"California\",\"item\":\"https:\/\/westcoasttriallawyers.com\/es\/california\"},{\"@type\":\"ListItem\",\"position\":3,\"name\":\"Newport Beach\",\"item\":\"https:\/\/westcoasttriallawyers.com\/es\/california\/newport-beach\"},{\"@type\":\"ListItem\",\"position\":4,\"name\":\"Abogado de lesiones de la m\u00e9dula espinal en Newport Beach\"}]},{\"@type\":\"WebSite\",\"@id\":\"https:\/\/westcoasttriallawyers.com\/es#website\",\"url\":\"https:\/\/westcoasttriallawyers.com\/es\",\"name\":\"West Coast Trial Lawyers\",\"description\":\"West Coast Trial Lawyers\",\"publisher\":{\"@id\":\"https:\/\/westcoasttriallawyers.com\/es#organization\"},\"alternateName\":\"WCTL\",\"potentialAction\":[{\"@type\":\"SearchAction\",\"target\":{\"@type\":\"EntryPoint\",\"urlTemplate\":\"https:\/\/westcoasttriallawyers.com\/es?s={search_term_string}\"},\"query-input\":{\"@type\":\"PropertyValueSpecification\",\"valueRequired\":true,\"valueName\":\"search_term_string\"}}],\"inLanguage\":\"es\"},{\"@type\":\"Organization\",\"@id\":\"https:\/\/westcoasttriallawyers.com\/es#organization\",\"name\":\"West Coast Trial Lawyers\",\"alternateName\":\"WCTL\",\"url\":\"https:\/\/westcoasttriallawyers.com\/es\",\"logo\":{\"@type\":\"ImageObject\",\"inLanguage\":\"es\",\"@id\":\"https:\/\/westcoasttriallawyers.com\/es#\/schema\/logo\/image\/\",\"url\":\"https:\/\/westcoasttriallawyers.com\/wp-content\/uploads\/2026\/02\/WCTL-Logo.jpg\",\"contentUrl\":\"https:\/\/westcoasttriallawyers.com\/wp-content\/uploads\/2026\/02\/WCTL-Logo.jpg\",\"width\":696,\"height\":696,\"caption\":\"West Coast Trial Lawyers\"},\"image\":{\"@id\":\"https:\/\/westcoasttriallawyers.com\/es#\/schema\/logo\/image\/\"},\"sameAs\":[\"https:\/\/www.facebook.com\/westcoasttriallawyers\/\",\"https:\/\/x.com\/WestCoastTrial\",\"https:\/\/www.linkedin.com\/company\/west-coast-trial-lawyers\/\",\"https:\/\/www.instagram.com\/westcoasttriallawyers\/\",\"https:\/\/www.yelp.com\/biz\/west-coast-trial-lawyers-los-angeles-2\",\"https:\/\/www.pinterest.com\/westcoasttrial\/\",\"https:\/\/www.youtube.com\/westcoasttriallawyersla\/\",\"https:\/\/www.tiktok.com\/westcoasttriallawyers\"],\"description\":\"West Coast Trial Lawyers is a top-rated personal injury law firm with a goal to provide expert legal representation to those in need. The law firm has offices across California, Nevada, Arizona, and Washington.\",\"legalName\":\"West Coast Trial Lawyers\"}]}<\/script>\n<!-- \/ Yoast SEO Premium plugin. -->","yoast_head_json":{"title":"Abogado de lesiones de la m\u00e9dula espinal en Newport Beach | West Coast Trial Lawyers","robots":{"index":"index","follow":"follow","max-snippet":"max-snippet:-1","max-image-preview":"max-image-preview:large","max-video-preview":"max-video-preview:-1"},"canonical":"https:\/\/westcoasttriallawyers.com\/es\/california\/newport-beach\/abogados-accidentes-medula-espinal-newport-beach","og_locale":"es_ES","og_type":"article","og_title":"Abogado de lesiones de la m\u00e9dula espinal en Newport Beach","og_description":"Causas comunes de una lesi\u00f3n de la m\u00e9dula espinal y el impacto que puede tener la compensaci\u00f3n en el camino hacia la recuperaci\u00f3n Un accidente automovil\u00edstico es la causa m\u00e1s com\u00fan de lesi\u00f3n de la m\u00e9dula espinal en los Estados Unidos. Este tipo de accidente puede provocar un contacto forzado directamente en la espalda, lo [&hellip;]","og_url":"https:\/\/westcoasttriallawyers.com\/es\/california\/newport-beach\/abogados-accidentes-medula-espinal-newport-beach","og_site_name":"West Coast Trial Lawyers","article_publisher":"https:\/\/www.facebook.com\/westcoasttriallawyers\/","article_modified_time":"2026-01-21T23:02:33+00:00","og_image":[{"width":557,"height":328,"url":"https:\/\/westcoasttriallawyers.com\/wp-content\/uploads\/2025\/07\/Newport-Beach-23.webp","type":"image\/webp"}],"twitter_card":"summary_large_image","twitter_site":"@WestCoastTrial","twitter_misc":{"Tiempo de lectura":"7 minutos"},"schema":{"@context":"https:\/\/schema.org","@graph":[{"@type":["WebPage","ItemPage"],"@id":"https:\/\/westcoasttriallawyers.com\/es\/california\/newport-beach\/abogados-accidentes-medula-espinal-newport-beach","url":"https:\/\/westcoasttriallawyers.com\/es\/california\/newport-beach\/abogados-accidentes-medula-espinal-newport-beach","name":"Abogado de lesiones de la m\u00e9dula espinal en Newport Beach | West Coast Trial Lawyers","isPartOf":{"@id":"https:\/\/westcoasttriallawyers.com\/es#website"},"primaryImageOfPage":{"@id":"https:\/\/westcoasttriallawyers.com\/es\/california\/newport-beach\/abogados-accidentes-medula-espinal-newport-beach#primaryimage"},"image":{"@id":"https:\/\/westcoasttriallawyers.com\/es\/california\/newport-beach\/abogados-accidentes-medula-espinal-newport-beach#primaryimage"},"thumbnailUrl":"https:\/\/westcoasttriallawyers.com\/wp-content\/uploads\/2025\/07\/Newport-Beach-23.webp","datePublished":"2026-01-14T18:34:17+00:00","dateModified":"2026-01-21T23:02:33+00:00","breadcrumb":{"@id":"https:\/\/westcoasttriallawyers.com\/es\/california\/newport-beach\/abogados-accidentes-medula-espinal-newport-beach#breadcrumb"},"inLanguage":"es","potentialAction":[{"@type":"ReadAction","target":["https:\/\/westcoasttriallawyers.com\/es\/california\/newport-beach\/abogados-accidentes-medula-espinal-newport-beach"]}]},{"@type":"ImageObject","inLanguage":"es","@id":"https:\/\/westcoasttriallawyers.com\/es\/california\/newport-beach\/abogados-accidentes-medula-espinal-newport-beach#primaryimage","url":"https:\/\/westcoasttriallawyers.com\/wp-content\/uploads\/2025\/07\/Newport-Beach-23.webp","contentUrl":"https:\/\/westcoasttriallawyers.com\/wp-content\/uploads\/2025\/07\/Newport-Beach-23.webp","width":557,"height":328},{"@type":"BreadcrumbList","@id":"https:\/\/westcoasttriallawyers.com\/es\/california\/newport-beach\/abogados-accidentes-medula-espinal-newport-beach#breadcrumb","itemListElement":[{"@type":"ListItem","position":1,"name":"Inicio","item":"https:\/\/westcoasttriallawyers.com\/es"},{"@type":"ListItem","position":2,"name":"California","item":"https:\/\/westcoasttriallawyers.com\/es\/california"},{"@type":"ListItem","position":3,"name":"Newport Beach","item":"https:\/\/westcoasttriallawyers.com\/es\/california\/newport-beach"},{"@type":"ListItem","position":4,"name":"Abogado de lesiones de la m\u00e9dula espinal en Newport Beach"}]},{"@type":"WebSite","@id":"https:\/\/westcoasttriallawyers.com\/es#website","url":"https:\/\/westcoasttriallawyers.com\/es","name":"West Coast Trial Lawyers","description":"West Coast Trial Lawyers","publisher":{"@id":"https:\/\/westcoasttriallawyers.com\/es#organization"},"alternateName":"WCTL","potentialAction":[{"@type":"SearchAction","target":{"@type":"EntryPoint","urlTemplate":"https:\/\/westcoasttriallawyers.com\/es?s={search_term_string}"},"query-input":{"@type":"PropertyValueSpecification","valueRequired":true,"valueName":"search_term_string"}}],"inLanguage":"es"},{"@type":"Organization","@id":"https:\/\/westcoasttriallawyers.com\/es#organization","name":"West Coast Trial Lawyers","alternateName":"WCTL","url":"https:\/\/westcoasttriallawyers.com\/es","logo":{"@type":"ImageObject","inLanguage":"es","@id":"https:\/\/westcoasttriallawyers.com\/es#\/schema\/logo\/image\/","url":"https:\/\/westcoasttriallawyers.com\/wp-content\/uploads\/2026\/02\/WCTL-Logo.jpg","contentUrl":"https:\/\/westcoasttriallawyers.com\/wp-content\/uploads\/2026\/02\/WCTL-Logo.jpg","width":696,"height":696,"caption":"West Coast Trial Lawyers"},"image":{"@id":"https:\/\/westcoasttriallawyers.com\/es#\/schema\/logo\/image\/"},"sameAs":["https:\/\/www.facebook.com\/westcoasttriallawyers\/","https:\/\/x.com\/WestCoastTrial","https:\/\/www.linkedin.com\/company\/west-coast-trial-lawyers\/","https:\/\/www.instagram.com\/westcoasttriallawyers\/","https:\/\/www.yelp.com\/biz\/west-coast-trial-lawyers-los-angeles-2","https:\/\/www.pinterest.com\/westcoasttrial\/","https:\/\/www.youtube.com\/westcoasttriallawyersla\/","https:\/\/www.tiktok.com\/westcoasttriallawyers"],"description":"West Coast Trial Lawyers is a top-rated personal injury law firm with a goal to provide expert legal representation to those in need. The law firm has offices across California, Nevada, Arizona, and Washington.","legalName":"West Coast Trial Lawyers"}]}},"_links":{"self":[{"href":"https:\/\/westcoasttriallawyers.com\/es\/wp-json\/wp\/v2\/pages\/13197","targetHints":{"allow":["GET"]}}],"collection":[{"href":"https:\/\/westcoasttriallawyers.com\/es\/wp-json\/wp\/v2\/pages"}],"about":[{"href":"https:\/\/westcoasttriallawyers.com\/es\/wp-json\/wp\/v2\/types\/page"}],"author":[{"embeddable":true,"href":"https:\/\/westcoasttriallawyers.com\/es\/wp-json\/wp\/v2\/users\/475"}],"replies":[{"embeddable":true,"href":"https:\/\/westcoasttriallawyers.com\/es\/wp-json\/wp\/v2\/comments?post=13197"}],"version-history":[{"count":3,"href":"https:\/\/westcoasttriallawyers.com\/es\/wp-json\/wp\/v2\/pages\/13197\/revisions"}],"predecessor-version":[{"id":47783,"href":"https:\/\/westcoasttriallawyers.com\/es\/wp-json\/wp\/v2\/pages\/13197\/revisions\/47783"}],"up":[{"embeddable":true,"href":"https:\/\/westcoasttriallawyers.com\/es\/wp-json\/wp\/v2\/pages\/47410"}],"wp:featuredmedia":[{"embeddable":true,"href":"https:\/\/westcoasttriallawyers.com\/es\/wp-json\/wp\/v2\/media\/47166"}],"wp:attachment":[{"href":"https:\/\/westcoasttriallawyers.com\/es\/wp-json\/wp\/v2\/media?parent=13197"}],"curies":[{"name":"wp","href":"https:\/\/api.w.org\/{rel}","templated":true}]}}