{"id":13195,"date":"2026-01-14T18:34:06","date_gmt":"2026-01-14T18:34:06","guid":{"rendered":"https:\/\/wctl1stg.wpengine.com\/?page_id=13195"},"modified":"2026-01-21T22:00:13","modified_gmt":"2026-01-21T22:00:13","slug":"abogados-accidentes-bicicleta-newport-beach","status":"publish","type":"page","link":"https:\/\/westcoasttriallawyers.com\/es\/california\/newport-beach\/abogados-accidentes-bicicleta-newport-beach","title":{"rendered":"Abogado de Accidentes de Bicicleta en Newport Beach"},"content":{"rendered":"<h2><strong>Informaci\u00f3n legal sobre si es seguro viajar en Newport Beach Roads y qu\u00e9 pasos debe considerar tomar despu\u00e9s de un accidente de bicicleta<\/strong><\/h2>\n<p>Los conductores deben cumplir con el deber de cuidar a los dem\u00e1s en la carretera, incluidos los ciclistas. Seg\u00fan la ley de California, un conductor debe mantener al menos tres pies de espacio cuando rebasa a un ciclista. Desafortunadamente, hay conductores negligentes que van en contra de estos requisitos, lo que a su vez ha resultado en accidentes de bicicleta.<\/p>\n<p>Newport Beach es una de las muchas ciudades de California que ha sufrido m\u00faltiples accidentes de bicicleta causados por conductores negligentes. En respuesta a estas desafortunadas circunstancias, el Departamento de Polic\u00eda de Newport Beach comenz\u00f3 a aplicar medidas de seguridad y educaci\u00f3n para bicicletas y bicicletas el\u00e9ctricas tanto para conductores como para ciclistas. El motivo de esto es ense\u00f1ar a ambas partes sobre la seguridad vial.<\/p>\n<p>Los oficiales tambi\u00e9n se comprometen a estar atentos a cualquier infracci\u00f3n que hayan cometido los conductores y ciclistas. Esto incluye el exceso de velocidad, conducir bajo la influencia, andar en bicicleta en el lado equivocado de la carretera, no prestar atenci\u00f3n a los sem\u00e1foros o se\u00f1ales, o dar vueltas incorrectamente. La ciudad espera que todos estos esfuerzos puedan ayudar a reducir la probabilidad de que ocurra un accidente de bicicleta.<\/p>\n<p>Quienes hayan sido v\u00edctimas de un accidente de bicicleta en Newport Beach pueden tener derecho a presentar una demanda por lesiones personales contra la parte culpable por sus p\u00e9rdidas. En West Coast Trial Lawyers, nuestros abogados de accidentes de bicicleta en Newport Beach est\u00e1n disponibles las 24 horas del d\u00eda, los 7 d\u00edas de la semana para ofrecer asistencia legal a las v\u00edctimas de accidentes de bicicleta. Tenemos m\u00e1s de 60 a\u00f1os de experiencia legal colectiva en el manejo de casos de lesiones personales. Con nuestro historial de ganar m\u00e1s de mil millones de d\u00f3lares en acuerdos para nuestros clientes, estamos seguros de que cumpliremos o superaremos sus expectativas y obtendremos la compensaci\u00f3n que se merece.<\/p>\n<p>Para programar una consulta gratuita y sin compromiso en nuestro bufete de abogados de lesiones personales de Newport Beach, comun\u00edquese con nuestro equipo legal llamando al\u00a0<strong>213-927-3700<\/strong> o enviando un correo electr\u00f3nico a\u00a0<a href=\"mailto:info@westcoasttriallawyers.com\"><strong>info@westcoasttriallawyers.com<\/strong><\/a><strong>.\u00a0<\/strong><\/p>\n<h2><strong>Pasos a seguir despu\u00e9s de un accidente de bicicleta<\/strong><\/h2>\n<p>Los accidentes de bicicleta pueden afectar significativamente la vida de una persona tanto mental como f\u00edsicamente. Si es v\u00edctima de un accidente de bicicleta, es posible que tenga derecho a presentar una demanda por lesiones personales contra la parte culpable; sin embargo, deber\u00e1 obtener evidencia de negligencia involucrada. Tambi\u00e9n deber\u00e1 mostrar pruebas adicionales de cualquier lesi\u00f3n o da\u00f1o que haya sufrido a causa del accidente. Para crear un reclamo convincente, deber\u00e1 tomar estos pasos en consideraci\u00f3n:<\/p>\n<ol>\n<li><strong>Permanecer en el lugar del accidente.<\/strong> Deber\u00e1 ayudar o cooperar con las otras partes involucradas.<\/li>\n<li><strong>Llame a la polic\u00eda si nota lesiones o da\u00f1os.<\/strong> La polic\u00eda llegar\u00e1 al lugar del accidente y realizar\u00e1 un informe policial oficial. Los param\u00e9dicos tambi\u00e9n estar\u00e1n presentes para brindar atenci\u00f3n m\u00e9dica inmediata a quienes la necesiten.<\/li>\n<li><strong>Re\u00fana informaci\u00f3n de todas las partes involucradas en el accidente.<\/strong> Deber\u00e1 obtener la informaci\u00f3n de contacto de la otra parte, la informaci\u00f3n del seguro, los n\u00fameros de placa y los detalles de la licencia de conducir.<\/li>\n<li><strong>Documente el accidente en un diario o diario.<\/strong> No olvide incluir la fecha y hora en que ocurri\u00f3 el accidente.<\/li>\n<li><strong>Tome fotograf\u00edas y\/o secuencias de video del accidente.<\/strong> Esto incluye sus lesiones, da\u00f1os y la ubicaci\u00f3n donde ocurri\u00f3 el accidente.<\/li>\n<li><strong>Adquirir informaci\u00f3n de testigos.<\/strong> Si observa alg\u00fan testigo cerca, debe pedir su consentimiento para obtener su informaci\u00f3n de contacto.<\/li>\n<li><strong>Visite a un m\u00e9dico o a la sala de emergencias.\u00a0<\/strong>Si ha sufrido lesiones de moderadas a graves, ser\u00eda ideal visitar la sala de emergencias para recibir atenci\u00f3n m\u00e9dica inmediata. Sin embargo, si sus lesiones son leves y cree que no necesita ning\u00fan tratamiento m\u00e9dico para recuperarse, a\u00fan debe hacer una cita para visitar a un m\u00e9dico para que examine su herida. El m\u00e9dico determinar\u00e1 si se debe hacer un diagn\u00f3stico. Cualquiera de estas visitas se guardar\u00e1 en el archivo y se puede usar como evidencia de que, de hecho, result\u00f3 lesionado por el accidente de bicicleta.<\/li>\n<li><strong>Ten cuidado con lo que dices.<\/strong> Es posible que se sienta inundado de emociones despu\u00e9s del accidente de bicicleta, sin embargo, deber\u00e1 guardarse sus opiniones. Adem\u00e1s, nunca debe disculparse ni sugerir qui\u00e9n puede tener la culpa de causar el accidente de bicicleta. Estas declaraciones pueden ser utilizadas en su contra por la otra parte.<\/li>\n<li><strong>P\u00f3ngase en contacto con un abogado de lesiones personales.<\/strong> Uno de los mayores errores que cometer\u00e1 una v\u00edctima de un accidente de bicicleta es manejar el caso por su cuenta. Los accidentes de bicicleta a menudo involucran causalidad compleja y da\u00f1os que son mejor manejados por un abogado con experiencia en accidentes de bicicleta. Es importante hablar con un abogado de accidentes de bicicleta antes de comunicarse con su aseguradora o proporcionar declaraciones a la compa\u00f1\u00eda de seguros de la otra parte. Su abogado lo ayudar\u00e1 a tomar las medidas adecuadas para aumentar sus posibilidades de obtener la m\u00e1xima compensaci\u00f3n por sus p\u00e9rdidas.<\/li>\n<\/ol>\n<h2><strong>\u00bfEs seguro andar en bicicleta en Newport Beach?<\/strong><\/h2>\n<p>No necesariamente. Seg\u00fan los datos m\u00e1s recientes disponibles sobre accidentes de bicicleta en Newport Beach, la ciudad ocupa el tercer lugar, en comparaci\u00f3n con otras 103 ciudades de California, por tener la mayor cantidad de colisiones de tr\u00e1nsito que involucran a ciclistas.<\/p>\n<p>Andar en bicicleta se considera m\u00e1s peligroso en comparaci\u00f3n con conducir un autom\u00f3vil. Aunque los viajes en bicicleta contribuyen al 1 por ciento de los viajes en los Estados Unidos, los ciclistas a\u00fan corren un alto riesgo de verse involucrados en accidentes fatales con veh\u00edculos motorizados. Desafortunadamente, tienes el doble de probabilidades de morir mientras andas en bicicleta que cuando conduces un autom\u00f3vil. Todo esto se debe a la falta de protecci\u00f3n y al impacto excesivo causado por una m\u00e1quina grande, tambi\u00e9n conocida como autom\u00f3vil o cami\u00f3n.<\/p>\n<p>La contaminaci\u00f3n tambi\u00e9n es otro factor que puede afectar la salud de un ciclista. Seg\u00fan un estudio de 2015 al que hace referencia el Washington Post, los ciclistas inhalan casi 3 veces m\u00e1s contaminaci\u00f3n del aire que los conductores.<\/p>\n<p>Habiendo dicho todo eso, conducir un autom\u00f3vil no es intr\u00ednsecamente m\u00e1s seguro que andar en bicicleta, dado que tanto los conductores como los ciclistas corren su propio conjunto de peligros. Sin embargo, los ciclistas son m\u00e1s vulnerables a las lesiones y la muerte en caso de un accidente sobre los conductores.<\/p>\n<p>Adem\u00e1s, el n\u00famero de muertes y lesiones por ciclistas en realidad no cuenta toda la historia, ni da cuenta de todas las personas que viajan en bicicleta. La verdad es que si elimina los autom\u00f3viles de la ecuaci\u00f3n, andar en bicicleta es completamente seguro. Entonces, aunque los ciclistas pueden tomar medidas de precauci\u00f3n, como usar un casco ajustado, usar ropa reflectante o de ne\u00f3n, o instalar luces en sus bicicletas, la mejor apuesta es que un conductor conduzca con seguridad alrededor de ellos. Las precauciones que toma un ciclista son secundarias a esto, ya que no son las que controlan un veh\u00edculo.<\/p>\n<h2><strong>Da\u00f1os Disponibles por Accidentes de Bicicleta<\/strong><\/h2>\n<p>Los da\u00f1os son un tipo de compensaci\u00f3n monetaria determinada por un tribunal de justicia para ayudar a compensar a una persona agraviada por cualquier p\u00e9rdida o lesi\u00f3n sufrida como resultado de la negligencia de alguien.<\/p>\n<p><strong>Los da\u00f1os econ\u00f3micos<\/strong> est\u00e1n destinados a compensar al demandante por las p\u00e9rdidas a las que se puede adjuntar f\u00e1cilmente una cantidad en d\u00f3lares. Se calcula determinando la cantidad de p\u00e9rdidas de bolsillo que una persona agraviada tiene o esperar\u00e1 incurrir como resultado de sus lesiones. Algunos ejemplos de p\u00e9rdidas econ\u00f3micas incluyen la p\u00e9rdida de la capacidad de generar ingresos, las facturas m\u00e9dicas y la p\u00e9rdida de salarios.<\/p>\n<p><strong>Los da\u00f1os no econ\u00f3micos<\/strong> est\u00e1n destinados esencialmente a cubrir p\u00e9rdidas que se consideran subjetivas y no necesariamente cubrir\u00e1n p\u00e9rdidas de bolsillo. Esto puede incluir compensaci\u00f3n por angustia emocional, dolor y sufrimiento, y p\u00e9rdida del disfrute de la vida.<\/p>\n<p>El tercer tipo de da\u00f1os que puede otorgar un tribunal de California se conoce como\u00a0<strong>da\u00f1os punitivos<\/strong>. Los da\u00f1os punitivos tienen la intenci\u00f3n de ser un castigo y solo se otorgan cuando el comportamiento del acusado es especialmente da\u00f1ino. Es relativamente raro y, de hecho, solo se incorpora en el 5 por ciento de todos los veredictos.<\/p>\n<h2><strong>Los abogados litigantes de la costa oeste est\u00e1n aqu\u00ed para ayudar<\/strong><\/h2>\n<p>Si ha sufrido lesiones en un accidente de bicicleta como resultado de la negligencia de alguien o actos deliberados de malicia, tiene derecho a responsabilizar a la parte culpable por sus p\u00e9rdidas. Un abogado de accidentes de bicicleta de Newport Beach en West Coast Trial Lawyers lo ayudar\u00e1 a recuperar una compensaci\u00f3n por las p\u00e9rdidas que ha sufrido, incluidas las facturas m\u00e9dicas, da\u00f1os a la propiedad, salarios perdidos y dolor y sufrimiento.<\/p>\n<p>Comun\u00edquese con nosotros hoy llamando al\u00a0<strong>213-927-3700<\/strong> o enviando un correo electr\u00f3nico a\u00a0<a href=\"mailto:info@westcoasttriallawyers.com\"><strong>info@westcoasttriallawyers.com<\/strong><\/a> para programar una consulta gratuita con nuestro equipo legal experimentado, atento y compasivo.<br \/>\n<!-- WCTL_DEBUG: no shortcode in this_content --><\/p>\n","protected":false},"excerpt":{"rendered":"<p>Informaci\u00f3n legal sobre si es seguro viajar en Newport Beach Roads y qu\u00e9 pasos debe considerar tomar despu\u00e9s de un accidente de bicicleta Los conductores deben cumplir con el deber de cuidar a los dem\u00e1s en la carretera, incluidos los ciclistas. Seg\u00fan la ley de California, un conductor debe mantener al menos tres pies de [&hellip;]<\/p>\n","protected":false},"author":475,"featured_media":47111,"parent":47410,"menu_order":0,"comment_status":"closed","ping_status":"closed","template":"","meta":{"inline_featured_image":false,"footnotes":""},"class_list":["post-13195","page","type-page","status-publish","has-post-thumbnail","hentry"],"acf":[],"yoast_head":"<!-- This site is optimized with the Yoast SEO Premium plugin v26.0 (Yoast SEO v26.0) - https:\/\/yoast.com\/wordpress\/plugins\/seo\/ -->\n<title>Abogado de Accidentes de Bicicleta en Newport Beach | West Coast Trial Lawyers<\/title>\n<meta name=\"robots\" content=\"index, follow, max-snippet:-1, max-image-preview:large, max-video-preview:-1\" \/>\n<link rel=\"canonical\" href=\"https:\/\/westcoasttriallawyers.com\/es\/california\/newport-beach\/abogados-accidentes-bicicleta-newport-beach\" \/>\n<meta property=\"og:locale\" content=\"es_ES\" \/>\n<meta property=\"og:type\" content=\"article\" \/>\n<meta property=\"og:title\" content=\"Abogado de Accidentes de Bicicleta en Newport Beach\" \/>\n<meta property=\"og:description\" content=\"Informaci\u00f3n legal sobre si es seguro viajar en Newport Beach Roads y qu\u00e9 pasos debe considerar tomar despu\u00e9s de un accidente de bicicleta Los conductores deben cumplir con el deber de cuidar a los dem\u00e1s en la carretera, incluidos los ciclistas. Seg\u00fan la ley de California, un conductor debe mantener al menos tres pies de [&hellip;]\" \/>\n<meta property=\"og:url\" content=\"https:\/\/westcoasttriallawyers.com\/es\/california\/newport-beach\/abogados-accidentes-bicicleta-newport-beach\" \/>\n<meta property=\"og:site_name\" content=\"West Coast Trial Lawyers\" \/>\n<meta property=\"article:publisher\" content=\"https:\/\/www.facebook.com\/westcoasttriallawyers\/\" \/>\n<meta property=\"article:modified_time\" content=\"2026-01-21T22:00:13+00:00\" \/>\n<meta property=\"og:image\" content=\"https:\/\/westcoasttriallawyers.com\/wp-content\/uploads\/2025\/07\/Newport-Beach-1.webp\" \/>\n\t<meta property=\"og:image:width\" content=\"557\" \/>\n\t<meta property=\"og:image:height\" content=\"328\" \/>\n\t<meta property=\"og:image:type\" content=\"image\/webp\" \/>\n<meta name=\"twitter:card\" content=\"summary_large_image\" \/>\n<meta name=\"twitter:site\" content=\"@WestCoastTrial\" \/>\n<meta name=\"twitter:label1\" content=\"Tiempo de lectura\" \/>\n\t<meta name=\"twitter:data1\" content=\"7 minutos\" \/>\n<script type=\"application\/ld+json\" class=\"yoast-schema-graph\">{\"@context\":\"https:\/\/schema.org\",\"@graph\":[{\"@type\":[\"WebPage\",\"ItemPage\"],\"@id\":\"https:\/\/westcoasttriallawyers.com\/es\/california\/newport-beach\/abogados-accidentes-bicicleta-newport-beach\",\"url\":\"https:\/\/westcoasttriallawyers.com\/es\/california\/newport-beach\/abogados-accidentes-bicicleta-newport-beach\",\"name\":\"Abogado de Accidentes de Bicicleta en Newport Beach | West Coast Trial Lawyers\",\"isPartOf\":{\"@id\":\"https:\/\/westcoasttriallawyers.com\/es#website\"},\"primaryImageOfPage\":{\"@id\":\"https:\/\/westcoasttriallawyers.com\/es\/california\/newport-beach\/abogados-accidentes-bicicleta-newport-beach#primaryimage\"},\"image\":{\"@id\":\"https:\/\/westcoasttriallawyers.com\/es\/california\/newport-beach\/abogados-accidentes-bicicleta-newport-beach#primaryimage\"},\"thumbnailUrl\":\"https:\/\/westcoasttriallawyers.com\/wp-content\/uploads\/2025\/07\/Newport-Beach-1.webp\",\"datePublished\":\"2026-01-14T18:34:06+00:00\",\"dateModified\":\"2026-01-21T22:00:13+00:00\",\"breadcrumb\":{\"@id\":\"https:\/\/westcoasttriallawyers.com\/es\/california\/newport-beach\/abogados-accidentes-bicicleta-newport-beach#breadcrumb\"},\"inLanguage\":\"es\",\"potentialAction\":[{\"@type\":\"ReadAction\",\"target\":[\"https:\/\/westcoasttriallawyers.com\/es\/california\/newport-beach\/abogados-accidentes-bicicleta-newport-beach\"]}]},{\"@type\":\"ImageObject\",\"inLanguage\":\"es\",\"@id\":\"https:\/\/westcoasttriallawyers.com\/es\/california\/newport-beach\/abogados-accidentes-bicicleta-newport-beach#primaryimage\",\"url\":\"https:\/\/westcoasttriallawyers.com\/wp-content\/uploads\/2025\/07\/Newport-Beach-1.webp\",\"contentUrl\":\"https:\/\/westcoasttriallawyers.com\/wp-content\/uploads\/2025\/07\/Newport-Beach-1.webp\",\"width\":557,\"height\":328},{\"@type\":\"BreadcrumbList\",\"@id\":\"https:\/\/westcoasttriallawyers.com\/es\/california\/newport-beach\/abogados-accidentes-bicicleta-newport-beach#breadcrumb\",\"itemListElement\":[{\"@type\":\"ListItem\",\"position\":1,\"name\":\"Inicio\",\"item\":\"https:\/\/westcoasttriallawyers.com\/es\"},{\"@type\":\"ListItem\",\"position\":2,\"name\":\"California\",\"item\":\"https:\/\/westcoasttriallawyers.com\/es\/california\"},{\"@type\":\"ListItem\",\"position\":3,\"name\":\"Newport Beach\",\"item\":\"https:\/\/westcoasttriallawyers.com\/es\/california\/newport-beach\"},{\"@type\":\"ListItem\",\"position\":4,\"name\":\"Abogado de Accidentes de Bicicleta en Newport Beach\"}]},{\"@type\":\"WebSite\",\"@id\":\"https:\/\/westcoasttriallawyers.com\/es#website\",\"url\":\"https:\/\/westcoasttriallawyers.com\/es\",\"name\":\"West Coast Trial Lawyers\",\"description\":\"West Coast Trial Lawyers\",\"publisher\":{\"@id\":\"https:\/\/westcoasttriallawyers.com\/es#organization\"},\"alternateName\":\"WCTL\",\"potentialAction\":[{\"@type\":\"SearchAction\",\"target\":{\"@type\":\"EntryPoint\",\"urlTemplate\":\"https:\/\/westcoasttriallawyers.com\/es?s={search_term_string}\"},\"query-input\":{\"@type\":\"PropertyValueSpecification\",\"valueRequired\":true,\"valueName\":\"search_term_string\"}}],\"inLanguage\":\"es\"},{\"@type\":\"Organization\",\"@id\":\"https:\/\/westcoasttriallawyers.com\/es#organization\",\"name\":\"West Coast Trial Lawyers\",\"alternateName\":\"WCTL\",\"url\":\"https:\/\/westcoasttriallawyers.com\/es\",\"logo\":{\"@type\":\"ImageObject\",\"inLanguage\":\"es\",\"@id\":\"https:\/\/westcoasttriallawyers.com\/es#\/schema\/logo\/image\/\",\"url\":\"https:\/\/westcoasttriallawyers.com\/wp-content\/uploads\/2026\/02\/WCTL-Logo.jpg\",\"contentUrl\":\"https:\/\/westcoasttriallawyers.com\/wp-content\/uploads\/2026\/02\/WCTL-Logo.jpg\",\"width\":696,\"height\":696,\"caption\":\"West Coast Trial Lawyers\"},\"image\":{\"@id\":\"https:\/\/westcoasttriallawyers.com\/es#\/schema\/logo\/image\/\"},\"sameAs\":[\"https:\/\/www.facebook.com\/westcoasttriallawyers\/\",\"https:\/\/x.com\/WestCoastTrial\",\"https:\/\/www.linkedin.com\/company\/west-coast-trial-lawyers\/\",\"https:\/\/www.instagram.com\/westcoasttriallawyers\/\",\"https:\/\/www.yelp.com\/biz\/west-coast-trial-lawyers-los-angeles-2\",\"https:\/\/www.pinterest.com\/westcoasttrial\/\",\"https:\/\/www.youtube.com\/westcoasttriallawyersla\/\",\"https:\/\/www.tiktok.com\/westcoasttriallawyers\"],\"description\":\"West Coast Trial Lawyers is a top-rated personal injury law firm with a goal to provide expert legal representation to those in need. The law firm has offices across California, Nevada, Arizona, and Washington.\",\"legalName\":\"West Coast Trial Lawyers\"}]}<\/script>\n<!-- \/ Yoast SEO Premium plugin. -->","yoast_head_json":{"title":"Abogado de Accidentes de Bicicleta en Newport Beach | West Coast Trial Lawyers","robots":{"index":"index","follow":"follow","max-snippet":"max-snippet:-1","max-image-preview":"max-image-preview:large","max-video-preview":"max-video-preview:-1"},"canonical":"https:\/\/westcoasttriallawyers.com\/es\/california\/newport-beach\/abogados-accidentes-bicicleta-newport-beach","og_locale":"es_ES","og_type":"article","og_title":"Abogado de Accidentes de Bicicleta en Newport Beach","og_description":"Informaci\u00f3n legal sobre si es seguro viajar en Newport Beach Roads y qu\u00e9 pasos debe considerar tomar despu\u00e9s de un accidente de bicicleta Los conductores deben cumplir con el deber de cuidar a los dem\u00e1s en la carretera, incluidos los ciclistas. Seg\u00fan la ley de California, un conductor debe mantener al menos tres pies de [&hellip;]","og_url":"https:\/\/westcoasttriallawyers.com\/es\/california\/newport-beach\/abogados-accidentes-bicicleta-newport-beach","og_site_name":"West Coast Trial Lawyers","article_publisher":"https:\/\/www.facebook.com\/westcoasttriallawyers\/","article_modified_time":"2026-01-21T22:00:13+00:00","og_image":[{"width":557,"height":328,"url":"https:\/\/westcoasttriallawyers.com\/wp-content\/uploads\/2025\/07\/Newport-Beach-1.webp","type":"image\/webp"}],"twitter_card":"summary_large_image","twitter_site":"@WestCoastTrial","twitter_misc":{"Tiempo de lectura":"7 minutos"},"schema":{"@context":"https:\/\/schema.org","@graph":[{"@type":["WebPage","ItemPage"],"@id":"https:\/\/westcoasttriallawyers.com\/es\/california\/newport-beach\/abogados-accidentes-bicicleta-newport-beach","url":"https:\/\/westcoasttriallawyers.com\/es\/california\/newport-beach\/abogados-accidentes-bicicleta-newport-beach","name":"Abogado de Accidentes de Bicicleta en Newport Beach | West Coast Trial Lawyers","isPartOf":{"@id":"https:\/\/westcoasttriallawyers.com\/es#website"},"primaryImageOfPage":{"@id":"https:\/\/westcoasttriallawyers.com\/es\/california\/newport-beach\/abogados-accidentes-bicicleta-newport-beach#primaryimage"},"image":{"@id":"https:\/\/westcoasttriallawyers.com\/es\/california\/newport-beach\/abogados-accidentes-bicicleta-newport-beach#primaryimage"},"thumbnailUrl":"https:\/\/westcoasttriallawyers.com\/wp-content\/uploads\/2025\/07\/Newport-Beach-1.webp","datePublished":"2026-01-14T18:34:06+00:00","dateModified":"2026-01-21T22:00:13+00:00","breadcrumb":{"@id":"https:\/\/westcoasttriallawyers.com\/es\/california\/newport-beach\/abogados-accidentes-bicicleta-newport-beach#breadcrumb"},"inLanguage":"es","potentialAction":[{"@type":"ReadAction","target":["https:\/\/westcoasttriallawyers.com\/es\/california\/newport-beach\/abogados-accidentes-bicicleta-newport-beach"]}]},{"@type":"ImageObject","inLanguage":"es","@id":"https:\/\/westcoasttriallawyers.com\/es\/california\/newport-beach\/abogados-accidentes-bicicleta-newport-beach#primaryimage","url":"https:\/\/westcoasttriallawyers.com\/wp-content\/uploads\/2025\/07\/Newport-Beach-1.webp","contentUrl":"https:\/\/westcoasttriallawyers.com\/wp-content\/uploads\/2025\/07\/Newport-Beach-1.webp","width":557,"height":328},{"@type":"BreadcrumbList","@id":"https:\/\/westcoasttriallawyers.com\/es\/california\/newport-beach\/abogados-accidentes-bicicleta-newport-beach#breadcrumb","itemListElement":[{"@type":"ListItem","position":1,"name":"Inicio","item":"https:\/\/westcoasttriallawyers.com\/es"},{"@type":"ListItem","position":2,"name":"California","item":"https:\/\/westcoasttriallawyers.com\/es\/california"},{"@type":"ListItem","position":3,"name":"Newport Beach","item":"https:\/\/westcoasttriallawyers.com\/es\/california\/newport-beach"},{"@type":"ListItem","position":4,"name":"Abogado de Accidentes de Bicicleta en Newport Beach"}]},{"@type":"WebSite","@id":"https:\/\/westcoasttriallawyers.com\/es#website","url":"https:\/\/westcoasttriallawyers.com\/es","name":"West Coast Trial Lawyers","description":"West Coast Trial Lawyers","publisher":{"@id":"https:\/\/westcoasttriallawyers.com\/es#organization"},"alternateName":"WCTL","potentialAction":[{"@type":"SearchAction","target":{"@type":"EntryPoint","urlTemplate":"https:\/\/westcoasttriallawyers.com\/es?s={search_term_string}"},"query-input":{"@type":"PropertyValueSpecification","valueRequired":true,"valueName":"search_term_string"}}],"inLanguage":"es"},{"@type":"Organization","@id":"https:\/\/westcoasttriallawyers.com\/es#organization","name":"West Coast Trial Lawyers","alternateName":"WCTL","url":"https:\/\/westcoasttriallawyers.com\/es","logo":{"@type":"ImageObject","inLanguage":"es","@id":"https:\/\/westcoasttriallawyers.com\/es#\/schema\/logo\/image\/","url":"https:\/\/westcoasttriallawyers.com\/wp-content\/uploads\/2026\/02\/WCTL-Logo.jpg","contentUrl":"https:\/\/westcoasttriallawyers.com\/wp-content\/uploads\/2026\/02\/WCTL-Logo.jpg","width":696,"height":696,"caption":"West Coast Trial Lawyers"},"image":{"@id":"https:\/\/westcoasttriallawyers.com\/es#\/schema\/logo\/image\/"},"sameAs":["https:\/\/www.facebook.com\/westcoasttriallawyers\/","https:\/\/x.com\/WestCoastTrial","https:\/\/www.linkedin.com\/company\/west-coast-trial-lawyers\/","https:\/\/www.instagram.com\/westcoasttriallawyers\/","https:\/\/www.yelp.com\/biz\/west-coast-trial-lawyers-los-angeles-2","https:\/\/www.pinterest.com\/westcoasttrial\/","https:\/\/www.youtube.com\/westcoasttriallawyersla\/","https:\/\/www.tiktok.com\/westcoasttriallawyers"],"description":"West Coast Trial Lawyers is a top-rated personal injury law firm with a goal to provide expert legal representation to those in need. The law firm has offices across California, Nevada, Arizona, and Washington.","legalName":"West Coast Trial Lawyers"}]}},"_links":{"self":[{"href":"https:\/\/westcoasttriallawyers.com\/es\/wp-json\/wp\/v2\/pages\/13195","targetHints":{"allow":["GET"]}}],"collection":[{"href":"https:\/\/westcoasttriallawyers.com\/es\/wp-json\/wp\/v2\/pages"}],"about":[{"href":"https:\/\/westcoasttriallawyers.com\/es\/wp-json\/wp\/v2\/types\/page"}],"author":[{"embeddable":true,"href":"https:\/\/westcoasttriallawyers.com\/es\/wp-json\/wp\/v2\/users\/475"}],"replies":[{"embeddable":true,"href":"https:\/\/westcoasttriallawyers.com\/es\/wp-json\/wp\/v2\/comments?post=13195"}],"version-history":[{"count":3,"href":"https:\/\/westcoasttriallawyers.com\/es\/wp-json\/wp\/v2\/pages\/13195\/revisions"}],"predecessor-version":[{"id":47765,"href":"https:\/\/westcoasttriallawyers.com\/es\/wp-json\/wp\/v2\/pages\/13195\/revisions\/47765"}],"up":[{"embeddable":true,"href":"https:\/\/westcoasttriallawyers.com\/es\/wp-json\/wp\/v2\/pages\/47410"}],"wp:featuredmedia":[{"embeddable":true,"href":"https:\/\/westcoasttriallawyers.com\/es\/wp-json\/wp\/v2\/media\/47111"}],"wp:attachment":[{"href":"https:\/\/westcoasttriallawyers.com\/es\/wp-json\/wp\/v2\/media?parent=13195"}],"curies":[{"name":"wp","href":"https:\/\/api.w.org\/{rel}","templated":true}]}}