{"id":13194,"date":"2026-01-14T18:34:13","date_gmt":"2026-01-14T18:34:13","guid":{"rendered":"https:\/\/wctl1stg.wpengine.com\/?page_id=13194"},"modified":"2026-01-21T22:14:34","modified_gmt":"2026-01-21T22:14:34","slug":"abogados-accidentes-motocicleta-newport-beach","status":"publish","type":"page","link":"https:\/\/westcoasttriallawyers.com\/es\/california\/newport-beach\/abogados-accidentes-motocicleta-newport-beach","title":{"rendered":"Abogado de accidentes de motocicleta en Newport Beach"},"content":{"rendered":"<h2><strong>\u00bfCu\u00e1les son algunos tipos comunes de accidentes de motocicleta? \u00bfHay alg\u00fan consejo de seguridad que ayude a reducir las posibilidades de involucrarse en uno?<\/strong><\/h2>\n<p>Andar en motocicleta puede ser peligroso, entonces, \u00bfpor qu\u00e9 a la gente le gustan tanto? Bueno, el veh\u00edculo ofrece algunas caracter\u00edsticas que cautivan la atenci\u00f3n de muchos. Una motocicleta ofrece cantidades respetuosas con el medio ambiente, f\u00e1cil estacionamiento, eficiencia de costos y combustible, y la capacidad de viajar r\u00e1pidamente a trav\u00e9s del tr\u00e1fico. Tambi\u00e9n tiene una velocidad incorporada que a menudo se ve que muchos motociclistas aprovechan para sentir una sensaci\u00f3n de adrenalina o para salir del tr\u00e1fico lo antes posible.<\/p>\n<p>No obstante, una motocicleta todav\u00eda representa una amenaza para la seguridad de una persona. El veh\u00edculo no proporciona ning\u00fan tipo de protecci\u00f3n que ayude a evitar que el motociclista sufra lesiones graves. Seg\u00fan la Administraci\u00f3n Nacional de Seguridad del Tr\u00e1fico en las Carreteras (NHTSA), por cada milla recorrida por veh\u00edculo en 2019, los motociclistas ten\u00edan 29 veces m\u00e1s probabilidades de morir en un accidente de tr\u00e1fico que los ocupantes de veh\u00edculos de pasajeros. Tambi\u00e9n ten\u00edan 4 veces m\u00e1s probabilidades de sufrir una lesi\u00f3n.<\/p>\n<p>Aparte de la falta de protecci\u00f3n, la velocidad de una motocicleta tambi\u00e9n ha sido un problema com\u00fan que ha afectado la seguridad de sus conductores. La mayor\u00eda de los accidentes de motocicleta en Newport Beach han sido causados por motociclistas a exceso de velocidad. A medida que los motociclistas contin\u00faan excediendo los l\u00edmites de velocidad en las carreteras y autopistas, se ponen a s\u00ed mismos, junto con otros, en peligro de verse involucrados en un accidente de motocicleta.<\/p>\n<p>Quienes hayan tenido un accidente de motocicleta debido a la negligencia de otra parte pueden tener derecho a presentar una demanda por lesiones personales. En West Coast Trial Lawyers, nuestros abogados con experiencia en accidentes de motocicleta en Newport Beach est\u00e1n disponibles las 24 horas del d\u00eda, los 7 d\u00edas de la semana para ofrecer asistencia legal. Con nuestro historial de recuperaci\u00f3n de m\u00e1s de $1 mil millones en acuerdos para nuestros clientes, estamos seguros de que obtendremos un buen resultado para su caso.<\/p>\n<p>Para programar una consulta gratuita y sin compromiso en nuestro bufete de abogados de lesiones personales de Newport Beach, comun\u00edquese con nosotros llamando al\u00a0<strong>213-927-3700<\/strong> o enviando un correo electr\u00f3nico a\u00a0<a href=\"mailto:info@westcoasttriallawyers.com\"><strong>info@westcoasttriallawyers.com<\/strong><\/a><strong>.\u00a0<\/strong><\/p>\n<h2><strong>Tipos comunes de accidentes de motocicleta<\/strong><\/h2>\n<p>Se espera que los motociclistas sigan las reglas de tr\u00e1nsito para garantizar que las carreteras de Newport Beach sigan siendo seguras para los automovilistas, ciclistas y peatones. Sin embargo, se han encontrado motociclistas realizando acciones o han estado involucrados en otros escenarios que los han llevado a tener un accidente de motocicleta. Esto incluye lo siguiente:<\/p>\n<ul>\n<li>La mayor\u00eda de los motociclistas se encuentran a menudo a\u00a0<strong>exceso de velocidad.<\/strong> Esto puede ser muy peligroso ya que puede dificultar que un motociclista reaccione a tiempo ante cualquier veh\u00edculo o camino que tenga delante. Por ejemplo, un motociclista est\u00e1 acelerando en la autopista y se dirige hacia una curva pronunciada. Dado que la motocicleta viaja a altas velocidades, ser\u00e1 dif\u00edcil para un motociclista hacer un giro correcto. Cuando el motociclista se acerca a una pared que divide ambos lados del tr\u00e1fico, no puede dar una vuelta completa y choca contra la pared. Las lesiones por este tipo de accidente pueden ser graves.<\/li>\n<li><strong>Las paradas abruptas<\/strong> de los veh\u00edculos de adelante tambi\u00e9n han contribuido a los accidentes de motocicleta. Como se discuti\u00f3 anteriormente, los motociclistas que aceleran no tendr\u00e1n tiempo suficiente para reaccionar ante los obst\u00e1culos que se encuentran m\u00e1s adelante. Si se ve que un veh\u00edculo se detiene o gira bruscamente, es probable que un motociclista a exceso de velocidad se estrelle contra \u00e9l.<\/li>\n<li>En California, se permite la\u00a0<strong>divisi\u00f3n de carriles<\/strong>, sin embargo, un motociclista debe realizar esta acci\u00f3n con precauci\u00f3n adicional. Viajar entre dos veh\u00edculos puede ser riesgoso ya que cualquiera de los dos conductores podr\u00eda no darse cuenta de que hay un motociclista cerca. Por razones de seguridad, se espera que un conductor observe cuidadosamente su entorno antes de tomar cualquier decisi\u00f3n para asegurarse de que no ponga en peligro a otro automovilista o ciclista.<\/li>\n<li>Los conductores que hayan estacionado su veh\u00edculo en un bordillo deben revisar su entorno para asegurarse de que no haya veh\u00edculos o personas junto a ellos. De lo contrario, podr\u00edan cerrar la\u00a0<strong>puerta de su autom\u00f3vil directamente contra un automovilista<\/strong>, como un motociclista. Esto podr\u00eda causar algunas lesiones graves si la puerta del autom\u00f3vil se abriera violentamente o si el motociclista iba a alta velocidad.<\/li>\n<li>Las\u00a0<strong>motocicletas defectuosas<\/strong> pueden desencadenar un accidente de motocicleta, ya que pueden hacer que un motociclista pierda el control de su veh\u00edculo o que no respondan las piezas necesarias para evitar que el motociclista choque contra objetos, como un veh\u00edculo, un \u00e1rbol o un poste de luz.<\/li>\n<li>Las\u00a0<strong>malas condiciones de la carretera<\/strong>, como baches, pavimento agrietado o escombros, pueden afectar el control de un motociclista sobre su veh\u00edculo. Conducir sobre cualquiera de estos peligros en la carretera podr\u00eda hacer que el motociclista se caiga de su veh\u00edculo, lo que probablemente provocar\u00e1 lesiones graves.<\/li>\n<li>Es ilegal operar un veh\u00edculo\u00a0<strong>bajo la influencia de drogas o alcohol<\/strong> en California. Las bebidas y sustancias alcoh\u00f3licas tienen la capacidad de alterar su mente y afectar su visi\u00f3n. Esto puede tener un gran impacto en sus habilidades para conducir o andar en bicicleta y hacer que sea m\u00e1s probable que se vea involucrado en un accidente, ya que no est\u00e1 completamente consciente de las acciones que est\u00e1 cometiendo.<\/li>\n<li>Muchas personas quedan cautivadas por las caracter\u00edsticas que ofrece una motocicleta, como su velocidad incorporada y su apariencia general. Sin embargo, no muchas personas consideran tomar las precauciones y los pasos adecuados cuando se trata de aprender a conducir una motocicleta. Los\u00a0<strong>conductores sin experiencia<\/strong> a menudo cometer\u00e1n errores al tratar de aprender a operar el veh\u00edculo. Desafortunadamente, durante este proceso, muchos motociclistas han cometido errores que han resultado en accidentes de motocicleta.<\/li>\n<li>Se requiere que los automovilistas hagan se\u00f1ales para notificar a otros a d\u00f3nde planean ir. Si un motociclista\u00a0<strong>realiza cambios de carril incorrectos<\/strong> al cambiar de carril sin hacer ninguna se\u00f1al, o no escanea su entorno, es probable que choque contra otro veh\u00edculo. Por ejemplo, un motociclista intenta cambiar de carril para evitar permanecer en el tr\u00e1fico lento. El motociclista no hace una se\u00f1al de giro a la izquierda para notificar a los conductores que vienen detr\u00e1s de d\u00f3nde est\u00e1n tratando de ir. Cuando el motociclista cambia al carril izquierdo, se ve un veh\u00edculo de ese carril en particular conduciendo a alta velocidad y choca con el motociclista.<\/li>\n<\/ul>\n<h2><strong>Consejos de seguridad para motociclistas<\/strong><\/h2>\n<p>A continuaci\u00f3n, hemos creado algunos consejos de seguridad que creemos que reducir\u00edan la probabilidad de un accidente de motocicleta o proteger\u00edan a un motociclista de sufrir lesiones de moderadas a graves despu\u00e9s de un accidente de motociclista.<\/p>\n<ul>\n<li>Siempre debe\u00a0<strong>usar equipo de seguridad<\/strong> cuando salga a dar un paseo. Esto incluye tener puesto un casco, gafas protectoras, guantes, botas, pantalones largos y una chaqueta. Tenerlos puestos puede protegerlo de sufrir una lesi\u00f3n cerebral traum\u00e1tica (TBI), erupciones en la carretera, cortes o fracturas faciales.<\/li>\n<li>En California, se requiere que un motociclista\u00a0<strong>obtenga una licencia de motocicleta<\/strong>. Para obtener una licencia de motocicleta, deber\u00e1 estar capacitado y educado sobre qu\u00e9 es una motocicleta y c\u00f3mo funciona. Una vez que complete todos sus requisitos, obtendr\u00e1 mucho m\u00e1s conocimiento y experiencia, lo que deber\u00eda facilitarle saber c\u00f3mo operar correctamente una motocicleta.<\/li>\n<li><strong>Evite conducir una motocicleta bajo la influencia de drogas o alcohol<\/strong>. El alcohol alterar\u00e1 su sentido de la conciencia y la visi\u00f3n, lo que puede afectar en gran medida sus habilidades para montar. No solo te pondr\u00e1s en peligro, sino que tambi\u00e9n arriesgar\u00e1s la vida de los dem\u00e1s por tus decisiones ego\u00edstas.<\/li>\n<li>Siempre debes\u00a0<strong>mantener tu motocicleta en buenas condiciones<\/strong>. Antes de salir a dar una vuelta, debes inspeccionar tu moto para asegurarte de que todo parezca intacto. Una vez que haya confirmado que su veh\u00edculo es seguro de usar, puede sacarlo a dar un paseo sin tener miedo de que algo pueda salir mal.<\/li>\n<li><strong>Comparte el camino con otros<\/strong>. No intente ocupar dos carriles al mismo tiempo o cortar el paso a los veh\u00edculos en un \u00e1rea de tr\u00e1fico lento. Podr\u00eda correr el riesgo de lastimarse con un veh\u00edculo que cambia de carril o gira. Si necesita cambiar de carril, debe analizar cuidadosamente su entorno para asegurarse de que sea lo suficientemente seguro para hacerlo.<\/li>\n<li><strong>Debe estar atento a los peligros de la carretera<\/strong>. Se sabe que los baches, las aceras agrietadas y los escombros hacen que un motociclista pierda el control de su veh\u00edculo.<\/li>\n<li><strong>Conozca sus capacidades.<\/strong> Debes tener una idea de cu\u00e1les son tus l\u00edmites. No intente obligarse a hacer algo que sabe que no podr\u00e1 manejar bien.<\/li>\n<li><strong>Siga las reglas de la carretera.<\/strong> California ha establecido leyes de motocicletas por una raz\u00f3n, y es para mantenerlo a usted, junto con otras personas cercanas a usted, a salvo. Siempre aseg\u00farese de proporcionar un deber de cuidado a los dem\u00e1s.<\/li>\n<\/ul>\n<h2><strong>Los abogados litigantes de la costa oeste est\u00e1n aqu\u00ed para ayudar<\/strong><\/h2>\n<p>Si ha sufrido lesiones en un accidente de motocicleta como resultado de la negligencia de alguien o actos deliberados de malicia, tiene derecho a responsabilizar a la parte culpable por sus p\u00e9rdidas. Un abogado de accidentes de motocicleta en Newport Beach en West Coast Trial Lawyers lo ayudar\u00e1 a recuperar una compensaci\u00f3n por las p\u00e9rdidas que ha sufrido, incluidas las facturas m\u00e9dicas, los da\u00f1os a la propiedad, los salarios perdidos y el dolor y el sufrimiento.<\/p>\n<p>Comun\u00edquese con nosotros hoy llamando al\u00a0<strong>213-927-3700<\/strong> o enviando un correo electr\u00f3nico a\u00a0<a href=\"mailto:info@westcoasttriallawyers.com\"><strong>info@westcoasttriallawyers.com<\/strong><\/a> para programar una consulta gratuita con nuestro equipo legal experimentado, atento y compasivo.<br \/>\n<!-- WCTL_DEBUG: no shortcode in this_content --><\/p>\n","protected":false},"excerpt":{"rendered":"<p>\u00bfCu\u00e1les son algunos tipos comunes de accidentes de motocicleta? \u00bfHay alg\u00fan consejo de seguridad que ayude a reducir las posibilidades de involucrarse en uno? Andar en motocicleta puede ser peligroso, entonces, \u00bfpor qu\u00e9 a la gente le gustan tanto? Bueno, el veh\u00edculo ofrece algunas caracter\u00edsticas que cautivan la atenci\u00f3n de muchos. Una motocicleta ofrece cantidades [&hellip;]<\/p>\n","protected":false},"author":475,"featured_media":47146,"parent":47410,"menu_order":0,"comment_status":"closed","ping_status":"closed","template":"","meta":{"inline_featured_image":false,"footnotes":""},"class_list":["post-13194","page","type-page","status-publish","has-post-thumbnail","hentry"],"acf":[],"yoast_head":"<!-- This site is optimized with the Yoast SEO Premium plugin v26.0 (Yoast SEO v26.0) - https:\/\/yoast.com\/wordpress\/plugins\/seo\/ -->\n<title>Abogado de accidentes de motocicleta en Newport Beach | West Coast Trial Lawyers<\/title>\n<meta name=\"robots\" content=\"index, follow, max-snippet:-1, max-image-preview:large, max-video-preview:-1\" \/>\n<link rel=\"canonical\" href=\"https:\/\/westcoasttriallawyers.com\/es\/california\/newport-beach\/abogados-accidentes-motocicleta-newport-beach\" \/>\n<meta property=\"og:locale\" content=\"es_ES\" \/>\n<meta property=\"og:type\" content=\"article\" \/>\n<meta property=\"og:title\" content=\"Abogado de accidentes de motocicleta en Newport Beach\" \/>\n<meta property=\"og:description\" content=\"\u00bfCu\u00e1les son algunos tipos comunes de accidentes de motocicleta? \u00bfHay alg\u00fan consejo de seguridad que ayude a reducir las posibilidades de involucrarse en uno? Andar en motocicleta puede ser peligroso, entonces, \u00bfpor qu\u00e9 a la gente le gustan tanto? Bueno, el veh\u00edculo ofrece algunas caracter\u00edsticas que cautivan la atenci\u00f3n de muchos. Una motocicleta ofrece cantidades [&hellip;]\" \/>\n<meta property=\"og:url\" content=\"https:\/\/westcoasttriallawyers.com\/es\/california\/newport-beach\/abogados-accidentes-motocicleta-newport-beach\" \/>\n<meta property=\"og:site_name\" content=\"West Coast Trial Lawyers\" \/>\n<meta property=\"article:publisher\" content=\"https:\/\/www.facebook.com\/westcoasttriallawyers\/\" \/>\n<meta property=\"article:modified_time\" content=\"2026-01-21T22:14:34+00:00\" \/>\n<meta property=\"og:image\" content=\"https:\/\/westcoasttriallawyers.com\/wp-content\/uploads\/2025\/07\/Newport-Beach-15.webp\" \/>\n\t<meta property=\"og:image:width\" content=\"557\" \/>\n\t<meta property=\"og:image:height\" content=\"328\" \/>\n\t<meta property=\"og:image:type\" content=\"image\/webp\" \/>\n<meta name=\"twitter:card\" content=\"summary_large_image\" \/>\n<meta name=\"twitter:site\" content=\"@WestCoastTrial\" \/>\n<meta name=\"twitter:label1\" content=\"Tiempo de lectura\" \/>\n\t<meta name=\"twitter:data1\" content=\"8 minutos\" \/>\n<script type=\"application\/ld+json\" class=\"yoast-schema-graph\">{\"@context\":\"https:\/\/schema.org\",\"@graph\":[{\"@type\":[\"WebPage\",\"ItemPage\"],\"@id\":\"https:\/\/westcoasttriallawyers.com\/es\/california\/newport-beach\/abogados-accidentes-motocicleta-newport-beach\",\"url\":\"https:\/\/westcoasttriallawyers.com\/es\/california\/newport-beach\/abogados-accidentes-motocicleta-newport-beach\",\"name\":\"Abogado de accidentes de motocicleta en Newport Beach | West Coast Trial Lawyers\",\"isPartOf\":{\"@id\":\"https:\/\/westcoasttriallawyers.com\/es#website\"},\"primaryImageOfPage\":{\"@id\":\"https:\/\/westcoasttriallawyers.com\/es\/california\/newport-beach\/abogados-accidentes-motocicleta-newport-beach#primaryimage\"},\"image\":{\"@id\":\"https:\/\/westcoasttriallawyers.com\/es\/california\/newport-beach\/abogados-accidentes-motocicleta-newport-beach#primaryimage\"},\"thumbnailUrl\":\"https:\/\/westcoasttriallawyers.com\/wp-content\/uploads\/2025\/07\/Newport-Beach-15.webp\",\"datePublished\":\"2026-01-14T18:34:13+00:00\",\"dateModified\":\"2026-01-21T22:14:34+00:00\",\"breadcrumb\":{\"@id\":\"https:\/\/westcoasttriallawyers.com\/es\/california\/newport-beach\/abogados-accidentes-motocicleta-newport-beach#breadcrumb\"},\"inLanguage\":\"es\",\"potentialAction\":[{\"@type\":\"ReadAction\",\"target\":[\"https:\/\/westcoasttriallawyers.com\/es\/california\/newport-beach\/abogados-accidentes-motocicleta-newport-beach\"]}]},{\"@type\":\"ImageObject\",\"inLanguage\":\"es\",\"@id\":\"https:\/\/westcoasttriallawyers.com\/es\/california\/newport-beach\/abogados-accidentes-motocicleta-newport-beach#primaryimage\",\"url\":\"https:\/\/westcoasttriallawyers.com\/wp-content\/uploads\/2025\/07\/Newport-Beach-15.webp\",\"contentUrl\":\"https:\/\/westcoasttriallawyers.com\/wp-content\/uploads\/2025\/07\/Newport-Beach-15.webp\",\"width\":557,\"height\":328},{\"@type\":\"BreadcrumbList\",\"@id\":\"https:\/\/westcoasttriallawyers.com\/es\/california\/newport-beach\/abogados-accidentes-motocicleta-newport-beach#breadcrumb\",\"itemListElement\":[{\"@type\":\"ListItem\",\"position\":1,\"name\":\"Inicio\",\"item\":\"https:\/\/westcoasttriallawyers.com\/es\"},{\"@type\":\"ListItem\",\"position\":2,\"name\":\"California\",\"item\":\"https:\/\/westcoasttriallawyers.com\/es\/california\"},{\"@type\":\"ListItem\",\"position\":3,\"name\":\"Newport Beach\",\"item\":\"https:\/\/westcoasttriallawyers.com\/es\/california\/newport-beach\"},{\"@type\":\"ListItem\",\"position\":4,\"name\":\"Abogado de accidentes de motocicleta en Newport Beach\"}]},{\"@type\":\"WebSite\",\"@id\":\"https:\/\/westcoasttriallawyers.com\/es#website\",\"url\":\"https:\/\/westcoasttriallawyers.com\/es\",\"name\":\"West Coast Trial Lawyers\",\"description\":\"West Coast Trial Lawyers\",\"publisher\":{\"@id\":\"https:\/\/westcoasttriallawyers.com\/es#organization\"},\"alternateName\":\"WCTL\",\"potentialAction\":[{\"@type\":\"SearchAction\",\"target\":{\"@type\":\"EntryPoint\",\"urlTemplate\":\"https:\/\/westcoasttriallawyers.com\/es?s={search_term_string}\"},\"query-input\":{\"@type\":\"PropertyValueSpecification\",\"valueRequired\":true,\"valueName\":\"search_term_string\"}}],\"inLanguage\":\"es\"},{\"@type\":\"Organization\",\"@id\":\"https:\/\/westcoasttriallawyers.com\/es#organization\",\"name\":\"West Coast Trial Lawyers\",\"alternateName\":\"WCTL\",\"url\":\"https:\/\/westcoasttriallawyers.com\/es\",\"logo\":{\"@type\":\"ImageObject\",\"inLanguage\":\"es\",\"@id\":\"https:\/\/westcoasttriallawyers.com\/es#\/schema\/logo\/image\/\",\"url\":\"https:\/\/westcoasttriallawyers.com\/wp-content\/uploads\/2026\/02\/WCTL-Logo.jpg\",\"contentUrl\":\"https:\/\/westcoasttriallawyers.com\/wp-content\/uploads\/2026\/02\/WCTL-Logo.jpg\",\"width\":696,\"height\":696,\"caption\":\"West Coast Trial Lawyers\"},\"image\":{\"@id\":\"https:\/\/westcoasttriallawyers.com\/es#\/schema\/logo\/image\/\"},\"sameAs\":[\"https:\/\/www.facebook.com\/westcoasttriallawyers\/\",\"https:\/\/x.com\/WestCoastTrial\",\"https:\/\/www.linkedin.com\/company\/west-coast-trial-lawyers\/\",\"https:\/\/www.instagram.com\/westcoasttriallawyers\/\",\"https:\/\/www.yelp.com\/biz\/west-coast-trial-lawyers-los-angeles-2\",\"https:\/\/www.pinterest.com\/westcoasttrial\/\",\"https:\/\/www.youtube.com\/westcoasttriallawyersla\/\",\"https:\/\/www.tiktok.com\/westcoasttriallawyers\"],\"description\":\"West Coast Trial Lawyers is a top-rated personal injury law firm with a goal to provide expert legal representation to those in need. The law firm has offices across California, Nevada, Arizona, and Washington.\",\"legalName\":\"West Coast Trial Lawyers\"}]}<\/script>\n<!-- \/ Yoast SEO Premium plugin. -->","yoast_head_json":{"title":"Abogado de accidentes de motocicleta en Newport Beach | West Coast Trial Lawyers","robots":{"index":"index","follow":"follow","max-snippet":"max-snippet:-1","max-image-preview":"max-image-preview:large","max-video-preview":"max-video-preview:-1"},"canonical":"https:\/\/westcoasttriallawyers.com\/es\/california\/newport-beach\/abogados-accidentes-motocicleta-newport-beach","og_locale":"es_ES","og_type":"article","og_title":"Abogado de accidentes de motocicleta en Newport Beach","og_description":"\u00bfCu\u00e1les son algunos tipos comunes de accidentes de motocicleta? \u00bfHay alg\u00fan consejo de seguridad que ayude a reducir las posibilidades de involucrarse en uno? Andar en motocicleta puede ser peligroso, entonces, \u00bfpor qu\u00e9 a la gente le gustan tanto? Bueno, el veh\u00edculo ofrece algunas caracter\u00edsticas que cautivan la atenci\u00f3n de muchos. Una motocicleta ofrece cantidades [&hellip;]","og_url":"https:\/\/westcoasttriallawyers.com\/es\/california\/newport-beach\/abogados-accidentes-motocicleta-newport-beach","og_site_name":"West Coast Trial Lawyers","article_publisher":"https:\/\/www.facebook.com\/westcoasttriallawyers\/","article_modified_time":"2026-01-21T22:14:34+00:00","og_image":[{"width":557,"height":328,"url":"https:\/\/westcoasttriallawyers.com\/wp-content\/uploads\/2025\/07\/Newport-Beach-15.webp","type":"image\/webp"}],"twitter_card":"summary_large_image","twitter_site":"@WestCoastTrial","twitter_misc":{"Tiempo de lectura":"8 minutos"},"schema":{"@context":"https:\/\/schema.org","@graph":[{"@type":["WebPage","ItemPage"],"@id":"https:\/\/westcoasttriallawyers.com\/es\/california\/newport-beach\/abogados-accidentes-motocicleta-newport-beach","url":"https:\/\/westcoasttriallawyers.com\/es\/california\/newport-beach\/abogados-accidentes-motocicleta-newport-beach","name":"Abogado de accidentes de motocicleta en Newport Beach | West Coast Trial Lawyers","isPartOf":{"@id":"https:\/\/westcoasttriallawyers.com\/es#website"},"primaryImageOfPage":{"@id":"https:\/\/westcoasttriallawyers.com\/es\/california\/newport-beach\/abogados-accidentes-motocicleta-newport-beach#primaryimage"},"image":{"@id":"https:\/\/westcoasttriallawyers.com\/es\/california\/newport-beach\/abogados-accidentes-motocicleta-newport-beach#primaryimage"},"thumbnailUrl":"https:\/\/westcoasttriallawyers.com\/wp-content\/uploads\/2025\/07\/Newport-Beach-15.webp","datePublished":"2026-01-14T18:34:13+00:00","dateModified":"2026-01-21T22:14:34+00:00","breadcrumb":{"@id":"https:\/\/westcoasttriallawyers.com\/es\/california\/newport-beach\/abogados-accidentes-motocicleta-newport-beach#breadcrumb"},"inLanguage":"es","potentialAction":[{"@type":"ReadAction","target":["https:\/\/westcoasttriallawyers.com\/es\/california\/newport-beach\/abogados-accidentes-motocicleta-newport-beach"]}]},{"@type":"ImageObject","inLanguage":"es","@id":"https:\/\/westcoasttriallawyers.com\/es\/california\/newport-beach\/abogados-accidentes-motocicleta-newport-beach#primaryimage","url":"https:\/\/westcoasttriallawyers.com\/wp-content\/uploads\/2025\/07\/Newport-Beach-15.webp","contentUrl":"https:\/\/westcoasttriallawyers.com\/wp-content\/uploads\/2025\/07\/Newport-Beach-15.webp","width":557,"height":328},{"@type":"BreadcrumbList","@id":"https:\/\/westcoasttriallawyers.com\/es\/california\/newport-beach\/abogados-accidentes-motocicleta-newport-beach#breadcrumb","itemListElement":[{"@type":"ListItem","position":1,"name":"Inicio","item":"https:\/\/westcoasttriallawyers.com\/es"},{"@type":"ListItem","position":2,"name":"California","item":"https:\/\/westcoasttriallawyers.com\/es\/california"},{"@type":"ListItem","position":3,"name":"Newport Beach","item":"https:\/\/westcoasttriallawyers.com\/es\/california\/newport-beach"},{"@type":"ListItem","position":4,"name":"Abogado de accidentes de motocicleta en Newport Beach"}]},{"@type":"WebSite","@id":"https:\/\/westcoasttriallawyers.com\/es#website","url":"https:\/\/westcoasttriallawyers.com\/es","name":"West Coast Trial Lawyers","description":"West Coast Trial Lawyers","publisher":{"@id":"https:\/\/westcoasttriallawyers.com\/es#organization"},"alternateName":"WCTL","potentialAction":[{"@type":"SearchAction","target":{"@type":"EntryPoint","urlTemplate":"https:\/\/westcoasttriallawyers.com\/es?s={search_term_string}"},"query-input":{"@type":"PropertyValueSpecification","valueRequired":true,"valueName":"search_term_string"}}],"inLanguage":"es"},{"@type":"Organization","@id":"https:\/\/westcoasttriallawyers.com\/es#organization","name":"West Coast Trial Lawyers","alternateName":"WCTL","url":"https:\/\/westcoasttriallawyers.com\/es","logo":{"@type":"ImageObject","inLanguage":"es","@id":"https:\/\/westcoasttriallawyers.com\/es#\/schema\/logo\/image\/","url":"https:\/\/westcoasttriallawyers.com\/wp-content\/uploads\/2026\/02\/WCTL-Logo.jpg","contentUrl":"https:\/\/westcoasttriallawyers.com\/wp-content\/uploads\/2026\/02\/WCTL-Logo.jpg","width":696,"height":696,"caption":"West Coast Trial Lawyers"},"image":{"@id":"https:\/\/westcoasttriallawyers.com\/es#\/schema\/logo\/image\/"},"sameAs":["https:\/\/www.facebook.com\/westcoasttriallawyers\/","https:\/\/x.com\/WestCoastTrial","https:\/\/www.linkedin.com\/company\/west-coast-trial-lawyers\/","https:\/\/www.instagram.com\/westcoasttriallawyers\/","https:\/\/www.yelp.com\/biz\/west-coast-trial-lawyers-los-angeles-2","https:\/\/www.pinterest.com\/westcoasttrial\/","https:\/\/www.youtube.com\/westcoasttriallawyersla\/","https:\/\/www.tiktok.com\/westcoasttriallawyers"],"description":"West Coast Trial Lawyers is a top-rated personal injury law firm with a goal to provide expert legal representation to those in need. The law firm has offices across California, Nevada, Arizona, and Washington.","legalName":"West Coast Trial Lawyers"}]}},"_links":{"self":[{"href":"https:\/\/westcoasttriallawyers.com\/es\/wp-json\/wp\/v2\/pages\/13194","targetHints":{"allow":["GET"]}}],"collection":[{"href":"https:\/\/westcoasttriallawyers.com\/es\/wp-json\/wp\/v2\/pages"}],"about":[{"href":"https:\/\/westcoasttriallawyers.com\/es\/wp-json\/wp\/v2\/types\/page"}],"author":[{"embeddable":true,"href":"https:\/\/westcoasttriallawyers.com\/es\/wp-json\/wp\/v2\/users\/475"}],"replies":[{"embeddable":true,"href":"https:\/\/westcoasttriallawyers.com\/es\/wp-json\/wp\/v2\/comments?post=13194"}],"version-history":[{"count":3,"href":"https:\/\/westcoasttriallawyers.com\/es\/wp-json\/wp\/v2\/pages\/13194\/revisions"}],"predecessor-version":[{"id":47774,"href":"https:\/\/westcoasttriallawyers.com\/es\/wp-json\/wp\/v2\/pages\/13194\/revisions\/47774"}],"up":[{"embeddable":true,"href":"https:\/\/westcoasttriallawyers.com\/es\/wp-json\/wp\/v2\/pages\/47410"}],"wp:featuredmedia":[{"embeddable":true,"href":"https:\/\/westcoasttriallawyers.com\/es\/wp-json\/wp\/v2\/media\/47146"}],"wp:attachment":[{"href":"https:\/\/westcoasttriallawyers.com\/es\/wp-json\/wp\/v2\/media?parent=13194"}],"curies":[{"name":"wp","href":"https:\/\/api.w.org\/{rel}","templated":true}]}}