{"id":13192,"date":"2026-01-14T18:34:10","date_gmt":"2026-01-14T18:34:10","guid":{"rendered":"https:\/\/wctl1stg.wpengine.com\/?page_id=13192"},"modified":"2026-01-21T18:32:15","modified_gmt":"2026-01-21T18:32:15","slug":"abogados-accidentes-carro-newport-beach","status":"publish","type":"page","link":"https:\/\/westcoasttriallawyers.com\/es\/california\/newport-beach\/abogados-accidentes-carro-newport-beach","title":{"rendered":"Abogado de accidentes automovil\u00edsticos en Newport Beach"},"content":{"rendered":"<h2><strong>Obtenga informaci\u00f3n legal de nuestros abogados experimentados en accidentes automovil\u00edsticos de Newport Beach sobre c\u00f3mo manejar un reclamo por accidente automovil\u00edstico<\/strong><\/h2>\n<p>Los accidentes automovil\u00edsticos pueden ocurrir cuando menos lo espera. Puede ser un conductor seguro y cauteloso que sigue las reglas de la carretera, sin embargo, a\u00fan puede tener un accidente automovil\u00edstico debido a acciones negligentes cometidas por otro conductor. Los factores comunes que han contribuido a la causa de la conducci\u00f3n imprudente incluyen el exceso de velocidad, conducir bajo la influencia, enviar mensajes de texto y conducir, y desobedecer los sem\u00e1foros o las se\u00f1ales.<\/p>\n<p>Las v\u00edctimas de un accidente automovil\u00edstico tienen derecho a presentar una demanda por lesiones personales contra el conductor culpable por lesiones y da\u00f1os. En West Coast Trial Lawyers, nuestros abogados de accidentes automovil\u00edsticos de Newport Beach est\u00e1n disponibles las 24 horas del d\u00eda, los 7 d\u00edas de la semana para ofrecer asistencia legal. Con nuestro historial de ganar m\u00e1s de $1 mil millones en acuerdos para nuestros clientes, estamos seguros de que obtendremos un buen resultado para su caso.<\/p>\n<p>No dude en comunicarse con nosotros llamando al\u00a0<strong>213-927-3700<\/strong> o enviando un correo electr\u00f3nico a\u00a0<a href=\"mailto:info@westcoasttriallawyers.com\"><strong>info@westcoasttriallawyers.com<\/strong><\/a> para programar una consulta gratuita y sin compromiso en nuestro bufete de abogados de lesiones personales de Newport Beach.<\/p>\n<h2><strong>Determinaci\u00f3n de responsabilidad en un accidente automovil\u00edstico<\/strong><\/h2>\n<p>Determinar la responsabilidad en un accidente automovil\u00edstico puede ser dif\u00edcil en California, especialmente si hubo m\u00e1s de una parte involucrada. En general, cualquier parte que contribuy\u00f3 a cualquier cantidad de negligencia directamente al accidente puede ser responsable de las lesiones, as\u00ed como de los da\u00f1os y perjuicios.<\/p>\n<p>El comportamiento negligente es inaceptable. Todo conductor tiene el deber de cuidado mientras est\u00e1 detr\u00e1s del volante. Esto significa que todos los conductores son legalmente responsables de tener un cuidado razonable mientras conducen un veh\u00edculo. Deben tener en cuenta a los peatones, ciclistas y otros automovilistas.<\/p>\n<p>Si otro conductor lo lesion\u00f3, se espera que presente pruebas de que la negligencia del conductor fue la causa de sus lesiones. El est\u00e1ndar legal por negligencia en el estado de California considerar\u00e1 los siguientes tres elementos:<\/p>\n<ul>\n<li>El demandado le deb\u00eda al demandante un deber de cuidado,<\/li>\n<li>El demandado incumpli\u00f3 su deber de cuidado por negligencia, y<\/li>\n<li>La negligencia del acusado fue la causa principal de las lesiones sufridas.<\/li>\n<\/ul>\n<h2><strong>Recopilaci\u00f3n de evidencia para su reclamo<\/strong><\/h2>\n<p>Antes de presentar un reclamo, deber\u00e1 incluir documentaci\u00f3n importante que respalde su reclamo. Cuanta m\u00e1s evidencia convincente tenga, m\u00e1s fuerte ser\u00e1 su caso. A continuaci\u00f3n, hemos creado una lista de documentos o im\u00e1genes esenciales que se necesitar\u00e1n para ayudarlo a aumentar sus posibilidades de obtener una compensaci\u00f3n justa.<\/p>\n<ul>\n<li>Obtener la informaci\u00f3n de la otra parte. Deber\u00e1 pedirle a la otra parte los detalles de su licencia de conducir, n\u00fameros de placa, informaci\u00f3n de contacto e informaci\u00f3n del seguro.<\/li>\n<li>Realizaci\u00f3n de fotograf\u00edas y\/o tomas de video. Despu\u00e9s del accidente, si es posible, intente tomar fotograf\u00edas o videos de sus lesiones, da\u00f1os y el lugar donde ocurri\u00f3 el accidente.<\/li>\n<li>Obtenci\u00f3n de informaci\u00f3n de testigos. Si hay un testigo cerca, debe pedir su consentimiento para adquirir su informaci\u00f3n de contacto. Recuerde, los testimonios de los testigos pueden respaldar en gran medida su reclamo.<\/li>\n<li>Solicitar una copia del atestado policial oficial. Si un oficial de polic\u00eda estuvo presente, debe solicitar una copia del informe policial oficial. Este documento tambi\u00e9n ayudar\u00e1 a respaldar su reclamo.<\/li>\n<li>Solicitud de registros m\u00e9dicos. Es importante que las v\u00edctimas de accidentes visiten a un m\u00e9dico u hospital para que revisen el \u00e1rea lesionada. Cualquier visita que est\u00e9 relacionada con el accidente se guardar\u00e1 en un archivo y se puede usar como evidencia de que, de hecho, result\u00f3 lesionado.<\/li>\n<li>Grabando su perspectiva. Anote su perspectiva del accidente en un diario o diario. No olvides incluir la fecha y hora en que se realiz\u00f3 el evento.<\/li>\n<\/ul>\n<h2><strong>\u00bfPor qu\u00e9 debo contratar a un abogado de accidentes automovil\u00edsticos?<\/strong><\/h2>\n<p>Aceptar un reclamo por accidente automovil\u00edstico puede ser bastante complejo, especialmente si es la primera vez que trata con las compa\u00f1\u00edas de seguros y el sistema legal. Su abogado de accidentes automovil\u00edsticos estar\u00e1 de su lado para ayudarlo a responder sus preguntas y guiarlo a trav\u00e9s del proceso de presentaci\u00f3n de un reclamo por lesiones personales. Tambi\u00e9n describir\u00e1n sus opciones y le brindar\u00e1n informaci\u00f3n que lo ayudar\u00e1 a tomar buenas decisiones.<\/p>\n<p>Si planea tratar con las compa\u00f1\u00edas de seguros por su cuenta, podr\u00eda ser desafiante y arriesgado. Un abogado con experiencia en accidentes automovil\u00edsticos estar\u00e1 m\u00e1s familiarizado con la forma en que opera una compa\u00f1\u00eda de seguros y negociar\u00e1 con ellos para asegurarse de que obtenga un monto de liquidaci\u00f3n justo que lo ayudar\u00e1 a cubrir sus da\u00f1os econ\u00f3micos y no econ\u00f3micos. Su abogado tambi\u00e9n se asegurar\u00e1 de que no haga ni diga nada a las compa\u00f1\u00edas de seguros u otras partes involucradas en el caso que pueda da\u00f1ar su reclamo.<\/p>\n<p>Si bien la mayor\u00eda de los reclamos por accidentes automovil\u00edsticos se pueden negociar con \u00e9xito fuera de los tribunales, hay momentos en los que un litigio puede ser lo mejor para usted. En estas situaciones, su abogado presentar\u00e1 un caso s\u00f3lido y persuasivo al juez o jurado para ayudarlo a obtener la compensaci\u00f3n que merece por sus da\u00f1os y lesiones.<\/p>\n<h2><strong>Da\u00f1os disponibles por un accidente automovil\u00edstico<\/strong><\/h2>\n<p>Si usted es v\u00edctima de la conducci\u00f3n negligente de otro conductor, o tuvo un accidente automovil\u00edstico que no fue su culpa, puede tener derecho a presentar un reclamo por lesiones personales. Si tiene \u00e9xito, se le puede otorgar una compensaci\u00f3n recuperable, incluidos da\u00f1os econ\u00f3micos y no econ\u00f3micos.<\/p>\n<p><strong>Los da\u00f1os econ\u00f3micos<\/strong> est\u00e1n destinados a compensar al demandante por las p\u00e9rdidas a las que se puede adjuntar f\u00e1cilmente una cantidad en d\u00f3lares. Se calcula determinando la cantidad de p\u00e9rdidas de bolsillo que una persona agraviada tiene o esperar\u00e1 incurrir como resultado de sus lesiones. Algunos ejemplos de p\u00e9rdidas econ\u00f3micas incluyen la p\u00e9rdida de la capacidad de generar ingresos, las facturas m\u00e9dicas y la p\u00e9rdida de salarios.<\/p>\n<p><strong>Los da\u00f1os no econ\u00f3micos<\/strong> est\u00e1n destinados esencialmente a cubrir p\u00e9rdidas que se consideran subjetivas y no necesariamente cubrir\u00e1n p\u00e9rdidas de bolsillo. Esto puede incluir compensaci\u00f3n por angustia emocional, dolor y sufrimiento, y p\u00e9rdida del disfrute de la vida.<\/p>\n<p>El tercer tipo de da\u00f1os que puede otorgar un tribunal de California se conoce como da\u00f1os punitivos. Los da\u00f1os punitivos se otorgan adem\u00e1s de los da\u00f1os compensatorios. Est\u00e1 dise\u00f1ado para castigar y disuadir las malas acciones maliciosas e imprudentes. Puede tener derecho a da\u00f1os punitivos contra alguien que intencionalmente lo lastim\u00f3 o actu\u00f3 con negligencia grave, como conducir ebrio, una colisi\u00f3n intencional o un golpe y fuga.<\/p>\n<h2><strong>Los abogados litigantes de la costa oeste est\u00e1n aqu\u00ed para ayudar<\/strong><\/h2>\n<p>Si ha sufrido lesiones en un accidente automovil\u00edstico como resultado de la negligencia de alguien o actos deliberados de malicia, tiene derecho a responsabilizar a la parte culpable por sus p\u00e9rdidas. Un abogado de accidentes automovil\u00edsticos de Newport Beach en West Coast Trial Lawyers lo ayudar\u00e1 a recuperar una compensaci\u00f3n por las p\u00e9rdidas que ha sufrido, incluidas las facturas m\u00e9dicas, da\u00f1os a la propiedad, salarios perdidos y dolor y sufrimiento.<\/p>\n<p>Comun\u00edquese con nosotros hoy llamando al\u00a0<strong>213-927-3700<\/strong> o enviando un correo electr\u00f3nico a\u00a0<a href=\"mailto:info@westcoasttriallawyers.com\"><strong>info@westcoasttriallawyers.com<\/strong><\/a> para programar una consulta gratuita con nuestro equipo legal experimentado, atento y compasivo.<br \/>\n<!-- WCTL_DEBUG: no shortcode in this_content --><\/p>\n","protected":false},"excerpt":{"rendered":"<p>Obtenga informaci\u00f3n legal de nuestros abogados experimentados en accidentes automovil\u00edsticos de Newport Beach sobre c\u00f3mo manejar un reclamo por accidente automovil\u00edstico Los accidentes automovil\u00edsticos pueden ocurrir cuando menos lo espera. Puede ser un conductor seguro y cauteloso que sigue las reglas de la carretera, sin embargo, a\u00fan puede tener un accidente automovil\u00edstico debido a acciones [&hellip;]<\/p>\n","protected":false},"author":475,"featured_media":47131,"parent":47410,"menu_order":0,"comment_status":"closed","ping_status":"closed","template":"","meta":{"inline_featured_image":false,"footnotes":""},"class_list":["post-13192","page","type-page","status-publish","has-post-thumbnail","hentry"],"acf":[],"yoast_head":"<!-- This site is optimized with the Yoast SEO Premium plugin v26.0 (Yoast SEO v26.0) - https:\/\/yoast.com\/wordpress\/plugins\/seo\/ -->\n<title>Abogado de accidentes automovil\u00edsticos en Newport Beach | West Coast Trial Lawyers<\/title>\n<meta name=\"robots\" content=\"index, follow, max-snippet:-1, max-image-preview:large, max-video-preview:-1\" \/>\n<link rel=\"canonical\" href=\"https:\/\/westcoasttriallawyers.com\/es\/california\/newport-beach\/abogados-accidentes-carro-newport-beach\" \/>\n<meta property=\"og:locale\" content=\"es_ES\" \/>\n<meta property=\"og:type\" content=\"article\" \/>\n<meta property=\"og:title\" content=\"Abogado de accidentes automovil\u00edsticos en Newport Beach\" \/>\n<meta property=\"og:description\" content=\"Obtenga informaci\u00f3n legal de nuestros abogados experimentados en accidentes automovil\u00edsticos de Newport Beach sobre c\u00f3mo manejar un reclamo por accidente automovil\u00edstico Los accidentes automovil\u00edsticos pueden ocurrir cuando menos lo espera. Puede ser un conductor seguro y cauteloso que sigue las reglas de la carretera, sin embargo, a\u00fan puede tener un accidente automovil\u00edstico debido a acciones [&hellip;]\" \/>\n<meta property=\"og:url\" content=\"https:\/\/westcoasttriallawyers.com\/es\/california\/newport-beach\/abogados-accidentes-carro-newport-beach\" \/>\n<meta property=\"og:site_name\" content=\"West Coast Trial Lawyers\" \/>\n<meta property=\"article:publisher\" content=\"https:\/\/www.facebook.com\/westcoasttriallawyers\/\" \/>\n<meta property=\"article:modified_time\" content=\"2026-01-21T18:32:15+00:00\" \/>\n<meta property=\"og:image\" content=\"https:\/\/westcoasttriallawyers.com\/wp-content\/uploads\/2025\/07\/Newport-Beach-9.webp\" \/>\n\t<meta property=\"og:image:width\" content=\"557\" \/>\n\t<meta property=\"og:image:height\" content=\"328\" \/>\n\t<meta property=\"og:image:type\" content=\"image\/webp\" \/>\n<meta name=\"twitter:card\" content=\"summary_large_image\" \/>\n<meta name=\"twitter:site\" content=\"@WestCoastTrial\" \/>\n<meta name=\"twitter:label1\" content=\"Tiempo de lectura\" \/>\n\t<meta name=\"twitter:data1\" content=\"6 minutos\" \/>\n<script type=\"application\/ld+json\" class=\"yoast-schema-graph\">{\"@context\":\"https:\/\/schema.org\",\"@graph\":[{\"@type\":[\"WebPage\",\"ItemPage\"],\"@id\":\"https:\/\/westcoasttriallawyers.com\/es\/california\/newport-beach\/abogados-accidentes-carro-newport-beach\",\"url\":\"https:\/\/westcoasttriallawyers.com\/es\/california\/newport-beach\/abogados-accidentes-carro-newport-beach\",\"name\":\"Abogado de accidentes automovil\u00edsticos en Newport Beach | West Coast Trial Lawyers\",\"isPartOf\":{\"@id\":\"https:\/\/westcoasttriallawyers.com\/es#website\"},\"primaryImageOfPage\":{\"@id\":\"https:\/\/westcoasttriallawyers.com\/es\/california\/newport-beach\/abogados-accidentes-carro-newport-beach#primaryimage\"},\"image\":{\"@id\":\"https:\/\/westcoasttriallawyers.com\/es\/california\/newport-beach\/abogados-accidentes-carro-newport-beach#primaryimage\"},\"thumbnailUrl\":\"https:\/\/westcoasttriallawyers.com\/wp-content\/uploads\/2025\/07\/Newport-Beach-9.webp\",\"datePublished\":\"2026-01-14T18:34:10+00:00\",\"dateModified\":\"2026-01-21T18:32:15+00:00\",\"breadcrumb\":{\"@id\":\"https:\/\/westcoasttriallawyers.com\/es\/california\/newport-beach\/abogados-accidentes-carro-newport-beach#breadcrumb\"},\"inLanguage\":\"es\",\"potentialAction\":[{\"@type\":\"ReadAction\",\"target\":[\"https:\/\/westcoasttriallawyers.com\/es\/california\/newport-beach\/abogados-accidentes-carro-newport-beach\"]}]},{\"@type\":\"ImageObject\",\"inLanguage\":\"es\",\"@id\":\"https:\/\/westcoasttriallawyers.com\/es\/california\/newport-beach\/abogados-accidentes-carro-newport-beach#primaryimage\",\"url\":\"https:\/\/westcoasttriallawyers.com\/wp-content\/uploads\/2025\/07\/Newport-Beach-9.webp\",\"contentUrl\":\"https:\/\/westcoasttriallawyers.com\/wp-content\/uploads\/2025\/07\/Newport-Beach-9.webp\",\"width\":557,\"height\":328},{\"@type\":\"BreadcrumbList\",\"@id\":\"https:\/\/westcoasttriallawyers.com\/es\/california\/newport-beach\/abogados-accidentes-carro-newport-beach#breadcrumb\",\"itemListElement\":[{\"@type\":\"ListItem\",\"position\":1,\"name\":\"Inicio\",\"item\":\"https:\/\/westcoasttriallawyers.com\/es\"},{\"@type\":\"ListItem\",\"position\":2,\"name\":\"California\",\"item\":\"https:\/\/westcoasttriallawyers.com\/es\/california\"},{\"@type\":\"ListItem\",\"position\":3,\"name\":\"Newport Beach\",\"item\":\"https:\/\/westcoasttriallawyers.com\/es\/california\/newport-beach\"},{\"@type\":\"ListItem\",\"position\":4,\"name\":\"Abogado de accidentes automovil\u00edsticos en Newport Beach\"}]},{\"@type\":\"WebSite\",\"@id\":\"https:\/\/westcoasttriallawyers.com\/es#website\",\"url\":\"https:\/\/westcoasttriallawyers.com\/es\",\"name\":\"West Coast Trial Lawyers\",\"description\":\"West Coast Trial Lawyers\",\"publisher\":{\"@id\":\"https:\/\/westcoasttriallawyers.com\/es#organization\"},\"alternateName\":\"WCTL\",\"potentialAction\":[{\"@type\":\"SearchAction\",\"target\":{\"@type\":\"EntryPoint\",\"urlTemplate\":\"https:\/\/westcoasttriallawyers.com\/es?s={search_term_string}\"},\"query-input\":{\"@type\":\"PropertyValueSpecification\",\"valueRequired\":true,\"valueName\":\"search_term_string\"}}],\"inLanguage\":\"es\"},{\"@type\":\"Organization\",\"@id\":\"https:\/\/westcoasttriallawyers.com\/es#organization\",\"name\":\"West Coast Trial Lawyers\",\"alternateName\":\"WCTL\",\"url\":\"https:\/\/westcoasttriallawyers.com\/es\",\"logo\":{\"@type\":\"ImageObject\",\"inLanguage\":\"es\",\"@id\":\"https:\/\/westcoasttriallawyers.com\/es#\/schema\/logo\/image\/\",\"url\":\"https:\/\/westcoasttriallawyers.com\/wp-content\/uploads\/2026\/02\/WCTL-Logo.jpg\",\"contentUrl\":\"https:\/\/westcoasttriallawyers.com\/wp-content\/uploads\/2026\/02\/WCTL-Logo.jpg\",\"width\":696,\"height\":696,\"caption\":\"West Coast Trial Lawyers\"},\"image\":{\"@id\":\"https:\/\/westcoasttriallawyers.com\/es#\/schema\/logo\/image\/\"},\"sameAs\":[\"https:\/\/www.facebook.com\/westcoasttriallawyers\/\",\"https:\/\/x.com\/WestCoastTrial\",\"https:\/\/www.linkedin.com\/company\/west-coast-trial-lawyers\/\",\"https:\/\/www.instagram.com\/westcoasttriallawyers\/\",\"https:\/\/www.yelp.com\/biz\/west-coast-trial-lawyers-los-angeles-2\",\"https:\/\/www.pinterest.com\/westcoasttrial\/\",\"https:\/\/www.youtube.com\/westcoasttriallawyersla\/\",\"https:\/\/www.tiktok.com\/westcoasttriallawyers\"],\"description\":\"West Coast Trial Lawyers is a top-rated personal injury law firm with a goal to provide expert legal representation to those in need. The law firm has offices across California, Nevada, Arizona, and Washington.\",\"legalName\":\"West Coast Trial Lawyers\"}]}<\/script>\n<!-- \/ Yoast SEO Premium plugin. -->","yoast_head_json":{"title":"Abogado de accidentes automovil\u00edsticos en Newport Beach | West Coast Trial Lawyers","robots":{"index":"index","follow":"follow","max-snippet":"max-snippet:-1","max-image-preview":"max-image-preview:large","max-video-preview":"max-video-preview:-1"},"canonical":"https:\/\/westcoasttriallawyers.com\/es\/california\/newport-beach\/abogados-accidentes-carro-newport-beach","og_locale":"es_ES","og_type":"article","og_title":"Abogado de accidentes automovil\u00edsticos en Newport Beach","og_description":"Obtenga informaci\u00f3n legal de nuestros abogados experimentados en accidentes automovil\u00edsticos de Newport Beach sobre c\u00f3mo manejar un reclamo por accidente automovil\u00edstico Los accidentes automovil\u00edsticos pueden ocurrir cuando menos lo espera. Puede ser un conductor seguro y cauteloso que sigue las reglas de la carretera, sin embargo, a\u00fan puede tener un accidente automovil\u00edstico debido a acciones [&hellip;]","og_url":"https:\/\/westcoasttriallawyers.com\/es\/california\/newport-beach\/abogados-accidentes-carro-newport-beach","og_site_name":"West Coast Trial Lawyers","article_publisher":"https:\/\/www.facebook.com\/westcoasttriallawyers\/","article_modified_time":"2026-01-21T18:32:15+00:00","og_image":[{"width":557,"height":328,"url":"https:\/\/westcoasttriallawyers.com\/wp-content\/uploads\/2025\/07\/Newport-Beach-9.webp","type":"image\/webp"}],"twitter_card":"summary_large_image","twitter_site":"@WestCoastTrial","twitter_misc":{"Tiempo de lectura":"6 minutos"},"schema":{"@context":"https:\/\/schema.org","@graph":[{"@type":["WebPage","ItemPage"],"@id":"https:\/\/westcoasttriallawyers.com\/es\/california\/newport-beach\/abogados-accidentes-carro-newport-beach","url":"https:\/\/westcoasttriallawyers.com\/es\/california\/newport-beach\/abogados-accidentes-carro-newport-beach","name":"Abogado de accidentes automovil\u00edsticos en Newport Beach | West Coast Trial Lawyers","isPartOf":{"@id":"https:\/\/westcoasttriallawyers.com\/es#website"},"primaryImageOfPage":{"@id":"https:\/\/westcoasttriallawyers.com\/es\/california\/newport-beach\/abogados-accidentes-carro-newport-beach#primaryimage"},"image":{"@id":"https:\/\/westcoasttriallawyers.com\/es\/california\/newport-beach\/abogados-accidentes-carro-newport-beach#primaryimage"},"thumbnailUrl":"https:\/\/westcoasttriallawyers.com\/wp-content\/uploads\/2025\/07\/Newport-Beach-9.webp","datePublished":"2026-01-14T18:34:10+00:00","dateModified":"2026-01-21T18:32:15+00:00","breadcrumb":{"@id":"https:\/\/westcoasttriallawyers.com\/es\/california\/newport-beach\/abogados-accidentes-carro-newport-beach#breadcrumb"},"inLanguage":"es","potentialAction":[{"@type":"ReadAction","target":["https:\/\/westcoasttriallawyers.com\/es\/california\/newport-beach\/abogados-accidentes-carro-newport-beach"]}]},{"@type":"ImageObject","inLanguage":"es","@id":"https:\/\/westcoasttriallawyers.com\/es\/california\/newport-beach\/abogados-accidentes-carro-newport-beach#primaryimage","url":"https:\/\/westcoasttriallawyers.com\/wp-content\/uploads\/2025\/07\/Newport-Beach-9.webp","contentUrl":"https:\/\/westcoasttriallawyers.com\/wp-content\/uploads\/2025\/07\/Newport-Beach-9.webp","width":557,"height":328},{"@type":"BreadcrumbList","@id":"https:\/\/westcoasttriallawyers.com\/es\/california\/newport-beach\/abogados-accidentes-carro-newport-beach#breadcrumb","itemListElement":[{"@type":"ListItem","position":1,"name":"Inicio","item":"https:\/\/westcoasttriallawyers.com\/es"},{"@type":"ListItem","position":2,"name":"California","item":"https:\/\/westcoasttriallawyers.com\/es\/california"},{"@type":"ListItem","position":3,"name":"Newport Beach","item":"https:\/\/westcoasttriallawyers.com\/es\/california\/newport-beach"},{"@type":"ListItem","position":4,"name":"Abogado de accidentes automovil\u00edsticos en Newport Beach"}]},{"@type":"WebSite","@id":"https:\/\/westcoasttriallawyers.com\/es#website","url":"https:\/\/westcoasttriallawyers.com\/es","name":"West Coast Trial Lawyers","description":"West Coast Trial Lawyers","publisher":{"@id":"https:\/\/westcoasttriallawyers.com\/es#organization"},"alternateName":"WCTL","potentialAction":[{"@type":"SearchAction","target":{"@type":"EntryPoint","urlTemplate":"https:\/\/westcoasttriallawyers.com\/es?s={search_term_string}"},"query-input":{"@type":"PropertyValueSpecification","valueRequired":true,"valueName":"search_term_string"}}],"inLanguage":"es"},{"@type":"Organization","@id":"https:\/\/westcoasttriallawyers.com\/es#organization","name":"West Coast Trial Lawyers","alternateName":"WCTL","url":"https:\/\/westcoasttriallawyers.com\/es","logo":{"@type":"ImageObject","inLanguage":"es","@id":"https:\/\/westcoasttriallawyers.com\/es#\/schema\/logo\/image\/","url":"https:\/\/westcoasttriallawyers.com\/wp-content\/uploads\/2026\/02\/WCTL-Logo.jpg","contentUrl":"https:\/\/westcoasttriallawyers.com\/wp-content\/uploads\/2026\/02\/WCTL-Logo.jpg","width":696,"height":696,"caption":"West Coast Trial Lawyers"},"image":{"@id":"https:\/\/westcoasttriallawyers.com\/es#\/schema\/logo\/image\/"},"sameAs":["https:\/\/www.facebook.com\/westcoasttriallawyers\/","https:\/\/x.com\/WestCoastTrial","https:\/\/www.linkedin.com\/company\/west-coast-trial-lawyers\/","https:\/\/www.instagram.com\/westcoasttriallawyers\/","https:\/\/www.yelp.com\/biz\/west-coast-trial-lawyers-los-angeles-2","https:\/\/www.pinterest.com\/westcoasttrial\/","https:\/\/www.youtube.com\/westcoasttriallawyersla\/","https:\/\/www.tiktok.com\/westcoasttriallawyers"],"description":"West Coast Trial Lawyers is a top-rated personal injury law firm with a goal to provide expert legal representation to those in need. The law firm has offices across California, Nevada, Arizona, and Washington.","legalName":"West Coast Trial Lawyers"}]}},"_links":{"self":[{"href":"https:\/\/westcoasttriallawyers.com\/es\/wp-json\/wp\/v2\/pages\/13192","targetHints":{"allow":["GET"]}}],"collection":[{"href":"https:\/\/westcoasttriallawyers.com\/es\/wp-json\/wp\/v2\/pages"}],"about":[{"href":"https:\/\/westcoasttriallawyers.com\/es\/wp-json\/wp\/v2\/types\/page"}],"author":[{"embeddable":true,"href":"https:\/\/westcoasttriallawyers.com\/es\/wp-json\/wp\/v2\/users\/475"}],"replies":[{"embeddable":true,"href":"https:\/\/westcoasttriallawyers.com\/es\/wp-json\/wp\/v2\/comments?post=13192"}],"version-history":[{"count":3,"href":"https:\/\/westcoasttriallawyers.com\/es\/wp-json\/wp\/v2\/pages\/13192\/revisions"}],"predecessor-version":[{"id":47757,"href":"https:\/\/westcoasttriallawyers.com\/es\/wp-json\/wp\/v2\/pages\/13192\/revisions\/47757"}],"up":[{"embeddable":true,"href":"https:\/\/westcoasttriallawyers.com\/es\/wp-json\/wp\/v2\/pages\/47410"}],"wp:featuredmedia":[{"embeddable":true,"href":"https:\/\/westcoasttriallawyers.com\/es\/wp-json\/wp\/v2\/media\/47131"}],"wp:attachment":[{"href":"https:\/\/westcoasttriallawyers.com\/es\/wp-json\/wp\/v2\/media?parent=13192"}],"curies":[{"name":"wp","href":"https:\/\/api.w.org\/{rel}","templated":true}]}}