{"id":13191,"date":"2026-01-14T18:34:16","date_gmt":"2026-01-14T18:34:16","guid":{"rendered":"https:\/\/wctl1stg.wpengine.com\/?page_id=13191"},"modified":"2026-01-21T18:28:24","modified_gmt":"2026-01-21T18:28:24","slug":"abogados-accidents-de-scooter-newport-beach","status":"publish","type":"page","link":"https:\/\/westcoasttriallawyers.com\/es\/california\/newport-beach\/abogados-accidents-de-scooter-newport-beach","title":{"rendered":"Abogado Especializado en Accidentes de Scooter en Newport Beach"},"content":{"rendered":"<h2><strong>Esto es lo que debe hacer despu\u00e9s de un accidente de scooter y los consejos de seguridad que debe considerar seguir para reducir sus posibilidades de involucrarse en tal accidente<\/strong><\/h2>\n<p>Los servicios de e-scooter compartidos, como Bird y Lime, ofrecen comodidad y asequibilidad al proporcionar un e-scooter en varios lugares de la ciudad. Muchos conf\u00edan en los e-scooters para viajar al trabajo o llegar a clase a tiempo. A pesar de que los servicios de e-scooter compartidos ofrecen beneficios al p\u00fablico, tiene muchas desventajas, lo que convenci\u00f3 a Newport Beach de retirar los e-scooters de Bird de la ciudad.<\/p>\n<p>En 2018, los residentes de Newport Beach expresaron su preocupaci\u00f3n por las personas que dejaban los patinetes el\u00e9ctricos Bird en la acera. Es mucho m\u00e1s probable que ocurran lesiones con los peatones que caminan por las aceras que est\u00e1n llenas de scooters el\u00e9ctricos dejados en el suelo. Esto puede considerarse un peligro para la seguridad, ya que los peatones pueden tropezar y caerse en cualquier momento.<\/p>\n<p>Los usuarios negligentes de e-scooters tambi\u00e9n eran otro problema importante al que se enfrentaba la ciudad. Los residentes vieron a los pasajeros de scooters el\u00e9ctricos en las aceras sin cascos. A pesar de que los cascos no son obligatorios legalmente para las personas mayores de 18 a\u00f1os, podr\u00eda ser peligroso no tener protecci\u00f3n, especialmente si se encuentra a un conductor de e-scooter conduciendo de manera imprudente.<\/p>\n<p>La ciudad hab\u00eda tenido en cuenta todas estas quejas y exigi\u00f3 que se retiraran todos los patinetes el\u00e9ctricos Bird antes de la medianoche, de lo contrario, Bird habr\u00eda enfrentado un posible proceso penal o una citaci\u00f3n administrativa. Bird respondi\u00f3 publicando una declaraci\u00f3n acordando eliminar todos los scooters el\u00e9ctricos de Newport Beach.<\/p>\n<p>A los residentes todav\u00eda se les permite tener sus propios e-scooters personales para usar, sin embargo, todos est\u00e1n obligados a seguir las reglas de tr\u00e1nsito. Aquellos que opten por ir en contra enfrentar\u00e1n repercusiones legales, especialmente si causan un accidente que lesion\u00f3 a una o m\u00e1s personas.<\/p>\n<p>Si fue v\u00edctima de un accidente de e-scooter en Newport Beach, puede tener derecho a presentar un reclamo por lesiones personales contra la parte culpable. En West Coast Trial Lawyers, nuestros abogados con experiencia en accidentes de e-scooter en Newport Beach est\u00e1n disponibles las 24 horas del d\u00eda, los 7 d\u00edas de la semana para ofrecer asistencia legal a las v\u00edctimas de accidentes de e-scooter. Hemos ganado m\u00e1s de 5000 casos de lesiones personales y hemos recuperado m\u00e1s de mil millones de d\u00f3lares en acuerdos para nuestros clientes. Debido a nuestros logros, hemos sido clasificados como uno de los mejores bufetes de abogados de lesiones personales en Newport Beach.<\/p>\n<p>Para programar una consulta gratuita y sin compromiso en nuestro bufete de abogados de lesiones personales de Newport Beach, comun\u00edquese con nuestro equipo legal llamando al\u00a0<strong>213-927-3700<\/strong> o enviando un correo electr\u00f3nico a<strong>\u00a0<\/strong><a href=\"mailto:info@westcoasttriallawyers.com\"><strong>info@westcoasttriallawyers.com<\/strong><\/a><strong>.\u00a0<\/strong><\/p>\n<h2><strong>Qu\u00e9 hacer despu\u00e9s de un accidente de scooter el\u00e9ctrico<\/strong><\/h2>\n<p>Despu\u00e9s de un accidente de e-scooter, debe verificar si alguien sufre lesiones o da\u00f1os. Si es as\u00ed, debe comunicarse inmediatamente con la polic\u00eda. La polic\u00eda y los param\u00e9dicos llegar\u00e1n al lugar del accidente y se dispersar\u00e1n para cumplir con sus respectivos roles. La polic\u00eda realizar\u00e1 un informe policial oficial, mientras que los param\u00e9dicos brindar\u00e1n atenci\u00f3n m\u00e9dica inmediata a las partes que resultaron heridas.<\/p>\n<p>Si necesita asistencia m\u00e9dica, debe pedirle a los param\u00e9dicos que traten su herida. Las lesiones de moderadas a graves pueden requerir atenci\u00f3n m\u00e9dica adicional en el hospital. Si sus lesiones son menores, puede programar una cita para que un m\u00e9dico la revise. De cualquier manera, tener registros m\u00e9dicos que demuestren que, de hecho, result\u00f3 lesionado despu\u00e9s del accidente puede ayudarlo a obtener una compensaci\u00f3n justa.<\/p>\n<p>Alentamos a las v\u00edctimas de accidentes de e-scooter a solicitar una copia del informe policial oficial. Esto puede ayudar a respaldar su reclamo por lesiones personales si elige emprender acciones legales contra la parte culpable de sus p\u00e9rdidas.<\/p>\n<p>Tambi\u00e9n debe obtener pruebas que ayuden a fortalecer su reclamo. Esto incluye tomar fotograf\u00edas y\/o secuencias de video de sus lesiones, da\u00f1os y el lugar donde ocurri\u00f3 el accidente. Adem\u00e1s, ser\u00eda ideal que anotaras tu perspectiva del accidente en un diario o diario. No olvide incluir la fecha y hora en que ocurri\u00f3 el accidente.<\/p>\n<p>Es importante tener en cuenta que debe solicitar la informaci\u00f3n de contacto de la otra parte, la informaci\u00f3n del seguro, los detalles de la licencia de conducir y el n\u00famero de placa. Necesitar\u00e1 esta informaci\u00f3n esencial para presentar un reclamo por lesiones personales.<\/p>\n<p>Si observa alg\u00fan testigo cerca, debe obtener su consentimiento para adquirir su informaci\u00f3n de contacto. El testimonio de un testigo puede respaldar en gran medida su reclamo.<\/p>\n<p>El factor m\u00e1s importante que una v\u00edctima de un accidente de e-scooter deber\u00eda considerar hacer es contratar a un abogado con experiencia en accidentes de e-scooter en Newport Beach. Manejar un reclamo por lesiones personales por su cuenta puede ser muy dif\u00edcil y abrumador. Un abogado de accidentes de e-scooter ofrecer\u00e1 asistencia legal al desarrollar su caso y negociar con las compa\u00f1\u00edas de seguros para garantizar que obtenga la compensaci\u00f3n que merece.<\/p>\n<h2><strong>Consejos de seguridad para andar en un scooter el\u00e9ctrico<\/strong><\/h2>\n<p>Puede ser peligroso andar en un scooter el\u00e9ctrico, especialmente en las concurridas calles de Newport Beach. A continuaci\u00f3n, hemos creado una lista de consejos de seguridad que creemos que ayudar\u00edan a reducir sus posibilidades de sufrir un accidente de e-scooter.<\/p>\n<ul>\n<li><strong>Ten cuidado de tu entorno.<\/strong> Siempre preste atenci\u00f3n a la carretera y conduzca solo en \u00e1reas en las que est\u00e9 legalmente permitido.<\/li>\n<li><strong>Usa equipo de seguridad.<\/strong> Los scooters el\u00e9ctricos no vienen con barreras para proteger al ciclista de un accidente. Esto puede poner a los usuarios de e-scooter en riesgo de sufrir lesiones de moderadas a graves. Esta es particularmente la raz\u00f3n por la que alentamos a los usuarios de e-scooter a usar equipo de seguridad, como casco, coderas o rodilleras.<\/li>\n<li><strong>Inspeccione el scooter el\u00e9ctrico.<\/strong> Compruebe el estado actual del e-scooter antes de sacarlo a dar un paseo. Debe probar los neum\u00e1ticos y los frenos para asegurarse de que ambas partes funcionen. Una vez completado, contin\u00fae con las otras partes del e-scooter para asegurarse de que sea lo suficientemente seguro para conducir.<\/li>\n<li><strong>No tengas prisa.<\/strong> Pedalea a un ritmo moderado. Cuanto m\u00e1s r\u00e1pido vaya, menos tiempo de reacci\u00f3n tendr\u00e1 ante los obst\u00e1culos que podr\u00edan representar una amenaza para su seguridad. Esto es especialmente relevante por la noche o cuando hay malas condiciones clim\u00e1ticas.<\/li>\n<li><strong>Tenga cuidado con los peligros de la carretera.<\/strong> Los peligros de la carretera a los que debe estar atento incluyen baches, pavimentos agrietados y escombros. Estos peligros pueden hacer que pierda el control de su e-scooter, lo que en \u00faltima instancia provocar\u00e1 que se caiga. Puede sufrir una lesi\u00f3n menor, moderada o grave seg\u00fan la agresividad con la que aterrice en el suelo.<\/li>\n<li><strong>No conduzca con mal tiempo.<\/strong> Evite viajar en un scooter el\u00e9ctrico cuando las condiciones clim\u00e1ticas crean peligros en las carreteras.<\/li>\n<li><strong>No conduzca bajo la influencia.<\/strong> No hace falta decir que las drogas y el alcohol a menudo juegan un papel crucial en muchos accidentes de e-scooter. En un estudio de 2019 realizado por Trauma Surgery &amp; Acute Care Open, los investigadores evaluaron a 103 pacientes que fueron llevados a los principales centros de trauma despu\u00e9s de un accidente de e-scooter. Los investigadores evaluaron a cada uno de estos pacientes en busca de drogas y alcohol. Una vez que los resultados estuvieron disponibles, los investigadores aprendieron r\u00e1pidamente c\u00f3mo estas sustancias se usaban tan com\u00fanmente entre los ciclistas lesionados de e-scooter. Casi el 48 por ciento de ellos ten\u00edan alcohol en su sistema que estaba muy por encima del l\u00edmite legal, mientras que alrededor del 52 por ciento de ellos dieron positivo por consumo de drogas.<\/li>\n<li><strong>No comparta un e-scooter.<\/strong> Si solo un ciclista usa un e-scooter, puede ser f\u00e1cil de equilibrar ya que el peso se distribuir\u00e1 uniformemente en el e-scooter. Si una segunda persona tambi\u00e9n est\u00e1 de pie en un e-scooter, puede perder el equilibrio. La distribuci\u00f3n desigual del peso puede hacer que le resulte m\u00e1s dif\u00edcil controlar el e-scooter, lo que podr\u00eda aumentar la probabilidad de que se caiga del e-scooter.<\/li>\n<\/ul>\n<h2><strong>Los abogados litigantes de la costa oeste est\u00e1n aqu\u00ed para ayudar<\/strong><\/h2>\n<p>Si result\u00f3 lesionado en un accidente de e-scooter debido a la negligencia de otra persona, West Coast Trial Lawyers tiene abogados experimentados en accidentes de e-scooter en Newport Beach que lo ayudar\u00e1n a obtener la justicia que se merece.<\/p>\n<p>Para programar una cita gratuita y sin compromiso en nuestro bufete de abogados de lesiones personales de Newport Beach, comun\u00edquese con nuestro equipo legal las 24 horas, los 7 d\u00edas de la semana llamando al\u00a0<strong>213-927-3700<\/strong> o enviando un correo electr\u00f3nico a\u00a0<a href=\"mailto:info@westcoasttriallawyers.com\"><strong>info@westcoasttriallawyers.com<\/strong><\/a><strong>.\u00a0<\/strong><br \/>\n<!-- WCTL_DEBUG: no shortcode in this_content --><\/p>\n","protected":false},"excerpt":{"rendered":"<p>Esto es lo que debe hacer despu\u00e9s de un accidente de scooter y los consejos de seguridad que debe considerar seguir para reducir sus posibilidades de involucrarse en tal accidente Los servicios de e-scooter compartidos, como Bird y Lime, ofrecen comodidad y asequibilidad al proporcionar un e-scooter en varios lugares de la ciudad. Muchos conf\u00edan [&hellip;]<\/p>\n","protected":false},"author":475,"featured_media":47161,"parent":47410,"menu_order":0,"comment_status":"closed","ping_status":"closed","template":"","meta":{"inline_featured_image":false,"footnotes":""},"class_list":["post-13191","page","type-page","status-publish","has-post-thumbnail","hentry"],"acf":[],"yoast_head":"<!-- This site is optimized with the Yoast SEO Premium plugin v26.0 (Yoast SEO v26.0) - https:\/\/yoast.com\/wordpress\/plugins\/seo\/ -->\n<title>Abogado Especializado en Accidentes de Scooter en Newport Beach | West Coast Trial Lawyers<\/title>\n<meta name=\"robots\" content=\"index, follow, max-snippet:-1, max-image-preview:large, max-video-preview:-1\" \/>\n<link rel=\"canonical\" href=\"https:\/\/westcoasttriallawyers.com\/es\/california\/newport-beach\/abogados-accidents-de-scooter-newport-beach\" \/>\n<meta property=\"og:locale\" content=\"es_ES\" \/>\n<meta property=\"og:type\" content=\"article\" \/>\n<meta property=\"og:title\" content=\"Abogado Especializado en Accidentes de Scooter en Newport Beach\" \/>\n<meta property=\"og:description\" content=\"Esto es lo que debe hacer despu\u00e9s de un accidente de scooter y los consejos de seguridad que debe considerar seguir para reducir sus posibilidades de involucrarse en tal accidente Los servicios de e-scooter compartidos, como Bird y Lime, ofrecen comodidad y asequibilidad al proporcionar un e-scooter en varios lugares de la ciudad. Muchos conf\u00edan [&hellip;]\" \/>\n<meta property=\"og:url\" content=\"https:\/\/westcoasttriallawyers.com\/es\/california\/newport-beach\/abogados-accidents-de-scooter-newport-beach\" \/>\n<meta property=\"og:site_name\" content=\"West Coast Trial Lawyers\" \/>\n<meta property=\"article:publisher\" content=\"https:\/\/www.facebook.com\/westcoasttriallawyers\/\" \/>\n<meta property=\"article:modified_time\" content=\"2026-01-21T18:28:24+00:00\" \/>\n<meta property=\"og:image\" content=\"https:\/\/westcoasttriallawyers.com\/wp-content\/uploads\/2025\/07\/Newport-Beach-21.webp\" \/>\n\t<meta property=\"og:image:width\" content=\"557\" \/>\n\t<meta property=\"og:image:height\" content=\"328\" \/>\n\t<meta property=\"og:image:type\" content=\"image\/webp\" \/>\n<meta name=\"twitter:card\" content=\"summary_large_image\" \/>\n<meta name=\"twitter:site\" content=\"@WestCoastTrial\" \/>\n<meta name=\"twitter:label1\" content=\"Tiempo de lectura\" \/>\n\t<meta name=\"twitter:data1\" content=\"7 minutos\" \/>\n<script type=\"application\/ld+json\" class=\"yoast-schema-graph\">{\"@context\":\"https:\/\/schema.org\",\"@graph\":[{\"@type\":[\"WebPage\",\"ItemPage\"],\"@id\":\"https:\/\/westcoasttriallawyers.com\/es\/california\/newport-beach\/abogados-accidents-de-scooter-newport-beach\",\"url\":\"https:\/\/westcoasttriallawyers.com\/es\/california\/newport-beach\/abogados-accidents-de-scooter-newport-beach\",\"name\":\"Abogado Especializado en Accidentes de Scooter en Newport Beach | West Coast Trial Lawyers\",\"isPartOf\":{\"@id\":\"https:\/\/westcoasttriallawyers.com\/es#website\"},\"primaryImageOfPage\":{\"@id\":\"https:\/\/westcoasttriallawyers.com\/es\/california\/newport-beach\/abogados-accidents-de-scooter-newport-beach#primaryimage\"},\"image\":{\"@id\":\"https:\/\/westcoasttriallawyers.com\/es\/california\/newport-beach\/abogados-accidents-de-scooter-newport-beach#primaryimage\"},\"thumbnailUrl\":\"https:\/\/westcoasttriallawyers.com\/wp-content\/uploads\/2025\/07\/Newport-Beach-21.webp\",\"datePublished\":\"2026-01-14T18:34:16+00:00\",\"dateModified\":\"2026-01-21T18:28:24+00:00\",\"breadcrumb\":{\"@id\":\"https:\/\/westcoasttriallawyers.com\/es\/california\/newport-beach\/abogados-accidents-de-scooter-newport-beach#breadcrumb\"},\"inLanguage\":\"es\",\"potentialAction\":[{\"@type\":\"ReadAction\",\"target\":[\"https:\/\/westcoasttriallawyers.com\/es\/california\/newport-beach\/abogados-accidents-de-scooter-newport-beach\"]}]},{\"@type\":\"ImageObject\",\"inLanguage\":\"es\",\"@id\":\"https:\/\/westcoasttriallawyers.com\/es\/california\/newport-beach\/abogados-accidents-de-scooter-newport-beach#primaryimage\",\"url\":\"https:\/\/westcoasttriallawyers.com\/wp-content\/uploads\/2025\/07\/Newport-Beach-21.webp\",\"contentUrl\":\"https:\/\/westcoasttriallawyers.com\/wp-content\/uploads\/2025\/07\/Newport-Beach-21.webp\",\"width\":557,\"height\":328},{\"@type\":\"BreadcrumbList\",\"@id\":\"https:\/\/westcoasttriallawyers.com\/es\/california\/newport-beach\/abogados-accidents-de-scooter-newport-beach#breadcrumb\",\"itemListElement\":[{\"@type\":\"ListItem\",\"position\":1,\"name\":\"Inicio\",\"item\":\"https:\/\/westcoasttriallawyers.com\/es\"},{\"@type\":\"ListItem\",\"position\":2,\"name\":\"California\",\"item\":\"https:\/\/westcoasttriallawyers.com\/es\/california\"},{\"@type\":\"ListItem\",\"position\":3,\"name\":\"Newport Beach\",\"item\":\"https:\/\/westcoasttriallawyers.com\/es\/california\/newport-beach\"},{\"@type\":\"ListItem\",\"position\":4,\"name\":\"Abogado Especializado en Accidentes de Scooter en Newport Beach\"}]},{\"@type\":\"WebSite\",\"@id\":\"https:\/\/westcoasttriallawyers.com\/es#website\",\"url\":\"https:\/\/westcoasttriallawyers.com\/es\",\"name\":\"West Coast Trial Lawyers\",\"description\":\"West Coast Trial Lawyers\",\"publisher\":{\"@id\":\"https:\/\/westcoasttriallawyers.com\/es#organization\"},\"alternateName\":\"WCTL\",\"potentialAction\":[{\"@type\":\"SearchAction\",\"target\":{\"@type\":\"EntryPoint\",\"urlTemplate\":\"https:\/\/westcoasttriallawyers.com\/es?s={search_term_string}\"},\"query-input\":{\"@type\":\"PropertyValueSpecification\",\"valueRequired\":true,\"valueName\":\"search_term_string\"}}],\"inLanguage\":\"es\"},{\"@type\":\"Organization\",\"@id\":\"https:\/\/westcoasttriallawyers.com\/es#organization\",\"name\":\"West Coast Trial Lawyers\",\"alternateName\":\"WCTL\",\"url\":\"https:\/\/westcoasttriallawyers.com\/es\",\"logo\":{\"@type\":\"ImageObject\",\"inLanguage\":\"es\",\"@id\":\"https:\/\/westcoasttriallawyers.com\/es#\/schema\/logo\/image\/\",\"url\":\"https:\/\/westcoasttriallawyers.com\/wp-content\/uploads\/2026\/02\/WCTL-Logo.jpg\",\"contentUrl\":\"https:\/\/westcoasttriallawyers.com\/wp-content\/uploads\/2026\/02\/WCTL-Logo.jpg\",\"width\":696,\"height\":696,\"caption\":\"West Coast Trial Lawyers\"},\"image\":{\"@id\":\"https:\/\/westcoasttriallawyers.com\/es#\/schema\/logo\/image\/\"},\"sameAs\":[\"https:\/\/www.facebook.com\/westcoasttriallawyers\/\",\"https:\/\/x.com\/WestCoastTrial\",\"https:\/\/www.linkedin.com\/company\/west-coast-trial-lawyers\/\",\"https:\/\/www.instagram.com\/westcoasttriallawyers\/\",\"https:\/\/www.yelp.com\/biz\/west-coast-trial-lawyers-los-angeles-2\",\"https:\/\/www.pinterest.com\/westcoasttrial\/\",\"https:\/\/www.youtube.com\/westcoasttriallawyersla\/\",\"https:\/\/www.tiktok.com\/westcoasttriallawyers\"],\"description\":\"West Coast Trial Lawyers is a top-rated personal injury law firm with a goal to provide expert legal representation to those in need. The law firm has offices across California, Nevada, Arizona, and Washington.\",\"legalName\":\"West Coast Trial Lawyers\"}]}<\/script>\n<!-- \/ Yoast SEO Premium plugin. -->","yoast_head_json":{"title":"Abogado Especializado en Accidentes de Scooter en Newport Beach | West Coast Trial Lawyers","robots":{"index":"index","follow":"follow","max-snippet":"max-snippet:-1","max-image-preview":"max-image-preview:large","max-video-preview":"max-video-preview:-1"},"canonical":"https:\/\/westcoasttriallawyers.com\/es\/california\/newport-beach\/abogados-accidents-de-scooter-newport-beach","og_locale":"es_ES","og_type":"article","og_title":"Abogado Especializado en Accidentes de Scooter en Newport Beach","og_description":"Esto es lo que debe hacer despu\u00e9s de un accidente de scooter y los consejos de seguridad que debe considerar seguir para reducir sus posibilidades de involucrarse en tal accidente Los servicios de e-scooter compartidos, como Bird y Lime, ofrecen comodidad y asequibilidad al proporcionar un e-scooter en varios lugares de la ciudad. Muchos conf\u00edan [&hellip;]","og_url":"https:\/\/westcoasttriallawyers.com\/es\/california\/newport-beach\/abogados-accidents-de-scooter-newport-beach","og_site_name":"West Coast Trial Lawyers","article_publisher":"https:\/\/www.facebook.com\/westcoasttriallawyers\/","article_modified_time":"2026-01-21T18:28:24+00:00","og_image":[{"width":557,"height":328,"url":"https:\/\/westcoasttriallawyers.com\/wp-content\/uploads\/2025\/07\/Newport-Beach-21.webp","type":"image\/webp"}],"twitter_card":"summary_large_image","twitter_site":"@WestCoastTrial","twitter_misc":{"Tiempo de lectura":"7 minutos"},"schema":{"@context":"https:\/\/schema.org","@graph":[{"@type":["WebPage","ItemPage"],"@id":"https:\/\/westcoasttriallawyers.com\/es\/california\/newport-beach\/abogados-accidents-de-scooter-newport-beach","url":"https:\/\/westcoasttriallawyers.com\/es\/california\/newport-beach\/abogados-accidents-de-scooter-newport-beach","name":"Abogado Especializado en Accidentes de Scooter en Newport Beach | West Coast Trial Lawyers","isPartOf":{"@id":"https:\/\/westcoasttriallawyers.com\/es#website"},"primaryImageOfPage":{"@id":"https:\/\/westcoasttriallawyers.com\/es\/california\/newport-beach\/abogados-accidents-de-scooter-newport-beach#primaryimage"},"image":{"@id":"https:\/\/westcoasttriallawyers.com\/es\/california\/newport-beach\/abogados-accidents-de-scooter-newport-beach#primaryimage"},"thumbnailUrl":"https:\/\/westcoasttriallawyers.com\/wp-content\/uploads\/2025\/07\/Newport-Beach-21.webp","datePublished":"2026-01-14T18:34:16+00:00","dateModified":"2026-01-21T18:28:24+00:00","breadcrumb":{"@id":"https:\/\/westcoasttriallawyers.com\/es\/california\/newport-beach\/abogados-accidents-de-scooter-newport-beach#breadcrumb"},"inLanguage":"es","potentialAction":[{"@type":"ReadAction","target":["https:\/\/westcoasttriallawyers.com\/es\/california\/newport-beach\/abogados-accidents-de-scooter-newport-beach"]}]},{"@type":"ImageObject","inLanguage":"es","@id":"https:\/\/westcoasttriallawyers.com\/es\/california\/newport-beach\/abogados-accidents-de-scooter-newport-beach#primaryimage","url":"https:\/\/westcoasttriallawyers.com\/wp-content\/uploads\/2025\/07\/Newport-Beach-21.webp","contentUrl":"https:\/\/westcoasttriallawyers.com\/wp-content\/uploads\/2025\/07\/Newport-Beach-21.webp","width":557,"height":328},{"@type":"BreadcrumbList","@id":"https:\/\/westcoasttriallawyers.com\/es\/california\/newport-beach\/abogados-accidents-de-scooter-newport-beach#breadcrumb","itemListElement":[{"@type":"ListItem","position":1,"name":"Inicio","item":"https:\/\/westcoasttriallawyers.com\/es"},{"@type":"ListItem","position":2,"name":"California","item":"https:\/\/westcoasttriallawyers.com\/es\/california"},{"@type":"ListItem","position":3,"name":"Newport Beach","item":"https:\/\/westcoasttriallawyers.com\/es\/california\/newport-beach"},{"@type":"ListItem","position":4,"name":"Abogado Especializado en Accidentes de Scooter en Newport Beach"}]},{"@type":"WebSite","@id":"https:\/\/westcoasttriallawyers.com\/es#website","url":"https:\/\/westcoasttriallawyers.com\/es","name":"West Coast Trial Lawyers","description":"West Coast Trial Lawyers","publisher":{"@id":"https:\/\/westcoasttriallawyers.com\/es#organization"},"alternateName":"WCTL","potentialAction":[{"@type":"SearchAction","target":{"@type":"EntryPoint","urlTemplate":"https:\/\/westcoasttriallawyers.com\/es?s={search_term_string}"},"query-input":{"@type":"PropertyValueSpecification","valueRequired":true,"valueName":"search_term_string"}}],"inLanguage":"es"},{"@type":"Organization","@id":"https:\/\/westcoasttriallawyers.com\/es#organization","name":"West Coast Trial Lawyers","alternateName":"WCTL","url":"https:\/\/westcoasttriallawyers.com\/es","logo":{"@type":"ImageObject","inLanguage":"es","@id":"https:\/\/westcoasttriallawyers.com\/es#\/schema\/logo\/image\/","url":"https:\/\/westcoasttriallawyers.com\/wp-content\/uploads\/2026\/02\/WCTL-Logo.jpg","contentUrl":"https:\/\/westcoasttriallawyers.com\/wp-content\/uploads\/2026\/02\/WCTL-Logo.jpg","width":696,"height":696,"caption":"West Coast Trial Lawyers"},"image":{"@id":"https:\/\/westcoasttriallawyers.com\/es#\/schema\/logo\/image\/"},"sameAs":["https:\/\/www.facebook.com\/westcoasttriallawyers\/","https:\/\/x.com\/WestCoastTrial","https:\/\/www.linkedin.com\/company\/west-coast-trial-lawyers\/","https:\/\/www.instagram.com\/westcoasttriallawyers\/","https:\/\/www.yelp.com\/biz\/west-coast-trial-lawyers-los-angeles-2","https:\/\/www.pinterest.com\/westcoasttrial\/","https:\/\/www.youtube.com\/westcoasttriallawyersla\/","https:\/\/www.tiktok.com\/westcoasttriallawyers"],"description":"West Coast Trial Lawyers is a top-rated personal injury law firm with a goal to provide expert legal representation to those in need. The law firm has offices across California, Nevada, Arizona, and Washington.","legalName":"West Coast Trial Lawyers"}]}},"_links":{"self":[{"href":"https:\/\/westcoasttriallawyers.com\/es\/wp-json\/wp\/v2\/pages\/13191","targetHints":{"allow":["GET"]}}],"collection":[{"href":"https:\/\/westcoasttriallawyers.com\/es\/wp-json\/wp\/v2\/pages"}],"about":[{"href":"https:\/\/westcoasttriallawyers.com\/es\/wp-json\/wp\/v2\/types\/page"}],"author":[{"embeddable":true,"href":"https:\/\/westcoasttriallawyers.com\/es\/wp-json\/wp\/v2\/users\/475"}],"replies":[{"embeddable":true,"href":"https:\/\/westcoasttriallawyers.com\/es\/wp-json\/wp\/v2\/comments?post=13191"}],"version-history":[{"count":4,"href":"https:\/\/westcoasttriallawyers.com\/es\/wp-json\/wp\/v2\/pages\/13191\/revisions"}],"predecessor-version":[{"id":47754,"href":"https:\/\/westcoasttriallawyers.com\/es\/wp-json\/wp\/v2\/pages\/13191\/revisions\/47754"}],"up":[{"embeddable":true,"href":"https:\/\/westcoasttriallawyers.com\/es\/wp-json\/wp\/v2\/pages\/47410"}],"wp:featuredmedia":[{"embeddable":true,"href":"https:\/\/westcoasttriallawyers.com\/es\/wp-json\/wp\/v2\/media\/47161"}],"wp:attachment":[{"href":"https:\/\/westcoasttriallawyers.com\/es\/wp-json\/wp\/v2\/media?parent=13191"}],"curies":[{"name":"wp","href":"https:\/\/api.w.org\/{rel}","templated":true}]}}