{"id":13190,"date":"2026-01-14T18:34:15","date_gmt":"2026-01-14T18:34:15","guid":{"rendered":"https:\/\/wctl1stg.wpengine.com\/?page_id=13190"},"modified":"2026-01-21T23:14:37","modified_gmt":"2026-01-21T23:14:37","slug":"abogados-accidentes-responsabilidad-locales-newport-beach","status":"publish","type":"page","link":"https:\/\/westcoasttriallawyers.com\/es\/california\/newport-beach\/abogados-accidentes-responsabilidad-locales-newport-beach","title":{"rendered":"Abogado de Responsabilidad de Locales en Newport Beach"},"content":{"rendered":"<h2><strong>Obtenga un desglose de la responsabilidad de locales por parte de nuestros abogados expertos de Newport Beach<\/strong><\/h2>\n<p>De acuerdo con el C\u00f3digo Civil de California 1714(a): \u201cToda persona es responsable, no solo por el resultado de sus actos intencionales, sino tambi\u00e9n por una lesi\u00f3n ocasionada a otro por su falta de cuidado ordinario o habilidad en el manejo de su o su propiedad o persona.\u201d<\/p>\n<p>Es importante tener en cuenta la declaraci\u00f3n anterior para aquellos que han estado involucrados en un incidente de responsabilidad de locales y buscan presentar un reclamo contra la parte culpable por sus p\u00e9rdidas. Cada a\u00f1o, las personas sufren lesiones debido a condiciones peligrosas que el propietario conoc\u00eda o deber\u00eda haber conocido y que podr\u00edan haberse evitado f\u00e1cilmente. Muchos de estos accidentes han resultado en lesiones menores. Sin embargo, algunos casos de responsabilidad de locales han dejado a las v\u00edctimas en estado cr\u00edtico o las han matado.<\/p>\n<p>Se ha informado que m\u00e1s de un mill\u00f3n de visitas a la sala de emergencias cada a\u00f1o son causadas por accidentes por resbalones y ca\u00eddas, y muchos de estos casos involucran a un propietario negligente que no resolvi\u00f3 un peligro conocido.<\/p>\n<p>De acuerdo con la informaci\u00f3n proporcionada por el Instituto Nacional de Seguridad de Pisos (NFSI, por sus siglas en ingl\u00e9s), las fracturas \u00f3seas se observan com\u00fanmente en aproximadamente el 5 por ciento de todos los accidentes por resbalones y ca\u00eddas. Los accidentes por resbalones y ca\u00eddas son especialmente peligrosos para las v\u00edctimas de edad avanzada que probablemente se fracturan la cadera en estas circunstancias prevenibles. Los accidentes graves por resbalones y ca\u00eddas tambi\u00e9n pueden provocar una conmoci\u00f3n cerebral o una lesi\u00f3n cerebral traum\u00e1tica (TBI).<\/p>\n<p>Si estuvo involucrado en un accidente de responsabilidad de locales y le gustar\u00eda emprender acciones legales contra la parte culpable, West Coast Trial Lawyers tiene abogados de responsabilidad de locales de Newport Beach disponibles para ayudarle con su caso. Hemos ganado m\u00e1s de 5000 casos de lesiones personales y hemos recuperado m\u00e1s de $1000 millones en acuerdos para nuestros clientes. Debido a nuestros logros, hemos sido reconocidos como uno de los mejores bufetes de abogados de lesiones personales en Newport Beach.<\/p>\n<p>Para programar una consulta gratuita y sin compromiso en nuestro bufete de abogados de lesiones personales de Newport Beach, comun\u00edquese con nuestro equipo legal las 24 horas, los 7 d\u00edas de la semana llamando al\u00a0<strong>213-927-3700<\/strong> o enviando un correo electr\u00f3nico a\u00a0<a href=\"mailto:info@westcoasttriallawyers.com\"><strong>info@westcoasttriallawyers.com<\/strong><\/a><strong>.\u00a0<\/strong><\/p>\n<h2><strong>\u00bfQu\u00e9 es la responsabilidad de locales?<\/strong><\/h2>\n<p>La responsabilidad de locales puede ocurrir cuando el propietario o propietario de un terreno va en contra de su deber de cuidado, lo que en \u00faltima instancia conduce a una lesi\u00f3n o p\u00e9rdida. Las v\u00edctimas de la responsabilidad de locales pueden tener derecho a presentar una demanda por lesiones personales contra el propietario negligente de la propiedad. Para ganar un caso de responsabilidad de locales, la v\u00edctima lesionada deber\u00e1:<\/p>\n<ul>\n<li>Probar que el due\u00f1o de una propiedad le deb\u00eda a la v\u00edctima un deber de cuidado. Tanto las entidades p\u00fablicas como las privadas deben a los invitados y licenciatarios un deber de diligencia. Esto no se aplica a los intrusos, a menos que el intruso sea un ni\u00f1o.<\/li>\n<li>Demostrar que exist\u00eda una condici\u00f3n peligrosa en la propiedad. El due\u00f1o de la propiedad sab\u00eda o deber\u00eda haber sabido acerca de los peligros en sus instalaciones. Por ejemplo, iluminaci\u00f3n deficiente, una escalera da\u00f1ada, pasamanos sueltos o seguridad inadecuada.<\/li>\n<li>Demostrar que las condiciones peligrosas llevaron a las lesiones de la v\u00edctima. Debe probarse que la negligencia del due\u00f1o de la propiedad caus\u00f3 directamente que la v\u00edctima sufriera una lesi\u00f3n.<\/li>\n<\/ul>\n<p>Necesitar\u00e1 tener de su lado a un abogado con experiencia en responsabilidad de locales de Newport Beach para que lo ayude en el proceso de presentar un reclamo. Su abogado evaluar\u00e1 su caso y puede hacerle algunas preguntas, como:<\/p>\n<ul>\n<li>\u00bfSe grab\u00f3 en v\u00eddeo el incidente?<\/li>\n<li>\u00bfCu\u00e1nto tiempo existi\u00f3 la condici\u00f3n peligrosa antes de que ocurriera el accidente?<\/li>\n<li>\u00bfQu\u00e9 tipo de limpieza e inspecci\u00f3n de rutina hace el due\u00f1o de la propiedad?<\/li>\n<li>Si tropez\u00f3 con un objeto, \u00bfhubo alguna raz\u00f3n real para que estuviera all\u00ed? \u00bfEstaba a la vista? \u00bfSe dio una advertencia sobre ese objeto?<\/li>\n<\/ul>\n<h2><strong>Tipos de casos de responsabilidad de locales<\/strong><\/h2>\n<p>Hay muchos tipos de casos de lesiones personales que pueden identificarse como un caso de responsabilidad de locales. Esto incluye lo siguiente:<\/p>\n<ul>\n<li>Accidentes por resbalones y ca\u00eddas<\/li>\n<li>Accidentes de nieve y hielo<\/li>\n<li>Mordidas de perro<\/li>\n<li>accidentes de piscina<\/li>\n<li>Poca seguridad en el edificio<\/li>\n<li>accidentes en parques de atracciones<\/li>\n<li>Humos t\u00f3xicos o productos qu\u00edmicos<\/li>\n<li>Inundaciones o fugas de agua<\/li>\n<\/ul>\n<p>Los casos de responsabilidad de locales vienen en una amplia variedad. Cada uno de ellos implica una condici\u00f3n insegura o peligrosa que tiene el potencial de causar da\u00f1os graves o la muerte a un visitante.<\/p>\n<h2><strong>Tipos de visitantes<\/strong><\/h2>\n<p>Los visitantes de una propiedad se clasifican en tres categor\u00edas diferentes, que incluyen lo siguiente:<\/p>\n<ul>\n<li><strong>Invitado.<\/strong> Un invitado se identifica como una persona a la que el due\u00f1o de la propiedad le da permiso para ingresar a sus instalaciones. Los invitados pueden ser vecinos, parientes o amigos. El due\u00f1o de una propiedad est\u00e1 obligado a proporcionar un deber de cuidado a un invitado.<\/li>\n<li><strong>Concesionario.<\/strong> Un licenciatario se identifica como una persona a la que se le da permiso para ingresar a la propiedad, pero que ha realizado una visita a las instalaciones del due\u00f1o de la propiedad para sus propios fines. Un licenciatario puede ser un vendedor o un trabajador de servicios p\u00fablicos. El due\u00f1o de una propiedad tambi\u00e9n est\u00e1 obligado a proporcionar un deber de cuidado a un licenciatario.<\/li>\n<li><strong>Intruso.<\/strong> Un intruso se identifica como una persona que no tiene permiso legal para ingresar a las instalaciones del due\u00f1o de la propiedad. Por lo general, el due\u00f1o de una propiedad no est\u00e1 obligado a brindar un deber de cuidado a un intruso, a menos que el intruso sea un ni\u00f1o. De ser as\u00ed, el due\u00f1o de la propiedad deber\u00e1 cumplir con un deber de cuidado para evitar riesgos previsibles que puedan causar da\u00f1o al ni\u00f1o. Esto incluye ocultar o encubrir molestias atractivas, como una piscina.<\/li>\n<\/ul>\n<h2><strong>Da\u00f1os disponibles en un caso de responsabilidad de locales<\/strong><\/h2>\n<p>Los da\u00f1os son un tipo de compensaci\u00f3n monetaria determinada por un tribunal de justicia para ayudar a compensar a una persona agraviada por cualquier p\u00e9rdida o lesi\u00f3n sufrida como resultado de la negligencia de alguien.<\/p>\n<p><strong>Los da\u00f1os econ\u00f3micos<\/strong> est\u00e1n destinados a compensar al demandante por las p\u00e9rdidas a las que se puede adjuntar f\u00e1cilmente una cantidad en d\u00f3lares. Se calcula determinando la cantidad de p\u00e9rdidas de bolsillo que una persona agraviada tiene o esperar\u00e1 incurrir como resultado de sus lesiones. Algunos ejemplos de p\u00e9rdidas econ\u00f3micas incluyen la p\u00e9rdida de la capacidad de generar ingresos, las facturas m\u00e9dicas y la p\u00e9rdida de salarios.<\/p>\n<p><strong>Los da\u00f1os no econ\u00f3micos<\/strong> est\u00e1n destinados esencialmente a cubrir p\u00e9rdidas que se consideran subjetivas y no necesariamente cubrir\u00e1n p\u00e9rdidas de bolsillo. Esto puede incluir compensaci\u00f3n por angustia emocional, dolor y sufrimiento, y p\u00e9rdida del disfrute de la vida.<\/p>\n<p>El tercer tipo de da\u00f1os que un tribunal de California puede otorgar se conoce como\u00a0<strong>da\u00f1os punitivos.<\/strong> Los da\u00f1os punitivos tienen la intenci\u00f3n de ser un castigo y solo se otorgan cuando el comportamiento del acusado es especialmente da\u00f1ino. Es relativamente raro y, de hecho, s\u00f3lo se incorpor\u00f3 en el 5 por ciento de todos los veredictos. Adem\u00e1s, no existe un est\u00e1ndar real establecido para calcular y otorgar da\u00f1os punitivos. Los da\u00f1os punitivos se otorgan a discreci\u00f3n del tribunal y variar\u00e1n seg\u00fan las circunstancias espec\u00edficas de cada caso.<\/p>\n<h2><strong>Los abogados litigantes de la costa oeste est\u00e1n aqu\u00ed para ayudar<\/strong><\/h2>\n<p>Si se lesion\u00f3 mientras se encontraba en una propiedad p\u00fablica o legalmente en una propiedad privada en Newport Beach debido a la negligencia del due\u00f1o de la propiedad, West Coast Trial Lawyers cuenta con abogados con experiencia en responsabilidad de locales en Newport Beach que lo ayudar\u00e1n a obtener la justicia que se merece.<\/p>\n<p>Para programar una cita gratuita y sin compromiso en nuestro bufete de abogados de lesiones personales de Newport Beach, comun\u00edquese con nuestro equipo legal las 24 horas, los 7 d\u00edas de la semana llamando al\u00a0<strong>213-927-3700<\/strong> o enviando un correo electr\u00f3nico a\u00a0<a href=\"mailto:info@westcoasttriallawyers.com\"><strong>info@westcoasttriallawyers.com<\/strong><\/a><strong>.\u00a0<\/strong><br \/>\n<!-- WCTL_DEBUG: no shortcode in this_content --><\/p>\n","protected":false},"excerpt":{"rendered":"<p>Obtenga un desglose de la responsabilidad de locales por parte de nuestros abogados expertos de Newport Beach De acuerdo con el C\u00f3digo Civil de California 1714(a): \u201cToda persona es responsable, no solo por el resultado de sus actos intencionales, sino tambi\u00e9n por una lesi\u00f3n ocasionada a otro por su falta de cuidado ordinario o habilidad [&hellip;]<\/p>\n","protected":false},"author":475,"featured_media":47156,"parent":47410,"menu_order":0,"comment_status":"closed","ping_status":"closed","template":"","meta":{"inline_featured_image":false,"footnotes":""},"class_list":["post-13190","page","type-page","status-publish","has-post-thumbnail","hentry"],"acf":[],"yoast_head":"<!-- This site is optimized with the Yoast SEO Premium plugin v26.0 (Yoast SEO v26.0) - https:\/\/yoast.com\/wordpress\/plugins\/seo\/ -->\n<title>Abogado de Responsabilidad de Locales en Newport Beach | West Coast Trial Lawyers<\/title>\n<meta name=\"robots\" content=\"index, follow, max-snippet:-1, max-image-preview:large, max-video-preview:-1\" \/>\n<link rel=\"canonical\" href=\"https:\/\/westcoasttriallawyers.com\/es\/california\/newport-beach\/abogados-accidentes-responsabilidad-locales-newport-beach\" \/>\n<meta property=\"og:locale\" content=\"es_ES\" \/>\n<meta property=\"og:type\" content=\"article\" \/>\n<meta property=\"og:title\" content=\"Abogado de Responsabilidad de Locales en Newport Beach\" \/>\n<meta property=\"og:description\" content=\"Obtenga un desglose de la responsabilidad de locales por parte de nuestros abogados expertos de Newport Beach De acuerdo con el C\u00f3digo Civil de California 1714(a): \u201cToda persona es responsable, no solo por el resultado de sus actos intencionales, sino tambi\u00e9n por una lesi\u00f3n ocasionada a otro por su falta de cuidado ordinario o habilidad [&hellip;]\" \/>\n<meta property=\"og:url\" content=\"https:\/\/westcoasttriallawyers.com\/es\/california\/newport-beach\/abogados-accidentes-responsabilidad-locales-newport-beach\" \/>\n<meta property=\"og:site_name\" content=\"West Coast Trial Lawyers\" \/>\n<meta property=\"article:publisher\" content=\"https:\/\/www.facebook.com\/westcoasttriallawyers\/\" \/>\n<meta property=\"article:modified_time\" content=\"2026-01-21T23:14:37+00:00\" \/>\n<meta property=\"og:image\" content=\"https:\/\/westcoasttriallawyers.com\/wp-content\/uploads\/2025\/07\/Newport-Beach-19.webp\" \/>\n\t<meta property=\"og:image:width\" content=\"557\" \/>\n\t<meta property=\"og:image:height\" content=\"328\" \/>\n\t<meta property=\"og:image:type\" content=\"image\/webp\" \/>\n<meta name=\"twitter:card\" content=\"summary_large_image\" \/>\n<meta name=\"twitter:site\" content=\"@WestCoastTrial\" \/>\n<meta name=\"twitter:label1\" content=\"Tiempo de lectura\" \/>\n\t<meta name=\"twitter:data1\" content=\"7 minutos\" \/>\n<script type=\"application\/ld+json\" class=\"yoast-schema-graph\">{\"@context\":\"https:\/\/schema.org\",\"@graph\":[{\"@type\":[\"WebPage\",\"ItemPage\"],\"@id\":\"https:\/\/westcoasttriallawyers.com\/es\/california\/newport-beach\/abogados-accidentes-responsabilidad-locales-newport-beach\",\"url\":\"https:\/\/westcoasttriallawyers.com\/es\/california\/newport-beach\/abogados-accidentes-responsabilidad-locales-newport-beach\",\"name\":\"Abogado de Responsabilidad de Locales en Newport Beach | West Coast Trial Lawyers\",\"isPartOf\":{\"@id\":\"https:\/\/westcoasttriallawyers.com\/es#website\"},\"primaryImageOfPage\":{\"@id\":\"https:\/\/westcoasttriallawyers.com\/es\/california\/newport-beach\/abogados-accidentes-responsabilidad-locales-newport-beach#primaryimage\"},\"image\":{\"@id\":\"https:\/\/westcoasttriallawyers.com\/es\/california\/newport-beach\/abogados-accidentes-responsabilidad-locales-newport-beach#primaryimage\"},\"thumbnailUrl\":\"https:\/\/westcoasttriallawyers.com\/wp-content\/uploads\/2025\/07\/Newport-Beach-19.webp\",\"datePublished\":\"2026-01-14T18:34:15+00:00\",\"dateModified\":\"2026-01-21T23:14:37+00:00\",\"breadcrumb\":{\"@id\":\"https:\/\/westcoasttriallawyers.com\/es\/california\/newport-beach\/abogados-accidentes-responsabilidad-locales-newport-beach#breadcrumb\"},\"inLanguage\":\"es\",\"potentialAction\":[{\"@type\":\"ReadAction\",\"target\":[\"https:\/\/westcoasttriallawyers.com\/es\/california\/newport-beach\/abogados-accidentes-responsabilidad-locales-newport-beach\"]}]},{\"@type\":\"ImageObject\",\"inLanguage\":\"es\",\"@id\":\"https:\/\/westcoasttriallawyers.com\/es\/california\/newport-beach\/abogados-accidentes-responsabilidad-locales-newport-beach#primaryimage\",\"url\":\"https:\/\/westcoasttriallawyers.com\/wp-content\/uploads\/2025\/07\/Newport-Beach-19.webp\",\"contentUrl\":\"https:\/\/westcoasttriallawyers.com\/wp-content\/uploads\/2025\/07\/Newport-Beach-19.webp\",\"width\":557,\"height\":328},{\"@type\":\"BreadcrumbList\",\"@id\":\"https:\/\/westcoasttriallawyers.com\/es\/california\/newport-beach\/abogados-accidentes-responsabilidad-locales-newport-beach#breadcrumb\",\"itemListElement\":[{\"@type\":\"ListItem\",\"position\":1,\"name\":\"Inicio\",\"item\":\"https:\/\/westcoasttriallawyers.com\/es\"},{\"@type\":\"ListItem\",\"position\":2,\"name\":\"California\",\"item\":\"https:\/\/westcoasttriallawyers.com\/es\/california\"},{\"@type\":\"ListItem\",\"position\":3,\"name\":\"Newport Beach\",\"item\":\"https:\/\/westcoasttriallawyers.com\/es\/california\/newport-beach\"},{\"@type\":\"ListItem\",\"position\":4,\"name\":\"Abogado de Responsabilidad de Locales en Newport Beach\"}]},{\"@type\":\"WebSite\",\"@id\":\"https:\/\/westcoasttriallawyers.com\/es#website\",\"url\":\"https:\/\/westcoasttriallawyers.com\/es\",\"name\":\"West Coast Trial Lawyers\",\"description\":\"West Coast Trial Lawyers\",\"publisher\":{\"@id\":\"https:\/\/westcoasttriallawyers.com\/es#organization\"},\"alternateName\":\"WCTL\",\"potentialAction\":[{\"@type\":\"SearchAction\",\"target\":{\"@type\":\"EntryPoint\",\"urlTemplate\":\"https:\/\/westcoasttriallawyers.com\/es?s={search_term_string}\"},\"query-input\":{\"@type\":\"PropertyValueSpecification\",\"valueRequired\":true,\"valueName\":\"search_term_string\"}}],\"inLanguage\":\"es\"},{\"@type\":\"Organization\",\"@id\":\"https:\/\/westcoasttriallawyers.com\/es#organization\",\"name\":\"West Coast Trial Lawyers\",\"alternateName\":\"WCTL\",\"url\":\"https:\/\/westcoasttriallawyers.com\/es\",\"logo\":{\"@type\":\"ImageObject\",\"inLanguage\":\"es\",\"@id\":\"https:\/\/westcoasttriallawyers.com\/es#\/schema\/logo\/image\/\",\"url\":\"https:\/\/westcoasttriallawyers.com\/wp-content\/uploads\/2026\/02\/WCTL-Logo.jpg\",\"contentUrl\":\"https:\/\/westcoasttriallawyers.com\/wp-content\/uploads\/2026\/02\/WCTL-Logo.jpg\",\"width\":696,\"height\":696,\"caption\":\"West Coast Trial Lawyers\"},\"image\":{\"@id\":\"https:\/\/westcoasttriallawyers.com\/es#\/schema\/logo\/image\/\"},\"sameAs\":[\"https:\/\/www.facebook.com\/westcoasttriallawyers\/\",\"https:\/\/x.com\/WestCoastTrial\",\"https:\/\/www.linkedin.com\/company\/west-coast-trial-lawyers\/\",\"https:\/\/www.instagram.com\/westcoasttriallawyers\/\",\"https:\/\/www.yelp.com\/biz\/west-coast-trial-lawyers-los-angeles-2\",\"https:\/\/www.pinterest.com\/westcoasttrial\/\",\"https:\/\/www.youtube.com\/westcoasttriallawyersla\/\",\"https:\/\/www.tiktok.com\/westcoasttriallawyers\"],\"description\":\"West Coast Trial Lawyers is a top-rated personal injury law firm with a goal to provide expert legal representation to those in need. The law firm has offices across California, Nevada, Arizona, and Washington.\",\"legalName\":\"West Coast Trial Lawyers\"}]}<\/script>\n<!-- \/ Yoast SEO Premium plugin. -->","yoast_head_json":{"title":"Abogado de Responsabilidad de Locales en Newport Beach | West Coast Trial Lawyers","robots":{"index":"index","follow":"follow","max-snippet":"max-snippet:-1","max-image-preview":"max-image-preview:large","max-video-preview":"max-video-preview:-1"},"canonical":"https:\/\/westcoasttriallawyers.com\/es\/california\/newport-beach\/abogados-accidentes-responsabilidad-locales-newport-beach","og_locale":"es_ES","og_type":"article","og_title":"Abogado de Responsabilidad de Locales en Newport Beach","og_description":"Obtenga un desglose de la responsabilidad de locales por parte de nuestros abogados expertos de Newport Beach De acuerdo con el C\u00f3digo Civil de California 1714(a): \u201cToda persona es responsable, no solo por el resultado de sus actos intencionales, sino tambi\u00e9n por una lesi\u00f3n ocasionada a otro por su falta de cuidado ordinario o habilidad [&hellip;]","og_url":"https:\/\/westcoasttriallawyers.com\/es\/california\/newport-beach\/abogados-accidentes-responsabilidad-locales-newport-beach","og_site_name":"West Coast Trial Lawyers","article_publisher":"https:\/\/www.facebook.com\/westcoasttriallawyers\/","article_modified_time":"2026-01-21T23:14:37+00:00","og_image":[{"width":557,"height":328,"url":"https:\/\/westcoasttriallawyers.com\/wp-content\/uploads\/2025\/07\/Newport-Beach-19.webp","type":"image\/webp"}],"twitter_card":"summary_large_image","twitter_site":"@WestCoastTrial","twitter_misc":{"Tiempo de lectura":"7 minutos"},"schema":{"@context":"https:\/\/schema.org","@graph":[{"@type":["WebPage","ItemPage"],"@id":"https:\/\/westcoasttriallawyers.com\/es\/california\/newport-beach\/abogados-accidentes-responsabilidad-locales-newport-beach","url":"https:\/\/westcoasttriallawyers.com\/es\/california\/newport-beach\/abogados-accidentes-responsabilidad-locales-newport-beach","name":"Abogado de Responsabilidad de Locales en Newport Beach | West Coast Trial Lawyers","isPartOf":{"@id":"https:\/\/westcoasttriallawyers.com\/es#website"},"primaryImageOfPage":{"@id":"https:\/\/westcoasttriallawyers.com\/es\/california\/newport-beach\/abogados-accidentes-responsabilidad-locales-newport-beach#primaryimage"},"image":{"@id":"https:\/\/westcoasttriallawyers.com\/es\/california\/newport-beach\/abogados-accidentes-responsabilidad-locales-newport-beach#primaryimage"},"thumbnailUrl":"https:\/\/westcoasttriallawyers.com\/wp-content\/uploads\/2025\/07\/Newport-Beach-19.webp","datePublished":"2026-01-14T18:34:15+00:00","dateModified":"2026-01-21T23:14:37+00:00","breadcrumb":{"@id":"https:\/\/westcoasttriallawyers.com\/es\/california\/newport-beach\/abogados-accidentes-responsabilidad-locales-newport-beach#breadcrumb"},"inLanguage":"es","potentialAction":[{"@type":"ReadAction","target":["https:\/\/westcoasttriallawyers.com\/es\/california\/newport-beach\/abogados-accidentes-responsabilidad-locales-newport-beach"]}]},{"@type":"ImageObject","inLanguage":"es","@id":"https:\/\/westcoasttriallawyers.com\/es\/california\/newport-beach\/abogados-accidentes-responsabilidad-locales-newport-beach#primaryimage","url":"https:\/\/westcoasttriallawyers.com\/wp-content\/uploads\/2025\/07\/Newport-Beach-19.webp","contentUrl":"https:\/\/westcoasttriallawyers.com\/wp-content\/uploads\/2025\/07\/Newport-Beach-19.webp","width":557,"height":328},{"@type":"BreadcrumbList","@id":"https:\/\/westcoasttriallawyers.com\/es\/california\/newport-beach\/abogados-accidentes-responsabilidad-locales-newport-beach#breadcrumb","itemListElement":[{"@type":"ListItem","position":1,"name":"Inicio","item":"https:\/\/westcoasttriallawyers.com\/es"},{"@type":"ListItem","position":2,"name":"California","item":"https:\/\/westcoasttriallawyers.com\/es\/california"},{"@type":"ListItem","position":3,"name":"Newport Beach","item":"https:\/\/westcoasttriallawyers.com\/es\/california\/newport-beach"},{"@type":"ListItem","position":4,"name":"Abogado de Responsabilidad de Locales en Newport Beach"}]},{"@type":"WebSite","@id":"https:\/\/westcoasttriallawyers.com\/es#website","url":"https:\/\/westcoasttriallawyers.com\/es","name":"West Coast Trial Lawyers","description":"West Coast Trial Lawyers","publisher":{"@id":"https:\/\/westcoasttriallawyers.com\/es#organization"},"alternateName":"WCTL","potentialAction":[{"@type":"SearchAction","target":{"@type":"EntryPoint","urlTemplate":"https:\/\/westcoasttriallawyers.com\/es?s={search_term_string}"},"query-input":{"@type":"PropertyValueSpecification","valueRequired":true,"valueName":"search_term_string"}}],"inLanguage":"es"},{"@type":"Organization","@id":"https:\/\/westcoasttriallawyers.com\/es#organization","name":"West Coast Trial Lawyers","alternateName":"WCTL","url":"https:\/\/westcoasttriallawyers.com\/es","logo":{"@type":"ImageObject","inLanguage":"es","@id":"https:\/\/westcoasttriallawyers.com\/es#\/schema\/logo\/image\/","url":"https:\/\/westcoasttriallawyers.com\/wp-content\/uploads\/2026\/02\/WCTL-Logo.jpg","contentUrl":"https:\/\/westcoasttriallawyers.com\/wp-content\/uploads\/2026\/02\/WCTL-Logo.jpg","width":696,"height":696,"caption":"West Coast Trial Lawyers"},"image":{"@id":"https:\/\/westcoasttriallawyers.com\/es#\/schema\/logo\/image\/"},"sameAs":["https:\/\/www.facebook.com\/westcoasttriallawyers\/","https:\/\/x.com\/WestCoastTrial","https:\/\/www.linkedin.com\/company\/west-coast-trial-lawyers\/","https:\/\/www.instagram.com\/westcoasttriallawyers\/","https:\/\/www.yelp.com\/biz\/west-coast-trial-lawyers-los-angeles-2","https:\/\/www.pinterest.com\/westcoasttrial\/","https:\/\/www.youtube.com\/westcoasttriallawyersla\/","https:\/\/www.tiktok.com\/westcoasttriallawyers"],"description":"West Coast Trial Lawyers is a top-rated personal injury law firm with a goal to provide expert legal representation to those in need. The law firm has offices across California, Nevada, Arizona, and Washington.","legalName":"West Coast Trial Lawyers"}]}},"_links":{"self":[{"href":"https:\/\/westcoasttriallawyers.com\/es\/wp-json\/wp\/v2\/pages\/13190","targetHints":{"allow":["GET"]}}],"collection":[{"href":"https:\/\/westcoasttriallawyers.com\/es\/wp-json\/wp\/v2\/pages"}],"about":[{"href":"https:\/\/westcoasttriallawyers.com\/es\/wp-json\/wp\/v2\/types\/page"}],"author":[{"embeddable":true,"href":"https:\/\/westcoasttriallawyers.com\/es\/wp-json\/wp\/v2\/users\/475"}],"replies":[{"embeddable":true,"href":"https:\/\/westcoasttriallawyers.com\/es\/wp-json\/wp\/v2\/comments?post=13190"}],"version-history":[{"count":4,"href":"https:\/\/westcoasttriallawyers.com\/es\/wp-json\/wp\/v2\/pages\/13190\/revisions"}],"predecessor-version":[{"id":47795,"href":"https:\/\/westcoasttriallawyers.com\/es\/wp-json\/wp\/v2\/pages\/13190\/revisions\/47795"}],"up":[{"embeddable":true,"href":"https:\/\/westcoasttriallawyers.com\/es\/wp-json\/wp\/v2\/pages\/47410"}],"wp:featuredmedia":[{"embeddable":true,"href":"https:\/\/westcoasttriallawyers.com\/es\/wp-json\/wp\/v2\/media\/47156"}],"wp:attachment":[{"href":"https:\/\/westcoasttriallawyers.com\/es\/wp-json\/wp\/v2\/media?parent=13190"}],"curies":[{"name":"wp","href":"https:\/\/api.w.org\/{rel}","templated":true}]}}