{"id":13189,"date":"2026-01-14T18:34:12","date_gmt":"2026-01-14T18:34:12","guid":{"rendered":"https:\/\/wctl1stg.wpengine.com\/?page_id=13189"},"modified":"2026-03-24T23:26:02","modified_gmt":"2026-03-24T23:26:02","slug":"abogados-accidentes-entrega-comida-newport-beach","status":"publish","type":"page","link":"https:\/\/westcoasttriallawyers.com\/es\/california\/newport-beach\/abogados-accidentes-entrega-comida-newport-beach","title":{"rendered":"Abogado de accidentes de entrega de alimentos en Newport Beach"},"content":{"rendered":"<h2><strong>\u00bfQu\u00e9 puede causar un accidente de entrega de alimentos? \u00bfTiene una empresa de entrega de alimentos una p\u00f3liza de seguro que pueda ayudar a cubrir los da\u00f1os?<\/strong><\/h2>\n<p>Los servicios de entrega de alimentos contin\u00faan creciendo en popularidad en las ciudades de California, incluida Newport Beach. Los clientes favorecen la idea de pedir comida a trav\u00e9s de una aplicaci\u00f3n y tener miles de restaurantes, tiendas de conveniencia y supermercados para elegir. Las empresas populares de entrega de alimentos, como Postmates, Grubhub, DoorDash y Uber Eats, tienen tiempos estimados de recogida y entrega disponibles en sus aplicaciones para que los clientes tengan una idea de cu\u00e1nto tardar\u00e1 en llegar su pedido.<\/p>\n<p>Aunque a los clientes se les dan todos estos beneficios para que disfruten, los repartidores de alimentos se ven en el extremo corto del palo al tener que cumplir con una demanda tan alta de pedidos. Se espera que los conductores de entrega de alimentos establezcan un horario organizado que les permita entregar los pedidos a tiempo. Si se aceptan demasiados pedidos, el repartidor de alimentos podr\u00eda verse abrumado. Esto puede influir en que realicen acciones negligentes, como el exceso de velocidad, para evitar enfrentar las consecuencias de una mala gesti\u00f3n del tiempo.<\/p>\n<p>Se requiere que un conductor de entrega de alimentos, as\u00ed como cualquier otro conductor, cumpla con el deber de cuidado de todos los automovilistas, ciclistas y peatones. No seguir las reglas de tr\u00e1nsito podr\u00eda tener repercusiones legales, lo que podr\u00eda hacer que se atrasen en el cumplimiento de sus deberes relacionados con el trabajo. Sin embargo, si un conductor de entrega de alimentos estaba obedeciendo las leyes de tr\u00e1nsito y otro conductor tuvo un accidente, podr\u00eda buscar asistencia legal para obtener una compensaci\u00f3n por sus p\u00e9rdidas.<\/p>\n<p>En West Coast Trial Lawyers, nuestros abogados de accidentes de entrega de alimentos en Newport Beach tienen m\u00e1s de 60 a\u00f1os de experiencia legal colectiva en el manejo de casos de lesiones personales. Hemos ganado m\u00e1s de 5,000 casos y recuperado m\u00e1s de $1,000 millones en acuerdos para nuestros clientes. Debido a nuestros logros, hemos sido clasificados como uno de los mejores bufetes de abogados de lesiones personales en Newport Beach.<\/p>\n<p>Para programar una consulta gratuita y sin compromiso en nuestro bufete de abogados de lesiones personales de Newport Beach, comun\u00edquese con nuestro equipo legal las 24 horas, los 7 d\u00edas de la semana llamando al\u00a0<strong>213-927-3700<\/strong> o enviando un correo electr\u00f3nico a\u00a0<a href=\"mailto:info@westcoasttriallawyers.com\"><strong>info@westcoasttriallawyers.com<\/strong><\/a><strong>.\u00a0<\/strong><\/p>\n<h2><strong>\u00bfC\u00f3mo ocurre un accidente de entrega de alimentos?<\/strong><\/h2>\n<p>No es raro que un conductor de entrega de alimentos tenga un accidente. Hay muchos factores u obst\u00e1culos que pueden interferir con un conductor de entrega de alimentos mientras se dirige a recoger o entregar un pedido. Esto incluye lo siguiente:<\/p>\n<ul>\n<li><strong>Quemaduras por alimentos o l\u00edquidos calientes.<\/strong> Un repartidor de alimentos podr\u00eda accidentalmente derramar alimentos o l\u00edquidos calientes sobre s\u00ed mismo, lo que podr\u00eda causarle una lesi\u00f3n por quemadura. Si esto sucede mientras el conductor de la entrega de alimentos est\u00e1 conduciendo, podr\u00eda hacer que pierda el enfoque de la carretera y se estrelle contra un objeto cercano, como un veh\u00edculo, un \u00e1rbol o un poste de luz.<\/li>\n<li><strong>Herirse en la propiedad de otra persona.<\/strong> Un repartidor de comida puede lastimarse al ingresar al restaurante para recoger la comida que el cliente hab\u00eda pedido. Es posible que el restaurante tuviera pisos resbaladizos sin se\u00f1ales de advertencia, lo que podr\u00eda haber provocado un accidente de resbal\u00f3n y ca\u00edda. El conductor de la entrega de alimentos tambi\u00e9n podr\u00eda haberse lastimado al ingresar a la propiedad del cliente. Por ejemplo, el cliente tiene un perro agresivo que vigila la casa. El perro puede notar al conductor de la entrega de alimentos y atacar si detecta alguna amenaza.<\/li>\n<li><strong>Accidente de veh\u00edculo motorizado.<\/strong> Si un repartidor de alimentos tiene prisa por entregar la comida del cliente a tiempo, es posible que sienta la necesidad de acelerar para evitar cualquier repercusi\u00f3n. Sin embargo, el exceso de velocidad podr\u00eda aumentar en gran medida la probabilidad de un accidente. Puede haber momentos en los que un conductor de entrega de alimentos siga las reglas de la carretera, pero aun as\u00ed se las arregla para entrar en una colisi\u00f3n de tr\u00e1fico debido a un conductor imprudente.<\/li>\n<\/ul>\n<h2><strong>P\u00f3lizas de seguro de entrega de alimentos<\/strong><\/h2>\n<p>A los conductores de entrega de alimentos que trabajan para empresas como Postmates, DoorDash, Uber Eats y Grubhub se les puede ofrecer cobertura en caso de accidente. Sin embargo, cada compa\u00f1\u00eda ofrece una p\u00f3liza de seguro diferente que puede tener efecto bajo circunstancias espec\u00edficas.<\/p>\n<ul>\n<li>Seg\u00fan su sitio web, Postmates afirma: \u00abLos da\u00f1os a la propiedad sufridos por su propiedad en un accidente son responsabilidad [del conductor] y deben ser abordados por su compa\u00f1\u00eda de seguros personal\u00bb. La compa\u00f1\u00eda proporciona $1 mill\u00f3n en exceso de responsabilidad a reclamos de terceros que solo entrar\u00e1n en juego despu\u00e9s de que se haya agotado la cobertura de seguro de autom\u00f3vil personal del conductor. Adem\u00e1s, el seguro de accidentes de trabajo cubre los gastos m\u00e9dicos y la p\u00e9rdida de ingresos hasta el l\u00edmite de la p\u00f3liza. Postmates solo cubrir\u00e1 los da\u00f1os si el conductor estaba en una entrega activa, es decir, despu\u00e9s de seleccionar \u00abaceptar\u00bb en la plataforma y hasta que el cliente reciba su pedido registrado por la plataforma. Si est\u00e1 desconectado, su seguro personal es su p\u00f3liza de seguro. Si est\u00e1 en l\u00ednea, pero no ha aceptado una solicitud de entrega, nuevamente, su seguro personal es su p\u00f3liza de seguro.<\/li>\n<li>DoorDash requiere que sus conductores \u201cmantengan [su] propio seguro, en los montos y tipos requeridos por la ley, que incluye, entre otros, una p\u00f3liza de seguro de autom\u00f3vil. Si [ellos] no mantienen [su] propio seguro, es posible que no se aplique la cobertura de DoorDash\u201d. DoorDash proporciona seguro de autom\u00f3vil en exceso para sus conductores, pero solo por da\u00f1os a la propiedad o lesiones corporales causadas a terceros. En caso de accidente, la p\u00f3liza de seguro de autom\u00f3vil personal del conductor servir\u00eda como cobertura principal. Esta p\u00f3liza de responsabilidad contingente solo se aplica si el conductor estaba en posesi\u00f3n de bienes para entregar, es decir, si conduc\u00eda desde el restaurante hasta la direcci\u00f3n de la casa del cliente, pero no a un restaurante para recogerlos. A partir de junio de 2019, los conductores estar\u00e1n habilitados para recibir cobertura de seguro de accidentes laborales sin costo alguno.<\/li>\n<li>Grubhub no proporciona ning\u00fan tipo de seguro de responsabilidad civil a sus conductores. Esto significa que si conduce para Grubhub y tiene un accidente, sin importar las circunstancias, usted es 100 por ciento responsable de todos los da\u00f1os. Por eso es de suma importancia contar con la cobertura de seguro correcta al realizar entregas para Grubhub.<\/li>\n<li>La responsabilidad de los conductores de Uber Eats frente a terceros est\u00e1 cubierta desde el momento en que el conductor acepta la solicitud hasta que se completa la entrega. Si la aplicaci\u00f3n est\u00e1 actualmente activada y el conductor a\u00fan no ha comenzado a recoger o entregar alimentos, o si el conductor est\u00e1 entre entregas, el conductor est\u00e1 cubierto por hasta $50,000\/$100,000\/$25,000 (por individuo\/accidente\/da\u00f1o a la propiedad) . Uber proporciona $1 mill\u00f3n de cobertura de responsabilidad civil por incidente, que est\u00e1 cubierto por la p\u00f3liza de seguro comercial de Uber. La cobertura de seguro que ofrece UberEats cubre a los conductores mientras realizan entregas activas. El seguro adicional que obtiene el conductor a trav\u00e9s de su seguro privado cubrir\u00eda el tiempo que est\u00e9 conectado y esperando una solicitud.<\/li>\n<\/ul>\n<h2><strong>Los abogados litigantes de la costa oeste est\u00e1n aqu\u00ed para ayudar<\/strong><\/h2>\n<p>Si estuvo involucrado en un accidente de entrega de alimentos en Newport Beach debido a la negligencia de otra persona, West Coast Trial Lawyers cuenta con abogados experimentados en accidentes de entrega de alimentos en Newport Beach que lo ayudar\u00e1n a obtener la justicia que se merece.<\/p>\n<p>Para programar una cita gratuita y sin compromiso en nuestro bufete de abogados de lesiones personales de Newport Beach, comun\u00edquese con nuestro equipo legal las 24 horas, los 7 d\u00edas de la semana llamando al\u00a0<strong>213-927-3700<\/strong> o enviando un correo electr\u00f3nico a\u00a0<a href=\"mailto:info@westcoasttriallawyers.com\"><strong>info@westcoasttriallawyers.com<\/strong><\/a><strong>.\u00a0<\/strong><br \/>\n<!-- WCTL_DEBUG: no shortcode in this_content --><br \/>\n<!-- GLOBAL_SHORTCODES_DEBUG: executed in the_content --><\/p>\n","protected":false},"excerpt":{"rendered":"<p>\u00bfQu\u00e9 puede causar un accidente de entrega de alimentos? \u00bfTiene una empresa de entrega de alimentos una p\u00f3liza de seguro que pueda ayudar a cubrir los da\u00f1os? Los servicios de entrega de alimentos contin\u00faan creciendo en popularidad en las ciudades de California, incluida Newport Beach. Los clientes favorecen la idea de pedir comida a trav\u00e9s [&hellip;]<\/p>\n","protected":false},"author":475,"featured_media":47141,"parent":47410,"menu_order":0,"comment_status":"closed","ping_status":"closed","template":"","meta":{"inline_featured_image":false,"footnotes":""},"class_list":["post-13189","page","type-page","status-publish","has-post-thumbnail","hentry"],"acf":[],"yoast_head":"<!-- This site is optimized with the Yoast SEO Premium plugin v26.0 (Yoast SEO v26.0) - https:\/\/yoast.com\/wordpress\/plugins\/seo\/ -->\n<title>Abogado de accidentes de entrega de alimentos en Newport Beach | West Coast Trial Lawyers<\/title>\n<meta name=\"description\" content=\"\u00bfEstuvo involucrado en un accidente? \u00bfSufre de alguna lesi\u00f3n? Cont\u00e1ctenos hoy para que su caso sea atendido por nuestro equipo legal experto en Newport Beach\" \/>\n<meta name=\"robots\" content=\"index, follow, max-snippet:-1, max-image-preview:large, max-video-preview:-1\" \/>\n<link rel=\"canonical\" href=\"https:\/\/westcoasttriallawyers.com\/es\/california\/newport-beach\/abogados-accidentes-entrega-comida-newport-beach\" \/>\n<meta property=\"og:locale\" content=\"es_ES\" \/>\n<meta property=\"og:type\" content=\"article\" \/>\n<meta property=\"og:title\" content=\"Abogado de accidentes de entrega de alimentos en Newport Beach\" \/>\n<meta property=\"og:description\" content=\"\u00bfEstuvo involucrado en un accidente? \u00bfSufre de alguna lesi\u00f3n? Cont\u00e1ctenos hoy para que su caso sea atendido por nuestro equipo legal experto en Newport Beach\" \/>\n<meta property=\"og:url\" content=\"https:\/\/westcoasttriallawyers.com\/es\/california\/newport-beach\/abogados-accidentes-entrega-comida-newport-beach\" \/>\n<meta property=\"og:site_name\" content=\"West Coast Trial Lawyers\" \/>\n<meta property=\"article:publisher\" content=\"https:\/\/www.facebook.com\/westcoasttriallawyers\/\" \/>\n<meta property=\"article:modified_time\" content=\"2026-03-24T23:26:02+00:00\" \/>\n<meta property=\"og:image\" content=\"https:\/\/westcoasttriallawyers.com\/wp-content\/uploads\/2025\/07\/Newport-Beach-13.webp\" \/>\n\t<meta property=\"og:image:width\" content=\"557\" \/>\n\t<meta property=\"og:image:height\" content=\"328\" \/>\n\t<meta property=\"og:image:type\" content=\"image\/webp\" \/>\n<meta name=\"twitter:card\" content=\"summary_large_image\" \/>\n<meta name=\"twitter:site\" content=\"@WestCoastTrial\" \/>\n<meta name=\"twitter:label1\" content=\"Tiempo de lectura\" \/>\n\t<meta name=\"twitter:data1\" content=\"7 minutos\" \/>\n<script type=\"application\/ld+json\" class=\"yoast-schema-graph\">{\"@context\":\"https:\/\/schema.org\",\"@graph\":[{\"@type\":[\"WebPage\",\"ItemPage\"],\"@id\":\"https:\/\/westcoasttriallawyers.com\/es\/california\/newport-beach\/abogados-accidentes-entrega-comida-newport-beach\",\"url\":\"https:\/\/westcoasttriallawyers.com\/es\/california\/newport-beach\/abogados-accidentes-entrega-comida-newport-beach\",\"name\":\"Abogado de accidentes de entrega de alimentos en Newport Beach | West Coast Trial Lawyers\",\"isPartOf\":{\"@id\":\"https:\/\/westcoasttriallawyers.com\/es#website\"},\"primaryImageOfPage\":{\"@id\":\"https:\/\/westcoasttriallawyers.com\/es\/california\/newport-beach\/abogados-accidentes-entrega-comida-newport-beach#primaryimage\"},\"image\":{\"@id\":\"https:\/\/westcoasttriallawyers.com\/es\/california\/newport-beach\/abogados-accidentes-entrega-comida-newport-beach#primaryimage\"},\"thumbnailUrl\":\"https:\/\/westcoasttriallawyers.com\/wp-content\/uploads\/2025\/07\/Newport-Beach-13.webp\",\"datePublished\":\"2026-01-14T18:34:12+00:00\",\"dateModified\":\"2026-03-24T23:26:02+00:00\",\"description\":\"\u00bfEstuvo involucrado en un accidente? \u00bfSufre de alguna lesi\u00f3n? Cont\u00e1ctenos hoy para que su caso sea atendido por nuestro equipo legal experto en Newport Beach\",\"breadcrumb\":{\"@id\":\"https:\/\/westcoasttriallawyers.com\/es\/california\/newport-beach\/abogados-accidentes-entrega-comida-newport-beach#breadcrumb\"},\"inLanguage\":\"es\",\"potentialAction\":[{\"@type\":\"ReadAction\",\"target\":[\"https:\/\/westcoasttriallawyers.com\/es\/california\/newport-beach\/abogados-accidentes-entrega-comida-newport-beach\"]}]},{\"@type\":\"ImageObject\",\"inLanguage\":\"es\",\"@id\":\"https:\/\/westcoasttriallawyers.com\/es\/california\/newport-beach\/abogados-accidentes-entrega-comida-newport-beach#primaryimage\",\"url\":\"https:\/\/westcoasttriallawyers.com\/wp-content\/uploads\/2025\/07\/Newport-Beach-13.webp\",\"contentUrl\":\"https:\/\/westcoasttriallawyers.com\/wp-content\/uploads\/2025\/07\/Newport-Beach-13.webp\",\"width\":557,\"height\":328},{\"@type\":\"BreadcrumbList\",\"@id\":\"https:\/\/westcoasttriallawyers.com\/es\/california\/newport-beach\/abogados-accidentes-entrega-comida-newport-beach#breadcrumb\",\"itemListElement\":[{\"@type\":\"ListItem\",\"position\":1,\"name\":\"Inicio\",\"item\":\"https:\/\/westcoasttriallawyers.com\/es\"},{\"@type\":\"ListItem\",\"position\":2,\"name\":\"California\",\"item\":\"https:\/\/westcoasttriallawyers.com\/es\/california\"},{\"@type\":\"ListItem\",\"position\":3,\"name\":\"Newport Beach\",\"item\":\"https:\/\/westcoasttriallawyers.com\/es\/california\/newport-beach\"},{\"@type\":\"ListItem\",\"position\":4,\"name\":\"Abogado de accidentes de entrega de alimentos en Newport Beach\"}]},{\"@type\":\"WebSite\",\"@id\":\"https:\/\/westcoasttriallawyers.com\/es#website\",\"url\":\"https:\/\/westcoasttriallawyers.com\/es\",\"name\":\"West Coast Trial Lawyers\",\"description\":\"West Coast Trial Lawyers\",\"publisher\":{\"@id\":\"https:\/\/westcoasttriallawyers.com\/es#organization\"},\"alternateName\":\"WCTL\",\"potentialAction\":[{\"@type\":\"SearchAction\",\"target\":{\"@type\":\"EntryPoint\",\"urlTemplate\":\"https:\/\/westcoasttriallawyers.com\/es?s={search_term_string}\"},\"query-input\":{\"@type\":\"PropertyValueSpecification\",\"valueRequired\":true,\"valueName\":\"search_term_string\"}}],\"inLanguage\":\"es\"},{\"@type\":\"Organization\",\"@id\":\"https:\/\/westcoasttriallawyers.com\/es#organization\",\"name\":\"West Coast Trial Lawyers\",\"alternateName\":\"WCTL\",\"url\":\"https:\/\/westcoasttriallawyers.com\/es\",\"logo\":{\"@type\":\"ImageObject\",\"inLanguage\":\"es\",\"@id\":\"https:\/\/westcoasttriallawyers.com\/es#\/schema\/logo\/image\/\",\"url\":\"https:\/\/westcoasttriallawyers.com\/wp-content\/uploads\/2026\/02\/WCTL-Logo.jpg\",\"contentUrl\":\"https:\/\/westcoasttriallawyers.com\/wp-content\/uploads\/2026\/02\/WCTL-Logo.jpg\",\"width\":696,\"height\":696,\"caption\":\"West Coast Trial Lawyers\"},\"image\":{\"@id\":\"https:\/\/westcoasttriallawyers.com\/es#\/schema\/logo\/image\/\"},\"sameAs\":[\"https:\/\/www.facebook.com\/westcoasttriallawyers\/\",\"https:\/\/x.com\/WestCoastTrial\",\"https:\/\/www.linkedin.com\/company\/west-coast-trial-lawyers\/\",\"https:\/\/www.instagram.com\/westcoasttriallawyers\/\",\"https:\/\/www.yelp.com\/biz\/west-coast-trial-lawyers-los-angeles-2\",\"https:\/\/www.pinterest.com\/westcoasttrial\/\",\"https:\/\/www.youtube.com\/westcoasttriallawyersla\/\",\"https:\/\/www.tiktok.com\/westcoasttriallawyers\"],\"description\":\"West Coast Trial Lawyers is a top-rated personal injury law firm with a goal to provide expert legal representation to those in need. The law firm has offices across California, Nevada, Arizona, and Washington.\",\"legalName\":\"West Coast Trial Lawyers\"}]}<\/script>\n<!-- \/ Yoast SEO Premium plugin. -->","yoast_head_json":{"title":"Abogado de accidentes de entrega de alimentos en Newport Beach | West Coast Trial Lawyers","description":"\u00bfEstuvo involucrado en un accidente? \u00bfSufre de alguna lesi\u00f3n? Cont\u00e1ctenos hoy para que su caso sea atendido por nuestro equipo legal experto en Newport Beach","robots":{"index":"index","follow":"follow","max-snippet":"max-snippet:-1","max-image-preview":"max-image-preview:large","max-video-preview":"max-video-preview:-1"},"canonical":"https:\/\/westcoasttriallawyers.com\/es\/california\/newport-beach\/abogados-accidentes-entrega-comida-newport-beach","og_locale":"es_ES","og_type":"article","og_title":"Abogado de accidentes de entrega de alimentos en Newport Beach","og_description":"\u00bfEstuvo involucrado en un accidente? \u00bfSufre de alguna lesi\u00f3n? Cont\u00e1ctenos hoy para que su caso sea atendido por nuestro equipo legal experto en Newport Beach","og_url":"https:\/\/westcoasttriallawyers.com\/es\/california\/newport-beach\/abogados-accidentes-entrega-comida-newport-beach","og_site_name":"West Coast Trial Lawyers","article_publisher":"https:\/\/www.facebook.com\/westcoasttriallawyers\/","article_modified_time":"2026-03-24T23:26:02+00:00","og_image":[{"width":557,"height":328,"url":"https:\/\/westcoasttriallawyers.com\/wp-content\/uploads\/2025\/07\/Newport-Beach-13.webp","type":"image\/webp"}],"twitter_card":"summary_large_image","twitter_site":"@WestCoastTrial","twitter_misc":{"Tiempo de lectura":"7 minutos"},"schema":{"@context":"https:\/\/schema.org","@graph":[{"@type":["WebPage","ItemPage"],"@id":"https:\/\/westcoasttriallawyers.com\/es\/california\/newport-beach\/abogados-accidentes-entrega-comida-newport-beach","url":"https:\/\/westcoasttriallawyers.com\/es\/california\/newport-beach\/abogados-accidentes-entrega-comida-newport-beach","name":"Abogado de accidentes de entrega de alimentos en Newport Beach | West Coast Trial Lawyers","isPartOf":{"@id":"https:\/\/westcoasttriallawyers.com\/es#website"},"primaryImageOfPage":{"@id":"https:\/\/westcoasttriallawyers.com\/es\/california\/newport-beach\/abogados-accidentes-entrega-comida-newport-beach#primaryimage"},"image":{"@id":"https:\/\/westcoasttriallawyers.com\/es\/california\/newport-beach\/abogados-accidentes-entrega-comida-newport-beach#primaryimage"},"thumbnailUrl":"https:\/\/westcoasttriallawyers.com\/wp-content\/uploads\/2025\/07\/Newport-Beach-13.webp","datePublished":"2026-01-14T18:34:12+00:00","dateModified":"2026-03-24T23:26:02+00:00","description":"\u00bfEstuvo involucrado en un accidente? \u00bfSufre de alguna lesi\u00f3n? Cont\u00e1ctenos hoy para que su caso sea atendido por nuestro equipo legal experto en Newport Beach","breadcrumb":{"@id":"https:\/\/westcoasttriallawyers.com\/es\/california\/newport-beach\/abogados-accidentes-entrega-comida-newport-beach#breadcrumb"},"inLanguage":"es","potentialAction":[{"@type":"ReadAction","target":["https:\/\/westcoasttriallawyers.com\/es\/california\/newport-beach\/abogados-accidentes-entrega-comida-newport-beach"]}]},{"@type":"ImageObject","inLanguage":"es","@id":"https:\/\/westcoasttriallawyers.com\/es\/california\/newport-beach\/abogados-accidentes-entrega-comida-newport-beach#primaryimage","url":"https:\/\/westcoasttriallawyers.com\/wp-content\/uploads\/2025\/07\/Newport-Beach-13.webp","contentUrl":"https:\/\/westcoasttriallawyers.com\/wp-content\/uploads\/2025\/07\/Newport-Beach-13.webp","width":557,"height":328},{"@type":"BreadcrumbList","@id":"https:\/\/westcoasttriallawyers.com\/es\/california\/newport-beach\/abogados-accidentes-entrega-comida-newport-beach#breadcrumb","itemListElement":[{"@type":"ListItem","position":1,"name":"Inicio","item":"https:\/\/westcoasttriallawyers.com\/es"},{"@type":"ListItem","position":2,"name":"California","item":"https:\/\/westcoasttriallawyers.com\/es\/california"},{"@type":"ListItem","position":3,"name":"Newport Beach","item":"https:\/\/westcoasttriallawyers.com\/es\/california\/newport-beach"},{"@type":"ListItem","position":4,"name":"Abogado de accidentes de entrega de alimentos en Newport Beach"}]},{"@type":"WebSite","@id":"https:\/\/westcoasttriallawyers.com\/es#website","url":"https:\/\/westcoasttriallawyers.com\/es","name":"West Coast Trial Lawyers","description":"West Coast Trial Lawyers","publisher":{"@id":"https:\/\/westcoasttriallawyers.com\/es#organization"},"alternateName":"WCTL","potentialAction":[{"@type":"SearchAction","target":{"@type":"EntryPoint","urlTemplate":"https:\/\/westcoasttriallawyers.com\/es?s={search_term_string}"},"query-input":{"@type":"PropertyValueSpecification","valueRequired":true,"valueName":"search_term_string"}}],"inLanguage":"es"},{"@type":"Organization","@id":"https:\/\/westcoasttriallawyers.com\/es#organization","name":"West Coast Trial Lawyers","alternateName":"WCTL","url":"https:\/\/westcoasttriallawyers.com\/es","logo":{"@type":"ImageObject","inLanguage":"es","@id":"https:\/\/westcoasttriallawyers.com\/es#\/schema\/logo\/image\/","url":"https:\/\/westcoasttriallawyers.com\/wp-content\/uploads\/2026\/02\/WCTL-Logo.jpg","contentUrl":"https:\/\/westcoasttriallawyers.com\/wp-content\/uploads\/2026\/02\/WCTL-Logo.jpg","width":696,"height":696,"caption":"West Coast Trial Lawyers"},"image":{"@id":"https:\/\/westcoasttriallawyers.com\/es#\/schema\/logo\/image\/"},"sameAs":["https:\/\/www.facebook.com\/westcoasttriallawyers\/","https:\/\/x.com\/WestCoastTrial","https:\/\/www.linkedin.com\/company\/west-coast-trial-lawyers\/","https:\/\/www.instagram.com\/westcoasttriallawyers\/","https:\/\/www.yelp.com\/biz\/west-coast-trial-lawyers-los-angeles-2","https:\/\/www.pinterest.com\/westcoasttrial\/","https:\/\/www.youtube.com\/westcoasttriallawyersla\/","https:\/\/www.tiktok.com\/westcoasttriallawyers"],"description":"West Coast Trial Lawyers is a top-rated personal injury law firm with a goal to provide expert legal representation to those in need. The law firm has offices across California, Nevada, Arizona, and Washington.","legalName":"West Coast Trial Lawyers"}]}},"_links":{"self":[{"href":"https:\/\/westcoasttriallawyers.com\/es\/wp-json\/wp\/v2\/pages\/13189","targetHints":{"allow":["GET"]}}],"collection":[{"href":"https:\/\/westcoasttriallawyers.com\/es\/wp-json\/wp\/v2\/pages"}],"about":[{"href":"https:\/\/westcoasttriallawyers.com\/es\/wp-json\/wp\/v2\/types\/page"}],"author":[{"embeddable":true,"href":"https:\/\/westcoasttriallawyers.com\/es\/wp-json\/wp\/v2\/users\/475"}],"replies":[{"embeddable":true,"href":"https:\/\/westcoasttriallawyers.com\/es\/wp-json\/wp\/v2\/comments?post=13189"}],"version-history":[{"count":3,"href":"https:\/\/westcoasttriallawyers.com\/es\/wp-json\/wp\/v2\/pages\/13189\/revisions"}],"predecessor-version":[{"id":47771,"href":"https:\/\/westcoasttriallawyers.com\/es\/wp-json\/wp\/v2\/pages\/13189\/revisions\/47771"}],"up":[{"embeddable":true,"href":"https:\/\/westcoasttriallawyers.com\/es\/wp-json\/wp\/v2\/pages\/47410"}],"wp:featuredmedia":[{"embeddable":true,"href":"https:\/\/westcoasttriallawyers.com\/es\/wp-json\/wp\/v2\/media\/47141"}],"wp:attachment":[{"href":"https:\/\/westcoasttriallawyers.com\/es\/wp-json\/wp\/v2\/media?parent=13189"}],"curies":[{"name":"wp","href":"https:\/\/api.w.org\/{rel}","templated":true}]}}