{"id":13188,"date":"2026-01-14T18:34:08","date_gmt":"2026-01-14T18:34:08","guid":{"rendered":"https:\/\/wctl1stg.wpengine.com\/?page_id=13188"},"modified":"2026-01-21T23:04:32","modified_gmt":"2026-01-21T23:04:32","slug":"abogados-accidentes-quemadura-newport-beach","status":"publish","type":"page","link":"https:\/\/westcoasttriallawyers.com\/es\/california\/newport-beach\/abogados-accidentes-quemadura-newport-beach","title":{"rendered":"Abogado de lesiones por quemaduras de Newport Beach"},"content":{"rendered":"<h2><strong>\u00bfSufri\u00f3 una lesi\u00f3n por quemadura despu\u00e9s de un accidente automovil\u00edstico? Nuestros abogados con experiencia en lesiones por quemaduras en Newport Beach le dar\u00e1n la compensaci\u00f3n m\u00e1xima para cubrir los da\u00f1os<\/strong><\/h2>\n<p>Las lesiones por quemaduras generalmente ocurren en salones de bronceado, restaurantes, lugares de trabajo o en su propia casa. Tambi\u00e9n es probable que una persona sufra una lesi\u00f3n por quemadura despu\u00e9s de un accidente automovil\u00edstico. Una vez que un veh\u00edculo sufre un fuerte impacto de otro objeto, podr\u00eda provocar que una o m\u00e1s partes del veh\u00edculo, como el motor, reaccionen. Esto podr\u00eda hacer que el veh\u00edculo haga erupci\u00f3n o estalle en llamas. Si el conductor no puede notar signos de que su veh\u00edculo est\u00e1 a minutos, o incluso segundos, de entrar en erupci\u00f3n, podr\u00eda sufrir quemaduras de moderadas a graves.<\/p>\n<p>Los tipos comunes de lesiones por quemaduras que pueden ocurrir en un accidente automovil\u00edstico incluyen los siguientes:<\/p>\n<ul>\n<li><strong>Primer grado.<\/strong> Esto tiene una apariencia roja que es a la vez dolorosa y seca. Afecta principalmente a la capa externa de la piel (epidermis). Generalmente, no hay da\u00f1o a largo plazo. Experimentar\u00e1 un enrojecimiento notable en las etapas iniciales. Cerca del final de su recuperaci\u00f3n, se desvanecer\u00e1.<\/li>\n<li><strong>Segundo grado.<\/strong> Esto causa da\u00f1o a la capa externa de la piel y la capa debajo (dermis). La apariencia de la quemadura ser\u00e1 de color rojo brillante, hinchada y con ampollas.<\/li>\n<li><strong>Tercer grado.<\/strong> Esto se dirige principalmente a las terminaciones nerviosas. Destruir\u00e1 la epidermis y la dermis. Las quemaduras de tercer grado podr\u00edan impactar potencialmente en el tejido subcut\u00e1neo, que es la capa m\u00e1s interna de la piel. La quemadura aparecer\u00e1 como un tono blanco, negro, marr\u00f3n o amarillo.<\/li>\n<li><strong>Cuarto grado.<\/strong> Esto causa las quemaduras m\u00e1s profundas y severas. Las quemaduras de cuarto grado pueden resultar en una situaci\u00f3n potencialmente mortal. Todas las capas de su piel, incluidos sus m\u00fasculos, huesos y tendones, ser\u00e1n destruidas.<\/li>\n<\/ul>\n<p>Es posible que se necesite tratamiento m\u00e9dico para ayudar a calmar y curar una lesi\u00f3n por quemadura. El tratamiento continuo puede ser bastante costoso. Si planea presentar un reclamo por lesiones personales contra la parte culpable de sus lesiones por quemaduras, es posible que tenga derecho a recibir una compensaci\u00f3n por sus p\u00e9rdidas. Deber\u00e1 buscar asistencia legal de un abogado con experiencia en lesiones por quemaduras para probar su caso con \u00e9xito.<\/p>\n<p>En West Coast Trial Lawyers, nuestros abogados de lesiones por quemaduras de Newport Beach tienen m\u00e1s de 60 a\u00f1os de experiencia legal colectiva en el manejo de casos de lesiones personales. Hemos ganado m\u00e1s de 5,000 casos y recuperado m\u00e1s de $1,000 millones en acuerdos para nuestros clientes. Debido a nuestros logros, hemos sido clasificados como uno de los mejores bufetes de abogados de lesiones personales en Newport Beach.<\/p>\n<p>Para programar una consulta gratuita y sin compromiso en nuestro bufete de abogados de lesiones personales de Newport Beach, comun\u00edquese con nuestro equipo legal las 24 horas, los 7 d\u00edas de la semana llamando al\u00a0<strong>213-927-3700<\/strong> o enviando un correo electr\u00f3nico a\u00a0<a href=\"mailto:info@westcoasttriallawyers.com\"><strong>info@westcoasttriallawyers.com<\/strong><\/a><strong>.\u00a0<\/strong><\/p>\n<h2><strong>\u00bfPuedo obtener una lesi\u00f3n por quemadura de un accidente automovil\u00edstico?<\/strong><\/h2>\n<p>S\u00ed, es posible que ocurra una lesi\u00f3n por quemadura debido a un accidente automovil\u00edstico. Hay diferentes partes en un veh\u00edculo que pueden explotar por s\u00ed solas o despu\u00e9s de un accidente. Esto incluye lo siguiente:<\/p>\n<ul>\n<li>Sistema el\u00e9ctrico defectuoso<\/li>\n<li>Fugas de aceite, combustible u otros l\u00edquidos inflamables del veh\u00edculo<\/li>\n<li>Humo saliendo del motor<\/li>\n<li>Sobrecalentamiento de la temperatura del motor<\/li>\n<li>Un fusible suelto o quemado<\/li>\n<li>Cambios r\u00e1pidos que ocurren con los niveles de combustible o fluidos<\/li>\n<\/ul>\n<p>Si alguno de estos signos se hace evidente, debe detenerse lo antes posible y apagar el veh\u00edculo. Aseg\u00farese de salir del veh\u00edculo y llamar a los servicios de emergencia. Si no parece haber fuego o humo, debe llamar al servicio de asistencia en carretera para que remolquen su veh\u00edculo.<\/p>\n<p>Aquellos que no tomen medidas inmediatas despu\u00e9s de notar estos signos podr\u00edan correr el riesgo de sufrir una lesi\u00f3n por quemadura.<\/p>\n<h2><strong>\u00bfCalificar\u00e9 para recibir cobertura si mi veh\u00edculo explota?<\/strong><\/h2>\n<p>Eso depende. Si tiene cobertura integral, puede tener derecho a recibir una compensaci\u00f3n si su veh\u00edculo explota o se incendia. La cobertura integral ofrecer\u00e1 reparar o reemplazar cualquier da\u00f1o causado a su veh\u00edculo que no haya sido causado por un accidente. Esta cobertura cubrir\u00e1 los da\u00f1os que hayan sido causados por incendios, robo, vandalismo, malas condiciones clim\u00e1ticas, ca\u00edda de objetos o da\u00f1os relacionados con animales.<\/p>\n<h2><strong>Liquidaci\u00f3n de lesiones por quemaduras<\/strong><\/h2>\n<p>Para determinar el valor de un acuerdo, el jurado considerar\u00e1 c\u00f3mo y d\u00f3nde ocurri\u00f3 la lesi\u00f3n por quemadura. Tambi\u00e9n tendr\u00e1n en cuenta qu\u00e9 tan grave puede parecer la quemadura y si afectar\u00e1 la calidad de vida de la v\u00edctima. Hay varios factores que pueden contribuir a la causa de una lesi\u00f3n por quemadura. Por lo tanto, los montos de liquidaci\u00f3n pueden variar seg\u00fan las circunstancias.<\/p>\n<p>Por ejemplo, se valorar\u00e1 mucho m\u00e1s una quemadura que se haya producido en la cara de una persona que una que se haya producido en una zona menos visible del cuerpo, como los brazos o las piernas. Consideremos un ejemplo m\u00e1s espec\u00edfico. Digamos que una v\u00edctima de lesi\u00f3n por quemadura result\u00f3 lesionada en un accidente automovil\u00edstico que era o no probable que se evitara. El valor para este tipo de caso ser\u00e1 menor que un caso en el que la v\u00edctima result\u00f3 lesionada debido a que alguien no cumpli\u00f3 con las normas y reglamentos de seguridad necesarios.<\/p>\n<h2><strong>Da\u00f1os Disponibles<\/strong><\/h2>\n<p>Los da\u00f1os son un tipo de compensaci\u00f3n monetaria determinada por un tribunal de justicia para ayudar a compensar a una persona agraviada por cualquier p\u00e9rdida o lesi\u00f3n sufrida como resultado de la negligencia de alguien.<\/p>\n<p><strong>Los da\u00f1os econ\u00f3micos<\/strong> est\u00e1n destinados a compensar al demandante por las p\u00e9rdidas a las que se puede adjuntar f\u00e1cilmente una cantidad en d\u00f3lares. Se calcula determinando la cantidad de p\u00e9rdidas de bolsillo que una persona agraviada tiene o esperar\u00e1 incurrir como resultado de sus lesiones. Algunos ejemplos de p\u00e9rdidas econ\u00f3micas incluyen la p\u00e9rdida de la capacidad de generar ingresos, las facturas m\u00e9dicas y la p\u00e9rdida de salarios.<\/p>\n<p><strong>Los da\u00f1os no econ\u00f3micos<\/strong> est\u00e1n destinados esencialmente a cubrir p\u00e9rdidas que se consideran subjetivas y no necesariamente cubrir\u00e1n p\u00e9rdidas de bolsillo. Esto puede incluir compensaci\u00f3n por angustia emocional, dolor y sufrimiento, y p\u00e9rdida del disfrute de la vida.<\/p>\n<p>El tercer tipo de da\u00f1os que puede otorgar un tribunal de California se conoce como\u00a0<strong>da\u00f1os punitivos.<\/strong> Los da\u00f1os punitivos tienen la intenci\u00f3n de ser un castigo y solo se otorgan cuando el comportamiento del acusado es especialmente da\u00f1ino. Es relativamente raro y, de hecho, solo se incorpor\u00f3 en el 5 por ciento de todos los veredictos. Adem\u00e1s, no existe un est\u00e1ndar real establecido para calcular y otorgar da\u00f1os punitivos. Los da\u00f1os punitivos se otorgan a discreci\u00f3n del tribunal y variar\u00e1n seg\u00fan las circunstancias espec\u00edficas de cada caso.<\/p>\n<h2><strong>Los abogados litigantes de la costa oeste est\u00e1n aqu\u00ed para ayudar<\/strong><\/h2>\n<p>Si ha sufrido una lesi\u00f3n por quemadura debido a la negligencia de otra persona, West Coast Trial Lawyers tiene abogados con experiencia en lesiones por quemadura en Newport Beach que lo ayudar\u00e1n a obtener la justicia que se merece.<\/p>\n<p>Para programar una cita gratuita y sin compromiso en nuestro bufete de abogados de lesiones personales de Newport Beach, comun\u00edquese con nuestro equipo legal las 24 horas, los 7 d\u00edas de la semana llamando al\u00a0<strong>213-927-3700<\/strong> o enviando un correo electr\u00f3nico a\u00a0<a href=\"mailto:info@westcoasttriallawyers.com\"><strong>info@westcoasttriallawyers.com<\/strong><\/a><strong>.\u00a0<\/strong><br \/>\n<!-- WCTL_DEBUG: no shortcode in this_content --><\/p>\n","protected":false},"excerpt":{"rendered":"<p>\u00bfSufri\u00f3 una lesi\u00f3n por quemadura despu\u00e9s de un accidente automovil\u00edstico? Nuestros abogados con experiencia en lesiones por quemaduras en Newport Beach le dar\u00e1n la compensaci\u00f3n m\u00e1xima para cubrir los da\u00f1os Las lesiones por quemaduras generalmente ocurren en salones de bronceado, restaurantes, lugares de trabajo o en su propia casa. Tambi\u00e9n es probable que una persona [&hellip;]<\/p>\n","protected":false},"author":475,"featured_media":47121,"parent":47410,"menu_order":0,"comment_status":"closed","ping_status":"closed","template":"","meta":{"inline_featured_image":false,"footnotes":""},"class_list":["post-13188","page","type-page","status-publish","has-post-thumbnail","hentry"],"acf":[],"yoast_head":"<!-- This site is optimized with the Yoast SEO Premium plugin v26.0 (Yoast SEO v26.0) - https:\/\/yoast.com\/wordpress\/plugins\/seo\/ -->\n<title>Abogado de lesiones por quemaduras de Newport Beach | West Coast Trial Lawyers<\/title>\n<meta name=\"robots\" content=\"index, follow, max-snippet:-1, max-image-preview:large, max-video-preview:-1\" \/>\n<link rel=\"canonical\" href=\"https:\/\/westcoasttriallawyers.com\/es\/california\/newport-beach\/abogados-accidentes-quemadura-newport-beach\" \/>\n<meta property=\"og:locale\" content=\"es_ES\" \/>\n<meta property=\"og:type\" content=\"article\" \/>\n<meta property=\"og:title\" content=\"Abogado de lesiones por quemaduras de Newport Beach\" \/>\n<meta property=\"og:description\" content=\"\u00bfSufri\u00f3 una lesi\u00f3n por quemadura despu\u00e9s de un accidente automovil\u00edstico? Nuestros abogados con experiencia en lesiones por quemaduras en Newport Beach le dar\u00e1n la compensaci\u00f3n m\u00e1xima para cubrir los da\u00f1os Las lesiones por quemaduras generalmente ocurren en salones de bronceado, restaurantes, lugares de trabajo o en su propia casa. Tambi\u00e9n es probable que una persona [&hellip;]\" \/>\n<meta property=\"og:url\" content=\"https:\/\/westcoasttriallawyers.com\/es\/california\/newport-beach\/abogados-accidentes-quemadura-newport-beach\" \/>\n<meta property=\"og:site_name\" content=\"West Coast Trial Lawyers\" \/>\n<meta property=\"article:publisher\" content=\"https:\/\/www.facebook.com\/westcoasttriallawyers\/\" \/>\n<meta property=\"article:modified_time\" content=\"2026-01-21T23:04:32+00:00\" \/>\n<meta property=\"og:image\" content=\"https:\/\/westcoasttriallawyers.com\/wp-content\/uploads\/2025\/07\/Newport-Beach-5.webp\" \/>\n\t<meta property=\"og:image:width\" content=\"557\" \/>\n\t<meta property=\"og:image:height\" content=\"328\" \/>\n\t<meta property=\"og:image:type\" content=\"image\/webp\" \/>\n<meta name=\"twitter:card\" content=\"summary_large_image\" \/>\n<meta name=\"twitter:site\" content=\"@WestCoastTrial\" \/>\n<meta name=\"twitter:label1\" content=\"Tiempo de lectura\" \/>\n\t<meta name=\"twitter:data1\" content=\"6 minutos\" \/>\n<script type=\"application\/ld+json\" class=\"yoast-schema-graph\">{\"@context\":\"https:\/\/schema.org\",\"@graph\":[{\"@type\":[\"WebPage\",\"ItemPage\"],\"@id\":\"https:\/\/westcoasttriallawyers.com\/es\/california\/newport-beach\/abogados-accidentes-quemadura-newport-beach\",\"url\":\"https:\/\/westcoasttriallawyers.com\/es\/california\/newport-beach\/abogados-accidentes-quemadura-newport-beach\",\"name\":\"Abogado de lesiones por quemaduras de Newport Beach | West Coast Trial Lawyers\",\"isPartOf\":{\"@id\":\"https:\/\/westcoasttriallawyers.com\/es#website\"},\"primaryImageOfPage\":{\"@id\":\"https:\/\/westcoasttriallawyers.com\/es\/california\/newport-beach\/abogados-accidentes-quemadura-newport-beach#primaryimage\"},\"image\":{\"@id\":\"https:\/\/westcoasttriallawyers.com\/es\/california\/newport-beach\/abogados-accidentes-quemadura-newport-beach#primaryimage\"},\"thumbnailUrl\":\"https:\/\/westcoasttriallawyers.com\/wp-content\/uploads\/2025\/07\/Newport-Beach-5.webp\",\"datePublished\":\"2026-01-14T18:34:08+00:00\",\"dateModified\":\"2026-01-21T23:04:32+00:00\",\"breadcrumb\":{\"@id\":\"https:\/\/westcoasttriallawyers.com\/es\/california\/newport-beach\/abogados-accidentes-quemadura-newport-beach#breadcrumb\"},\"inLanguage\":\"es\",\"potentialAction\":[{\"@type\":\"ReadAction\",\"target\":[\"https:\/\/westcoasttriallawyers.com\/es\/california\/newport-beach\/abogados-accidentes-quemadura-newport-beach\"]}]},{\"@type\":\"ImageObject\",\"inLanguage\":\"es\",\"@id\":\"https:\/\/westcoasttriallawyers.com\/es\/california\/newport-beach\/abogados-accidentes-quemadura-newport-beach#primaryimage\",\"url\":\"https:\/\/westcoasttriallawyers.com\/wp-content\/uploads\/2025\/07\/Newport-Beach-5.webp\",\"contentUrl\":\"https:\/\/westcoasttriallawyers.com\/wp-content\/uploads\/2025\/07\/Newport-Beach-5.webp\",\"width\":557,\"height\":328},{\"@type\":\"BreadcrumbList\",\"@id\":\"https:\/\/westcoasttriallawyers.com\/es\/california\/newport-beach\/abogados-accidentes-quemadura-newport-beach#breadcrumb\",\"itemListElement\":[{\"@type\":\"ListItem\",\"position\":1,\"name\":\"Inicio\",\"item\":\"https:\/\/westcoasttriallawyers.com\/es\"},{\"@type\":\"ListItem\",\"position\":2,\"name\":\"California\",\"item\":\"https:\/\/westcoasttriallawyers.com\/es\/california\"},{\"@type\":\"ListItem\",\"position\":3,\"name\":\"Newport Beach\",\"item\":\"https:\/\/westcoasttriallawyers.com\/es\/california\/newport-beach\"},{\"@type\":\"ListItem\",\"position\":4,\"name\":\"Abogado de lesiones por quemaduras de Newport Beach\"}]},{\"@type\":\"WebSite\",\"@id\":\"https:\/\/westcoasttriallawyers.com\/es#website\",\"url\":\"https:\/\/westcoasttriallawyers.com\/es\",\"name\":\"West Coast Trial Lawyers\",\"description\":\"West Coast Trial Lawyers\",\"publisher\":{\"@id\":\"https:\/\/westcoasttriallawyers.com\/es#organization\"},\"alternateName\":\"WCTL\",\"potentialAction\":[{\"@type\":\"SearchAction\",\"target\":{\"@type\":\"EntryPoint\",\"urlTemplate\":\"https:\/\/westcoasttriallawyers.com\/es?s={search_term_string}\"},\"query-input\":{\"@type\":\"PropertyValueSpecification\",\"valueRequired\":true,\"valueName\":\"search_term_string\"}}],\"inLanguage\":\"es\"},{\"@type\":\"Organization\",\"@id\":\"https:\/\/westcoasttriallawyers.com\/es#organization\",\"name\":\"West Coast Trial Lawyers\",\"alternateName\":\"WCTL\",\"url\":\"https:\/\/westcoasttriallawyers.com\/es\",\"logo\":{\"@type\":\"ImageObject\",\"inLanguage\":\"es\",\"@id\":\"https:\/\/westcoasttriallawyers.com\/es#\/schema\/logo\/image\/\",\"url\":\"https:\/\/westcoasttriallawyers.com\/wp-content\/uploads\/2026\/02\/WCTL-Logo.jpg\",\"contentUrl\":\"https:\/\/westcoasttriallawyers.com\/wp-content\/uploads\/2026\/02\/WCTL-Logo.jpg\",\"width\":696,\"height\":696,\"caption\":\"West Coast Trial Lawyers\"},\"image\":{\"@id\":\"https:\/\/westcoasttriallawyers.com\/es#\/schema\/logo\/image\/\"},\"sameAs\":[\"https:\/\/www.facebook.com\/westcoasttriallawyers\/\",\"https:\/\/x.com\/WestCoastTrial\",\"https:\/\/www.linkedin.com\/company\/west-coast-trial-lawyers\/\",\"https:\/\/www.instagram.com\/westcoasttriallawyers\/\",\"https:\/\/www.yelp.com\/biz\/west-coast-trial-lawyers-los-angeles-2\",\"https:\/\/www.pinterest.com\/westcoasttrial\/\",\"https:\/\/www.youtube.com\/westcoasttriallawyersla\/\",\"https:\/\/www.tiktok.com\/westcoasttriallawyers\"],\"description\":\"West Coast Trial Lawyers is a top-rated personal injury law firm with a goal to provide expert legal representation to those in need. The law firm has offices across California, Nevada, Arizona, and Washington.\",\"legalName\":\"West Coast Trial Lawyers\"}]}<\/script>\n<!-- \/ Yoast SEO Premium plugin. -->","yoast_head_json":{"title":"Abogado de lesiones por quemaduras de Newport Beach | West Coast Trial Lawyers","robots":{"index":"index","follow":"follow","max-snippet":"max-snippet:-1","max-image-preview":"max-image-preview:large","max-video-preview":"max-video-preview:-1"},"canonical":"https:\/\/westcoasttriallawyers.com\/es\/california\/newport-beach\/abogados-accidentes-quemadura-newport-beach","og_locale":"es_ES","og_type":"article","og_title":"Abogado de lesiones por quemaduras de Newport Beach","og_description":"\u00bfSufri\u00f3 una lesi\u00f3n por quemadura despu\u00e9s de un accidente automovil\u00edstico? Nuestros abogados con experiencia en lesiones por quemaduras en Newport Beach le dar\u00e1n la compensaci\u00f3n m\u00e1xima para cubrir los da\u00f1os Las lesiones por quemaduras generalmente ocurren en salones de bronceado, restaurantes, lugares de trabajo o en su propia casa. Tambi\u00e9n es probable que una persona [&hellip;]","og_url":"https:\/\/westcoasttriallawyers.com\/es\/california\/newport-beach\/abogados-accidentes-quemadura-newport-beach","og_site_name":"West Coast Trial Lawyers","article_publisher":"https:\/\/www.facebook.com\/westcoasttriallawyers\/","article_modified_time":"2026-01-21T23:04:32+00:00","og_image":[{"width":557,"height":328,"url":"https:\/\/westcoasttriallawyers.com\/wp-content\/uploads\/2025\/07\/Newport-Beach-5.webp","type":"image\/webp"}],"twitter_card":"summary_large_image","twitter_site":"@WestCoastTrial","twitter_misc":{"Tiempo de lectura":"6 minutos"},"schema":{"@context":"https:\/\/schema.org","@graph":[{"@type":["WebPage","ItemPage"],"@id":"https:\/\/westcoasttriallawyers.com\/es\/california\/newport-beach\/abogados-accidentes-quemadura-newport-beach","url":"https:\/\/westcoasttriallawyers.com\/es\/california\/newport-beach\/abogados-accidentes-quemadura-newport-beach","name":"Abogado de lesiones por quemaduras de Newport Beach | West Coast Trial Lawyers","isPartOf":{"@id":"https:\/\/westcoasttriallawyers.com\/es#website"},"primaryImageOfPage":{"@id":"https:\/\/westcoasttriallawyers.com\/es\/california\/newport-beach\/abogados-accidentes-quemadura-newport-beach#primaryimage"},"image":{"@id":"https:\/\/westcoasttriallawyers.com\/es\/california\/newport-beach\/abogados-accidentes-quemadura-newport-beach#primaryimage"},"thumbnailUrl":"https:\/\/westcoasttriallawyers.com\/wp-content\/uploads\/2025\/07\/Newport-Beach-5.webp","datePublished":"2026-01-14T18:34:08+00:00","dateModified":"2026-01-21T23:04:32+00:00","breadcrumb":{"@id":"https:\/\/westcoasttriallawyers.com\/es\/california\/newport-beach\/abogados-accidentes-quemadura-newport-beach#breadcrumb"},"inLanguage":"es","potentialAction":[{"@type":"ReadAction","target":["https:\/\/westcoasttriallawyers.com\/es\/california\/newport-beach\/abogados-accidentes-quemadura-newport-beach"]}]},{"@type":"ImageObject","inLanguage":"es","@id":"https:\/\/westcoasttriallawyers.com\/es\/california\/newport-beach\/abogados-accidentes-quemadura-newport-beach#primaryimage","url":"https:\/\/westcoasttriallawyers.com\/wp-content\/uploads\/2025\/07\/Newport-Beach-5.webp","contentUrl":"https:\/\/westcoasttriallawyers.com\/wp-content\/uploads\/2025\/07\/Newport-Beach-5.webp","width":557,"height":328},{"@type":"BreadcrumbList","@id":"https:\/\/westcoasttriallawyers.com\/es\/california\/newport-beach\/abogados-accidentes-quemadura-newport-beach#breadcrumb","itemListElement":[{"@type":"ListItem","position":1,"name":"Inicio","item":"https:\/\/westcoasttriallawyers.com\/es"},{"@type":"ListItem","position":2,"name":"California","item":"https:\/\/westcoasttriallawyers.com\/es\/california"},{"@type":"ListItem","position":3,"name":"Newport Beach","item":"https:\/\/westcoasttriallawyers.com\/es\/california\/newport-beach"},{"@type":"ListItem","position":4,"name":"Abogado de lesiones por quemaduras de Newport Beach"}]},{"@type":"WebSite","@id":"https:\/\/westcoasttriallawyers.com\/es#website","url":"https:\/\/westcoasttriallawyers.com\/es","name":"West Coast Trial Lawyers","description":"West Coast Trial Lawyers","publisher":{"@id":"https:\/\/westcoasttriallawyers.com\/es#organization"},"alternateName":"WCTL","potentialAction":[{"@type":"SearchAction","target":{"@type":"EntryPoint","urlTemplate":"https:\/\/westcoasttriallawyers.com\/es?s={search_term_string}"},"query-input":{"@type":"PropertyValueSpecification","valueRequired":true,"valueName":"search_term_string"}}],"inLanguage":"es"},{"@type":"Organization","@id":"https:\/\/westcoasttriallawyers.com\/es#organization","name":"West Coast Trial Lawyers","alternateName":"WCTL","url":"https:\/\/westcoasttriallawyers.com\/es","logo":{"@type":"ImageObject","inLanguage":"es","@id":"https:\/\/westcoasttriallawyers.com\/es#\/schema\/logo\/image\/","url":"https:\/\/westcoasttriallawyers.com\/wp-content\/uploads\/2026\/02\/WCTL-Logo.jpg","contentUrl":"https:\/\/westcoasttriallawyers.com\/wp-content\/uploads\/2026\/02\/WCTL-Logo.jpg","width":696,"height":696,"caption":"West Coast Trial Lawyers"},"image":{"@id":"https:\/\/westcoasttriallawyers.com\/es#\/schema\/logo\/image\/"},"sameAs":["https:\/\/www.facebook.com\/westcoasttriallawyers\/","https:\/\/x.com\/WestCoastTrial","https:\/\/www.linkedin.com\/company\/west-coast-trial-lawyers\/","https:\/\/www.instagram.com\/westcoasttriallawyers\/","https:\/\/www.yelp.com\/biz\/west-coast-trial-lawyers-los-angeles-2","https:\/\/www.pinterest.com\/westcoasttrial\/","https:\/\/www.youtube.com\/westcoasttriallawyersla\/","https:\/\/www.tiktok.com\/westcoasttriallawyers"],"description":"West Coast Trial Lawyers is a top-rated personal injury law firm with a goal to provide expert legal representation to those in need. The law firm has offices across California, Nevada, Arizona, and Washington.","legalName":"West Coast Trial Lawyers"}]}},"_links":{"self":[{"href":"https:\/\/westcoasttriallawyers.com\/es\/wp-json\/wp\/v2\/pages\/13188","targetHints":{"allow":["GET"]}}],"collection":[{"href":"https:\/\/westcoasttriallawyers.com\/es\/wp-json\/wp\/v2\/pages"}],"about":[{"href":"https:\/\/westcoasttriallawyers.com\/es\/wp-json\/wp\/v2\/types\/page"}],"author":[{"embeddable":true,"href":"https:\/\/westcoasttriallawyers.com\/es\/wp-json\/wp\/v2\/users\/475"}],"replies":[{"embeddable":true,"href":"https:\/\/westcoasttriallawyers.com\/es\/wp-json\/wp\/v2\/comments?post=13188"}],"version-history":[{"count":3,"href":"https:\/\/westcoasttriallawyers.com\/es\/wp-json\/wp\/v2\/pages\/13188\/revisions"}],"predecessor-version":[{"id":47786,"href":"https:\/\/westcoasttriallawyers.com\/es\/wp-json\/wp\/v2\/pages\/13188\/revisions\/47786"}],"up":[{"embeddable":true,"href":"https:\/\/westcoasttriallawyers.com\/es\/wp-json\/wp\/v2\/pages\/47410"}],"wp:featuredmedia":[{"embeddable":true,"href":"https:\/\/westcoasttriallawyers.com\/es\/wp-json\/wp\/v2\/media\/47121"}],"wp:attachment":[{"href":"https:\/\/westcoasttriallawyers.com\/es\/wp-json\/wp\/v2\/media?parent=13188"}],"curies":[{"name":"wp","href":"https:\/\/api.w.org\/{rel}","templated":true}]}}