{"id":13187,"date":"2026-01-14T18:34:09","date_gmt":"2026-01-14T18:34:09","guid":{"rendered":"https:\/\/wctl1stg.wpengine.com\/?page_id=13187"},"modified":"2026-01-21T21:58:04","modified_gmt":"2026-01-21T21:58:04","slug":"abogados-accidentes-autobus-newport-beach","status":"publish","type":"page","link":"https:\/\/westcoasttriallawyers.com\/es\/california\/newport-beach\/abogados-accidentes-autobus-newport-beach","title":{"rendered":"Abogado de accidentes de autob\u00fas en Newport Beach"},"content":{"rendered":"<h2><strong>\u00bfQu\u00e9 tipos de accidentes por resbalones y ca\u00eddas suelen ocurrir en un autob\u00fas? \u00bfQui\u00e9n puede ser considerado responsable de causarlo?<\/strong><\/h2>\n<p>La ciudad de Newport Beach no es ajena a los accidentes de autob\u00fas. Los factores comunes que han contribuido a la causa de estos accidentes de autob\u00fas incluyen el conductor del autob\u00fas y los conductores negligentes. Seg\u00fan la ley de California, se requiere que todos los automovilistas tengan el deber de cuidado mutuo para evitar que ocurran accidentes graves o fatales. Desafortunadamente, ha habido circunstancias en las que un conductor negligente ha decidido ir en contra de las reglas de tr\u00e1nsito, como pasarse un sem\u00e1foro en rojo, lo que ha resultado en un accidente de autob\u00fas.<\/p>\n<p>Aquellos que han resultado lesionados en un accidente de autob\u00fas debido a la negligencia de otra persona pueden tener derecho a presentar una demanda por lesiones personales. Se anima a las v\u00edctimas de accidentes de autob\u00fas a buscar la ayuda de un abogado de lesiones personales. En West Coast Trial Lawyers, nuestros abogados de accidentes de autob\u00fas en Newport Beach tienen m\u00e1s de 60 a\u00f1os de experiencia legal colectiva en el manejo de casos de lesiones personales. Nuestro equipo legal est\u00e1 disponible 24\/7 para ofrecer asistencia legal. Evaluaremos su caso, lo guiaremos a trav\u00e9s del proceso de creaci\u00f3n de su reclamo y negociaremos con las compa\u00f1\u00edas de seguros para obtener la compensaci\u00f3n que merece.<\/p>\n<p>Para programar una consulta gratuita y sin compromiso en nuestro bufete de abogados de lesiones personales de Newport Beach, comun\u00edquese con nuestro equipo legal las 24 horas, los 7 d\u00edas de la semana llamando al\u00a0<strong>888-491-9519<\/strong>\u00a0o enviando un correo electr\u00f3nico a\u00a0<a href=\"mailto:info@westcoasttriallawyers.com\"><strong>info@westcoasttriallawyers.com<\/strong><\/a><strong>.\u00a0<\/strong><\/p>\n<h2><strong>Tipos comunes de lesiones por resbalones y ca\u00eddas<\/strong><\/h2>\n<p>Las lesiones por resbalones y ca\u00eddas pueden variar seg\u00fan la gravedad de la ca\u00edda. Los niveles de dolor pueden variar de leves, moderados o severos. Las lesiones comunes incluyen las siguientes:<\/p>\n<ul>\n<li>Cortes,<\/li>\n<li>Moretones,<\/li>\n<li>Huesos rotos,<\/li>\n<li>Tensi\u00f3n muscular,<\/li>\n<li>Lesi\u00f3n de la m\u00e9dula espinal,<\/li>\n<li>Lesi\u00f3n nerviosa,<\/li>\n<li>Lesi\u00f3n en la cabeza o el cuello, o<\/li>\n<li>Da\u00f1o en la rodilla.<\/li>\n<\/ul>\n<p>Si solo sufri\u00f3 una lesi\u00f3n menor, a\u00fan debe considerar que un m\u00e9dico le revise la herida. El m\u00e9dico evaluar\u00e1 su herida para determinar si es posible que necesite tratamiento m\u00e9dico adicional para que se recupere. Tambi\u00e9n pueden recomendar tomar alg\u00fan medicamento de venta libre para ayudar a calmar o curar la herida.<\/p>\n<p>Si su accidente de resbal\u00f3n y ca\u00edda lo dej\u00f3 con lesiones moderadas o graves, debe hacerse revisar en la sala de emergencias para recibir atenci\u00f3n m\u00e9dica inmediata. El m\u00e9dico realizar\u00e1 pruebas de diagn\u00f3stico por im\u00e1genes para determinar si sufri\u00f3 fracturas \u00f3seas graves o cortes que requieran cirug\u00eda u otras formas de procedimientos.<\/p>\n<p>Su visita al m\u00e9dico oa la sala de emergencias se guardar\u00e1 en un archivo. Dado que las compa\u00f1\u00edas de seguros pueden cuestionar si realmente sufri\u00f3 una lesi\u00f3n por la ca\u00edda, puede solicitar registros m\u00e9dicos relacionados con el incidente para usarlos como prueba de que, de hecho, result\u00f3 lesionado.<\/p>\n<h2><strong>Determinaci\u00f3n de responsabilidad por un accidente de resbal\u00f3n y ca\u00edda en un autob\u00fas<\/strong><\/h2>\n<p>Determinar la responsabilidad por un accidente de resbal\u00f3n y ca\u00edda en un autob\u00fas puede ser bastante complejo. Tendr\u00e1 que tener en cuenta varios factores para descubrir qui\u00e9n fue realmente el que hizo que se cayera y se lastimara. Las partes potenciales que pueden ser culpables de este tipo de incidente incluyen:<\/p>\n<ul>\n<li><strong>T\u00fa.<\/strong>\u00a0Si estaba bajo la influencia de drogas o alcohol, podr\u00eda haber tenido problemas de visi\u00f3n o falta de estabilidad. Sin saber hacia d\u00f3nde se dirige o ser plenamente consciente de su entorno, podr\u00eda caerse f\u00e1cilmente. Otro factor podr\u00eda ser que sus zapatos est\u00e9n desatados. Caminar con los cordones por todos lados podr\u00eda hacer que sea m\u00e1s probable que los pises y te caigas.<\/li>\n<li><strong>El conductor del bus.<\/strong>\u00a0Los conductores de autobuses sin experiencia pueden tener dificultades para conducir un veh\u00edculo grande sin problemas. Esto podr\u00eda hacer que los pasajeros se balanceen de un lado a otro con bastante frecuencia. Ahora, si un conductor de autob\u00fas imprudente tiene el control de un autob\u00fas, podr\u00eda tener un accidente, lo que podr\u00eda provocar que los pasajeros sean arrojados violentamente.<\/li>\n<li><strong>Otro pasajero.\u00a0<\/strong>Los pasajeros deben ser conscientes de su entorno cuando est\u00e1n sentados o de pie en un veh\u00edculo de transporte p\u00fablico. Se espera que coloquen sus pertenencias junto a ellos, y no en medio del pasillo, donde f\u00e1cilmente podr\u00eda hacer que otro pasajero tropiece y se caiga. Los pasajeros tambi\u00e9n deben mantener las partes de su cuerpo, como las piernas, para s\u00ed mismos en lugar de extenderlo hacia el medio del pasillo donde, nuevamente, podr\u00edan hacer que alguien se tropiece.<\/li>\n<\/ul>\n<p>Se recomienda a las v\u00edctimas de accidentes por resbalones y ca\u00eddas que se comuniquen con un abogado con experiencia en lesiones personales que evaluar\u00e1 su caso para determinar qui\u00e9n es el culpable.<\/p>\n<h2><strong>Estatuto de limitaciones para accidentes de autob\u00fas<\/strong><\/h2>\n<p>En California, los reclamos contra entidades p\u00fablicas y otras entidades de transporte administradas por el gobierno deben presentarse dentro de los seis meses posteriores a la fecha inicial del accidente. Los reclamos contra operadores y partes privadas no gubernamentales pueden presentarse dentro de los dos a\u00f1os a partir de la fecha inicial del accidente.<\/p>\n<p>Manejar el proceso de un reclamo por accidente de autob\u00fas por su cuenta puede ser estresante. Se pueden cometer muchos errores a lo largo del proceso de presentaci\u00f3n de un reclamo. Se recomienda encarecidamente a aquellos que han sufrido una lesi\u00f3n en el autob\u00fas que contraten a un abogado experto en accidentes de autob\u00fas. Lo ayudar\u00e1n a fortalecer su reclamo, negociar con su compa\u00f1\u00eda de seguros y obtener la compensaci\u00f3n que merece.<\/p>\n<h2><strong>Da\u00f1os Disponibles<\/strong><\/h2>\n<p>Los da\u00f1os son un tipo de compensaci\u00f3n monetaria determinada por un tribunal de justicia para ayudar a compensar a una persona agraviada por cualquier p\u00e9rdida o lesi\u00f3n sufrida como resultado de la negligencia de alguien.<\/p>\n<p><strong>Los da\u00f1os econ\u00f3micos<\/strong>\u00a0est\u00e1n destinados a compensar al demandante por las p\u00e9rdidas a las que se puede adjuntar f\u00e1cilmente una cantidad en d\u00f3lares. Se calcula determinando la cantidad de p\u00e9rdidas de bolsillo que una persona agraviada tiene o esperar\u00e1 incurrir como resultado de sus lesiones. Algunos ejemplos de p\u00e9rdidas econ\u00f3micas incluyen la p\u00e9rdida de la capacidad de generar ingresos, las facturas m\u00e9dicas y la p\u00e9rdida de salarios.<\/p>\n<p><strong>Los da\u00f1os no econ\u00f3micos<\/strong>\u00a0est\u00e1n destinados esencialmente a cubrir p\u00e9rdidas que se consideran subjetivas y no necesariamente cubrir\u00e1n p\u00e9rdidas de bolsillo. Esto puede incluir compensaci\u00f3n por angustia emocional, dolor y sufrimiento, y p\u00e9rdida del disfrute de la vida.<\/p>\n<p>El tercer tipo de da\u00f1os que puede otorgar un tribunal de California se conoce como\u00a0<strong>da\u00f1os punitivos<\/strong>. Los da\u00f1os punitivos tienen la intenci\u00f3n de ser un castigo y solo se otorgan cuando el comportamiento del acusado es especialmente da\u00f1ino. Es relativamente raro y, de hecho, solo se incorpor\u00f3 en el 5 por ciento de todos los veredictos. Adem\u00e1s, no existe un est\u00e1ndar real establecido para calcular y otorgar da\u00f1os punitivos. Los da\u00f1os punitivos se otorgan a discreci\u00f3n del tribunal y variar\u00e1n seg\u00fan las circunstancias espec\u00edficas de cada caso.<\/p>\n<h2><strong>Los abogados litigantes de la costa oeste est\u00e1n aqu\u00ed para ayudar<\/strong><\/h2>\n<p>Si result\u00f3 lesionado en un accidente de autob\u00fas como resultado de la negligencia de alguien o actos deliberados de malicia, tiene derecho a responsabilizar a la parte culpable por sus p\u00e9rdidas. Un abogado de accidentes de autob\u00fas de Newport Beach en West Coast Trial Lawyers lo ayudar\u00e1 a recuperar una compensaci\u00f3n por las p\u00e9rdidas que ha sufrido, incluidas las facturas m\u00e9dicas, da\u00f1os a la propiedad, salarios perdidos y dolor y sufrimiento.<\/p>\n<p>Comun\u00edquese con nosotros hoy llamando al\u00a0<strong>888-491-9519<\/strong>\u00a0o enviando un correo electr\u00f3nico a\u00a0<a href=\"mailto:info@westcoasttriallawyers.com\"><strong>info@westcoasttriallawyers.com<\/strong><\/a>\u00a0para programar una consulta gratuita con nuestro equipo legal experimentado, atento y compasivo.<br \/>\n<!-- WCTL_DEBUG: no shortcode in this_content --><\/p>\n","protected":false},"excerpt":{"rendered":"<p>\u00bfQu\u00e9 tipos de accidentes por resbalones y ca\u00eddas suelen ocurrir en un autob\u00fas? \u00bfQui\u00e9n puede ser considerado responsable de causarlo? La ciudad de Newport Beach no es ajena a los accidentes de autob\u00fas. Los factores comunes que han contribuido a la causa de estos accidentes de autob\u00fas incluyen el conductor del autob\u00fas y los conductores [&hellip;]<\/p>\n","protected":false},"author":475,"featured_media":47126,"parent":47410,"menu_order":0,"comment_status":"closed","ping_status":"closed","template":"","meta":{"inline_featured_image":false,"footnotes":""},"class_list":["post-13187","page","type-page","status-publish","has-post-thumbnail","hentry"],"acf":[],"yoast_head":"<!-- This site is optimized with the Yoast SEO Premium plugin v26.0 (Yoast SEO v26.0) - https:\/\/yoast.com\/wordpress\/plugins\/seo\/ -->\n<title>Abogado de accidentes de autob\u00fas en Newport Beach | West Coast Trial Lawyers<\/title>\n<meta name=\"robots\" content=\"index, follow, max-snippet:-1, max-image-preview:large, max-video-preview:-1\" \/>\n<link rel=\"canonical\" href=\"https:\/\/westcoasttriallawyers.com\/es\/california\/newport-beach\/abogados-accidentes-autobus-newport-beach\" \/>\n<meta property=\"og:locale\" content=\"es_ES\" \/>\n<meta property=\"og:type\" content=\"article\" \/>\n<meta property=\"og:title\" content=\"Abogado de accidentes de autob\u00fas en Newport Beach\" \/>\n<meta property=\"og:description\" content=\"\u00bfQu\u00e9 tipos de accidentes por resbalones y ca\u00eddas suelen ocurrir en un autob\u00fas? \u00bfQui\u00e9n puede ser considerado responsable de causarlo? La ciudad de Newport Beach no es ajena a los accidentes de autob\u00fas. Los factores comunes que han contribuido a la causa de estos accidentes de autob\u00fas incluyen el conductor del autob\u00fas y los conductores [&hellip;]\" \/>\n<meta property=\"og:url\" content=\"https:\/\/westcoasttriallawyers.com\/es\/california\/newport-beach\/abogados-accidentes-autobus-newport-beach\" \/>\n<meta property=\"og:site_name\" content=\"West Coast Trial Lawyers\" \/>\n<meta property=\"article:publisher\" content=\"https:\/\/www.facebook.com\/westcoasttriallawyers\/\" \/>\n<meta property=\"article:modified_time\" content=\"2026-01-21T21:58:04+00:00\" \/>\n<meta property=\"og:image\" content=\"https:\/\/westcoasttriallawyers.com\/wp-content\/uploads\/2025\/07\/Newport-Beach-7.webp\" \/>\n\t<meta property=\"og:image:width\" content=\"557\" \/>\n\t<meta property=\"og:image:height\" content=\"328\" \/>\n\t<meta property=\"og:image:type\" content=\"image\/webp\" \/>\n<meta name=\"twitter:card\" content=\"summary_large_image\" \/>\n<meta name=\"twitter:site\" content=\"@WestCoastTrial\" \/>\n<meta name=\"twitter:label1\" content=\"Tiempo de lectura\" \/>\n\t<meta name=\"twitter:data1\" content=\"6 minutos\" \/>\n<script type=\"application\/ld+json\" class=\"yoast-schema-graph\">{\"@context\":\"https:\/\/schema.org\",\"@graph\":[{\"@type\":[\"WebPage\",\"ItemPage\"],\"@id\":\"https:\/\/westcoasttriallawyers.com\/es\/california\/newport-beach\/abogados-accidentes-autobus-newport-beach\",\"url\":\"https:\/\/westcoasttriallawyers.com\/es\/california\/newport-beach\/abogados-accidentes-autobus-newport-beach\",\"name\":\"Abogado de accidentes de autob\u00fas en Newport Beach | West Coast Trial Lawyers\",\"isPartOf\":{\"@id\":\"https:\/\/westcoasttriallawyers.com\/es#website\"},\"primaryImageOfPage\":{\"@id\":\"https:\/\/westcoasttriallawyers.com\/es\/california\/newport-beach\/abogados-accidentes-autobus-newport-beach#primaryimage\"},\"image\":{\"@id\":\"https:\/\/westcoasttriallawyers.com\/es\/california\/newport-beach\/abogados-accidentes-autobus-newport-beach#primaryimage\"},\"thumbnailUrl\":\"https:\/\/westcoasttriallawyers.com\/wp-content\/uploads\/2025\/07\/Newport-Beach-7.webp\",\"datePublished\":\"2026-01-14T18:34:09+00:00\",\"dateModified\":\"2026-01-21T21:58:04+00:00\",\"breadcrumb\":{\"@id\":\"https:\/\/westcoasttriallawyers.com\/es\/california\/newport-beach\/abogados-accidentes-autobus-newport-beach#breadcrumb\"},\"inLanguage\":\"es\",\"potentialAction\":[{\"@type\":\"ReadAction\",\"target\":[\"https:\/\/westcoasttriallawyers.com\/es\/california\/newport-beach\/abogados-accidentes-autobus-newport-beach\"]}]},{\"@type\":\"ImageObject\",\"inLanguage\":\"es\",\"@id\":\"https:\/\/westcoasttriallawyers.com\/es\/california\/newport-beach\/abogados-accidentes-autobus-newport-beach#primaryimage\",\"url\":\"https:\/\/westcoasttriallawyers.com\/wp-content\/uploads\/2025\/07\/Newport-Beach-7.webp\",\"contentUrl\":\"https:\/\/westcoasttriallawyers.com\/wp-content\/uploads\/2025\/07\/Newport-Beach-7.webp\",\"width\":557,\"height\":328},{\"@type\":\"BreadcrumbList\",\"@id\":\"https:\/\/westcoasttriallawyers.com\/es\/california\/newport-beach\/abogados-accidentes-autobus-newport-beach#breadcrumb\",\"itemListElement\":[{\"@type\":\"ListItem\",\"position\":1,\"name\":\"Inicio\",\"item\":\"https:\/\/westcoasttriallawyers.com\/es\"},{\"@type\":\"ListItem\",\"position\":2,\"name\":\"California\",\"item\":\"https:\/\/westcoasttriallawyers.com\/es\/california\"},{\"@type\":\"ListItem\",\"position\":3,\"name\":\"Newport Beach\",\"item\":\"https:\/\/westcoasttriallawyers.com\/es\/california\/newport-beach\"},{\"@type\":\"ListItem\",\"position\":4,\"name\":\"Abogado de accidentes de autob\u00fas en Newport Beach\"}]},{\"@type\":\"WebSite\",\"@id\":\"https:\/\/westcoasttriallawyers.com\/es#website\",\"url\":\"https:\/\/westcoasttriallawyers.com\/es\",\"name\":\"West Coast Trial Lawyers\",\"description\":\"West Coast Trial Lawyers\",\"publisher\":{\"@id\":\"https:\/\/westcoasttriallawyers.com\/es#organization\"},\"alternateName\":\"WCTL\",\"potentialAction\":[{\"@type\":\"SearchAction\",\"target\":{\"@type\":\"EntryPoint\",\"urlTemplate\":\"https:\/\/westcoasttriallawyers.com\/es?s={search_term_string}\"},\"query-input\":{\"@type\":\"PropertyValueSpecification\",\"valueRequired\":true,\"valueName\":\"search_term_string\"}}],\"inLanguage\":\"es\"},{\"@type\":\"Organization\",\"@id\":\"https:\/\/westcoasttriallawyers.com\/es#organization\",\"name\":\"West Coast Trial Lawyers\",\"alternateName\":\"WCTL\",\"url\":\"https:\/\/westcoasttriallawyers.com\/es\",\"logo\":{\"@type\":\"ImageObject\",\"inLanguage\":\"es\",\"@id\":\"https:\/\/westcoasttriallawyers.com\/es#\/schema\/logo\/image\/\",\"url\":\"https:\/\/westcoasttriallawyers.com\/wp-content\/uploads\/2026\/02\/WCTL-Logo.jpg\",\"contentUrl\":\"https:\/\/westcoasttriallawyers.com\/wp-content\/uploads\/2026\/02\/WCTL-Logo.jpg\",\"width\":696,\"height\":696,\"caption\":\"West Coast Trial Lawyers\"},\"image\":{\"@id\":\"https:\/\/westcoasttriallawyers.com\/es#\/schema\/logo\/image\/\"},\"sameAs\":[\"https:\/\/www.facebook.com\/westcoasttriallawyers\/\",\"https:\/\/x.com\/WestCoastTrial\",\"https:\/\/www.linkedin.com\/company\/west-coast-trial-lawyers\/\",\"https:\/\/www.instagram.com\/westcoasttriallawyers\/\",\"https:\/\/www.yelp.com\/biz\/west-coast-trial-lawyers-los-angeles-2\",\"https:\/\/www.pinterest.com\/westcoasttrial\/\",\"https:\/\/www.youtube.com\/westcoasttriallawyersla\/\",\"https:\/\/www.tiktok.com\/westcoasttriallawyers\"],\"description\":\"West Coast Trial Lawyers is a top-rated personal injury law firm with a goal to provide expert legal representation to those in need. The law firm has offices across California, Nevada, Arizona, and Washington.\",\"legalName\":\"West Coast Trial Lawyers\"}]}<\/script>\n<!-- \/ Yoast SEO Premium plugin. -->","yoast_head_json":{"title":"Abogado de accidentes de autob\u00fas en Newport Beach | West Coast Trial Lawyers","robots":{"index":"index","follow":"follow","max-snippet":"max-snippet:-1","max-image-preview":"max-image-preview:large","max-video-preview":"max-video-preview:-1"},"canonical":"https:\/\/westcoasttriallawyers.com\/es\/california\/newport-beach\/abogados-accidentes-autobus-newport-beach","og_locale":"es_ES","og_type":"article","og_title":"Abogado de accidentes de autob\u00fas en Newport Beach","og_description":"\u00bfQu\u00e9 tipos de accidentes por resbalones y ca\u00eddas suelen ocurrir en un autob\u00fas? \u00bfQui\u00e9n puede ser considerado responsable de causarlo? La ciudad de Newport Beach no es ajena a los accidentes de autob\u00fas. Los factores comunes que han contribuido a la causa de estos accidentes de autob\u00fas incluyen el conductor del autob\u00fas y los conductores [&hellip;]","og_url":"https:\/\/westcoasttriallawyers.com\/es\/california\/newport-beach\/abogados-accidentes-autobus-newport-beach","og_site_name":"West Coast Trial Lawyers","article_publisher":"https:\/\/www.facebook.com\/westcoasttriallawyers\/","article_modified_time":"2026-01-21T21:58:04+00:00","og_image":[{"width":557,"height":328,"url":"https:\/\/westcoasttriallawyers.com\/wp-content\/uploads\/2025\/07\/Newport-Beach-7.webp","type":"image\/webp"}],"twitter_card":"summary_large_image","twitter_site":"@WestCoastTrial","twitter_misc":{"Tiempo de lectura":"6 minutos"},"schema":{"@context":"https:\/\/schema.org","@graph":[{"@type":["WebPage","ItemPage"],"@id":"https:\/\/westcoasttriallawyers.com\/es\/california\/newport-beach\/abogados-accidentes-autobus-newport-beach","url":"https:\/\/westcoasttriallawyers.com\/es\/california\/newport-beach\/abogados-accidentes-autobus-newport-beach","name":"Abogado de accidentes de autob\u00fas en Newport Beach | West Coast Trial Lawyers","isPartOf":{"@id":"https:\/\/westcoasttriallawyers.com\/es#website"},"primaryImageOfPage":{"@id":"https:\/\/westcoasttriallawyers.com\/es\/california\/newport-beach\/abogados-accidentes-autobus-newport-beach#primaryimage"},"image":{"@id":"https:\/\/westcoasttriallawyers.com\/es\/california\/newport-beach\/abogados-accidentes-autobus-newport-beach#primaryimage"},"thumbnailUrl":"https:\/\/westcoasttriallawyers.com\/wp-content\/uploads\/2025\/07\/Newport-Beach-7.webp","datePublished":"2026-01-14T18:34:09+00:00","dateModified":"2026-01-21T21:58:04+00:00","breadcrumb":{"@id":"https:\/\/westcoasttriallawyers.com\/es\/california\/newport-beach\/abogados-accidentes-autobus-newport-beach#breadcrumb"},"inLanguage":"es","potentialAction":[{"@type":"ReadAction","target":["https:\/\/westcoasttriallawyers.com\/es\/california\/newport-beach\/abogados-accidentes-autobus-newport-beach"]}]},{"@type":"ImageObject","inLanguage":"es","@id":"https:\/\/westcoasttriallawyers.com\/es\/california\/newport-beach\/abogados-accidentes-autobus-newport-beach#primaryimage","url":"https:\/\/westcoasttriallawyers.com\/wp-content\/uploads\/2025\/07\/Newport-Beach-7.webp","contentUrl":"https:\/\/westcoasttriallawyers.com\/wp-content\/uploads\/2025\/07\/Newport-Beach-7.webp","width":557,"height":328},{"@type":"BreadcrumbList","@id":"https:\/\/westcoasttriallawyers.com\/es\/california\/newport-beach\/abogados-accidentes-autobus-newport-beach#breadcrumb","itemListElement":[{"@type":"ListItem","position":1,"name":"Inicio","item":"https:\/\/westcoasttriallawyers.com\/es"},{"@type":"ListItem","position":2,"name":"California","item":"https:\/\/westcoasttriallawyers.com\/es\/california"},{"@type":"ListItem","position":3,"name":"Newport Beach","item":"https:\/\/westcoasttriallawyers.com\/es\/california\/newport-beach"},{"@type":"ListItem","position":4,"name":"Abogado de accidentes de autob\u00fas en Newport Beach"}]},{"@type":"WebSite","@id":"https:\/\/westcoasttriallawyers.com\/es#website","url":"https:\/\/westcoasttriallawyers.com\/es","name":"West Coast Trial Lawyers","description":"West Coast Trial Lawyers","publisher":{"@id":"https:\/\/westcoasttriallawyers.com\/es#organization"},"alternateName":"WCTL","potentialAction":[{"@type":"SearchAction","target":{"@type":"EntryPoint","urlTemplate":"https:\/\/westcoasttriallawyers.com\/es?s={search_term_string}"},"query-input":{"@type":"PropertyValueSpecification","valueRequired":true,"valueName":"search_term_string"}}],"inLanguage":"es"},{"@type":"Organization","@id":"https:\/\/westcoasttriallawyers.com\/es#organization","name":"West Coast Trial Lawyers","alternateName":"WCTL","url":"https:\/\/westcoasttriallawyers.com\/es","logo":{"@type":"ImageObject","inLanguage":"es","@id":"https:\/\/westcoasttriallawyers.com\/es#\/schema\/logo\/image\/","url":"https:\/\/westcoasttriallawyers.com\/wp-content\/uploads\/2026\/02\/WCTL-Logo.jpg","contentUrl":"https:\/\/westcoasttriallawyers.com\/wp-content\/uploads\/2026\/02\/WCTL-Logo.jpg","width":696,"height":696,"caption":"West Coast Trial Lawyers"},"image":{"@id":"https:\/\/westcoasttriallawyers.com\/es#\/schema\/logo\/image\/"},"sameAs":["https:\/\/www.facebook.com\/westcoasttriallawyers\/","https:\/\/x.com\/WestCoastTrial","https:\/\/www.linkedin.com\/company\/west-coast-trial-lawyers\/","https:\/\/www.instagram.com\/westcoasttriallawyers\/","https:\/\/www.yelp.com\/biz\/west-coast-trial-lawyers-los-angeles-2","https:\/\/www.pinterest.com\/westcoasttrial\/","https:\/\/www.youtube.com\/westcoasttriallawyersla\/","https:\/\/www.tiktok.com\/westcoasttriallawyers"],"description":"West Coast Trial Lawyers is a top-rated personal injury law firm with a goal to provide expert legal representation to those in need. The law firm has offices across California, Nevada, Arizona, and Washington.","legalName":"West Coast Trial Lawyers"}]}},"_links":{"self":[{"href":"https:\/\/westcoasttriallawyers.com\/es\/wp-json\/wp\/v2\/pages\/13187","targetHints":{"allow":["GET"]}}],"collection":[{"href":"https:\/\/westcoasttriallawyers.com\/es\/wp-json\/wp\/v2\/pages"}],"about":[{"href":"https:\/\/westcoasttriallawyers.com\/es\/wp-json\/wp\/v2\/types\/page"}],"author":[{"embeddable":true,"href":"https:\/\/westcoasttriallawyers.com\/es\/wp-json\/wp\/v2\/users\/475"}],"replies":[{"embeddable":true,"href":"https:\/\/westcoasttriallawyers.com\/es\/wp-json\/wp\/v2\/comments?post=13187"}],"version-history":[{"count":4,"href":"https:\/\/westcoasttriallawyers.com\/es\/wp-json\/wp\/v2\/pages\/13187\/revisions"}],"predecessor-version":[{"id":47763,"href":"https:\/\/westcoasttriallawyers.com\/es\/wp-json\/wp\/v2\/pages\/13187\/revisions\/47763"}],"up":[{"embeddable":true,"href":"https:\/\/westcoasttriallawyers.com\/es\/wp-json\/wp\/v2\/pages\/47410"}],"wp:featuredmedia":[{"embeddable":true,"href":"https:\/\/westcoasttriallawyers.com\/es\/wp-json\/wp\/v2\/media\/47126"}],"wp:attachment":[{"href":"https:\/\/westcoasttriallawyers.com\/es\/wp-json\/wp\/v2\/media?parent=13187"}],"curies":[{"name":"wp","href":"https:\/\/api.w.org\/{rel}","templated":true}]}}