{"id":13186,"date":"2026-01-14T18:34:20","date_gmt":"2026-01-14T18:34:20","guid":{"rendered":"https:\/\/wctl1stg.wpengine.com\/?page_id=13186"},"modified":"2026-01-21T23:09:12","modified_gmt":"2026-01-21T23:09:12","slug":"abogados-muerte-injusta-newport-beach","status":"publish","type":"page","link":"https:\/\/westcoasttriallawyers.com\/es\/california\/newport-beach\/abogados-muerte-injusta-newport-beach","title":{"rendered":"Abogado de Muerte Injusta de Newport Beach"},"content":{"rendered":"<h2><strong>\u00bfC\u00f3mo se presenta un reclamo por muerte injusta? \u00bfQui\u00e9n puede tener derecho a solicitar una indemnizaci\u00f3n por da\u00f1os y perjuicios?<\/strong><\/h2>\n<p>Una muerte injusta es un suceso inesperado y tr\u00e1gico que generalmente es causado por acciones negligentes. Pasar por un evento desafortunado como este generalmente lleva mucho tiempo para que las personas lo afronten. Si un ser querido falleci\u00f3 por una muerte injusta, le enviamos nuestras m\u00e1s profundas condolencias.<\/p>\n<p>Mientras atraviesa este momento dif\u00edcil de su vida, es posible que se pregunte c\u00f3mo puede cerrar este desafortunado incidente. Si desea demandar a la parte culpable, ser\u00eda mejor que se comunique con un abogado de muerte injusta. Los herederos de la v\u00edctima tienen derecho a obtener una compensaci\u00f3n por los da\u00f1os econ\u00f3micos y no econ\u00f3micos causados por la muerte injusta de su ser querido. La compensaci\u00f3n recuperable incluye facturas m\u00e9dicas, p\u00e9rdida de capacidad de ingresos, p\u00e9rdida de consorcio, dolor y sufrimiento, y m\u00e1s.<\/p>\n<p>Si perdi\u00f3 a un ser querido debido a la negligencia de otra persona, West Coast Trial Lawyers cuenta con abogados experimentados en muerte injusta en Newport Beach que le brindar\u00e1n la justicia que se merece. Hemos ganado m\u00e1s de 5000 casos de lesiones personales y hemos recuperado m\u00e1s de $1000 millones en acuerdos para nuestros clientes. Debido a nuestros logros, estamos seguros de que ofreceremos un buen acuerdo que ayudar\u00e1 a cubrir cualquier p\u00e9rdida que haya sufrido durante este momento dif\u00edcil de su vida.<\/p>\n<p>Para programar una consulta gratuita y sin compromiso en nuestro bufete de abogados de lesiones personales de Newport Beach, comun\u00edquese con nuestro equipo legal las 24 horas, los 7 d\u00edas de la semana llamando al\u00a0<strong>213-927-3700<\/strong> o enviando un correo electr\u00f3nico a\u00a0<a href=\"mailto:info@westcoasttriallawyers.com\"><strong>info@westcoasttriallawyers.com<\/strong><\/a><strong>.\u00a0<\/strong><\/p>\n<h2><strong>Presentar un Reclamo de Muerte Injusta<\/strong><\/h2>\n<p>Un reclamo por muerte injusta se presenta cuando una parte o partes tienen la culpa de cometer acciones negligentes que han llevado a una muerte injusta. El proceso de presentar un reclamo injusto puede ser desalentador. Lo que empeora las cosas es que las compa\u00f1\u00edas de seguros pueden ofrecer una compensaci\u00f3n baja o rechazar su reclamo. Si una compa\u00f1\u00eda de seguros decide rechazar su reclamo o le hace una oferta injusta, es posible que tenga derecho a presentar una demanda contra esa compa\u00f1\u00eda de seguros y\/o la(s) parte(s) culpable(s).<\/p>\n<p>Para disminuir su ya pesada carga de tratar de sobrellevar la p\u00e9rdida de un ser querido, debe buscar la ayuda de un abogado de muerte injusta que tenga experiencia en negociar con compa\u00f1\u00edas de seguros y obtener la compensaci\u00f3n que se merece.<\/p>\n<h2><strong>\u00bfQui\u00e9n es elegible para demandar por muerte injusta?<\/strong><\/h2>\n<p>Seg\u00fan las leyes de muerte injusta de California, los familiares sobrevivientes pueden tener derecho a presentar un reclamo por muerte injusta para obtener una compensaci\u00f3n por sus p\u00e9rdidas. A continuaci\u00f3n se muestra una lista de aquellos que son elegibles para emprender acciones legales contra la(s) parte(s) culpable(s) por la p\u00e9rdida de su ser querido:<\/p>\n<ul>\n<li><strong>El c\u00f3nyuge sobreviviente:<\/strong> el c\u00f3nyuge del difunto suele ser la primera persona reconocida con capacidad para demandar.<\/li>\n<li><strong>Hijos o descendencia del difunto:<\/strong> Si no hay c\u00f3nyuge o el c\u00f3nyuge no quiere o no puede, los hijos pueden demandar. No existe ning\u00fan requisito de que estos puedan ser hijos \u00fanicos del \u00faltimo matrimonio del difunto. Cualquier hijo del difunto puede demandar.<\/li>\n<li><strong>Menores dependientes:<\/strong> si el difunto estaba casado y tanto \u00e9l como su c\u00f3nyuge fallecieron, entonces sus hijos menores que han vivido en el hogar del difunto durante al menos 6 meses pueden demandar.<\/li>\n<li><strong>El c\u00f3nyuge putativo:<\/strong> Un c\u00f3nyuge putativo es aquel que no ha demostrado estar legalmente casado con el difunto. Por ley, este puede ser el c\u00f3nyuge sobreviviente de un matrimonio nulo o anulable que haya cre\u00eddo de buena fe que el matrimonio era v\u00e1lido. Tal c\u00f3nyuge tambi\u00e9n puede demandar.<\/li>\n<li><strong>Hijos del c\u00f3nyuge putativo:<\/strong> Si se demuestra que los hijos del c\u00f3nyuge putativo dependen econ\u00f3micamente del difunto, tambi\u00e9n pueden demandar.<\/li>\n<li><strong>Hijastros del difunto:<\/strong> Cuando se demuestre que los hijastros depend\u00edan econ\u00f3micamente del difunto, tambi\u00e9n pueden demandar.<\/li>\n<li><strong>Padres del difunto:<\/strong> Si los padres del difunto pueden demostrar confianza o dependencia econ\u00f3mica del difunto, tambi\u00e9n tendr\u00e1n derecho a demandar. Por ejemplo, si pueden demostrar que el difunto era una fuente importante de apoyo familiar para ellos antes de su muerte.<\/li>\n<li><strong>Si no hay c\u00f3nyuge o descendencia sobreviviente:<\/strong> En esta situaci\u00f3n, cualquiera que tenga derecho a la propiedad del difunto por sucesi\u00f3n intestada puede demandar. Esto ampl\u00eda el grupo de personas potencialmente elegibles para incluir hermanos, t\u00edas, t\u00edos, sobrinos, sobrinas o cualquier otra persona que pueda tener la posibilidad de heredar al difunto.<\/li>\n<\/ul>\n<h2><strong>Determinaci\u00f3n del valor de un caso de muerte injusta<\/strong><\/h2>\n<p>Al determinar el valor de un caso de muerte injusta, un ajustador de reclamos de seguros o un jurado y un juez tendr\u00e1n en cuenta lo siguiente:<\/p>\n<ul>\n<li><strong>El familiar sobreviviente.<\/strong> Se refiere a la persona que present\u00f3 el reclamo y\/oa la familia que recibir\u00e1 el reclamo. El ajustador de reclamos de seguros, el jurado y el juez en un tribunal de justicia toman en consideraci\u00f3n el car\u00e1cter y el motivo de aquellos que recibir\u00e1n el dinero del reclamo de seguros.<\/li>\n<li><strong>Los difuntos.<\/strong> El ajustador de reclamaciones de seguros, el jurado y el juez tambi\u00e9n tendr\u00e1n en cuenta el car\u00e1cter moral de la persona fallecida. \u00bfSu car\u00e1cter los considerar\u00e1 como una buena o mala persona? Si bien estas cuestiones de moralidad del car\u00e1cter pueden parecer irrelevantes para el hecho de que una persona muri\u00f3 en un acto de muerte injusta, la apelaci\u00f3n moral es lo que ayudar\u00e1 al jurado a determinar si la cantidad por la que se demanda es adecuada o no.<\/li>\n<li><strong>La cantidad de seguro disponible para cubrir la reclamaci\u00f3n.<\/strong> Este es un aspecto crucial cuando se trata de determinar si se otorgar\u00e1 o no el monto presentado por una demanda por muerte injusta. Si est\u00e1 demandando por m\u00e1s de la cantidad de seguro disponible para un reclamo por muerte injusta, se espera que el individuo culpable pague el saldo restante. Esto puede considerarse malicia de su parte, seg\u00fan la ocupaci\u00f3n, el car\u00e1cter y las identidades del acusado.<\/li>\n<li><strong>La parte o partes culpables de causar la muerte injusta.<\/strong> El liquidador de reclamos de seguros, el jurado y el juez en un tribunal de justicia tambi\u00e9n considerar\u00e1n el car\u00e1cter de la parte culpable. Una vez m\u00e1s, entra en juego esta cuesti\u00f3n de la moralidad del car\u00e1cter. \u00bfEs el delincuente una buena persona que involuntariamente contribuy\u00f3 al accidente, o es intencionalmente imprudente? Otros factores, como la ocupaci\u00f3n y la identidad de la persona culpable, tambi\u00e9n pueden entrar en juego con este factor.<\/li>\n<li><strong>La jurisdicci\u00f3n de la ley y la ubicaci\u00f3n de los tribunales.<\/strong> D\u00f3nde y bajo qu\u00e9 entorno se escucha el caso tambi\u00e9n puede afectar el fallo en una demanda por muerte injusta.<\/li>\n<li><strong>El juez.<\/strong> La reputaci\u00f3n de un juez por sus fallos en demandas por homicidio culposo puede tener un impacto en el resultado del caso. Si le asignan un juez que es conocido por fallar en contra del demandante de demandas por muerte injusta, aseg\u00farese de tener un abogado con experiencia para construir un caso s\u00f3lido para usted.<\/li>\n<li><strong>La reputaci\u00f3n del abogado y del equipo legal que lo representa.<\/strong> Por \u00faltimo, la reputaci\u00f3n de su abogado puede tener un gran efecto en el resultado final de su demanda. Si el abogado que ha contratado tiene mala reputaci\u00f3n por representar a clientes en nombre de la codicia sin preocuparse por el difunto, esto puede jugar en su favor.<\/li>\n<\/ul>\n<h2><strong>Los abogados litigantes de la costa oeste est\u00e1n aqu\u00ed para ayudar<\/strong><\/h2>\n<p>Si ha perdido a un ser querido como resultado de la negligencia de alguien o actos deliberados de malicia, tiene derecho a responsabilizar a la parte culpable por sus p\u00e9rdidas. Un abogado de muerte injusta de Newport Beach en West Coast Trial Lawyers lo ayudar\u00e1 a recuperar una compensaci\u00f3n, que incluye facturas m\u00e9dicas, da\u00f1os a la propiedad, salarios perdidos y dolor y sufrimiento.<\/p>\n<p>Comun\u00edquese con nosotros hoy llamando al\u00a0<strong>213-927-3700<\/strong> o enviando un correo electr\u00f3nico a\u00a0<a href=\"mailto:info@westcoasttriallawyers.com\"><strong>info@westcoasttriallawyers.com<\/strong><\/a><strong>\u00a0<\/strong>para programar una consulta gratuita con nuestro equipo legal experimentado, atento y compasivo<br \/>\n<!-- WCTL_DEBUG: no shortcode in this_content --><\/p>\n","protected":false},"excerpt":{"rendered":"<p>\u00bfC\u00f3mo se presenta un reclamo por muerte injusta? \u00bfQui\u00e9n puede tener derecho a solicitar una indemnizaci\u00f3n por da\u00f1os y perjuicios? Una muerte injusta es un suceso inesperado y tr\u00e1gico que generalmente es causado por acciones negligentes. Pasar por un evento desafortunado como este generalmente lleva mucho tiempo para que las personas lo afronten. Si un [&hellip;]<\/p>\n","protected":false},"author":475,"featured_media":47181,"parent":47410,"menu_order":0,"comment_status":"closed","ping_status":"closed","template":"","meta":{"inline_featured_image":false,"footnotes":""},"class_list":["post-13186","page","type-page","status-publish","has-post-thumbnail","hentry"],"acf":[],"yoast_head":"<!-- This site is optimized with the Yoast SEO Premium plugin v26.0 (Yoast SEO v26.0) - https:\/\/yoast.com\/wordpress\/plugins\/seo\/ -->\n<title>Abogado de Muerte Injusta de Newport Beach | West Coast Trial Lawyers<\/title>\n<meta name=\"robots\" content=\"index, follow, max-snippet:-1, max-image-preview:large, max-video-preview:-1\" \/>\n<link rel=\"canonical\" href=\"https:\/\/westcoasttriallawyers.com\/es\/california\/newport-beach\/abogados-muerte-injusta-newport-beach\" \/>\n<meta property=\"og:locale\" content=\"es_ES\" \/>\n<meta property=\"og:type\" content=\"article\" \/>\n<meta property=\"og:title\" content=\"Abogado de Muerte Injusta de Newport Beach\" \/>\n<meta property=\"og:description\" content=\"\u00bfC\u00f3mo se presenta un reclamo por muerte injusta? \u00bfQui\u00e9n puede tener derecho a solicitar una indemnizaci\u00f3n por da\u00f1os y perjuicios? Una muerte injusta es un suceso inesperado y tr\u00e1gico que generalmente es causado por acciones negligentes. Pasar por un evento desafortunado como este generalmente lleva mucho tiempo para que las personas lo afronten. Si un [&hellip;]\" \/>\n<meta property=\"og:url\" content=\"https:\/\/westcoasttriallawyers.com\/es\/california\/newport-beach\/abogados-muerte-injusta-newport-beach\" \/>\n<meta property=\"og:site_name\" content=\"West Coast Trial Lawyers\" \/>\n<meta property=\"article:publisher\" content=\"https:\/\/www.facebook.com\/westcoasttriallawyers\/\" \/>\n<meta property=\"article:modified_time\" content=\"2026-01-21T23:09:12+00:00\" \/>\n<meta property=\"og:image\" content=\"https:\/\/westcoasttriallawyers.com\/wp-content\/uploads\/2025\/07\/Newport-Beach-29.webp\" \/>\n\t<meta property=\"og:image:width\" content=\"557\" \/>\n\t<meta property=\"og:image:height\" content=\"328\" \/>\n\t<meta property=\"og:image:type\" content=\"image\/webp\" \/>\n<meta name=\"twitter:card\" content=\"summary_large_image\" \/>\n<meta name=\"twitter:site\" content=\"@WestCoastTrial\" \/>\n<meta name=\"twitter:label1\" content=\"Tiempo de lectura\" \/>\n\t<meta name=\"twitter:data1\" content=\"7 minutos\" \/>\n<script type=\"application\/ld+json\" class=\"yoast-schema-graph\">{\"@context\":\"https:\/\/schema.org\",\"@graph\":[{\"@type\":[\"WebPage\",\"ItemPage\"],\"@id\":\"https:\/\/westcoasttriallawyers.com\/es\/california\/newport-beach\/abogados-muerte-injusta-newport-beach\",\"url\":\"https:\/\/westcoasttriallawyers.com\/es\/california\/newport-beach\/abogados-muerte-injusta-newport-beach\",\"name\":\"Abogado de Muerte Injusta de Newport Beach | West Coast Trial Lawyers\",\"isPartOf\":{\"@id\":\"https:\/\/westcoasttriallawyers.com\/es#website\"},\"primaryImageOfPage\":{\"@id\":\"https:\/\/westcoasttriallawyers.com\/es\/california\/newport-beach\/abogados-muerte-injusta-newport-beach#primaryimage\"},\"image\":{\"@id\":\"https:\/\/westcoasttriallawyers.com\/es\/california\/newport-beach\/abogados-muerte-injusta-newport-beach#primaryimage\"},\"thumbnailUrl\":\"https:\/\/westcoasttriallawyers.com\/wp-content\/uploads\/2025\/07\/Newport-Beach-29.webp\",\"datePublished\":\"2026-01-14T18:34:20+00:00\",\"dateModified\":\"2026-01-21T23:09:12+00:00\",\"breadcrumb\":{\"@id\":\"https:\/\/westcoasttriallawyers.com\/es\/california\/newport-beach\/abogados-muerte-injusta-newport-beach#breadcrumb\"},\"inLanguage\":\"es\",\"potentialAction\":[{\"@type\":\"ReadAction\",\"target\":[\"https:\/\/westcoasttriallawyers.com\/es\/california\/newport-beach\/abogados-muerte-injusta-newport-beach\"]}]},{\"@type\":\"ImageObject\",\"inLanguage\":\"es\",\"@id\":\"https:\/\/westcoasttriallawyers.com\/es\/california\/newport-beach\/abogados-muerte-injusta-newport-beach#primaryimage\",\"url\":\"https:\/\/westcoasttriallawyers.com\/wp-content\/uploads\/2025\/07\/Newport-Beach-29.webp\",\"contentUrl\":\"https:\/\/westcoasttriallawyers.com\/wp-content\/uploads\/2025\/07\/Newport-Beach-29.webp\",\"width\":557,\"height\":328},{\"@type\":\"BreadcrumbList\",\"@id\":\"https:\/\/westcoasttriallawyers.com\/es\/california\/newport-beach\/abogados-muerte-injusta-newport-beach#breadcrumb\",\"itemListElement\":[{\"@type\":\"ListItem\",\"position\":1,\"name\":\"Inicio\",\"item\":\"https:\/\/westcoasttriallawyers.com\/es\"},{\"@type\":\"ListItem\",\"position\":2,\"name\":\"California\",\"item\":\"https:\/\/westcoasttriallawyers.com\/es\/california\"},{\"@type\":\"ListItem\",\"position\":3,\"name\":\"Newport Beach\",\"item\":\"https:\/\/westcoasttriallawyers.com\/es\/california\/newport-beach\"},{\"@type\":\"ListItem\",\"position\":4,\"name\":\"Abogado de Muerte Injusta de Newport Beach\"}]},{\"@type\":\"WebSite\",\"@id\":\"https:\/\/westcoasttriallawyers.com\/es#website\",\"url\":\"https:\/\/westcoasttriallawyers.com\/es\",\"name\":\"West Coast Trial Lawyers\",\"description\":\"West Coast Trial Lawyers\",\"publisher\":{\"@id\":\"https:\/\/westcoasttriallawyers.com\/es#organization\"},\"alternateName\":\"WCTL\",\"potentialAction\":[{\"@type\":\"SearchAction\",\"target\":{\"@type\":\"EntryPoint\",\"urlTemplate\":\"https:\/\/westcoasttriallawyers.com\/es?s={search_term_string}\"},\"query-input\":{\"@type\":\"PropertyValueSpecification\",\"valueRequired\":true,\"valueName\":\"search_term_string\"}}],\"inLanguage\":\"es\"},{\"@type\":\"Organization\",\"@id\":\"https:\/\/westcoasttriallawyers.com\/es#organization\",\"name\":\"West Coast Trial Lawyers\",\"alternateName\":\"WCTL\",\"url\":\"https:\/\/westcoasttriallawyers.com\/es\",\"logo\":{\"@type\":\"ImageObject\",\"inLanguage\":\"es\",\"@id\":\"https:\/\/westcoasttriallawyers.com\/es#\/schema\/logo\/image\/\",\"url\":\"https:\/\/westcoasttriallawyers.com\/wp-content\/uploads\/2026\/02\/WCTL-Logo.jpg\",\"contentUrl\":\"https:\/\/westcoasttriallawyers.com\/wp-content\/uploads\/2026\/02\/WCTL-Logo.jpg\",\"width\":696,\"height\":696,\"caption\":\"West Coast Trial Lawyers\"},\"image\":{\"@id\":\"https:\/\/westcoasttriallawyers.com\/es#\/schema\/logo\/image\/\"},\"sameAs\":[\"https:\/\/www.facebook.com\/westcoasttriallawyers\/\",\"https:\/\/x.com\/WestCoastTrial\",\"https:\/\/www.linkedin.com\/company\/west-coast-trial-lawyers\/\",\"https:\/\/www.instagram.com\/westcoasttriallawyers\/\",\"https:\/\/www.yelp.com\/biz\/west-coast-trial-lawyers-los-angeles-2\",\"https:\/\/www.pinterest.com\/westcoasttrial\/\",\"https:\/\/www.youtube.com\/westcoasttriallawyersla\/\",\"https:\/\/www.tiktok.com\/westcoasttriallawyers\"],\"description\":\"West Coast Trial Lawyers is a top-rated personal injury law firm with a goal to provide expert legal representation to those in need. The law firm has offices across California, Nevada, Arizona, and Washington.\",\"legalName\":\"West Coast Trial Lawyers\"}]}<\/script>\n<!-- \/ Yoast SEO Premium plugin. -->","yoast_head_json":{"title":"Abogado de Muerte Injusta de Newport Beach | West Coast Trial Lawyers","robots":{"index":"index","follow":"follow","max-snippet":"max-snippet:-1","max-image-preview":"max-image-preview:large","max-video-preview":"max-video-preview:-1"},"canonical":"https:\/\/westcoasttriallawyers.com\/es\/california\/newport-beach\/abogados-muerte-injusta-newport-beach","og_locale":"es_ES","og_type":"article","og_title":"Abogado de Muerte Injusta de Newport Beach","og_description":"\u00bfC\u00f3mo se presenta un reclamo por muerte injusta? \u00bfQui\u00e9n puede tener derecho a solicitar una indemnizaci\u00f3n por da\u00f1os y perjuicios? Una muerte injusta es un suceso inesperado y tr\u00e1gico que generalmente es causado por acciones negligentes. Pasar por un evento desafortunado como este generalmente lleva mucho tiempo para que las personas lo afronten. Si un [&hellip;]","og_url":"https:\/\/westcoasttriallawyers.com\/es\/california\/newport-beach\/abogados-muerte-injusta-newport-beach","og_site_name":"West Coast Trial Lawyers","article_publisher":"https:\/\/www.facebook.com\/westcoasttriallawyers\/","article_modified_time":"2026-01-21T23:09:12+00:00","og_image":[{"width":557,"height":328,"url":"https:\/\/westcoasttriallawyers.com\/wp-content\/uploads\/2025\/07\/Newport-Beach-29.webp","type":"image\/webp"}],"twitter_card":"summary_large_image","twitter_site":"@WestCoastTrial","twitter_misc":{"Tiempo de lectura":"7 minutos"},"schema":{"@context":"https:\/\/schema.org","@graph":[{"@type":["WebPage","ItemPage"],"@id":"https:\/\/westcoasttriallawyers.com\/es\/california\/newport-beach\/abogados-muerte-injusta-newport-beach","url":"https:\/\/westcoasttriallawyers.com\/es\/california\/newport-beach\/abogados-muerte-injusta-newport-beach","name":"Abogado de Muerte Injusta de Newport Beach | West Coast Trial Lawyers","isPartOf":{"@id":"https:\/\/westcoasttriallawyers.com\/es#website"},"primaryImageOfPage":{"@id":"https:\/\/westcoasttriallawyers.com\/es\/california\/newport-beach\/abogados-muerte-injusta-newport-beach#primaryimage"},"image":{"@id":"https:\/\/westcoasttriallawyers.com\/es\/california\/newport-beach\/abogados-muerte-injusta-newport-beach#primaryimage"},"thumbnailUrl":"https:\/\/westcoasttriallawyers.com\/wp-content\/uploads\/2025\/07\/Newport-Beach-29.webp","datePublished":"2026-01-14T18:34:20+00:00","dateModified":"2026-01-21T23:09:12+00:00","breadcrumb":{"@id":"https:\/\/westcoasttriallawyers.com\/es\/california\/newport-beach\/abogados-muerte-injusta-newport-beach#breadcrumb"},"inLanguage":"es","potentialAction":[{"@type":"ReadAction","target":["https:\/\/westcoasttriallawyers.com\/es\/california\/newport-beach\/abogados-muerte-injusta-newport-beach"]}]},{"@type":"ImageObject","inLanguage":"es","@id":"https:\/\/westcoasttriallawyers.com\/es\/california\/newport-beach\/abogados-muerte-injusta-newport-beach#primaryimage","url":"https:\/\/westcoasttriallawyers.com\/wp-content\/uploads\/2025\/07\/Newport-Beach-29.webp","contentUrl":"https:\/\/westcoasttriallawyers.com\/wp-content\/uploads\/2025\/07\/Newport-Beach-29.webp","width":557,"height":328},{"@type":"BreadcrumbList","@id":"https:\/\/westcoasttriallawyers.com\/es\/california\/newport-beach\/abogados-muerte-injusta-newport-beach#breadcrumb","itemListElement":[{"@type":"ListItem","position":1,"name":"Inicio","item":"https:\/\/westcoasttriallawyers.com\/es"},{"@type":"ListItem","position":2,"name":"California","item":"https:\/\/westcoasttriallawyers.com\/es\/california"},{"@type":"ListItem","position":3,"name":"Newport Beach","item":"https:\/\/westcoasttriallawyers.com\/es\/california\/newport-beach"},{"@type":"ListItem","position":4,"name":"Abogado de Muerte Injusta de Newport Beach"}]},{"@type":"WebSite","@id":"https:\/\/westcoasttriallawyers.com\/es#website","url":"https:\/\/westcoasttriallawyers.com\/es","name":"West Coast Trial Lawyers","description":"West Coast Trial Lawyers","publisher":{"@id":"https:\/\/westcoasttriallawyers.com\/es#organization"},"alternateName":"WCTL","potentialAction":[{"@type":"SearchAction","target":{"@type":"EntryPoint","urlTemplate":"https:\/\/westcoasttriallawyers.com\/es?s={search_term_string}"},"query-input":{"@type":"PropertyValueSpecification","valueRequired":true,"valueName":"search_term_string"}}],"inLanguage":"es"},{"@type":"Organization","@id":"https:\/\/westcoasttriallawyers.com\/es#organization","name":"West Coast Trial Lawyers","alternateName":"WCTL","url":"https:\/\/westcoasttriallawyers.com\/es","logo":{"@type":"ImageObject","inLanguage":"es","@id":"https:\/\/westcoasttriallawyers.com\/es#\/schema\/logo\/image\/","url":"https:\/\/westcoasttriallawyers.com\/wp-content\/uploads\/2026\/02\/WCTL-Logo.jpg","contentUrl":"https:\/\/westcoasttriallawyers.com\/wp-content\/uploads\/2026\/02\/WCTL-Logo.jpg","width":696,"height":696,"caption":"West Coast Trial Lawyers"},"image":{"@id":"https:\/\/westcoasttriallawyers.com\/es#\/schema\/logo\/image\/"},"sameAs":["https:\/\/www.facebook.com\/westcoasttriallawyers\/","https:\/\/x.com\/WestCoastTrial","https:\/\/www.linkedin.com\/company\/west-coast-trial-lawyers\/","https:\/\/www.instagram.com\/westcoasttriallawyers\/","https:\/\/www.yelp.com\/biz\/west-coast-trial-lawyers-los-angeles-2","https:\/\/www.pinterest.com\/westcoasttrial\/","https:\/\/www.youtube.com\/westcoasttriallawyersla\/","https:\/\/www.tiktok.com\/westcoasttriallawyers"],"description":"West Coast Trial Lawyers is a top-rated personal injury law firm with a goal to provide expert legal representation to those in need. The law firm has offices across California, Nevada, Arizona, and Washington.","legalName":"West Coast Trial Lawyers"}]}},"_links":{"self":[{"href":"https:\/\/westcoasttriallawyers.com\/es\/wp-json\/wp\/v2\/pages\/13186","targetHints":{"allow":["GET"]}}],"collection":[{"href":"https:\/\/westcoasttriallawyers.com\/es\/wp-json\/wp\/v2\/pages"}],"about":[{"href":"https:\/\/westcoasttriallawyers.com\/es\/wp-json\/wp\/v2\/types\/page"}],"author":[{"embeddable":true,"href":"https:\/\/westcoasttriallawyers.com\/es\/wp-json\/wp\/v2\/users\/475"}],"replies":[{"embeddable":true,"href":"https:\/\/westcoasttriallawyers.com\/es\/wp-json\/wp\/v2\/comments?post=13186"}],"version-history":[{"count":3,"href":"https:\/\/westcoasttriallawyers.com\/es\/wp-json\/wp\/v2\/pages\/13186\/revisions"}],"predecessor-version":[{"id":47792,"href":"https:\/\/westcoasttriallawyers.com\/es\/wp-json\/wp\/v2\/pages\/13186\/revisions\/47792"}],"up":[{"embeddable":true,"href":"https:\/\/westcoasttriallawyers.com\/es\/wp-json\/wp\/v2\/pages\/47410"}],"wp:featuredmedia":[{"embeddable":true,"href":"https:\/\/westcoasttriallawyers.com\/es\/wp-json\/wp\/v2\/media\/47181"}],"wp:attachment":[{"href":"https:\/\/westcoasttriallawyers.com\/es\/wp-json\/wp\/v2\/media?parent=13186"}],"curies":[{"name":"wp","href":"https:\/\/api.w.org\/{rel}","templated":true}]}}