{"id":13184,"date":"2026-01-13T21:18:32","date_gmt":"2026-01-13T21:18:32","guid":{"rendered":"https:\/\/wctl1stg.wpengine.com\/?page_id=13184"},"modified":"2026-01-23T22:16:02","modified_gmt":"2026-01-23T22:16:02","slug":"abogados-accidentes-responsabilidad-locales-beverly-hills","status":"publish","type":"page","link":"https:\/\/westcoasttriallawyers.com\/es\/california\/beverly-hills\/abogados-accidentes-responsabilidad-locales-beverly-hills","title":{"rendered":"Abogado de Responsabilidad de Locales en Beverly Hills"},"content":{"rendered":"<h2><strong>Responsabilidad de locales: \u00bfCu\u00e1les son los tipos de casos m\u00e1s comunes? \u00bfQui\u00e9n puede ser considerado responsable de los da\u00f1os?<\/strong><\/h2>\n<p>Un reclamo de responsabilidad de locales es un tipo de reclamo por lesiones personales. La responsabilidad por todos los reclamos por lesiones personales generalmente se basa en negligencia. En otras palabras, la persona, entidad o grupo que fue culpable de negligencia generalmente ser\u00e1 responsable de compensar a la persona lesionada por las lesiones o p\u00e9rdidas sufridas como resultado. El mismo est\u00e1ndar se aplica a los casos de responsabilidad de locales.<\/p>\n<p>Las reclamaciones de responsabilidad de locales son muy diversas. Los tipos m\u00e1s comunes de accidentes de responsabilidad de locales incluyen resbalones y ca\u00eddas, mordeduras de perros, asalto causado por seguridad negligente y ahogamiento causado por condiciones inseguras de la piscina. En su mayor parte, si usted o un ser querido sufrieron lesiones en la propiedad de otra persona, debe poder probar que el due\u00f1o de la propiedad fue negligente con respecto a la propiedad o el mantenimiento.<\/p>\n<p>Adem\u00e1s, el hecho de que haya sufrido lesiones en la propiedad de otra persona no significa autom\u00e1ticamente que el due\u00f1o de la propiedad haya sido negligente. Por ejemplo, si estaba intoxicado mientras estaba en la fiesta de un vecino y se rompi\u00f3 los huesos al caer por las escaleras, es probable que su vecino no sea responsable. Tambi\u00e9n es importante entender que el due\u00f1o de una propiedad debe ser consciente de un peligro potencial. Adem\u00e1s, el due\u00f1o de la propiedad necesita una cantidad de tiempo razonable para abordar las circunstancias peligrosas.<\/p>\n<p>Si estuvo involucrado en un incidente de responsabilidad de locales y desea presentar un reclamo contra la parte culpable, West Coast Trial Lawyers tiene abogados de responsabilidad de locales de Beverly Hills con m\u00e1s de 60 a\u00f1os de experiencia legal colectiva en el manejo de casos de lesiones personales. Con nuestro historial de recuperaci\u00f3n de m\u00e1s de $ 1 mil millones en acuerdos para nuestros clientes, estamos seguros de que obtendremos un buen resultado para su caso.<\/p>\n<p>Para programar una consulta gratuita en nuestro bufete de abogados de lesiones personales de Beverly Hills, comun\u00edquese con nuestro equipo legal las 24 horas, los 7 d\u00edas de la semana llamando al\u00a0<strong>213-927-3700<\/strong> o enviando un correo electr\u00f3nico a\u00a0<a href=\"mailto:info@westcoasttriallawyers.com\"><strong>info@westcoasttriallawyers.com<\/strong><\/a><strong>.<\/strong><\/p>\n<h2><strong>Responsabilidad en un reclamo de responsabilidad de locales<\/strong><\/h2>\n<p>En el sentido m\u00e1s amplio, la ley de California requiere que los propietarios tengan un cuidado razonable en la propiedad y el mantenimiento de su propiedad, pero el nivel de responsabilidad que se le debe depende de las circunstancias.<\/p>\n<p>Los visitantes de una propiedad se pueden clasificar como invitados, licenciatarios e intrusos.<\/p>\n<p><strong>Los invitados<\/strong> son personas que tienen el permiso expreso o impl\u00edcito del due\u00f1o de la propiedad para estar en la propiedad. Esto incluye amigos, parientes o vecinos. Debido a que fueron invitados a una propiedad, a los invitados se les debe el m\u00e1s alto deber de cuidado. Esto significa que, en caso de accidente, lo m\u00e1s probable es que el propietario sea responsable de las lesiones causadas por su negligencia.<\/p>\n<p><strong>Los licenciatarios<\/strong> son similares a los invitados en el sentido de que tambi\u00e9n tienen el permiso expreso o impl\u00edcito del due\u00f1o de la propiedad para estar en la propiedad. Sin embargo, los licenciatarios est\u00e1n en la propiedad de alguien por sus propios motivos. Un ejemplo de licenciatario es un vendedor. El propietario de una propiedad normalmente no debe a los licenciatarios tanto deber de cuidado como un invitado. Sin embargo, es importante comprender que el due\u00f1o de una propiedad a\u00fan tiene la responsabilidad legal de advertir a los licenciatarios sobre cualquier condici\u00f3n peligrosa si conocen las condiciones peligrosas y si no es probable que el licenciatario descubra el peligro por s\u00ed mismo.<\/p>\n<p><strong>Los intrusos<\/strong>, por otro lado, no est\u00e1n permitidos en propiedad privada y no tienen ninguna raz\u00f3n legal para estar all\u00ed. En su mayor parte, el due\u00f1o de una propiedad no le debe a los intrusos ning\u00fan deber de cuidado, a menos que ese intruso sea un ni\u00f1o.<\/p>\n<h2><strong>Tipos comunes de reclamos de responsabilidad de locales<\/strong><\/h2>\n<ul>\n<li><strong>Accidentes por resbalones y ca\u00eddas.<\/strong> Este es el tipo m\u00e1s com\u00fan de reclamo de responsabilidad de locales. Un resbal\u00f3n y una ca\u00edda generalmente son causados por escaleras rotas, acumulaci\u00f3n de hielo y nieve, pisos resbaladizos, alfombras o alfombras sueltas, pasamanos defectuosos, pisos o aceras sueltas o rotas. Seg\u00fan los Centros para el Control y la Prevenci\u00f3n de Enfermedades (CDC), millones de adultos mayores, de 65 a\u00f1os en adelante, se ven involucrados en accidentes por resbalones y ca\u00eddas cada a\u00f1o. Las lesiones comunes que resultan de este tipo de incidente incluyen huesos fracturados o una lesi\u00f3n en la cabeza.<\/li>\n<li><strong>Accidentes en tiendas de comestibles.<\/strong> Hablando de resbalones y ca\u00eddas, estos son los tipos m\u00e1s comunes de accidentes en las tiendas de comestibles. Es muy probable que se produzca un accidente potencialmente grave cuando los derrames no se limpian de inmediato. En este tipo de casos, la responsabilidad casi siempre recaer\u00e1 en la tienda de comestibles, especialmente si no hubo se\u00f1ales visibles para advertir a los compradores sobre un peligro potencial.<\/li>\n<\/ul>\n<p>Tambi\u00e9n pueden ocurrir accidentes graves en la tienda de comestibles en el estacionamiento. Por ejemplo, un comprador puede verse lastimado por un carrito de compras o incluso por otro comprador. Desafortunadamente, no es raro que alguien sea agredido por otro comprador en un estacionamiento o atropellado deliberadamente por un autom\u00f3vil.<\/p>\n<ul>\n<li><strong>Seguridad del edificio insuficiente.<\/strong> Estos incidentes tienden a ocurrir en apartamentos o edificios de oficinas. Los propietarios de apartamentos y oficinas son responsables de brindar la seguridad adecuada, seg\u00fan el tipo y la ubicaci\u00f3n de un edificio. Por ejemplo, los propietarios est\u00e1n obligados a, como m\u00ednimo, proporcionar la cantidad adecuada de medidas de seguridad. Esto puede incluir porteros, guardias de seguridad, puertas, puertas cerradas y videovigilancia. Si una propiedad est\u00e1 ubicada en un \u00e1rea de alta criminalidad, es probable que se requiera que el due\u00f1o de la propiedad proporcione medidas de seguridad adicionales. Adem\u00e1s, si un intruso irrumpe en un apartamento o en un edificio de oficinas y lesiona o mata a alguien, la v\u00edctima o el(los) heredero(s) de la v\u00edctima, puede tener derecho a presentar un reclamo de responsabilidad del local contra el due\u00f1o de la propiedad por negligencia. Sin embargo, una v\u00edctima debe probar que el due\u00f1o de la propiedad no tuvo suficiente cuidado razonable para asegurar el edificio.<\/li>\n<li><strong>Accidentes de Piscina.<\/strong> Estos tr\u00e1gicos accidentes a menudo involucran una combinaci\u00f3n de ni\u00f1os y piscinas sin supervisi\u00f3n o mal mantenidas. Las piscinas deben estar cercadas y tener puertas con cerrojo. El due\u00f1o de una propiedad que no asegure una piscina con cercas o un salvavidas puede ser considerado responsable de cualquier lesi\u00f3n que ocurra dentro o alrededor de su piscina.<\/li>\n<li><strong>Accidentes de escaleras.<\/strong> Los accidentes de escaleras son similares a los resbalones y ca\u00eddas. El mantenimiento adecuado de la propiedad incluye la reparaci\u00f3n de escaleras da\u00f1adas y escalones rotos. Tambi\u00e9n significa tomar medidas razonables para garantizar la seguridad de cualquier persona que use esas escaleras. Si sufri\u00f3 una ca\u00edda debido a condiciones peligrosas en las escaleras de alguien, el due\u00f1o de la propiedad en cuesti\u00f3n puede ser considerado responsable de sus lesiones.<\/li>\n<\/ul>\n<h2><strong>Los abogados litigantes de la costa oeste est\u00e1n aqu\u00ed para ayudar<\/strong><\/h2>\n<p>Si estuvo involucrado en un accidente de responsabilidad civil y ha sufrido lesiones como resultado de negligencia o actos deliberados de malicia, tiene derecho a responsabilizar a la parte culpable por sus p\u00e9rdidas. Un abogado de responsabilidad de locales de Beverly Hills en West Coast Trial Lawyers lo ayudar\u00e1 a recuperar una compensaci\u00f3n por las p\u00e9rdidas que ha sufrido.<\/p>\n<p>Ll\u00e1menos hoy al\u00a0<strong>213-927-3700<\/strong> o env\u00ede un correo electr\u00f3nico a\u00a0<a href=\"mailto:info@westcoasttriallawyers.com\"><strong>info@westcoasttriallawyers.com<\/strong><\/a> para programar una consulta gratuita con nuestro equipo legal experimentado, atento y compasivo.<br \/>\n<!-- WCTL_DEBUG: no shortcode in this_content --><\/p>\n","protected":false},"excerpt":{"rendered":"<p>Responsabilidad de locales: \u00bfCu\u00e1les son los tipos de casos m\u00e1s comunes? \u00bfQui\u00e9n puede ser considerado responsable de los da\u00f1os? Un reclamo de responsabilidad de locales es un tipo de reclamo por lesiones personales. La responsabilidad por todos los reclamos por lesiones personales generalmente se basa en negligencia. En otras palabras, la persona, entidad o grupo [&hellip;]<\/p>\n","protected":false},"author":470,"featured_media":27992,"parent":47324,"menu_order":400,"comment_status":"closed","ping_status":"closed","template":"","meta":{"inline_featured_image":false,"footnotes":""},"class_list":["post-13184","page","type-page","status-publish","has-post-thumbnail","hentry"],"acf":[],"yoast_head":"<!-- This site is optimized with the Yoast SEO Premium plugin v26.0 (Yoast SEO v26.0) - https:\/\/yoast.com\/wordpress\/plugins\/seo\/ -->\n<title>Abogado de Responsabilidad de Locales en Beverly Hills | West Coast Trial Lawyers<\/title>\n<meta name=\"robots\" content=\"index, follow, max-snippet:-1, max-image-preview:large, max-video-preview:-1\" \/>\n<link rel=\"canonical\" href=\"https:\/\/westcoasttriallawyers.com\/es\/california\/beverly-hills\/abogados-accidentes-responsabilidad-locales-beverly-hills\" \/>\n<meta property=\"og:locale\" content=\"es_ES\" \/>\n<meta property=\"og:type\" content=\"article\" \/>\n<meta property=\"og:title\" content=\"Abogado de Responsabilidad de Locales en Beverly Hills\" \/>\n<meta property=\"og:description\" content=\"Responsabilidad de locales: \u00bfCu\u00e1les son los tipos de casos m\u00e1s comunes? \u00bfQui\u00e9n puede ser considerado responsable de los da\u00f1os? Un reclamo de responsabilidad de locales es un tipo de reclamo por lesiones personales. La responsabilidad por todos los reclamos por lesiones personales generalmente se basa en negligencia. En otras palabras, la persona, entidad o grupo [&hellip;]\" \/>\n<meta property=\"og:url\" content=\"https:\/\/westcoasttriallawyers.com\/es\/california\/beverly-hills\/abogados-accidentes-responsabilidad-locales-beverly-hills\" \/>\n<meta property=\"og:site_name\" content=\"West Coast Trial Lawyers\" \/>\n<meta property=\"article:publisher\" content=\"https:\/\/www.facebook.com\/westcoasttriallawyers\/\" \/>\n<meta property=\"article:modified_time\" content=\"2026-01-23T22:16:02+00:00\" \/>\n<meta property=\"og:image\" content=\"https:\/\/westcoasttriallawyers.com\/wp-content\/uploads\/2025\/07\/Beverly-Hills-7.webp\" \/>\n\t<meta property=\"og:image:width\" content=\"442\" \/>\n\t<meta property=\"og:image:height\" content=\"328\" \/>\n\t<meta property=\"og:image:type\" content=\"image\/webp\" \/>\n<meta name=\"twitter:card\" content=\"summary_large_image\" \/>\n<meta name=\"twitter:site\" content=\"@WestCoastTrial\" \/>\n<meta name=\"twitter:label1\" content=\"Tiempo de lectura\" \/>\n\t<meta name=\"twitter:data1\" content=\"6 minutos\" \/>\n<script type=\"application\/ld+json\" class=\"yoast-schema-graph\">{\"@context\":\"https:\/\/schema.org\",\"@graph\":[{\"@type\":[\"WebPage\",\"ItemPage\"],\"@id\":\"https:\/\/westcoasttriallawyers.com\/es\/california\/beverly-hills\/abogados-accidentes-responsabilidad-locales-beverly-hills\",\"url\":\"https:\/\/westcoasttriallawyers.com\/es\/california\/beverly-hills\/abogados-accidentes-responsabilidad-locales-beverly-hills\",\"name\":\"Abogado de Responsabilidad de Locales en Beverly Hills | West Coast Trial Lawyers\",\"isPartOf\":{\"@id\":\"https:\/\/westcoasttriallawyers.com\/es#website\"},\"primaryImageOfPage\":{\"@id\":\"https:\/\/westcoasttriallawyers.com\/es\/california\/beverly-hills\/abogados-accidentes-responsabilidad-locales-beverly-hills#primaryimage\"},\"image\":{\"@id\":\"https:\/\/westcoasttriallawyers.com\/es\/california\/beverly-hills\/abogados-accidentes-responsabilidad-locales-beverly-hills#primaryimage\"},\"thumbnailUrl\":\"https:\/\/westcoasttriallawyers.com\/wp-content\/uploads\/2025\/07\/Beverly-Hills.webp\",\"datePublished\":\"2026-01-13T21:18:32+00:00\",\"dateModified\":\"2026-01-23T22:16:02+00:00\",\"breadcrumb\":{\"@id\":\"https:\/\/westcoasttriallawyers.com\/es\/california\/beverly-hills\/abogados-accidentes-responsabilidad-locales-beverly-hills#breadcrumb\"},\"inLanguage\":\"es\",\"potentialAction\":[{\"@type\":\"ReadAction\",\"target\":[\"https:\/\/westcoasttriallawyers.com\/es\/california\/beverly-hills\/abogados-accidentes-responsabilidad-locales-beverly-hills\"]}]},{\"@type\":\"ImageObject\",\"inLanguage\":\"es\",\"@id\":\"https:\/\/westcoasttriallawyers.com\/es\/california\/beverly-hills\/abogados-accidentes-responsabilidad-locales-beverly-hills#primaryimage\",\"url\":\"https:\/\/westcoasttriallawyers.com\/wp-content\/uploads\/2025\/07\/Beverly-Hills.webp\",\"contentUrl\":\"https:\/\/westcoasttriallawyers.com\/wp-content\/uploads\/2025\/07\/Beverly-Hills.webp\",\"width\":442,\"height\":328,\"caption\":\"A shot of\"},{\"@type\":\"BreadcrumbList\",\"@id\":\"https:\/\/westcoasttriallawyers.com\/es\/california\/beverly-hills\/abogados-accidentes-responsabilidad-locales-beverly-hills#breadcrumb\",\"itemListElement\":[{\"@type\":\"ListItem\",\"position\":1,\"name\":\"Inicio\",\"item\":\"https:\/\/westcoasttriallawyers.com\/es\"},{\"@type\":\"ListItem\",\"position\":2,\"name\":\"California\",\"item\":\"https:\/\/westcoasttriallawyers.com\/es\/california\"},{\"@type\":\"ListItem\",\"position\":3,\"name\":\"Beverly Hills\",\"item\":\"https:\/\/westcoasttriallawyers.com\/es\/california\/beverly-hills\"},{\"@type\":\"ListItem\",\"position\":4,\"name\":\"Abogado de Responsabilidad de Locales en Beverly Hills\"}]},{\"@type\":\"WebSite\",\"@id\":\"https:\/\/westcoasttriallawyers.com\/es#website\",\"url\":\"https:\/\/westcoasttriallawyers.com\/es\",\"name\":\"West Coast Trial Lawyers\",\"description\":\"West Coast Trial Lawyers\",\"publisher\":{\"@id\":\"https:\/\/westcoasttriallawyers.com\/es#organization\"},\"alternateName\":\"WCTL\",\"potentialAction\":[{\"@type\":\"SearchAction\",\"target\":{\"@type\":\"EntryPoint\",\"urlTemplate\":\"https:\/\/westcoasttriallawyers.com\/es?s={search_term_string}\"},\"query-input\":{\"@type\":\"PropertyValueSpecification\",\"valueRequired\":true,\"valueName\":\"search_term_string\"}}],\"inLanguage\":\"es\"},{\"@type\":\"Organization\",\"@id\":\"https:\/\/westcoasttriallawyers.com\/es#organization\",\"name\":\"West Coast Trial Lawyers\",\"alternateName\":\"WCTL\",\"url\":\"https:\/\/westcoasttriallawyers.com\/es\",\"logo\":{\"@type\":\"ImageObject\",\"inLanguage\":\"es\",\"@id\":\"https:\/\/westcoasttriallawyers.com\/es#\/schema\/logo\/image\/\",\"url\":\"https:\/\/westcoasttriallawyers.com\/wp-content\/uploads\/2026\/02\/WCTL-Logo.jpg\",\"contentUrl\":\"https:\/\/westcoasttriallawyers.com\/wp-content\/uploads\/2026\/02\/WCTL-Logo.jpg\",\"width\":696,\"height\":696,\"caption\":\"West Coast Trial Lawyers\"},\"image\":{\"@id\":\"https:\/\/westcoasttriallawyers.com\/es#\/schema\/logo\/image\/\"},\"sameAs\":[\"https:\/\/www.facebook.com\/westcoasttriallawyers\/\",\"https:\/\/x.com\/WestCoastTrial\",\"https:\/\/www.linkedin.com\/company\/west-coast-trial-lawyers\/\",\"https:\/\/www.instagram.com\/westcoasttriallawyers\/\",\"https:\/\/www.yelp.com\/biz\/west-coast-trial-lawyers-los-angeles-2\",\"https:\/\/www.pinterest.com\/westcoasttrial\/\",\"https:\/\/www.youtube.com\/westcoasttriallawyersla\/\",\"https:\/\/www.tiktok.com\/westcoasttriallawyers\"],\"description\":\"West Coast Trial Lawyers is a top-rated personal injury law firm with a goal to provide expert legal representation to those in need. The law firm has offices across California, Nevada, Arizona, and Washington.\",\"legalName\":\"West Coast Trial Lawyers\"}]}<\/script>\n<!-- \/ Yoast SEO Premium plugin. -->","yoast_head_json":{"title":"Abogado de Responsabilidad de Locales en Beverly Hills | West Coast Trial Lawyers","robots":{"index":"index","follow":"follow","max-snippet":"max-snippet:-1","max-image-preview":"max-image-preview:large","max-video-preview":"max-video-preview:-1"},"canonical":"https:\/\/westcoasttriallawyers.com\/es\/california\/beverly-hills\/abogados-accidentes-responsabilidad-locales-beverly-hills","og_locale":"es_ES","og_type":"article","og_title":"Abogado de Responsabilidad de Locales en Beverly Hills","og_description":"Responsabilidad de locales: \u00bfCu\u00e1les son los tipos de casos m\u00e1s comunes? \u00bfQui\u00e9n puede ser considerado responsable de los da\u00f1os? Un reclamo de responsabilidad de locales es un tipo de reclamo por lesiones personales. La responsabilidad por todos los reclamos por lesiones personales generalmente se basa en negligencia. En otras palabras, la persona, entidad o grupo [&hellip;]","og_url":"https:\/\/westcoasttriallawyers.com\/es\/california\/beverly-hills\/abogados-accidentes-responsabilidad-locales-beverly-hills","og_site_name":"West Coast Trial Lawyers","article_publisher":"https:\/\/www.facebook.com\/westcoasttriallawyers\/","article_modified_time":"2026-01-23T22:16:02+00:00","og_image":[{"width":442,"height":328,"url":"https:\/\/westcoasttriallawyers.com\/wp-content\/uploads\/2025\/07\/Beverly-Hills-7.webp","type":"image\/webp"}],"twitter_card":"summary_large_image","twitter_site":"@WestCoastTrial","twitter_misc":{"Tiempo de lectura":"6 minutos"},"schema":{"@context":"https:\/\/schema.org","@graph":[{"@type":["WebPage","ItemPage"],"@id":"https:\/\/westcoasttriallawyers.com\/es\/california\/beverly-hills\/abogados-accidentes-responsabilidad-locales-beverly-hills","url":"https:\/\/westcoasttriallawyers.com\/es\/california\/beverly-hills\/abogados-accidentes-responsabilidad-locales-beverly-hills","name":"Abogado de Responsabilidad de Locales en Beverly Hills | West Coast Trial Lawyers","isPartOf":{"@id":"https:\/\/westcoasttriallawyers.com\/es#website"},"primaryImageOfPage":{"@id":"https:\/\/westcoasttriallawyers.com\/es\/california\/beverly-hills\/abogados-accidentes-responsabilidad-locales-beverly-hills#primaryimage"},"image":{"@id":"https:\/\/westcoasttriallawyers.com\/es\/california\/beverly-hills\/abogados-accidentes-responsabilidad-locales-beverly-hills#primaryimage"},"thumbnailUrl":"https:\/\/westcoasttriallawyers.com\/wp-content\/uploads\/2025\/07\/Beverly-Hills.webp","datePublished":"2026-01-13T21:18:32+00:00","dateModified":"2026-01-23T22:16:02+00:00","breadcrumb":{"@id":"https:\/\/westcoasttriallawyers.com\/es\/california\/beverly-hills\/abogados-accidentes-responsabilidad-locales-beverly-hills#breadcrumb"},"inLanguage":"es","potentialAction":[{"@type":"ReadAction","target":["https:\/\/westcoasttriallawyers.com\/es\/california\/beverly-hills\/abogados-accidentes-responsabilidad-locales-beverly-hills"]}]},{"@type":"ImageObject","inLanguage":"es","@id":"https:\/\/westcoasttriallawyers.com\/es\/california\/beverly-hills\/abogados-accidentes-responsabilidad-locales-beverly-hills#primaryimage","url":"https:\/\/westcoasttriallawyers.com\/wp-content\/uploads\/2025\/07\/Beverly-Hills.webp","contentUrl":"https:\/\/westcoasttriallawyers.com\/wp-content\/uploads\/2025\/07\/Beverly-Hills.webp","width":442,"height":328,"caption":"A shot of"},{"@type":"BreadcrumbList","@id":"https:\/\/westcoasttriallawyers.com\/es\/california\/beverly-hills\/abogados-accidentes-responsabilidad-locales-beverly-hills#breadcrumb","itemListElement":[{"@type":"ListItem","position":1,"name":"Inicio","item":"https:\/\/westcoasttriallawyers.com\/es"},{"@type":"ListItem","position":2,"name":"California","item":"https:\/\/westcoasttriallawyers.com\/es\/california"},{"@type":"ListItem","position":3,"name":"Beverly Hills","item":"https:\/\/westcoasttriallawyers.com\/es\/california\/beverly-hills"},{"@type":"ListItem","position":4,"name":"Abogado de Responsabilidad de Locales en Beverly Hills"}]},{"@type":"WebSite","@id":"https:\/\/westcoasttriallawyers.com\/es#website","url":"https:\/\/westcoasttriallawyers.com\/es","name":"West Coast Trial Lawyers","description":"West Coast Trial Lawyers","publisher":{"@id":"https:\/\/westcoasttriallawyers.com\/es#organization"},"alternateName":"WCTL","potentialAction":[{"@type":"SearchAction","target":{"@type":"EntryPoint","urlTemplate":"https:\/\/westcoasttriallawyers.com\/es?s={search_term_string}"},"query-input":{"@type":"PropertyValueSpecification","valueRequired":true,"valueName":"search_term_string"}}],"inLanguage":"es"},{"@type":"Organization","@id":"https:\/\/westcoasttriallawyers.com\/es#organization","name":"West Coast Trial Lawyers","alternateName":"WCTL","url":"https:\/\/westcoasttriallawyers.com\/es","logo":{"@type":"ImageObject","inLanguage":"es","@id":"https:\/\/westcoasttriallawyers.com\/es#\/schema\/logo\/image\/","url":"https:\/\/westcoasttriallawyers.com\/wp-content\/uploads\/2026\/02\/WCTL-Logo.jpg","contentUrl":"https:\/\/westcoasttriallawyers.com\/wp-content\/uploads\/2026\/02\/WCTL-Logo.jpg","width":696,"height":696,"caption":"West Coast Trial Lawyers"},"image":{"@id":"https:\/\/westcoasttriallawyers.com\/es#\/schema\/logo\/image\/"},"sameAs":["https:\/\/www.facebook.com\/westcoasttriallawyers\/","https:\/\/x.com\/WestCoastTrial","https:\/\/www.linkedin.com\/company\/west-coast-trial-lawyers\/","https:\/\/www.instagram.com\/westcoasttriallawyers\/","https:\/\/www.yelp.com\/biz\/west-coast-trial-lawyers-los-angeles-2","https:\/\/www.pinterest.com\/westcoasttrial\/","https:\/\/www.youtube.com\/westcoasttriallawyersla\/","https:\/\/www.tiktok.com\/westcoasttriallawyers"],"description":"West Coast Trial Lawyers is a top-rated personal injury law firm with a goal to provide expert legal representation to those in need. The law firm has offices across California, Nevada, Arizona, and Washington.","legalName":"West Coast Trial Lawyers"}]}},"_links":{"self":[{"href":"https:\/\/westcoasttriallawyers.com\/es\/wp-json\/wp\/v2\/pages\/13184","targetHints":{"allow":["GET"]}}],"collection":[{"href":"https:\/\/westcoasttriallawyers.com\/es\/wp-json\/wp\/v2\/pages"}],"about":[{"href":"https:\/\/westcoasttriallawyers.com\/es\/wp-json\/wp\/v2\/types\/page"}],"author":[{"embeddable":true,"href":"https:\/\/westcoasttriallawyers.com\/es\/wp-json\/wp\/v2\/users\/470"}],"replies":[{"embeddable":true,"href":"https:\/\/westcoasttriallawyers.com\/es\/wp-json\/wp\/v2\/comments?post=13184"}],"version-history":[{"count":2,"href":"https:\/\/westcoasttriallawyers.com\/es\/wp-json\/wp\/v2\/pages\/13184\/revisions"}],"predecessor-version":[{"id":48179,"href":"https:\/\/westcoasttriallawyers.com\/es\/wp-json\/wp\/v2\/pages\/13184\/revisions\/48179"}],"up":[{"embeddable":true,"href":"https:\/\/westcoasttriallawyers.com\/es\/wp-json\/wp\/v2\/pages\/47324"}],"wp:featuredmedia":[{"embeddable":true,"href":"https:\/\/westcoasttriallawyers.com\/es\/wp-json\/wp\/v2\/media\/27992"}],"wp:attachment":[{"href":"https:\/\/westcoasttriallawyers.com\/es\/wp-json\/wp\/v2\/media?parent=13184"}],"curies":[{"name":"wp","href":"https:\/\/api.w.org\/{rel}","templated":true}]}}