{"id":13180,"date":"2026-01-13T21:18:49","date_gmt":"2026-01-13T21:18:49","guid":{"rendered":"https:\/\/wctl1stg.wpengine.com\/?page_id=13180"},"modified":"2026-01-20T14:37:44","modified_gmt":"2026-01-20T14:37:44","slug":"abogado-de-accidente-de-entrega-de-alimentos-de-beverly-hills","status":"publish","type":"page","link":"https:\/\/westcoasttriallawyers.com\/es\/california\/beverly-hills\/abogado-de-accidente-de-entrega-de-alimentos-de-beverly-hills","title":{"rendered":"Abogado de accidente de entrega de alimentos de Beverly Hills\u00a0"},"content":{"rendered":"<h2><strong>Reclamaciones e indemnizaciones por accidentes de entrega de alimentos<\/strong><\/h2>\n<p>Las reclamaciones por accidentes de entrega de alimentos son especialmente complejas. Las leyes en California que afectan la forma en que se manejan estos reclamos est\u00e1n cambiando actualmente. A partir de ahora, los tres servicios de entrega de alimentos m\u00e1s populares en el \u00e1rea de Beverly Hills son DoorDash, Uber Eats y Postmates. Las p\u00f3lizas de seguro para estos servicios de entrega de alimentos var\u00edan en cuanto a la cantidad de cobertura que ofrecen por las p\u00e9rdidas sufridas por accidentes causados por sus conductores.<\/p>\n<p>A continuaci\u00f3n se muestra la informaci\u00f3n m\u00e1s actualizada sobre las p\u00f3lizas de seguro de estas compa\u00f1\u00edas. Sin embargo, como se mencion\u00f3, la forma en que se manejan estos reclamos est\u00e1 cambiando r\u00e1pidamente. Consulte con un abogado con experiencia en accidentes de entrega de alimentos para analizar si tiene derecho a presentar un reclamo para la recuperaci\u00f3n de da\u00f1os.<\/p>\n<ul>\n<li><strong>DoorDash:<\/strong> Seg\u00fan DoorDash, brindan seguro de autom\u00f3vil en exceso para sus conductores, pero esto solo se aplica a da\u00f1os a la propiedad o lesiones corporales causadas a terceros. DoorDash requiere que sus conductores tengan una p\u00f3liza de seguro de autom\u00f3vil personal vigente, que es la principal fuente de cobertura en caso de accidente. Si los da\u00f1os son mayores que la p\u00f3liza del conductor de entrega y el accidente ocurri\u00f3 cuando un conductor estaba realizando una entrega activa, la p\u00f3liza de responsabilidad contingente de DoorDash de $1 mill\u00f3n entra en vigencia.<\/li>\n<li><strong>Uber Eats:<\/strong> la cobertura de Uber Eats es comparable a la p\u00f3liza de seguro de su compa\u00f1\u00eda de viajes compartidos. Si un conductor de entrega de alimentos tiene la aplicaci\u00f3n actualmente activada y no ha recibido una solicitud de entrega de alimentos, el conductor estar\u00e1 cubierto por hasta $50,000\/$100,000\/$25,000 (por individuo\/accidente\/da\u00f1o a la propiedad). Si un repartidor de alimentos ha aceptado una solicitud y est\u00e1 recogiendo o entregando alimentos, la cobertura de responsabilidad civil del autom\u00f3vil aumentar\u00e1 a $1 mill\u00f3n. Finalmente, la p\u00f3liza de seguro de Uber Eats no cubre ning\u00fan accidente que involucre a conductores sin seguro o con seguro insuficiente.<\/li>\n<li><strong>Postmates:<\/strong> la p\u00f3liza de Postmates proporciona $1 mill\u00f3n en exceso de responsabilidad por reclamos de terceros y s\u00f3lo entrar\u00e1 en juego despu\u00e9s de que se haya agotado la cobertura de seguro de autom\u00f3vil personal del conductor de Postmates. Postmates tambi\u00e9n tiene una cobertura adicional conocida como \u00abSeguro ocupacional de Postmates\u00bb, que ofrece cobertura de gastos m\u00e9dicos accidentales, beneficio por muerte accidental, beneficio para sobrevivientes, cobertura por discapacidad total temporal, cobertura por discapacidad total permanente y cobertura por desmembramiento accidental.<\/li>\n<\/ul>\n<p>Si sufri\u00f3 lesiones despu\u00e9s de estar involucrado en un accidente con un conductor de entrega de alimentos, no dude en comunicarse con nuestro equipo de abogados de accidentes de entrega de alimentos de Beverly Hills las 24 horas del d\u00eda, los 7 d\u00edas de la semana llamando al&nbsp;<strong>213-927-3700<\/strong> o enviando un correo electr\u00f3nico a&nbsp;<a href=\"mailto:info@westcoasttriallawyers.com\"><strong>info@westcoasttriallawyers.com<\/strong><\/a> para programar una consulta gratuita en nuestro bufete de abogados de lesiones personales de Beverly Hills.<\/p>\n<h2><strong>Reclamos por accidentes de entrega de alimentos<\/strong><\/h2>\n<p>De 2014 a 2016, los pedidos y las entregas digitales crecieron un 300 % m\u00e1s r\u00e1pido que el tr\u00e1fico para cenar. En un estudio realizado en 2016, el 20 por ciento de los encuestados dijeron que utilizan la entrega de alimentos al menos una vez a la semana. M\u00e1s recientemente, los servicios de entrega de comidas experimentaron un crecimiento anual del 15 por ciento en conjunto hasta fines de octubre de 2021 en los Estados Unidos, seg\u00fan los datos recopilados por Second Measure.<\/p>\n<p>Adem\u00e1s, se proyecta que la entrega de alimentos en l\u00ednea se convertir\u00e1 en una industria masiva de $200 mil millones para 2025. En 2018, el 36 por ciento de los usuarios de Internet de EE. UU. Menores de 35 a\u00f1os ordenaron la entrega de restaurantes con frecuencia.<\/p>\n<p>Las reclamaciones por accidentes de entrega de alimentos nunca han sido tan complicadas como lo son hoy. Discutamos por qu\u00e9. Para empezar, estas afirmaciones son log\u00edsticamente desafiantes, ya que las empresas populares de entrega de alimentos hacen todo lo posible para afirmar que sus conductores de entrega no son realmente empleados, sino contratistas independientes.<\/p>\n<p>En lo que respecta a la ley, los empleadores generalmente no son responsables de los actos delictivos o negligentes cometidos por los contratistas independientes que trabajan para ellos. Independientemente de si un conductor de entrega de alimentos es un empleado de pleno derecho o un contratista independiente, los conductores generalmente se encuentran bajo una gran presi\u00f3n para entregar r\u00e1pidamente. Su propio sustento depende de ello.<\/p>\n<p>Algunos repartidores pueden causar un accidente por exceso de velocidad, desobedecer las leyes de derecho de paso, concentrarse en sus tel\u00e9fonos en lugar de en la carretera, trabajar mientras est\u00e1n exhaustos o hacer giros o cambios de carril imprudentes.<\/p>\n<p>Los ejemplos enumerados anteriormente son formas comunes de comportamiento negligente del conductor de entrega de alimentos, que pueden exponer a un conductor a responsabilidad por un accidente. Por lo tanto, la consideraci\u00f3n m\u00e1s importante que evaluar\u00e1 un abogado de accidentes de entrega de alimentos al determinar la responsabilidad es, \u00bfqui\u00e9n fue negligente?<\/p>\n<h2><strong>Compensaci\u00f3n despu\u00e9s de un reclamo por accidente de entrega de alimentos<\/strong><\/h2>\n<p>Si sufri\u00f3 lesiones despu\u00e9s de verse involucrado en un accidente causado por la negligencia de un conductor de DoorDash, Postmates o Uber Eats, puede tener derecho a solicitar una compensaci\u00f3n por sus p\u00e9rdidas.<\/p>\n<p>Los accidentes automovil\u00edsticos a menudo resultan en lesiones graves y p\u00e9rdidas significativas de propiedad. Las consecuencias de un accidente de entrega de alimentos pueden ser estresantes, dolorosas y desafiantes para la v\u00edctima del accidente y su familia.<\/p>\n<p>Los tipos de compensaci\u00f3n a los que una v\u00edctima de un accidente de entrega de alimentos en Beverly Hills puede tener derecho incluyen:<\/p>\n<ul>\n<li>Estr\u00e9s emocional<\/li>\n<li>Salarios perdidos<\/li>\n<li>P\u00e9rdida de propiedad<\/li>\n<li>P\u00e9rdida de consorcio<\/li>\n<li>Facturas m\u00e9dicas pasadas, actuales y futuras<\/li>\n<li>Dolor y sufrimiento<\/li>\n<li>P\u00e9rdida del disfrute de la vida<\/li>\n<\/ul>\n<h2><strong>\u00bfPuedo demandar si una comida me enferm\u00f3?<\/strong><\/h2>\n<p>Cualquier restaurante que provoque que alguien se enferme por servir o entregar alimentos contaminados puede ser considerado responsable de las p\u00e9rdidas causadas. Todos los restaurantes tienen el deber de servir a sus clientes comida que no est\u00e9 contaminada. Sin embargo, un cliente que se enferm\u00f3 por la comida de un restaurante debe poder probar que un restaurante, o un empleado de un restaurante, fue negligente y que la negligencia fue la causa de su enfermedad.<\/p>\n<p>Los conductores de entrega de alimentos tambi\u00e9n pueden ser considerados responsables de intoxicaci\u00f3n alimentaria. Si un cliente se enferma debido a que un repartidor de alimentos agrega intencionalmente sustancias nocivas a su pedido, es probable que el repartidor de alimentos enfrente una sentencia de prisi\u00f3n de 2 a 5 a\u00f1os. Las lesiones graves o la muerte agregar\u00e1n 3 a\u00f1os m\u00e1s de c\u00e1rcel.<\/p>\n<p>Si cree que est\u00e1 lidiando con s\u00edntomas de intoxicaci\u00f3n alimentaria, debe buscar atenci\u00f3n m\u00e9dica inmediata de un m\u00e9dico que lo examinar\u00e1 en busca de infecciones graves u otros problemas de salud. Su visita al m\u00e9dico se guardar\u00e1 en el archivo y se puede usar como evidencia para incluir en su reclamo por lesiones personales.<\/p>\n<p>Se recomienda tener a su lado a un abogado con experiencia en entrega de alimentos para que lo ayude en el proceso de presentar su reclamo. El abogado no solo lo ayudar\u00e1 a reunir documentaci\u00f3n importante, sino que tambi\u00e9n negociar\u00e1 con las compa\u00f1\u00edas de seguros para obtener una compensaci\u00f3n justa.<\/p>\n<h2><strong>Los abogados litigantes de la costa oeste est\u00e1n aqu\u00ed para ayudar<\/strong><\/h2>\n<p>Si ha sufrido lesiones causadas por un conductor de entrega de alimentos en el \u00e1rea de Beverly Hills, tiene derecho a responsabilizar a la parte culpable por sus p\u00e9rdidas. Un abogado de accidentes de entrega de alimentos de Beverly Hills en West Coast Trial Lawyers lo ayudar\u00e1 a recuperar una compensaci\u00f3n por las p\u00e9rdidas que ha sufrido.<\/p>\n<p>Ll\u00e1menos hoy al&nbsp;<strong>213-927-3700<\/strong> o env\u00ede un correo electr\u00f3nico a&nbsp;<a href=\"mailto:info@westcoasttriallawyers.com\"><strong>info@westcoasttriallawyers.com<\/strong><\/a> para programar una consulta gratuita con nuestro equipo legal experimentado, atento y compasivo.<br \/>\n<!-- WCTL_DEBUG: no shortcode in this_content --><\/p>\n","protected":false},"excerpt":{"rendered":"<p>Reclamaciones e indemnizaciones por accidentes de entrega de alimentos Las reclamaciones por accidentes de entrega de alimentos son especialmente complejas. Las leyes en California que afectan la forma en que se manejan estos reclamos est\u00e1n cambiando actualmente. A partir de ahora, los tres servicios de entrega de alimentos m\u00e1s populares en el \u00e1rea de Beverly [&hellip;]<\/p>\n","protected":false},"author":475,"featured_media":27992,"parent":47324,"menu_order":0,"comment_status":"closed","ping_status":"closed","template":"","meta":{"inline_featured_image":false,"footnotes":""},"class_list":["post-13180","page","type-page","status-publish","has-post-thumbnail","hentry"],"acf":[],"yoast_head":"<!-- This site is optimized with the Yoast SEO Premium plugin v26.0 (Yoast SEO v26.0) - https:\/\/yoast.com\/wordpress\/plugins\/seo\/ -->\n<title>Abogado de accidente de entrega de alimentos de Beverly Hills\u00a0 | West Coast Trial Lawyers<\/title>\n<meta name=\"robots\" content=\"index, follow, max-snippet:-1, max-image-preview:large, max-video-preview:-1\" \/>\n<link rel=\"canonical\" href=\"https:\/\/westcoasttriallawyers.com\/es\/california\/beverly-hills\/abogado-de-accidente-de-entrega-de-alimentos-de-beverly-hills\" \/>\n<meta property=\"og:locale\" content=\"es_ES\" \/>\n<meta property=\"og:type\" content=\"article\" \/>\n<meta property=\"og:title\" content=\"Abogado de accidente de entrega de alimentos de Beverly Hills\u00a0\" \/>\n<meta property=\"og:description\" content=\"Reclamaciones e indemnizaciones por accidentes de entrega de alimentos Las reclamaciones por accidentes de entrega de alimentos son especialmente complejas. Las leyes en California que afectan la forma en que se manejan estos reclamos est\u00e1n cambiando actualmente. A partir de ahora, los tres servicios de entrega de alimentos m\u00e1s populares en el \u00e1rea de Beverly [&hellip;]\" \/>\n<meta property=\"og:url\" content=\"https:\/\/westcoasttriallawyers.com\/es\/california\/beverly-hills\/abogado-de-accidente-de-entrega-de-alimentos-de-beverly-hills\" \/>\n<meta property=\"og:site_name\" content=\"West Coast Trial Lawyers\" \/>\n<meta property=\"article:publisher\" content=\"https:\/\/www.facebook.com\/westcoasttriallawyers\/\" \/>\n<meta property=\"article:modified_time\" content=\"2026-01-20T14:37:44+00:00\" \/>\n<meta property=\"og:image\" content=\"https:\/\/westcoasttriallawyers.com\/wp-content\/uploads\/2025\/07\/Beverly-Hills-27.webp\" \/>\n\t<meta property=\"og:image:width\" content=\"442\" \/>\n\t<meta property=\"og:image:height\" content=\"328\" \/>\n\t<meta property=\"og:image:type\" content=\"image\/webp\" \/>\n<meta name=\"twitter:card\" content=\"summary_large_image\" \/>\n<meta name=\"twitter:site\" content=\"@WestCoastTrial\" \/>\n<meta name=\"twitter:label1\" content=\"Tiempo de lectura\" \/>\n\t<meta name=\"twitter:data1\" content=\"12 minutos\" \/>\n<script type=\"application\/ld+json\" class=\"yoast-schema-graph\">{\"@context\":\"https:\/\/schema.org\",\"@graph\":[{\"@type\":[\"WebPage\",\"ItemPage\"],\"@id\":\"https:\/\/westcoasttriallawyers.com\/es\/california\/beverly-hills\/abogado-de-accidente-de-entrega-de-alimentos-de-beverly-hills\",\"url\":\"https:\/\/westcoasttriallawyers.com\/es\/california\/beverly-hills\/abogado-de-accidente-de-entrega-de-alimentos-de-beverly-hills\",\"name\":\"Abogado de accidente de entrega de alimentos de Beverly Hills\u00a0 | West Coast Trial Lawyers\",\"isPartOf\":{\"@id\":\"https:\/\/westcoasttriallawyers.com\/es#website\"},\"primaryImageOfPage\":{\"@id\":\"https:\/\/westcoasttriallawyers.com\/es\/california\/beverly-hills\/abogado-de-accidente-de-entrega-de-alimentos-de-beverly-hills#primaryimage\"},\"image\":{\"@id\":\"https:\/\/westcoasttriallawyers.com\/es\/california\/beverly-hills\/abogado-de-accidente-de-entrega-de-alimentos-de-beverly-hills#primaryimage\"},\"thumbnailUrl\":\"https:\/\/westcoasttriallawyers.com\/wp-content\/uploads\/2025\/07\/Beverly-Hills.webp\",\"datePublished\":\"2026-01-13T21:18:49+00:00\",\"dateModified\":\"2026-01-20T14:37:44+00:00\",\"breadcrumb\":{\"@id\":\"https:\/\/westcoasttriallawyers.com\/es\/california\/beverly-hills\/abogado-de-accidente-de-entrega-de-alimentos-de-beverly-hills#breadcrumb\"},\"inLanguage\":\"es\",\"potentialAction\":[{\"@type\":\"ReadAction\",\"target\":[\"https:\/\/westcoasttriallawyers.com\/es\/california\/beverly-hills\/abogado-de-accidente-de-entrega-de-alimentos-de-beverly-hills\"]}]},{\"@type\":\"ImageObject\",\"inLanguage\":\"es\",\"@id\":\"https:\/\/westcoasttriallawyers.com\/es\/california\/beverly-hills\/abogado-de-accidente-de-entrega-de-alimentos-de-beverly-hills#primaryimage\",\"url\":\"https:\/\/westcoasttriallawyers.com\/wp-content\/uploads\/2025\/07\/Beverly-Hills.webp\",\"contentUrl\":\"https:\/\/westcoasttriallawyers.com\/wp-content\/uploads\/2025\/07\/Beverly-Hills.webp\",\"width\":442,\"height\":328,\"caption\":\"A shot of\"},{\"@type\":\"BreadcrumbList\",\"@id\":\"https:\/\/westcoasttriallawyers.com\/es\/california\/beverly-hills\/abogado-de-accidente-de-entrega-de-alimentos-de-beverly-hills#breadcrumb\",\"itemListElement\":[{\"@type\":\"ListItem\",\"position\":1,\"name\":\"Inicio\",\"item\":\"https:\/\/westcoasttriallawyers.com\/es\"},{\"@type\":\"ListItem\",\"position\":2,\"name\":\"California\",\"item\":\"https:\/\/westcoasttriallawyers.com\/es\/california\"},{\"@type\":\"ListItem\",\"position\":3,\"name\":\"Beverly Hills\",\"item\":\"https:\/\/westcoasttriallawyers.com\/es\/california\/beverly-hills\"},{\"@type\":\"ListItem\",\"position\":4,\"name\":\"Abogado de accidente de entrega de alimentos de Beverly Hills\u00a0\"}]},{\"@type\":\"WebSite\",\"@id\":\"https:\/\/westcoasttriallawyers.com\/es#website\",\"url\":\"https:\/\/westcoasttriallawyers.com\/es\",\"name\":\"West Coast Trial Lawyers\",\"description\":\"West Coast Trial Lawyers\",\"publisher\":{\"@id\":\"https:\/\/westcoasttriallawyers.com\/es#organization\"},\"alternateName\":\"WCTL\",\"potentialAction\":[{\"@type\":\"SearchAction\",\"target\":{\"@type\":\"EntryPoint\",\"urlTemplate\":\"https:\/\/westcoasttriallawyers.com\/es?s={search_term_string}\"},\"query-input\":{\"@type\":\"PropertyValueSpecification\",\"valueRequired\":true,\"valueName\":\"search_term_string\"}}],\"inLanguage\":\"es\"},{\"@type\":\"Organization\",\"@id\":\"https:\/\/westcoasttriallawyers.com\/es#organization\",\"name\":\"West Coast Trial Lawyers\",\"alternateName\":\"WCTL\",\"url\":\"https:\/\/westcoasttriallawyers.com\/es\",\"logo\":{\"@type\":\"ImageObject\",\"inLanguage\":\"es\",\"@id\":\"https:\/\/westcoasttriallawyers.com\/es#\/schema\/logo\/image\/\",\"url\":\"https:\/\/westcoasttriallawyers.com\/wp-content\/uploads\/2026\/02\/WCTL-Logo.jpg\",\"contentUrl\":\"https:\/\/westcoasttriallawyers.com\/wp-content\/uploads\/2026\/02\/WCTL-Logo.jpg\",\"width\":696,\"height\":696,\"caption\":\"West Coast Trial Lawyers\"},\"image\":{\"@id\":\"https:\/\/westcoasttriallawyers.com\/es#\/schema\/logo\/image\/\"},\"sameAs\":[\"https:\/\/www.facebook.com\/westcoasttriallawyers\/\",\"https:\/\/x.com\/WestCoastTrial\",\"https:\/\/www.linkedin.com\/company\/west-coast-trial-lawyers\/\",\"https:\/\/www.instagram.com\/westcoasttriallawyers\/\",\"https:\/\/www.yelp.com\/biz\/west-coast-trial-lawyers-los-angeles-2\",\"https:\/\/www.pinterest.com\/westcoasttrial\/\",\"https:\/\/www.youtube.com\/westcoasttriallawyersla\/\",\"https:\/\/www.tiktok.com\/westcoasttriallawyers\"],\"description\":\"West Coast Trial Lawyers is a top-rated personal injury law firm with a goal to provide expert legal representation to those in need. The law firm has offices across California, Nevada, Arizona, and Washington.\",\"legalName\":\"West Coast Trial Lawyers\"}]}<\/script>\n<!-- \/ Yoast SEO Premium plugin. -->","yoast_head_json":{"title":"Abogado de accidente de entrega de alimentos de Beverly Hills\u00a0 | West Coast Trial Lawyers","robots":{"index":"index","follow":"follow","max-snippet":"max-snippet:-1","max-image-preview":"max-image-preview:large","max-video-preview":"max-video-preview:-1"},"canonical":"https:\/\/westcoasttriallawyers.com\/es\/california\/beverly-hills\/abogado-de-accidente-de-entrega-de-alimentos-de-beverly-hills","og_locale":"es_ES","og_type":"article","og_title":"Abogado de accidente de entrega de alimentos de Beverly Hills\u00a0","og_description":"Reclamaciones e indemnizaciones por accidentes de entrega de alimentos Las reclamaciones por accidentes de entrega de alimentos son especialmente complejas. Las leyes en California que afectan la forma en que se manejan estos reclamos est\u00e1n cambiando actualmente. A partir de ahora, los tres servicios de entrega de alimentos m\u00e1s populares en el \u00e1rea de Beverly [&hellip;]","og_url":"https:\/\/westcoasttriallawyers.com\/es\/california\/beverly-hills\/abogado-de-accidente-de-entrega-de-alimentos-de-beverly-hills","og_site_name":"West Coast Trial Lawyers","article_publisher":"https:\/\/www.facebook.com\/westcoasttriallawyers\/","article_modified_time":"2026-01-20T14:37:44+00:00","og_image":[{"width":442,"height":328,"url":"https:\/\/westcoasttriallawyers.com\/wp-content\/uploads\/2025\/07\/Beverly-Hills-27.webp","type":"image\/webp"}],"twitter_card":"summary_large_image","twitter_site":"@WestCoastTrial","twitter_misc":{"Tiempo de lectura":"12 minutos"},"schema":{"@context":"https:\/\/schema.org","@graph":[{"@type":["WebPage","ItemPage"],"@id":"https:\/\/westcoasttriallawyers.com\/es\/california\/beverly-hills\/abogado-de-accidente-de-entrega-de-alimentos-de-beverly-hills","url":"https:\/\/westcoasttriallawyers.com\/es\/california\/beverly-hills\/abogado-de-accidente-de-entrega-de-alimentos-de-beverly-hills","name":"Abogado de accidente de entrega de alimentos de Beverly Hills\u00a0 | West Coast Trial Lawyers","isPartOf":{"@id":"https:\/\/westcoasttriallawyers.com\/es#website"},"primaryImageOfPage":{"@id":"https:\/\/westcoasttriallawyers.com\/es\/california\/beverly-hills\/abogado-de-accidente-de-entrega-de-alimentos-de-beverly-hills#primaryimage"},"image":{"@id":"https:\/\/westcoasttriallawyers.com\/es\/california\/beverly-hills\/abogado-de-accidente-de-entrega-de-alimentos-de-beverly-hills#primaryimage"},"thumbnailUrl":"https:\/\/westcoasttriallawyers.com\/wp-content\/uploads\/2025\/07\/Beverly-Hills.webp","datePublished":"2026-01-13T21:18:49+00:00","dateModified":"2026-01-20T14:37:44+00:00","breadcrumb":{"@id":"https:\/\/westcoasttriallawyers.com\/es\/california\/beverly-hills\/abogado-de-accidente-de-entrega-de-alimentos-de-beverly-hills#breadcrumb"},"inLanguage":"es","potentialAction":[{"@type":"ReadAction","target":["https:\/\/westcoasttriallawyers.com\/es\/california\/beverly-hills\/abogado-de-accidente-de-entrega-de-alimentos-de-beverly-hills"]}]},{"@type":"ImageObject","inLanguage":"es","@id":"https:\/\/westcoasttriallawyers.com\/es\/california\/beverly-hills\/abogado-de-accidente-de-entrega-de-alimentos-de-beverly-hills#primaryimage","url":"https:\/\/westcoasttriallawyers.com\/wp-content\/uploads\/2025\/07\/Beverly-Hills.webp","contentUrl":"https:\/\/westcoasttriallawyers.com\/wp-content\/uploads\/2025\/07\/Beverly-Hills.webp","width":442,"height":328,"caption":"A shot of"},{"@type":"BreadcrumbList","@id":"https:\/\/westcoasttriallawyers.com\/es\/california\/beverly-hills\/abogado-de-accidente-de-entrega-de-alimentos-de-beverly-hills#breadcrumb","itemListElement":[{"@type":"ListItem","position":1,"name":"Inicio","item":"https:\/\/westcoasttriallawyers.com\/es"},{"@type":"ListItem","position":2,"name":"California","item":"https:\/\/westcoasttriallawyers.com\/es\/california"},{"@type":"ListItem","position":3,"name":"Beverly Hills","item":"https:\/\/westcoasttriallawyers.com\/es\/california\/beverly-hills"},{"@type":"ListItem","position":4,"name":"Abogado de accidente de entrega de alimentos de Beverly Hills\u00a0"}]},{"@type":"WebSite","@id":"https:\/\/westcoasttriallawyers.com\/es#website","url":"https:\/\/westcoasttriallawyers.com\/es","name":"West Coast Trial Lawyers","description":"West Coast Trial Lawyers","publisher":{"@id":"https:\/\/westcoasttriallawyers.com\/es#organization"},"alternateName":"WCTL","potentialAction":[{"@type":"SearchAction","target":{"@type":"EntryPoint","urlTemplate":"https:\/\/westcoasttriallawyers.com\/es?s={search_term_string}"},"query-input":{"@type":"PropertyValueSpecification","valueRequired":true,"valueName":"search_term_string"}}],"inLanguage":"es"},{"@type":"Organization","@id":"https:\/\/westcoasttriallawyers.com\/es#organization","name":"West Coast Trial Lawyers","alternateName":"WCTL","url":"https:\/\/westcoasttriallawyers.com\/es","logo":{"@type":"ImageObject","inLanguage":"es","@id":"https:\/\/westcoasttriallawyers.com\/es#\/schema\/logo\/image\/","url":"https:\/\/westcoasttriallawyers.com\/wp-content\/uploads\/2026\/02\/WCTL-Logo.jpg","contentUrl":"https:\/\/westcoasttriallawyers.com\/wp-content\/uploads\/2026\/02\/WCTL-Logo.jpg","width":696,"height":696,"caption":"West Coast Trial Lawyers"},"image":{"@id":"https:\/\/westcoasttriallawyers.com\/es#\/schema\/logo\/image\/"},"sameAs":["https:\/\/www.facebook.com\/westcoasttriallawyers\/","https:\/\/x.com\/WestCoastTrial","https:\/\/www.linkedin.com\/company\/west-coast-trial-lawyers\/","https:\/\/www.instagram.com\/westcoasttriallawyers\/","https:\/\/www.yelp.com\/biz\/west-coast-trial-lawyers-los-angeles-2","https:\/\/www.pinterest.com\/westcoasttrial\/","https:\/\/www.youtube.com\/westcoasttriallawyersla\/","https:\/\/www.tiktok.com\/westcoasttriallawyers"],"description":"West Coast Trial Lawyers is a top-rated personal injury law firm with a goal to provide expert legal representation to those in need. The law firm has offices across California, Nevada, Arizona, and Washington.","legalName":"West Coast Trial Lawyers"}]}},"_links":{"self":[{"href":"https:\/\/westcoasttriallawyers.com\/es\/wp-json\/wp\/v2\/pages\/13180","targetHints":{"allow":["GET"]}}],"collection":[{"href":"https:\/\/westcoasttriallawyers.com\/es\/wp-json\/wp\/v2\/pages"}],"about":[{"href":"https:\/\/westcoasttriallawyers.com\/es\/wp-json\/wp\/v2\/types\/page"}],"author":[{"embeddable":true,"href":"https:\/\/westcoasttriallawyers.com\/es\/wp-json\/wp\/v2\/users\/475"}],"replies":[{"embeddable":true,"href":"https:\/\/westcoasttriallawyers.com\/es\/wp-json\/wp\/v2\/comments?post=13180"}],"version-history":[{"count":3,"href":"https:\/\/westcoasttriallawyers.com\/es\/wp-json\/wp\/v2\/pages\/13180\/revisions"}],"predecessor-version":[{"id":47552,"href":"https:\/\/westcoasttriallawyers.com\/es\/wp-json\/wp\/v2\/pages\/13180\/revisions\/47552"}],"up":[{"embeddable":true,"href":"https:\/\/westcoasttriallawyers.com\/es\/wp-json\/wp\/v2\/pages\/47324"}],"wp:featuredmedia":[{"embeddable":true,"href":"https:\/\/westcoasttriallawyers.com\/es\/wp-json\/wp\/v2\/media\/27992"}],"wp:attachment":[{"href":"https:\/\/westcoasttriallawyers.com\/es\/wp-json\/wp\/v2\/media?parent=13180"}],"curies":[{"name":"wp","href":"https:\/\/api.w.org\/{rel}","templated":true}]}}