{"id":13179,"date":"2026-01-13T21:18:38","date_gmt":"2026-01-13T21:18:38","guid":{"rendered":"https:\/\/wctl1stg.wpengine.com\/?page_id=13179"},"modified":"2026-01-23T22:13:30","modified_gmt":"2026-01-23T22:13:30","slug":"abogados-lesiones-cerebrales-beverly-hills","status":"publish","type":"page","link":"https:\/\/westcoasttriallawyers.com\/es\/california\/beverly-hills\/abogados-lesiones-cerebrales-beverly-hills","title":{"rendered":"Abogado de lesiones cerebrales de Beverly Hills\u00a0"},"content":{"rendered":"<h2><strong>Obtenga informaci\u00f3n legal de nuestros abogados expertos en lesiones cerebrales de Beverly Hills sobre c\u00f3mo se manejan las lesiones cerebrales traum\u00e1ticas<\/strong><\/h2>\n<p>Una lesi\u00f3n cerebral traum\u00e1tica (TBI, por sus siglas en ingl\u00e9s) es una de las lesiones m\u00e1s graves que alguien puede sufrir. La mayor\u00eda de estas desafortunadas lesiones son causadas por golpes agresivos en la cabeza, que pueden alterar gravemente el funcionamiento cerebral que de otro modo ser\u00eda saludable.<\/p>\n<p>Las lesiones cerebrales traum\u00e1ticas tienen el potencial de cambiar todo en la vida de una v\u00edctima.<\/p>\n<p>Las v\u00edctimas generalmente requieren cirug\u00edas costosas, fisioterapia diaria e incluso atenci\u00f3n y supervisi\u00f3n m\u00e9dica las 24 horas del d\u00eda, los 7 d\u00edas de la semana. Para complicar a\u00fan m\u00e1s las cosas, la realidad es que muchas v\u00edctimas de lesiones cerebrales no tienen los recursos financieros para pagar una atenci\u00f3n m\u00e9dica tan costosa.<\/p>\n<p>Si su TBI fue causado por una ca\u00edda debido a una administraci\u00f3n negligente de la propiedad, despu\u00e9s de un accidente automovil\u00edstico causado por un conductor ebrio o debido a una agresi\u00f3n f\u00edsica, sepa que el equipo de abogados especialistas en lesiones cerebrales de West Coast Trial Lawyers est\u00e1 aqu\u00ed para ayudarlo. . Nuestros abogados con experiencia en lesiones cerebrales de Beverly Hills han ganado m\u00e1s de 5,000 casos y han recuperado m\u00e1s de $1,000 millones en acuerdos para nuestros clientes. Debido a nuestros logros, hemos sido clasificados como uno de los mejores bufetes de abogados de lesiones personales en Beverly Hills.<\/p>\n<p>No dude en comunicarse con nuestro equipo legal las 24 horas, los 7 d\u00edas de la semana llamando al\u00a0<strong>213-927-3700<\/strong> o enviando un correo electr\u00f3nico a\u00a0<a href=\"mailto:info@westcoasttriallawyers.com\"><strong>info@westcoasttriallawyers.com<\/strong><\/a> para programar una consulta gratuita en nuestro bufete de abogados de lesiones personales de Beverly Hills.<\/p>\n<h2><strong>Lesiones cerebrales traum\u00e1ticas y la legislaci\u00f3n de California<\/strong><\/h2>\n<ul>\n<li>California. C\u00f3digo Penal \u00a713515.36 (2010 SB 1296): La Comisi\u00f3n de Normas y Capacitaci\u00f3n de Oficiales del Orden P\u00fablico debe brindar capacitaci\u00f3n adecuada a cualquier oficial del orden p\u00fablico, veteranos que regresan o cualquier otra persona que sufra una lesi\u00f3n cerebral traum\u00e1tica o un trastorno de estr\u00e9s postraum\u00e1tico.<\/li>\n<\/ul>\n<p>La Comisi\u00f3n tambi\u00e9n debe difundir capacitaci\u00f3n en l\u00ednea a agencias de aplicaci\u00f3n de la ley espec\u00edficas con respecto a TBI y PTSD, as\u00ed como informar a la legislatura sobre c\u00f3mo se capacita a los agentes del orden cuando interact\u00faan con personas que sufren TBI o PTSD.<\/p>\n<ul>\n<li>California. C\u00f3digo de Educaci\u00f3n \u00a749475 (2011 AB-25): Los distritos escolares que ofrecen deportes deben retirar a los atletas de la actividad f\u00edsica cuando es probable que hayan sufrido una conmoci\u00f3n cerebral o una lesi\u00f3n en la cabeza. Los atletas que han sido retirados de participar en actividades f\u00edsicas no pueden regresar a menos que hayan sido autorizados por un profesional m\u00e9dico.<\/li>\n<li>California. C\u00f3digo de Bienestar e Instituciones \u00a7 4354; 4354,5; 4355; 4356; 4357; 4357.1; 4358.5; 4359; 14132.992 (2009 AB-398): El Departamento de Salud Mental del Estado est\u00e1 exento de administrar servicios para personas con TBI y transfiere esta responsabilidad al Departamento de Rehabilitaci\u00f3n. El Departamento de Rehabilitaci\u00f3n ser\u00e1 entonces responsable de financiar servicios importantes para adultos que sufren de TBI. Esta entidad tambi\u00e9n es responsable de la recopilaci\u00f3n de datos, as\u00ed como del seguimiento y evaluaci\u00f3n de los proveedores de servicios.<\/li>\n<\/ul>\n<h2><strong>Reclamaciones de seguro de lesiones cerebrales<\/strong><\/h2>\n<p>Si sufri\u00f3 una lesi\u00f3n cerebral causada por la negligencia de otra persona, puede tener derecho a presentar una demanda por lesiones personales contra la parte responsable para recuperar una compensaci\u00f3n.<\/p>\n<p>Las reclamaciones por lesiones cerebrales generalmente se dividen en una de dos categor\u00edas, las causadas por negligencia y las causadas por productos defectuosos. \u00bfQu\u00e9 es la negligencia en relaci\u00f3n con las lesiones cerebrales? La ley define la negligencia como el hecho de que una persona, grupo u otra entidad no act\u00fae de manera razonable cuando ten\u00eda el deber de hacerlo. La negligencia puede abarcar una variedad de actos il\u00edcitos que, como se mencion\u00f3, pueden ser cometidos por un individuo, una empresa o un grupo que, en \u00faltima instancia, hace que alguien sufra da\u00f1os.<\/p>\n<p>Si sufri\u00f3 una lesi\u00f3n cerebral causada por la negligencia de alguien y desea presentar un reclamo para la recuperaci\u00f3n de da\u00f1os, debe demostrar que:<\/p>\n<ul>\n<li>El acusado le deb\u00eda un deber de cuidado<\/li>\n<li>El imputado incumpli\u00f3 este deber de diligencia<\/li>\n<li>El hecho de que el acusado no cumpli\u00f3 con su deber de cuidado fue el factor significativo que provoc\u00f3 que usted sufriera una lesi\u00f3n cerebral.<\/li>\n<\/ul>\n<p>Adem\u00e1s, deber\u00e1 mostrar qu\u00e9 tipos de da\u00f1os sufri\u00f3 por el incidente. Esto incluye da\u00f1os econ\u00f3micos y no econ\u00f3micos, como facturas m\u00e9dicas, salarios perdidos, dolor y sufrimiento, y m\u00e1s. Esto ayudar\u00e1 a determinar la cantidad de compensaci\u00f3n que se le otorgar\u00e1.<\/p>\n<p><strong>Consideremos un ejemplo que describe la negligencia y el deber de cuidado en relaci\u00f3n con las lesiones cerebrales:<\/strong> supongamos que viaja en autob\u00fas. El conductor del autob\u00fas, sin que usted lo sepa, ha estado bebiendo ese d\u00eda. Un conductor de autob\u00fas, como alguien que se gana la vida transportando personas, tiene la responsabilidad legal de cuidar a sus pasajeros. En otras palabras, un conductor de autob\u00fas es responsable de seguir las leyes de tr\u00e1nsito, obedecer los l\u00edmites de velocidad, vigilar a los peatones y no estar bajo la influencia.<\/p>\n<p>El conductor del autob\u00fas pasa un sem\u00e1foro en rojo y choca contra un poste de luz. Debido al accidente, sufres un traumatismo craneoencef\u00e1lico. En este ejemplo, el conductor del autob\u00fas viol\u00f3 su deber de cuidado al conducir un autob\u00fas bajo la influencia del alcohol y, por lo tanto, ser\u00eda responsable del accidente y de los da\u00f1os resultantes.<\/p>\n<h2><strong>Da\u00f1os disponibles en un reclamo por lesi\u00f3n cerebral<\/strong><\/h2>\n<p>Se ha estimado que cerca del 2 por ciento de la poblaci\u00f3n estadounidense no puede realizar actividades diarias sin asistencia de por vida debido a una lesi\u00f3n cerebral traum\u00e1tica. Los acuerdos por lesiones cerebrales pueden variar y depender\u00e1n de circunstancias espec\u00edficas, como la gravedad de la lesi\u00f3n.<\/p>\n<p>En general, las v\u00edctimas de lesiones cerebrales pueden recibir compensaci\u00f3n por:<\/p>\n<ul>\n<li>Gastos m\u00e9dicos pasados y futuros<\/li>\n<li>Humillaci\u00f3n<\/li>\n<li>P\u00e9rdida de consorcio<\/li>\n<li>Estr\u00e9s emocional<\/li>\n<li>P\u00e9rdida de ingresos pasados y futuros<\/li>\n<li>Dolor y sufrimiento<\/li>\n<li>P\u00e9rdida del disfrute de la vida<\/li>\n<li>Salarios perdidos<\/li>\n<li>P\u00e9rdida de propiedad<\/li>\n<li>Facturas m\u00e9dicas<\/li>\n<\/ul>\n<h2><strong>\u00bfQu\u00e9 son las lesiones cerebrales cong\u00e9nitas?<\/strong><\/h2>\n<p>Si recibi\u00f3 la atenci\u00f3n m\u00e9dica adecuada durante el per\u00edodo de su embarazo y su beb\u00e9 sufri\u00f3 una lesi\u00f3n cerebral cong\u00e9nita, es posible que pueda presentar un reclamo por da\u00f1os contra su proveedor de atenci\u00f3n m\u00e9dica. Por ejemplo, si su m\u00e9dico no lo educ\u00f3 sobre las opciones de estilo de vida que podr\u00edan da\u00f1ar a su hijo, es posible que se le considere responsable de negligencia m\u00e9dica. Adem\u00e1s, si no administraron la medicaci\u00f3n adecuada, es posible que hayan incumplido un deber de cuidado que se le debe. El incumplimiento del deber puede darle derecho a demandar por negligencia.<\/p>\n<p>Si se puede probar que su proveedor de atenci\u00f3n m\u00e9dica actu\u00f3 con negligencia, tendr\u00eda derecho a una compensaci\u00f3n por el costo de cualquier procedimiento necesario para controlar o revertir el da\u00f1o causado a su hijo. Tambi\u00e9n puede tener derecho a una compensaci\u00f3n por angustia emocional, as\u00ed como da\u00f1os por dolor y sufrimiento.<\/p>\n<h2><strong>Los abogados litigantes de la costa oeste est\u00e1n aqu\u00ed para ayudar<\/strong><\/h2>\n<p>Si ha sufrido una lesi\u00f3n cerebral en el \u00e1rea de Beverly Hills como resultado de la negligencia o actos deliberados de malicia de alguien, tiene derecho a responsabilizar a la parte culpable por sus p\u00e9rdidas. Un abogado de lesiones cerebrales de Beverly Hills en West Coast Trial Lawyers lo ayudar\u00e1 a recuperar una compensaci\u00f3n por las p\u00e9rdidas que ha sufrido, incluidas sus facturas m\u00e9dicas, da\u00f1os a la propiedad, salarios perdidos, dolor y sufrimiento, y m\u00e1s.<\/p>\n<p>Ll\u00e1menos hoy al\u00a0<strong>213-927-3700<\/strong> o env\u00ede un correo electr\u00f3nico a\u00a0<a href=\"mailto:info@westcoasttriallawyers.com\"><strong>info@westcoasttriallawyers.com<\/strong><\/a> para programar una consulta gratuita con nuestro equipo legal experimentado, atento y compasivo.<br \/>\n<!-- WCTL_DEBUG: no shortcode in this_content --><\/p>\n","protected":false},"excerpt":{"rendered":"<p>Obtenga informaci\u00f3n legal de nuestros abogados expertos en lesiones cerebrales de Beverly Hills sobre c\u00f3mo se manejan las lesiones cerebrales traum\u00e1ticas Una lesi\u00f3n cerebral traum\u00e1tica (TBI, por sus siglas en ingl\u00e9s) es una de las lesiones m\u00e1s graves que alguien puede sufrir. La mayor\u00eda de estas desafortunadas lesiones son causadas por golpes agresivos en la [&hellip;]<\/p>\n","protected":false},"author":470,"featured_media":27992,"parent":47324,"menu_order":443,"comment_status":"closed","ping_status":"closed","template":"","meta":{"inline_featured_image":false,"footnotes":""},"class_list":["post-13179","page","type-page","status-publish","has-post-thumbnail","hentry"],"acf":[],"yoast_head":"<!-- This site is optimized with the Yoast SEO Premium plugin v26.0 (Yoast SEO v26.0) - https:\/\/yoast.com\/wordpress\/plugins\/seo\/ -->\n<title>Abogado de lesiones cerebrales de Beverly Hills\u00a0 | West Coast Trial Lawyers<\/title>\n<meta name=\"robots\" content=\"index, follow, max-snippet:-1, max-image-preview:large, max-video-preview:-1\" \/>\n<link rel=\"canonical\" href=\"https:\/\/westcoasttriallawyers.com\/es\/california\/beverly-hills\/abogados-lesiones-cerebrales-beverly-hills\" \/>\n<meta property=\"og:locale\" content=\"es_ES\" \/>\n<meta property=\"og:type\" content=\"article\" \/>\n<meta property=\"og:title\" content=\"Abogado de lesiones cerebrales de Beverly Hills\u00a0\" \/>\n<meta property=\"og:description\" content=\"Obtenga informaci\u00f3n legal de nuestros abogados expertos en lesiones cerebrales de Beverly Hills sobre c\u00f3mo se manejan las lesiones cerebrales traum\u00e1ticas Una lesi\u00f3n cerebral traum\u00e1tica (TBI, por sus siglas en ingl\u00e9s) es una de las lesiones m\u00e1s graves que alguien puede sufrir. La mayor\u00eda de estas desafortunadas lesiones son causadas por golpes agresivos en la [&hellip;]\" \/>\n<meta property=\"og:url\" content=\"https:\/\/westcoasttriallawyers.com\/es\/california\/beverly-hills\/abogados-lesiones-cerebrales-beverly-hills\" \/>\n<meta property=\"og:site_name\" content=\"West Coast Trial Lawyers\" \/>\n<meta property=\"article:publisher\" content=\"https:\/\/www.facebook.com\/westcoasttriallawyers\/\" \/>\n<meta property=\"article:modified_time\" content=\"2026-01-23T22:13:30+00:00\" \/>\n<meta property=\"og:image\" content=\"https:\/\/westcoasttriallawyers.com\/wp-content\/uploads\/2025\/07\/Beverly-Hills.webp\" \/>\n\t<meta property=\"og:image:width\" content=\"442\" \/>\n\t<meta property=\"og:image:height\" content=\"328\" \/>\n\t<meta property=\"og:image:type\" content=\"image\/webp\" \/>\n<meta name=\"twitter:card\" content=\"summary_large_image\" \/>\n<meta name=\"twitter:site\" content=\"@WestCoastTrial\" \/>\n<meta name=\"twitter:label1\" content=\"Tiempo de lectura\" \/>\n\t<meta name=\"twitter:data1\" content=\"6 minutos\" \/>\n<script type=\"application\/ld+json\" class=\"yoast-schema-graph\">{\"@context\":\"https:\/\/schema.org\",\"@graph\":[{\"@type\":[\"WebPage\",\"ItemPage\"],\"@id\":\"https:\/\/westcoasttriallawyers.com\/es\/california\/beverly-hills\/abogados-lesiones-cerebrales-beverly-hills\",\"url\":\"https:\/\/westcoasttriallawyers.com\/es\/california\/beverly-hills\/abogados-lesiones-cerebrales-beverly-hills\",\"name\":\"Abogado de lesiones cerebrales de Beverly Hills\u00a0 | West Coast Trial Lawyers\",\"isPartOf\":{\"@id\":\"https:\/\/westcoasttriallawyers.com\/es#website\"},\"primaryImageOfPage\":{\"@id\":\"https:\/\/westcoasttriallawyers.com\/es\/california\/beverly-hills\/abogados-lesiones-cerebrales-beverly-hills#primaryimage\"},\"image\":{\"@id\":\"https:\/\/westcoasttriallawyers.com\/es\/california\/beverly-hills\/abogados-lesiones-cerebrales-beverly-hills#primaryimage\"},\"thumbnailUrl\":\"https:\/\/westcoasttriallawyers.com\/wp-content\/uploads\/2025\/07\/Beverly-Hills.webp\",\"datePublished\":\"2026-01-13T21:18:38+00:00\",\"dateModified\":\"2026-01-23T22:13:30+00:00\",\"breadcrumb\":{\"@id\":\"https:\/\/westcoasttriallawyers.com\/es\/california\/beverly-hills\/abogados-lesiones-cerebrales-beverly-hills#breadcrumb\"},\"inLanguage\":\"es\",\"potentialAction\":[{\"@type\":\"ReadAction\",\"target\":[\"https:\/\/westcoasttriallawyers.com\/es\/california\/beverly-hills\/abogados-lesiones-cerebrales-beverly-hills\"]}]},{\"@type\":\"ImageObject\",\"inLanguage\":\"es\",\"@id\":\"https:\/\/westcoasttriallawyers.com\/es\/california\/beverly-hills\/abogados-lesiones-cerebrales-beverly-hills#primaryimage\",\"url\":\"https:\/\/westcoasttriallawyers.com\/wp-content\/uploads\/2025\/07\/Beverly-Hills.webp\",\"contentUrl\":\"https:\/\/westcoasttriallawyers.com\/wp-content\/uploads\/2025\/07\/Beverly-Hills.webp\",\"width\":442,\"height\":328,\"caption\":\"A shot of\"},{\"@type\":\"BreadcrumbList\",\"@id\":\"https:\/\/westcoasttriallawyers.com\/es\/california\/beverly-hills\/abogados-lesiones-cerebrales-beverly-hills#breadcrumb\",\"itemListElement\":[{\"@type\":\"ListItem\",\"position\":1,\"name\":\"Inicio\",\"item\":\"https:\/\/westcoasttriallawyers.com\/es\"},{\"@type\":\"ListItem\",\"position\":2,\"name\":\"California\",\"item\":\"https:\/\/westcoasttriallawyers.com\/es\/california\"},{\"@type\":\"ListItem\",\"position\":3,\"name\":\"Beverly Hills\",\"item\":\"https:\/\/westcoasttriallawyers.com\/es\/california\/beverly-hills\"},{\"@type\":\"ListItem\",\"position\":4,\"name\":\"Abogado de lesiones cerebrales de Beverly Hills\u00a0\"}]},{\"@type\":\"WebSite\",\"@id\":\"https:\/\/westcoasttriallawyers.com\/es#website\",\"url\":\"https:\/\/westcoasttriallawyers.com\/es\",\"name\":\"West Coast Trial Lawyers\",\"description\":\"West Coast Trial Lawyers\",\"publisher\":{\"@id\":\"https:\/\/westcoasttriallawyers.com\/es#organization\"},\"alternateName\":\"WCTL\",\"potentialAction\":[{\"@type\":\"SearchAction\",\"target\":{\"@type\":\"EntryPoint\",\"urlTemplate\":\"https:\/\/westcoasttriallawyers.com\/es?s={search_term_string}\"},\"query-input\":{\"@type\":\"PropertyValueSpecification\",\"valueRequired\":true,\"valueName\":\"search_term_string\"}}],\"inLanguage\":\"es\"},{\"@type\":\"Organization\",\"@id\":\"https:\/\/westcoasttriallawyers.com\/es#organization\",\"name\":\"West Coast Trial Lawyers\",\"alternateName\":\"WCTL\",\"url\":\"https:\/\/westcoasttriallawyers.com\/es\",\"logo\":{\"@type\":\"ImageObject\",\"inLanguage\":\"es\",\"@id\":\"https:\/\/westcoasttriallawyers.com\/es#\/schema\/logo\/image\/\",\"url\":\"https:\/\/westcoasttriallawyers.com\/wp-content\/uploads\/2026\/02\/WCTL-Logo.jpg\",\"contentUrl\":\"https:\/\/westcoasttriallawyers.com\/wp-content\/uploads\/2026\/02\/WCTL-Logo.jpg\",\"width\":696,\"height\":696,\"caption\":\"West Coast Trial Lawyers\"},\"image\":{\"@id\":\"https:\/\/westcoasttriallawyers.com\/es#\/schema\/logo\/image\/\"},\"sameAs\":[\"https:\/\/www.facebook.com\/westcoasttriallawyers\/\",\"https:\/\/x.com\/WestCoastTrial\",\"https:\/\/www.linkedin.com\/company\/west-coast-trial-lawyers\/\",\"https:\/\/www.instagram.com\/westcoasttriallawyers\/\",\"https:\/\/www.yelp.com\/biz\/west-coast-trial-lawyers-los-angeles-2\",\"https:\/\/www.pinterest.com\/westcoasttrial\/\",\"https:\/\/www.youtube.com\/westcoasttriallawyersla\/\",\"https:\/\/www.tiktok.com\/westcoasttriallawyers\"],\"description\":\"West Coast Trial Lawyers is a top-rated personal injury law firm with a goal to provide expert legal representation to those in need. The law firm has offices across California, Nevada, Arizona, and Washington.\",\"legalName\":\"West Coast Trial Lawyers\"}]}<\/script>\n<!-- \/ Yoast SEO Premium plugin. -->","yoast_head_json":{"title":"Abogado de lesiones cerebrales de Beverly Hills\u00a0 | West Coast Trial Lawyers","robots":{"index":"index","follow":"follow","max-snippet":"max-snippet:-1","max-image-preview":"max-image-preview:large","max-video-preview":"max-video-preview:-1"},"canonical":"https:\/\/westcoasttriallawyers.com\/es\/california\/beverly-hills\/abogados-lesiones-cerebrales-beverly-hills","og_locale":"es_ES","og_type":"article","og_title":"Abogado de lesiones cerebrales de Beverly Hills\u00a0","og_description":"Obtenga informaci\u00f3n legal de nuestros abogados expertos en lesiones cerebrales de Beverly Hills sobre c\u00f3mo se manejan las lesiones cerebrales traum\u00e1ticas Una lesi\u00f3n cerebral traum\u00e1tica (TBI, por sus siglas en ingl\u00e9s) es una de las lesiones m\u00e1s graves que alguien puede sufrir. La mayor\u00eda de estas desafortunadas lesiones son causadas por golpes agresivos en la [&hellip;]","og_url":"https:\/\/westcoasttriallawyers.com\/es\/california\/beverly-hills\/abogados-lesiones-cerebrales-beverly-hills","og_site_name":"West Coast Trial Lawyers","article_publisher":"https:\/\/www.facebook.com\/westcoasttriallawyers\/","article_modified_time":"2026-01-23T22:13:30+00:00","og_image":[{"width":442,"height":328,"url":"https:\/\/westcoasttriallawyers.com\/wp-content\/uploads\/2025\/07\/Beverly-Hills.webp","type":"image\/webp"}],"twitter_card":"summary_large_image","twitter_site":"@WestCoastTrial","twitter_misc":{"Tiempo de lectura":"6 minutos"},"schema":{"@context":"https:\/\/schema.org","@graph":[{"@type":["WebPage","ItemPage"],"@id":"https:\/\/westcoasttriallawyers.com\/es\/california\/beverly-hills\/abogados-lesiones-cerebrales-beverly-hills","url":"https:\/\/westcoasttriallawyers.com\/es\/california\/beverly-hills\/abogados-lesiones-cerebrales-beverly-hills","name":"Abogado de lesiones cerebrales de Beverly Hills\u00a0 | West Coast Trial Lawyers","isPartOf":{"@id":"https:\/\/westcoasttriallawyers.com\/es#website"},"primaryImageOfPage":{"@id":"https:\/\/westcoasttriallawyers.com\/es\/california\/beverly-hills\/abogados-lesiones-cerebrales-beverly-hills#primaryimage"},"image":{"@id":"https:\/\/westcoasttriallawyers.com\/es\/california\/beverly-hills\/abogados-lesiones-cerebrales-beverly-hills#primaryimage"},"thumbnailUrl":"https:\/\/westcoasttriallawyers.com\/wp-content\/uploads\/2025\/07\/Beverly-Hills.webp","datePublished":"2026-01-13T21:18:38+00:00","dateModified":"2026-01-23T22:13:30+00:00","breadcrumb":{"@id":"https:\/\/westcoasttriallawyers.com\/es\/california\/beverly-hills\/abogados-lesiones-cerebrales-beverly-hills#breadcrumb"},"inLanguage":"es","potentialAction":[{"@type":"ReadAction","target":["https:\/\/westcoasttriallawyers.com\/es\/california\/beverly-hills\/abogados-lesiones-cerebrales-beverly-hills"]}]},{"@type":"ImageObject","inLanguage":"es","@id":"https:\/\/westcoasttriallawyers.com\/es\/california\/beverly-hills\/abogados-lesiones-cerebrales-beverly-hills#primaryimage","url":"https:\/\/westcoasttriallawyers.com\/wp-content\/uploads\/2025\/07\/Beverly-Hills.webp","contentUrl":"https:\/\/westcoasttriallawyers.com\/wp-content\/uploads\/2025\/07\/Beverly-Hills.webp","width":442,"height":328,"caption":"A shot of"},{"@type":"BreadcrumbList","@id":"https:\/\/westcoasttriallawyers.com\/es\/california\/beverly-hills\/abogados-lesiones-cerebrales-beverly-hills#breadcrumb","itemListElement":[{"@type":"ListItem","position":1,"name":"Inicio","item":"https:\/\/westcoasttriallawyers.com\/es"},{"@type":"ListItem","position":2,"name":"California","item":"https:\/\/westcoasttriallawyers.com\/es\/california"},{"@type":"ListItem","position":3,"name":"Beverly Hills","item":"https:\/\/westcoasttriallawyers.com\/es\/california\/beverly-hills"},{"@type":"ListItem","position":4,"name":"Abogado de lesiones cerebrales de Beverly Hills\u00a0"}]},{"@type":"WebSite","@id":"https:\/\/westcoasttriallawyers.com\/es#website","url":"https:\/\/westcoasttriallawyers.com\/es","name":"West Coast Trial Lawyers","description":"West Coast Trial Lawyers","publisher":{"@id":"https:\/\/westcoasttriallawyers.com\/es#organization"},"alternateName":"WCTL","potentialAction":[{"@type":"SearchAction","target":{"@type":"EntryPoint","urlTemplate":"https:\/\/westcoasttriallawyers.com\/es?s={search_term_string}"},"query-input":{"@type":"PropertyValueSpecification","valueRequired":true,"valueName":"search_term_string"}}],"inLanguage":"es"},{"@type":"Organization","@id":"https:\/\/westcoasttriallawyers.com\/es#organization","name":"West Coast Trial Lawyers","alternateName":"WCTL","url":"https:\/\/westcoasttriallawyers.com\/es","logo":{"@type":"ImageObject","inLanguage":"es","@id":"https:\/\/westcoasttriallawyers.com\/es#\/schema\/logo\/image\/","url":"https:\/\/westcoasttriallawyers.com\/wp-content\/uploads\/2026\/02\/WCTL-Logo.jpg","contentUrl":"https:\/\/westcoasttriallawyers.com\/wp-content\/uploads\/2026\/02\/WCTL-Logo.jpg","width":696,"height":696,"caption":"West Coast Trial Lawyers"},"image":{"@id":"https:\/\/westcoasttriallawyers.com\/es#\/schema\/logo\/image\/"},"sameAs":["https:\/\/www.facebook.com\/westcoasttriallawyers\/","https:\/\/x.com\/WestCoastTrial","https:\/\/www.linkedin.com\/company\/west-coast-trial-lawyers\/","https:\/\/www.instagram.com\/westcoasttriallawyers\/","https:\/\/www.yelp.com\/biz\/west-coast-trial-lawyers-los-angeles-2","https:\/\/www.pinterest.com\/westcoasttrial\/","https:\/\/www.youtube.com\/westcoasttriallawyersla\/","https:\/\/www.tiktok.com\/westcoasttriallawyers"],"description":"West Coast Trial Lawyers is a top-rated personal injury law firm with a goal to provide expert legal representation to those in need. The law firm has offices across California, Nevada, Arizona, and Washington.","legalName":"West Coast Trial Lawyers"}]}},"_links":{"self":[{"href":"https:\/\/westcoasttriallawyers.com\/es\/wp-json\/wp\/v2\/pages\/13179","targetHints":{"allow":["GET"]}}],"collection":[{"href":"https:\/\/westcoasttriallawyers.com\/es\/wp-json\/wp\/v2\/pages"}],"about":[{"href":"https:\/\/westcoasttriallawyers.com\/es\/wp-json\/wp\/v2\/types\/page"}],"author":[{"embeddable":true,"href":"https:\/\/westcoasttriallawyers.com\/es\/wp-json\/wp\/v2\/users\/470"}],"replies":[{"embeddable":true,"href":"https:\/\/westcoasttriallawyers.com\/es\/wp-json\/wp\/v2\/comments?post=13179"}],"version-history":[{"count":2,"href":"https:\/\/westcoasttriallawyers.com\/es\/wp-json\/wp\/v2\/pages\/13179\/revisions"}],"predecessor-version":[{"id":48176,"href":"https:\/\/westcoasttriallawyers.com\/es\/wp-json\/wp\/v2\/pages\/13179\/revisions\/48176"}],"up":[{"embeddable":true,"href":"https:\/\/westcoasttriallawyers.com\/es\/wp-json\/wp\/v2\/pages\/47324"}],"wp:featuredmedia":[{"embeddable":true,"href":"https:\/\/westcoasttriallawyers.com\/es\/wp-json\/wp\/v2\/media\/27992"}],"wp:attachment":[{"href":"https:\/\/westcoasttriallawyers.com\/es\/wp-json\/wp\/v2\/media?parent=13179"}],"curies":[{"name":"wp","href":"https:\/\/api.w.org\/{rel}","templated":true}]}}