{"id":13174,"date":"2026-01-13T21:18:44","date_gmt":"2026-01-13T21:18:44","guid":{"rendered":"https:\/\/wctl1stg.wpengine.com\/?page_id=13174"},"modified":"2026-01-20T15:18:29","modified_gmt":"2026-01-20T15:18:29","slug":"abogado-de-muerte-injusta-en-beverly-hills","status":"publish","type":"page","link":"https:\/\/westcoasttriallawyers.com\/es\/california\/beverly-hills\/abogado-de-muerte-injusta-en-beverly-hills","title":{"rendered":"Abogado de Muerte Injusta en Beverly Hills"},"content":{"rendered":"<h2><strong>Obtenga informaci\u00f3n legal sobre c\u00f3mo nuestros abogados expertos en muerte injusta de Beverly Hills manejan los casos de muerte injusta<\/strong><\/h2>\n<p>Si ha experimentado la muerte injusta de un ser querido, acepte nuestras m\u00e1s sinceras condolencias. Sin embargo, tenga en cuenta que hay opciones disponibles para usted si desea buscar justicia y compensaci\u00f3n en nombre de su ser querido. Cuando ocurre una muerte injusta, los herederos de la v\u00edctima tienen derecho a recuperar una compensaci\u00f3n por da\u00f1os econ\u00f3micos y no econ\u00f3micos.<\/p>\n<p>De acuerdo con la ley de muerte injusta en Beverly Hills, que est\u00e1 cubierta por el C\u00f3digo de Procedimiento Civil de California 377.60, una muerte injusta se caracteriza por \u00abuna causa de acci\u00f3n por la muerte de una persona causada por el acto il\u00edcito o la negligencia de otra\u00bb.<\/p>\n<p>Seg\u00fan el C\u00f3digo de Procedimiento Civil de California 377.60, las personas que tienen derecho a presentar una demanda por muerte injusta en los tribunales incluyen:<\/p>\n<ul>\n<li>El c\u00f3nyuge del difunto,<\/li>\n<li>La pareja de hecho registrada del difunto,<\/li>\n<li>Los hijos del difunto,<\/li>\n<li>Los nietos del difunto, si los hijos del difunto han fallecido,<\/li>\n<li>Cualquier menor que depend\u00eda al menos en un 50 por ciento del difunto para su apoyo financiero, o<\/li>\n<li>Cualquier individuo con derecho a la propiedad del difunto de acuerdo con las leyes de sucesi\u00f3n intestada de California.<\/li>\n<\/ul>\n<p>No dude en ponerse en contacto con nuestro equipo experto de abogados de muerte injusta de Beverly Hills las 24 horas del d\u00eda, los 7 d\u00edas de la semana llamando al&nbsp;<strong>213-927-3700<\/strong> o enviando un correo electr\u00f3nico a&nbsp;<a href=\"mailto:info@westcoasttriallawyers.com\"><strong>info@westcoasttriallawyers.com<\/strong><\/a> para programar una consulta gratuita en nuestro bufete de abogados de lesiones personales de Beverly Hills.<\/p>\n<h2><strong>Datos breves sobre la muerte injusta<\/strong><\/h2>\n<ul>\n<li>Seg\u00fan un estudio realizado por los Centros para el Control y las Enfermedades (CDC) en 2018, la esperanza de vida en Estados Unidos es de 78,7 a\u00f1os.<\/li>\n<li>El CDC inform\u00f3 que para el a\u00f1o 2017, los accidentes ocuparon el tercer lugar entre las principales causas de muerte en todo el pa\u00eds.<\/li>\n<li>Statista afirma que los accidentes no intencionales causan el 6 por ciento de las muertes.<\/li>\n<li>Statista tambi\u00e9n indica que en 2017, las lesiones por veh\u00edculos motorizados fueron la segunda causa principal de muerte relacionada con lesiones no intencionales, con 37,133 de esas muertes ese a\u00f1o.<\/li>\n<\/ul>\n<h2><strong>Acci\u00f3n de Supervivencia vs Muerte Injusta<\/strong><\/h2>\n<p>Las acciones de supervivencia y muerte injusta se rigen estrictamente por la ley estatal de California. Son similares, pero hay algunas diferencias.<\/p>\n<p>Una acci\u00f3n de supervivencia da derecho a la herencia del difunto a recibir una compensaci\u00f3n, que el difunto habr\u00eda recibido si no hubiera perdido la vida. Sin embargo, una acci\u00f3n de supervivencia se aplica espec\u00edficamente a situaciones en las que la persona en cuesti\u00f3n no muri\u00f3 inmediatamente despu\u00e9s del accidente o incidente que finalmente result\u00f3 en su muerte.<\/p>\n<p>Por ejemplo, si alguien sufri\u00f3 una lesi\u00f3n cerebral grave en un accidente automovil\u00edstico causado por un mal funcionamiento del veh\u00edculo, entr\u00f3 en coma y no muri\u00f3 hasta meses despu\u00e9s, el patrimonio del difunto tendr\u00eda derecho a los salarios perdidos de esa persona. Este es s\u00f3lo un ejemplo. Consulte con un abogado de muerte injusta de Beverly Hills para analizar las circunstancias espec\u00edficas de la muerte de su ser querido.<\/p>\n<p>Un reclamo por muerte injusta da derecho a la familia sobreviviente de la v\u00edctima a la recuperaci\u00f3n de da\u00f1os, que incluyen:<\/p>\n<ul>\n<li>Gastos m\u00e9dicos y facturas de hospital<\/li>\n<li>Da\u00f1os punitivos<\/li>\n<li>P\u00e9rdida de apoyo financiero<\/li>\n<li>Gastos de funeral y entierro<\/li>\n<li>P\u00e9rdida de consorcio<\/li>\n<li>P\u00e9rdida de amor, protecci\u00f3n, afecto y apoyo.<\/li>\n<\/ul>\n<h2><strong>Muerte Injusta y Negligencia M\u00e9dica<\/strong><\/h2>\n<p>Una de las muchas causas comunes de muerte injusta es la negligencia m\u00e9dica. A continuaci\u00f3n se muestra una lista de varios escenarios que pueden dar derecho a los familiares sobrevivientes a presentar una demanda por muerte injusta por negligencia m\u00e9dica, incluidos, entre otros, los siguientes:<\/p>\n<ul>\n<li>Diagnosticar mal a un paciente<\/li>\n<li>Interpretaci\u00f3n incorrecta de los resultados de laboratorio<\/li>\n<li>Ignorar los resultados de laboratorio<\/li>\n<li>Ordenar las pruebas de laboratorio equivocadas<\/li>\n<li>No notar o diagnosticar correctamente los s\u00edntomas de un paciente<\/li>\n<li>Medicamentos o dosis administrados incorrectamente<\/li>\n<li>Errores quir\u00fargicos<\/li>\n<li>Seguimiento o cuidados posteriores inadecuados<\/li>\n<li>Cirug\u00edas innecesarias<\/li>\n<\/ul>\n<h2><strong>muerte injusta y polic\u00eda<\/strong><\/h2>\n<p>En general, cuando alguien muere debido a negligencia o actos deliberados de malicia, los miembros de la familia sobrevivientes mencionados anteriormente pueden presentar un reclamo por muerte injusta para la recuperaci\u00f3n de da\u00f1os. El mismo est\u00e1ndar legal se aplica tambi\u00e9n a los oficiales de polic\u00eda.<\/p>\n<p>Las demandas por muerte injusta contra la polic\u00eda son notoriamente desafiantes y la compensaci\u00f3n no ser\u00e1 f\u00e1cil. Sin embargo, a veces se resuelven r\u00e1pidamente porque los departamentos de polic\u00eda no quieren mala publicidad. Las demandas por muerte injusta contra un departamento de polic\u00eda generalmente se presentan contra la ciudad donde ocurri\u00f3 la muerte. Una muerte injusta que tuvo lugar en Beverly Hills significar\u00eda que se presentar\u00e1 un reclamo por muerte injusta contra la ciudad de Beverly Hills.<\/p>\n<p>Es posible que Beverly Hills invoque la inmunidad como defensa contra repercusiones legales. Por ejemplo, si un oficial de polic\u00eda que mat\u00f3 a alguien us\u00f3 t\u00e9cnicas apropiadas, podr\u00eda evitar con \u00e9xito un reclamo por muerte injusta. Recomendamos enf\u00e1ticamente discutir las circunstancias espec\u00edficas de la muerte de su ser querido con un abogado con experiencia en muerte injusta de Beverly Hills para determinar si tiene o no derecho a presentar un reclamo por muerte injusta contra la parte culpable para la recuperaci\u00f3n de da\u00f1os.<\/p>\n<h2><strong>\u00bfSe aplican las leyes estatales o federales de muerte injusta?<\/strong><\/h2>\n<p>Las demandas por muerte injusta se pueden presentar a nivel estatal o federal, y posiblemente a ambos. Depende de las circunstancias. Es importante saber que se puede presentar un reclamo por muerte injusta a nivel federal en nombre de una persona agraviada cuyos derechos civiles fueron violados. De acuerdo con la ley federal (42 U.S.C. \u00a7 1983), cualquier oficial del orden p\u00fablico que someta a un residente de los EE. UU. a \u00abla privaci\u00f3n de cualquier derecho, privilegio o inmunidad garantizados por la Constituci\u00f3n y las leyes\u00bb puede ser considerado responsable de una muerte injusta.<\/p>\n<p>Los oficiales de polic\u00eda pueden usar la fuerza, pero debe ser apropiado seg\u00fan las circunstancias. En otras palabras, \u00bfrespondi\u00f3 un oficial de polic\u00eda adecuadamente ante una amenaza percibida, o us\u00f3 fuerza excesiva dadas las circunstancias?<\/p>\n<p>Un ejemplo cl\u00e1sico es el de un ni\u00f1o que sostiene una pistola de juguete muy realista. No hace falta decir que una pistola de juguete no es una amenaza para nadie. Sin embargo, un oficial de polic\u00eda puede creer que es un arma real y reaccionar dispar\u00e1ndole al ni\u00f1o. Desafortunadamente, hacerlo podr\u00eda contar como un acto justificado de defensa propia, y el oficial de polic\u00eda puede evitar toda responsabilidad legal por la muerte.<\/p>\n<h2><strong>Compensaci\u00f3n disponible despu\u00e9s de una muerte injusta<\/strong><\/h2>\n<p>Los da\u00f1os econ\u00f3micos pueden incluir:<\/p>\n<ul>\n<li>Apoyo financiero que el difunto habr\u00eda contribuido a su familia a lo largo de su vida<\/li>\n<li>P\u00e9rdida de beneficios o regalos que los familiares sobrevivientes habr\u00edan recibido si el difunto no hubiera perdido la vida<\/li>\n<li>Gastos de funeral y entierro<\/li>\n<\/ul>\n<p>Los da\u00f1os no econ\u00f3micos pueden incluir:<\/p>\n<ul>\n<li>P\u00e9rdida de compa\u00f1\u00eda<\/li>\n<li>P\u00e9rdida de protecci\u00f3n<\/li>\n<li>P\u00e9rdida de apoyo moral<\/li>\n<li>P\u00e9rdida de formaci\u00f3n y orientaci\u00f3n.<\/li>\n<li>P\u00e9rdida de afecto<\/li>\n<li>P\u00e9rdida de relaciones sexuales<\/li>\n<\/ul>\n<p>Los da\u00f1os no econ\u00f3micos se otorgan a discreci\u00f3n del tribunal y se basan en el sentido com\u00fan y la evidencia disponible. No existe un est\u00e1ndar probado para determinar un monto en d\u00f3lares cuando se trata de da\u00f1os no econ\u00f3micos. Finalmente, la mayor\u00eda de los reclamos por lesiones personales permiten la recuperaci\u00f3n de da\u00f1os punitivos. Sin embargo, los familiares sobrevivientes no pueden recuperar da\u00f1os punitivos en un reclamo por muerte injusta. La \u00fanica excepci\u00f3n es si el difunto fue asesinado por un delito grave de homicidio por el cual el acusado ya fue condenado.<\/p>\n<h2><strong>P\u00f3ngase en contacto con los abogados litigantes de la costa oeste hoy<\/strong><\/h2>\n<p>Si su ser querido fue v\u00edctima de muerte injusta, West Coast Trial Lawyers cuenta con abogados expertos en muerte injusta en Beverly Hills que le brindar\u00e1n la justicia que se merece. Nuestros abogados lo ayudar\u00e1n a recuperar la compensaci\u00f3n por da\u00f1os, como facturas m\u00e9dicas, salarios perdidos, dolor y sufrimiento, y m\u00e1s.<\/p>\n<p>P\u00f3ngase en contacto con nuestro equipo legal las 24 horas del d\u00eda, los 7 d\u00edas de la semana, llamando al&nbsp;<strong>213-927-3700<\/strong> o enviando un correo electr\u00f3nico a&nbsp;<a href=\"mailto:info@westcoasttriallawyers.com\"><strong>info@westcoasttriallawyers.com<\/strong><\/a><strong>&nbsp;<\/strong>para programar una consulta gratuita en nuestro bufete de abogados de lesiones personales de Beverly Hills.<br \/>\n<!-- WCTL_DEBUG: no shortcode in this_content --><\/p>\n","protected":false},"excerpt":{"rendered":"<p>Obtenga informaci\u00f3n legal sobre c\u00f3mo nuestros abogados expertos en muerte injusta de Beverly Hills manejan los casos de muerte injusta Si ha experimentado la muerte injusta de un ser querido, acepte nuestras m\u00e1s sinceras condolencias. Sin embargo, tenga en cuenta que hay opciones disponibles para usted si desea buscar justicia y compensaci\u00f3n en nombre de [&hellip;]<\/p>\n","protected":false},"author":475,"featured_media":27992,"parent":47324,"menu_order":0,"comment_status":"closed","ping_status":"closed","template":"","meta":{"inline_featured_image":false,"footnotes":""},"class_list":["post-13174","page","type-page","status-publish","has-post-thumbnail","hentry"],"acf":[],"yoast_head":"<!-- This site is optimized with the Yoast SEO Premium plugin v26.0 (Yoast SEO v26.0) - https:\/\/yoast.com\/wordpress\/plugins\/seo\/ -->\n<title>Abogado de Muerte Injusta en Beverly Hills | West Coast Trial Lawyers<\/title>\n<meta name=\"robots\" content=\"index, follow, max-snippet:-1, max-image-preview:large, max-video-preview:-1\" \/>\n<link rel=\"canonical\" href=\"https:\/\/westcoasttriallawyers.com\/es\/california\/beverly-hills\/abogado-de-muerte-injusta-en-beverly-hills\" \/>\n<meta property=\"og:locale\" content=\"es_ES\" \/>\n<meta property=\"og:type\" content=\"article\" \/>\n<meta property=\"og:title\" content=\"Abogado de Muerte Injusta en Beverly Hills\" \/>\n<meta property=\"og:description\" content=\"Obtenga informaci\u00f3n legal sobre c\u00f3mo nuestros abogados expertos en muerte injusta de Beverly Hills manejan los casos de muerte injusta Si ha experimentado la muerte injusta de un ser querido, acepte nuestras m\u00e1s sinceras condolencias. Sin embargo, tenga en cuenta que hay opciones disponibles para usted si desea buscar justicia y compensaci\u00f3n en nombre de [&hellip;]\" \/>\n<meta property=\"og:url\" content=\"https:\/\/westcoasttriallawyers.com\/es\/california\/beverly-hills\/abogado-de-muerte-injusta-en-beverly-hills\" \/>\n<meta property=\"og:site_name\" content=\"West Coast Trial Lawyers\" \/>\n<meta property=\"article:publisher\" content=\"https:\/\/www.facebook.com\/westcoasttriallawyers\/\" \/>\n<meta property=\"article:modified_time\" content=\"2026-01-20T15:18:29+00:00\" \/>\n<meta property=\"og:image\" content=\"https:\/\/westcoasttriallawyers.com\/wp-content\/uploads\/2025\/07\/Beverly-Hills-19.webp\" \/>\n\t<meta property=\"og:image:width\" content=\"442\" \/>\n\t<meta property=\"og:image:height\" content=\"328\" \/>\n\t<meta property=\"og:image:type\" content=\"image\/webp\" \/>\n<meta name=\"twitter:card\" content=\"summary_large_image\" \/>\n<meta name=\"twitter:site\" content=\"@WestCoastTrial\" \/>\n<meta name=\"twitter:label1\" content=\"Tiempo de lectura\" \/>\n\t<meta name=\"twitter:data1\" content=\"14 minutos\" \/>\n<script type=\"application\/ld+json\" class=\"yoast-schema-graph\">{\"@context\":\"https:\/\/schema.org\",\"@graph\":[{\"@type\":[\"WebPage\",\"ItemPage\"],\"@id\":\"https:\/\/westcoasttriallawyers.com\/es\/california\/beverly-hills\/abogado-de-muerte-injusta-en-beverly-hills\",\"url\":\"https:\/\/westcoasttriallawyers.com\/es\/california\/beverly-hills\/abogado-de-muerte-injusta-en-beverly-hills\",\"name\":\"Abogado de Muerte Injusta en Beverly Hills | West Coast Trial Lawyers\",\"isPartOf\":{\"@id\":\"https:\/\/westcoasttriallawyers.com\/es#website\"},\"primaryImageOfPage\":{\"@id\":\"https:\/\/westcoasttriallawyers.com\/es\/california\/beverly-hills\/abogado-de-muerte-injusta-en-beverly-hills#primaryimage\"},\"image\":{\"@id\":\"https:\/\/westcoasttriallawyers.com\/es\/california\/beverly-hills\/abogado-de-muerte-injusta-en-beverly-hills#primaryimage\"},\"thumbnailUrl\":\"https:\/\/westcoasttriallawyers.com\/wp-content\/uploads\/2025\/07\/Beverly-Hills.webp\",\"datePublished\":\"2026-01-13T21:18:44+00:00\",\"dateModified\":\"2026-01-20T15:18:29+00:00\",\"breadcrumb\":{\"@id\":\"https:\/\/westcoasttriallawyers.com\/es\/california\/beverly-hills\/abogado-de-muerte-injusta-en-beverly-hills#breadcrumb\"},\"inLanguage\":\"es\",\"potentialAction\":[{\"@type\":\"ReadAction\",\"target\":[\"https:\/\/westcoasttriallawyers.com\/es\/california\/beverly-hills\/abogado-de-muerte-injusta-en-beverly-hills\"]}]},{\"@type\":\"ImageObject\",\"inLanguage\":\"es\",\"@id\":\"https:\/\/westcoasttriallawyers.com\/es\/california\/beverly-hills\/abogado-de-muerte-injusta-en-beverly-hills#primaryimage\",\"url\":\"https:\/\/westcoasttriallawyers.com\/wp-content\/uploads\/2025\/07\/Beverly-Hills.webp\",\"contentUrl\":\"https:\/\/westcoasttriallawyers.com\/wp-content\/uploads\/2025\/07\/Beverly-Hills.webp\",\"width\":442,\"height\":328,\"caption\":\"A shot of\"},{\"@type\":\"BreadcrumbList\",\"@id\":\"https:\/\/westcoasttriallawyers.com\/es\/california\/beverly-hills\/abogado-de-muerte-injusta-en-beverly-hills#breadcrumb\",\"itemListElement\":[{\"@type\":\"ListItem\",\"position\":1,\"name\":\"Inicio\",\"item\":\"https:\/\/westcoasttriallawyers.com\/es\"},{\"@type\":\"ListItem\",\"position\":2,\"name\":\"California\",\"item\":\"https:\/\/westcoasttriallawyers.com\/es\/california\"},{\"@type\":\"ListItem\",\"position\":3,\"name\":\"Beverly Hills\",\"item\":\"https:\/\/westcoasttriallawyers.com\/es\/california\/beverly-hills\"},{\"@type\":\"ListItem\",\"position\":4,\"name\":\"Abogado de Muerte Injusta en Beverly Hills\"}]},{\"@type\":\"WebSite\",\"@id\":\"https:\/\/westcoasttriallawyers.com\/es#website\",\"url\":\"https:\/\/westcoasttriallawyers.com\/es\",\"name\":\"West Coast Trial Lawyers\",\"description\":\"West Coast Trial Lawyers\",\"publisher\":{\"@id\":\"https:\/\/westcoasttriallawyers.com\/es#organization\"},\"alternateName\":\"WCTL\",\"potentialAction\":[{\"@type\":\"SearchAction\",\"target\":{\"@type\":\"EntryPoint\",\"urlTemplate\":\"https:\/\/westcoasttriallawyers.com\/es?s={search_term_string}\"},\"query-input\":{\"@type\":\"PropertyValueSpecification\",\"valueRequired\":true,\"valueName\":\"search_term_string\"}}],\"inLanguage\":\"es\"},{\"@type\":\"Organization\",\"@id\":\"https:\/\/westcoasttriallawyers.com\/es#organization\",\"name\":\"West Coast Trial Lawyers\",\"alternateName\":\"WCTL\",\"url\":\"https:\/\/westcoasttriallawyers.com\/es\",\"logo\":{\"@type\":\"ImageObject\",\"inLanguage\":\"es\",\"@id\":\"https:\/\/westcoasttriallawyers.com\/es#\/schema\/logo\/image\/\",\"url\":\"https:\/\/westcoasttriallawyers.com\/wp-content\/uploads\/2026\/02\/WCTL-Logo.jpg\",\"contentUrl\":\"https:\/\/westcoasttriallawyers.com\/wp-content\/uploads\/2026\/02\/WCTL-Logo.jpg\",\"width\":696,\"height\":696,\"caption\":\"West Coast Trial Lawyers\"},\"image\":{\"@id\":\"https:\/\/westcoasttriallawyers.com\/es#\/schema\/logo\/image\/\"},\"sameAs\":[\"https:\/\/www.facebook.com\/westcoasttriallawyers\/\",\"https:\/\/x.com\/WestCoastTrial\",\"https:\/\/www.linkedin.com\/company\/west-coast-trial-lawyers\/\",\"https:\/\/www.instagram.com\/westcoasttriallawyers\/\",\"https:\/\/www.yelp.com\/biz\/west-coast-trial-lawyers-los-angeles-2\",\"https:\/\/www.pinterest.com\/westcoasttrial\/\",\"https:\/\/www.youtube.com\/westcoasttriallawyersla\/\",\"https:\/\/www.tiktok.com\/westcoasttriallawyers\"],\"description\":\"West Coast Trial Lawyers is a top-rated personal injury law firm with a goal to provide expert legal representation to those in need. The law firm has offices across California, Nevada, Arizona, and Washington.\",\"legalName\":\"West Coast Trial Lawyers\"}]}<\/script>\n<!-- \/ Yoast SEO Premium plugin. -->","yoast_head_json":{"title":"Abogado de Muerte Injusta en Beverly Hills | West Coast Trial Lawyers","robots":{"index":"index","follow":"follow","max-snippet":"max-snippet:-1","max-image-preview":"max-image-preview:large","max-video-preview":"max-video-preview:-1"},"canonical":"https:\/\/westcoasttriallawyers.com\/es\/california\/beverly-hills\/abogado-de-muerte-injusta-en-beverly-hills","og_locale":"es_ES","og_type":"article","og_title":"Abogado de Muerte Injusta en Beverly Hills","og_description":"Obtenga informaci\u00f3n legal sobre c\u00f3mo nuestros abogados expertos en muerte injusta de Beverly Hills manejan los casos de muerte injusta Si ha experimentado la muerte injusta de un ser querido, acepte nuestras m\u00e1s sinceras condolencias. Sin embargo, tenga en cuenta que hay opciones disponibles para usted si desea buscar justicia y compensaci\u00f3n en nombre de [&hellip;]","og_url":"https:\/\/westcoasttriallawyers.com\/es\/california\/beverly-hills\/abogado-de-muerte-injusta-en-beverly-hills","og_site_name":"West Coast Trial Lawyers","article_publisher":"https:\/\/www.facebook.com\/westcoasttriallawyers\/","article_modified_time":"2026-01-20T15:18:29+00:00","og_image":[{"width":442,"height":328,"url":"https:\/\/westcoasttriallawyers.com\/wp-content\/uploads\/2025\/07\/Beverly-Hills-19.webp","type":"image\/webp"}],"twitter_card":"summary_large_image","twitter_site":"@WestCoastTrial","twitter_misc":{"Tiempo de lectura":"14 minutos"},"schema":{"@context":"https:\/\/schema.org","@graph":[{"@type":["WebPage","ItemPage"],"@id":"https:\/\/westcoasttriallawyers.com\/es\/california\/beverly-hills\/abogado-de-muerte-injusta-en-beverly-hills","url":"https:\/\/westcoasttriallawyers.com\/es\/california\/beverly-hills\/abogado-de-muerte-injusta-en-beverly-hills","name":"Abogado de Muerte Injusta en Beverly Hills | West Coast Trial Lawyers","isPartOf":{"@id":"https:\/\/westcoasttriallawyers.com\/es#website"},"primaryImageOfPage":{"@id":"https:\/\/westcoasttriallawyers.com\/es\/california\/beverly-hills\/abogado-de-muerte-injusta-en-beverly-hills#primaryimage"},"image":{"@id":"https:\/\/westcoasttriallawyers.com\/es\/california\/beverly-hills\/abogado-de-muerte-injusta-en-beverly-hills#primaryimage"},"thumbnailUrl":"https:\/\/westcoasttriallawyers.com\/wp-content\/uploads\/2025\/07\/Beverly-Hills.webp","datePublished":"2026-01-13T21:18:44+00:00","dateModified":"2026-01-20T15:18:29+00:00","breadcrumb":{"@id":"https:\/\/westcoasttriallawyers.com\/es\/california\/beverly-hills\/abogado-de-muerte-injusta-en-beverly-hills#breadcrumb"},"inLanguage":"es","potentialAction":[{"@type":"ReadAction","target":["https:\/\/westcoasttriallawyers.com\/es\/california\/beverly-hills\/abogado-de-muerte-injusta-en-beverly-hills"]}]},{"@type":"ImageObject","inLanguage":"es","@id":"https:\/\/westcoasttriallawyers.com\/es\/california\/beverly-hills\/abogado-de-muerte-injusta-en-beverly-hills#primaryimage","url":"https:\/\/westcoasttriallawyers.com\/wp-content\/uploads\/2025\/07\/Beverly-Hills.webp","contentUrl":"https:\/\/westcoasttriallawyers.com\/wp-content\/uploads\/2025\/07\/Beverly-Hills.webp","width":442,"height":328,"caption":"A shot of"},{"@type":"BreadcrumbList","@id":"https:\/\/westcoasttriallawyers.com\/es\/california\/beverly-hills\/abogado-de-muerte-injusta-en-beverly-hills#breadcrumb","itemListElement":[{"@type":"ListItem","position":1,"name":"Inicio","item":"https:\/\/westcoasttriallawyers.com\/es"},{"@type":"ListItem","position":2,"name":"California","item":"https:\/\/westcoasttriallawyers.com\/es\/california"},{"@type":"ListItem","position":3,"name":"Beverly Hills","item":"https:\/\/westcoasttriallawyers.com\/es\/california\/beverly-hills"},{"@type":"ListItem","position":4,"name":"Abogado de Muerte Injusta en Beverly Hills"}]},{"@type":"WebSite","@id":"https:\/\/westcoasttriallawyers.com\/es#website","url":"https:\/\/westcoasttriallawyers.com\/es","name":"West Coast Trial Lawyers","description":"West Coast Trial Lawyers","publisher":{"@id":"https:\/\/westcoasttriallawyers.com\/es#organization"},"alternateName":"WCTL","potentialAction":[{"@type":"SearchAction","target":{"@type":"EntryPoint","urlTemplate":"https:\/\/westcoasttriallawyers.com\/es?s={search_term_string}"},"query-input":{"@type":"PropertyValueSpecification","valueRequired":true,"valueName":"search_term_string"}}],"inLanguage":"es"},{"@type":"Organization","@id":"https:\/\/westcoasttriallawyers.com\/es#organization","name":"West Coast Trial Lawyers","alternateName":"WCTL","url":"https:\/\/westcoasttriallawyers.com\/es","logo":{"@type":"ImageObject","inLanguage":"es","@id":"https:\/\/westcoasttriallawyers.com\/es#\/schema\/logo\/image\/","url":"https:\/\/westcoasttriallawyers.com\/wp-content\/uploads\/2026\/02\/WCTL-Logo.jpg","contentUrl":"https:\/\/westcoasttriallawyers.com\/wp-content\/uploads\/2026\/02\/WCTL-Logo.jpg","width":696,"height":696,"caption":"West Coast Trial Lawyers"},"image":{"@id":"https:\/\/westcoasttriallawyers.com\/es#\/schema\/logo\/image\/"},"sameAs":["https:\/\/www.facebook.com\/westcoasttriallawyers\/","https:\/\/x.com\/WestCoastTrial","https:\/\/www.linkedin.com\/company\/west-coast-trial-lawyers\/","https:\/\/www.instagram.com\/westcoasttriallawyers\/","https:\/\/www.yelp.com\/biz\/west-coast-trial-lawyers-los-angeles-2","https:\/\/www.pinterest.com\/westcoasttrial\/","https:\/\/www.youtube.com\/westcoasttriallawyersla\/","https:\/\/www.tiktok.com\/westcoasttriallawyers"],"description":"West Coast Trial Lawyers is a top-rated personal injury law firm with a goal to provide expert legal representation to those in need. The law firm has offices across California, Nevada, Arizona, and Washington.","legalName":"West Coast Trial Lawyers"}]}},"_links":{"self":[{"href":"https:\/\/westcoasttriallawyers.com\/es\/wp-json\/wp\/v2\/pages\/13174","targetHints":{"allow":["GET"]}}],"collection":[{"href":"https:\/\/westcoasttriallawyers.com\/es\/wp-json\/wp\/v2\/pages"}],"about":[{"href":"https:\/\/westcoasttriallawyers.com\/es\/wp-json\/wp\/v2\/types\/page"}],"author":[{"embeddable":true,"href":"https:\/\/westcoasttriallawyers.com\/es\/wp-json\/wp\/v2\/users\/475"}],"replies":[{"embeddable":true,"href":"https:\/\/westcoasttriallawyers.com\/es\/wp-json\/wp\/v2\/comments?post=13174"}],"version-history":[{"count":3,"href":"https:\/\/westcoasttriallawyers.com\/es\/wp-json\/wp\/v2\/pages\/13174\/revisions"}],"predecessor-version":[{"id":47568,"href":"https:\/\/westcoasttriallawyers.com\/es\/wp-json\/wp\/v2\/pages\/13174\/revisions\/47568"}],"up":[{"embeddable":true,"href":"https:\/\/westcoasttriallawyers.com\/es\/wp-json\/wp\/v2\/pages\/47324"}],"wp:featuredmedia":[{"embeddable":true,"href":"https:\/\/westcoasttriallawyers.com\/es\/wp-json\/wp\/v2\/media\/27992"}],"wp:attachment":[{"href":"https:\/\/westcoasttriallawyers.com\/es\/wp-json\/wp\/v2\/media?parent=13174"}],"curies":[{"name":"wp","href":"https:\/\/api.w.org\/{rel}","templated":true}]}}