{"id":13172,"date":"2026-01-13T21:18:41","date_gmt":"2026-01-13T21:18:41","guid":{"rendered":"https:\/\/wctl1stg.wpengine.com\/?page_id=13172"},"modified":"2026-01-20T15:15:24","modified_gmt":"2026-01-20T15:15:24","slug":"abogado-de-accidentes-de-uber-y-lyft-en-beverly-hills","status":"publish","type":"page","link":"https:\/\/westcoasttriallawyers.com\/es\/california\/beverly-hills\/abogado-de-accidentes-de-uber-y-lyft-en-beverly-hills","title":{"rendered":"Abogado de accidentes de Uber y Lyft en Beverly Hills"},"content":{"rendered":"<h2><strong>\u00bfUber y Lyft representan amenazas para la seguridad de los pasajeros? Si es as\u00ed, \u00bfse pueden tomar acciones legales por lesiones o da\u00f1os?<\/strong><\/h2>\n<p>A pesar de su inmensa popularidad en el \u00e1rea de Beverly Hills, los servicios de viajes compartidos, como Uber y Lyft, no son del todo seguros. Los taxistas tienen fama de conducir agresivamente, pero lo mismo puede decirse de algunos conductores de Uber o Lyft. Es una fuente v\u00e1lida de preocupaci\u00f3n para los pasajeros que su conductor no conduzca con seguridad o siga las reglas de tr\u00e1nsito. Un pasajero de viaje compartido literalmente no tiene control sobre si su conductor acelera o si tiene cuidado al cambiar de carril o girar.<\/p>\n<p>Otra preocupaci\u00f3n seria relacionada con subirse a un autom\u00f3vil con un extra\u00f1o es si est\u00e1n bajo la influencia de drogas o alcohol. La mayor\u00eda de los conductores de viajes compartidos suelen estar sobrios, pero siempre existe la posibilidad de que un conductor est\u00e9 bajo la influencia.<\/p>\n<p>Las compa\u00f1\u00edas de viajes compartidos tienen varios requisitos de seguridad, que se analizar\u00e1n m\u00e1s adelante. Para empezar, los conductores deben tener un historial de manejo limpio. Sin embargo, esto no significa necesariamente que una persona nunca haya conducido bajo la influencia. Las historias de terror de conductores de viajes compartidos que se emborrachan antes o durante los turnos son muy comunes.<\/p>\n<p>La amenaza de agresi\u00f3n sexual es otro temor leg\u00edtimo bien documentado. Las pasajeras, en particular, corren un mayor riesgo de ser objeto de un comportamiento sexual inapropiado. Desafortunadamente, ha habido varios casos en los que un ciclista ha sido agredido sexualmente o, en el peor de los casos, violado.<\/p>\n<p>Si fue v\u00edctima de un incidente relacionado con Uber o Lyft, nuestro experimentado equipo de abogados de viajes compartidos de Beverly Hills en West Coast Trial Lawyers lo ayudar\u00e1 a obtener la justicia y la compensaci\u00f3n que merece. Con nuestro historial de recuperaci\u00f3n de m\u00e1s de $1 mil millones en acuerdos para nuestros clientes, estamos seguros de que obtendremos un buen resultado para su caso.<\/p>\n<p>Para programar una consulta gratuita y sin compromiso en nuestro bufete de abogados de lesiones personales de Beverly Hills, comun\u00edquese con nuestro equipo legal las 24 horas, los 7 d\u00edas de la semana llamando al&nbsp;<strong>213-927-3700<\/strong> o enviando un correo electr\u00f3nico a&nbsp;<a href=\"mailto:info@westcoasttriallawyers.com\"><strong>info@westcoasttriallawyers.com<\/strong><\/a><strong>.&nbsp;<\/strong><\/p>\n<h2><strong>\u00bfQu\u00e9 tan seguro es Uber, realmente?<\/strong><\/h2>\n<p>Entre 2017 y 2018, se inform\u00f3 que hubo 58 muertes por accidentes automovil\u00edsticos durante los viajes de Uber en los Estados Unidos. Desglosado por porcentajes, el 21 por ciento de estas muertes fueron conductores de Uber, el 21 por ciento fueron pasajeros y el 40 por ciento fueron peatones. Adem\u00e1s, el 90 por ciento de los accidentes fatales relacionados con Uber ocurrieron en \u00e1reas urbanas.<\/p>\n<p>Uber, por ejemplo, hace que sus conductores se sometan a una verificaci\u00f3n de antecedentes. Estas verificaciones de antecedentes son realizadas por un tercero y luego se informa a Uber sobre los resultados. Uber generalmente realiza verificaciones de antecedentes anualmente, pero pueden solicitar una cuando lo consideren necesario. Los conductores deben estar libres de condenas por delitos graves, delitos violentos o delitos sexuales. Sin embargo, Uber puede optar por contratar a determinados delincuentes no violentos, pero depende de las circunstancias y la naturaleza del delito.<\/p>\n<p>Para ser lo m\u00e1s exhaustivo posible, Uber investigar\u00e1:<\/p>\n<ul>\n<li>Registros de juzgados federales<\/li>\n<li>Registros de los tribunales del condado para cada condado de residencia en los \u00faltimos siete a\u00f1os<\/li>\n<li>rastros de la seguridad social<\/li>\n<li>La base de datos criminal multiestatal<\/li>\n<li>Registros de veh\u00edculos de motor<\/li>\n<li>registro nacional de delincuentes sexuales<\/li>\n<\/ul>\n<p>Adem\u00e1s de una verificaci\u00f3n de antecedentes, los conductores deben cumplir con los siguientes requisitos:<\/p>\n<ul>\n<li>Tres incidentes de tr\u00e1nsito o menos en los \u00faltimos tres a\u00f1os<\/li>\n<li>Sin infracciones por exceso de velocidad en los \u00faltimos tres a\u00f1os<\/li>\n<li>Un a\u00f1o de historial de licencias en EE. UU.<\/li>\n<li>Sin DUI o cargos por conducci\u00f3n peligrosa. Los residentes de California no deben tener un DUI en los \u00faltimos 10 a\u00f1os<\/li>\n<\/ul>\n<h2><strong>Demandar por un accidente de Uber o Lyft<\/strong><\/h2>\n<p>La responsabilidad en un accidente de Uber o Lyft generalmente se determina de la misma manera que la responsabilidad se determina en la mayor\u00eda de los reclamos por lesiones personales. Esto significa que un conductor, individuo o grupo que caus\u00f3 que usted sufriera lesiones generalmente ser\u00e1 responsable de sus p\u00e9rdidas y cualquier da\u00f1o resultante. Sin embargo, debe haber sufrido lesiones y sus lesiones deben haber sido causadas por negligencia. Cuando se trata de accidentes relacionados con Uber o Lyft, la negligencia puede incluir cualquier n\u00famero de comportamientos descuidados o imprudentes.<\/p>\n<p>Los ejemplos de negligencia del conductor de Uber o Lyft pueden incluir, entre otros, exceso de velocidad, enviar mensajes de texto mientras se conduce, conducir bajo la influencia, desobedecer las se\u00f1ales o leyes de tr\u00e1nsito, y m\u00e1s.<\/p>\n<p>El comportamiento negligente es ilegal porque todos los conductores, incluidos los conductores de Uber y Lyft, tienen el deber de cuidarse al volante. En otras palabras, los conductores de viajes compartidos est\u00e1n legalmente obligados a tener un cuidado razonable mientras conducen un veh\u00edculo. Tambi\u00e9n deben tener en cuenta a los peatones y las condiciones de la carretera y seguir todas las leyes de tr\u00e1nsito.<\/p>\n<p>Si result\u00f3 lesionado en un accidente debido a la negligencia de un conductor de Uber o Lyft, debe poder demostrar que su negligencia caus\u00f3 directamente sus lesiones. Sin embargo, si conduc\u00eda su propio veh\u00edculo y fue atropellado por un conductor de Uber o Lyft, tenga en cuenta que existen circunstancias especiales en juego. Si el conductor del viaje compartido no inici\u00f3 sesi\u00f3n en la aplicaci\u00f3n cuando lo golpe\u00f3, el accidente se tratar\u00e1 como un accidente automovil\u00edstico normal. Pero si el conductor inici\u00f3 sesi\u00f3n en la aplicaci\u00f3n cuando ocurri\u00f3 el accidente, su p\u00f3liza de seguro comercial entrar\u00e1 en vigencia.<\/p>\n<p>Recomendamos encarecidamente que hable con un abogado con experiencia en accidentes de Uber y Lyft de Beverly Hills si ha estado involucrado en alg\u00fan tipo de accidente con un servicio de viaje compartido.<\/p>\n<h2><strong>Los abogados litigantes de la costa oeste est\u00e1n aqu\u00ed para ayudar<\/strong><\/h2>\n<p>Si ha sufrido lesiones en un accidente relacionado con Uber o Lyft como resultado de la negligencia o actos deliberados de malicia de alguien, tiene derecho a responsabilizar a la parte culpable por sus p\u00e9rdidas. Un abogado de accidentes de Uber y Lyft de Beverly Hills en West Coast Trial Lawyers lo ayudar\u00e1 a recuperar una compensaci\u00f3n por las p\u00e9rdidas que ha sufrido, incluidas sus facturas m\u00e9dicas, da\u00f1os a la propiedad, salarios perdidos y dolor y sufrimiento.<\/p>\n<p>Ll\u00e1menos hoy al&nbsp;<strong>213-927-3700<\/strong> o env\u00ede un correo electr\u00f3nico a&nbsp;<a href=\"mailto:info@westcoasttriallawyers.com\"><strong>info@westcoasttriallawyers.com<\/strong><\/a> para programar una consulta gratuita con nuestro equipo legal experimentado, atento y compasivo.<br \/>\n<!-- WCTL_DEBUG: no shortcode in this_content --><\/p>\n","protected":false},"excerpt":{"rendered":"<p>\u00bfUber y Lyft representan amenazas para la seguridad de los pasajeros? Si es as\u00ed, \u00bfse pueden tomar acciones legales por lesiones o da\u00f1os? A pesar de su inmensa popularidad en el \u00e1rea de Beverly Hills, los servicios de viajes compartidos, como Uber y Lyft, no son del todo seguros. Los taxistas tienen fama de conducir [&hellip;]<\/p>\n","protected":false},"author":475,"featured_media":27992,"parent":47324,"menu_order":0,"comment_status":"closed","ping_status":"closed","template":"","meta":{"inline_featured_image":false,"footnotes":""},"class_list":["post-13172","page","type-page","status-publish","has-post-thumbnail","hentry"],"acf":[],"yoast_head":"<!-- This site is optimized with the Yoast SEO Premium plugin v26.0 (Yoast SEO v26.0) - https:\/\/yoast.com\/wordpress\/plugins\/seo\/ -->\n<title>Abogado de accidentes de Uber y Lyft en Beverly Hills | West Coast Trial Lawyers<\/title>\n<meta name=\"robots\" content=\"index, follow, max-snippet:-1, max-image-preview:large, max-video-preview:-1\" \/>\n<link rel=\"canonical\" href=\"https:\/\/westcoasttriallawyers.com\/es\/california\/beverly-hills\/abogado-de-accidentes-de-uber-y-lyft-en-beverly-hills\" \/>\n<meta property=\"og:locale\" content=\"es_ES\" \/>\n<meta property=\"og:type\" content=\"article\" \/>\n<meta property=\"og:title\" content=\"Abogado de accidentes de Uber y Lyft en Beverly Hills\" \/>\n<meta property=\"og:description\" content=\"\u00bfUber y Lyft representan amenazas para la seguridad de los pasajeros? Si es as\u00ed, \u00bfse pueden tomar acciones legales por lesiones o da\u00f1os? A pesar de su inmensa popularidad en el \u00e1rea de Beverly Hills, los servicios de viajes compartidos, como Uber y Lyft, no son del todo seguros. Los taxistas tienen fama de conducir [&hellip;]\" \/>\n<meta property=\"og:url\" content=\"https:\/\/westcoasttriallawyers.com\/es\/california\/beverly-hills\/abogado-de-accidentes-de-uber-y-lyft-en-beverly-hills\" \/>\n<meta property=\"og:site_name\" content=\"West Coast Trial Lawyers\" \/>\n<meta property=\"article:publisher\" content=\"https:\/\/www.facebook.com\/westcoasttriallawyers\/\" \/>\n<meta property=\"article:modified_time\" content=\"2026-01-20T15:15:24+00:00\" \/>\n<meta property=\"og:image\" content=\"https:\/\/westcoasttriallawyers.com\/wp-content\/uploads\/2025\/07\/Beverly-Hills-17.webp\" \/>\n\t<meta property=\"og:image:width\" content=\"442\" \/>\n\t<meta property=\"og:image:height\" content=\"328\" \/>\n\t<meta property=\"og:image:type\" content=\"image\/webp\" \/>\n<meta name=\"twitter:card\" content=\"summary_large_image\" \/>\n<meta name=\"twitter:site\" content=\"@WestCoastTrial\" \/>\n<meta name=\"twitter:label1\" content=\"Tiempo de lectura\" \/>\n\t<meta name=\"twitter:data1\" content=\"7 minutos\" \/>\n<script type=\"application\/ld+json\" class=\"yoast-schema-graph\">{\"@context\":\"https:\/\/schema.org\",\"@graph\":[{\"@type\":[\"WebPage\",\"ItemPage\"],\"@id\":\"https:\/\/westcoasttriallawyers.com\/es\/california\/beverly-hills\/abogado-de-accidentes-de-uber-y-lyft-en-beverly-hills\",\"url\":\"https:\/\/westcoasttriallawyers.com\/es\/california\/beverly-hills\/abogado-de-accidentes-de-uber-y-lyft-en-beverly-hills\",\"name\":\"Abogado de accidentes de Uber y Lyft en Beverly Hills | West Coast Trial Lawyers\",\"isPartOf\":{\"@id\":\"https:\/\/westcoasttriallawyers.com\/es#website\"},\"primaryImageOfPage\":{\"@id\":\"https:\/\/westcoasttriallawyers.com\/es\/california\/beverly-hills\/abogado-de-accidentes-de-uber-y-lyft-en-beverly-hills#primaryimage\"},\"image\":{\"@id\":\"https:\/\/westcoasttriallawyers.com\/es\/california\/beverly-hills\/abogado-de-accidentes-de-uber-y-lyft-en-beverly-hills#primaryimage\"},\"thumbnailUrl\":\"https:\/\/westcoasttriallawyers.com\/wp-content\/uploads\/2025\/07\/Beverly-Hills.webp\",\"datePublished\":\"2026-01-13T21:18:41+00:00\",\"dateModified\":\"2026-01-20T15:15:24+00:00\",\"breadcrumb\":{\"@id\":\"https:\/\/westcoasttriallawyers.com\/es\/california\/beverly-hills\/abogado-de-accidentes-de-uber-y-lyft-en-beverly-hills#breadcrumb\"},\"inLanguage\":\"es\",\"potentialAction\":[{\"@type\":\"ReadAction\",\"target\":[\"https:\/\/westcoasttriallawyers.com\/es\/california\/beverly-hills\/abogado-de-accidentes-de-uber-y-lyft-en-beverly-hills\"]}]},{\"@type\":\"ImageObject\",\"inLanguage\":\"es\",\"@id\":\"https:\/\/westcoasttriallawyers.com\/es\/california\/beverly-hills\/abogado-de-accidentes-de-uber-y-lyft-en-beverly-hills#primaryimage\",\"url\":\"https:\/\/westcoasttriallawyers.com\/wp-content\/uploads\/2025\/07\/Beverly-Hills.webp\",\"contentUrl\":\"https:\/\/westcoasttriallawyers.com\/wp-content\/uploads\/2025\/07\/Beverly-Hills.webp\",\"width\":442,\"height\":328,\"caption\":\"A shot of\"},{\"@type\":\"BreadcrumbList\",\"@id\":\"https:\/\/westcoasttriallawyers.com\/es\/california\/beverly-hills\/abogado-de-accidentes-de-uber-y-lyft-en-beverly-hills#breadcrumb\",\"itemListElement\":[{\"@type\":\"ListItem\",\"position\":1,\"name\":\"Inicio\",\"item\":\"https:\/\/westcoasttriallawyers.com\/es\"},{\"@type\":\"ListItem\",\"position\":2,\"name\":\"California\",\"item\":\"https:\/\/westcoasttriallawyers.com\/es\/california\"},{\"@type\":\"ListItem\",\"position\":3,\"name\":\"Beverly Hills\",\"item\":\"https:\/\/westcoasttriallawyers.com\/es\/california\/beverly-hills\"},{\"@type\":\"ListItem\",\"position\":4,\"name\":\"Abogado de accidentes de Uber y Lyft en Beverly Hills\"}]},{\"@type\":\"WebSite\",\"@id\":\"https:\/\/westcoasttriallawyers.com\/es#website\",\"url\":\"https:\/\/westcoasttriallawyers.com\/es\",\"name\":\"West Coast Trial Lawyers\",\"description\":\"West Coast Trial Lawyers\",\"publisher\":{\"@id\":\"https:\/\/westcoasttriallawyers.com\/es#organization\"},\"alternateName\":\"WCTL\",\"potentialAction\":[{\"@type\":\"SearchAction\",\"target\":{\"@type\":\"EntryPoint\",\"urlTemplate\":\"https:\/\/westcoasttriallawyers.com\/es?s={search_term_string}\"},\"query-input\":{\"@type\":\"PropertyValueSpecification\",\"valueRequired\":true,\"valueName\":\"search_term_string\"}}],\"inLanguage\":\"es\"},{\"@type\":\"Organization\",\"@id\":\"https:\/\/westcoasttriallawyers.com\/es#organization\",\"name\":\"West Coast Trial Lawyers\",\"alternateName\":\"WCTL\",\"url\":\"https:\/\/westcoasttriallawyers.com\/es\",\"logo\":{\"@type\":\"ImageObject\",\"inLanguage\":\"es\",\"@id\":\"https:\/\/westcoasttriallawyers.com\/es#\/schema\/logo\/image\/\",\"url\":\"https:\/\/westcoasttriallawyers.com\/wp-content\/uploads\/2026\/02\/WCTL-Logo.jpg\",\"contentUrl\":\"https:\/\/westcoasttriallawyers.com\/wp-content\/uploads\/2026\/02\/WCTL-Logo.jpg\",\"width\":696,\"height\":696,\"caption\":\"West Coast Trial Lawyers\"},\"image\":{\"@id\":\"https:\/\/westcoasttriallawyers.com\/es#\/schema\/logo\/image\/\"},\"sameAs\":[\"https:\/\/www.facebook.com\/westcoasttriallawyers\/\",\"https:\/\/x.com\/WestCoastTrial\",\"https:\/\/www.linkedin.com\/company\/west-coast-trial-lawyers\/\",\"https:\/\/www.instagram.com\/westcoasttriallawyers\/\",\"https:\/\/www.yelp.com\/biz\/west-coast-trial-lawyers-los-angeles-2\",\"https:\/\/www.pinterest.com\/westcoasttrial\/\",\"https:\/\/www.youtube.com\/westcoasttriallawyersla\/\",\"https:\/\/www.tiktok.com\/westcoasttriallawyers\"],\"description\":\"West Coast Trial Lawyers is a top-rated personal injury law firm with a goal to provide expert legal representation to those in need. The law firm has offices across California, Nevada, Arizona, and Washington.\",\"legalName\":\"West Coast Trial Lawyers\"}]}<\/script>\n<!-- \/ Yoast SEO Premium plugin. -->","yoast_head_json":{"title":"Abogado de accidentes de Uber y Lyft en Beverly Hills | West Coast Trial Lawyers","robots":{"index":"index","follow":"follow","max-snippet":"max-snippet:-1","max-image-preview":"max-image-preview:large","max-video-preview":"max-video-preview:-1"},"canonical":"https:\/\/westcoasttriallawyers.com\/es\/california\/beverly-hills\/abogado-de-accidentes-de-uber-y-lyft-en-beverly-hills","og_locale":"es_ES","og_type":"article","og_title":"Abogado de accidentes de Uber y Lyft en Beverly Hills","og_description":"\u00bfUber y Lyft representan amenazas para la seguridad de los pasajeros? Si es as\u00ed, \u00bfse pueden tomar acciones legales por lesiones o da\u00f1os? A pesar de su inmensa popularidad en el \u00e1rea de Beverly Hills, los servicios de viajes compartidos, como Uber y Lyft, no son del todo seguros. Los taxistas tienen fama de conducir [&hellip;]","og_url":"https:\/\/westcoasttriallawyers.com\/es\/california\/beverly-hills\/abogado-de-accidentes-de-uber-y-lyft-en-beverly-hills","og_site_name":"West Coast Trial Lawyers","article_publisher":"https:\/\/www.facebook.com\/westcoasttriallawyers\/","article_modified_time":"2026-01-20T15:15:24+00:00","og_image":[{"width":442,"height":328,"url":"https:\/\/westcoasttriallawyers.com\/wp-content\/uploads\/2025\/07\/Beverly-Hills-17.webp","type":"image\/webp"}],"twitter_card":"summary_large_image","twitter_site":"@WestCoastTrial","twitter_misc":{"Tiempo de lectura":"7 minutos"},"schema":{"@context":"https:\/\/schema.org","@graph":[{"@type":["WebPage","ItemPage"],"@id":"https:\/\/westcoasttriallawyers.com\/es\/california\/beverly-hills\/abogado-de-accidentes-de-uber-y-lyft-en-beverly-hills","url":"https:\/\/westcoasttriallawyers.com\/es\/california\/beverly-hills\/abogado-de-accidentes-de-uber-y-lyft-en-beverly-hills","name":"Abogado de accidentes de Uber y Lyft en Beverly Hills | West Coast Trial Lawyers","isPartOf":{"@id":"https:\/\/westcoasttriallawyers.com\/es#website"},"primaryImageOfPage":{"@id":"https:\/\/westcoasttriallawyers.com\/es\/california\/beverly-hills\/abogado-de-accidentes-de-uber-y-lyft-en-beverly-hills#primaryimage"},"image":{"@id":"https:\/\/westcoasttriallawyers.com\/es\/california\/beverly-hills\/abogado-de-accidentes-de-uber-y-lyft-en-beverly-hills#primaryimage"},"thumbnailUrl":"https:\/\/westcoasttriallawyers.com\/wp-content\/uploads\/2025\/07\/Beverly-Hills.webp","datePublished":"2026-01-13T21:18:41+00:00","dateModified":"2026-01-20T15:15:24+00:00","breadcrumb":{"@id":"https:\/\/westcoasttriallawyers.com\/es\/california\/beverly-hills\/abogado-de-accidentes-de-uber-y-lyft-en-beverly-hills#breadcrumb"},"inLanguage":"es","potentialAction":[{"@type":"ReadAction","target":["https:\/\/westcoasttriallawyers.com\/es\/california\/beverly-hills\/abogado-de-accidentes-de-uber-y-lyft-en-beverly-hills"]}]},{"@type":"ImageObject","inLanguage":"es","@id":"https:\/\/westcoasttriallawyers.com\/es\/california\/beverly-hills\/abogado-de-accidentes-de-uber-y-lyft-en-beverly-hills#primaryimage","url":"https:\/\/westcoasttriallawyers.com\/wp-content\/uploads\/2025\/07\/Beverly-Hills.webp","contentUrl":"https:\/\/westcoasttriallawyers.com\/wp-content\/uploads\/2025\/07\/Beverly-Hills.webp","width":442,"height":328,"caption":"A shot of"},{"@type":"BreadcrumbList","@id":"https:\/\/westcoasttriallawyers.com\/es\/california\/beverly-hills\/abogado-de-accidentes-de-uber-y-lyft-en-beverly-hills#breadcrumb","itemListElement":[{"@type":"ListItem","position":1,"name":"Inicio","item":"https:\/\/westcoasttriallawyers.com\/es"},{"@type":"ListItem","position":2,"name":"California","item":"https:\/\/westcoasttriallawyers.com\/es\/california"},{"@type":"ListItem","position":3,"name":"Beverly Hills","item":"https:\/\/westcoasttriallawyers.com\/es\/california\/beverly-hills"},{"@type":"ListItem","position":4,"name":"Abogado de accidentes de Uber y Lyft en Beverly Hills"}]},{"@type":"WebSite","@id":"https:\/\/westcoasttriallawyers.com\/es#website","url":"https:\/\/westcoasttriallawyers.com\/es","name":"West Coast Trial Lawyers","description":"West Coast Trial Lawyers","publisher":{"@id":"https:\/\/westcoasttriallawyers.com\/es#organization"},"alternateName":"WCTL","potentialAction":[{"@type":"SearchAction","target":{"@type":"EntryPoint","urlTemplate":"https:\/\/westcoasttriallawyers.com\/es?s={search_term_string}"},"query-input":{"@type":"PropertyValueSpecification","valueRequired":true,"valueName":"search_term_string"}}],"inLanguage":"es"},{"@type":"Organization","@id":"https:\/\/westcoasttriallawyers.com\/es#organization","name":"West Coast Trial Lawyers","alternateName":"WCTL","url":"https:\/\/westcoasttriallawyers.com\/es","logo":{"@type":"ImageObject","inLanguage":"es","@id":"https:\/\/westcoasttriallawyers.com\/es#\/schema\/logo\/image\/","url":"https:\/\/westcoasttriallawyers.com\/wp-content\/uploads\/2026\/02\/WCTL-Logo.jpg","contentUrl":"https:\/\/westcoasttriallawyers.com\/wp-content\/uploads\/2026\/02\/WCTL-Logo.jpg","width":696,"height":696,"caption":"West Coast Trial Lawyers"},"image":{"@id":"https:\/\/westcoasttriallawyers.com\/es#\/schema\/logo\/image\/"},"sameAs":["https:\/\/www.facebook.com\/westcoasttriallawyers\/","https:\/\/x.com\/WestCoastTrial","https:\/\/www.linkedin.com\/company\/west-coast-trial-lawyers\/","https:\/\/www.instagram.com\/westcoasttriallawyers\/","https:\/\/www.yelp.com\/biz\/west-coast-trial-lawyers-los-angeles-2","https:\/\/www.pinterest.com\/westcoasttrial\/","https:\/\/www.youtube.com\/westcoasttriallawyersla\/","https:\/\/www.tiktok.com\/westcoasttriallawyers"],"description":"West Coast Trial Lawyers is a top-rated personal injury law firm with a goal to provide expert legal representation to those in need. The law firm has offices across California, Nevada, Arizona, and Washington.","legalName":"West Coast Trial Lawyers"}]}},"_links":{"self":[{"href":"https:\/\/westcoasttriallawyers.com\/es\/wp-json\/wp\/v2\/pages\/13172","targetHints":{"allow":["GET"]}}],"collection":[{"href":"https:\/\/westcoasttriallawyers.com\/es\/wp-json\/wp\/v2\/pages"}],"about":[{"href":"https:\/\/westcoasttriallawyers.com\/es\/wp-json\/wp\/v2\/types\/page"}],"author":[{"embeddable":true,"href":"https:\/\/westcoasttriallawyers.com\/es\/wp-json\/wp\/v2\/users\/475"}],"replies":[{"embeddable":true,"href":"https:\/\/westcoasttriallawyers.com\/es\/wp-json\/wp\/v2\/comments?post=13172"}],"version-history":[{"count":3,"href":"https:\/\/westcoasttriallawyers.com\/es\/wp-json\/wp\/v2\/pages\/13172\/revisions"}],"predecessor-version":[{"id":47565,"href":"https:\/\/westcoasttriallawyers.com\/es\/wp-json\/wp\/v2\/pages\/13172\/revisions\/47565"}],"up":[{"embeddable":true,"href":"https:\/\/westcoasttriallawyers.com\/es\/wp-json\/wp\/v2\/pages\/47324"}],"wp:featuredmedia":[{"embeddable":true,"href":"https:\/\/westcoasttriallawyers.com\/es\/wp-json\/wp\/v2\/media\/27992"}],"wp:attachment":[{"href":"https:\/\/westcoasttriallawyers.com\/es\/wp-json\/wp\/v2\/media?parent=13172"}],"curies":[{"name":"wp","href":"https:\/\/api.w.org\/{rel}","templated":true}]}}