{"id":13171,"date":"2026-01-13T21:18:47","date_gmt":"2026-01-13T21:18:47","guid":{"rendered":"https:\/\/wctl1stg.wpengine.com\/?page_id=13171"},"modified":"2026-01-20T14:46:51","modified_gmt":"2026-01-20T14:46:51","slug":"abogado-especializado-en-lesiones-de-la-medula-espinal-de-beverly-hills","status":"publish","type":"page","link":"https:\/\/westcoasttriallawyers.com\/es\/california\/beverly-hills\/abogado-especializado-en-lesiones-de-la-medula-espinal-de-beverly-hills","title":{"rendered":"Abogado especializado en lesiones de la m\u00e9dula espinal de Beverly Hills"},"content":{"rendered":"<h2><strong>Responsabilidad y compensaci\u00f3n por lesiones de la m\u00e9dula espinal<\/strong><\/h2>\n<p>Ya sea que haya sido causado por un accidente automovil\u00edstico en la 405, un resbal\u00f3n y una ca\u00edda causados por una administraci\u00f3n negligente de la propiedad en su boutique favorita de Beverly Hills, o despu\u00e9s de un altercado f\u00edsico en un estacionamiento, las lesiones de la m\u00e9dula espinal generalmente presentar\u00e1n una variedad de complicaciones para las v\u00edctimas. .<\/p>\n<p>La m\u00e9dula espinal no puede regenerar nuevas c\u00e9lulas, lo que significa que una vez que se da\u00f1a, permanecer\u00e1 as\u00ed por el resto de la vida de la v\u00edctima. Por lo tanto, las v\u00edctimas pueden sufrir discapacidades de por vida, como par\u00e1lisis del cuello hacia abajo (cuadriplejia) o par\u00e1lisis de la cintura para abajo (paraplejia).<\/p>\n<p>Una estimaci\u00f3n reciente mostr\u00f3 que la incidencia anual de lesi\u00f3n de la m\u00e9dula espinal es de aproximadamente 54 casos por mill\u00f3n de personas en los Estados Unidos, o alrededor de 17 730 casos nuevos cada a\u00f1o. A fines de 2019, hab\u00eda aproximadamente 294 000 personas en los EE. UU. que ten\u00edan una lesi\u00f3n en la m\u00e9dula espinal.<\/p>\n<p>En general, existen dos tipos de lesiones de la m\u00e9dula espinal, que se denominan completas e incompletas. Las personas que sufren una lesi\u00f3n incompleta de la m\u00e9dula espinal generalmente experimentar\u00e1n una recuperaci\u00f3n m\u00e1s r\u00e1pida en comparaci\u00f3n con las personas que sufren una lesi\u00f3n completa de la m\u00e9dula espinal.<\/p>\n<p>Hay muchos factores que pueden afectar la recuperaci\u00f3n de una persona de una lesi\u00f3n de la m\u00e9dula espinal, entre ellos:<\/p>\n<ul>\n<li>El \u00e1rea de la lesi\u00f3n. Un individuo puede sufrir una lesi\u00f3n de la m\u00e9dula espinal incompleta o completa seg\u00fan el segmento vertebral da\u00f1ado.<\/li>\n<li>Salud en general. Si una persona tiene una condici\u00f3n de salud preexistente, el proceso de recuperaci\u00f3n puede retrasarse.<\/li>\n<li>Terapia f\u00edsica. Una persona comprometida con sesiones regulares de fisioterapia tiene m\u00e1s probabilidades de notar mejoras en su lesi\u00f3n de la m\u00e9dula espinal.<\/li>\n<li>Acceso a la atenci\u00f3n m\u00e9dica. Tener acceso a atenci\u00f3n de alta calidad, junto con ver a los mejores m\u00e9dicos y enfermeras, puede hacer que sea m\u00e1s probable que un paciente con lesi\u00f3n de la m\u00e9dula espinal vea mejoras al principio del proceso de recuperaci\u00f3n.<\/li>\n<\/ul>\n<p>En general, el 81 por ciento de los pacientes con lesi\u00f3n de la m\u00e9dula espinal que sobreviven las primeras 24 horas siguen vivos 10 a\u00f1os despu\u00e9s. Las tasas de mortalidad son significativamente m\u00e1s altas durante el primer a\u00f1o despu\u00e9s de la lesi\u00f3n que durante los a\u00f1os siguientes.<\/p>\n<p>Algunas v\u00edctimas de lesiones pueden experimentar una recuperaci\u00f3n significativa, mientras que otras pueden no tener la oportunidad de recuperarse debido al intenso da\u00f1o causado a su m\u00e9dula espinal. Siempre se recomienda que las v\u00edctimas consulten con un m\u00e9dico experto para comprender sus opciones de tratamiento y pron\u00f3stico.<\/p>\n<p>Si ha sufrido una lesi\u00f3n de la m\u00e9dula espinal, no dude en comunicarse con nuestro equipo de abogados de lesiones de la m\u00e9dula espinal de Beverly Hills las 24 horas del d\u00eda, los 7 d\u00edas de la semana llamando al&nbsp;<strong>213-927-3700<\/strong> o enviando un correo electr\u00f3nico a&nbsp;<a href=\"mailto:info@westcoasttriallawyers.com\"><strong>info@westcoasttriallawyers.com<\/strong><\/a> para programar una consulta gratuita en nuestro Bufete de abogados de lesiones personales de Beverly Hills.<\/p>\n<h2><strong>Los fundamentos de la responsabilidad por lesiones de la m\u00e9dula espinal<\/strong><\/h2>\n<p>Este tipo de lesiones generalmente son causadas por negligencia. Si su lesi\u00f3n de la m\u00e9dula espinal fue causada por negligencia, puede tener derecho a presentar una demanda por lesiones personales contra la parte responsable de sus p\u00e9rdidas para recuperar los da\u00f1os que se le deben. Las demandas por lesiones de la m\u00e9dula espinal generalmente se dividen en una de dos categor\u00edas, las causadas por negligencia y las causadas por productos defectuosos o defectuosos.<\/p>\n<p>Examinemos las lesiones de la m\u00e9dula espinal causadas por negligencia. La negligencia, en lo que respecta a las lesiones de la m\u00e9dula espinal, suele ser la falta de una persona para actuar de manera razonable cuando ten\u00eda el deber legal de hacerlo.<\/p>\n<p>Por ejemplo, si su lesi\u00f3n en la m\u00e9dula espinal fue causada despu\u00e9s de ser atropellado por un conductor ebrio, eso ser\u00eda motivo suficiente para una demanda por negligencia contra ese conductor.<\/p>\n<p>En t\u00e9rminos generales, la negligencia es un acto il\u00edcito que puede ser cometido por un individuo, una empresa o un grupo que hace que alguien sufra lesiones. Si sufri\u00f3 una lesi\u00f3n de la m\u00e9dula espinal causada por la negligencia de alguien y desea presentar con \u00e9xito un reclamo por lesi\u00f3n de la m\u00e9dula espinal, debe probar que:<\/p>\n<ul>\n<li>El acusado le deb\u00eda un deber de cuidado<\/li>\n<li>El imputado incumpli\u00f3 este deber de diligencia<\/li>\n<li>El incumplimiento del acusado de su deber de cuidado fue el factor significativo que caus\u00f3 su lesi\u00f3n en la m\u00e9dula espinal.<\/li>\n<\/ul>\n<p>Tenga en cuenta que el estado de California es un estado de negligencia comparativa. Esto significa que si contribuy\u00f3 con un grado de negligencia a causar su propia lesi\u00f3n de la m\u00e9dula espinal, a\u00fan puede recuperar algunos da\u00f1os.<\/p>\n<p>Por ejemplo, si conduc\u00eda por la autopista mientras enviaba mensajes de texto, un conductor que iba a exceso de velocidad lo golpe\u00f3 por detr\u00e1s y luego sufri\u00f3 una lesi\u00f3n en la m\u00e9dula espinal, tanto usted como el otro conductor ser\u00e1n parcialmente responsables. La compensaci\u00f3n a la que tendr\u00e1 derecho se ajustar\u00e1 de acuerdo con su grado de responsabilidad por parte de un tribunal de justicia.<\/p>\n<h2><strong>Compensaci\u00f3n despu\u00e9s de un reclamo por lesi\u00f3n de la m\u00e9dula espinal<\/strong><\/h2>\n<p>Si sufri\u00f3 una lesi\u00f3n en la m\u00e9dula espinal causada por la negligencia de otra persona, es posible que tenga derecho a una compensaci\u00f3n por sus p\u00e9rdidas. A continuaci\u00f3n se incluye una breve explicaci\u00f3n de los tipos de compensaci\u00f3n monetaria o da\u00f1os a los que puede tener derecho.<\/p>\n<ul>\n<li><strong>Da\u00f1os econ\u00f3micos.<\/strong> Los da\u00f1os econ\u00f3micos est\u00e1n destinados a compensar a una v\u00edctima de lesi\u00f3n de la m\u00e9dula espinal por p\u00e9rdidas a las que objetivamente se puede adjuntar una cantidad en d\u00f3lares, como facturas m\u00e9dicas y salarios perdidos. Los da\u00f1os econ\u00f3micos se calculan determinando la cantidad de p\u00e9rdidas de bolsillo que una v\u00edctima tiene o esperar\u00e1 incurrir como resultado de sus lesiones.<\/li>\n<li><strong>Da\u00f1os no econ\u00f3micos.<\/strong> Los da\u00f1os no econ\u00f3micos est\u00e1n destinados a cubrir las p\u00e9rdidas que se consideran subjetivas, como la angustia emocional, y es posible que no cubren necesariamente las p\u00e9rdidas de bolsillo.<\/li>\n<li><strong>Da\u00f1os punitivos.<\/strong> El tercer tipo de compensaci\u00f3n a la que puede calificar una v\u00edctima de lesi\u00f3n de la m\u00e9dula espinal se conoce como da\u00f1os punitivos. Los da\u00f1os punitivos son raros y solo se otorgan como un tipo de castigo cuando el comportamiento del acusado fue especialmente da\u00f1ino. No existe un est\u00e1ndar real establecido para otorgar da\u00f1os punitivos. Se otorgan a discreci\u00f3n del tribunal y variar\u00e1n seg\u00fan las circunstancias.<\/li>\n<\/ul>\n<p>En su mayor parte, no existe un tope real para los da\u00f1os compensatorios luego de un reclamo por lesiones personales. Los tribunales pueden otorgar cualquier cantidad que consideren apropiada y razonable. Consulte con un abogado con experiencia en lesiones de la m\u00e9dula espinal de Beverly Hills para analizar la compensaci\u00f3n financiera que puede estar disponible para usted.<\/p>\n<h2><strong>Los abogados litigantes de la costa oeste est\u00e1n aqu\u00ed para ayudar<\/strong><\/h2>\n<p>Si ha sufrido una lesi\u00f3n en la m\u00e9dula espinal en el \u00e1rea de Beverly Hills como resultado de la negligencia o actos deliberados de malicia de alguien, tiene derecho a responsabilizar a la parte culpable por sus p\u00e9rdidas. Un abogado de lesiones de la m\u00e9dula espinal de Beverly Hills en West Coast Trial Lawyers lo ayudar\u00e1 a recuperar una compensaci\u00f3n por las p\u00e9rdidas que ha sufrido.<\/p>\n<p>Comun\u00edquese hoy con nuestro equipo legal disponible las 24 horas, los 7 d\u00edas de la semana llamando al&nbsp;<strong>213-927-3700<\/strong> o enviando un correo electr\u00f3nico a<strong>&nbsp;<\/strong><a href=\"mailto:info@westcoasttriallawyers.com\"><strong>info@westcoasttriallawyers.com<\/strong><\/a><strong>&nbsp;<\/strong>para programar una consulta gratuita en nuestro bufete de abogados de lesiones personales en Beverly Hills.<br \/>\n<!-- WCTL_DEBUG: no shortcode in this_content --><\/p>\n","protected":false},"excerpt":{"rendered":"<p>Responsabilidad y compensaci\u00f3n por lesiones de la m\u00e9dula espinal Ya sea que haya sido causado por un accidente automovil\u00edstico en la 405, un resbal\u00f3n y una ca\u00edda causados por una administraci\u00f3n negligente de la propiedad en su boutique favorita de Beverly Hills, o despu\u00e9s de un altercado f\u00edsico en un estacionamiento, las lesiones de la [&hellip;]<\/p>\n","protected":false},"author":475,"featured_media":27992,"parent":47324,"menu_order":0,"comment_status":"closed","ping_status":"closed","template":"","meta":{"inline_featured_image":false,"footnotes":""},"class_list":["post-13171","page","type-page","status-publish","has-post-thumbnail","hentry"],"acf":[],"yoast_head":"<!-- This site is optimized with the Yoast SEO Premium plugin v26.0 (Yoast SEO v26.0) - https:\/\/yoast.com\/wordpress\/plugins\/seo\/ -->\n<title>Abogado especializado en lesiones de la m\u00e9dula espinal de Beverly Hills | West Coast Trial Lawyers<\/title>\n<meta name=\"robots\" content=\"index, follow, max-snippet:-1, max-image-preview:large, max-video-preview:-1\" \/>\n<link rel=\"canonical\" href=\"https:\/\/westcoasttriallawyers.com\/es\/california\/beverly-hills\/abogado-especializado-en-lesiones-de-la-medula-espinal-de-beverly-hills\" \/>\n<meta property=\"og:locale\" content=\"es_ES\" \/>\n<meta property=\"og:type\" content=\"article\" \/>\n<meta property=\"og:title\" content=\"Abogado especializado en lesiones de la m\u00e9dula espinal de Beverly Hills\" \/>\n<meta property=\"og:description\" content=\"Responsabilidad y compensaci\u00f3n por lesiones de la m\u00e9dula espinal Ya sea que haya sido causado por un accidente automovil\u00edstico en la 405, un resbal\u00f3n y una ca\u00edda causados por una administraci\u00f3n negligente de la propiedad en su boutique favorita de Beverly Hills, o despu\u00e9s de un altercado f\u00edsico en un estacionamiento, las lesiones de la [&hellip;]\" \/>\n<meta property=\"og:url\" content=\"https:\/\/westcoasttriallawyers.com\/es\/california\/beverly-hills\/abogado-especializado-en-lesiones-de-la-medula-espinal-de-beverly-hills\" \/>\n<meta property=\"og:site_name\" content=\"West Coast Trial Lawyers\" \/>\n<meta property=\"article:publisher\" content=\"https:\/\/www.facebook.com\/westcoasttriallawyers\/\" \/>\n<meta property=\"article:modified_time\" content=\"2026-01-20T14:46:51+00:00\" \/>\n<meta property=\"og:image\" content=\"https:\/\/westcoasttriallawyers.com\/wp-content\/uploads\/2025\/07\/Beverly-Hills-23.webp\" \/>\n\t<meta property=\"og:image:width\" content=\"442\" \/>\n\t<meta property=\"og:image:height\" content=\"328\" \/>\n\t<meta property=\"og:image:type\" content=\"image\/webp\" \/>\n<meta name=\"twitter:card\" content=\"summary_large_image\" \/>\n<meta name=\"twitter:site\" content=\"@WestCoastTrial\" \/>\n<meta name=\"twitter:label1\" content=\"Tiempo de lectura\" \/>\n\t<meta name=\"twitter:data1\" content=\"9 minutos\" \/>\n<script type=\"application\/ld+json\" class=\"yoast-schema-graph\">{\"@context\":\"https:\/\/schema.org\",\"@graph\":[{\"@type\":[\"WebPage\",\"ItemPage\"],\"@id\":\"https:\/\/westcoasttriallawyers.com\/es\/california\/beverly-hills\/abogado-especializado-en-lesiones-de-la-medula-espinal-de-beverly-hills\",\"url\":\"https:\/\/westcoasttriallawyers.com\/es\/california\/beverly-hills\/abogado-especializado-en-lesiones-de-la-medula-espinal-de-beverly-hills\",\"name\":\"Abogado especializado en lesiones de la m\u00e9dula espinal de Beverly Hills | West Coast Trial Lawyers\",\"isPartOf\":{\"@id\":\"https:\/\/westcoasttriallawyers.com\/es#website\"},\"primaryImageOfPage\":{\"@id\":\"https:\/\/westcoasttriallawyers.com\/es\/california\/beverly-hills\/abogado-especializado-en-lesiones-de-la-medula-espinal-de-beverly-hills#primaryimage\"},\"image\":{\"@id\":\"https:\/\/westcoasttriallawyers.com\/es\/california\/beverly-hills\/abogado-especializado-en-lesiones-de-la-medula-espinal-de-beverly-hills#primaryimage\"},\"thumbnailUrl\":\"https:\/\/westcoasttriallawyers.com\/wp-content\/uploads\/2025\/07\/Beverly-Hills.webp\",\"datePublished\":\"2026-01-13T21:18:47+00:00\",\"dateModified\":\"2026-01-20T14:46:51+00:00\",\"breadcrumb\":{\"@id\":\"https:\/\/westcoasttriallawyers.com\/es\/california\/beverly-hills\/abogado-especializado-en-lesiones-de-la-medula-espinal-de-beverly-hills#breadcrumb\"},\"inLanguage\":\"es\",\"potentialAction\":[{\"@type\":\"ReadAction\",\"target\":[\"https:\/\/westcoasttriallawyers.com\/es\/california\/beverly-hills\/abogado-especializado-en-lesiones-de-la-medula-espinal-de-beverly-hills\"]}]},{\"@type\":\"ImageObject\",\"inLanguage\":\"es\",\"@id\":\"https:\/\/westcoasttriallawyers.com\/es\/california\/beverly-hills\/abogado-especializado-en-lesiones-de-la-medula-espinal-de-beverly-hills#primaryimage\",\"url\":\"https:\/\/westcoasttriallawyers.com\/wp-content\/uploads\/2025\/07\/Beverly-Hills.webp\",\"contentUrl\":\"https:\/\/westcoasttriallawyers.com\/wp-content\/uploads\/2025\/07\/Beverly-Hills.webp\",\"width\":442,\"height\":328,\"caption\":\"A shot of\"},{\"@type\":\"BreadcrumbList\",\"@id\":\"https:\/\/westcoasttriallawyers.com\/es\/california\/beverly-hills\/abogado-especializado-en-lesiones-de-la-medula-espinal-de-beverly-hills#breadcrumb\",\"itemListElement\":[{\"@type\":\"ListItem\",\"position\":1,\"name\":\"Inicio\",\"item\":\"https:\/\/westcoasttriallawyers.com\/es\"},{\"@type\":\"ListItem\",\"position\":2,\"name\":\"California\",\"item\":\"https:\/\/westcoasttriallawyers.com\/es\/california\"},{\"@type\":\"ListItem\",\"position\":3,\"name\":\"Beverly Hills\",\"item\":\"https:\/\/westcoasttriallawyers.com\/es\/california\/beverly-hills\"},{\"@type\":\"ListItem\",\"position\":4,\"name\":\"Abogado especializado en lesiones de la m\u00e9dula espinal de Beverly Hills\"}]},{\"@type\":\"WebSite\",\"@id\":\"https:\/\/westcoasttriallawyers.com\/es#website\",\"url\":\"https:\/\/westcoasttriallawyers.com\/es\",\"name\":\"West Coast Trial Lawyers\",\"description\":\"West Coast Trial Lawyers\",\"publisher\":{\"@id\":\"https:\/\/westcoasttriallawyers.com\/es#organization\"},\"alternateName\":\"WCTL\",\"potentialAction\":[{\"@type\":\"SearchAction\",\"target\":{\"@type\":\"EntryPoint\",\"urlTemplate\":\"https:\/\/westcoasttriallawyers.com\/es?s={search_term_string}\"},\"query-input\":{\"@type\":\"PropertyValueSpecification\",\"valueRequired\":true,\"valueName\":\"search_term_string\"}}],\"inLanguage\":\"es\"},{\"@type\":\"Organization\",\"@id\":\"https:\/\/westcoasttriallawyers.com\/es#organization\",\"name\":\"West Coast Trial Lawyers\",\"alternateName\":\"WCTL\",\"url\":\"https:\/\/westcoasttriallawyers.com\/es\",\"logo\":{\"@type\":\"ImageObject\",\"inLanguage\":\"es\",\"@id\":\"https:\/\/westcoasttriallawyers.com\/es#\/schema\/logo\/image\/\",\"url\":\"https:\/\/westcoasttriallawyers.com\/wp-content\/uploads\/2026\/02\/WCTL-Logo.jpg\",\"contentUrl\":\"https:\/\/westcoasttriallawyers.com\/wp-content\/uploads\/2026\/02\/WCTL-Logo.jpg\",\"width\":696,\"height\":696,\"caption\":\"West Coast Trial Lawyers\"},\"image\":{\"@id\":\"https:\/\/westcoasttriallawyers.com\/es#\/schema\/logo\/image\/\"},\"sameAs\":[\"https:\/\/www.facebook.com\/westcoasttriallawyers\/\",\"https:\/\/x.com\/WestCoastTrial\",\"https:\/\/www.linkedin.com\/company\/west-coast-trial-lawyers\/\",\"https:\/\/www.instagram.com\/westcoasttriallawyers\/\",\"https:\/\/www.yelp.com\/biz\/west-coast-trial-lawyers-los-angeles-2\",\"https:\/\/www.pinterest.com\/westcoasttrial\/\",\"https:\/\/www.youtube.com\/westcoasttriallawyersla\/\",\"https:\/\/www.tiktok.com\/westcoasttriallawyers\"],\"description\":\"West Coast Trial Lawyers is a top-rated personal injury law firm with a goal to provide expert legal representation to those in need. The law firm has offices across California, Nevada, Arizona, and Washington.\",\"legalName\":\"West Coast Trial Lawyers\"}]}<\/script>\n<!-- \/ Yoast SEO Premium plugin. -->","yoast_head_json":{"title":"Abogado especializado en lesiones de la m\u00e9dula espinal de Beverly Hills | West Coast Trial Lawyers","robots":{"index":"index","follow":"follow","max-snippet":"max-snippet:-1","max-image-preview":"max-image-preview:large","max-video-preview":"max-video-preview:-1"},"canonical":"https:\/\/westcoasttriallawyers.com\/es\/california\/beverly-hills\/abogado-especializado-en-lesiones-de-la-medula-espinal-de-beverly-hills","og_locale":"es_ES","og_type":"article","og_title":"Abogado especializado en lesiones de la m\u00e9dula espinal de Beverly Hills","og_description":"Responsabilidad y compensaci\u00f3n por lesiones de la m\u00e9dula espinal Ya sea que haya sido causado por un accidente automovil\u00edstico en la 405, un resbal\u00f3n y una ca\u00edda causados por una administraci\u00f3n negligente de la propiedad en su boutique favorita de Beverly Hills, o despu\u00e9s de un altercado f\u00edsico en un estacionamiento, las lesiones de la [&hellip;]","og_url":"https:\/\/westcoasttriallawyers.com\/es\/california\/beverly-hills\/abogado-especializado-en-lesiones-de-la-medula-espinal-de-beverly-hills","og_site_name":"West Coast Trial Lawyers","article_publisher":"https:\/\/www.facebook.com\/westcoasttriallawyers\/","article_modified_time":"2026-01-20T14:46:51+00:00","og_image":[{"width":442,"height":328,"url":"https:\/\/westcoasttriallawyers.com\/wp-content\/uploads\/2025\/07\/Beverly-Hills-23.webp","type":"image\/webp"}],"twitter_card":"summary_large_image","twitter_site":"@WestCoastTrial","twitter_misc":{"Tiempo de lectura":"9 minutos"},"schema":{"@context":"https:\/\/schema.org","@graph":[{"@type":["WebPage","ItemPage"],"@id":"https:\/\/westcoasttriallawyers.com\/es\/california\/beverly-hills\/abogado-especializado-en-lesiones-de-la-medula-espinal-de-beverly-hills","url":"https:\/\/westcoasttriallawyers.com\/es\/california\/beverly-hills\/abogado-especializado-en-lesiones-de-la-medula-espinal-de-beverly-hills","name":"Abogado especializado en lesiones de la m\u00e9dula espinal de Beverly Hills | West Coast Trial Lawyers","isPartOf":{"@id":"https:\/\/westcoasttriallawyers.com\/es#website"},"primaryImageOfPage":{"@id":"https:\/\/westcoasttriallawyers.com\/es\/california\/beverly-hills\/abogado-especializado-en-lesiones-de-la-medula-espinal-de-beverly-hills#primaryimage"},"image":{"@id":"https:\/\/westcoasttriallawyers.com\/es\/california\/beverly-hills\/abogado-especializado-en-lesiones-de-la-medula-espinal-de-beverly-hills#primaryimage"},"thumbnailUrl":"https:\/\/westcoasttriallawyers.com\/wp-content\/uploads\/2025\/07\/Beverly-Hills.webp","datePublished":"2026-01-13T21:18:47+00:00","dateModified":"2026-01-20T14:46:51+00:00","breadcrumb":{"@id":"https:\/\/westcoasttriallawyers.com\/es\/california\/beverly-hills\/abogado-especializado-en-lesiones-de-la-medula-espinal-de-beverly-hills#breadcrumb"},"inLanguage":"es","potentialAction":[{"@type":"ReadAction","target":["https:\/\/westcoasttriallawyers.com\/es\/california\/beverly-hills\/abogado-especializado-en-lesiones-de-la-medula-espinal-de-beverly-hills"]}]},{"@type":"ImageObject","inLanguage":"es","@id":"https:\/\/westcoasttriallawyers.com\/es\/california\/beverly-hills\/abogado-especializado-en-lesiones-de-la-medula-espinal-de-beverly-hills#primaryimage","url":"https:\/\/westcoasttriallawyers.com\/wp-content\/uploads\/2025\/07\/Beverly-Hills.webp","contentUrl":"https:\/\/westcoasttriallawyers.com\/wp-content\/uploads\/2025\/07\/Beverly-Hills.webp","width":442,"height":328,"caption":"A shot of"},{"@type":"BreadcrumbList","@id":"https:\/\/westcoasttriallawyers.com\/es\/california\/beverly-hills\/abogado-especializado-en-lesiones-de-la-medula-espinal-de-beverly-hills#breadcrumb","itemListElement":[{"@type":"ListItem","position":1,"name":"Inicio","item":"https:\/\/westcoasttriallawyers.com\/es"},{"@type":"ListItem","position":2,"name":"California","item":"https:\/\/westcoasttriallawyers.com\/es\/california"},{"@type":"ListItem","position":3,"name":"Beverly Hills","item":"https:\/\/westcoasttriallawyers.com\/es\/california\/beverly-hills"},{"@type":"ListItem","position":4,"name":"Abogado especializado en lesiones de la m\u00e9dula espinal de Beverly Hills"}]},{"@type":"WebSite","@id":"https:\/\/westcoasttriallawyers.com\/es#website","url":"https:\/\/westcoasttriallawyers.com\/es","name":"West Coast Trial Lawyers","description":"West Coast Trial Lawyers","publisher":{"@id":"https:\/\/westcoasttriallawyers.com\/es#organization"},"alternateName":"WCTL","potentialAction":[{"@type":"SearchAction","target":{"@type":"EntryPoint","urlTemplate":"https:\/\/westcoasttriallawyers.com\/es?s={search_term_string}"},"query-input":{"@type":"PropertyValueSpecification","valueRequired":true,"valueName":"search_term_string"}}],"inLanguage":"es"},{"@type":"Organization","@id":"https:\/\/westcoasttriallawyers.com\/es#organization","name":"West Coast Trial Lawyers","alternateName":"WCTL","url":"https:\/\/westcoasttriallawyers.com\/es","logo":{"@type":"ImageObject","inLanguage":"es","@id":"https:\/\/westcoasttriallawyers.com\/es#\/schema\/logo\/image\/","url":"https:\/\/westcoasttriallawyers.com\/wp-content\/uploads\/2026\/02\/WCTL-Logo.jpg","contentUrl":"https:\/\/westcoasttriallawyers.com\/wp-content\/uploads\/2026\/02\/WCTL-Logo.jpg","width":696,"height":696,"caption":"West Coast Trial Lawyers"},"image":{"@id":"https:\/\/westcoasttriallawyers.com\/es#\/schema\/logo\/image\/"},"sameAs":["https:\/\/www.facebook.com\/westcoasttriallawyers\/","https:\/\/x.com\/WestCoastTrial","https:\/\/www.linkedin.com\/company\/west-coast-trial-lawyers\/","https:\/\/www.instagram.com\/westcoasttriallawyers\/","https:\/\/www.yelp.com\/biz\/west-coast-trial-lawyers-los-angeles-2","https:\/\/www.pinterest.com\/westcoasttrial\/","https:\/\/www.youtube.com\/westcoasttriallawyersla\/","https:\/\/www.tiktok.com\/westcoasttriallawyers"],"description":"West Coast Trial Lawyers is a top-rated personal injury law firm with a goal to provide expert legal representation to those in need. The law firm has offices across California, Nevada, Arizona, and Washington.","legalName":"West Coast Trial Lawyers"}]}},"_links":{"self":[{"href":"https:\/\/westcoasttriallawyers.com\/es\/wp-json\/wp\/v2\/pages\/13171","targetHints":{"allow":["GET"]}}],"collection":[{"href":"https:\/\/westcoasttriallawyers.com\/es\/wp-json\/wp\/v2\/pages"}],"about":[{"href":"https:\/\/westcoasttriallawyers.com\/es\/wp-json\/wp\/v2\/types\/page"}],"author":[{"embeddable":true,"href":"https:\/\/westcoasttriallawyers.com\/es\/wp-json\/wp\/v2\/users\/475"}],"replies":[{"embeddable":true,"href":"https:\/\/westcoasttriallawyers.com\/es\/wp-json\/wp\/v2\/comments?post=13171"}],"version-history":[{"count":4,"href":"https:\/\/westcoasttriallawyers.com\/es\/wp-json\/wp\/v2\/pages\/13171\/revisions"}],"predecessor-version":[{"id":47562,"href":"https:\/\/westcoasttriallawyers.com\/es\/wp-json\/wp\/v2\/pages\/13171\/revisions\/47562"}],"up":[{"embeddable":true,"href":"https:\/\/westcoasttriallawyers.com\/es\/wp-json\/wp\/v2\/pages\/47324"}],"wp:featuredmedia":[{"embeddable":true,"href":"https:\/\/westcoasttriallawyers.com\/es\/wp-json\/wp\/v2\/media\/27992"}],"wp:attachment":[{"href":"https:\/\/westcoasttriallawyers.com\/es\/wp-json\/wp\/v2\/media?parent=13171"}],"curies":[{"name":"wp","href":"https:\/\/api.w.org\/{rel}","templated":true}]}}