{"id":13170,"date":"2026-01-13T21:18:40","date_gmt":"2026-01-13T21:18:40","guid":{"rendered":"https:\/\/wctl1stg.wpengine.com\/?page_id=13170"},"modified":"2026-01-23T22:30:19","modified_gmt":"2026-01-23T22:30:19","slug":"abogados-accidentes-quemadura-beverly-hills","status":"publish","type":"page","link":"https:\/\/westcoasttriallawyers.com\/es\/california\/beverly-hills\/abogados-accidentes-quemadura-beverly-hills","title":{"rendered":"Abogado de lesiones por quemaduras de Beverly Hills"},"content":{"rendered":"<h2><strong>Nuestros abogados expertos en lesiones por quemaduras de Beverly Hills discutir\u00e1n los tipos de lesiones por quemaduras que puede sufrir por un accidente automovil\u00edstico y por un producto defectuoso<\/strong><\/h2>\n<p>Las lesiones por quemaduras, independientemente de la causa, son muy dolorosas y siempre requerir\u00e1n un tratamiento m\u00e9dico costoso. Una lesi\u00f3n por quemadura es un tipo de lesi\u00f3n personal, lo que significa que si su lesi\u00f3n fue causada por un individuo o grupo negligente o por un producto defectuoso, puede presentar un reclamo por lesiones personales contra la parte culpable para recuperar una compensaci\u00f3n por sus p\u00e9rdidas.<\/p>\n<p>Las lesiones por quemaduras son m\u00e1s comunes de lo que la gente cree. Seg\u00fan los datos proporcionados por los Centros para el Control y la Prevenci\u00f3n de Enfermedades, en 2011 ocurrieron aproximadamente 486 000 lesiones por quemaduras, que requirieron visitas a la sala de emergencias y tratamiento m\u00e9dico extenso. Adem\u00e1s, ese a\u00f1o se reportaron m\u00e1s de 3.000 muertes.<\/p>\n<p>Las lesiones por quemaduras generalmente se identifican seg\u00fan la gravedad. La clasificaci\u00f3n de quemaduras es una de las consideraciones m\u00e1s importantes que un abogado de lesiones por quemaduras analizar\u00e1 al determinar la responsabilidad y los posibles da\u00f1os. Cuanto m\u00e1s grave fue una quemadura, mayor ser\u00e1 la probabilidad de que los costos m\u00e9dicos asociados con el tratamiento de las lesiones resultantes sean. En su mayor parte, las lesiones m\u00e1s graves se traducen en una mayor compensaci\u00f3n.<\/p>\n<p>P\u00f3ngase en contacto con nuestro equipo de abogados de lesiones por quemaduras de Beverly Hills las 24 horas del d\u00eda, los 7 d\u00edas de la semana llamando al\u00a0<strong>213-927-3700<\/strong> o enviando un correo electr\u00f3nico a\u00a0<a href=\"mailto:info@westcoasttriallawyers.com\"><strong>info@westcoasttriallawyers.com<\/strong><\/a> para programar una consulta gratuita en nuestro bufete de abogados de lesiones personales de Beverly Hills.<\/p>\n<h2><strong>Incendios de veh\u00edculos y lesiones por quemaduras<\/strong><\/h2>\n<p>Los incendios son solo una circunstancia que puede causar lesiones por quemaduras. Aqu\u00ed hay algunos datos r\u00e1pidos sobre incendios, lesiones por quemaduras y muertes por quemaduras:<\/p>\n<ul>\n<li>Seg\u00fan la Asociaci\u00f3n Nacional de Protecci\u00f3n contra Incendios, en 2018, aproximadamente 212 500 incendios de veh\u00edculos causaron 560 muertes de civiles, 1500 lesiones civiles y $1900 millones en da\u00f1os directos a la propiedad en los Estados Unidos.<\/li>\n<li>Ese mismo a\u00f1o, solo los incendios en viviendas unifamiliares y bifamiliares cobraron m\u00e1s vidas que los incendios de veh\u00edculos. Los incendios de veh\u00edculos causaron 4,5 veces m\u00e1s muertes que los incendios de estructuras no residenciales y 1,6 veces la cantidad de muertes por incendios de apartamentos.<\/li>\n<li>Seg\u00fan la Asociaci\u00f3n Nacional de Protecci\u00f3n contra Incendios, los incendios de veh\u00edculos representaron el 16 por ciento de los 1.3 millones de incendios informados a los departamentos de bomberos de EE. UU. Los incendios de veh\u00edculos tambi\u00e9n causaron el 15 por ciento de todas las muertes de civiles por incendios y el 10 por ciento de todas las lesiones civiles por incendios reportadas.<\/li>\n<\/ul>\n<h2><strong>Clasificaci\u00f3n del grado de quemado<\/strong><\/h2>\n<ul>\n<li><strong>Quemadura de primer grado.<\/strong> Este tipo de quemadura se caracteriza por una apariencia roja, dolorosa y seca. En general, solo la epidermis o la capa externa se ven afectadas y las v\u00edctimas no experimentar\u00e1n da\u00f1os a largo plazo. El enrojecimiento notable es com\u00fan en las etapas iniciales, pero se desvanecer\u00e1 con el tiempo.<\/li>\n<li><strong>Quemadura de segundo grado.<\/strong> Este tipo de quemadura puede afectar la epidermis y la capa de piel que se encuentra debajo, conocida como dermis. La piel de la v\u00edctima aparecer\u00e1 de color rojo brillante, hinchada y con ampollas.<\/li>\n<li><strong>Quemadura superficial de segundo grado.<\/strong> Solo la dermis de la v\u00edctima se ve afectada por esta quemadura y las cicatrices pueden no ser necesariamente visibles.<\/li>\n<li><strong>Quemadura profunda de espesor parcial.\u00a0<\/strong>Este tipo de quemadura provoca cambios permanentes en el color de la piel y probablemente deje cicatrices visibles.<\/li>\n<li><strong>Quemadura de tercer grado.<\/strong> Este es un tipo de quemadura m\u00e1s grave que puede da\u00f1ar las terminaciones nerviosas de la v\u00edctima. Se destruye la epidermis y la dermis, y tambi\u00e9n se afecta la capa subcut\u00e1nea, que es la capa m\u00e1s interna. La piel puede volverse blanca, negra, marr\u00f3n o amarilla.<\/li>\n<li><strong>Quemadura de cuarto grado.<\/strong> Este tipo de quemadura es la m\u00e1s profunda, la m\u00e1s severa y, a menudo, resulta en situaciones que amenazan la vida. Se destruyen todas las capas de la piel de la v\u00edctima, incluidos sus m\u00fasculos, huesos y tendones.<\/li>\n<\/ul>\n<h2><strong>Los costos de tratar las lesiones por quemaduras<\/strong><\/h2>\n<p>Una lesi\u00f3n por quemadura moderada puede costarle a la v\u00edctima m\u00e1s de $200,000. Incluso aquellos con planes de seguro m\u00e1s generosos probablemente tendr\u00e1n dificultades para pagar estos costos. Adem\u00e1s, las lesiones m\u00e1s graves pueden costarle a la v\u00edctima $1.5 millones, y eso sin complicaciones ni emergencias inesperadas. Finalmente, el tratamiento de las peores lesiones por quemaduras puede costar m\u00e1s de $10 millones.<\/p>\n<p>Las lesiones por quemaduras a menudo requerir\u00e1n un tratamiento m\u00e9dico especializado a largo plazo. Pasar una cantidad significativa de tiempo en una unidad de quemados no es raro. Desafortunadamente, las lesiones por quemaduras muy graves tambi\u00e9n conllevan un riesgo de desfiguraci\u00f3n permanente, problemas psicol\u00f3gicos, infecci\u00f3n y la posibilidad de falla del injerto de piel.<\/p>\n<h2><strong>Lesiones por quemaduras causadas por productos defectuosos<\/strong><\/h2>\n<p>Analicemos uno de los tipos m\u00e1s comunes de reclamos por lesiones por quemaduras. Este tipo de reclamo gira en torno a lesiones por quemaduras causadas por productos defectuosos. Cualquier empresa que dise\u00f1e, fabrique o venda un producto defectuoso que cause que alguien sufra lesiones por quemaduras puede ser considerada responsable.<\/p>\n<p>De acuerdo con la ley de responsabilidad por productos defectuosos de Beverly Hills, cualquier persona, entidad o grupo que est\u00e9 directamente involucrado en la cadena de distribuci\u00f3n de un producto puede ser considerado responsable de las p\u00e9rdidas de una v\u00edctima. Esto puede incluir dise\u00f1adores, fabricantes y vendedores.<\/p>\n<p>Los casos de responsabilidad estricta generalmente giran en torno a:<\/p>\n<ul>\n<li>Errores o fallas en el proceso de dise\u00f1o.<\/li>\n<li>Errores o defectos en el proceso de fabricaci\u00f3n.<\/li>\n<li>Advertencias inadecuadas sobre un peligro potencial de lesiones por quemaduras<\/li>\n<li>Falta de instrucciones sobre c\u00f3mo usar un producto de manera segura<\/li>\n<\/ul>\n<p>Si sufri\u00f3 lesiones por quemaduras causadas por negligencia y desea presentar una demanda por responsabilidad del producto, debe probar que:<\/p>\n<ul>\n<li>El demandado dise\u00f1\u00f3, fabric\u00f3 o vendi\u00f3 un producto defectuoso<\/li>\n<li>El producto ten\u00eda un defecto de dise\u00f1o, fabricaci\u00f3n o advertencia cuando sali\u00f3 de la posesi\u00f3n del demandado<\/li>\n<li>El producto fue utilizado de manera razonable.<\/li>\n<li>El defecto del producto caus\u00f3 sus p\u00e9rdidas.<\/li>\n<\/ul>\n<p><strong>Considere el siguiente ejemplo de lesiones por quemaduras causadas por un producto defectuoso:<\/strong> Anita acaba de comprar un nuevo e-scooter. Ella nunca ha montado un e-scooter antes. Dando varias vueltas a la manzana y todo parece ir bien. M\u00e1s tarde esa tarde, Anita sale a dar un largo paseo. De repente, el e-scooter sufre un mal funcionamiento el\u00e9ctrico, lo que provoca que estalle en llamas.<\/p>\n<p>Como resultado de este mal funcionamiento, Anita sufre graves quemaduras en las piernas. Anita contacta a un abogado con experiencia en lesiones por quemaduras de Beverly Hills que la ayuda a identificar el mal funcionamiento del producto. Sin embargo, nadie quiere aceptar la responsabilidad por el e-scooter defectuoso. El fabricante no aceptar\u00e1 responsabilidad. Y la tienda que vendi\u00f3 el e-scooter afirma que tampoco ten\u00eda idea del defecto del producto.<\/p>\n<p>En esta situaci\u00f3n, todo lo que Anita necesita probar es que la empresa de e-scooter dise\u00f1\u00f3, fabric\u00f3 o vendi\u00f3 un e-scooter defectuoso; que el e-scooter ten\u00eda un defecto de dise\u00f1o, fabricaci\u00f3n o advertencia cuando sali\u00f3 de la posesi\u00f3n de la empresa; que Anita us\u00f3 el e-scooter de manera segura y razonable; y que el defecto del e-scooter fue la causa de sus lesiones.<\/p>\n<h2><strong>\u00bfQu\u00e9 pasa con la compensaci\u00f3n?<\/strong><\/h2>\n<p>Los accidentes con lesiones por quemaduras ocurren. Sin embargo, s\u00ed result\u00f3 lesionado debido a la negligencia de otra persona o un producto defectuoso, es posible que tenga derecho a una compensaci\u00f3n por sus p\u00e9rdidas. Los da\u00f1os son un tipo de compensaci\u00f3n monetaria que tiene por objeto compensar a una v\u00edctima de lesiones por quemaduras por las p\u00e9rdidas y lesiones sufridas como resultado de la negligencia. Los da\u00f1os se clasifican t\u00edpicamente en las siguientes categor\u00edas.<\/p>\n<ul>\n<li><strong>Da\u00f1os econ\u00f3micos.<\/strong> Este tipo de compensaci\u00f3n se otorga a una v\u00edctima por p\u00e9rdidas tangibles por las que se puede adjuntar una cantidad en d\u00f3lares. Por ejemplo, los da\u00f1os econ\u00f3micos se otorgan de acuerdo con las p\u00e9rdidas de bolsillo que una v\u00edctima de lesi\u00f3n por quemadura tiene o esperar\u00e1 incurrir. Las p\u00e9rdidas econ\u00f3micas pueden incluir compensaci\u00f3n financiera por la p\u00e9rdida de la capacidad de generar ingresos, facturas m\u00e9dicas costosas, salarios perdidos y m\u00e1s.<\/li>\n<li><strong>Da\u00f1os no econ\u00f3micos.<\/strong> Los da\u00f1os no econ\u00f3micos, por otro lado, se otorgan por p\u00e9rdidas que no son esenciales. En otras palabras, este tipo de compensaci\u00f3n est\u00e1 destinado a p\u00e9rdidas que se consideran subjetivas. Adem\u00e1s, las p\u00e9rdidas no econ\u00f3micas no cubren necesariamente las p\u00e9rdidas de bolsillo, como el tratamiento m\u00e9dico. Por ejemplo, los da\u00f1os no econ\u00f3micos pueden incluir compensaci\u00f3n por dolor y sufrimiento y p\u00e9rdida del disfrute de la vida.<\/li>\n<li><strong>Da\u00f1os punitivos.<\/strong> El tipo menos com\u00fan de da\u00f1os que un tribunal de California puede otorgar son los da\u00f1os punitivos. Este tipo de compensaci\u00f3n est\u00e1 destinado a castigar a un malhechor y solo se otorga cuando el comportamiento del acusado es especialmente da\u00f1ino.<\/li>\n<\/ul>\n<p>Por ejemplo, si alguien deliberadamente trat\u00f3 de lastimarlo caus\u00e1ndole quemaduras, lo m\u00e1s probable es que califique para da\u00f1os punitivos adem\u00e1s de los da\u00f1os compensatorios normales a los que ya tendr\u00eda derecho por sus facturas m\u00e9dicas y dolor y sufrimiento.<\/p>\n<h2><strong>Los abogados litigantes de la costa oeste est\u00e1n aqu\u00ed para ayudar<\/strong><\/h2>\n<p>Si ha sufrido lesiones por quemaduras como resultado de la negligencia de alguien o actos deliberados de malicia, tiene derecho a responsabilizar a la parte culpable por sus p\u00e9rdidas. Un abogado de lesiones por quemaduras de Beverly Hills en West Coast Trial Lawyers lo ayudar\u00e1 a recuperar una compensaci\u00f3n por las p\u00e9rdidas que ha sufrido.<\/p>\n<p>Ll\u00e1menos hoy al\u00a0<strong>213-927-3700<\/strong> o env\u00ede un correo electr\u00f3nico a\u00a0<a href=\"mailto:info@westcoasttriallawyers.com\"><strong>info@westcoasttriallawyers.com<\/strong><\/a> para programar una consulta gratuita con nuestro equipo legal experimentado, atento y compasivo.<br \/>\n<!-- WCTL_DEBUG: no shortcode in this_content --><\/p>\n","protected":false},"excerpt":{"rendered":"<p>Nuestros abogados expertos en lesiones por quemaduras de Beverly Hills discutir\u00e1n los tipos de lesiones por quemaduras que puede sufrir por un accidente automovil\u00edstico y por un producto defectuoso Las lesiones por quemaduras, independientemente de la causa, son muy dolorosas y siempre requerir\u00e1n un tratamiento m\u00e9dico costoso. Una lesi\u00f3n por quemadura es un tipo de [&hellip;]<\/p>\n","protected":false},"author":470,"featured_media":27992,"parent":47324,"menu_order":59,"comment_status":"closed","ping_status":"closed","template":"","meta":{"inline_featured_image":false,"footnotes":""},"class_list":["post-13170","page","type-page","status-publish","has-post-thumbnail","hentry"],"acf":[],"yoast_head":"<!-- This site is optimized with the Yoast SEO Premium plugin v26.0 (Yoast SEO v26.0) - https:\/\/yoast.com\/wordpress\/plugins\/seo\/ -->\n<title>Abogado de lesiones por quemaduras de Beverly Hills | West Coast Trial Lawyers<\/title>\n<meta name=\"robots\" content=\"index, follow, max-snippet:-1, max-image-preview:large, max-video-preview:-1\" \/>\n<link rel=\"canonical\" href=\"https:\/\/westcoasttriallawyers.com\/es\/california\/beverly-hills\/abogados-accidentes-quemadura-beverly-hills\" \/>\n<meta property=\"og:locale\" content=\"es_ES\" \/>\n<meta property=\"og:type\" content=\"article\" \/>\n<meta property=\"og:title\" content=\"Abogado de lesiones por quemaduras de Beverly Hills\" \/>\n<meta property=\"og:description\" content=\"Nuestros abogados expertos en lesiones por quemaduras de Beverly Hills discutir\u00e1n los tipos de lesiones por quemaduras que puede sufrir por un accidente automovil\u00edstico y por un producto defectuoso Las lesiones por quemaduras, independientemente de la causa, son muy dolorosas y siempre requerir\u00e1n un tratamiento m\u00e9dico costoso. Una lesi\u00f3n por quemadura es un tipo de [&hellip;]\" \/>\n<meta property=\"og:url\" content=\"https:\/\/westcoasttriallawyers.com\/es\/california\/beverly-hills\/abogados-accidentes-quemadura-beverly-hills\" \/>\n<meta property=\"og:site_name\" content=\"West Coast Trial Lawyers\" \/>\n<meta property=\"article:publisher\" content=\"https:\/\/www.facebook.com\/westcoasttriallawyers\/\" \/>\n<meta property=\"article:modified_time\" content=\"2026-01-23T22:30:19+00:00\" \/>\n<meta property=\"og:image\" content=\"https:\/\/westcoasttriallawyers.com\/wp-content\/uploads\/2025\/07\/Beverly-Hills-15.webp\" \/>\n\t<meta property=\"og:image:width\" content=\"442\" \/>\n\t<meta property=\"og:image:height\" content=\"328\" \/>\n\t<meta property=\"og:image:type\" content=\"image\/webp\" \/>\n<meta name=\"twitter:card\" content=\"summary_large_image\" \/>\n<meta name=\"twitter:site\" content=\"@WestCoastTrial\" \/>\n<meta name=\"twitter:label1\" content=\"Tiempo de lectura\" \/>\n\t<meta name=\"twitter:data1\" content=\"8 minutos\" \/>\n<script type=\"application\/ld+json\" class=\"yoast-schema-graph\">{\"@context\":\"https:\/\/schema.org\",\"@graph\":[{\"@type\":[\"WebPage\",\"ItemPage\"],\"@id\":\"https:\/\/westcoasttriallawyers.com\/es\/california\/beverly-hills\/abogados-accidentes-quemadura-beverly-hills\",\"url\":\"https:\/\/westcoasttriallawyers.com\/es\/california\/beverly-hills\/abogados-accidentes-quemadura-beverly-hills\",\"name\":\"Abogado de lesiones por quemaduras de Beverly Hills | West Coast Trial Lawyers\",\"isPartOf\":{\"@id\":\"https:\/\/westcoasttriallawyers.com\/es#website\"},\"primaryImageOfPage\":{\"@id\":\"https:\/\/westcoasttriallawyers.com\/es\/california\/beverly-hills\/abogados-accidentes-quemadura-beverly-hills#primaryimage\"},\"image\":{\"@id\":\"https:\/\/westcoasttriallawyers.com\/es\/california\/beverly-hills\/abogados-accidentes-quemadura-beverly-hills#primaryimage\"},\"thumbnailUrl\":\"https:\/\/westcoasttriallawyers.com\/wp-content\/uploads\/2025\/07\/Beverly-Hills.webp\",\"datePublished\":\"2026-01-13T21:18:40+00:00\",\"dateModified\":\"2026-01-23T22:30:19+00:00\",\"breadcrumb\":{\"@id\":\"https:\/\/westcoasttriallawyers.com\/es\/california\/beverly-hills\/abogados-accidentes-quemadura-beverly-hills#breadcrumb\"},\"inLanguage\":\"es\",\"potentialAction\":[{\"@type\":\"ReadAction\",\"target\":[\"https:\/\/westcoasttriallawyers.com\/es\/california\/beverly-hills\/abogados-accidentes-quemadura-beverly-hills\"]}]},{\"@type\":\"ImageObject\",\"inLanguage\":\"es\",\"@id\":\"https:\/\/westcoasttriallawyers.com\/es\/california\/beverly-hills\/abogados-accidentes-quemadura-beverly-hills#primaryimage\",\"url\":\"https:\/\/westcoasttriallawyers.com\/wp-content\/uploads\/2025\/07\/Beverly-Hills.webp\",\"contentUrl\":\"https:\/\/westcoasttriallawyers.com\/wp-content\/uploads\/2025\/07\/Beverly-Hills.webp\",\"width\":442,\"height\":328,\"caption\":\"A shot of\"},{\"@type\":\"BreadcrumbList\",\"@id\":\"https:\/\/westcoasttriallawyers.com\/es\/california\/beverly-hills\/abogados-accidentes-quemadura-beverly-hills#breadcrumb\",\"itemListElement\":[{\"@type\":\"ListItem\",\"position\":1,\"name\":\"Inicio\",\"item\":\"https:\/\/westcoasttriallawyers.com\/es\"},{\"@type\":\"ListItem\",\"position\":2,\"name\":\"California\",\"item\":\"https:\/\/westcoasttriallawyers.com\/es\/california\"},{\"@type\":\"ListItem\",\"position\":3,\"name\":\"Beverly Hills\",\"item\":\"https:\/\/westcoasttriallawyers.com\/es\/california\/beverly-hills\"},{\"@type\":\"ListItem\",\"position\":4,\"name\":\"Abogado de lesiones por quemaduras de Beverly Hills\"}]},{\"@type\":\"WebSite\",\"@id\":\"https:\/\/westcoasttriallawyers.com\/es#website\",\"url\":\"https:\/\/westcoasttriallawyers.com\/es\",\"name\":\"West Coast Trial Lawyers\",\"description\":\"West Coast Trial Lawyers\",\"publisher\":{\"@id\":\"https:\/\/westcoasttriallawyers.com\/es#organization\"},\"alternateName\":\"WCTL\",\"potentialAction\":[{\"@type\":\"SearchAction\",\"target\":{\"@type\":\"EntryPoint\",\"urlTemplate\":\"https:\/\/westcoasttriallawyers.com\/es?s={search_term_string}\"},\"query-input\":{\"@type\":\"PropertyValueSpecification\",\"valueRequired\":true,\"valueName\":\"search_term_string\"}}],\"inLanguage\":\"es\"},{\"@type\":\"Organization\",\"@id\":\"https:\/\/westcoasttriallawyers.com\/es#organization\",\"name\":\"West Coast Trial Lawyers\",\"alternateName\":\"WCTL\",\"url\":\"https:\/\/westcoasttriallawyers.com\/es\",\"logo\":{\"@type\":\"ImageObject\",\"inLanguage\":\"es\",\"@id\":\"https:\/\/westcoasttriallawyers.com\/es#\/schema\/logo\/image\/\",\"url\":\"https:\/\/westcoasttriallawyers.com\/wp-content\/uploads\/2026\/02\/WCTL-Logo.jpg\",\"contentUrl\":\"https:\/\/westcoasttriallawyers.com\/wp-content\/uploads\/2026\/02\/WCTL-Logo.jpg\",\"width\":696,\"height\":696,\"caption\":\"West Coast Trial Lawyers\"},\"image\":{\"@id\":\"https:\/\/westcoasttriallawyers.com\/es#\/schema\/logo\/image\/\"},\"sameAs\":[\"https:\/\/www.facebook.com\/westcoasttriallawyers\/\",\"https:\/\/x.com\/WestCoastTrial\",\"https:\/\/www.linkedin.com\/company\/west-coast-trial-lawyers\/\",\"https:\/\/www.instagram.com\/westcoasttriallawyers\/\",\"https:\/\/www.yelp.com\/biz\/west-coast-trial-lawyers-los-angeles-2\",\"https:\/\/www.pinterest.com\/westcoasttrial\/\",\"https:\/\/www.youtube.com\/westcoasttriallawyersla\/\",\"https:\/\/www.tiktok.com\/westcoasttriallawyers\"],\"description\":\"West Coast Trial Lawyers is a top-rated personal injury law firm with a goal to provide expert legal representation to those in need. The law firm has offices across California, Nevada, Arizona, and Washington.\",\"legalName\":\"West Coast Trial Lawyers\"}]}<\/script>\n<!-- \/ Yoast SEO Premium plugin. -->","yoast_head_json":{"title":"Abogado de lesiones por quemaduras de Beverly Hills | West Coast Trial Lawyers","robots":{"index":"index","follow":"follow","max-snippet":"max-snippet:-1","max-image-preview":"max-image-preview:large","max-video-preview":"max-video-preview:-1"},"canonical":"https:\/\/westcoasttriallawyers.com\/es\/california\/beverly-hills\/abogados-accidentes-quemadura-beverly-hills","og_locale":"es_ES","og_type":"article","og_title":"Abogado de lesiones por quemaduras de Beverly Hills","og_description":"Nuestros abogados expertos en lesiones por quemaduras de Beverly Hills discutir\u00e1n los tipos de lesiones por quemaduras que puede sufrir por un accidente automovil\u00edstico y por un producto defectuoso Las lesiones por quemaduras, independientemente de la causa, son muy dolorosas y siempre requerir\u00e1n un tratamiento m\u00e9dico costoso. Una lesi\u00f3n por quemadura es un tipo de [&hellip;]","og_url":"https:\/\/westcoasttriallawyers.com\/es\/california\/beverly-hills\/abogados-accidentes-quemadura-beverly-hills","og_site_name":"West Coast Trial Lawyers","article_publisher":"https:\/\/www.facebook.com\/westcoasttriallawyers\/","article_modified_time":"2026-01-23T22:30:19+00:00","og_image":[{"width":442,"height":328,"url":"https:\/\/westcoasttriallawyers.com\/wp-content\/uploads\/2025\/07\/Beverly-Hills-15.webp","type":"image\/webp"}],"twitter_card":"summary_large_image","twitter_site":"@WestCoastTrial","twitter_misc":{"Tiempo de lectura":"8 minutos"},"schema":{"@context":"https:\/\/schema.org","@graph":[{"@type":["WebPage","ItemPage"],"@id":"https:\/\/westcoasttriallawyers.com\/es\/california\/beverly-hills\/abogados-accidentes-quemadura-beverly-hills","url":"https:\/\/westcoasttriallawyers.com\/es\/california\/beverly-hills\/abogados-accidentes-quemadura-beverly-hills","name":"Abogado de lesiones por quemaduras de Beverly Hills | West Coast Trial Lawyers","isPartOf":{"@id":"https:\/\/westcoasttriallawyers.com\/es#website"},"primaryImageOfPage":{"@id":"https:\/\/westcoasttriallawyers.com\/es\/california\/beverly-hills\/abogados-accidentes-quemadura-beverly-hills#primaryimage"},"image":{"@id":"https:\/\/westcoasttriallawyers.com\/es\/california\/beverly-hills\/abogados-accidentes-quemadura-beverly-hills#primaryimage"},"thumbnailUrl":"https:\/\/westcoasttriallawyers.com\/wp-content\/uploads\/2025\/07\/Beverly-Hills.webp","datePublished":"2026-01-13T21:18:40+00:00","dateModified":"2026-01-23T22:30:19+00:00","breadcrumb":{"@id":"https:\/\/westcoasttriallawyers.com\/es\/california\/beverly-hills\/abogados-accidentes-quemadura-beverly-hills#breadcrumb"},"inLanguage":"es","potentialAction":[{"@type":"ReadAction","target":["https:\/\/westcoasttriallawyers.com\/es\/california\/beverly-hills\/abogados-accidentes-quemadura-beverly-hills"]}]},{"@type":"ImageObject","inLanguage":"es","@id":"https:\/\/westcoasttriallawyers.com\/es\/california\/beverly-hills\/abogados-accidentes-quemadura-beverly-hills#primaryimage","url":"https:\/\/westcoasttriallawyers.com\/wp-content\/uploads\/2025\/07\/Beverly-Hills.webp","contentUrl":"https:\/\/westcoasttriallawyers.com\/wp-content\/uploads\/2025\/07\/Beverly-Hills.webp","width":442,"height":328,"caption":"A shot of"},{"@type":"BreadcrumbList","@id":"https:\/\/westcoasttriallawyers.com\/es\/california\/beverly-hills\/abogados-accidentes-quemadura-beverly-hills#breadcrumb","itemListElement":[{"@type":"ListItem","position":1,"name":"Inicio","item":"https:\/\/westcoasttriallawyers.com\/es"},{"@type":"ListItem","position":2,"name":"California","item":"https:\/\/westcoasttriallawyers.com\/es\/california"},{"@type":"ListItem","position":3,"name":"Beverly Hills","item":"https:\/\/westcoasttriallawyers.com\/es\/california\/beverly-hills"},{"@type":"ListItem","position":4,"name":"Abogado de lesiones por quemaduras de Beverly Hills"}]},{"@type":"WebSite","@id":"https:\/\/westcoasttriallawyers.com\/es#website","url":"https:\/\/westcoasttriallawyers.com\/es","name":"West Coast Trial Lawyers","description":"West Coast Trial Lawyers","publisher":{"@id":"https:\/\/westcoasttriallawyers.com\/es#organization"},"alternateName":"WCTL","potentialAction":[{"@type":"SearchAction","target":{"@type":"EntryPoint","urlTemplate":"https:\/\/westcoasttriallawyers.com\/es?s={search_term_string}"},"query-input":{"@type":"PropertyValueSpecification","valueRequired":true,"valueName":"search_term_string"}}],"inLanguage":"es"},{"@type":"Organization","@id":"https:\/\/westcoasttriallawyers.com\/es#organization","name":"West Coast Trial Lawyers","alternateName":"WCTL","url":"https:\/\/westcoasttriallawyers.com\/es","logo":{"@type":"ImageObject","inLanguage":"es","@id":"https:\/\/westcoasttriallawyers.com\/es#\/schema\/logo\/image\/","url":"https:\/\/westcoasttriallawyers.com\/wp-content\/uploads\/2026\/02\/WCTL-Logo.jpg","contentUrl":"https:\/\/westcoasttriallawyers.com\/wp-content\/uploads\/2026\/02\/WCTL-Logo.jpg","width":696,"height":696,"caption":"West Coast Trial Lawyers"},"image":{"@id":"https:\/\/westcoasttriallawyers.com\/es#\/schema\/logo\/image\/"},"sameAs":["https:\/\/www.facebook.com\/westcoasttriallawyers\/","https:\/\/x.com\/WestCoastTrial","https:\/\/www.linkedin.com\/company\/west-coast-trial-lawyers\/","https:\/\/www.instagram.com\/westcoasttriallawyers\/","https:\/\/www.yelp.com\/biz\/west-coast-trial-lawyers-los-angeles-2","https:\/\/www.pinterest.com\/westcoasttrial\/","https:\/\/www.youtube.com\/westcoasttriallawyersla\/","https:\/\/www.tiktok.com\/westcoasttriallawyers"],"description":"West Coast Trial Lawyers is a top-rated personal injury law firm with a goal to provide expert legal representation to those in need. The law firm has offices across California, Nevada, Arizona, and Washington.","legalName":"West Coast Trial Lawyers"}]}},"_links":{"self":[{"href":"https:\/\/westcoasttriallawyers.com\/es\/wp-json\/wp\/v2\/pages\/13170","targetHints":{"allow":["GET"]}}],"collection":[{"href":"https:\/\/westcoasttriallawyers.com\/es\/wp-json\/wp\/v2\/pages"}],"about":[{"href":"https:\/\/westcoasttriallawyers.com\/es\/wp-json\/wp\/v2\/types\/page"}],"author":[{"embeddable":true,"href":"https:\/\/westcoasttriallawyers.com\/es\/wp-json\/wp\/v2\/users\/470"}],"replies":[{"embeddable":true,"href":"https:\/\/westcoasttriallawyers.com\/es\/wp-json\/wp\/v2\/comments?post=13170"}],"version-history":[{"count":2,"href":"https:\/\/westcoasttriallawyers.com\/es\/wp-json\/wp\/v2\/pages\/13170\/revisions"}],"predecessor-version":[{"id":48180,"href":"https:\/\/westcoasttriallawyers.com\/es\/wp-json\/wp\/v2\/pages\/13170\/revisions\/48180"}],"up":[{"embeddable":true,"href":"https:\/\/westcoasttriallawyers.com\/es\/wp-json\/wp\/v2\/pages\/47324"}],"wp:featuredmedia":[{"embeddable":true,"href":"https:\/\/westcoasttriallawyers.com\/es\/wp-json\/wp\/v2\/media\/27992"}],"wp:attachment":[{"href":"https:\/\/westcoasttriallawyers.com\/es\/wp-json\/wp\/v2\/media?parent=13170"}],"curies":[{"name":"wp","href":"https:\/\/api.w.org\/{rel}","templated":true}]}}