{"id":13161,"date":"2026-01-13T21:18:34","date_gmt":"2026-01-13T21:18:34","guid":{"rendered":"https:\/\/wctl1stg.wpengine.com\/?page_id=13161"},"modified":"2026-01-23T22:15:08","modified_gmt":"2026-01-23T22:15:08","slug":"abogados-accidentes-autobus-beverly-hills","status":"publish","type":"page","link":"https:\/\/westcoasttriallawyers.com\/es\/california\/beverly-hills\/abogados-accidentes-autobus-beverly-hills","title":{"rendered":"Abogado de accidentes de autob\u00fas de Beverly Hills\u00a0"},"content":{"rendered":"<h2><strong>C\u00f3mo presentar un reclamo exitoso por accidente de autob\u00fas para obtener la compensaci\u00f3n que merece<\/strong><\/h2>\n<p>Los accidentes de autob\u00fas pueden ocurrir en cualquier lugar, incluso en Beverly Hills. En junio de 2019, ocho personas requirieron hospitalizaci\u00f3n luego de sufrir lesiones graves en un accidente de autob\u00fas tur\u00edstico en Beverly Hills. El incidente ocurri\u00f3 en Coldwater Canyon y el conductor fue arrestado m\u00e1s tarde bajo sospecha de conducir bajo los efectos del alcohol, lo cual es una negligencia grave.<\/p>\n<p>Todos los conductores de autobuses, incluidos los conductores de autobuses tur\u00edsticos, los conductores de Metro y los conductores de autobuses escolares, se conocen como transportistas comunes. En otras palabras, est\u00e1n legalmente obligados a tener mucho cuidado porque transportan pasajeros con fines de lucro.<\/p>\n<p>Si ha sufrido lesiones en un accidente de autob\u00fas, debe presentar un reclamo por lesiones personales para recuperar los da\u00f1os por cualquier lesi\u00f3n sufrida. Al igual que con la mayor\u00eda de los incidentes de lesiones personales, los accidentes de autob\u00fas suelen ser causados por la negligencia o las acciones imprudentes de alguien. Esto puede incluir al conductor del autob\u00fas, la compa\u00f1\u00eda de autobuses u otros conductores.<\/p>\n<p>La mayor\u00eda de los reclamos por lesiones personales en California deben presentarse dentro de los dos a\u00f1os posteriores a la fecha en que ocurri\u00f3 el incidente. Sin embargo, algunos reclamos por accidentes de autob\u00fas pueden tener diferentes plazos o plazos de prescripci\u00f3n. Por ejemplo, los reclamos de accidentes de autob\u00fas contra entidades p\u00fablicas y entidades de transporte administradas por el gobierno deben presentarse dentro de los seis meses posteriores a la fecha del accidente. Los reclamos contra operadores y partes privadas no gubernamentales pueden presentarse dentro de los dos a\u00f1os a partir de la fecha del accidente.<\/p>\n<p>Las reclamaciones por accidentes de autob\u00fas son especialmente complejas, pero nuestro equipo experto de abogados experimentados en accidentes de autob\u00fas en Beverly Hills en West Coast Trial Lawyers est\u00e1 aqu\u00ed para ayudar. Estamos listos para manejar cada parte de su caso, incluido el trato con las compa\u00f1\u00edas de seguros, la negociaci\u00f3n de facturas m\u00e9dicas, la ayuda con las citas con su m\u00e9dico y m\u00e1s.<\/p>\n<p>No dude en comunicarse con nuestro equipo legal las 24 horas, los 7 d\u00edas de la semana llamando al\u00a0<strong>213-927-3700<\/strong> o enviando un correo electr\u00f3nico a\u00a0<a href=\"mailto:info@westcoasttriallawyers.com\"><strong>info@westcoasttriallawyers.com<\/strong><\/a> para programar una consulta gratuita en nuestro bufete de abogados de lesiones personales de Beverly Hills.<\/p>\n<h2><strong>Datos sobre los accidentes de autob\u00fas<\/strong><\/h2>\n<ul>\n<li>Seg\u00fan el Departamento de Transporte de EE. UU., en 2016 hubo un total estimado de 69,000 accidentes de autob\u00fas en todo el pa\u00eds.<\/li>\n<li>De acuerdo con los Datos de accidentes de autobuses y camiones grandes de 2016 de la NHTSA, hubo 225 accidentes fatales de autobuses y 15,000 accidentes con heridos que involucraron autobuses ese a\u00f1o.<\/li>\n<li>Seg\u00fan la Asociaci\u00f3n Estadounidense de Transporte P\u00fablico, en 2018 hubo 255 muertes relacionadas con el tr\u00e1nsito, 39 eran pasajeros\/ocupantes del tr\u00e1nsito, 11 eran trabajadores\/empleados del tr\u00e1nsito y el resto eran otros.<\/li>\n<\/ul>\n<h2><strong>Reclamaciones de Accidentes de Autobuses P\u00fablicos<\/strong><\/h2>\n<p>A continuaci\u00f3n se presentan varios ejemplos que pondr\u00edan la responsabilidad en manos de un conductor de autob\u00fas o una empresa de autobuses:<\/p>\n<ul>\n<li><strong>Violar las leyes de tr\u00e1nsito.<\/strong> Parte del deber de un conductor de autob\u00fas como transportista com\u00fan es tan simple como seguir las leyes de tr\u00e1nsito y obedecer las se\u00f1ales de tr\u00e1nsito. El no hacerlo puede resultar en la responsabilidad del conductor del autob\u00fas y causar un accidente potencialmente grave. Los conductores de autobuses p\u00fablicos suelen estar estresados \u200b\u200bpara cumplir con sus horarios y pueden optar por pasarse las luces rojas o acelerar solo para mantenerse al d\u00eda. Sin embargo, estos son comportamientos gravemente negligentes.<\/li>\n<li><strong>Conducir con fatiga.<\/strong> Hay l\u00edmites con respecto a la cantidad de horas que un conductor puede pasar detr\u00e1s del volante. La violaci\u00f3n deliberada de estos importantes l\u00edmites de seguridad es ilegal, es negligente y puede poner a muchas personas en alto riesgo de sufrir lesiones. Conducir mientras se est\u00e1 cansado puede no parecer un gran problema, pero tiene el potencial de poner en peligro a muchas personas.<\/li>\n<li><strong>Negligencia en la contrataci\u00f3n y formaci\u00f3n de conductores.\u00a0<\/strong>Como transportistas comunes, las compa\u00f1\u00edas de autobuses est\u00e1n obligadas por ley a capacitar y otorgar licencias a los conductores antes de que se les permita operar un autob\u00fas comercial. La contrataci\u00f3n de conductores con problemas conocidos de abuso de sustancias o el empleo de otras pr\u00e1cticas de capacitaci\u00f3n deficientes que causen un accidente de autob\u00fas pueden exponer a responsabilidad tanto al conductor como a la compa\u00f1\u00eda de autobuses.<\/li>\n<li><strong>Mantenimiento negligente de los autobuses.<\/strong> Las empresas de autobuses no solo son responsables de contratar y capacitar adecuadamente a sus conductores, sino que tambi\u00e9n deben mantener sus autobuses en buenas condiciones. Como m\u00ednimo, las compa\u00f1\u00edas de autobuses deben realizar un mantenimiento regular e inspeccionar las llantas, las luces y los frenos para ver si est\u00e1n desgastados. El mal mantenimiento de los autobuses puede causar f\u00e1cilmente fallas en los veh\u00edculos y accidentes innecesarios.<\/li>\n<li><strong>Conducir distra\u00eddo.\u00a0<\/strong>Enviar mensajes de texto, tratar con pasajeros disruptivos o desconectarse son comportamientos aparentemente inofensivos, que pueden causar un accidente y someter al conductor a responsabilidad. A pesar de lo inofensivo que puede parecer enviar un mensaje de texto r\u00e1pido, un conductor de autob\u00fas puede ser considerado responsable si su breve momento de negligencia provoca un accidente de autob\u00fas.<\/li>\n<li><strong>Conducir bajo la influencia.\u00a0<\/strong>Es de sentido com\u00fan que ponerse al volante de un autob\u00fas con pasajeros a bordo es inmoral y peligroso. Un conductor de autob\u00fas que maneja bajo la influencia est\u00e1 voluntariamente poniendo a las personas en peligro y estar\u00e1 sujeto a sanciones adicionales, incluidos da\u00f1os punitivos.<\/li>\n<\/ul>\n<p>Varias l\u00edneas de autob\u00fas operan dentro y fuera del \u00e1rea de Beverly Hills. Los autobuses de LA Metro son parte de la Autoridad de Tr\u00e1nsito Metropolitano del Condado de Los \u00c1ngeles (LACMTA), que es una entidad p\u00fablica. Como tal, LACMTA estar\u00e1 sujeta a la Ley de reclamos por da\u00f1os de California. (C\u00f3digo de Gobierno \u00a7 810 et al.).<\/p>\n<p>Como se mencion\u00f3, los conductores de autobuses y las empresas que transportan personas tienen el deber de cuidar a sus pasajeros y otros automovilistas en la carretera. Se considera que un operador de autob\u00fas es un transportista com\u00fan, lo que significa que transportan personas para obtener ganancias. En lo que se refiere a cuestiones de responsabilidad, si Metro no inspecciona y repara adecuadamente sus autobuses, o no capacita ni supervisa adecuadamente a sus conductores, se les puede encontrar en violaci\u00f3n de sus deberes como transportista com\u00fan.<\/p>\n<p>En resumen, el incumplimiento de los deberes obligatorios por ley probablemente har\u00e1 que el conductor del autob\u00fas o la empresa sean responsables de las p\u00e9rdidas causadas por su negligencia.<\/p>\n<h2><strong>Compensaci\u00f3n despu\u00e9s de un accidente de autob\u00fas<\/strong><\/h2>\n<p>Las v\u00edctimas de accidentes de autob\u00fas generalmente tienen derecho a da\u00f1os econ\u00f3micos y no econ\u00f3micos por sus p\u00e9rdidas.<\/p>\n<p>Los da\u00f1os econ\u00f3micos cubren los costos monetarios que una v\u00edctima de un accidente de autob\u00fas tendr\u00e1 que pagar o podr\u00eda tener que pagar como resultado del accidente. Los da\u00f1os no econ\u00f3micos cubren lesiones que no necesariamente tienen un valor monetario objetivo. Estos da\u00f1os, por ejemplo, incluyen dolor y sufrimiento y la p\u00e9rdida de una extremidad.<\/p>\n<p>Los da\u00f1os despu\u00e9s de un reclamo por accidente de autob\u00fas pueden incluir una combinaci\u00f3n de:<\/p>\n<ul>\n<li>Salarios perdidos<\/li>\n<li>Estr\u00e9s emocional<\/li>\n<li>P\u00e9rdida de propiedad<\/li>\n<li>Facturas m\u00e9dicas<\/li>\n<li>Medicamentos y suministros m\u00e9dicos<\/li>\n<li>Terapia f\u00edsica<\/li>\n<li>Ganancias futuras p\u00e9rdidas<\/li>\n<li>P\u00e9rdida de consorcio<\/li>\n<li>Tratamiento de urgencias<\/li>\n<li>P\u00e9rdida del disfrute de la vida<\/li>\n<li>Costos y honorarios de la corte<\/li>\n<\/ul>\n<h2><strong>Los abogados litigantes de la costa oeste est\u00e1n aqu\u00ed para ayudar<\/strong><\/h2>\n<p>Si estuvo involucrado en un accidente de autob\u00fas y sufri\u00f3 lesiones como resultado de negligencia o actos deliberados de malicia, tiene derecho a responsabilizar a la parte culpable por sus p\u00e9rdidas. Un abogado de accidentes de autob\u00fas de Beverly Hills en West Coast Trial Lawyers lo ayudar\u00e1 a recuperar una compensaci\u00f3n por las p\u00e9rdidas que ha sufrido, incluidas sus facturas m\u00e9dicas, da\u00f1os a la propiedad, salarios perdidos, dolor y sufrimiento, y m\u00e1s.<\/p>\n<p>Comun\u00edquese hoy con nuestro equipo legal disponible las 24 horas, los 7 d\u00edas de la semana llamando al\u00a0<strong>213-927-3700<\/strong> o enviando un correo electr\u00f3nico a\u00a0<a href=\"mailto:info@westcoasttriallawyers.com\"><strong>info@westcoasttriallawyers.com<\/strong><\/a> para programar una consulta gratuita en nuestro bufete de abogados de lesiones personales en Beverly Hills.<br \/>\n<!-- WCTL_DEBUG: no shortcode in this_content --><\/p>\n","protected":false},"excerpt":{"rendered":"<p>C\u00f3mo presentar un reclamo exitoso por accidente de autob\u00fas para obtener la compensaci\u00f3n que merece Los accidentes de autob\u00fas pueden ocurrir en cualquier lugar, incluso en Beverly Hills. En junio de 2019, ocho personas requirieron hospitalizaci\u00f3n luego de sufrir lesiones graves en un accidente de autob\u00fas tur\u00edstico en Beverly Hills. El incidente ocurri\u00f3 en Coldwater [&hellip;]<\/p>\n","protected":false},"author":470,"featured_media":27992,"parent":47324,"menu_order":419,"comment_status":"closed","ping_status":"closed","template":"","meta":{"inline_featured_image":false,"footnotes":""},"class_list":["post-13161","page","type-page","status-publish","has-post-thumbnail","hentry"],"acf":[],"yoast_head":"<!-- This site is optimized with the Yoast SEO Premium plugin v26.0 (Yoast SEO v26.0) - https:\/\/yoast.com\/wordpress\/plugins\/seo\/ -->\n<title>Abogado de accidentes de autob\u00fas de Beverly Hills\u00a0 | West Coast Trial Lawyers<\/title>\n<meta name=\"robots\" content=\"index, follow, max-snippet:-1, max-image-preview:large, max-video-preview:-1\" \/>\n<link rel=\"canonical\" href=\"https:\/\/westcoasttriallawyers.com\/es\/california\/beverly-hills\/abogados-accidentes-autobus-beverly-hills\" \/>\n<meta property=\"og:locale\" content=\"es_ES\" \/>\n<meta property=\"og:type\" content=\"article\" \/>\n<meta property=\"og:title\" content=\"Abogado de accidentes de autob\u00fas de Beverly Hills\u00a0\" \/>\n<meta property=\"og:description\" content=\"C\u00f3mo presentar un reclamo exitoso por accidente de autob\u00fas para obtener la compensaci\u00f3n que merece Los accidentes de autob\u00fas pueden ocurrir en cualquier lugar, incluso en Beverly Hills. En junio de 2019, ocho personas requirieron hospitalizaci\u00f3n luego de sufrir lesiones graves en un accidente de autob\u00fas tur\u00edstico en Beverly Hills. El incidente ocurri\u00f3 en Coldwater [&hellip;]\" \/>\n<meta property=\"og:url\" content=\"https:\/\/westcoasttriallawyers.com\/es\/california\/beverly-hills\/abogados-accidentes-autobus-beverly-hills\" \/>\n<meta property=\"og:site_name\" content=\"West Coast Trial Lawyers\" \/>\n<meta property=\"article:publisher\" content=\"https:\/\/www.facebook.com\/westcoasttriallawyers\/\" \/>\n<meta property=\"article:modified_time\" content=\"2026-01-23T22:15:08+00:00\" \/>\n<meta property=\"og:image\" content=\"https:\/\/westcoasttriallawyers.com\/wp-content\/uploads\/2025\/07\/Beverly-Hills-9.webp\" \/>\n\t<meta property=\"og:image:width\" content=\"442\" \/>\n\t<meta property=\"og:image:height\" content=\"328\" \/>\n\t<meta property=\"og:image:type\" content=\"image\/webp\" \/>\n<meta name=\"twitter:card\" content=\"summary_large_image\" \/>\n<meta name=\"twitter:site\" content=\"@WestCoastTrial\" \/>\n<meta name=\"twitter:label1\" content=\"Tiempo de lectura\" \/>\n\t<meta name=\"twitter:data1\" content=\"6 minutos\" \/>\n<script type=\"application\/ld+json\" class=\"yoast-schema-graph\">{\"@context\":\"https:\/\/schema.org\",\"@graph\":[{\"@type\":[\"WebPage\",\"ItemPage\"],\"@id\":\"https:\/\/westcoasttriallawyers.com\/es\/california\/beverly-hills\/abogados-accidentes-autobus-beverly-hills\",\"url\":\"https:\/\/westcoasttriallawyers.com\/es\/california\/beverly-hills\/abogados-accidentes-autobus-beverly-hills\",\"name\":\"Abogado de accidentes de autob\u00fas de Beverly Hills\u00a0 | West Coast Trial Lawyers\",\"isPartOf\":{\"@id\":\"https:\/\/westcoasttriallawyers.com\/es#website\"},\"primaryImageOfPage\":{\"@id\":\"https:\/\/westcoasttriallawyers.com\/es\/california\/beverly-hills\/abogados-accidentes-autobus-beverly-hills#primaryimage\"},\"image\":{\"@id\":\"https:\/\/westcoasttriallawyers.com\/es\/california\/beverly-hills\/abogados-accidentes-autobus-beverly-hills#primaryimage\"},\"thumbnailUrl\":\"https:\/\/westcoasttriallawyers.com\/wp-content\/uploads\/2025\/07\/Beverly-Hills.webp\",\"datePublished\":\"2026-01-13T21:18:34+00:00\",\"dateModified\":\"2026-01-23T22:15:08+00:00\",\"breadcrumb\":{\"@id\":\"https:\/\/westcoasttriallawyers.com\/es\/california\/beverly-hills\/abogados-accidentes-autobus-beverly-hills#breadcrumb\"},\"inLanguage\":\"es\",\"potentialAction\":[{\"@type\":\"ReadAction\",\"target\":[\"https:\/\/westcoasttriallawyers.com\/es\/california\/beverly-hills\/abogados-accidentes-autobus-beverly-hills\"]}]},{\"@type\":\"ImageObject\",\"inLanguage\":\"es\",\"@id\":\"https:\/\/westcoasttriallawyers.com\/es\/california\/beverly-hills\/abogados-accidentes-autobus-beverly-hills#primaryimage\",\"url\":\"https:\/\/westcoasttriallawyers.com\/wp-content\/uploads\/2025\/07\/Beverly-Hills.webp\",\"contentUrl\":\"https:\/\/westcoasttriallawyers.com\/wp-content\/uploads\/2025\/07\/Beverly-Hills.webp\",\"width\":442,\"height\":328,\"caption\":\"A shot of\"},{\"@type\":\"BreadcrumbList\",\"@id\":\"https:\/\/westcoasttriallawyers.com\/es\/california\/beverly-hills\/abogados-accidentes-autobus-beverly-hills#breadcrumb\",\"itemListElement\":[{\"@type\":\"ListItem\",\"position\":1,\"name\":\"Inicio\",\"item\":\"https:\/\/westcoasttriallawyers.com\/es\"},{\"@type\":\"ListItem\",\"position\":2,\"name\":\"California\",\"item\":\"https:\/\/westcoasttriallawyers.com\/es\/california\"},{\"@type\":\"ListItem\",\"position\":3,\"name\":\"Beverly Hills\",\"item\":\"https:\/\/westcoasttriallawyers.com\/es\/california\/beverly-hills\"},{\"@type\":\"ListItem\",\"position\":4,\"name\":\"Abogado de accidentes de autob\u00fas de Beverly Hills\u00a0\"}]},{\"@type\":\"WebSite\",\"@id\":\"https:\/\/westcoasttriallawyers.com\/es#website\",\"url\":\"https:\/\/westcoasttriallawyers.com\/es\",\"name\":\"West Coast Trial Lawyers\",\"description\":\"West Coast Trial Lawyers\",\"publisher\":{\"@id\":\"https:\/\/westcoasttriallawyers.com\/es#organization\"},\"alternateName\":\"WCTL\",\"potentialAction\":[{\"@type\":\"SearchAction\",\"target\":{\"@type\":\"EntryPoint\",\"urlTemplate\":\"https:\/\/westcoasttriallawyers.com\/es?s={search_term_string}\"},\"query-input\":{\"@type\":\"PropertyValueSpecification\",\"valueRequired\":true,\"valueName\":\"search_term_string\"}}],\"inLanguage\":\"es\"},{\"@type\":\"Organization\",\"@id\":\"https:\/\/westcoasttriallawyers.com\/es#organization\",\"name\":\"West Coast Trial Lawyers\",\"alternateName\":\"WCTL\",\"url\":\"https:\/\/westcoasttriallawyers.com\/es\",\"logo\":{\"@type\":\"ImageObject\",\"inLanguage\":\"es\",\"@id\":\"https:\/\/westcoasttriallawyers.com\/es#\/schema\/logo\/image\/\",\"url\":\"https:\/\/westcoasttriallawyers.com\/wp-content\/uploads\/2026\/02\/WCTL-Logo.jpg\",\"contentUrl\":\"https:\/\/westcoasttriallawyers.com\/wp-content\/uploads\/2026\/02\/WCTL-Logo.jpg\",\"width\":696,\"height\":696,\"caption\":\"West Coast Trial Lawyers\"},\"image\":{\"@id\":\"https:\/\/westcoasttriallawyers.com\/es#\/schema\/logo\/image\/\"},\"sameAs\":[\"https:\/\/www.facebook.com\/westcoasttriallawyers\/\",\"https:\/\/x.com\/WestCoastTrial\",\"https:\/\/www.linkedin.com\/company\/west-coast-trial-lawyers\/\",\"https:\/\/www.instagram.com\/westcoasttriallawyers\/\",\"https:\/\/www.yelp.com\/biz\/west-coast-trial-lawyers-los-angeles-2\",\"https:\/\/www.pinterest.com\/westcoasttrial\/\",\"https:\/\/www.youtube.com\/westcoasttriallawyersla\/\",\"https:\/\/www.tiktok.com\/westcoasttriallawyers\"],\"description\":\"West Coast Trial Lawyers is a top-rated personal injury law firm with a goal to provide expert legal representation to those in need. The law firm has offices across California, Nevada, Arizona, and Washington.\",\"legalName\":\"West Coast Trial Lawyers\"}]}<\/script>\n<!-- \/ Yoast SEO Premium plugin. -->","yoast_head_json":{"title":"Abogado de accidentes de autob\u00fas de Beverly Hills\u00a0 | West Coast Trial Lawyers","robots":{"index":"index","follow":"follow","max-snippet":"max-snippet:-1","max-image-preview":"max-image-preview:large","max-video-preview":"max-video-preview:-1"},"canonical":"https:\/\/westcoasttriallawyers.com\/es\/california\/beverly-hills\/abogados-accidentes-autobus-beverly-hills","og_locale":"es_ES","og_type":"article","og_title":"Abogado de accidentes de autob\u00fas de Beverly Hills\u00a0","og_description":"C\u00f3mo presentar un reclamo exitoso por accidente de autob\u00fas para obtener la compensaci\u00f3n que merece Los accidentes de autob\u00fas pueden ocurrir en cualquier lugar, incluso en Beverly Hills. En junio de 2019, ocho personas requirieron hospitalizaci\u00f3n luego de sufrir lesiones graves en un accidente de autob\u00fas tur\u00edstico en Beverly Hills. El incidente ocurri\u00f3 en Coldwater [&hellip;]","og_url":"https:\/\/westcoasttriallawyers.com\/es\/california\/beverly-hills\/abogados-accidentes-autobus-beverly-hills","og_site_name":"West Coast Trial Lawyers","article_publisher":"https:\/\/www.facebook.com\/westcoasttriallawyers\/","article_modified_time":"2026-01-23T22:15:08+00:00","og_image":[{"width":442,"height":328,"url":"https:\/\/westcoasttriallawyers.com\/wp-content\/uploads\/2025\/07\/Beverly-Hills-9.webp","type":"image\/webp"}],"twitter_card":"summary_large_image","twitter_site":"@WestCoastTrial","twitter_misc":{"Tiempo de lectura":"6 minutos"},"schema":{"@context":"https:\/\/schema.org","@graph":[{"@type":["WebPage","ItemPage"],"@id":"https:\/\/westcoasttriallawyers.com\/es\/california\/beverly-hills\/abogados-accidentes-autobus-beverly-hills","url":"https:\/\/westcoasttriallawyers.com\/es\/california\/beverly-hills\/abogados-accidentes-autobus-beverly-hills","name":"Abogado de accidentes de autob\u00fas de Beverly Hills\u00a0 | West Coast Trial Lawyers","isPartOf":{"@id":"https:\/\/westcoasttriallawyers.com\/es#website"},"primaryImageOfPage":{"@id":"https:\/\/westcoasttriallawyers.com\/es\/california\/beverly-hills\/abogados-accidentes-autobus-beverly-hills#primaryimage"},"image":{"@id":"https:\/\/westcoasttriallawyers.com\/es\/california\/beverly-hills\/abogados-accidentes-autobus-beverly-hills#primaryimage"},"thumbnailUrl":"https:\/\/westcoasttriallawyers.com\/wp-content\/uploads\/2025\/07\/Beverly-Hills.webp","datePublished":"2026-01-13T21:18:34+00:00","dateModified":"2026-01-23T22:15:08+00:00","breadcrumb":{"@id":"https:\/\/westcoasttriallawyers.com\/es\/california\/beverly-hills\/abogados-accidentes-autobus-beverly-hills#breadcrumb"},"inLanguage":"es","potentialAction":[{"@type":"ReadAction","target":["https:\/\/westcoasttriallawyers.com\/es\/california\/beverly-hills\/abogados-accidentes-autobus-beverly-hills"]}]},{"@type":"ImageObject","inLanguage":"es","@id":"https:\/\/westcoasttriallawyers.com\/es\/california\/beverly-hills\/abogados-accidentes-autobus-beverly-hills#primaryimage","url":"https:\/\/westcoasttriallawyers.com\/wp-content\/uploads\/2025\/07\/Beverly-Hills.webp","contentUrl":"https:\/\/westcoasttriallawyers.com\/wp-content\/uploads\/2025\/07\/Beverly-Hills.webp","width":442,"height":328,"caption":"A shot of"},{"@type":"BreadcrumbList","@id":"https:\/\/westcoasttriallawyers.com\/es\/california\/beverly-hills\/abogados-accidentes-autobus-beverly-hills#breadcrumb","itemListElement":[{"@type":"ListItem","position":1,"name":"Inicio","item":"https:\/\/westcoasttriallawyers.com\/es"},{"@type":"ListItem","position":2,"name":"California","item":"https:\/\/westcoasttriallawyers.com\/es\/california"},{"@type":"ListItem","position":3,"name":"Beverly Hills","item":"https:\/\/westcoasttriallawyers.com\/es\/california\/beverly-hills"},{"@type":"ListItem","position":4,"name":"Abogado de accidentes de autob\u00fas de Beverly Hills\u00a0"}]},{"@type":"WebSite","@id":"https:\/\/westcoasttriallawyers.com\/es#website","url":"https:\/\/westcoasttriallawyers.com\/es","name":"West Coast Trial Lawyers","description":"West Coast Trial Lawyers","publisher":{"@id":"https:\/\/westcoasttriallawyers.com\/es#organization"},"alternateName":"WCTL","potentialAction":[{"@type":"SearchAction","target":{"@type":"EntryPoint","urlTemplate":"https:\/\/westcoasttriallawyers.com\/es?s={search_term_string}"},"query-input":{"@type":"PropertyValueSpecification","valueRequired":true,"valueName":"search_term_string"}}],"inLanguage":"es"},{"@type":"Organization","@id":"https:\/\/westcoasttriallawyers.com\/es#organization","name":"West Coast Trial Lawyers","alternateName":"WCTL","url":"https:\/\/westcoasttriallawyers.com\/es","logo":{"@type":"ImageObject","inLanguage":"es","@id":"https:\/\/westcoasttriallawyers.com\/es#\/schema\/logo\/image\/","url":"https:\/\/westcoasttriallawyers.com\/wp-content\/uploads\/2026\/02\/WCTL-Logo.jpg","contentUrl":"https:\/\/westcoasttriallawyers.com\/wp-content\/uploads\/2026\/02\/WCTL-Logo.jpg","width":696,"height":696,"caption":"West Coast Trial Lawyers"},"image":{"@id":"https:\/\/westcoasttriallawyers.com\/es#\/schema\/logo\/image\/"},"sameAs":["https:\/\/www.facebook.com\/westcoasttriallawyers\/","https:\/\/x.com\/WestCoastTrial","https:\/\/www.linkedin.com\/company\/west-coast-trial-lawyers\/","https:\/\/www.instagram.com\/westcoasttriallawyers\/","https:\/\/www.yelp.com\/biz\/west-coast-trial-lawyers-los-angeles-2","https:\/\/www.pinterest.com\/westcoasttrial\/","https:\/\/www.youtube.com\/westcoasttriallawyersla\/","https:\/\/www.tiktok.com\/westcoasttriallawyers"],"description":"West Coast Trial Lawyers is a top-rated personal injury law firm with a goal to provide expert legal representation to those in need. The law firm has offices across California, Nevada, Arizona, and Washington.","legalName":"West Coast Trial Lawyers"}]}},"_links":{"self":[{"href":"https:\/\/westcoasttriallawyers.com\/es\/wp-json\/wp\/v2\/pages\/13161","targetHints":{"allow":["GET"]}}],"collection":[{"href":"https:\/\/westcoasttriallawyers.com\/es\/wp-json\/wp\/v2\/pages"}],"about":[{"href":"https:\/\/westcoasttriallawyers.com\/es\/wp-json\/wp\/v2\/types\/page"}],"author":[{"embeddable":true,"href":"https:\/\/westcoasttriallawyers.com\/es\/wp-json\/wp\/v2\/users\/470"}],"replies":[{"embeddable":true,"href":"https:\/\/westcoasttriallawyers.com\/es\/wp-json\/wp\/v2\/comments?post=13161"}],"version-history":[{"count":2,"href":"https:\/\/westcoasttriallawyers.com\/es\/wp-json\/wp\/v2\/pages\/13161\/revisions"}],"predecessor-version":[{"id":48178,"href":"https:\/\/westcoasttriallawyers.com\/es\/wp-json\/wp\/v2\/pages\/13161\/revisions\/48178"}],"up":[{"embeddable":true,"href":"https:\/\/westcoasttriallawyers.com\/es\/wp-json\/wp\/v2\/pages\/47324"}],"wp:featuredmedia":[{"embeddable":true,"href":"https:\/\/westcoasttriallawyers.com\/es\/wp-json\/wp\/v2\/media\/27992"}],"wp:attachment":[{"href":"https:\/\/westcoasttriallawyers.com\/es\/wp-json\/wp\/v2\/media?parent=13161"}],"curies":[{"name":"wp","href":"https:\/\/api.w.org\/{rel}","templated":true}]}}