{"id":13159,"date":"2026-01-13T21:18:35","date_gmt":"2026-01-13T21:18:35","guid":{"rendered":"https:\/\/wctl1stg.wpengine.com\/?page_id=13159"},"modified":"2026-01-23T22:14:16","modified_gmt":"2026-01-23T22:14:16","slug":"abogados-accidentes-bicicleta-beverly-hills","status":"publish","type":"page","link":"https:\/\/westcoasttriallawyers.com\/es\/california\/beverly-hills\/abogados-accidentes-bicicleta-beverly-hills","title":{"rendered":"Abogado de accidentes de bicicleta de Beverly Hills\u00a0"},"content":{"rendered":"<h2><strong>Datos que debe saber sobre los accidentes de bicicleta<\/strong><\/h2>\n<p>Con la popularidad de los sistemas de bicicletas compartidas, como Bird y Lime, en Beverly Hills, cada vez es m\u00e1s com\u00fan que los peatones viajen en bicicleta. Sin embargo, cuando se combina con el tr\u00e1fico agresivo de la ciudad y las calles congestionadas, muchos no se dan cuenta del peligro en el que se encuentran.<\/p>\n<p>Seg\u00fan los datos recopilados entre 2007 y 2017, la Oficina de Seguridad del Tr\u00e1fico (OTS, por sus siglas en ingl\u00e9s) consider\u00f3 a Beverly Hills como una de las ciudades m\u00e1s peligrosas para un ciclista en el estado de California. Para poner eso en perspectiva, las lesiones en realidad aumentaron un 40 por ciento con respecto a la d\u00e9cada anterior. En 2019, seg\u00fan los informes, 29 ciclistas resultaron heridos en colisiones en Beverly Hills.<\/p>\n<p>Si result\u00f3 lesionado o sufri\u00f3 p\u00e9rdidas materiales en un accidente de bicicleta, la parte o partes responsables de sus p\u00e9rdidas generalmente tendr\u00e1n que pagar por sus da\u00f1os. El primer paso para recuperar los da\u00f1os que se le deben puede lograrse presentando una demanda por lesiones personales. En West Coast Trial Lawyers, nuestros abogados con experiencia en accidentes de bicicleta en Beverly Hills est\u00e1n disponibles las 24 horas del d\u00eda, los 7 d\u00edas de la semana para brindarle asistencia legal. Con nuestro historial de recuperaci\u00f3n de m\u00e1s de $ 1 mil millones en acuerdos para nuestros clientes, estamos seguros de que obtendremos un buen resultado para su caso.<\/p>\n<p>No dude en comunicarse con nosotros llamando al\u00a0<strong>213-927-3700<\/strong> o enviando un correo electr\u00f3nico a\u00a0<strong>info@westcoasttriallawyers.com<\/strong> para programar una consulta gratuita en nuestro bufete de abogados de lesiones personales de Beverly Hills.<\/p>\n<h2><strong>Datos breves sobre accidentes de bicicleta<\/strong><\/h2>\n<p>Los accidentes de bicicleta son un problema en la ciudad de Beverly Hills y tambi\u00e9n en todo el pa\u00eds. Aqu\u00ed hay algunos datos r\u00e1pidos sobre accidentes de bicicleta seg\u00fan el Instituto de Seguros para la Seguridad en las Carreteras (IIHS):<\/p>\n<ul>\n<li>En 2019, 843 ciclistas murieron en un accidente con veh\u00edculos motorizados.<\/li>\n<li>La mayor\u00eda de las muertes de ciclistas (90 por ciento) fueron de personas mayores de 20 a\u00f1os.<\/li>\n<li>Los hombres estuvieron involucrados en accidentes fatales de bicicleta m\u00e1s que las mujeres.<\/li>\n<li>Alrededor del 62 por ciento de los ciclistas que murieron no usaban cascos.<\/li>\n<li>Se encontr\u00f3 que el 21 por ciento de los ciclistas mayores de 16 a\u00f1os ten\u00edan una concentraci\u00f3n de alcohol en la sangre (BAC) igual o superior al 0.08 por ciento.<\/li>\n<li>El mes con m\u00e1s muertes de ciclistas fue julio (12 por ciento) seguido de agosto (11 por ciento).<\/li>\n<li>Las horas m\u00e1s comunes de muertes de ciclistas ocurrieron de 6:00 p. m. a 9:00 p. m.<\/li>\n<li>El 78 por ciento de los ciclistas murieron en \u00e1reas urbanas, mientras que el 22 por ciento muri\u00f3 en \u00e1reas rurales.<\/li>\n<\/ul>\n<h2><strong>Seguridad y regulaciones para bicicletas en Beverly Hills<\/strong><\/h2>\n<p>A continuaci\u00f3n, nuestros abogados con experiencia en accidentes de bicicleta en Beverly Hills analizar\u00e1n las se\u00f1ales manuales de bicicleta.<\/p>\n<ul>\n<li><strong>Detener\/disminuir la velocidad.\u00a0<\/strong>Esta es una se\u00f1al muy importante que puede ayudar a prevenir un accidente de bicicleta. Para que los conductores sepan que debe reducir la velocidad o detenerse por completo, sostenga el brazo izquierdo hacia abajo y forme un \u00e1ngulo recto con la palma de la mano abierta.<\/li>\n<li><strong>El giro a la izquierda.<\/strong> Cuando necesite girar a la izquierda, estire el brazo izquierdo.<\/li>\n<li><strong>El giro a la derecha.\u00a0<\/strong>Hay dos maneras diferentes de se\u00f1alar un giro a la derecha. La primera opci\u00f3n es crear un \u00e1ngulo recto con el brazo izquierdo. Otra forma de se\u00f1alar un giro a la derecha es extender la mano derecha horizontalmente.<\/li>\n<\/ul>\n<h2><strong>\u00bfD\u00f3nde puedo andar en bicicleta?<\/strong><\/h2>\n<p>En su mayor parte, si conduce a la misma velocidad que el tr\u00e1fico que lo rodea, generalmente se le permite viajar donde quiera. A\u00fan puede tomar un carril si no se mueve a la misma velocidad que el tr\u00e1fico. Sin embargo, debe andar en bicicleta lo m\u00e1s cerca posible del lado derecho de la carretera.<\/p>\n<p>Las excepciones a esta regla son cuando se adelanta, cuando se prepara para girar a la izquierda, para evitar peligros, cuando un carril es demasiado angosto para compartirlo o cuando se acerca a un lugar donde los giros a la derecha est\u00e1n autorizados.<\/p>\n<p>A continuaci\u00f3n, hemos enumerado las \u00e1reas donde puede y no puede andar en bicicleta.<\/p>\n<ul>\n<li><strong>Autopistas.<\/strong> Nunca se permiten bicicletas en una autopista o autopista.<\/li>\n<li><strong>Puentes de peaje.<\/strong> Nunca se permite que las bicicletas crucen un puente de peaje a menos que tengan permiso del Departamento de Transporte de California.<\/li>\n<li><strong>L\u00edneas de bicicleta.<\/strong> Los ciclistas que viajan a velocidades m\u00e1s lentas que el tr\u00e1fico circundante deben usar un carril para bicicletas disponible, excepto cuando rebasan, giran a la izquierda, evitan peligros o se acercan a un lugar donde los giros a la derecha est\u00e1n autorizados.<\/li>\n<li><strong>Aceras.\u00a0<\/strong>Diferentes ciudades y condados determinar\u00e1n si un ciclista puede andar en la acera. Beverly Hills no permite esto, pero otras \u00e1reas vecinas s\u00ed.<\/li>\n<\/ul>\n<h2><strong>Responsabilidad por un accidente de bicicleta<\/strong><\/h2>\n<p>La gran pregunta siempre es, \u00bfqui\u00e9n es responsable de un accidente de bicicleta? La verdad es que depende. Sin embargo, como ocurre con la mayor\u00eda de los reclamos por lesiones personales, la responsabilidad generalmente se reduce a negligencia. En otras palabras, \u00bfla negligencia de qui\u00e9n caus\u00f3 el accidente de bicicleta? Cuando se trata de accidentes de bicicleta, la negligencia es una forma de comportamiento imprudente o imprudente. Numerosas partes pueden ser declaradas culpables de negligencia. Esto incluye conductores, peatones, una ciudad o entidad gubernamental por mantenimiento deficiente de las calles, o incluso un fabricante de bicicletas que dise\u00f1a o produce un producto defectuoso.<\/p>\n<p>Sin embargo, en su mayor parte, generalmente es un conductor el que es declarado culpable de causar un accidente de bicicleta. En otras palabras, si un conductor es negligente y le hace sufrir lesiones como ciclista, ese conductor generalmente ser\u00e1 responsable de las lesiones que le cause, as\u00ed como de los da\u00f1os resultantes.<\/p>\n<p>\u00bfQu\u00e9 significa negligencia del conductor? Algunos ejemplos comunes de negligencia del conductor en relaci\u00f3n con un accidente de bicicleta incluyen:<\/p>\n<ul>\n<li>Desobedecer los l\u00edmites de velocidad<\/li>\n<li>Hacer un giro a la izquierda en un ciclista<\/li>\n<li>No darle a un ciclista tres pies de espacio para maniobrar<\/li>\n<li>Estar bajo la influencia de drogas o alcohol<\/li>\n<li>No prestar atenci\u00f3n a la carretera<\/li>\n<li>Enviar mensajes de texto y conducir<\/li>\n<li>Desobedecer otras leyes o se\u00f1ales de tr\u00e1nsito<\/li>\n<\/ul>\n<p>No es dif\u00edcil ver c\u00f3mo la negligencia del conductor puede causar que un ciclista sufra lesiones graves o incluso la muerte. Un ciclista realmente no es rival para la avalancha de un veh\u00edculo a toda velocidad. El comportamiento negligente detr\u00e1s del volante es inmoral y contrario a la ley. Todos los automovilistas tienen el deber legal de cuidar al operar un veh\u00edculo. Esto significa, como m\u00ednimo, seguir las leyes de tr\u00e1nsito, obedecer las se\u00f1ales de tr\u00e1nsito, no estar bajo la influencia y tener cuidado con los ciclistas. Algunas personas no saben que los ciclistas en realidad tienen los mismos derechos en la carretera que los automovilistas. Esto significa que tienen derecho a las mismas protecciones.<\/p>\n<p>En resumen, un conductor que no tenga un cuidado razonable mientras conduce un veh\u00edculo puede ser considerado responsable de causar un accidente de bicicleta. Si result\u00f3 lesionado en un accidente de bicicleta causado por el comportamiento negligente de un conductor, debe probar que la negligencia fue la causa principal de sus lesiones.<\/p>\n<p>El est\u00e1ndar legal por negligencia en el estado de California considerar\u00e1 los siguientes tres elementos:<\/p>\n<ul>\n<li>El conductor le deb\u00eda al ciclista un deber de cuidado,<\/li>\n<li>El conductor incumpli\u00f3 su deber de diligencia por negligencia, y<\/li>\n<li>La negligencia del conductor fue la causa principal de las lesiones sufridas.<\/li>\n<\/ul>\n<h2><strong>Los abogados litigantes de la costa oeste est\u00e1n aqu\u00ed para ayudar<\/strong><\/h2>\n<p>Si estuvo involucrado en un accidente de autob\u00fas y sufri\u00f3 lesiones como resultado de negligencia o actos deliberados de malicia, tiene derecho a responsabilizar a la parte culpable por sus p\u00e9rdidas. Un abogado de accidentes de bicicleta de Beverly Hills en West Coast Trial Lawyers lo ayudar\u00e1 a recuperar una compensaci\u00f3n por las p\u00e9rdidas que ha sufrido.<\/p>\n<p>Comun\u00edquese con nuestro equipo legal las 24 horas, los 7 d\u00edas de la semana llamando al\u00a0<strong>213-927-3700\u00a0<\/strong>o enviando un correo electr\u00f3nico a\u00a0<a href=\"mailto:info@westcoasttriallawyers.com\"><strong>info@westcoasttriallawyers.com<\/strong><\/a> para programar una consulta gratuita en nuestro bufete de abogados de lesiones personales de Beverly Hills<br \/>\n<!-- WCTL_DEBUG: no shortcode in this_content --><\/p>\n","protected":false},"excerpt":{"rendered":"<p>Datos que debe saber sobre los accidentes de bicicleta Con la popularidad de los sistemas de bicicletas compartidas, como Bird y Lime, en Beverly Hills, cada vez es m\u00e1s com\u00fan que los peatones viajen en bicicleta. Sin embargo, cuando se combina con el tr\u00e1fico agresivo de la ciudad y las calles congestionadas, muchos no se [&hellip;]<\/p>\n","protected":false},"author":470,"featured_media":27992,"parent":47324,"menu_order":440,"comment_status":"closed","ping_status":"closed","template":"","meta":{"inline_featured_image":false,"footnotes":""},"class_list":["post-13159","page","type-page","status-publish","has-post-thumbnail","hentry"],"acf":[],"yoast_head":"<!-- This site is optimized with the Yoast SEO Premium plugin v26.0 (Yoast SEO v26.0) - https:\/\/yoast.com\/wordpress\/plugins\/seo\/ -->\n<title>Abogado de accidentes de bicicleta de Beverly Hills\u00a0 | West Coast Trial Lawyers<\/title>\n<meta name=\"robots\" content=\"index, follow, max-snippet:-1, max-image-preview:large, max-video-preview:-1\" \/>\n<link rel=\"canonical\" href=\"https:\/\/westcoasttriallawyers.com\/es\/california\/beverly-hills\/abogados-accidentes-bicicleta-beverly-hills\" \/>\n<meta property=\"og:locale\" content=\"es_ES\" \/>\n<meta property=\"og:type\" content=\"article\" \/>\n<meta property=\"og:title\" content=\"Abogado de accidentes de bicicleta de Beverly Hills\u00a0\" \/>\n<meta property=\"og:description\" content=\"Datos que debe saber sobre los accidentes de bicicleta Con la popularidad de los sistemas de bicicletas compartidas, como Bird y Lime, en Beverly Hills, cada vez es m\u00e1s com\u00fan que los peatones viajen en bicicleta. Sin embargo, cuando se combina con el tr\u00e1fico agresivo de la ciudad y las calles congestionadas, muchos no se [&hellip;]\" \/>\n<meta property=\"og:url\" content=\"https:\/\/westcoasttriallawyers.com\/es\/california\/beverly-hills\/abogados-accidentes-bicicleta-beverly-hills\" \/>\n<meta property=\"og:site_name\" content=\"West Coast Trial Lawyers\" \/>\n<meta property=\"article:publisher\" content=\"https:\/\/www.facebook.com\/westcoasttriallawyers\/\" \/>\n<meta property=\"article:modified_time\" content=\"2026-01-23T22:14:16+00:00\" \/>\n<meta property=\"og:image\" content=\"https:\/\/westcoasttriallawyers.com\/wp-content\/uploads\/2025\/07\/Beverly-Hills-11.webp\" \/>\n\t<meta property=\"og:image:width\" content=\"442\" \/>\n\t<meta property=\"og:image:height\" content=\"328\" \/>\n\t<meta property=\"og:image:type\" content=\"image\/webp\" \/>\n<meta name=\"twitter:card\" content=\"summary_large_image\" \/>\n<meta name=\"twitter:site\" content=\"@WestCoastTrial\" \/>\n<meta name=\"twitter:label1\" content=\"Tiempo de lectura\" \/>\n\t<meta name=\"twitter:data1\" content=\"7 minutos\" \/>\n<script type=\"application\/ld+json\" class=\"yoast-schema-graph\">{\"@context\":\"https:\/\/schema.org\",\"@graph\":[{\"@type\":[\"WebPage\",\"ItemPage\"],\"@id\":\"https:\/\/westcoasttriallawyers.com\/es\/california\/beverly-hills\/abogados-accidentes-bicicleta-beverly-hills\",\"url\":\"https:\/\/westcoasttriallawyers.com\/es\/california\/beverly-hills\/abogados-accidentes-bicicleta-beverly-hills\",\"name\":\"Abogado de accidentes de bicicleta de Beverly Hills\u00a0 | West Coast Trial Lawyers\",\"isPartOf\":{\"@id\":\"https:\/\/westcoasttriallawyers.com\/es#website\"},\"primaryImageOfPage\":{\"@id\":\"https:\/\/westcoasttriallawyers.com\/es\/california\/beverly-hills\/abogados-accidentes-bicicleta-beverly-hills#primaryimage\"},\"image\":{\"@id\":\"https:\/\/westcoasttriallawyers.com\/es\/california\/beverly-hills\/abogados-accidentes-bicicleta-beverly-hills#primaryimage\"},\"thumbnailUrl\":\"https:\/\/westcoasttriallawyers.com\/wp-content\/uploads\/2025\/07\/Beverly-Hills.webp\",\"datePublished\":\"2026-01-13T21:18:35+00:00\",\"dateModified\":\"2026-01-23T22:14:16+00:00\",\"breadcrumb\":{\"@id\":\"https:\/\/westcoasttriallawyers.com\/es\/california\/beverly-hills\/abogados-accidentes-bicicleta-beverly-hills#breadcrumb\"},\"inLanguage\":\"es\",\"potentialAction\":[{\"@type\":\"ReadAction\",\"target\":[\"https:\/\/westcoasttriallawyers.com\/es\/california\/beverly-hills\/abogados-accidentes-bicicleta-beverly-hills\"]}]},{\"@type\":\"ImageObject\",\"inLanguage\":\"es\",\"@id\":\"https:\/\/westcoasttriallawyers.com\/es\/california\/beverly-hills\/abogados-accidentes-bicicleta-beverly-hills#primaryimage\",\"url\":\"https:\/\/westcoasttriallawyers.com\/wp-content\/uploads\/2025\/07\/Beverly-Hills.webp\",\"contentUrl\":\"https:\/\/westcoasttriallawyers.com\/wp-content\/uploads\/2025\/07\/Beverly-Hills.webp\",\"width\":442,\"height\":328,\"caption\":\"A shot of\"},{\"@type\":\"BreadcrumbList\",\"@id\":\"https:\/\/westcoasttriallawyers.com\/es\/california\/beverly-hills\/abogados-accidentes-bicicleta-beverly-hills#breadcrumb\",\"itemListElement\":[{\"@type\":\"ListItem\",\"position\":1,\"name\":\"Inicio\",\"item\":\"https:\/\/westcoasttriallawyers.com\/es\"},{\"@type\":\"ListItem\",\"position\":2,\"name\":\"California\",\"item\":\"https:\/\/westcoasttriallawyers.com\/es\/california\"},{\"@type\":\"ListItem\",\"position\":3,\"name\":\"Beverly Hills\",\"item\":\"https:\/\/westcoasttriallawyers.com\/es\/california\/beverly-hills\"},{\"@type\":\"ListItem\",\"position\":4,\"name\":\"Abogado de accidentes de bicicleta de Beverly Hills\u00a0\"}]},{\"@type\":\"WebSite\",\"@id\":\"https:\/\/westcoasttriallawyers.com\/es#website\",\"url\":\"https:\/\/westcoasttriallawyers.com\/es\",\"name\":\"West Coast Trial Lawyers\",\"description\":\"West Coast Trial Lawyers\",\"publisher\":{\"@id\":\"https:\/\/westcoasttriallawyers.com\/es#organization\"},\"alternateName\":\"WCTL\",\"potentialAction\":[{\"@type\":\"SearchAction\",\"target\":{\"@type\":\"EntryPoint\",\"urlTemplate\":\"https:\/\/westcoasttriallawyers.com\/es?s={search_term_string}\"},\"query-input\":{\"@type\":\"PropertyValueSpecification\",\"valueRequired\":true,\"valueName\":\"search_term_string\"}}],\"inLanguage\":\"es\"},{\"@type\":\"Organization\",\"@id\":\"https:\/\/westcoasttriallawyers.com\/es#organization\",\"name\":\"West Coast Trial Lawyers\",\"alternateName\":\"WCTL\",\"url\":\"https:\/\/westcoasttriallawyers.com\/es\",\"logo\":{\"@type\":\"ImageObject\",\"inLanguage\":\"es\",\"@id\":\"https:\/\/westcoasttriallawyers.com\/es#\/schema\/logo\/image\/\",\"url\":\"https:\/\/westcoasttriallawyers.com\/wp-content\/uploads\/2026\/02\/WCTL-Logo.jpg\",\"contentUrl\":\"https:\/\/westcoasttriallawyers.com\/wp-content\/uploads\/2026\/02\/WCTL-Logo.jpg\",\"width\":696,\"height\":696,\"caption\":\"West Coast Trial Lawyers\"},\"image\":{\"@id\":\"https:\/\/westcoasttriallawyers.com\/es#\/schema\/logo\/image\/\"},\"sameAs\":[\"https:\/\/www.facebook.com\/westcoasttriallawyers\/\",\"https:\/\/x.com\/WestCoastTrial\",\"https:\/\/www.linkedin.com\/company\/west-coast-trial-lawyers\/\",\"https:\/\/www.instagram.com\/westcoasttriallawyers\/\",\"https:\/\/www.yelp.com\/biz\/west-coast-trial-lawyers-los-angeles-2\",\"https:\/\/www.pinterest.com\/westcoasttrial\/\",\"https:\/\/www.youtube.com\/westcoasttriallawyersla\/\",\"https:\/\/www.tiktok.com\/westcoasttriallawyers\"],\"description\":\"West Coast Trial Lawyers is a top-rated personal injury law firm with a goal to provide expert legal representation to those in need. The law firm has offices across California, Nevada, Arizona, and Washington.\",\"legalName\":\"West Coast Trial Lawyers\"}]}<\/script>\n<!-- \/ Yoast SEO Premium plugin. -->","yoast_head_json":{"title":"Abogado de accidentes de bicicleta de Beverly Hills\u00a0 | West Coast Trial Lawyers","robots":{"index":"index","follow":"follow","max-snippet":"max-snippet:-1","max-image-preview":"max-image-preview:large","max-video-preview":"max-video-preview:-1"},"canonical":"https:\/\/westcoasttriallawyers.com\/es\/california\/beverly-hills\/abogados-accidentes-bicicleta-beverly-hills","og_locale":"es_ES","og_type":"article","og_title":"Abogado de accidentes de bicicleta de Beverly Hills\u00a0","og_description":"Datos que debe saber sobre los accidentes de bicicleta Con la popularidad de los sistemas de bicicletas compartidas, como Bird y Lime, en Beverly Hills, cada vez es m\u00e1s com\u00fan que los peatones viajen en bicicleta. Sin embargo, cuando se combina con el tr\u00e1fico agresivo de la ciudad y las calles congestionadas, muchos no se [&hellip;]","og_url":"https:\/\/westcoasttriallawyers.com\/es\/california\/beverly-hills\/abogados-accidentes-bicicleta-beverly-hills","og_site_name":"West Coast Trial Lawyers","article_publisher":"https:\/\/www.facebook.com\/westcoasttriallawyers\/","article_modified_time":"2026-01-23T22:14:16+00:00","og_image":[{"width":442,"height":328,"url":"https:\/\/westcoasttriallawyers.com\/wp-content\/uploads\/2025\/07\/Beverly-Hills-11.webp","type":"image\/webp"}],"twitter_card":"summary_large_image","twitter_site":"@WestCoastTrial","twitter_misc":{"Tiempo de lectura":"7 minutos"},"schema":{"@context":"https:\/\/schema.org","@graph":[{"@type":["WebPage","ItemPage"],"@id":"https:\/\/westcoasttriallawyers.com\/es\/california\/beverly-hills\/abogados-accidentes-bicicleta-beverly-hills","url":"https:\/\/westcoasttriallawyers.com\/es\/california\/beverly-hills\/abogados-accidentes-bicicleta-beverly-hills","name":"Abogado de accidentes de bicicleta de Beverly Hills\u00a0 | West Coast Trial Lawyers","isPartOf":{"@id":"https:\/\/westcoasttriallawyers.com\/es#website"},"primaryImageOfPage":{"@id":"https:\/\/westcoasttriallawyers.com\/es\/california\/beverly-hills\/abogados-accidentes-bicicleta-beverly-hills#primaryimage"},"image":{"@id":"https:\/\/westcoasttriallawyers.com\/es\/california\/beverly-hills\/abogados-accidentes-bicicleta-beverly-hills#primaryimage"},"thumbnailUrl":"https:\/\/westcoasttriallawyers.com\/wp-content\/uploads\/2025\/07\/Beverly-Hills.webp","datePublished":"2026-01-13T21:18:35+00:00","dateModified":"2026-01-23T22:14:16+00:00","breadcrumb":{"@id":"https:\/\/westcoasttriallawyers.com\/es\/california\/beverly-hills\/abogados-accidentes-bicicleta-beverly-hills#breadcrumb"},"inLanguage":"es","potentialAction":[{"@type":"ReadAction","target":["https:\/\/westcoasttriallawyers.com\/es\/california\/beverly-hills\/abogados-accidentes-bicicleta-beverly-hills"]}]},{"@type":"ImageObject","inLanguage":"es","@id":"https:\/\/westcoasttriallawyers.com\/es\/california\/beverly-hills\/abogados-accidentes-bicicleta-beverly-hills#primaryimage","url":"https:\/\/westcoasttriallawyers.com\/wp-content\/uploads\/2025\/07\/Beverly-Hills.webp","contentUrl":"https:\/\/westcoasttriallawyers.com\/wp-content\/uploads\/2025\/07\/Beverly-Hills.webp","width":442,"height":328,"caption":"A shot of"},{"@type":"BreadcrumbList","@id":"https:\/\/westcoasttriallawyers.com\/es\/california\/beverly-hills\/abogados-accidentes-bicicleta-beverly-hills#breadcrumb","itemListElement":[{"@type":"ListItem","position":1,"name":"Inicio","item":"https:\/\/westcoasttriallawyers.com\/es"},{"@type":"ListItem","position":2,"name":"California","item":"https:\/\/westcoasttriallawyers.com\/es\/california"},{"@type":"ListItem","position":3,"name":"Beverly Hills","item":"https:\/\/westcoasttriallawyers.com\/es\/california\/beverly-hills"},{"@type":"ListItem","position":4,"name":"Abogado de accidentes de bicicleta de Beverly Hills\u00a0"}]},{"@type":"WebSite","@id":"https:\/\/westcoasttriallawyers.com\/es#website","url":"https:\/\/westcoasttriallawyers.com\/es","name":"West Coast Trial Lawyers","description":"West Coast Trial Lawyers","publisher":{"@id":"https:\/\/westcoasttriallawyers.com\/es#organization"},"alternateName":"WCTL","potentialAction":[{"@type":"SearchAction","target":{"@type":"EntryPoint","urlTemplate":"https:\/\/westcoasttriallawyers.com\/es?s={search_term_string}"},"query-input":{"@type":"PropertyValueSpecification","valueRequired":true,"valueName":"search_term_string"}}],"inLanguage":"es"},{"@type":"Organization","@id":"https:\/\/westcoasttriallawyers.com\/es#organization","name":"West Coast Trial Lawyers","alternateName":"WCTL","url":"https:\/\/westcoasttriallawyers.com\/es","logo":{"@type":"ImageObject","inLanguage":"es","@id":"https:\/\/westcoasttriallawyers.com\/es#\/schema\/logo\/image\/","url":"https:\/\/westcoasttriallawyers.com\/wp-content\/uploads\/2026\/02\/WCTL-Logo.jpg","contentUrl":"https:\/\/westcoasttriallawyers.com\/wp-content\/uploads\/2026\/02\/WCTL-Logo.jpg","width":696,"height":696,"caption":"West Coast Trial Lawyers"},"image":{"@id":"https:\/\/westcoasttriallawyers.com\/es#\/schema\/logo\/image\/"},"sameAs":["https:\/\/www.facebook.com\/westcoasttriallawyers\/","https:\/\/x.com\/WestCoastTrial","https:\/\/www.linkedin.com\/company\/west-coast-trial-lawyers\/","https:\/\/www.instagram.com\/westcoasttriallawyers\/","https:\/\/www.yelp.com\/biz\/west-coast-trial-lawyers-los-angeles-2","https:\/\/www.pinterest.com\/westcoasttrial\/","https:\/\/www.youtube.com\/westcoasttriallawyersla\/","https:\/\/www.tiktok.com\/westcoasttriallawyers"],"description":"West Coast Trial Lawyers is a top-rated personal injury law firm with a goal to provide expert legal representation to those in need. The law firm has offices across California, Nevada, Arizona, and Washington.","legalName":"West Coast Trial Lawyers"}]}},"_links":{"self":[{"href":"https:\/\/westcoasttriallawyers.com\/es\/wp-json\/wp\/v2\/pages\/13159","targetHints":{"allow":["GET"]}}],"collection":[{"href":"https:\/\/westcoasttriallawyers.com\/es\/wp-json\/wp\/v2\/pages"}],"about":[{"href":"https:\/\/westcoasttriallawyers.com\/es\/wp-json\/wp\/v2\/types\/page"}],"author":[{"embeddable":true,"href":"https:\/\/westcoasttriallawyers.com\/es\/wp-json\/wp\/v2\/users\/470"}],"replies":[{"embeddable":true,"href":"https:\/\/westcoasttriallawyers.com\/es\/wp-json\/wp\/v2\/comments?post=13159"}],"version-history":[{"count":2,"href":"https:\/\/westcoasttriallawyers.com\/es\/wp-json\/wp\/v2\/pages\/13159\/revisions"}],"predecessor-version":[{"id":48177,"href":"https:\/\/westcoasttriallawyers.com\/es\/wp-json\/wp\/v2\/pages\/13159\/revisions\/48177"}],"up":[{"embeddable":true,"href":"https:\/\/westcoasttriallawyers.com\/es\/wp-json\/wp\/v2\/pages\/47324"}],"wp:featuredmedia":[{"embeddable":true,"href":"https:\/\/westcoasttriallawyers.com\/es\/wp-json\/wp\/v2\/media\/27992"}],"wp:attachment":[{"href":"https:\/\/westcoasttriallawyers.com\/es\/wp-json\/wp\/v2\/media?parent=13159"}],"curies":[{"name":"wp","href":"https:\/\/api.w.org\/{rel}","templated":true}]}}