{"id":13158,"date":"2026-01-13T21:18:50","date_gmt":"2026-01-13T21:18:50","guid":{"rendered":"https:\/\/wctl1stg.wpengine.com\/?page_id=13158"},"modified":"2026-01-20T14:40:51","modified_gmt":"2026-01-20T14:40:51","slug":"abogado-de-accidentes-de-peatones-de-beverly-hills","status":"publish","type":"page","link":"https:\/\/westcoasttriallawyers.com\/es\/california\/beverly-hills\/abogado-de-accidentes-de-peatones-de-beverly-hills","title":{"rendered":"Abogado de accidentes de peatones de Beverly Hills"},"content":{"rendered":"<h2><strong>Nuestros abogados expertos en accidentes de peatones de Beverly Hills analizan los accidentes intencionales de peatones, c\u00f3mo las se\u00f1ales de tr\u00e1nsito pueden afectar la seguridad de los peatones y si el consumo de alcohol puede afectar la responsabilidad de un peat\u00f3n<\/strong><\/h2>\n<p>Solo en 2017, Beverly Hills experiment\u00f3 alrededor de 10 accidentes automovil\u00edsticos a la semana, lo que hizo que la Oficina de Seguridad del Tr\u00e1fico (OTS, por sus siglas en ingl\u00e9s) del estado clasificara a la ciudad entre las ciudades peque\u00f1as de California m\u00e1s peligrosas para quienes caminan, andan en bicicleta y conducen. Entre 2006 y 2017, casi 700 peatones resultaron heridos en choques y 8 murieron.<\/p>\n<p>El condado de Los \u00c1ngeles ha tenido m\u00e1s accidentes de peatones que cualquier otro condado de los Estados Unidos. Beverly Hills es una de las muchas ciudades del condado con intersecciones peligrosas que han resultado en varias muertes de peatones. En 2019, la ciudad supuestamente tuvo 41 peatones heridos. M\u00e1s recientemente, en septiembre de 2021, 4 peatones resultaron heridos por un choque automovil\u00edstico. Incluso despu\u00e9s de que la ciudad intent\u00f3 controlar el volumen y la velocidad del tr\u00e1fico, sus intersecciones siguen clasificadas como una de las intersecciones m\u00e1s peligrosas del condado de Los \u00c1ngeles.<\/p>\n<p>Si ha sufrido lesiones despu\u00e9s de estar involucrado en un accidente de peatones en el \u00e1rea de Beverly Hills, nuestros abogados experimentados en accidentes de peatones de Beverly Hills en West Coast Trial Lawyers est\u00e1n disponibles las 24 horas del d\u00eda, los 7 d\u00edas de la semana para brindarle asistencia legal. Con nuestro historial de recuperaci\u00f3n de m\u00e1s de $1 mil millones en acuerdos para nuestros clientes, estamos seguros de que obtendremos un buen resultado para su caso.<\/p>\n<p>Para programar una consulta gratuita y sin compromiso en nuestro bufete de abogados de lesiones personales de Beverly Hills, comun\u00edquese con nosotros llamando al&nbsp;<strong>213-927-3700<\/strong> o enviando un correo electr\u00f3nico a&nbsp;<a href=\"mailto:info@westcoasttriallawyers.com\"><strong>info@westcoasttriallawyers.com<\/strong><\/a><strong>.&nbsp;<\/strong><\/p>\n<h2><strong>Cuando un peat\u00f3n es golpeado a prop\u00f3sito<\/strong><\/h2>\n<p>Es probable que un conductor enfrente graves consecuencias por atropellar intencionalmente a un peat\u00f3n, incluidos cargos penales. Adem\u00e1s, si un peat\u00f3n muere despu\u00e9s de un accidente peatonal deliberado, es probable que el conductor en cuesti\u00f3n tambi\u00e9n enfrente cargos de homicidio involuntario. Cometer tal acto imprudente puede equivaler a un delito grave y puede resultar en un tiempo significativo en prisi\u00f3n.<\/p>\n<p>Debido a la naturaleza negligente com\u00fan a la mayor\u00eda de los accidentes de peatones, es probable que las v\u00edctimas de accidentes de peatones califiquen para da\u00f1os punitivos. Sin embargo, es necesario que las v\u00edctimas de accidentes de peatones demuestren que el conductor infractor trat\u00f3 de causarles da\u00f1o.<\/p>\n<p>Un conductor que intencionalmente intente causar da\u00f1o a un peat\u00f3n probablemente perder\u00e1 su licencia de conducir. Adem\u00e1s, es probable que a dicho conductor se le proh\u00edba temporalmente conducir y tendr\u00e1 que pasar por muchos pasos para restablecer su licencia.<\/p>\n<p>La posibilidad de que a un conductor se le revoque la licencia es mucho mayor si \u00e9l o ella deliberadamente golpe\u00f3 a un peat\u00f3n o si estaba bajo la influencia de drogas o alcohol cuando ocurri\u00f3 el accidente.<\/p>\n<h2><strong>Sem\u00e1foros Defectuosos y Accidentes de Peatones<\/strong><\/h2>\n<p>Es posible que un peat\u00f3n sufra lesiones causadas por se\u00f1ales de tr\u00e1nsito defectuosas. Si un peat\u00f3n result\u00f3 lesionado en el \u00e1rea de Beverly Hills debido a se\u00f1ales de tr\u00e1nsito defectuosas, lo siguiente es muy importante:<\/p>\n<ul>\n<li>El peat\u00f3n lesionado debe demostrar que la ciudad de Beverly Hills fue negligente, por ejemplo, instalando una se\u00f1al de alto mal colocada y<\/li>\n<li>Ese acto negligente cre\u00f3 la condici\u00f3n peligrosa, que contribuy\u00f3 al accidente peatonal.<\/li>\n<\/ul>\n<p>Sin embargo, si no se puede probar la negligencia, se requerir\u00e1 que un peat\u00f3n demuestre que la ciudad o entidad p\u00fablica ya sab\u00eda o deber\u00eda haber sabido sobre la condici\u00f3n peligrosa, pero no tom\u00f3 medidas razonables para abordarla. \u00bfQu\u00e9 significa acci\u00f3n razonable? Significa reparar las condiciones peligrosas de manera oportuna, pero tambi\u00e9n puede significar, como m\u00ednimo, proporcionar advertencias para que los peatones est\u00e9n al tanto del peligro potencial.<\/p>\n<h2><strong>Ejemplos comunes de sem\u00e1foros defectuosos<\/strong><\/h2>\n<p><strong>Se\u00f1ales de mal funcionamiento.<\/strong> Cuando se trata de se\u00f1ales de tr\u00e1fico que funcionan mal, se requiere que un departamento de transporte brinde advertencias adecuadas para que los automovilistas y peatones est\u00e9n al tanto del mal funcionamiento. Se puede incurrir en responsabilidad por no proporcionar suficiente advertencia a los peatones con respecto a un peligro potencial.<\/p>\n<p><strong>Se\u00f1ales contradictorias.<\/strong> Las ciudades pueden intentar invocar la inmunidad de responsabilidad si un sem\u00e1foro en conflicto hace que alguien sufra un accidente peatonal. Sin embargo, si los sem\u00e1foros no se colocaron correctamente, la inmunidad puede no ser aplicable y una ciudad o entidad p\u00fablica a\u00fan puede ser responsable de las p\u00e9rdidas causadas por su negligencia.<\/p>\n<p><strong>No hay suficiente tiempo para cruzar con seguridad.<\/strong> Otro problema com\u00fan es cuando los sem\u00e1foros no est\u00e1n programados correctamente y no permiten que los peatones tengan tiempo suficiente para cruzar la calle de manera segura. La cantidad de tiempo debe basarse en la distancia necesaria para cruzar de un poste de luz a otro. Por lo tanto, una ciudad puede ser considerada responsable de las lesiones causadas por errores de programaci\u00f3n.<\/p>\n<p><strong>Se\u00f1ales de alto mal colocadas.<\/strong> Una entidad p\u00fablica que coloque una se\u00f1al de pare en un lugar donde no se pueda ver claramente, o no retire ning\u00fan objeto que impida una visi\u00f3n clara de la se\u00f1al de pare, puede ser considerada responsable de los da\u00f1os causados. Una ciudad puede responder afirmando que el peat\u00f3n lesionado sufri\u00f3 lesiones por su propia negligencia y no por la mala ubicaci\u00f3n de la se\u00f1al de alto. Sin embargo, en la mayor\u00eda de los casos, una ciudad puede ser responsable de las lesiones causadas como resultado de una se\u00f1al de alto mal colocada.<\/p>\n<h2><strong>\u00bfEl consumo de alcohol afecta la responsabilidad del peat\u00f3n por un accidente?<\/strong><\/h2>\n<p>Imaginemos que un conductor iba mucho m\u00e1s r\u00e1pido que el l\u00edmite de velocidad indicado y golpea a un peat\u00f3n que ten\u00eda una luz verde y estaba usando un paso de peatones. Lo m\u00e1s probable es que ese conductor sea responsable del accidente porque viol\u00f3 las leyes de tr\u00e1nsito. En este ejemplo, el exceso de velocidad del conductor fue el factor significativo que caus\u00f3 el accidente peatonal.<\/p>\n<p>Sin embargo, un peat\u00f3n tambi\u00e9n puede contribuir a provocar su propio accidente. Por ejemplo, consideremos a un peat\u00f3n que estaba tan intoxicado que tropez\u00f3 en una calle muy transitada y fue atropellado por un autom\u00f3vil, caus\u00e1ndole lesiones graves. En este ejemplo, la intoxicaci\u00f3n del peat\u00f3n significa que \u00e9l o ella incurrir\u00eda en un grado significativo de responsabilidad por el accidente.<\/p>\n<p>Adem\u00e1s, debido a que la intoxicaci\u00f3n del peat\u00f3n fue un factor importante en la causa del accidente, es posible que no tenga derecho a reclamar contra el conductor que lo atropell\u00f3. Sin embargo, si el conductor fue negligente al pasar un sem\u00e1foro en rojo o enviar mensajes de texto mientras conduc\u00eda, la responsabilidad ser\u00eda compartida entre las dos partes. En casos de responsabilidad compartida, un peat\u00f3n a\u00fan puede presentar un reclamo, pero los da\u00f1os disponibles se reducir\u00e1n significativamente en funci\u00f3n de su grado de culpa.<\/p>\n<p>En resumen, tanto los conductores como los peatones deben ser conscientes de su entorno. Los conductores tienen el deber de cuidado para evitar atropellar a los peatones, y los peatones deben hacer todo lo que est\u00e9 a su alcance para cruzar una calle de manera segura. En otras palabras, los conductores y los peatones tienen el deber mutuo de minimizar los comportamientos negligentes que pueden causar da\u00f1o entre ellos.<\/p>\n<h2><strong>Los abogados litigantes de la costa oeste est\u00e1n aqu\u00ed para ayudar<\/strong><\/h2>\n<p>Si ha sufrido lesiones despu\u00e9s de un accidente peatonal en el \u00e1rea de Beverly Hills, tiene derecho a responsabilizar a la parte culpable por sus p\u00e9rdidas. Un abogado de accidentes de peatones de Beverly Hills en West Coast Trial Lawyers lo ayudar\u00e1 a recuperar una compensaci\u00f3n por las p\u00e9rdidas que ha sufrido.<\/p>\n<p>Ll\u00e1menos hoy al&nbsp;<strong>213-927-3700<\/strong> o env\u00ede un correo electr\u00f3nico a&nbsp;<a href=\"mailto:info@westcoasttriallawyers.com\"><strong>info@westcoasttriallawyers.com<\/strong><\/a> para programar una consulta gratuita con nuestro equipo legal experimentado, atento y compasivo.<br \/>\n<!-- WCTL_DEBUG: no shortcode in this_content --><\/p>\n","protected":false},"excerpt":{"rendered":"<p>Nuestros abogados expertos en accidentes de peatones de Beverly Hills analizan los accidentes intencionales de peatones, c\u00f3mo las se\u00f1ales de tr\u00e1nsito pueden afectar la seguridad de los peatones y si el consumo de alcohol puede afectar la responsabilidad de un peat\u00f3n Solo en 2017, Beverly Hills experiment\u00f3 alrededor de 10 accidentes automovil\u00edsticos a la semana, [&hellip;]<\/p>\n","protected":false},"author":475,"featured_media":27992,"parent":47324,"menu_order":0,"comment_status":"closed","ping_status":"closed","template":"","meta":{"inline_featured_image":false,"footnotes":""},"class_list":["post-13158","page","type-page","status-publish","has-post-thumbnail","hentry"],"acf":[],"yoast_head":"<!-- This site is optimized with the Yoast SEO Premium plugin v26.0 (Yoast SEO v26.0) - https:\/\/yoast.com\/wordpress\/plugins\/seo\/ -->\n<title>Abogado de accidentes de peatones de Beverly Hills | West Coast Trial Lawyers<\/title>\n<meta name=\"robots\" content=\"index, follow, max-snippet:-1, max-image-preview:large, max-video-preview:-1\" \/>\n<link rel=\"canonical\" href=\"https:\/\/westcoasttriallawyers.com\/es\/california\/beverly-hills\/abogado-de-accidentes-de-peatones-de-beverly-hills\" \/>\n<meta property=\"og:locale\" content=\"es_ES\" \/>\n<meta property=\"og:type\" content=\"article\" \/>\n<meta property=\"og:title\" content=\"Abogado de accidentes de peatones de Beverly Hills\" \/>\n<meta property=\"og:description\" content=\"Nuestros abogados expertos en accidentes de peatones de Beverly Hills analizan los accidentes intencionales de peatones, c\u00f3mo las se\u00f1ales de tr\u00e1nsito pueden afectar la seguridad de los peatones y si el consumo de alcohol puede afectar la responsabilidad de un peat\u00f3n Solo en 2017, Beverly Hills experiment\u00f3 alrededor de 10 accidentes automovil\u00edsticos a la semana, [&hellip;]\" \/>\n<meta property=\"og:url\" content=\"https:\/\/westcoasttriallawyers.com\/es\/california\/beverly-hills\/abogado-de-accidentes-de-peatones-de-beverly-hills\" \/>\n<meta property=\"og:site_name\" content=\"West Coast Trial Lawyers\" \/>\n<meta property=\"article:publisher\" content=\"https:\/\/www.facebook.com\/westcoasttriallawyers\/\" \/>\n<meta property=\"article:modified_time\" content=\"2026-01-20T14:40:51+00:00\" \/>\n<meta property=\"og:image\" content=\"https:\/\/westcoasttriallawyers.com\/wp-content\/uploads\/2025\/07\/Beverly-Hills-29.webp\" \/>\n\t<meta property=\"og:image:width\" content=\"442\" \/>\n\t<meta property=\"og:image:height\" content=\"328\" \/>\n\t<meta property=\"og:image:type\" content=\"image\/webp\" \/>\n<meta name=\"twitter:card\" content=\"summary_large_image\" \/>\n<meta name=\"twitter:site\" content=\"@WestCoastTrial\" \/>\n<meta name=\"twitter:label1\" content=\"Tiempo de lectura\" \/>\n\t<meta name=\"twitter:data1\" content=\"6 minutos\" \/>\n<script type=\"application\/ld+json\" class=\"yoast-schema-graph\">{\"@context\":\"https:\/\/schema.org\",\"@graph\":[{\"@type\":[\"WebPage\",\"ItemPage\"],\"@id\":\"https:\/\/westcoasttriallawyers.com\/es\/california\/beverly-hills\/abogado-de-accidentes-de-peatones-de-beverly-hills\",\"url\":\"https:\/\/westcoasttriallawyers.com\/es\/california\/beverly-hills\/abogado-de-accidentes-de-peatones-de-beverly-hills\",\"name\":\"Abogado de accidentes de peatones de Beverly Hills | West Coast Trial Lawyers\",\"isPartOf\":{\"@id\":\"https:\/\/westcoasttriallawyers.com\/es#website\"},\"primaryImageOfPage\":{\"@id\":\"https:\/\/westcoasttriallawyers.com\/es\/california\/beverly-hills\/abogado-de-accidentes-de-peatones-de-beverly-hills#primaryimage\"},\"image\":{\"@id\":\"https:\/\/westcoasttriallawyers.com\/es\/california\/beverly-hills\/abogado-de-accidentes-de-peatones-de-beverly-hills#primaryimage\"},\"thumbnailUrl\":\"https:\/\/westcoasttriallawyers.com\/wp-content\/uploads\/2025\/07\/Beverly-Hills.webp\",\"datePublished\":\"2026-01-13T21:18:50+00:00\",\"dateModified\":\"2026-01-20T14:40:51+00:00\",\"breadcrumb\":{\"@id\":\"https:\/\/westcoasttriallawyers.com\/es\/california\/beverly-hills\/abogado-de-accidentes-de-peatones-de-beverly-hills#breadcrumb\"},\"inLanguage\":\"es\",\"potentialAction\":[{\"@type\":\"ReadAction\",\"target\":[\"https:\/\/westcoasttriallawyers.com\/es\/california\/beverly-hills\/abogado-de-accidentes-de-peatones-de-beverly-hills\"]}]},{\"@type\":\"ImageObject\",\"inLanguage\":\"es\",\"@id\":\"https:\/\/westcoasttriallawyers.com\/es\/california\/beverly-hills\/abogado-de-accidentes-de-peatones-de-beverly-hills#primaryimage\",\"url\":\"https:\/\/westcoasttriallawyers.com\/wp-content\/uploads\/2025\/07\/Beverly-Hills.webp\",\"contentUrl\":\"https:\/\/westcoasttriallawyers.com\/wp-content\/uploads\/2025\/07\/Beverly-Hills.webp\",\"width\":442,\"height\":328,\"caption\":\"A shot of\"},{\"@type\":\"BreadcrumbList\",\"@id\":\"https:\/\/westcoasttriallawyers.com\/es\/california\/beverly-hills\/abogado-de-accidentes-de-peatones-de-beverly-hills#breadcrumb\",\"itemListElement\":[{\"@type\":\"ListItem\",\"position\":1,\"name\":\"Inicio\",\"item\":\"https:\/\/westcoasttriallawyers.com\/es\"},{\"@type\":\"ListItem\",\"position\":2,\"name\":\"California\",\"item\":\"https:\/\/westcoasttriallawyers.com\/es\/california\"},{\"@type\":\"ListItem\",\"position\":3,\"name\":\"Beverly Hills\",\"item\":\"https:\/\/westcoasttriallawyers.com\/es\/california\/beverly-hills\"},{\"@type\":\"ListItem\",\"position\":4,\"name\":\"Abogado de accidentes de peatones de Beverly Hills\"}]},{\"@type\":\"WebSite\",\"@id\":\"https:\/\/westcoasttriallawyers.com\/es#website\",\"url\":\"https:\/\/westcoasttriallawyers.com\/es\",\"name\":\"West Coast Trial Lawyers\",\"description\":\"West Coast Trial Lawyers\",\"publisher\":{\"@id\":\"https:\/\/westcoasttriallawyers.com\/es#organization\"},\"alternateName\":\"WCTL\",\"potentialAction\":[{\"@type\":\"SearchAction\",\"target\":{\"@type\":\"EntryPoint\",\"urlTemplate\":\"https:\/\/westcoasttriallawyers.com\/es?s={search_term_string}\"},\"query-input\":{\"@type\":\"PropertyValueSpecification\",\"valueRequired\":true,\"valueName\":\"search_term_string\"}}],\"inLanguage\":\"es\"},{\"@type\":\"Organization\",\"@id\":\"https:\/\/westcoasttriallawyers.com\/es#organization\",\"name\":\"West Coast Trial Lawyers\",\"alternateName\":\"WCTL\",\"url\":\"https:\/\/westcoasttriallawyers.com\/es\",\"logo\":{\"@type\":\"ImageObject\",\"inLanguage\":\"es\",\"@id\":\"https:\/\/westcoasttriallawyers.com\/es#\/schema\/logo\/image\/\",\"url\":\"https:\/\/westcoasttriallawyers.com\/wp-content\/uploads\/2026\/02\/WCTL-Logo.jpg\",\"contentUrl\":\"https:\/\/westcoasttriallawyers.com\/wp-content\/uploads\/2026\/02\/WCTL-Logo.jpg\",\"width\":696,\"height\":696,\"caption\":\"West Coast Trial Lawyers\"},\"image\":{\"@id\":\"https:\/\/westcoasttriallawyers.com\/es#\/schema\/logo\/image\/\"},\"sameAs\":[\"https:\/\/www.facebook.com\/westcoasttriallawyers\/\",\"https:\/\/x.com\/WestCoastTrial\",\"https:\/\/www.linkedin.com\/company\/west-coast-trial-lawyers\/\",\"https:\/\/www.instagram.com\/westcoasttriallawyers\/\",\"https:\/\/www.yelp.com\/biz\/west-coast-trial-lawyers-los-angeles-2\",\"https:\/\/www.pinterest.com\/westcoasttrial\/\",\"https:\/\/www.youtube.com\/westcoasttriallawyersla\/\",\"https:\/\/www.tiktok.com\/westcoasttriallawyers\"],\"description\":\"West Coast Trial Lawyers is a top-rated personal injury law firm with a goal to provide expert legal representation to those in need. The law firm has offices across California, Nevada, Arizona, and Washington.\",\"legalName\":\"West Coast Trial Lawyers\"}]}<\/script>\n<!-- \/ Yoast SEO Premium plugin. -->","yoast_head_json":{"title":"Abogado de accidentes de peatones de Beverly Hills | West Coast Trial Lawyers","robots":{"index":"index","follow":"follow","max-snippet":"max-snippet:-1","max-image-preview":"max-image-preview:large","max-video-preview":"max-video-preview:-1"},"canonical":"https:\/\/westcoasttriallawyers.com\/es\/california\/beverly-hills\/abogado-de-accidentes-de-peatones-de-beverly-hills","og_locale":"es_ES","og_type":"article","og_title":"Abogado de accidentes de peatones de Beverly Hills","og_description":"Nuestros abogados expertos en accidentes de peatones de Beverly Hills analizan los accidentes intencionales de peatones, c\u00f3mo las se\u00f1ales de tr\u00e1nsito pueden afectar la seguridad de los peatones y si el consumo de alcohol puede afectar la responsabilidad de un peat\u00f3n Solo en 2017, Beverly Hills experiment\u00f3 alrededor de 10 accidentes automovil\u00edsticos a la semana, [&hellip;]","og_url":"https:\/\/westcoasttriallawyers.com\/es\/california\/beverly-hills\/abogado-de-accidentes-de-peatones-de-beverly-hills","og_site_name":"West Coast Trial Lawyers","article_publisher":"https:\/\/www.facebook.com\/westcoasttriallawyers\/","article_modified_time":"2026-01-20T14:40:51+00:00","og_image":[{"width":442,"height":328,"url":"https:\/\/westcoasttriallawyers.com\/wp-content\/uploads\/2025\/07\/Beverly-Hills-29.webp","type":"image\/webp"}],"twitter_card":"summary_large_image","twitter_site":"@WestCoastTrial","twitter_misc":{"Tiempo de lectura":"6 minutos"},"schema":{"@context":"https:\/\/schema.org","@graph":[{"@type":["WebPage","ItemPage"],"@id":"https:\/\/westcoasttriallawyers.com\/es\/california\/beverly-hills\/abogado-de-accidentes-de-peatones-de-beverly-hills","url":"https:\/\/westcoasttriallawyers.com\/es\/california\/beverly-hills\/abogado-de-accidentes-de-peatones-de-beverly-hills","name":"Abogado de accidentes de peatones de Beverly Hills | West Coast Trial Lawyers","isPartOf":{"@id":"https:\/\/westcoasttriallawyers.com\/es#website"},"primaryImageOfPage":{"@id":"https:\/\/westcoasttriallawyers.com\/es\/california\/beverly-hills\/abogado-de-accidentes-de-peatones-de-beverly-hills#primaryimage"},"image":{"@id":"https:\/\/westcoasttriallawyers.com\/es\/california\/beverly-hills\/abogado-de-accidentes-de-peatones-de-beverly-hills#primaryimage"},"thumbnailUrl":"https:\/\/westcoasttriallawyers.com\/wp-content\/uploads\/2025\/07\/Beverly-Hills.webp","datePublished":"2026-01-13T21:18:50+00:00","dateModified":"2026-01-20T14:40:51+00:00","breadcrumb":{"@id":"https:\/\/westcoasttriallawyers.com\/es\/california\/beverly-hills\/abogado-de-accidentes-de-peatones-de-beverly-hills#breadcrumb"},"inLanguage":"es","potentialAction":[{"@type":"ReadAction","target":["https:\/\/westcoasttriallawyers.com\/es\/california\/beverly-hills\/abogado-de-accidentes-de-peatones-de-beverly-hills"]}]},{"@type":"ImageObject","inLanguage":"es","@id":"https:\/\/westcoasttriallawyers.com\/es\/california\/beverly-hills\/abogado-de-accidentes-de-peatones-de-beverly-hills#primaryimage","url":"https:\/\/westcoasttriallawyers.com\/wp-content\/uploads\/2025\/07\/Beverly-Hills.webp","contentUrl":"https:\/\/westcoasttriallawyers.com\/wp-content\/uploads\/2025\/07\/Beverly-Hills.webp","width":442,"height":328,"caption":"A shot of"},{"@type":"BreadcrumbList","@id":"https:\/\/westcoasttriallawyers.com\/es\/california\/beverly-hills\/abogado-de-accidentes-de-peatones-de-beverly-hills#breadcrumb","itemListElement":[{"@type":"ListItem","position":1,"name":"Inicio","item":"https:\/\/westcoasttriallawyers.com\/es"},{"@type":"ListItem","position":2,"name":"California","item":"https:\/\/westcoasttriallawyers.com\/es\/california"},{"@type":"ListItem","position":3,"name":"Beverly Hills","item":"https:\/\/westcoasttriallawyers.com\/es\/california\/beverly-hills"},{"@type":"ListItem","position":4,"name":"Abogado de accidentes de peatones de Beverly Hills"}]},{"@type":"WebSite","@id":"https:\/\/westcoasttriallawyers.com\/es#website","url":"https:\/\/westcoasttriallawyers.com\/es","name":"West Coast Trial Lawyers","description":"West Coast Trial Lawyers","publisher":{"@id":"https:\/\/westcoasttriallawyers.com\/es#organization"},"alternateName":"WCTL","potentialAction":[{"@type":"SearchAction","target":{"@type":"EntryPoint","urlTemplate":"https:\/\/westcoasttriallawyers.com\/es?s={search_term_string}"},"query-input":{"@type":"PropertyValueSpecification","valueRequired":true,"valueName":"search_term_string"}}],"inLanguage":"es"},{"@type":"Organization","@id":"https:\/\/westcoasttriallawyers.com\/es#organization","name":"West Coast Trial Lawyers","alternateName":"WCTL","url":"https:\/\/westcoasttriallawyers.com\/es","logo":{"@type":"ImageObject","inLanguage":"es","@id":"https:\/\/westcoasttriallawyers.com\/es#\/schema\/logo\/image\/","url":"https:\/\/westcoasttriallawyers.com\/wp-content\/uploads\/2026\/02\/WCTL-Logo.jpg","contentUrl":"https:\/\/westcoasttriallawyers.com\/wp-content\/uploads\/2026\/02\/WCTL-Logo.jpg","width":696,"height":696,"caption":"West Coast Trial Lawyers"},"image":{"@id":"https:\/\/westcoasttriallawyers.com\/es#\/schema\/logo\/image\/"},"sameAs":["https:\/\/www.facebook.com\/westcoasttriallawyers\/","https:\/\/x.com\/WestCoastTrial","https:\/\/www.linkedin.com\/company\/west-coast-trial-lawyers\/","https:\/\/www.instagram.com\/westcoasttriallawyers\/","https:\/\/www.yelp.com\/biz\/west-coast-trial-lawyers-los-angeles-2","https:\/\/www.pinterest.com\/westcoasttrial\/","https:\/\/www.youtube.com\/westcoasttriallawyersla\/","https:\/\/www.tiktok.com\/westcoasttriallawyers"],"description":"West Coast Trial Lawyers is a top-rated personal injury law firm with a goal to provide expert legal representation to those in need. The law firm has offices across California, Nevada, Arizona, and Washington.","legalName":"West Coast Trial Lawyers"}]}},"_links":{"self":[{"href":"https:\/\/westcoasttriallawyers.com\/es\/wp-json\/wp\/v2\/pages\/13158","targetHints":{"allow":["GET"]}}],"collection":[{"href":"https:\/\/westcoasttriallawyers.com\/es\/wp-json\/wp\/v2\/pages"}],"about":[{"href":"https:\/\/westcoasttriallawyers.com\/es\/wp-json\/wp\/v2\/types\/page"}],"author":[{"embeddable":true,"href":"https:\/\/westcoasttriallawyers.com\/es\/wp-json\/wp\/v2\/users\/475"}],"replies":[{"embeddable":true,"href":"https:\/\/westcoasttriallawyers.com\/es\/wp-json\/wp\/v2\/comments?post=13158"}],"version-history":[{"count":3,"href":"https:\/\/westcoasttriallawyers.com\/es\/wp-json\/wp\/v2\/pages\/13158\/revisions"}],"predecessor-version":[{"id":47555,"href":"https:\/\/westcoasttriallawyers.com\/es\/wp-json\/wp\/v2\/pages\/13158\/revisions\/47555"}],"up":[{"embeddable":true,"href":"https:\/\/westcoasttriallawyers.com\/es\/wp-json\/wp\/v2\/pages\/47324"}],"wp:featuredmedia":[{"embeddable":true,"href":"https:\/\/westcoasttriallawyers.com\/es\/wp-json\/wp\/v2\/media\/27992"}],"wp:attachment":[{"href":"https:\/\/westcoasttriallawyers.com\/es\/wp-json\/wp\/v2\/media?parent=13158"}],"curies":[{"name":"wp","href":"https:\/\/api.w.org\/{rel}","templated":true}]}}