{"id":13154,"date":"2026-01-13T21:18:48","date_gmt":"2026-01-13T21:18:48","guid":{"rendered":"https:\/\/wctl1stg.wpengine.com\/?page_id=13154"},"modified":"2026-01-20T14:35:18","modified_gmt":"2026-01-20T14:35:18","slug":"abogado-de-mordedura-de-perro-de-beverly-hills","status":"publish","type":"page","link":"https:\/\/westcoasttriallawyers.com\/es\/california\/beverly-hills\/abogado-de-mordedura-de-perro-de-beverly-hills","title":{"rendered":"Abogado de mordedura de perro de Beverly Hills\u00a0"},"content":{"rendered":"<h2><strong>Lo que debe saber sobre las leyes de mordedura de perro en Beverly Hills<\/strong><\/h2>\n<p>Las mordeduras de perros son muy graves y pueden causar lesiones emocionalmente traum\u00e1ticas, especialmente cuando hay ni\u00f1os involucrados. La ciudad de Beverly Hills tiene leyes estrictas en lo que respecta a la responsabilidad de los due\u00f1os de perros cuyos animales muerden a alguien. En resumen, siempre que haya sido mordido en un lugar p\u00fablico o mientras se encontraba legalmente en una propiedad privada, el due\u00f1o del perro ser\u00e1 responsable de las lesiones que haya sufrido.<\/p>\n<p>Los Centros para el Control y la Prevenci\u00f3n de Enfermedades (CDC, por sus siglas en ingl\u00e9s) informaron que m\u00e1s de 4,7 millones de personas son mordidas por perros anualmente en los Estados Unidos, lo que resulta en aproximadamente 800 000 lesiones que requieren atenci\u00f3n m\u00e9dica. Adem\u00e1s, las lesiones por mordeduras de perros constituyen del 85 al 90 por ciento de las mordeduras de animales en los EE. UU. y el 1 por ciento de las visitas a la sala de emergencias relacionadas con lesiones.<\/p>\n<p>Si sufri\u00f3 una lesi\u00f3n por mordedura de perro en Beverly Hills, nuestros abogados con experiencia en lesiones por mordedura de perro en Beverly Hills en West Coast Trial Lawyers lo ayudar\u00e1n a obtener la compensaci\u00f3n m\u00e1xima que merece por sus p\u00e9rdidas. Hemos ganado m\u00e1s de 5000 casos de lesiones personales y hemos recuperado m\u00e1s de $1000 millones en acuerdos para nuestros clientes. Debido a nuestros logros, hemos sido reconocidos como uno de los mejores bufetes de abogados de lesiones personales en Beverly Hills.<\/p>\n<p>Para programar una consulta gratuita en nuestro bufete de abogados de lesiones personales de Beverly Hills, cont\u00e1ctenos llamando al&nbsp;<strong>213-927-3700&nbsp;<\/strong>o enviando un correo electr\u00f3nico a&nbsp;<a href=\"mailto:info@westcoasttriallawyers.com\"><strong>info@westcoasttriallawyers.com<\/strong><\/a><strong>.&nbsp;<\/strong><\/p>\n<h2><strong>\u00bfQu\u00e9 pasa si el perro fue provocado?<\/strong><\/h2>\n<p>Esta es una consideraci\u00f3n importante que un abogado de mordeduras de perro de Beverly Hills tendr\u00e1 en cuenta al determinar la responsabilidad despu\u00e9s de una mordedura de perro. La provocaci\u00f3n se puede interpretar de muchas maneras. Algunos ejemplos de provocaci\u00f3n son sencillos, como pinchar o molestar a un perro, o incluso burlarse de \u00e9l desde detr\u00e1s de una cerca.<\/p>\n<p>Los ejemplos anteriores de burlas de perros son todos comportamientos v\u00e1lidos que tienen la intenci\u00f3n de provocar deliberadamente a un perro. Sin embargo, hay muchas acciones que pueden provocar que un perro muerda, que no son tan obvias como los ejemplos anteriores.<\/p>\n<p>En general, cualquier acci\u00f3n que haga que un perro se comporte de forma agresiva puede calificarse como un acto de provocaci\u00f3n. El papel de la provocaci\u00f3n es muy importante porque si se puede probar que provocaste a un perro para que te atacara, no es probable que califiques para ninguna compensaci\u00f3n, incluso si sufriste lesiones graves. Adem\u00e1s, el due\u00f1o del perro no estar\u00e1 sujeto a responsabilidad.<\/p>\n<p>Si sufri\u00f3 una lesi\u00f3n por mordedura de perro y desea presentar un reclamo para la recuperaci\u00f3n de da\u00f1os, debe probar que el perro que lo mordi\u00f3 no fue provocado. Lea a continuaci\u00f3n, ya que discutiremos el est\u00e1ndar de negligencia que se aplica a las mordeduras de perros.<\/p>\n<h2><strong>Responsabilidad estricta en un caso de mordedura de perro<\/strong><\/h2>\n<p>California es un estado de responsabilidad estricta cuando se trata de mordeduras de perros. En otras palabras, los due\u00f1os de perros no pueden evitar la responsabilidad si su perro muerde a alguien, ya sea que supieran o debieran haber sabido que su perro era capaz de comportarse agresivamente en primer lugar. Adem\u00e1s, de acuerdo con la responsabilidad estricta, los due\u00f1os de perros son responsables de cualquier p\u00e9rdida que resulte de que su perro muerda a alguien, ya sea que el perro en cuesti\u00f3n haya mordido previamente a alguien o no.<\/p>\n<p>M\u00e1s del 50 por ciento de las mordeduras de perros ocurren en la propiedad del due\u00f1o del perro y representan un tercio de todas las reclamaciones de responsabilidad civil de seguros de propietarios. Seg\u00fan State Farm, la compa\u00f1\u00eda pag\u00f3 $132 millones como resultado de 3600 reclamos por lesiones relacionadas con perros en 2017.<\/p>\n<p>Si sufri\u00f3 una mordedura de perro en el \u00e1rea de Beverly Hills y desea presentar un reclamo para la recuperaci\u00f3n de da\u00f1os, solo necesita probar que la mordedura ocurri\u00f3 cuando estaba en un lugar p\u00fablico o legalmente en una propiedad privada. Cuando se trata de mordeduras de perros, no se requiere que las v\u00edctimas demuestran que el due\u00f1o del perro fue negligente o no tuvo el cuidado razonable.<\/p>\n<p>Sin embargo, hay algunas excepciones a esto. Incluso si sufri\u00f3 lesiones por mordedura de perro, generalmente no tendr\u00e1 derecho a da\u00f1os cuando:<\/p>\n<ul>\n<li>Estabas invadiendo una propiedad privada.<\/li>\n<li>Deliberadamente provocaste al perro.<\/li>\n<li>El perro estaba protegiendo a su due\u00f1o o a otra persona de acuerdo con las leyes de autodefensa de California.<\/li>\n<li>El perro particip\u00f3 activamente en el trabajo militar o policial.<\/li>\n<\/ul>\n<h2><strong>Compensaci\u00f3n en un reclamo por mordedura de perro en Beverly Hills<\/strong><\/h2>\n<p>Las v\u00edctimas de mordeduras de perros en California generalmente tienen derecho a una compensaci\u00f3n por las p\u00e9rdidas sufridas despu\u00e9s del ataque de un perro. Los da\u00f1os compensatorios pueden incluir da\u00f1os econ\u00f3micos y no econ\u00f3micos, como los siguientes:<\/p>\n<ul>\n<li>Estr\u00e9s emocional<\/li>\n<li>Salarios perdidos<\/li>\n<li>P\u00e9rdida de propiedad<\/li>\n<li>Facturas m\u00e9dicas<\/li>\n<li>Terapia f\u00edsica\/vocacional<\/li>\n<li>Asesoramiento psicol\u00f3gico<\/li>\n<li>Capacidad de ganancia p\u00e9rdida<\/li>\n<li>Cicatrizaci\u00f3n<\/li>\n<li>P\u00e9rdida de extremidades<\/li>\n<\/ul>\n<h2><strong>\u00bfCu\u00e1nto tiempo tengo para presentar un reclamo por mordedura de perro?<\/strong><\/h2>\n<p>Los reclamos por mordeduras de perros se presentan como reclamos por lesiones personales. Todos los estados tienen un estatuto de limitaciones, que limita el tiempo que tiene una v\u00edctima de mordedura de perro para presentar una demanda por lesiones personales. El estatuto de limitaci\u00f3n de California en un caso de lesiones personales es de dos a\u00f1os.<\/p>\n<p>Si result\u00f3 herido en un ataque de perro, tiene exactamente dos a\u00f1os a partir de la fecha inicial del incidente de mordedura de perro para preservar sus derechos y presentar un reclamo ante el tribunal para la recuperaci\u00f3n de da\u00f1os.<\/p>\n<h2><strong>Leyes y reglamentos del parque para perros de Beverly Hills<\/strong><\/h2>\n<p>Mucha gente en realidad no sabe que los cachorros, principalmente los que tienen menos de cuatro meses, no est\u00e1n permitidos en los parques para perros. Esto es para proteger a los cachorros de contraer enfermedades vacunables. Se sugiere traer un cachorro al parque una vez que tenga al menos 17 semanas de edad y haya recibido todas las vacunas necesarias para protegerlo de enfermedades.<\/p>\n<p>A continuaci\u00f3n se muestra una lista de otras leyes adicionales sobre parques para perros:<\/p>\n<ul>\n<li>No se permiten alimentos, golosinas para perros ni bebidas alcoh\u00f3licas.<\/li>\n<li>Nunca se permiten perras en etapa de celo (LAMC 53.29).<\/li>\n<li>Los perros deben ir atados en todo momento (LAM. 53.06.2).<\/li>\n<li>La defecaci\u00f3n debe eliminarse inmediatamente (LAMC 53.49).<\/li>\n<li>Los perros de cuatro meses de edad y mayores deben estar vacunados y tener licencia. (LAMC 53.21, 53.51 y 53.28) Todos los perros tambi\u00e9n deben usar placas y collares.<\/li>\n<li>No se permiten perros violentos (LAMC 53.34).<\/li>\n<li>Los perros deben estar esterilizados o castrados (LAMC 53.15.2).<\/li>\n<li>Si ocurre una mordedura de perro, el due\u00f1o del perro debe intercambiar informaci\u00f3n de contacto con el due\u00f1o del perro herido (LAMC 53.29, 53.38).<\/li>\n<li>Los perros no pueden dejarse desatendidos dentro de un veh\u00edculo (LAMC 53.10 y 53.12).<\/li>\n<li>No se permite el alcohol (LAMC 41.27).<\/li>\n<li>Los perros que padecen una enfermedad contagiosa no est\u00e1n permitidos en el parque (LAMC 53.30).<\/li>\n<\/ul>\n<h2><strong>Los abogados litigantes de la costa oeste siempre est\u00e1n aqu\u00ed para ayudar<\/strong><\/h2>\n<p>Si sufri\u00f3 una lesi\u00f3n por mordedura de perro en el \u00e1rea de Beverly Hills como resultado de la negligencia de alguien o actos deliberados de malicia, tiene derecho a responsabilizar a la parte culpable por sus p\u00e9rdidas. Un abogado de lesiones por mordedura de perro de Beverly Hills en West Coast Trial Lawyers lo ayudar\u00e1 a recuperar una compensaci\u00f3n por las p\u00e9rdidas que ha sufrido.<\/p>\n<p>Ll\u00e1menos hoy al&nbsp;<strong>213-927-3700<\/strong> o env\u00ede un correo electr\u00f3nico a&nbsp;<a href=\"mailto:info@westcoasttriallawyers.com\"><strong>info@westcoasttriallawyers.com<\/strong><\/a> para programar una consulta gratuita con nuestro equipo legal experimentado, atento y compasivo.<br \/>\n<!-- WCTL_DEBUG: no shortcode in this_content --><\/p>\n","protected":false},"excerpt":{"rendered":"<p>Lo que debe saber sobre las leyes de mordedura de perro en Beverly Hills Las mordeduras de perros son muy graves y pueden causar lesiones emocionalmente traum\u00e1ticas, especialmente cuando hay ni\u00f1os involucrados. La ciudad de Beverly Hills tiene leyes estrictas en lo que respecta a la responsabilidad de los due\u00f1os de perros cuyos animales muerden [&hellip;]<\/p>\n","protected":false},"author":475,"featured_media":27992,"parent":47324,"menu_order":0,"comment_status":"closed","ping_status":"closed","template":"","meta":{"inline_featured_image":false,"footnotes":""},"class_list":["post-13154","page","type-page","status-publish","has-post-thumbnail","hentry"],"acf":[],"yoast_head":"<!-- This site is optimized with the Yoast SEO Premium plugin v26.0 (Yoast SEO v26.0) - https:\/\/yoast.com\/wordpress\/plugins\/seo\/ -->\n<title>Abogado de mordedura de perro de Beverly Hills\u00a0 | West Coast Trial Lawyers<\/title>\n<meta name=\"robots\" content=\"index, follow, max-snippet:-1, max-image-preview:large, max-video-preview:-1\" \/>\n<link rel=\"canonical\" href=\"https:\/\/westcoasttriallawyers.com\/es\/california\/beverly-hills\/abogado-de-mordedura-de-perro-de-beverly-hills\" \/>\n<meta property=\"og:locale\" content=\"es_ES\" \/>\n<meta property=\"og:type\" content=\"article\" \/>\n<meta property=\"og:title\" content=\"Abogado de mordedura de perro de Beverly Hills\u00a0\" \/>\n<meta property=\"og:description\" content=\"Lo que debe saber sobre las leyes de mordedura de perro en Beverly Hills Las mordeduras de perros son muy graves y pueden causar lesiones emocionalmente traum\u00e1ticas, especialmente cuando hay ni\u00f1os involucrados. La ciudad de Beverly Hills tiene leyes estrictas en lo que respecta a la responsabilidad de los due\u00f1os de perros cuyos animales muerden [&hellip;]\" \/>\n<meta property=\"og:url\" content=\"https:\/\/westcoasttriallawyers.com\/es\/california\/beverly-hills\/abogado-de-mordedura-de-perro-de-beverly-hills\" \/>\n<meta property=\"og:site_name\" content=\"West Coast Trial Lawyers\" \/>\n<meta property=\"article:publisher\" content=\"https:\/\/www.facebook.com\/westcoasttriallawyers\/\" \/>\n<meta property=\"article:modified_time\" content=\"2026-01-20T14:35:18+00:00\" \/>\n<meta property=\"og:image\" content=\"https:\/\/westcoasttriallawyers.com\/wp-content\/uploads\/2025\/07\/Beverly-Hills-25.webp\" \/>\n\t<meta property=\"og:image:width\" content=\"442\" \/>\n\t<meta property=\"og:image:height\" content=\"328\" \/>\n\t<meta property=\"og:image:type\" content=\"image\/webp\" \/>\n<meta name=\"twitter:card\" content=\"summary_large_image\" \/>\n<meta name=\"twitter:site\" content=\"@WestCoastTrial\" \/>\n<meta name=\"twitter:label1\" content=\"Tiempo de lectura\" \/>\n\t<meta name=\"twitter:data1\" content=\"10 minutos\" \/>\n<script type=\"application\/ld+json\" class=\"yoast-schema-graph\">{\"@context\":\"https:\/\/schema.org\",\"@graph\":[{\"@type\":[\"WebPage\",\"ItemPage\"],\"@id\":\"https:\/\/westcoasttriallawyers.com\/es\/california\/beverly-hills\/abogado-de-mordedura-de-perro-de-beverly-hills\",\"url\":\"https:\/\/westcoasttriallawyers.com\/es\/california\/beverly-hills\/abogado-de-mordedura-de-perro-de-beverly-hills\",\"name\":\"Abogado de mordedura de perro de Beverly Hills\u00a0 | West Coast Trial Lawyers\",\"isPartOf\":{\"@id\":\"https:\/\/westcoasttriallawyers.com\/es#website\"},\"primaryImageOfPage\":{\"@id\":\"https:\/\/westcoasttriallawyers.com\/es\/california\/beverly-hills\/abogado-de-mordedura-de-perro-de-beverly-hills#primaryimage\"},\"image\":{\"@id\":\"https:\/\/westcoasttriallawyers.com\/es\/california\/beverly-hills\/abogado-de-mordedura-de-perro-de-beverly-hills#primaryimage\"},\"thumbnailUrl\":\"https:\/\/westcoasttriallawyers.com\/wp-content\/uploads\/2025\/07\/Beverly-Hills.webp\",\"datePublished\":\"2026-01-13T21:18:48+00:00\",\"dateModified\":\"2026-01-20T14:35:18+00:00\",\"breadcrumb\":{\"@id\":\"https:\/\/westcoasttriallawyers.com\/es\/california\/beverly-hills\/abogado-de-mordedura-de-perro-de-beverly-hills#breadcrumb\"},\"inLanguage\":\"es\",\"potentialAction\":[{\"@type\":\"ReadAction\",\"target\":[\"https:\/\/westcoasttriallawyers.com\/es\/california\/beverly-hills\/abogado-de-mordedura-de-perro-de-beverly-hills\"]}]},{\"@type\":\"ImageObject\",\"inLanguage\":\"es\",\"@id\":\"https:\/\/westcoasttriallawyers.com\/es\/california\/beverly-hills\/abogado-de-mordedura-de-perro-de-beverly-hills#primaryimage\",\"url\":\"https:\/\/westcoasttriallawyers.com\/wp-content\/uploads\/2025\/07\/Beverly-Hills.webp\",\"contentUrl\":\"https:\/\/westcoasttriallawyers.com\/wp-content\/uploads\/2025\/07\/Beverly-Hills.webp\",\"width\":442,\"height\":328,\"caption\":\"A shot of\"},{\"@type\":\"BreadcrumbList\",\"@id\":\"https:\/\/westcoasttriallawyers.com\/es\/california\/beverly-hills\/abogado-de-mordedura-de-perro-de-beverly-hills#breadcrumb\",\"itemListElement\":[{\"@type\":\"ListItem\",\"position\":1,\"name\":\"Inicio\",\"item\":\"https:\/\/westcoasttriallawyers.com\/es\"},{\"@type\":\"ListItem\",\"position\":2,\"name\":\"California\",\"item\":\"https:\/\/westcoasttriallawyers.com\/es\/california\"},{\"@type\":\"ListItem\",\"position\":3,\"name\":\"Beverly Hills\",\"item\":\"https:\/\/westcoasttriallawyers.com\/es\/california\/beverly-hills\"},{\"@type\":\"ListItem\",\"position\":4,\"name\":\"Abogado de mordedura de perro de Beverly Hills\u00a0\"}]},{\"@type\":\"WebSite\",\"@id\":\"https:\/\/westcoasttriallawyers.com\/es#website\",\"url\":\"https:\/\/westcoasttriallawyers.com\/es\",\"name\":\"West Coast Trial Lawyers\",\"description\":\"West Coast Trial Lawyers\",\"publisher\":{\"@id\":\"https:\/\/westcoasttriallawyers.com\/es#organization\"},\"alternateName\":\"WCTL\",\"potentialAction\":[{\"@type\":\"SearchAction\",\"target\":{\"@type\":\"EntryPoint\",\"urlTemplate\":\"https:\/\/westcoasttriallawyers.com\/es?s={search_term_string}\"},\"query-input\":{\"@type\":\"PropertyValueSpecification\",\"valueRequired\":true,\"valueName\":\"search_term_string\"}}],\"inLanguage\":\"es\"},{\"@type\":\"Organization\",\"@id\":\"https:\/\/westcoasttriallawyers.com\/es#organization\",\"name\":\"West Coast Trial Lawyers\",\"alternateName\":\"WCTL\",\"url\":\"https:\/\/westcoasttriallawyers.com\/es\",\"logo\":{\"@type\":\"ImageObject\",\"inLanguage\":\"es\",\"@id\":\"https:\/\/westcoasttriallawyers.com\/es#\/schema\/logo\/image\/\",\"url\":\"https:\/\/westcoasttriallawyers.com\/wp-content\/uploads\/2026\/02\/WCTL-Logo.jpg\",\"contentUrl\":\"https:\/\/westcoasttriallawyers.com\/wp-content\/uploads\/2026\/02\/WCTL-Logo.jpg\",\"width\":696,\"height\":696,\"caption\":\"West Coast Trial Lawyers\"},\"image\":{\"@id\":\"https:\/\/westcoasttriallawyers.com\/es#\/schema\/logo\/image\/\"},\"sameAs\":[\"https:\/\/www.facebook.com\/westcoasttriallawyers\/\",\"https:\/\/x.com\/WestCoastTrial\",\"https:\/\/www.linkedin.com\/company\/west-coast-trial-lawyers\/\",\"https:\/\/www.instagram.com\/westcoasttriallawyers\/\",\"https:\/\/www.yelp.com\/biz\/west-coast-trial-lawyers-los-angeles-2\",\"https:\/\/www.pinterest.com\/westcoasttrial\/\",\"https:\/\/www.youtube.com\/westcoasttriallawyersla\/\",\"https:\/\/www.tiktok.com\/westcoasttriallawyers\"],\"description\":\"West Coast Trial Lawyers is a top-rated personal injury law firm with a goal to provide expert legal representation to those in need. The law firm has offices across California, Nevada, Arizona, and Washington.\",\"legalName\":\"West Coast Trial Lawyers\"}]}<\/script>\n<!-- \/ Yoast SEO Premium plugin. -->","yoast_head_json":{"title":"Abogado de mordedura de perro de Beverly Hills\u00a0 | West Coast Trial Lawyers","robots":{"index":"index","follow":"follow","max-snippet":"max-snippet:-1","max-image-preview":"max-image-preview:large","max-video-preview":"max-video-preview:-1"},"canonical":"https:\/\/westcoasttriallawyers.com\/es\/california\/beverly-hills\/abogado-de-mordedura-de-perro-de-beverly-hills","og_locale":"es_ES","og_type":"article","og_title":"Abogado de mordedura de perro de Beverly Hills\u00a0","og_description":"Lo que debe saber sobre las leyes de mordedura de perro en Beverly Hills Las mordeduras de perros son muy graves y pueden causar lesiones emocionalmente traum\u00e1ticas, especialmente cuando hay ni\u00f1os involucrados. La ciudad de Beverly Hills tiene leyes estrictas en lo que respecta a la responsabilidad de los due\u00f1os de perros cuyos animales muerden [&hellip;]","og_url":"https:\/\/westcoasttriallawyers.com\/es\/california\/beverly-hills\/abogado-de-mordedura-de-perro-de-beverly-hills","og_site_name":"West Coast Trial Lawyers","article_publisher":"https:\/\/www.facebook.com\/westcoasttriallawyers\/","article_modified_time":"2026-01-20T14:35:18+00:00","og_image":[{"width":442,"height":328,"url":"https:\/\/westcoasttriallawyers.com\/wp-content\/uploads\/2025\/07\/Beverly-Hills-25.webp","type":"image\/webp"}],"twitter_card":"summary_large_image","twitter_site":"@WestCoastTrial","twitter_misc":{"Tiempo de lectura":"10 minutos"},"schema":{"@context":"https:\/\/schema.org","@graph":[{"@type":["WebPage","ItemPage"],"@id":"https:\/\/westcoasttriallawyers.com\/es\/california\/beverly-hills\/abogado-de-mordedura-de-perro-de-beverly-hills","url":"https:\/\/westcoasttriallawyers.com\/es\/california\/beverly-hills\/abogado-de-mordedura-de-perro-de-beverly-hills","name":"Abogado de mordedura de perro de Beverly Hills\u00a0 | West Coast Trial Lawyers","isPartOf":{"@id":"https:\/\/westcoasttriallawyers.com\/es#website"},"primaryImageOfPage":{"@id":"https:\/\/westcoasttriallawyers.com\/es\/california\/beverly-hills\/abogado-de-mordedura-de-perro-de-beverly-hills#primaryimage"},"image":{"@id":"https:\/\/westcoasttriallawyers.com\/es\/california\/beverly-hills\/abogado-de-mordedura-de-perro-de-beverly-hills#primaryimage"},"thumbnailUrl":"https:\/\/westcoasttriallawyers.com\/wp-content\/uploads\/2025\/07\/Beverly-Hills.webp","datePublished":"2026-01-13T21:18:48+00:00","dateModified":"2026-01-20T14:35:18+00:00","breadcrumb":{"@id":"https:\/\/westcoasttriallawyers.com\/es\/california\/beverly-hills\/abogado-de-mordedura-de-perro-de-beverly-hills#breadcrumb"},"inLanguage":"es","potentialAction":[{"@type":"ReadAction","target":["https:\/\/westcoasttriallawyers.com\/es\/california\/beverly-hills\/abogado-de-mordedura-de-perro-de-beverly-hills"]}]},{"@type":"ImageObject","inLanguage":"es","@id":"https:\/\/westcoasttriallawyers.com\/es\/california\/beverly-hills\/abogado-de-mordedura-de-perro-de-beverly-hills#primaryimage","url":"https:\/\/westcoasttriallawyers.com\/wp-content\/uploads\/2025\/07\/Beverly-Hills.webp","contentUrl":"https:\/\/westcoasttriallawyers.com\/wp-content\/uploads\/2025\/07\/Beverly-Hills.webp","width":442,"height":328,"caption":"A shot of"},{"@type":"BreadcrumbList","@id":"https:\/\/westcoasttriallawyers.com\/es\/california\/beverly-hills\/abogado-de-mordedura-de-perro-de-beverly-hills#breadcrumb","itemListElement":[{"@type":"ListItem","position":1,"name":"Inicio","item":"https:\/\/westcoasttriallawyers.com\/es"},{"@type":"ListItem","position":2,"name":"California","item":"https:\/\/westcoasttriallawyers.com\/es\/california"},{"@type":"ListItem","position":3,"name":"Beverly Hills","item":"https:\/\/westcoasttriallawyers.com\/es\/california\/beverly-hills"},{"@type":"ListItem","position":4,"name":"Abogado de mordedura de perro de Beverly Hills\u00a0"}]},{"@type":"WebSite","@id":"https:\/\/westcoasttriallawyers.com\/es#website","url":"https:\/\/westcoasttriallawyers.com\/es","name":"West Coast Trial Lawyers","description":"West Coast Trial Lawyers","publisher":{"@id":"https:\/\/westcoasttriallawyers.com\/es#organization"},"alternateName":"WCTL","potentialAction":[{"@type":"SearchAction","target":{"@type":"EntryPoint","urlTemplate":"https:\/\/westcoasttriallawyers.com\/es?s={search_term_string}"},"query-input":{"@type":"PropertyValueSpecification","valueRequired":true,"valueName":"search_term_string"}}],"inLanguage":"es"},{"@type":"Organization","@id":"https:\/\/westcoasttriallawyers.com\/es#organization","name":"West Coast Trial Lawyers","alternateName":"WCTL","url":"https:\/\/westcoasttriallawyers.com\/es","logo":{"@type":"ImageObject","inLanguage":"es","@id":"https:\/\/westcoasttriallawyers.com\/es#\/schema\/logo\/image\/","url":"https:\/\/westcoasttriallawyers.com\/wp-content\/uploads\/2026\/02\/WCTL-Logo.jpg","contentUrl":"https:\/\/westcoasttriallawyers.com\/wp-content\/uploads\/2026\/02\/WCTL-Logo.jpg","width":696,"height":696,"caption":"West Coast Trial Lawyers"},"image":{"@id":"https:\/\/westcoasttriallawyers.com\/es#\/schema\/logo\/image\/"},"sameAs":["https:\/\/www.facebook.com\/westcoasttriallawyers\/","https:\/\/x.com\/WestCoastTrial","https:\/\/www.linkedin.com\/company\/west-coast-trial-lawyers\/","https:\/\/www.instagram.com\/westcoasttriallawyers\/","https:\/\/www.yelp.com\/biz\/west-coast-trial-lawyers-los-angeles-2","https:\/\/www.pinterest.com\/westcoasttrial\/","https:\/\/www.youtube.com\/westcoasttriallawyersla\/","https:\/\/www.tiktok.com\/westcoasttriallawyers"],"description":"West Coast Trial Lawyers is a top-rated personal injury law firm with a goal to provide expert legal representation to those in need. The law firm has offices across California, Nevada, Arizona, and Washington.","legalName":"West Coast Trial Lawyers"}]}},"_links":{"self":[{"href":"https:\/\/westcoasttriallawyers.com\/es\/wp-json\/wp\/v2\/pages\/13154","targetHints":{"allow":["GET"]}}],"collection":[{"href":"https:\/\/westcoasttriallawyers.com\/es\/wp-json\/wp\/v2\/pages"}],"about":[{"href":"https:\/\/westcoasttriallawyers.com\/es\/wp-json\/wp\/v2\/types\/page"}],"author":[{"embeddable":true,"href":"https:\/\/westcoasttriallawyers.com\/es\/wp-json\/wp\/v2\/users\/475"}],"replies":[{"embeddable":true,"href":"https:\/\/westcoasttriallawyers.com\/es\/wp-json\/wp\/v2\/comments?post=13154"}],"version-history":[{"count":4,"href":"https:\/\/westcoasttriallawyers.com\/es\/wp-json\/wp\/v2\/pages\/13154\/revisions"}],"predecessor-version":[{"id":47549,"href":"https:\/\/westcoasttriallawyers.com\/es\/wp-json\/wp\/v2\/pages\/13154\/revisions\/47549"}],"up":[{"embeddable":true,"href":"https:\/\/westcoasttriallawyers.com\/es\/wp-json\/wp\/v2\/pages\/47324"}],"wp:featuredmedia":[{"embeddable":true,"href":"https:\/\/westcoasttriallawyers.com\/es\/wp-json\/wp\/v2\/media\/27992"}],"wp:attachment":[{"href":"https:\/\/westcoasttriallawyers.com\/es\/wp-json\/wp\/v2\/media?parent=13154"}],"curies":[{"name":"wp","href":"https:\/\/api.w.org\/{rel}","templated":true}]}}