{"id":13152,"date":"2026-01-13T21:18:30","date_gmt":"2026-01-13T21:18:30","guid":{"rendered":"https:\/\/wctl1stg.wpengine.com\/?page_id=13152"},"modified":"2026-01-23T22:32:14","modified_gmt":"2026-01-23T22:32:14","slug":"abogados-accidentes-motocicleta-beverly-hills","status":"publish","type":"page","link":"https:\/\/westcoasttriallawyers.com\/es\/california\/beverly-hills\/abogados-accidentes-motocicleta-beverly-hills","title":{"rendered":"Abogado de Accidentes de Motocicleta en Beverly Hills\u00a0"},"content":{"rendered":"<h2><strong>Aqu\u00ed hay informaci\u00f3n legal importante que debe saber sobre accidentes de motocicleta<\/strong><\/h2>\n<p>Beverly Hills ha demostrado ser un lugar muy peligroso para un motociclista. En marzo de 2019, un motociclista fue declarado muerto en la escena de una intersecci\u00f3n de Santa Monica Boulevard y Hillcrest Road luego de sufrir un accidente de motocicleta. Este no fue el \u00fanico accidente fatal de motocicleta en el \u00e1rea, ya que otros dos motociclistas perdieron la vida el a\u00f1o anterior luego de ser interceptados por un conductor negligente. En 2019, seg\u00fan los informes, 18 motociclistas resultaron heridos en colisiones en Beverly Hills.<\/p>\n<p>Debido a la negligencia del conductor y la falta de protecci\u00f3n, los motociclistas siempre ser\u00e1n susceptibles a lesiones m\u00e1s graves y p\u00e9rdidas de propiedad que las v\u00edctimas de accidentes automovil\u00edsticos. Como resultado de sus lesiones, las v\u00edctimas de accidentes de motocicleta a menudo deben lidiar con costosas facturas m\u00e9dicas, p\u00e9rdida de ingresos, dolor f\u00edsico y trastorno de estr\u00e9s postraum\u00e1tico. La recuperaci\u00f3n de un accidente de motocicleta es generalmente un proceso largo.<\/p>\n<p>Los accidentes de motocicleta pueden ser causados \u200b\u200bpor muchas circunstancias, tales como:<\/p>\n<ul>\n<li>Colisiones con un bordillo, letreros de calles o postes de luz<\/li>\n<li>negligencia del conductor<\/li>\n<li>Los autos se paran repentinamente frente a un motociclista<\/li>\n<li>Mal funcionamiento de la motocicleta<\/li>\n<li>Inclemencias del tiempo<\/li>\n<li>Veh\u00edculos que se incorporan imprudentemente al carril de un motociclista<\/li>\n<li>Seguir de cerca<\/li>\n<li>Condiciones peligrosas de la carretera<\/li>\n<\/ul>\n<p>Si estuvo involucrado en un accidente de motocicleta y desea emprender acciones legales contra la parte culpable, nuestros abogados experimentados en accidentes de motocicleta de Beverly Hills en West Coast Trial Lawyers est\u00e1n disponibles las 24 horas del d\u00eda, los 7 d\u00edas de la semana para brindarle asistencia legal. Con nuestro historial de ganar m\u00e1s de $ 1 mil millones en acuerdos para nuestros clientes, estamos seguros de que obtendremos un buen resultado en su caso.<\/p>\n<p>No dude en comunicarse con nosotros llamando al\u00a0<strong>213-927-3700<\/strong> o enviando un correo electr\u00f3nico a<strong>\u00a0<\/strong><a href=\"mailto:info@westcoasttriallawyers.com\"><strong>info@westcoasttriallawyers.com<\/strong><\/a> para programar una consulta gratuita en nuestro bufete de abogados de lesiones personales de Beverly Hills.<\/p>\n<h2><strong>Estad\u00edsticas de accidentes de motocicleta<\/strong><\/h2>\n<p>A continuaci\u00f3n se presentan cuatro factores de riesgo que pueden colocar a un motociclista en un mayor peligro de lesiones:<\/p>\n<ul>\n<li><strong>Sexo:<\/strong> el 91 por ciento de las muertes en motocicleta involucran a hombres. Seg\u00fan el Instituto de Seguros para la Seguridad en las Carreteras, el 60 por ciento de las motociclistas que murieron en accidentes en 2019 eran pasajeras. La gran mayor\u00eda de los motociclistas masculinos que murieron eran ciclistas (99 por ciento).<\/li>\n<li><strong>Consumo de alcohol:<\/strong> m\u00e1s de una cuarta parte de las muertes de motociclistas involucraron a un ciclista con una concentraci\u00f3n de alcohol en sangre (BAC) por encima del l\u00edmite legal de 0.08 por ciento.<\/li>\n<li><strong>Uso del casco:<\/strong> La Secci\u00f3n 27803 del C\u00f3digo de Veh\u00edculos de California requiere que todos los motociclistas y sus pasajeros usen un casco ajustado. Los motociclistas que no usan casco tienen un riesgo significativamente mayor de sufrir lesiones traum\u00e1ticas o fatales en la cabeza. Seg\u00fan los CDC, usar un casco reduce el riesgo de morir en un accidente de motocicleta en un 37 por ciento.<\/li>\n<li><strong>Edad:<\/strong> el grupo de edad m\u00e1s com\u00fan que se vio involucrado en un accidente fatal de motocicleta en 2019 fue de 30 a\u00f1os o menos. Los que ten\u00edan 50 a\u00f1os o menos eran el segundo grupo de edad m\u00e1s com\u00fan que tuvo un accidente de motocicleta mortal.<\/li>\n<\/ul>\n<h2><strong>Pasos a seguir despu\u00e9s de un accidente de motocicleta<\/strong><\/h2>\n<p>Lo que haga inmediatamente despu\u00e9s de un accidente de motocicleta puede marcar una gran diferencia en la forma en que se trata su reclamo. A continuaci\u00f3n, nuestro equipo de abogados de accidentes de motocicleta en Beverly Hills recomienda estos pasos clave a seguir si estuvo involucrado en un accidente de motocicleta.<\/p>\n<ul>\n<li><strong>Recibir atenci\u00f3n m\u00e9dica.<\/strong> Debe programar una cita para que lo examinen lo antes posible. Su m\u00e9dico puede realizar varias pruebas para realizar un diagn\u00f3stico si se encuentra un problema. Si hay un problema de salud, el m\u00e9dico crear\u00e1 un plan de tratamiento que lo ayudar\u00e1 con su recuperaci\u00f3n. Sus visitas se guardar\u00e1n en un archivo y se pueden usar como evidencia para incluir en su reclamo por lesiones personales.<\/li>\n<li><strong>Documentar el accidente de motocicleta.<\/strong> Este paso es absolutamente crucial y ayudar\u00e1 inmensamente a su reclamo. Re\u00fana la siguiente informaci\u00f3n:<\/li>\n<li>N\u00fameros de matr\u00edcula<\/li>\n<li>Nombres e informaci\u00f3n de contacto de cualquier persona involucrada en el accidente<\/li>\n<li>La licencia de conducir y la informaci\u00f3n del seguro<\/li>\n<li>A\u00f1o, marca y modelo de cualquier veh\u00edculo involucrado en el accidente<\/li>\n<li>Informaci\u00f3n de contacto de cualquier testigo disponible<\/li>\n<li>Fotos y videos de sus lesiones, da\u00f1os a la propiedad y la escena del accidente.<\/li>\n<li>No discuta el accidente. Puede pensar que fue responsable del accidente, pero no admita la culpa. Esta es una de las cosas m\u00e1s perjudiciales que puedes hacer. Puede haber varios factores que quiz\u00e1s desconozca. Por ejemplo, el otro conductor o motociclista puede haber estado enviando mensajes de texto o intoxicado.<\/li>\n<\/ul>\n<p>Entendemos que los momentos posteriores a un accidente de moto son muy emotivos. Es crucial que tengas cuidado con lo que dices. No se disculpe por el accidente y no sugiera qui\u00e9n puede tener la culpa.<\/p>\n<h2><strong>Demandar por carreteras mal mantenidas<\/strong><\/h2>\n<p>La mayor\u00eda de los accidentes de motocicleta son causados \u200b\u200bpor negligencia. Sin embargo, las malas condiciones de la carretera tambi\u00e9n pueden provocar que un motociclista sufra un accidente. Las malas condiciones de las carreteras que a menudo causan accidentes graves de motocicleta incluyen baches, grava suelta, aceras irregulares y cemento roto.<\/p>\n<p>Los due\u00f1os de propiedades tienen el deber de cuidar las condiciones peligrosas de la carretera que pueden provocar un accidente de motocicleta. El due\u00f1o de una ciudad o de una propiedad privada que sea negligente y no mantenga sus caminos en buenas condiciones puede ser considerado responsable de las lesiones o da\u00f1os causados \u200b\u200ba un motociclista. La ley de responsabilidad de las instalaciones de California establece que los propietarios deben mantener su propiedad en condiciones razonablemente seguras. Esto incluye, pero no se limita a inspeccionar y mantener su propiedad, reparar condiciones peligrosas y proporcionar advertencias adecuadas sobre cualquier peligro potencial.<\/p>\n<p>Si presenta un reclamo contra una ciudad, condado o cualquier agencia del gobierno estatal, debe probar que:<\/p>\n<ul>\n<li>La propiedad en la que se lesion\u00f3 era propiedad de una agencia del gobierno de la ciudad, condado o estado o estaba bajo su control.<\/li>\n<li>La propiedad ten\u00eda condiciones peligrosas cuando ocurri\u00f3 su accidente de motocicleta.<\/li>\n<li>Las condiciones peligrosas eran un riesgo razonablemente previsible por las lesiones que sufri\u00f3.<\/li>\n<li>La ciudad, el condado o el estado conoc\u00edan las condiciones peligrosas durante el tiempo suficiente para tomar medidas razonables para abordarlas.<\/li>\n<li>Sufri\u00f3 lesiones como resultado de las condiciones peligrosas.<\/li>\n<\/ul>\n<h2><strong>Los abogados litigantes de la costa oeste est\u00e1n aqu\u00ed para ayudar<\/strong><\/h2>\n<p>Si ha sufrido lesiones en un accidente de motocicleta como resultado de la negligencia de alguien o actos deliberados de malicia, tiene derecho a responsabilizar a la parte culpable por sus p\u00e9rdidas. Un abogado de accidentes de motocicleta de Beverly Hills en West Coast Trial Lawyers lo ayudar\u00e1 a recuperar una compensaci\u00f3n por sus da\u00f1os.<\/p>\n<p>Para programar una consulta gratuita en nuestro bufete de abogados de lesiones personales de Beverly Hills, comun\u00edquese con nuestro equipo legal las 24 horas, los 7 d\u00edas de la semana llamando al\u00a0<strong>213-927-3700<\/strong> o enviando un correo electr\u00f3nico a\u00a0<a href=\"mailto:info@westcoasttriallawyers.com\"><strong>info@westcoasttriallawyers.com<\/strong><\/a><strong>.\u00a0<\/strong><br \/>\n<!-- WCTL_DEBUG: no shortcode in this_content --><\/p>\n","protected":false},"excerpt":{"rendered":"<p>Aqu\u00ed hay informaci\u00f3n legal importante que debe saber sobre accidentes de motocicleta Beverly Hills ha demostrado ser un lugar muy peligroso para un motociclista. En marzo de 2019, un motociclista fue declarado muerto en la escena de una intersecci\u00f3n de Santa Monica Boulevard y Hillcrest Road luego de sufrir un accidente de motocicleta. Este no [&hellip;]<\/p>\n","protected":false},"author":470,"featured_media":27992,"parent":47324,"menu_order":27,"comment_status":"closed","ping_status":"closed","template":"","meta":{"inline_featured_image":false,"footnotes":""},"class_list":["post-13152","page","type-page","status-publish","has-post-thumbnail","hentry"],"acf":[],"yoast_head":"<!-- This site is optimized with the Yoast SEO Premium plugin v26.0 (Yoast SEO v26.0) - https:\/\/yoast.com\/wordpress\/plugins\/seo\/ -->\n<title>Abogado de Accidentes de Motocicleta en Beverly Hills\u00a0 | West Coast Trial Lawyers<\/title>\n<meta name=\"robots\" content=\"index, follow, max-snippet:-1, max-image-preview:large, max-video-preview:-1\" \/>\n<link rel=\"canonical\" href=\"https:\/\/westcoasttriallawyers.com\/es\/california\/beverly-hills\/abogados-accidentes-motocicleta-beverly-hills\" \/>\n<meta property=\"og:locale\" content=\"es_ES\" \/>\n<meta property=\"og:type\" content=\"article\" \/>\n<meta property=\"og:title\" content=\"Abogado de Accidentes de Motocicleta en Beverly Hills\u00a0\" \/>\n<meta property=\"og:description\" content=\"Aqu\u00ed hay informaci\u00f3n legal importante que debe saber sobre accidentes de motocicleta Beverly Hills ha demostrado ser un lugar muy peligroso para un motociclista. En marzo de 2019, un motociclista fue declarado muerto en la escena de una intersecci\u00f3n de Santa Monica Boulevard y Hillcrest Road luego de sufrir un accidente de motocicleta. Este no [&hellip;]\" \/>\n<meta property=\"og:url\" content=\"https:\/\/westcoasttriallawyers.com\/es\/california\/beverly-hills\/abogados-accidentes-motocicleta-beverly-hills\" \/>\n<meta property=\"og:site_name\" content=\"West Coast Trial Lawyers\" \/>\n<meta property=\"article:publisher\" content=\"https:\/\/www.facebook.com\/westcoasttriallawyers\/\" \/>\n<meta property=\"article:modified_time\" content=\"2026-01-23T22:32:14+00:00\" \/>\n<meta property=\"og:image\" content=\"https:\/\/westcoasttriallawyers.com\/wp-content\/uploads\/2025\/07\/Beverly-Hills-3.webp\" \/>\n\t<meta property=\"og:image:width\" content=\"442\" \/>\n\t<meta property=\"og:image:height\" content=\"328\" \/>\n\t<meta property=\"og:image:type\" content=\"image\/webp\" \/>\n<meta name=\"twitter:card\" content=\"summary_large_image\" \/>\n<meta name=\"twitter:site\" content=\"@WestCoastTrial\" \/>\n<meta name=\"twitter:label1\" content=\"Tiempo de lectura\" \/>\n\t<meta name=\"twitter:data1\" content=\"6 minutos\" \/>\n<script type=\"application\/ld+json\" class=\"yoast-schema-graph\">{\"@context\":\"https:\/\/schema.org\",\"@graph\":[{\"@type\":[\"WebPage\",\"ItemPage\"],\"@id\":\"https:\/\/westcoasttriallawyers.com\/es\/california\/beverly-hills\/abogados-accidentes-motocicleta-beverly-hills\",\"url\":\"https:\/\/westcoasttriallawyers.com\/es\/california\/beverly-hills\/abogados-accidentes-motocicleta-beverly-hills\",\"name\":\"Abogado de Accidentes de Motocicleta en Beverly Hills\u00a0 | West Coast Trial Lawyers\",\"isPartOf\":{\"@id\":\"https:\/\/westcoasttriallawyers.com\/es#website\"},\"primaryImageOfPage\":{\"@id\":\"https:\/\/westcoasttriallawyers.com\/es\/california\/beverly-hills\/abogados-accidentes-motocicleta-beverly-hills#primaryimage\"},\"image\":{\"@id\":\"https:\/\/westcoasttriallawyers.com\/es\/california\/beverly-hills\/abogados-accidentes-motocicleta-beverly-hills#primaryimage\"},\"thumbnailUrl\":\"https:\/\/westcoasttriallawyers.com\/wp-content\/uploads\/2025\/07\/Beverly-Hills.webp\",\"datePublished\":\"2026-01-13T21:18:30+00:00\",\"dateModified\":\"2026-01-23T22:32:14+00:00\",\"breadcrumb\":{\"@id\":\"https:\/\/westcoasttriallawyers.com\/es\/california\/beverly-hills\/abogados-accidentes-motocicleta-beverly-hills#breadcrumb\"},\"inLanguage\":\"es\",\"potentialAction\":[{\"@type\":\"ReadAction\",\"target\":[\"https:\/\/westcoasttriallawyers.com\/es\/california\/beverly-hills\/abogados-accidentes-motocicleta-beverly-hills\"]}]},{\"@type\":\"ImageObject\",\"inLanguage\":\"es\",\"@id\":\"https:\/\/westcoasttriallawyers.com\/es\/california\/beverly-hills\/abogados-accidentes-motocicleta-beverly-hills#primaryimage\",\"url\":\"https:\/\/westcoasttriallawyers.com\/wp-content\/uploads\/2025\/07\/Beverly-Hills.webp\",\"contentUrl\":\"https:\/\/westcoasttriallawyers.com\/wp-content\/uploads\/2025\/07\/Beverly-Hills.webp\",\"width\":442,\"height\":328,\"caption\":\"A shot of\"},{\"@type\":\"BreadcrumbList\",\"@id\":\"https:\/\/westcoasttriallawyers.com\/es\/california\/beverly-hills\/abogados-accidentes-motocicleta-beverly-hills#breadcrumb\",\"itemListElement\":[{\"@type\":\"ListItem\",\"position\":1,\"name\":\"Inicio\",\"item\":\"https:\/\/westcoasttriallawyers.com\/es\"},{\"@type\":\"ListItem\",\"position\":2,\"name\":\"California\",\"item\":\"https:\/\/westcoasttriallawyers.com\/es\/california\"},{\"@type\":\"ListItem\",\"position\":3,\"name\":\"Beverly Hills\",\"item\":\"https:\/\/westcoasttriallawyers.com\/es\/california\/beverly-hills\"},{\"@type\":\"ListItem\",\"position\":4,\"name\":\"Abogado de Accidentes de Motocicleta en Beverly Hills\u00a0\"}]},{\"@type\":\"WebSite\",\"@id\":\"https:\/\/westcoasttriallawyers.com\/es#website\",\"url\":\"https:\/\/westcoasttriallawyers.com\/es\",\"name\":\"West Coast Trial Lawyers\",\"description\":\"West Coast Trial Lawyers\",\"publisher\":{\"@id\":\"https:\/\/westcoasttriallawyers.com\/es#organization\"},\"alternateName\":\"WCTL\",\"potentialAction\":[{\"@type\":\"SearchAction\",\"target\":{\"@type\":\"EntryPoint\",\"urlTemplate\":\"https:\/\/westcoasttriallawyers.com\/es?s={search_term_string}\"},\"query-input\":{\"@type\":\"PropertyValueSpecification\",\"valueRequired\":true,\"valueName\":\"search_term_string\"}}],\"inLanguage\":\"es\"},{\"@type\":\"Organization\",\"@id\":\"https:\/\/westcoasttriallawyers.com\/es#organization\",\"name\":\"West Coast Trial Lawyers\",\"alternateName\":\"WCTL\",\"url\":\"https:\/\/westcoasttriallawyers.com\/es\",\"logo\":{\"@type\":\"ImageObject\",\"inLanguage\":\"es\",\"@id\":\"https:\/\/westcoasttriallawyers.com\/es#\/schema\/logo\/image\/\",\"url\":\"https:\/\/westcoasttriallawyers.com\/wp-content\/uploads\/2026\/02\/WCTL-Logo.jpg\",\"contentUrl\":\"https:\/\/westcoasttriallawyers.com\/wp-content\/uploads\/2026\/02\/WCTL-Logo.jpg\",\"width\":696,\"height\":696,\"caption\":\"West Coast Trial Lawyers\"},\"image\":{\"@id\":\"https:\/\/westcoasttriallawyers.com\/es#\/schema\/logo\/image\/\"},\"sameAs\":[\"https:\/\/www.facebook.com\/westcoasttriallawyers\/\",\"https:\/\/x.com\/WestCoastTrial\",\"https:\/\/www.linkedin.com\/company\/west-coast-trial-lawyers\/\",\"https:\/\/www.instagram.com\/westcoasttriallawyers\/\",\"https:\/\/www.yelp.com\/biz\/west-coast-trial-lawyers-los-angeles-2\",\"https:\/\/www.pinterest.com\/westcoasttrial\/\",\"https:\/\/www.youtube.com\/westcoasttriallawyersla\/\",\"https:\/\/www.tiktok.com\/westcoasttriallawyers\"],\"description\":\"West Coast Trial Lawyers is a top-rated personal injury law firm with a goal to provide expert legal representation to those in need. The law firm has offices across California, Nevada, Arizona, and Washington.\",\"legalName\":\"West Coast Trial Lawyers\"}]}<\/script>\n<!-- \/ Yoast SEO Premium plugin. -->","yoast_head_json":{"title":"Abogado de Accidentes de Motocicleta en Beverly Hills\u00a0 | West Coast Trial Lawyers","robots":{"index":"index","follow":"follow","max-snippet":"max-snippet:-1","max-image-preview":"max-image-preview:large","max-video-preview":"max-video-preview:-1"},"canonical":"https:\/\/westcoasttriallawyers.com\/es\/california\/beverly-hills\/abogados-accidentes-motocicleta-beverly-hills","og_locale":"es_ES","og_type":"article","og_title":"Abogado de Accidentes de Motocicleta en Beverly Hills\u00a0","og_description":"Aqu\u00ed hay informaci\u00f3n legal importante que debe saber sobre accidentes de motocicleta Beverly Hills ha demostrado ser un lugar muy peligroso para un motociclista. En marzo de 2019, un motociclista fue declarado muerto en la escena de una intersecci\u00f3n de Santa Monica Boulevard y Hillcrest Road luego de sufrir un accidente de motocicleta. Este no [&hellip;]","og_url":"https:\/\/westcoasttriallawyers.com\/es\/california\/beverly-hills\/abogados-accidentes-motocicleta-beverly-hills","og_site_name":"West Coast Trial Lawyers","article_publisher":"https:\/\/www.facebook.com\/westcoasttriallawyers\/","article_modified_time":"2026-01-23T22:32:14+00:00","og_image":[{"width":442,"height":328,"url":"https:\/\/westcoasttriallawyers.com\/wp-content\/uploads\/2025\/07\/Beverly-Hills-3.webp","type":"image\/webp"}],"twitter_card":"summary_large_image","twitter_site":"@WestCoastTrial","twitter_misc":{"Tiempo de lectura":"6 minutos"},"schema":{"@context":"https:\/\/schema.org","@graph":[{"@type":["WebPage","ItemPage"],"@id":"https:\/\/westcoasttriallawyers.com\/es\/california\/beverly-hills\/abogados-accidentes-motocicleta-beverly-hills","url":"https:\/\/westcoasttriallawyers.com\/es\/california\/beverly-hills\/abogados-accidentes-motocicleta-beverly-hills","name":"Abogado de Accidentes de Motocicleta en Beverly Hills\u00a0 | West Coast Trial Lawyers","isPartOf":{"@id":"https:\/\/westcoasttriallawyers.com\/es#website"},"primaryImageOfPage":{"@id":"https:\/\/westcoasttriallawyers.com\/es\/california\/beverly-hills\/abogados-accidentes-motocicleta-beverly-hills#primaryimage"},"image":{"@id":"https:\/\/westcoasttriallawyers.com\/es\/california\/beverly-hills\/abogados-accidentes-motocicleta-beverly-hills#primaryimage"},"thumbnailUrl":"https:\/\/westcoasttriallawyers.com\/wp-content\/uploads\/2025\/07\/Beverly-Hills.webp","datePublished":"2026-01-13T21:18:30+00:00","dateModified":"2026-01-23T22:32:14+00:00","breadcrumb":{"@id":"https:\/\/westcoasttriallawyers.com\/es\/california\/beverly-hills\/abogados-accidentes-motocicleta-beverly-hills#breadcrumb"},"inLanguage":"es","potentialAction":[{"@type":"ReadAction","target":["https:\/\/westcoasttriallawyers.com\/es\/california\/beverly-hills\/abogados-accidentes-motocicleta-beverly-hills"]}]},{"@type":"ImageObject","inLanguage":"es","@id":"https:\/\/westcoasttriallawyers.com\/es\/california\/beverly-hills\/abogados-accidentes-motocicleta-beverly-hills#primaryimage","url":"https:\/\/westcoasttriallawyers.com\/wp-content\/uploads\/2025\/07\/Beverly-Hills.webp","contentUrl":"https:\/\/westcoasttriallawyers.com\/wp-content\/uploads\/2025\/07\/Beverly-Hills.webp","width":442,"height":328,"caption":"A shot of"},{"@type":"BreadcrumbList","@id":"https:\/\/westcoasttriallawyers.com\/es\/california\/beverly-hills\/abogados-accidentes-motocicleta-beverly-hills#breadcrumb","itemListElement":[{"@type":"ListItem","position":1,"name":"Inicio","item":"https:\/\/westcoasttriallawyers.com\/es"},{"@type":"ListItem","position":2,"name":"California","item":"https:\/\/westcoasttriallawyers.com\/es\/california"},{"@type":"ListItem","position":3,"name":"Beverly Hills","item":"https:\/\/westcoasttriallawyers.com\/es\/california\/beverly-hills"},{"@type":"ListItem","position":4,"name":"Abogado de Accidentes de Motocicleta en Beverly Hills\u00a0"}]},{"@type":"WebSite","@id":"https:\/\/westcoasttriallawyers.com\/es#website","url":"https:\/\/westcoasttriallawyers.com\/es","name":"West Coast Trial Lawyers","description":"West Coast Trial Lawyers","publisher":{"@id":"https:\/\/westcoasttriallawyers.com\/es#organization"},"alternateName":"WCTL","potentialAction":[{"@type":"SearchAction","target":{"@type":"EntryPoint","urlTemplate":"https:\/\/westcoasttriallawyers.com\/es?s={search_term_string}"},"query-input":{"@type":"PropertyValueSpecification","valueRequired":true,"valueName":"search_term_string"}}],"inLanguage":"es"},{"@type":"Organization","@id":"https:\/\/westcoasttriallawyers.com\/es#organization","name":"West Coast Trial Lawyers","alternateName":"WCTL","url":"https:\/\/westcoasttriallawyers.com\/es","logo":{"@type":"ImageObject","inLanguage":"es","@id":"https:\/\/westcoasttriallawyers.com\/es#\/schema\/logo\/image\/","url":"https:\/\/westcoasttriallawyers.com\/wp-content\/uploads\/2026\/02\/WCTL-Logo.jpg","contentUrl":"https:\/\/westcoasttriallawyers.com\/wp-content\/uploads\/2026\/02\/WCTL-Logo.jpg","width":696,"height":696,"caption":"West Coast Trial Lawyers"},"image":{"@id":"https:\/\/westcoasttriallawyers.com\/es#\/schema\/logo\/image\/"},"sameAs":["https:\/\/www.facebook.com\/westcoasttriallawyers\/","https:\/\/x.com\/WestCoastTrial","https:\/\/www.linkedin.com\/company\/west-coast-trial-lawyers\/","https:\/\/www.instagram.com\/westcoasttriallawyers\/","https:\/\/www.yelp.com\/biz\/west-coast-trial-lawyers-los-angeles-2","https:\/\/www.pinterest.com\/westcoasttrial\/","https:\/\/www.youtube.com\/westcoasttriallawyersla\/","https:\/\/www.tiktok.com\/westcoasttriallawyers"],"description":"West Coast Trial Lawyers is a top-rated personal injury law firm with a goal to provide expert legal representation to those in need. The law firm has offices across California, Nevada, Arizona, and Washington.","legalName":"West Coast Trial Lawyers"}]}},"_links":{"self":[{"href":"https:\/\/westcoasttriallawyers.com\/es\/wp-json\/wp\/v2\/pages\/13152","targetHints":{"allow":["GET"]}}],"collection":[{"href":"https:\/\/westcoasttriallawyers.com\/es\/wp-json\/wp\/v2\/pages"}],"about":[{"href":"https:\/\/westcoasttriallawyers.com\/es\/wp-json\/wp\/v2\/types\/page"}],"author":[{"embeddable":true,"href":"https:\/\/westcoasttriallawyers.com\/es\/wp-json\/wp\/v2\/users\/470"}],"replies":[{"embeddable":true,"href":"https:\/\/westcoasttriallawyers.com\/es\/wp-json\/wp\/v2\/comments?post=13152"}],"version-history":[{"count":2,"href":"https:\/\/westcoasttriallawyers.com\/es\/wp-json\/wp\/v2\/pages\/13152\/revisions"}],"predecessor-version":[{"id":48181,"href":"https:\/\/westcoasttriallawyers.com\/es\/wp-json\/wp\/v2\/pages\/13152\/revisions\/48181"}],"up":[{"embeddable":true,"href":"https:\/\/westcoasttriallawyers.com\/es\/wp-json\/wp\/v2\/pages\/47324"}],"wp:featuredmedia":[{"embeddable":true,"href":"https:\/\/westcoasttriallawyers.com\/es\/wp-json\/wp\/v2\/media\/27992"}],"wp:attachment":[{"href":"https:\/\/westcoasttriallawyers.com\/es\/wp-json\/wp\/v2\/media?parent=13152"}],"curies":[{"name":"wp","href":"https:\/\/api.w.org\/{rel}","templated":true}]}}