{"id":13150,"date":"2026-01-13T21:18:45","date_gmt":"2026-01-13T21:18:45","guid":{"rendered":"https:\/\/wctl1stg.wpengine.com\/?page_id=13150"},"modified":"2026-01-20T14:44:13","modified_gmt":"2026-01-20T14:44:13","slug":"abogado-de-accidente-de-scooter-de-beverly-hills","status":"publish","type":"page","link":"https:\/\/westcoasttriallawyers.com\/es\/california\/beverly-hills\/abogado-de-accidente-de-scooter-de-beverly-hills","title":{"rendered":"Abogado de accidente de scooter de Beverly Hills\u00a0"},"content":{"rendered":"<h2><strong>Todo lo que necesitas saber sobre andar en scooter en Beverly Hills<\/strong><\/h2>\n<p>Los scooters el\u00e9ctricos se han convertido r\u00e1pidamente en una forma popular de transporte en las ciudades del condado de Los \u00c1ngeles. Hay tantos aspectos positivos en alquilar un e-scooter. Son una alternativa divertida, asequible y conveniente a la conducci\u00f3n. Puede alquilar uno en el lugar usando una aplicaci\u00f3n de tel\u00e9fono inteligente y simplemente dejarlo en la calle una vez que llegue a su destino.<\/p>\n<p>Sin embargo, a pesar de su popularidad y conveniencia, tienen muchas desventajas. Los ciclistas no solo son propensos a sufrir fracturas de huesos y lesiones en la cabeza, sino que las leyes que regulan su uso var\u00edan mucho de una ciudad a otra. Estas dos consideraciones por s\u00ed solas dificultar\u00e1n la recuperaci\u00f3n de da\u00f1os para cualquier persona que est\u00e9 pensando en presentar un reclamo.<\/p>\n<p>Si estuvo involucrado en un accidente de e-scooter y desea emprender acciones legales contra la parte culpable, no dude en comunicarse con nuestro equipo de abogados de accidentes de e-scooter de Beverly Hills las 24 horas del d\u00eda, los 7 d\u00edas de la semana llamando al&nbsp;<strong>(310) 213-927-3700<\/strong> o enviando un correo electr\u00f3nico a&nbsp;<a href=\"mailto:info@westcoasttriallawyers.com\"><strong>info@westcoasttriallawyers.com<\/strong><\/a> para programar una consulta gratuita en nuestro bufete de abogados de lesiones personales de Beverly Hills.<\/p>\n<h2><strong>Qu\u00e9 hacer despu\u00e9s de un accidente de scooter el\u00e9ctrico<\/strong><\/h2>\n<p>La ciudad de Beverly Hills es una de las ciudades m\u00e1s anti-e-scooter del estado de California. A partir de ahora, los e-scooters est\u00e1n completamente prohibidos en la ciudad. Sin embargo, esto no significa que la gente no seguir\u00e1 montando sus e-scooters por la ciudad. Adem\u00e1s, las ciudades vecinas permiten e-scooters. Por eso, es importante saber qu\u00e9 pasos tomar si sufres un accidente de e-scooter.<\/p>\n<p><strong>Aseg\u00farese de que usted y todos los dem\u00e1s involucrados en el accidente est\u00e9n bien.<\/strong><\/p>\n<p>Encuentre un espacio seguro y al\u00e9jese del tr\u00e1fico y otras condiciones peligrosas. Si ha sufrido lesiones, incluso leves, solicite asistencia m\u00e9dica. Incluso si cree que no est\u00e1 herido en absoluto, a\u00fan debe ser revisado por un profesional m\u00e9dico solo para estar seguro.<\/p>\n<p>Si puede, consulte a cualquier otra persona involucrada. Los accidentes de e-scooter a menudo afectan a un solo ciclista. Sin embargo, varios ciclistas, peatones y conductores de e-scooters tambi\u00e9n pueden sufrir lesiones. Los accidentes de e-scooter pueden involucrar a varias partes, y si est\u00e1 lo suficientemente bien como para hacerlo, controle a todos los dem\u00e1s. Como siempre, llame a la asistencia de emergencia si alguien parece estar herido.<\/p>\n<p><strong>Involucrar a la polic\u00eda, si es necesario.<\/strong><\/p>\n<p>Se requiere que la polic\u00eda se presente si se han reportado accidentes o da\u00f1os en un accidente. Debe informar los detalles de su accidente de e-scooter a la polic\u00eda, especialmente si hay lesiones o p\u00e9rdidas de propiedad involucradas. La polic\u00eda presentar\u00e1 un informe escrito. Aseg\u00farese de solicitar una copia antes de abandonar la escena. Si otra persona fue responsable del accidente, un informe policial mostrar\u00e1 que la otra parte fue responsable de sus lesiones y p\u00e9rdidas, lo que lo ayudar\u00e1 a recuperar una compensaci\u00f3n.<\/p>\n<p><strong>Documentar lo sucedido.<\/strong><\/p>\n<p>Este es un paso crucial. Comience recopilando informaci\u00f3n de cualquier persona involucrada, incluidos nombres, n\u00fameros de licencia de conducir, n\u00fameros de placa, informaci\u00f3n de contacto e informaci\u00f3n del seguro. Aseg\u00farese tambi\u00e9n de adquirir la informaci\u00f3n de contacto de los testigos disponibles, ya que su testimonio puede serle \u00fatil m\u00e1s adelante. Finalmente, use su tel\u00e9fono para tomar fotograf\u00edas y\/o videos de la escena del accidente, los veh\u00edculos involucrados, sus lesiones, la p\u00e9rdida de propiedad y cualquier otro detalle relevante.<\/p>\n<p><strong>Recibir atenci\u00f3n m\u00e9dica.<\/strong><\/p>\n<p>Como se mencion\u00f3, se recomienda encarecidamente buscar tratamiento m\u00e9dico despu\u00e9s de sufrir un accidente de e-scooter. Si se demora en buscar tratamiento m\u00e9dico, o si no busca atenci\u00f3n m\u00e9dica en absoluto, el proveedor de seguros de la otra parte argumentar\u00e1 que usted no result\u00f3 realmente herido.<\/p>\n<p><strong>Consulte con un abogado de accidentes de e-scooter de Beverly Hills.<\/strong><\/p>\n<p>En su mayor parte, la responsabilidad despu\u00e9s de un accidente de e-scooter se basar\u00e1 en la negligencia de alguien. En otras palabras, \u00bfla negligencia de qui\u00e9n caus\u00f3 el accidente? Si se puede determinar que la otra parte fue negligente y caus\u00f3 sus lesiones, es posible que sean responsables de las lesiones o p\u00e9rdidas que le hayan causado. Un abogado con experiencia en accidentes de e-scooter de Beverly Hills se encargar\u00e1 de todo por usted, como presentar la documentaci\u00f3n necesaria y negociar con las compa\u00f1\u00edas de seguros.<\/p>\n<h2><strong>El Acuerdo de Usuario de E-Scooter: Una Consideraci\u00f3n Crucial<\/strong><\/h2>\n<p>Todas las compa\u00f1\u00edas de e-scooter requieren que los usuarios acepten ciertas condiciones antes de viajar. Un acuerdo de usuario de e-scooter tambi\u00e9n se puede utilizar para determinar la responsabilidad despu\u00e9s de un accidente de e-scooter en Beverly Hills. Estos acuerdos son legalmente vinculantes entre un usuario de e-scooter y la compa\u00f1\u00eda de scooters. Sin embargo, estos acuerdos en realidad pueden limitar la responsabilidad de una empresa despu\u00e9s de un accidente.<\/p>\n<p>Por ejemplo, considere el&nbsp;<a href=\"https:\/\/help.li.me\/hc\/es\/articles\/360000170114-Acuerdo-de-usuario-y-T%C3%A9rminos-de-servicio\">acuerdo de usuario de Lime<\/a>, que:<\/p>\n<ul>\n<li>Requiere que los usuarios de e-scooter sigan todas las leyes de tr\u00e1nsito, pero no especifica qu\u00e9 leyes ni c\u00f3mo seguirlas. Esto puede complicar las cosas, especialmente cuando diferentes ciudades tienen leyes diferentes o en conflicto.<\/li>\n<li>Obliga a los usuarios de e-scooter a reclamar suficiente competencia y condici\u00f3n f\u00edsica para andar en un e-scooter.<\/li>\n<li>Requiere que los pasajeros de e-scooter realicen inspecciones de seguridad antes de dar un paseo y, lo que es peor, se exime de responsabilidad por e-scooters defectuosos.<\/li>\n<\/ul>\n<p>Los acuerdos de usuario de e-scooter son largos y complejos. A pesar de lo confusos que pueden ser, la compa\u00f1\u00eda de e-scooter puede culpar a un usuario de e-scooter que incumple una disposici\u00f3n en un acuerdo de usuario firmado por cualquier lesi\u00f3n sufrida despu\u00e9s de un accidente. Recomendamos encarecidamente consultar con un abogado con experiencia en accidentes de e-scooter de Beverly Hills si ha sufrido lesiones despu\u00e9s de un accidente de e-scooter.<\/p>\n<h2><strong>Condiciones Peligrosas de la Calle y Accidentes de E-Scooters<\/strong><\/h2>\n<p>Seg\u00fan los informes, las lesiones por scooters el\u00e9ctricos aumentaron junto con su popularidad en los Estados Unidos, con 4583 lesiones en 2014 y luego un fuerte aumento a 14 641 en 2018, un aumento de casi el triple.<\/p>\n<p>Los accidentes de scooters el\u00e9ctricos pueden ser causados por condiciones peligrosas en la calle. En otras palabras, el due\u00f1o de una propiedad puede ser considerado responsable si no mantiene sus instalaciones en condiciones razonablemente seguras. Esto se aplica a las calles o v\u00edas de propiedad de una entidad gubernamental.<\/p>\n<p>De acuerdo con el C\u00f3digo Civil de California 1714(a): \u201cToda persona es responsable, no solo por el resultado de sus actos intencionales, sino tambi\u00e9n por una lesi\u00f3n ocasionada a otro por su falta de cuidado ordinario o habilidad en el manejo de su o su propiedad o persona.\u201d<\/p>\n<p>Si ha sufrido lesiones como resultado del mantenimiento negligente de la propiedad, debe probar espec\u00edficamente que:<\/p>\n<ul>\n<li>El demandado arrend\u00f3, posey\u00f3, ocup\u00f3 o controlaba la propiedad donde ocurri\u00f3 su accidente de e-scooter<\/li>\n<li>El demandado actu\u00f3 con negligencia en el uso o mantenimiento de la propiedad<\/li>\n<li>estabas herido<\/li>\n<li>La negligencia del acusado fue el factor principal que caus\u00f3 sus lesiones.<\/li>\n<\/ul>\n<p>Seg\u00fan un estudio de UCLA de 2019, los patinetes el\u00e9ctricos de pie se asociaron con 249 visitas a la sala de emergencias entre septiembre de 2017 y agosto de 2018 en dos hospitales de Los \u00c1ngeles. Las lesiones reportadas incluyeron dislocaciones, fracturas \u00f3seas, contusiones pulmonares, lesiones de tejidos blandos y una laceraci\u00f3n espl\u00e9nica.<\/p>\n<p>La mayor\u00eda de las v\u00edctimas eran ciclistas que se hab\u00edan ca\u00eddo, chocado con un objeto o golpeado por un veh\u00edculo. Los accidentes de peatones que chocaron con scooters, tropezaron con ellos o intentaron levantarlos representaron el 8.4 por ciento de las lesiones. Afortunadamente, ninguna de las lesiones fue fatal, pero dos pacientes fueron enviados a la unidad de cuidados intensivos.<\/p>\n<p>Adem\u00e1s, seg\u00fan los datos citados en Statista, aproximadamente el 38 por ciento de los no ciclistas involucrados en visitas al departamento de emergencias asociadas con accidentes de tr\u00e1nsito de scooters el\u00e9ctricos que ocurrieron en California entre septiembre de 2017 y agosto de 2018 tuvieron alg\u00fan tipo de fractura.<\/p>\n<p>Las personas en el grupo de edad de 18 a 34 a\u00f1os tienen m\u00e1s probabilidades de sufrir lesiones por e-scooter. Las admisiones hospitalarias en este grupo de edad se dispararon en un 354 % entre 2014 y 2018.<\/p>\n<h2><strong>Los abogados litigantes de la costa oeste est\u00e1n aqu\u00ed para ayudar<\/strong><\/h2>\n<p>Si ha sufrido lesiones despu\u00e9s de un accidente de e-scooter como resultado de la negligencia de alguien o actos deliberados de malicia, tiene derecho a responsabilizar a la parte culpable por sus p\u00e9rdidas. Un abogado de accidentes de e-scooter de Beverly Hills en West Coast Trial Lawyers lo ayudar\u00e1 a recuperar una compensaci\u00f3n por las p\u00e9rdidas que ha sufrido.<\/p>\n<p>Ll\u00e1menos hoy al&nbsp;<strong>213-927-3700<\/strong> o env\u00ede un correo electr\u00f3nico a&nbsp;<a href=\"mailto:info@westcoasttriallawyers.com\"><strong>info@westcoasttriallawyers.com<\/strong><\/a><strong>&nbsp;<\/strong>para programar una consulta gratuita con nuestro equipo legal experimentado, atento y compasivo.<br \/>\n<!-- WCTL_DEBUG: no shortcode in this_content --><\/p>\n","protected":false},"excerpt":{"rendered":"<p>Todo lo que necesitas saber sobre andar en scooter en Beverly Hills Los scooters el\u00e9ctricos se han convertido r\u00e1pidamente en una forma popular de transporte en las ciudades del condado de Los \u00c1ngeles. Hay tantos aspectos positivos en alquilar un e-scooter. Son una alternativa divertida, asequible y conveniente a la conducci\u00f3n. Puede alquilar uno en [&hellip;]<\/p>\n","protected":false},"author":475,"featured_media":27992,"parent":47324,"menu_order":0,"comment_status":"closed","ping_status":"closed","template":"","meta":{"inline_featured_image":false,"footnotes":""},"class_list":["post-13150","page","type-page","status-publish","has-post-thumbnail","hentry"],"acf":[],"yoast_head":"<!-- This site is optimized with the Yoast SEO Premium plugin v26.0 (Yoast SEO v26.0) - https:\/\/yoast.com\/wordpress\/plugins\/seo\/ -->\n<title>Abogado de accidente de scooter de Beverly Hills\u00a0 | West Coast Trial Lawyers<\/title>\n<meta name=\"robots\" content=\"index, follow, max-snippet:-1, max-image-preview:large, max-video-preview:-1\" \/>\n<link rel=\"canonical\" href=\"https:\/\/westcoasttriallawyers.com\/es\/california\/beverly-hills\/abogado-de-accidente-de-scooter-de-beverly-hills\" \/>\n<meta property=\"og:locale\" content=\"es_ES\" \/>\n<meta property=\"og:type\" content=\"article\" \/>\n<meta property=\"og:title\" content=\"Abogado de accidente de scooter de Beverly Hills\u00a0\" \/>\n<meta property=\"og:description\" content=\"Todo lo que necesitas saber sobre andar en scooter en Beverly Hills Los scooters el\u00e9ctricos se han convertido r\u00e1pidamente en una forma popular de transporte en las ciudades del condado de Los \u00c1ngeles. Hay tantos aspectos positivos en alquilar un e-scooter. Son una alternativa divertida, asequible y conveniente a la conducci\u00f3n. Puede alquilar uno en [&hellip;]\" \/>\n<meta property=\"og:url\" content=\"https:\/\/westcoasttriallawyers.com\/es\/california\/beverly-hills\/abogado-de-accidente-de-scooter-de-beverly-hills\" \/>\n<meta property=\"og:site_name\" content=\"West Coast Trial Lawyers\" \/>\n<meta property=\"article:publisher\" content=\"https:\/\/www.facebook.com\/westcoasttriallawyers\/\" \/>\n<meta property=\"article:modified_time\" content=\"2026-01-20T14:44:13+00:00\" \/>\n<meta property=\"og:image\" content=\"https:\/\/westcoasttriallawyers.com\/wp-content\/uploads\/2025\/07\/Beverly-Hills-21.webp\" \/>\n\t<meta property=\"og:image:width\" content=\"442\" \/>\n\t<meta property=\"og:image:height\" content=\"328\" \/>\n\t<meta property=\"og:image:type\" content=\"image\/webp\" \/>\n<meta name=\"twitter:card\" content=\"summary_large_image\" \/>\n<meta name=\"twitter:site\" content=\"@WestCoastTrial\" \/>\n<meta name=\"twitter:label1\" content=\"Tiempo de lectura\" \/>\n\t<meta name=\"twitter:data1\" content=\"7 minutos\" \/>\n<script type=\"application\/ld+json\" class=\"yoast-schema-graph\">{\"@context\":\"https:\/\/schema.org\",\"@graph\":[{\"@type\":[\"WebPage\",\"ItemPage\"],\"@id\":\"https:\/\/westcoasttriallawyers.com\/es\/california\/beverly-hills\/abogado-de-accidente-de-scooter-de-beverly-hills\",\"url\":\"https:\/\/westcoasttriallawyers.com\/es\/california\/beverly-hills\/abogado-de-accidente-de-scooter-de-beverly-hills\",\"name\":\"Abogado de accidente de scooter de Beverly Hills\u00a0 | West Coast Trial Lawyers\",\"isPartOf\":{\"@id\":\"https:\/\/westcoasttriallawyers.com\/es#website\"},\"primaryImageOfPage\":{\"@id\":\"https:\/\/westcoasttriallawyers.com\/es\/california\/beverly-hills\/abogado-de-accidente-de-scooter-de-beverly-hills#primaryimage\"},\"image\":{\"@id\":\"https:\/\/westcoasttriallawyers.com\/es\/california\/beverly-hills\/abogado-de-accidente-de-scooter-de-beverly-hills#primaryimage\"},\"thumbnailUrl\":\"https:\/\/westcoasttriallawyers.com\/wp-content\/uploads\/2025\/07\/Beverly-Hills.webp\",\"datePublished\":\"2026-01-13T21:18:45+00:00\",\"dateModified\":\"2026-01-20T14:44:13+00:00\",\"breadcrumb\":{\"@id\":\"https:\/\/westcoasttriallawyers.com\/es\/california\/beverly-hills\/abogado-de-accidente-de-scooter-de-beverly-hills#breadcrumb\"},\"inLanguage\":\"es\",\"potentialAction\":[{\"@type\":\"ReadAction\",\"target\":[\"https:\/\/westcoasttriallawyers.com\/es\/california\/beverly-hills\/abogado-de-accidente-de-scooter-de-beverly-hills\"]}]},{\"@type\":\"ImageObject\",\"inLanguage\":\"es\",\"@id\":\"https:\/\/westcoasttriallawyers.com\/es\/california\/beverly-hills\/abogado-de-accidente-de-scooter-de-beverly-hills#primaryimage\",\"url\":\"https:\/\/westcoasttriallawyers.com\/wp-content\/uploads\/2025\/07\/Beverly-Hills.webp\",\"contentUrl\":\"https:\/\/westcoasttriallawyers.com\/wp-content\/uploads\/2025\/07\/Beverly-Hills.webp\",\"width\":442,\"height\":328,\"caption\":\"A shot of\"},{\"@type\":\"BreadcrumbList\",\"@id\":\"https:\/\/westcoasttriallawyers.com\/es\/california\/beverly-hills\/abogado-de-accidente-de-scooter-de-beverly-hills#breadcrumb\",\"itemListElement\":[{\"@type\":\"ListItem\",\"position\":1,\"name\":\"Inicio\",\"item\":\"https:\/\/westcoasttriallawyers.com\/es\"},{\"@type\":\"ListItem\",\"position\":2,\"name\":\"California\",\"item\":\"https:\/\/westcoasttriallawyers.com\/es\/california\"},{\"@type\":\"ListItem\",\"position\":3,\"name\":\"Beverly Hills\",\"item\":\"https:\/\/westcoasttriallawyers.com\/es\/california\/beverly-hills\"},{\"@type\":\"ListItem\",\"position\":4,\"name\":\"Abogado de accidente de scooter de Beverly Hills\u00a0\"}]},{\"@type\":\"WebSite\",\"@id\":\"https:\/\/westcoasttriallawyers.com\/es#website\",\"url\":\"https:\/\/westcoasttriallawyers.com\/es\",\"name\":\"West Coast Trial Lawyers\",\"description\":\"West Coast Trial Lawyers\",\"publisher\":{\"@id\":\"https:\/\/westcoasttriallawyers.com\/es#organization\"},\"alternateName\":\"WCTL\",\"potentialAction\":[{\"@type\":\"SearchAction\",\"target\":{\"@type\":\"EntryPoint\",\"urlTemplate\":\"https:\/\/westcoasttriallawyers.com\/es?s={search_term_string}\"},\"query-input\":{\"@type\":\"PropertyValueSpecification\",\"valueRequired\":true,\"valueName\":\"search_term_string\"}}],\"inLanguage\":\"es\"},{\"@type\":\"Organization\",\"@id\":\"https:\/\/westcoasttriallawyers.com\/es#organization\",\"name\":\"West Coast Trial Lawyers\",\"alternateName\":\"WCTL\",\"url\":\"https:\/\/westcoasttriallawyers.com\/es\",\"logo\":{\"@type\":\"ImageObject\",\"inLanguage\":\"es\",\"@id\":\"https:\/\/westcoasttriallawyers.com\/es#\/schema\/logo\/image\/\",\"url\":\"https:\/\/westcoasttriallawyers.com\/wp-content\/uploads\/2026\/02\/WCTL-Logo.jpg\",\"contentUrl\":\"https:\/\/westcoasttriallawyers.com\/wp-content\/uploads\/2026\/02\/WCTL-Logo.jpg\",\"width\":696,\"height\":696,\"caption\":\"West Coast Trial Lawyers\"},\"image\":{\"@id\":\"https:\/\/westcoasttriallawyers.com\/es#\/schema\/logo\/image\/\"},\"sameAs\":[\"https:\/\/www.facebook.com\/westcoasttriallawyers\/\",\"https:\/\/x.com\/WestCoastTrial\",\"https:\/\/www.linkedin.com\/company\/west-coast-trial-lawyers\/\",\"https:\/\/www.instagram.com\/westcoasttriallawyers\/\",\"https:\/\/www.yelp.com\/biz\/west-coast-trial-lawyers-los-angeles-2\",\"https:\/\/www.pinterest.com\/westcoasttrial\/\",\"https:\/\/www.youtube.com\/westcoasttriallawyersla\/\",\"https:\/\/www.tiktok.com\/westcoasttriallawyers\"],\"description\":\"West Coast Trial Lawyers is a top-rated personal injury law firm with a goal to provide expert legal representation to those in need. The law firm has offices across California, Nevada, Arizona, and Washington.\",\"legalName\":\"West Coast Trial Lawyers\"}]}<\/script>\n<!-- \/ Yoast SEO Premium plugin. -->","yoast_head_json":{"title":"Abogado de accidente de scooter de Beverly Hills\u00a0 | West Coast Trial Lawyers","robots":{"index":"index","follow":"follow","max-snippet":"max-snippet:-1","max-image-preview":"max-image-preview:large","max-video-preview":"max-video-preview:-1"},"canonical":"https:\/\/westcoasttriallawyers.com\/es\/california\/beverly-hills\/abogado-de-accidente-de-scooter-de-beverly-hills","og_locale":"es_ES","og_type":"article","og_title":"Abogado de accidente de scooter de Beverly Hills\u00a0","og_description":"Todo lo que necesitas saber sobre andar en scooter en Beverly Hills Los scooters el\u00e9ctricos se han convertido r\u00e1pidamente en una forma popular de transporte en las ciudades del condado de Los \u00c1ngeles. Hay tantos aspectos positivos en alquilar un e-scooter. Son una alternativa divertida, asequible y conveniente a la conducci\u00f3n. Puede alquilar uno en [&hellip;]","og_url":"https:\/\/westcoasttriallawyers.com\/es\/california\/beverly-hills\/abogado-de-accidente-de-scooter-de-beverly-hills","og_site_name":"West Coast Trial Lawyers","article_publisher":"https:\/\/www.facebook.com\/westcoasttriallawyers\/","article_modified_time":"2026-01-20T14:44:13+00:00","og_image":[{"width":442,"height":328,"url":"https:\/\/westcoasttriallawyers.com\/wp-content\/uploads\/2025\/07\/Beverly-Hills-21.webp","type":"image\/webp"}],"twitter_card":"summary_large_image","twitter_site":"@WestCoastTrial","twitter_misc":{"Tiempo de lectura":"7 minutos"},"schema":{"@context":"https:\/\/schema.org","@graph":[{"@type":["WebPage","ItemPage"],"@id":"https:\/\/westcoasttriallawyers.com\/es\/california\/beverly-hills\/abogado-de-accidente-de-scooter-de-beverly-hills","url":"https:\/\/westcoasttriallawyers.com\/es\/california\/beverly-hills\/abogado-de-accidente-de-scooter-de-beverly-hills","name":"Abogado de accidente de scooter de Beverly Hills\u00a0 | West Coast Trial Lawyers","isPartOf":{"@id":"https:\/\/westcoasttriallawyers.com\/es#website"},"primaryImageOfPage":{"@id":"https:\/\/westcoasttriallawyers.com\/es\/california\/beverly-hills\/abogado-de-accidente-de-scooter-de-beverly-hills#primaryimage"},"image":{"@id":"https:\/\/westcoasttriallawyers.com\/es\/california\/beverly-hills\/abogado-de-accidente-de-scooter-de-beverly-hills#primaryimage"},"thumbnailUrl":"https:\/\/westcoasttriallawyers.com\/wp-content\/uploads\/2025\/07\/Beverly-Hills.webp","datePublished":"2026-01-13T21:18:45+00:00","dateModified":"2026-01-20T14:44:13+00:00","breadcrumb":{"@id":"https:\/\/westcoasttriallawyers.com\/es\/california\/beverly-hills\/abogado-de-accidente-de-scooter-de-beverly-hills#breadcrumb"},"inLanguage":"es","potentialAction":[{"@type":"ReadAction","target":["https:\/\/westcoasttriallawyers.com\/es\/california\/beverly-hills\/abogado-de-accidente-de-scooter-de-beverly-hills"]}]},{"@type":"ImageObject","inLanguage":"es","@id":"https:\/\/westcoasttriallawyers.com\/es\/california\/beverly-hills\/abogado-de-accidente-de-scooter-de-beverly-hills#primaryimage","url":"https:\/\/westcoasttriallawyers.com\/wp-content\/uploads\/2025\/07\/Beverly-Hills.webp","contentUrl":"https:\/\/westcoasttriallawyers.com\/wp-content\/uploads\/2025\/07\/Beverly-Hills.webp","width":442,"height":328,"caption":"A shot of"},{"@type":"BreadcrumbList","@id":"https:\/\/westcoasttriallawyers.com\/es\/california\/beverly-hills\/abogado-de-accidente-de-scooter-de-beverly-hills#breadcrumb","itemListElement":[{"@type":"ListItem","position":1,"name":"Inicio","item":"https:\/\/westcoasttriallawyers.com\/es"},{"@type":"ListItem","position":2,"name":"California","item":"https:\/\/westcoasttriallawyers.com\/es\/california"},{"@type":"ListItem","position":3,"name":"Beverly Hills","item":"https:\/\/westcoasttriallawyers.com\/es\/california\/beverly-hills"},{"@type":"ListItem","position":4,"name":"Abogado de accidente de scooter de Beverly Hills\u00a0"}]},{"@type":"WebSite","@id":"https:\/\/westcoasttriallawyers.com\/es#website","url":"https:\/\/westcoasttriallawyers.com\/es","name":"West Coast Trial Lawyers","description":"West Coast Trial Lawyers","publisher":{"@id":"https:\/\/westcoasttriallawyers.com\/es#organization"},"alternateName":"WCTL","potentialAction":[{"@type":"SearchAction","target":{"@type":"EntryPoint","urlTemplate":"https:\/\/westcoasttriallawyers.com\/es?s={search_term_string}"},"query-input":{"@type":"PropertyValueSpecification","valueRequired":true,"valueName":"search_term_string"}}],"inLanguage":"es"},{"@type":"Organization","@id":"https:\/\/westcoasttriallawyers.com\/es#organization","name":"West Coast Trial Lawyers","alternateName":"WCTL","url":"https:\/\/westcoasttriallawyers.com\/es","logo":{"@type":"ImageObject","inLanguage":"es","@id":"https:\/\/westcoasttriallawyers.com\/es#\/schema\/logo\/image\/","url":"https:\/\/westcoasttriallawyers.com\/wp-content\/uploads\/2026\/02\/WCTL-Logo.jpg","contentUrl":"https:\/\/westcoasttriallawyers.com\/wp-content\/uploads\/2026\/02\/WCTL-Logo.jpg","width":696,"height":696,"caption":"West Coast Trial Lawyers"},"image":{"@id":"https:\/\/westcoasttriallawyers.com\/es#\/schema\/logo\/image\/"},"sameAs":["https:\/\/www.facebook.com\/westcoasttriallawyers\/","https:\/\/x.com\/WestCoastTrial","https:\/\/www.linkedin.com\/company\/west-coast-trial-lawyers\/","https:\/\/www.instagram.com\/westcoasttriallawyers\/","https:\/\/www.yelp.com\/biz\/west-coast-trial-lawyers-los-angeles-2","https:\/\/www.pinterest.com\/westcoasttrial\/","https:\/\/www.youtube.com\/westcoasttriallawyersla\/","https:\/\/www.tiktok.com\/westcoasttriallawyers"],"description":"West Coast Trial Lawyers is a top-rated personal injury law firm with a goal to provide expert legal representation to those in need. The law firm has offices across California, Nevada, Arizona, and Washington.","legalName":"West Coast Trial Lawyers"}]}},"_links":{"self":[{"href":"https:\/\/westcoasttriallawyers.com\/es\/wp-json\/wp\/v2\/pages\/13150","targetHints":{"allow":["GET"]}}],"collection":[{"href":"https:\/\/westcoasttriallawyers.com\/es\/wp-json\/wp\/v2\/pages"}],"about":[{"href":"https:\/\/westcoasttriallawyers.com\/es\/wp-json\/wp\/v2\/types\/page"}],"author":[{"embeddable":true,"href":"https:\/\/westcoasttriallawyers.com\/es\/wp-json\/wp\/v2\/users\/475"}],"replies":[{"embeddable":true,"href":"https:\/\/westcoasttriallawyers.com\/es\/wp-json\/wp\/v2\/comments?post=13150"}],"version-history":[{"count":3,"href":"https:\/\/westcoasttriallawyers.com\/es\/wp-json\/wp\/v2\/pages\/13150\/revisions"}],"predecessor-version":[{"id":47558,"href":"https:\/\/westcoasttriallawyers.com\/es\/wp-json\/wp\/v2\/pages\/13150\/revisions\/47558"}],"up":[{"embeddable":true,"href":"https:\/\/westcoasttriallawyers.com\/es\/wp-json\/wp\/v2\/pages\/47324"}],"wp:featuredmedia":[{"embeddable":true,"href":"https:\/\/westcoasttriallawyers.com\/es\/wp-json\/wp\/v2\/media\/27992"}],"wp:attachment":[{"href":"https:\/\/westcoasttriallawyers.com\/es\/wp-json\/wp\/v2\/media?parent=13150"}],"curies":[{"name":"wp","href":"https:\/\/api.w.org\/{rel}","templated":true}]}}