{"id":13148,"date":"2023-03-09T14:02:38","date_gmt":"2023-03-09T14:02:38","guid":{"rendered":"https:\/\/wctl1stg.wpengine.com\/?page_id=13148"},"modified":"2026-02-09T21:24:24","modified_gmt":"2026-02-09T21:24:24","slug":"abogados-accidentes-camion-beverly-hills","status":"publish","type":"page","link":"https:\/\/westcoasttriallawyers.com\/es\/abogados-accidentes-camion-beverly-hills","title":{"rendered":"Abogado de accidentes de camiones de Beverly Hills"},"content":{"rendered":"<h2><strong>\u00bfQui\u00e9n puede tener la culpa de un accidente de cami\u00f3n? \u00bfQu\u00e9 tipos de da\u00f1os se otorgar\u00e1n a la v\u00edctima?<\/strong><\/h2>\n<p>Lidiar con las consecuencias de un accidente de cami\u00f3n en Beverly Hills es muy diferente a lidiar con un accidente automovil\u00edstico. Por un lado, las lesiones sufridas despu\u00e9s de una colisi\u00f3n con un cami\u00f3n comercial son m\u00e1s graves y las muertes no son infrecuentes. Como resultado, la atenci\u00f3n m\u00e9dica posterior por lesiones en accidentes de camiones suele ser m\u00e1s costosa. La siguiente diferencia clave son las leyes de la industria de camiones. La Asociaci\u00f3n Federal de Seguridad de Autotransportistas (FMCSA, por sus siglas en ingl\u00e9s) es responsable de hacer cumplir importantes regulaciones de camiones para hacer que las carreteras sean seguras para los conductores de camiones y todos los conductores.<\/p>\n<p>Los conductores de camiones y las empresas de camiones comerciales deben cumplir con los m\u00e1s altos est\u00e1ndares de seguridad. Un conductor de cami\u00f3n o una empresa de camiones que no cumpla con las normas de seguridad puede ser considerado responsable si su negligencia provoca un accidente de cami\u00f3n. Por lo tanto, las p\u00f3lizas de seguro de camiones comerciales tambi\u00e9n involucran montos en d\u00f3lares mucho m\u00e1s altos que para los veh\u00edculos de pasajeros.<\/p>\n<p>Finalmente, los accidentes de camiones involucran investigaciones de accidentes de camiones comerciales. Estas investigaciones est\u00e1n destinadas a determinar la responsabilidad y son m\u00e1s extensas y costosas que las investigaciones regulares de accidentes automovil\u00edsticos. Un abogado con experiencia en accidentes de camiones en Beverly Hills comprende el protocolo para realizar una investigaci\u00f3n de accidentes de camiones y lo har\u00e1 de manera oportuna para preservar evidencia importante.<\/p>\n<p>No dude en comunicarse con nuestro equipo legal las 24 horas, los 7 d\u00edas de la semana llamando al\u00a0<strong>213-927-3700<\/strong> o enviando un correo electr\u00f3nico a<strong>\u00a0<\/strong><a href=\"mailto:info@westcoasttriallawyers.com\"><strong>info@westcoasttriallawyers.com<\/strong><\/a> para programar una consulta gratuita con nuestro bufete de abogados de lesiones personales de Beverly Hills.<\/p>\n<h2><strong>Datos sobre accidentes de camiones<\/strong><\/h2>\n<ul>\n<li>Seg\u00fan Statista, en los EE. UU. entre 2001 y 2017, los camiones grandes estuvieron involucrados en unos 107,000 accidentes en los que los pasajeros resultaron heridos.<\/li>\n<li>Seg\u00fan la FMCSA, en 2017 de los aproximadamente 450,000 choques informados por la polic\u00eda que involucraron camiones grandes en todo el pa\u00eds, el 75 por ciento result\u00f3 en lesiones y el 9 por ciento de esos choques result\u00f3 en la muerte.<\/li>\n<li>Seg\u00fan el Informe Anual 2017 de la Patrulla de Caminos de California, ese a\u00f1o 2,656 personas resultaron heridas o murieron en accidentes de camiones solo en todo el condado de Los \u00c1ngeles.<\/li>\n<\/ul>\n<h2><strong>Accidentes de Conductor de Cami\u00f3n Culpable<\/strong><\/h2>\n<p>Todos los camiones comerciales deben seguir las leyes estatales y federales y las normas de seguridad. Desafortunadamente, es com\u00fan que muchos camioneros y empresas de camiones comerciales ignoren las leyes de seguridad para cumplir con los plazos y maximizar las ganancias. Por ejemplo, seg\u00fan el C\u00f3digo de Veh\u00edculos 21702 VC, es un delito menor que un camionero de California conduzca m\u00e1s de doce horas consecutivas en un per\u00edodo de 24 horas.<\/p>\n<p>Un conductor de cami\u00f3n que se encuentra en violaci\u00f3n de las normas de seguridad de California y causa un accidente, puede ser responsable ante un conductor lesionado por las lesiones y p\u00e9rdidas causadas. En su mayor parte, los accidentes de camiones comerciales generalmente son causados por un conductor de cami\u00f3n negligente que no tuvo un cuidado razonable o que viol\u00f3 las normas de seguridad.<\/p>\n<p>Los ejemplos comunes de negligencia del conductor del cami\u00f3n pueden incluir:<\/p>\n<ul>\n<li>No ceder el derecho de paso<\/li>\n<li>Enviar mensajes de texto y conducir<\/li>\n<li>Conducir distra\u00eddo<\/li>\n<li>Conducir bajo la influencia del alcohol o las drogas<\/li>\n<li>No obedecer las normas de seguridad.<\/li>\n<li>Exceso de velocidad<\/li>\n<li>No obedecer las se\u00f1ales de tr\u00e1fico<\/li>\n<li>Cambios de carril inseguros<\/li>\n<\/ul>\n<p>Accidentes de la compa\u00f1\u00eda de camiones culpable<\/p>\n<p>Una empresa de camiones comerciales tambi\u00e9n puede ser considerada responsable de causar un accidente de cami\u00f3n. Ejemplos de negligencia de la compa\u00f1\u00eda de camiones incluyen:<\/p>\n<ul>\n<li>Remolques sobrecargados<\/li>\n<li>Animar a los conductores a que renuncien a las restricciones de horas y horas de sue\u00f1o<\/li>\n<li>Mantenimiento inadecuado del cami\u00f3n.<\/li>\n<li>Permitir veh\u00edculos con sobrepeso<\/li>\n<li>Pr\u00e1cticas negligentes de contrataci\u00f3n o capacitaci\u00f3n<\/li>\n<li>Retenci\u00f3n de conductores poco calificados o de bajo rendimiento<\/li>\n<li>Permitir violaciones de las leyes de seguridad<\/li>\n<\/ul>\n<p>Existen regulaciones federales y de California para limitar el tama\u00f1o, el peso y las designaciones de ruta de los camiones. Desafortunadamente, muchas empresas de camiones comerciales evitan deliberadamente estas normas de seguridad al falsificar su proceso de documentaci\u00f3n para ocultar evidencia de su negligencia. Estos son actos imprudentes que someten a una empresa de camiones a da\u00f1os punitivos.<\/p>\n<p><strong>Considere este ejemplo de negligencia de camiones comerciales:<\/strong> una empresa de camiones que presta servicios en el oeste de Los \u00c1ngeles y el \u00e1rea de Beverly Hills experimenta una p\u00e9rdida repentina de conductores. Se espera que la compa\u00f1\u00eda de camiones est\u00e9 desesperada por contratar m\u00e1s conductores lo antes posible. Sin embargo, en lugar de contratar y capacitar a un grupo profesional de conductores, reclutan a varios conductores con problemas previos de abuso de sustancias.<\/p>\n<p>Este nuevo grupo de conductores deja las drogas, pasa su prueba de drogas obligatoria y se pone a trabajar. M\u00e1s tarde esa misma semana, uno de los nuevos conductores sufre una reca\u00edda y conduce bajo la influencia del alcohol. Lamentablemente, este conductor se queda dormido al volante y provoca un grave accidente, en el que mueren tres personas.<\/p>\n<p>En este ejemplo, tanto el conductor como la empresa del cami\u00f3n son culpables de negligencia y son responsables ante las v\u00edctimas y sus familias por sus p\u00e9rdidas.<\/p>\n<h2><strong>Compensaci\u00f3n despu\u00e9s de un accidente de cami\u00f3n<\/strong><\/h2>\n<p>A pesar de las normas de seguridad, los accidentes de camiones ocurren. Si result\u00f3 lesionado como resultado de la negligencia del conductor del cami\u00f3n o de la compa\u00f1\u00eda de camiones, puede tener derecho a una compensaci\u00f3n por sus p\u00e9rdidas. A continuaci\u00f3n hay una breve explicaci\u00f3n de los da\u00f1os que pueden estar disponibles para las v\u00edctimas de accidentes de camiones. Los da\u00f1os son una compensaci\u00f3n monetaria determinada por un tribunal de justicia para compensar a la v\u00edctima de un accidente de cami\u00f3n por las lesiones sufridas como resultado de negligencia o actos deliberados de malicia.<\/p>\n<ul>\n<li><strong>Da\u00f1os econ\u00f3micos.<\/strong> Los da\u00f1os econ\u00f3micos se otorgan para compensar a la v\u00edctima de un accidente de cami\u00f3n por cualquier p\u00e9rdida a la que objetivamente se pueda adjuntar una cantidad en d\u00f3lares. La compensaci\u00f3n se calcula determinando la cantidad de p\u00e9rdidas de bolsillo que una v\u00edctima tiene o esperar\u00e1 incurrir como resultado de sus lesiones. Los ejemplos comunes de p\u00e9rdidas econ\u00f3micas incluyen la p\u00e9rdida de la capacidad de generar ingresos, las facturas m\u00e9dicas y la p\u00e9rdida de salarios.<\/li>\n<li><strong>Da\u00f1os no econ\u00f3micos.\u00a0<\/strong>Los da\u00f1os no econ\u00f3micos se otorgan para cubrir p\u00e9rdidas que son \u00absubjetivas\u00bb y no necesariamente cubren p\u00e9rdidas de bolsillo. Los da\u00f1os no econ\u00f3micos pueden incluir compensaci\u00f3n por angustia emocional, dolor y sufrimiento, y p\u00e9rdida del disfrute de la vida.<\/li>\n<li><strong>Da\u00f1os punitivos.\u00a0<\/strong>El tipo final de da\u00f1os que un tribunal de California puede otorgar son los da\u00f1os punitivos. Los da\u00f1os punitivos tienen la intenci\u00f3n de ser un castigo y solo se otorgan cuando el comportamiento del acusado es especialmente da\u00f1ino. Los da\u00f1os punitivos son relativamente raros y, de hecho, solo se incorporaron en el 5 por ciento de todos los veredictos.<\/li>\n<\/ul>\n<p>Adem\u00e1s, no existe un est\u00e1ndar real establecido para calcular y otorgar da\u00f1os punitivos. Los da\u00f1os punitivos se otorgan a discreci\u00f3n del tribunal y variar\u00e1n seg\u00fan las circunstancias espec\u00edficas de cada caso.<\/p>\n<h2><strong>Los abogados litigantes de la costa oeste est\u00e1n aqu\u00ed para ayudar<\/strong><\/h2>\n<p>Si sufri\u00f3 lesiones en un accidente de cami\u00f3n comercial que fue causado por la negligencia de alguien o actos deliberados de malicia, tiene derecho a responsabilizar a la parte culpable por sus p\u00e9rdidas. Un abogado de accidentes de camiones de Beverly Hills en West Coast Trial Lawyers lo ayudar\u00e1 a recuperar una compensaci\u00f3n por las p\u00e9rdidas que ha sufrido.<\/p>\n<p>Ll\u00e1menos hoy al\u00a0<strong>213-927-3700<\/strong> o env\u00ede un correo electr\u00f3nico a\u00a0<a href=\"mailto:info@westcoasttriallawyers.com\"><strong>info@westcoasttriallawyers.com<\/strong><\/a> para programar una consulta gratuita con nuestro equipo legal experimentado, atento y compasivo.<br \/>\n<!-- WCTL_DEBUG: no shortcode in this_content --><\/p>\n","protected":false},"excerpt":{"rendered":"<p>\u00bfQui\u00e9n puede tener la culpa de un accidente de cami\u00f3n? \u00bfQu\u00e9 tipos de da\u00f1os se otorgar\u00e1n a la v\u00edctima? Lidiar con las consecuencias de un accidente de cami\u00f3n en Beverly Hills es muy diferente a lidiar con un accidente automovil\u00edstico. Por un lado, las lesiones sufridas despu\u00e9s de una colisi\u00f3n con un cami\u00f3n comercial son [&hellip;]<\/p>\n","protected":false},"author":470,"featured_media":0,"parent":0,"menu_order":16,"comment_status":"closed","ping_status":"closed","template":"","meta":{"inline_featured_image":false,"footnotes":""},"class_list":["post-13148","page","type-page","status-publish","hentry"],"acf":[],"yoast_head":"<!-- This site is optimized with the Yoast SEO Premium plugin v26.0 (Yoast SEO v26.0) - https:\/\/yoast.com\/wordpress\/plugins\/seo\/ -->\n<title>Abogado de accidentes de camiones de Beverly Hills | West Coast Trial Lawyers<\/title>\n<meta name=\"robots\" content=\"index, follow, max-snippet:-1, max-image-preview:large, max-video-preview:-1\" \/>\n<link rel=\"canonical\" href=\"https:\/\/westcoasttriallawyers.com\/es\/abogados-accidentes-camion-beverly-hills\" \/>\n<meta property=\"og:locale\" content=\"es_ES\" \/>\n<meta property=\"og:type\" content=\"article\" \/>\n<meta property=\"og:title\" content=\"Abogado de accidentes de camiones de Beverly Hills\" \/>\n<meta property=\"og:description\" content=\"\u00bfQui\u00e9n puede tener la culpa de un accidente de cami\u00f3n? \u00bfQu\u00e9 tipos de da\u00f1os se otorgar\u00e1n a la v\u00edctima? Lidiar con las consecuencias de un accidente de cami\u00f3n en Beverly Hills es muy diferente a lidiar con un accidente automovil\u00edstico. Por un lado, las lesiones sufridas despu\u00e9s de una colisi\u00f3n con un cami\u00f3n comercial son [&hellip;]\" \/>\n<meta property=\"og:url\" content=\"https:\/\/westcoasttriallawyers.com\/es\/abogados-accidentes-camion-beverly-hills\" \/>\n<meta property=\"og:site_name\" content=\"West Coast Trial Lawyers\" \/>\n<meta property=\"article:publisher\" content=\"https:\/\/www.facebook.com\/westcoasttriallawyers\/\" \/>\n<meta property=\"article:modified_time\" content=\"2026-02-09T21:24:24+00:00\" \/>\n<meta property=\"og:image\" content=\"https:\/\/westcoasttriallawyers.com\/wp-content\/uploads\/2022\/08\/WCTL_square_logo.jpg\" \/>\n\t<meta property=\"og:image:width\" content=\"285\" \/>\n\t<meta property=\"og:image:height\" content=\"280\" \/>\n\t<meta property=\"og:image:type\" content=\"image\/jpeg\" \/>\n<meta name=\"twitter:card\" content=\"summary_large_image\" \/>\n<meta name=\"twitter:site\" content=\"@WestCoastTrial\" \/>\n<meta name=\"twitter:label1\" content=\"Tiempo de lectura\" \/>\n\t<meta name=\"twitter:data1\" content=\"6 minutos\" \/>\n<script type=\"application\/ld+json\" class=\"yoast-schema-graph\">{\"@context\":\"https:\/\/schema.org\",\"@graph\":[{\"@type\":[\"WebPage\",\"ItemPage\"],\"@id\":\"https:\/\/westcoasttriallawyers.com\/es\/abogados-accidentes-camion-beverly-hills\",\"url\":\"https:\/\/westcoasttriallawyers.com\/es\/abogados-accidentes-camion-beverly-hills\",\"name\":\"Abogado de accidentes de camiones de Beverly Hills | West Coast Trial Lawyers\",\"isPartOf\":{\"@id\":\"https:\/\/westcoasttriallawyers.com\/es#website\"},\"datePublished\":\"2023-03-09T14:02:38+00:00\",\"dateModified\":\"2026-02-09T21:24:24+00:00\",\"breadcrumb\":{\"@id\":\"https:\/\/westcoasttriallawyers.com\/es\/abogados-accidentes-camion-beverly-hills#breadcrumb\"},\"inLanguage\":\"es\",\"potentialAction\":[{\"@type\":\"ReadAction\",\"target\":[\"https:\/\/westcoasttriallawyers.com\/es\/abogados-accidentes-camion-beverly-hills\"]}]},{\"@type\":\"BreadcrumbList\",\"@id\":\"https:\/\/westcoasttriallawyers.com\/es\/abogados-accidentes-camion-beverly-hills#breadcrumb\",\"itemListElement\":[{\"@type\":\"ListItem\",\"position\":1,\"name\":\"Inicio\",\"item\":\"https:\/\/westcoasttriallawyers.com\/es\"},{\"@type\":\"ListItem\",\"position\":2,\"name\":\"Abogado de accidentes de camiones de Beverly Hills\"}]},{\"@type\":\"WebSite\",\"@id\":\"https:\/\/westcoasttriallawyers.com\/es#website\",\"url\":\"https:\/\/westcoasttriallawyers.com\/es\",\"name\":\"West Coast Trial Lawyers\",\"description\":\"West Coast Trial Lawyers\",\"publisher\":{\"@id\":\"https:\/\/westcoasttriallawyers.com\/es#organization\"},\"alternateName\":\"WCTL\",\"potentialAction\":[{\"@type\":\"SearchAction\",\"target\":{\"@type\":\"EntryPoint\",\"urlTemplate\":\"https:\/\/westcoasttriallawyers.com\/es?s={search_term_string}\"},\"query-input\":{\"@type\":\"PropertyValueSpecification\",\"valueRequired\":true,\"valueName\":\"search_term_string\"}}],\"inLanguage\":\"es\"},{\"@type\":\"Organization\",\"@id\":\"https:\/\/westcoasttriallawyers.com\/es#organization\",\"name\":\"West Coast Trial Lawyers\",\"alternateName\":\"WCTL\",\"url\":\"https:\/\/westcoasttriallawyers.com\/es\",\"logo\":{\"@type\":\"ImageObject\",\"inLanguage\":\"es\",\"@id\":\"https:\/\/westcoasttriallawyers.com\/es#\/schema\/logo\/image\/\",\"url\":\"https:\/\/westcoasttriallawyers.com\/wp-content\/uploads\/2026\/02\/WCTL-Logo.jpg\",\"contentUrl\":\"https:\/\/westcoasttriallawyers.com\/wp-content\/uploads\/2026\/02\/WCTL-Logo.jpg\",\"width\":696,\"height\":696,\"caption\":\"West Coast Trial Lawyers\"},\"image\":{\"@id\":\"https:\/\/westcoasttriallawyers.com\/es#\/schema\/logo\/image\/\"},\"sameAs\":[\"https:\/\/www.facebook.com\/westcoasttriallawyers\/\",\"https:\/\/x.com\/WestCoastTrial\",\"https:\/\/www.linkedin.com\/company\/west-coast-trial-lawyers\/\",\"https:\/\/www.instagram.com\/westcoasttriallawyers\/\",\"https:\/\/www.yelp.com\/biz\/west-coast-trial-lawyers-los-angeles-2\",\"https:\/\/www.pinterest.com\/westcoasttrial\/\",\"https:\/\/www.youtube.com\/westcoasttriallawyersla\/\",\"https:\/\/www.tiktok.com\/westcoasttriallawyers\"],\"description\":\"West Coast Trial Lawyers is a top-rated personal injury law firm with a goal to provide expert legal representation to those in need. The law firm has offices across California, Nevada, Arizona, and Washington.\",\"legalName\":\"West Coast Trial Lawyers\"}]}<\/script>\n<!-- \/ Yoast SEO Premium plugin. -->","yoast_head_json":{"title":"Abogado de accidentes de camiones de Beverly Hills | West Coast Trial Lawyers","robots":{"index":"index","follow":"follow","max-snippet":"max-snippet:-1","max-image-preview":"max-image-preview:large","max-video-preview":"max-video-preview:-1"},"canonical":"https:\/\/westcoasttriallawyers.com\/es\/abogados-accidentes-camion-beverly-hills","og_locale":"es_ES","og_type":"article","og_title":"Abogado de accidentes de camiones de Beverly Hills","og_description":"\u00bfQui\u00e9n puede tener la culpa de un accidente de cami\u00f3n? \u00bfQu\u00e9 tipos de da\u00f1os se otorgar\u00e1n a la v\u00edctima? Lidiar con las consecuencias de un accidente de cami\u00f3n en Beverly Hills es muy diferente a lidiar con un accidente automovil\u00edstico. Por un lado, las lesiones sufridas despu\u00e9s de una colisi\u00f3n con un cami\u00f3n comercial son [&hellip;]","og_url":"https:\/\/westcoasttriallawyers.com\/es\/abogados-accidentes-camion-beverly-hills","og_site_name":"West Coast Trial Lawyers","article_publisher":"https:\/\/www.facebook.com\/westcoasttriallawyers\/","article_modified_time":"2026-02-09T21:24:24+00:00","og_image":[{"width":285,"height":280,"url":"https:\/\/westcoasttriallawyers.com\/wp-content\/uploads\/2022\/08\/WCTL_square_logo.jpg","type":"image\/jpeg"}],"twitter_card":"summary_large_image","twitter_site":"@WestCoastTrial","twitter_misc":{"Tiempo de lectura":"6 minutos"},"schema":{"@context":"https:\/\/schema.org","@graph":[{"@type":["WebPage","ItemPage"],"@id":"https:\/\/westcoasttriallawyers.com\/es\/abogados-accidentes-camion-beverly-hills","url":"https:\/\/westcoasttriallawyers.com\/es\/abogados-accidentes-camion-beverly-hills","name":"Abogado de accidentes de camiones de Beverly Hills | West Coast Trial Lawyers","isPartOf":{"@id":"https:\/\/westcoasttriallawyers.com\/es#website"},"datePublished":"2023-03-09T14:02:38+00:00","dateModified":"2026-02-09T21:24:24+00:00","breadcrumb":{"@id":"https:\/\/westcoasttriallawyers.com\/es\/abogados-accidentes-camion-beverly-hills#breadcrumb"},"inLanguage":"es","potentialAction":[{"@type":"ReadAction","target":["https:\/\/westcoasttriallawyers.com\/es\/abogados-accidentes-camion-beverly-hills"]}]},{"@type":"BreadcrumbList","@id":"https:\/\/westcoasttriallawyers.com\/es\/abogados-accidentes-camion-beverly-hills#breadcrumb","itemListElement":[{"@type":"ListItem","position":1,"name":"Inicio","item":"https:\/\/westcoasttriallawyers.com\/es"},{"@type":"ListItem","position":2,"name":"Abogado de accidentes de camiones de Beverly Hills"}]},{"@type":"WebSite","@id":"https:\/\/westcoasttriallawyers.com\/es#website","url":"https:\/\/westcoasttriallawyers.com\/es","name":"West Coast Trial Lawyers","description":"West Coast Trial Lawyers","publisher":{"@id":"https:\/\/westcoasttriallawyers.com\/es#organization"},"alternateName":"WCTL","potentialAction":[{"@type":"SearchAction","target":{"@type":"EntryPoint","urlTemplate":"https:\/\/westcoasttriallawyers.com\/es?s={search_term_string}"},"query-input":{"@type":"PropertyValueSpecification","valueRequired":true,"valueName":"search_term_string"}}],"inLanguage":"es"},{"@type":"Organization","@id":"https:\/\/westcoasttriallawyers.com\/es#organization","name":"West Coast Trial Lawyers","alternateName":"WCTL","url":"https:\/\/westcoasttriallawyers.com\/es","logo":{"@type":"ImageObject","inLanguage":"es","@id":"https:\/\/westcoasttriallawyers.com\/es#\/schema\/logo\/image\/","url":"https:\/\/westcoasttriallawyers.com\/wp-content\/uploads\/2026\/02\/WCTL-Logo.jpg","contentUrl":"https:\/\/westcoasttriallawyers.com\/wp-content\/uploads\/2026\/02\/WCTL-Logo.jpg","width":696,"height":696,"caption":"West Coast Trial Lawyers"},"image":{"@id":"https:\/\/westcoasttriallawyers.com\/es#\/schema\/logo\/image\/"},"sameAs":["https:\/\/www.facebook.com\/westcoasttriallawyers\/","https:\/\/x.com\/WestCoastTrial","https:\/\/www.linkedin.com\/company\/west-coast-trial-lawyers\/","https:\/\/www.instagram.com\/westcoasttriallawyers\/","https:\/\/www.yelp.com\/biz\/west-coast-trial-lawyers-los-angeles-2","https:\/\/www.pinterest.com\/westcoasttrial\/","https:\/\/www.youtube.com\/westcoasttriallawyersla\/","https:\/\/www.tiktok.com\/westcoasttriallawyers"],"description":"West Coast Trial Lawyers is a top-rated personal injury law firm with a goal to provide expert legal representation to those in need. The law firm has offices across California, Nevada, Arizona, and Washington.","legalName":"West Coast Trial Lawyers"}]}},"_links":{"self":[{"href":"https:\/\/westcoasttriallawyers.com\/es\/wp-json\/wp\/v2\/pages\/13148","targetHints":{"allow":["GET"]}}],"collection":[{"href":"https:\/\/westcoasttriallawyers.com\/es\/wp-json\/wp\/v2\/pages"}],"about":[{"href":"https:\/\/westcoasttriallawyers.com\/es\/wp-json\/wp\/v2\/types\/page"}],"author":[{"embeddable":true,"href":"https:\/\/westcoasttriallawyers.com\/es\/wp-json\/wp\/v2\/users\/470"}],"replies":[{"embeddable":true,"href":"https:\/\/westcoasttriallawyers.com\/es\/wp-json\/wp\/v2\/comments?post=13148"}],"version-history":[{"count":2,"href":"https:\/\/westcoasttriallawyers.com\/es\/wp-json\/wp\/v2\/pages\/13148\/revisions"}],"predecessor-version":[{"id":48701,"href":"https:\/\/westcoasttriallawyers.com\/es\/wp-json\/wp\/v2\/pages\/13148\/revisions\/48701"}],"wp:attachment":[{"href":"https:\/\/westcoasttriallawyers.com\/es\/wp-json\/wp\/v2\/media?parent=13148"}],"curies":[{"name":"wp","href":"https:\/\/api.w.org\/{rel}","templated":true}]}}