{"id":13141,"date":"2026-01-14T15:50:39","date_gmt":"2026-01-14T15:50:39","guid":{"rendered":"https:\/\/wctl1stg.wpengine.com\/?page_id=13141"},"modified":"2026-01-22T13:55:41","modified_gmt":"2026-01-22T13:55:41","slug":"abogado-de-accidentes-de-uber-y-lyft-en-woodland-hills","status":"publish","type":"page","link":"https:\/\/westcoasttriallawyers.com\/es\/california\/woodland-hills\/abogado-de-accidentes-de-uber-y-lyft-en-woodland-hills","title":{"rendered":"Abogado de accidentes de Uber y Lyft en Woodland Hills"},"content":{"rendered":"<h2><strong>\u00bfQu\u00e9 ofrece el seguro de viajes compartidos?<\/strong><\/h2>\n<p>Uber y Lyft se han convertido en empresas populares de viajes compartidos en ciudades de California, incluida Woodland Hills. Ambas compa\u00f1\u00edas ofrecen aplicaciones que brindan recogidas y devoluciones estimadas, junto con el precio total de sus servicios. Estas aplicaciones son populares entre quienes se dirigen al trabajo, a la universidad o a una salida nocturna.<\/p>\n<p>Aunque hay muchos beneficios relacionados con el uso de Uber y Lyft, tambi\u00e9n hay factores negativos a considerar. Seg\u00fan varios informes de accidentes de Uber y Lyft que se han publicado en los \u00faltimos a\u00f1os, a los pasajeros les preocupa que puedan ser la pr\u00f3xima v\u00edctima en un caso de accidente o agresi\u00f3n. Los pasajeros no solo tienen miedo de la experiencia que pueden tener durante un viaje, sino que los conductores de viajes compartidos tambi\u00e9n tendr\u00e1n una sensaci\u00f3n de miedo al preguntarse qu\u00e9 tipo de pasajero ingresar\u00e1 a su veh\u00edculo. Los conductores de viajes compartidos han sido v\u00edctimas de agresiones y agresiones sexuales. Esto ha ocurrido com\u00fanmente con los ciclistas que se encontraron bajo la influencia de drogas o alcohol. Afortunadamente, un conductor de viaje compartido tiene derecho a rechazar el servicio a aquellos que puedan parecer una amenaza para su seguridad.<\/p>\n<p>Si usted es v\u00edctima de un accidente de Uber o Lyft y le gustar\u00eda buscar compensaci\u00f3n por da\u00f1os y perjuicios, West Coast Trial Lawyers cuenta con abogados especialistas en accidentes de Uber y Lyft en Woodland Hills que han ganado m\u00e1s de 5,000 casos de lesiones personales y han recuperado m\u00e1s de $1,000 millones en acuerdos por nuestros clientes. Debido a nuestros logros, hemos sido reconocidos como uno de los mejores bufetes de abogados de lesiones personales en Woodland Hills.<\/p>\n<p>Si desea programar una consulta gratuita y sin compromiso en nuestro bufete de abogados de lesiones personales de Woodland Hills, comun\u00edquese con nosotros llamando al&nbsp;<strong>213-927-3700<\/strong> o enviando un correo electr\u00f3nico a<strong>&nbsp;<\/strong><a href=\"mailto:info@westcoasttriallawyers.com\"><strong>info@westcoasttriallawyers.com<\/strong><\/a><strong>.&nbsp;<\/strong><\/p>\n<h2><strong>\u00bfDebo obtener un seguro de viajes compartidos?<\/strong><\/h2>\n<p>Es esencial tener un seguro de viaje compartido en caso de que su seguro de autom\u00f3vil personal no cubra un accidente en el que se vea involucrado durante las horas de trabajo. Una vez que haya adquirido el trabajo de conductor de viaje compartido, se espera que notifique a su aseguradora de autom\u00f3viles que est\u00e1 usando su autom\u00f3vil para trabajar. Si elige no informarles sobre esto, es probable que se cancele su p\u00f3liza.<\/p>\n<h2><strong>Per\u00edodos de viajes compartidos<\/strong><\/h2>\n<p>Cuando conduzca para Uber o Lyft, se le brindar\u00e1 una cobertura que lo ayudar\u00e1 a compensar los da\u00f1os que se hayan causado durante sus viajes. Ambas compa\u00f1\u00edas de viajes compartidos ofrecen una cobertura casi id\u00e9ntica para sus conductores.<\/p>\n<ul>\n<li><strong>Per\u00edodo 0:<\/strong> la aplicaci\u00f3n de un conductor est\u00e1 desactivada. Cualquier accidente que se produzca durante este tiempo deber\u00e1 estar cubierto por el seguro de autom\u00f3vil personal del conductor.<\/li>\n<li><strong>Per\u00edodo 1:<\/strong> un conductor est\u00e1 esperando una solicitud o se dirige a recoger a un pasajero. Si ocurre un accidente durante este per\u00edodo, Uber y Lyft proporcionar\u00e1n $50,000 por lesiones corporales por persona\/$100,000 por lesiones corporales por accidente\/$25,000 por da\u00f1os a la propiedad por accidente si su seguro personal no se aplica.<\/li>\n<li><strong>Per\u00edodo 2:<\/strong> un conductor deja a un pasajero en la ubicaci\u00f3n seleccionada. Si ocurre un accidente durante este per\u00edodo, Uber y Lyft proporcionar\u00e1n $1,000,000 por responsabilidad de terceros, cobertura de motorista sin seguro o con seguro insuficiente (UM\/UIM) y cobertura integral contingente y de colisi\u00f3n hasta el valor real en efectivo del veh\u00edculo (deducible de $2,500) . Para Uber, el deducible ser\u00e1 de $1,000 si se ofrecen tipos espec\u00edficos de veh\u00edculos a trav\u00e9s del Mercado de veh\u00edculos.<\/li>\n<\/ul>\n<h2><strong>C\u00f3mo protegerse si es conductor de Uber o Lyft<\/strong><\/h2>\n<ul>\n<li><strong>Verifique a su pasajero antes de permitirle entrar en su veh\u00edculo.<\/strong> Antes de permitir que un pasajero ingrese a su veh\u00edculo, solicite su nombre para fines de verificaci\u00f3n. Por ejemplo, Joseph, un conductor de viajes compartidos, acept\u00f3 una solicitud de un pasajero llamado Erica. Joseph se detiene en la ubicaci\u00f3n que envi\u00f3 Erica. Mientras Joseph busca al jinete, se da cuenta de que una mujer espera pacientemente al costado de la calle. Se dirige directamente a la mujer y se detiene frente a ella. Joseph baja la ventanilla y le pregunta a la mujer si se llama Erica. La mujer confirma que en realidad es Erica. Luego, Erica procede a preguntar el nombre de Joseph, en lo que Joseph confirma que \u00e9l es su conductor.<\/li>\n<li><strong>Proteja su informaci\u00f3n personal.<\/strong> Entendemos que surgen conversaciones interesantes entre el conductor y el pasajero, sin embargo, nunca debe divulgar informaci\u00f3n personal sobre usted. Aseg\u00farese de no permitir que se comparta informaci\u00f3n, como su n\u00famero de tel\u00e9fono o direcci\u00f3n, con ning\u00fan pasajero que recoja. Nunca se sabe las intenciones que puede tener un pasajero al conocer detalles personales sobre un conductor de viaje compartido.<\/li>\n<li><strong>No viole ninguna de las pautas de la comunidad de Uber o Lyft.<\/strong> Conduzca siempre con seguridad y respete las normas de circulaci\u00f3n, incluso si un ciclista le insta a acelerar o infringir las normas de tr\u00e1fico para llegar al destino seleccionado lo antes posible.<\/li>\n<li><strong>D\u00e9jale una rese\u00f1a a tu pasajero una vez que se haya completado el viaje.<\/strong> Si no estuvo satisfecho con la actitud del pasajero durante el viaje, puede darle una calificaci\u00f3n baja para evitar emparejarse con \u00e9l en el futuro. En la aplicaci\u00f3n de Lyft, si un conductor o pasajero recibe tres estrellas o menos en una revisi\u00f3n bidireccional, no tendr\u00e1 rival para los futuros servicios de Lyft.<\/li>\n<li><strong>Instale una c\u00e1mara de tablero para monitorear el comportamiento del conductor en el veh\u00edculo.<\/strong> Es importante tener una c\u00e1mara de tablero en su veh\u00edculo para monitorear sus viajes. Tener una c\u00e1mara de tablero disponible para registrar el comportamiento de un ciclista puede usarse como evidencia si elige denunciarlo por su mala conducta. Tambi\u00e9n puede protegerse de acusaciones falsas. Uber y Lyft permiten el uso de c\u00e1maras de tablero para viajes, sin embargo, debe verificar las reglas y regulaciones de su ciudad local para averiguar si es legal o no grabar a un extra\u00f1o en su veh\u00edculo.<\/li>\n<li><strong>Comun\u00edquese con el equipo de soporte de la aplicaci\u00f3n de viajes compartidos en caso de una emergencia.<\/strong> Las aplicaciones deben tener caracter\u00edsticas instaladas para contactar al equipo de soporte con solo presionar un bot\u00f3n. Para Lyft, este es el bot\u00f3n \u00abLl\u00e1mame\u00bb en la aplicaci\u00f3n que te conectar\u00e1 con el equipo de respuesta a emergencias. Para Uber, esto se llama \u00abL\u00ednea de emergencia\u00bb.<\/li>\n<\/ul>\n<h2><strong>Cont\u00e1ctenos<\/strong><\/h2>\n<p>Si ha sufrido lesiones en la ciudad de Woodland Hills como resultado de un accidente de Uber o Lyft, los abogados litigantes de la costa oeste lo ayudaron a obtener la justicia que se merece.<\/p>\n<p>Si est\u00e1 interesado en utilizar nuestros servicios, cont\u00e1ctenos hoy llamando al&nbsp;<strong>213-927-3700<\/strong> o env\u00ede un correo electr\u00f3nico a&nbsp;<a href=\"mailto:info@westcoasttriallawyers.com\"><strong>info@westcoasttriallawyers.com<\/strong><\/a> para programar una consulta gratuita con nuestro equipo legal experimentado, atento y compasivo.<br \/>\n<!-- WCTL_DEBUG: no shortcode in this_content --><\/p>\n","protected":false},"excerpt":{"rendered":"<p>\u00bfQu\u00e9 ofrece el seguro de viajes compartidos? Uber y Lyft se han convertido en empresas populares de viajes compartidos en ciudades de California, incluida Woodland Hills. Ambas compa\u00f1\u00edas ofrecen aplicaciones que brindan recogidas y devoluciones estimadas, junto con el precio total de sus servicios. Estas aplicaciones son populares entre quienes se dirigen al trabajo, a [&hellip;]<\/p>\n","protected":false},"author":475,"featured_media":46129,"parent":47405,"menu_order":0,"comment_status":"closed","ping_status":"closed","template":"","meta":{"inline_featured_image":false,"footnotes":""},"class_list":["post-13141","page","type-page","status-publish","has-post-thumbnail","hentry"],"acf":[],"yoast_head":"<!-- This site is optimized with the Yoast SEO Premium plugin v26.0 (Yoast SEO v26.0) - https:\/\/yoast.com\/wordpress\/plugins\/seo\/ -->\n<title>Abogado de accidentes de Uber y Lyft en Woodland Hills | West Coast Trial Lawyers<\/title>\n<meta name=\"robots\" content=\"index, follow, max-snippet:-1, max-image-preview:large, max-video-preview:-1\" \/>\n<link rel=\"canonical\" href=\"https:\/\/westcoasttriallawyers.com\/es\/california\/woodland-hills\/abogado-de-accidentes-de-uber-y-lyft-en-woodland-hills\" \/>\n<meta property=\"og:locale\" content=\"es_ES\" \/>\n<meta property=\"og:type\" content=\"article\" \/>\n<meta property=\"og:title\" content=\"Abogado de accidentes de Uber y Lyft en Woodland Hills\" \/>\n<meta property=\"og:description\" content=\"\u00bfQu\u00e9 ofrece el seguro de viajes compartidos? Uber y Lyft se han convertido en empresas populares de viajes compartidos en ciudades de California, incluida Woodland Hills. Ambas compa\u00f1\u00edas ofrecen aplicaciones que brindan recogidas y devoluciones estimadas, junto con el precio total de sus servicios. Estas aplicaciones son populares entre quienes se dirigen al trabajo, a [&hellip;]\" \/>\n<meta property=\"og:url\" content=\"https:\/\/westcoasttriallawyers.com\/es\/california\/woodland-hills\/abogado-de-accidentes-de-uber-y-lyft-en-woodland-hills\" \/>\n<meta property=\"og:site_name\" content=\"West Coast Trial Lawyers\" \/>\n<meta property=\"article:publisher\" content=\"https:\/\/www.facebook.com\/westcoasttriallawyers\/\" \/>\n<meta property=\"article:modified_time\" content=\"2026-01-22T13:55:41+00:00\" \/>\n<meta property=\"og:image\" content=\"https:\/\/westcoasttriallawyers.com\/wp-content\/uploads\/2025\/07\/Woodland-Hills-27.webp\" \/>\n\t<meta property=\"og:image:width\" content=\"557\" \/>\n\t<meta property=\"og:image:height\" content=\"327\" \/>\n\t<meta property=\"og:image:type\" content=\"image\/webp\" \/>\n<meta name=\"twitter:card\" content=\"summary_large_image\" \/>\n<meta name=\"twitter:site\" content=\"@WestCoastTrial\" \/>\n<meta name=\"twitter:label1\" content=\"Tiempo de lectura\" \/>\n\t<meta name=\"twitter:data1\" content=\"12 minutos\" \/>\n<script type=\"application\/ld+json\" class=\"yoast-schema-graph\">{\"@context\":\"https:\/\/schema.org\",\"@graph\":[{\"@type\":[\"WebPage\",\"ItemPage\"],\"@id\":\"https:\/\/westcoasttriallawyers.com\/es\/california\/woodland-hills\/abogado-de-accidentes-de-uber-y-lyft-en-woodland-hills\",\"url\":\"https:\/\/westcoasttriallawyers.com\/es\/california\/woodland-hills\/abogado-de-accidentes-de-uber-y-lyft-en-woodland-hills\",\"name\":\"Abogado de accidentes de Uber y Lyft en Woodland Hills | West Coast Trial Lawyers\",\"isPartOf\":{\"@id\":\"https:\/\/westcoasttriallawyers.com\/es#website\"},\"primaryImageOfPage\":{\"@id\":\"https:\/\/westcoasttriallawyers.com\/es\/california\/woodland-hills\/abogado-de-accidentes-de-uber-y-lyft-en-woodland-hills#primaryimage\"},\"image\":{\"@id\":\"https:\/\/westcoasttriallawyers.com\/es\/california\/woodland-hills\/abogado-de-accidentes-de-uber-y-lyft-en-woodland-hills#primaryimage\"},\"thumbnailUrl\":\"https:\/\/westcoasttriallawyers.com\/wp-content\/uploads\/2025\/07\/Woodland-Hills-27.webp\",\"datePublished\":\"2026-01-14T15:50:39+00:00\",\"dateModified\":\"2026-01-22T13:55:41+00:00\",\"breadcrumb\":{\"@id\":\"https:\/\/westcoasttriallawyers.com\/es\/california\/woodland-hills\/abogado-de-accidentes-de-uber-y-lyft-en-woodland-hills#breadcrumb\"},\"inLanguage\":\"es\",\"potentialAction\":[{\"@type\":\"ReadAction\",\"target\":[\"https:\/\/westcoasttriallawyers.com\/es\/california\/woodland-hills\/abogado-de-accidentes-de-uber-y-lyft-en-woodland-hills\"]}]},{\"@type\":\"ImageObject\",\"inLanguage\":\"es\",\"@id\":\"https:\/\/westcoasttriallawyers.com\/es\/california\/woodland-hills\/abogado-de-accidentes-de-uber-y-lyft-en-woodland-hills#primaryimage\",\"url\":\"https:\/\/westcoasttriallawyers.com\/wp-content\/uploads\/2025\/07\/Woodland-Hills-27.webp\",\"contentUrl\":\"https:\/\/westcoasttriallawyers.com\/wp-content\/uploads\/2025\/07\/Woodland-Hills-27.webp\",\"width\":557,\"height\":327},{\"@type\":\"BreadcrumbList\",\"@id\":\"https:\/\/westcoasttriallawyers.com\/es\/california\/woodland-hills\/abogado-de-accidentes-de-uber-y-lyft-en-woodland-hills#breadcrumb\",\"itemListElement\":[{\"@type\":\"ListItem\",\"position\":1,\"name\":\"Inicio\",\"item\":\"https:\/\/westcoasttriallawyers.com\/es\"},{\"@type\":\"ListItem\",\"position\":2,\"name\":\"California\",\"item\":\"https:\/\/westcoasttriallawyers.com\/es\/california\"},{\"@type\":\"ListItem\",\"position\":3,\"name\":\"Woodland Hills\",\"item\":\"https:\/\/westcoasttriallawyers.com\/es\/california\/woodland-hills\"},{\"@type\":\"ListItem\",\"position\":4,\"name\":\"Abogado de accidentes de Uber y Lyft en Woodland Hills\"}]},{\"@type\":\"WebSite\",\"@id\":\"https:\/\/westcoasttriallawyers.com\/es#website\",\"url\":\"https:\/\/westcoasttriallawyers.com\/es\",\"name\":\"West Coast Trial Lawyers\",\"description\":\"West Coast Trial Lawyers\",\"publisher\":{\"@id\":\"https:\/\/westcoasttriallawyers.com\/es#organization\"},\"alternateName\":\"WCTL\",\"potentialAction\":[{\"@type\":\"SearchAction\",\"target\":{\"@type\":\"EntryPoint\",\"urlTemplate\":\"https:\/\/westcoasttriallawyers.com\/es?s={search_term_string}\"},\"query-input\":{\"@type\":\"PropertyValueSpecification\",\"valueRequired\":true,\"valueName\":\"search_term_string\"}}],\"inLanguage\":\"es\"},{\"@type\":\"Organization\",\"@id\":\"https:\/\/westcoasttriallawyers.com\/es#organization\",\"name\":\"West Coast Trial Lawyers\",\"alternateName\":\"WCTL\",\"url\":\"https:\/\/westcoasttriallawyers.com\/es\",\"logo\":{\"@type\":\"ImageObject\",\"inLanguage\":\"es\",\"@id\":\"https:\/\/westcoasttriallawyers.com\/es#\/schema\/logo\/image\/\",\"url\":\"https:\/\/westcoasttriallawyers.com\/wp-content\/uploads\/2026\/02\/WCTL-Logo.jpg\",\"contentUrl\":\"https:\/\/westcoasttriallawyers.com\/wp-content\/uploads\/2026\/02\/WCTL-Logo.jpg\",\"width\":696,\"height\":696,\"caption\":\"West Coast Trial Lawyers\"},\"image\":{\"@id\":\"https:\/\/westcoasttriallawyers.com\/es#\/schema\/logo\/image\/\"},\"sameAs\":[\"https:\/\/www.facebook.com\/westcoasttriallawyers\/\",\"https:\/\/x.com\/WestCoastTrial\",\"https:\/\/www.linkedin.com\/company\/west-coast-trial-lawyers\/\",\"https:\/\/www.instagram.com\/westcoasttriallawyers\/\",\"https:\/\/www.yelp.com\/biz\/west-coast-trial-lawyers-los-angeles-2\",\"https:\/\/www.pinterest.com\/westcoasttrial\/\",\"https:\/\/www.youtube.com\/westcoasttriallawyersla\/\",\"https:\/\/www.tiktok.com\/westcoasttriallawyers\"],\"description\":\"West Coast Trial Lawyers is a top-rated personal injury law firm with a goal to provide expert legal representation to those in need. The law firm has offices across California, Nevada, Arizona, and Washington.\",\"legalName\":\"West Coast Trial Lawyers\"}]}<\/script>\n<!-- \/ Yoast SEO Premium plugin. -->","yoast_head_json":{"title":"Abogado de accidentes de Uber y Lyft en Woodland Hills | West Coast Trial Lawyers","robots":{"index":"index","follow":"follow","max-snippet":"max-snippet:-1","max-image-preview":"max-image-preview:large","max-video-preview":"max-video-preview:-1"},"canonical":"https:\/\/westcoasttriallawyers.com\/es\/california\/woodland-hills\/abogado-de-accidentes-de-uber-y-lyft-en-woodland-hills","og_locale":"es_ES","og_type":"article","og_title":"Abogado de accidentes de Uber y Lyft en Woodland Hills","og_description":"\u00bfQu\u00e9 ofrece el seguro de viajes compartidos? Uber y Lyft se han convertido en empresas populares de viajes compartidos en ciudades de California, incluida Woodland Hills. Ambas compa\u00f1\u00edas ofrecen aplicaciones que brindan recogidas y devoluciones estimadas, junto con el precio total de sus servicios. Estas aplicaciones son populares entre quienes se dirigen al trabajo, a [&hellip;]","og_url":"https:\/\/westcoasttriallawyers.com\/es\/california\/woodland-hills\/abogado-de-accidentes-de-uber-y-lyft-en-woodland-hills","og_site_name":"West Coast Trial Lawyers","article_publisher":"https:\/\/www.facebook.com\/westcoasttriallawyers\/","article_modified_time":"2026-01-22T13:55:41+00:00","og_image":[{"width":557,"height":327,"url":"https:\/\/westcoasttriallawyers.com\/wp-content\/uploads\/2025\/07\/Woodland-Hills-27.webp","type":"image\/webp"}],"twitter_card":"summary_large_image","twitter_site":"@WestCoastTrial","twitter_misc":{"Tiempo de lectura":"12 minutos"},"schema":{"@context":"https:\/\/schema.org","@graph":[{"@type":["WebPage","ItemPage"],"@id":"https:\/\/westcoasttriallawyers.com\/es\/california\/woodland-hills\/abogado-de-accidentes-de-uber-y-lyft-en-woodland-hills","url":"https:\/\/westcoasttriallawyers.com\/es\/california\/woodland-hills\/abogado-de-accidentes-de-uber-y-lyft-en-woodland-hills","name":"Abogado de accidentes de Uber y Lyft en Woodland Hills | West Coast Trial Lawyers","isPartOf":{"@id":"https:\/\/westcoasttriallawyers.com\/es#website"},"primaryImageOfPage":{"@id":"https:\/\/westcoasttriallawyers.com\/es\/california\/woodland-hills\/abogado-de-accidentes-de-uber-y-lyft-en-woodland-hills#primaryimage"},"image":{"@id":"https:\/\/westcoasttriallawyers.com\/es\/california\/woodland-hills\/abogado-de-accidentes-de-uber-y-lyft-en-woodland-hills#primaryimage"},"thumbnailUrl":"https:\/\/westcoasttriallawyers.com\/wp-content\/uploads\/2025\/07\/Woodland-Hills-27.webp","datePublished":"2026-01-14T15:50:39+00:00","dateModified":"2026-01-22T13:55:41+00:00","breadcrumb":{"@id":"https:\/\/westcoasttriallawyers.com\/es\/california\/woodland-hills\/abogado-de-accidentes-de-uber-y-lyft-en-woodland-hills#breadcrumb"},"inLanguage":"es","potentialAction":[{"@type":"ReadAction","target":["https:\/\/westcoasttriallawyers.com\/es\/california\/woodland-hills\/abogado-de-accidentes-de-uber-y-lyft-en-woodland-hills"]}]},{"@type":"ImageObject","inLanguage":"es","@id":"https:\/\/westcoasttriallawyers.com\/es\/california\/woodland-hills\/abogado-de-accidentes-de-uber-y-lyft-en-woodland-hills#primaryimage","url":"https:\/\/westcoasttriallawyers.com\/wp-content\/uploads\/2025\/07\/Woodland-Hills-27.webp","contentUrl":"https:\/\/westcoasttriallawyers.com\/wp-content\/uploads\/2025\/07\/Woodland-Hills-27.webp","width":557,"height":327},{"@type":"BreadcrumbList","@id":"https:\/\/westcoasttriallawyers.com\/es\/california\/woodland-hills\/abogado-de-accidentes-de-uber-y-lyft-en-woodland-hills#breadcrumb","itemListElement":[{"@type":"ListItem","position":1,"name":"Inicio","item":"https:\/\/westcoasttriallawyers.com\/es"},{"@type":"ListItem","position":2,"name":"California","item":"https:\/\/westcoasttriallawyers.com\/es\/california"},{"@type":"ListItem","position":3,"name":"Woodland Hills","item":"https:\/\/westcoasttriallawyers.com\/es\/california\/woodland-hills"},{"@type":"ListItem","position":4,"name":"Abogado de accidentes de Uber y Lyft en Woodland Hills"}]},{"@type":"WebSite","@id":"https:\/\/westcoasttriallawyers.com\/es#website","url":"https:\/\/westcoasttriallawyers.com\/es","name":"West Coast Trial Lawyers","description":"West Coast Trial Lawyers","publisher":{"@id":"https:\/\/westcoasttriallawyers.com\/es#organization"},"alternateName":"WCTL","potentialAction":[{"@type":"SearchAction","target":{"@type":"EntryPoint","urlTemplate":"https:\/\/westcoasttriallawyers.com\/es?s={search_term_string}"},"query-input":{"@type":"PropertyValueSpecification","valueRequired":true,"valueName":"search_term_string"}}],"inLanguage":"es"},{"@type":"Organization","@id":"https:\/\/westcoasttriallawyers.com\/es#organization","name":"West Coast Trial Lawyers","alternateName":"WCTL","url":"https:\/\/westcoasttriallawyers.com\/es","logo":{"@type":"ImageObject","inLanguage":"es","@id":"https:\/\/westcoasttriallawyers.com\/es#\/schema\/logo\/image\/","url":"https:\/\/westcoasttriallawyers.com\/wp-content\/uploads\/2026\/02\/WCTL-Logo.jpg","contentUrl":"https:\/\/westcoasttriallawyers.com\/wp-content\/uploads\/2026\/02\/WCTL-Logo.jpg","width":696,"height":696,"caption":"West Coast Trial Lawyers"},"image":{"@id":"https:\/\/westcoasttriallawyers.com\/es#\/schema\/logo\/image\/"},"sameAs":["https:\/\/www.facebook.com\/westcoasttriallawyers\/","https:\/\/x.com\/WestCoastTrial","https:\/\/www.linkedin.com\/company\/west-coast-trial-lawyers\/","https:\/\/www.instagram.com\/westcoasttriallawyers\/","https:\/\/www.yelp.com\/biz\/west-coast-trial-lawyers-los-angeles-2","https:\/\/www.pinterest.com\/westcoasttrial\/","https:\/\/www.youtube.com\/westcoasttriallawyersla\/","https:\/\/www.tiktok.com\/westcoasttriallawyers"],"description":"West Coast Trial Lawyers is a top-rated personal injury law firm with a goal to provide expert legal representation to those in need. The law firm has offices across California, Nevada, Arizona, and Washington.","legalName":"West Coast Trial Lawyers"}]}},"_links":{"self":[{"href":"https:\/\/westcoasttriallawyers.com\/es\/wp-json\/wp\/v2\/pages\/13141","targetHints":{"allow":["GET"]}}],"collection":[{"href":"https:\/\/westcoasttriallawyers.com\/es\/wp-json\/wp\/v2\/pages"}],"about":[{"href":"https:\/\/westcoasttriallawyers.com\/es\/wp-json\/wp\/v2\/types\/page"}],"author":[{"embeddable":true,"href":"https:\/\/westcoasttriallawyers.com\/es\/wp-json\/wp\/v2\/users\/475"}],"replies":[{"embeddable":true,"href":"https:\/\/westcoasttriallawyers.com\/es\/wp-json\/wp\/v2\/comments?post=13141"}],"version-history":[{"count":3,"href":"https:\/\/westcoasttriallawyers.com\/es\/wp-json\/wp\/v2\/pages\/13141\/revisions"}],"predecessor-version":[{"id":47981,"href":"https:\/\/westcoasttriallawyers.com\/es\/wp-json\/wp\/v2\/pages\/13141\/revisions\/47981"}],"up":[{"embeddable":true,"href":"https:\/\/westcoasttriallawyers.com\/es\/wp-json\/wp\/v2\/pages\/47405"}],"wp:featuredmedia":[{"embeddable":true,"href":"https:\/\/westcoasttriallawyers.com\/es\/wp-json\/wp\/v2\/media\/46129"}],"wp:attachment":[{"href":"https:\/\/westcoasttriallawyers.com\/es\/wp-json\/wp\/v2\/media?parent=13141"}],"curies":[{"name":"wp","href":"https:\/\/api.w.org\/{rel}","templated":true}]}}