{"id":13137,"date":"2026-01-14T15:50:29","date_gmt":"2026-01-14T15:50:29","guid":{"rendered":"https:\/\/wctl1stg.wpengine.com\/?page_id=13137"},"modified":"2026-01-23T21:22:27","modified_gmt":"2026-01-23T21:22:27","slug":"abogados-lesiones-cerebrales-woodland-hills","status":"publish","type":"page","link":"https:\/\/westcoasttriallawyers.com\/es\/california\/woodland-hills\/abogados-lesiones-cerebrales-woodland-hills","title":{"rendered":"Abogado de lesiones cerebrales de Woodland Hills \u00a0"},"content":{"rendered":"<h2><strong>Qu\u00e9 s\u00edntomas debe tener en cuenta en una lesi\u00f3n cerebral derecha e izquierda y c\u00f3mo tratarla<\/strong><\/h2>\n<p>Podr\u00eda decirse que el cerebro es el \u00f3rgano m\u00e1s importante del cuerpo humano. Cualquier da\u00f1o que se haga al cerebro puede afectar la funci\u00f3n de todo el cuerpo. Las causas comunes de una lesi\u00f3n cerebral incluyen accidentes automovil\u00edsticos, accidentes de motocicleta, accidentes de bicicleta, etc. Si estuvo involucrado en un accidente grave y se lastim\u00f3 la cabeza, lo mejor es que lo revise un neur\u00f3logo lo antes posible. El neur\u00f3logo examinar\u00e1 su lesi\u00f3n y realizar\u00e1 varias pruebas antes de determinar un diagn\u00f3stico. Una vez que se hayan enviado las pruebas para su revisi\u00f3n, el neur\u00f3logo analizar\u00e1 los resultados y entregar\u00e1 un diagn\u00f3stico. El neur\u00f3logo tambi\u00e9n crear\u00e1 un plan de tratamiento que lo ayudar\u00e1 con su recuperaci\u00f3n.<\/p>\n<p>La recuperaci\u00f3n total no siempre est\u00e1 garantizada para todas las v\u00edctimas de lesiones cerebrales. Cada persona soporta un nivel diferente de impacto que puede resultar en un da\u00f1o leve a severo en el cerebro. Algunos pueden ver resultados efectivos dentro de los primeros meses, mientras que otros tendr\u00e1n que soportar un tratamiento de por vida para vivir un estilo de vida c\u00f3modo. Esto puede convertirse en una carga financiera, ya que tendr\u00e1 que pasar por m\u00faltiples procedimientos y visitas al m\u00e9dico. Si su lesi\u00f3n cerebral fue causada por una parte negligente, entonces puede tener derecho a recibir una compensaci\u00f3n por da\u00f1os, incluidas las facturas m\u00e9dicas relacionadas con su accidente.<\/p>\n<p>En West Coast Trial Lawyers, nuestros abogados de lesiones cerebrales de Woodland Hills tienen m\u00e1s de 60 a\u00f1os de experiencia legal colectiva en el manejo de casos de lesiones personales. Con nuestro historial de recuperaci\u00f3n de m\u00e1s de $1 mil millones en acuerdos para nuestros clientes, hemos sido clasificados como uno de los mejores bufetes de abogados de lesiones personales en Woodland Hills.<\/p>\n<p>Si est\u00e1 interesado en utilizar nuestros servicios, comun\u00edquese con nuestro equipo legal las 24 horas, los 7 d\u00edas de la semana llamando al\u00a0<strong>213-927-3700<\/strong> o enviando un correo electr\u00f3nico a\u00a0<a href=\"mailto:info@westcoasttriallawyers.com\"><strong>info@westcoasttriallawyers.com<\/strong><\/a> para programar una consulta gratuita y sin compromiso en nuestro bufete de abogados de lesiones personales de Woodland Hills.<\/p>\n<h2><strong>Lesiones cerebrales izquierda y derecha<\/strong><\/h2>\n<p>Hay una gran diferenciaci\u00f3n entre los lados izquierdo y derecho del cerebro. El cerebro derecho es responsable de su creatividad, imaginaci\u00f3n, so\u00f1ar despierto, ritmo, pensamiento, se\u00f1ales no verbales, visualizaci\u00f3n e intuici\u00f3n. Una v\u00edctima de una lesi\u00f3n en el lado derecho del cerebro, tambi\u00e9n conocida como da\u00f1o cerebral en el hemisferio derecho (RHD, por sus siglas en ingl\u00e9s), experimentar\u00e1 dificultades para tratar de entender idiomas, ser consciente de las emociones de otras personas, mostrar poco o ning\u00fan contacto visual, brindar respuestas deficientes, tener pensamientos desorganizados, no expresar emoci\u00f3n, o tener aprosodia.<\/p>\n<p>Los s\u00edntomas adicionales de sufrir una lesi\u00f3n en el cerebro derecho incluye la falta de:<\/p>\n<ol>\n<li><strong>Atenci\u00f3n.<\/strong> Incapaz de mantener la concentraci\u00f3n mientras realiza una tarea.<\/li>\n<li><strong>Memoria.\u00a0<\/strong>Puede ocurrir p\u00e9rdida de memoria, lo que dificulta recordar informaci\u00f3n o eventos importantes.<\/li>\n<li><strong>Socializaci\u00f3n.<\/strong> Luchando por comprender lo que el otro individuo est\u00e1 diciendo o bromeando. Tambi\u00e9n pueden tener dificultades para entender el lenguaje corporal de una persona.<\/li>\n<li><strong>Organizaci\u00f3n.\u00a0<\/strong>La v\u00edctima puede ser incapaz de organizar un proceso de pensamiento adecuado. Esto les dificultar\u00e1 hacer o programar planes.<\/li>\n<li><strong>Orientaci\u00f3n.\u00a0<\/strong>La v\u00edctima puede sufrir de olvido, especialmente con fechas importantes. Esto incluye apellidos, cumplea\u00f1os o d\u00edas festivos.<\/li>\n<li><strong>Razonamiento o resoluci\u00f3n de problemas.<\/strong> Incapaz de identificar un problema y encontrar una manera de resolverlo.<\/li>\n<\/ol>\n<p>El cerebro izquierdo tiene control sobre su l\u00f3gica, n\u00fameros, lenguaje, habilidades cient\u00edficas, razonamiento, funciones verbales, secuenciaci\u00f3n y pensamiento lineal. Los s\u00edntomas comunes de una lesi\u00f3n cerebral izquierda incluyen los siguientes.<\/p>\n<ol>\n<li><strong>Dificultad para comprender palabras escritas y habladas.<\/strong> La v\u00edctima puede estar preocupada por la falta de comprensi\u00f3n de lo que otros est\u00e1n hablando. Adem\u00e1s, podr\u00edan no estar familiarizados con las palabras que se usan en las conversaciones.<\/li>\n<li><strong>Dificultad para expresar palabras escritas y habladas.<\/strong> La v\u00edctima podr\u00eda tener problemas con su vocabulario al no usar las palabras correctamente cuando se comunica con los dem\u00e1s.<\/li>\n<li><strong>Falta de conocimiento con el uso o el conocimiento de los n\u00fameros.<\/strong> Este s\u00edntoma es similar a tener problemas para comprender palabras escritas o habladas. Pueden surgir cosas complicadas para la v\u00edctima cuando intenta aprender o usar n\u00fameros.<\/li>\n<li><strong>No hablar correctamente.<\/strong> El cerebro regula la voz de una persona para que suene de cierta manera. Cuando se da\u00f1a, el cerebro puede tener dificultades para seguir desempe\u00f1ando esta funci\u00f3n. Esta es principalmente la raz\u00f3n por la cual la voz de la v\u00edctima puede sonar diferente despu\u00e9s de su lesi\u00f3n.<\/li>\n<li><strong>Tener dificultad para controlar los movimientos motores.<\/strong> El individuo no tendr\u00e1 la coordinaci\u00f3n adecuada con sus brazos, piernas y otras partes del cuerpo. Si el cerebro izquierdo est\u00e1 lesionado, entonces el lado derecho del cuerpo tendr\u00e1 complicaciones de movimiento motor. Lo mejor ser\u00eda buscar un fisioterapeuta para ayudar con este tipo de problema.<\/li>\n<\/ol>\n<h2><strong>Tratamiento<\/strong><\/h2>\n<p>El tratamiento del cerebro depende de qu\u00e9 \u00e1rea est\u00e9 da\u00f1ada. Debe obtener un diagn\u00f3stico de su lesi\u00f3n cerebral antes de ir a terapia. Una vez que el neur\u00f3logo le haya informado sobre qu\u00e9 \u00e1rea de su cerebro est\u00e1 da\u00f1ada, debe ponerse en contacto con un terapeuta que lo ayudar\u00e1 a tratar su problema. Por lo general, se necesita terapia de rehabilitaci\u00f3n y capacitaci\u00f3n para ayudar con el proceso de recuperaci\u00f3n. Hay una variedad de opciones de terapia disponibles, incluidas las siguientes:<\/p>\n<ul>\n<li>La fisioterapia se recomienda para aquellos que sufren de una lesi\u00f3n en el lado derecho del cerebro. Esto ayudar\u00e1 al individuo a recuperar la fuerza y \u200b\u200bla coordinaci\u00f3n.<\/li>\n<li>La terapia del habla se usa com\u00fanmente para aquellos que se han lesionado el lado izquierdo o derecho del cerebro. Ayudar\u00e1 a mejorar las habilidades de comunicaci\u00f3n y socializaci\u00f3n.<\/li>\n<li>Se sugiere terapia ocupacional para aquellos que tienen una lesi\u00f3n en el lado derecho del cerebro. Esto ayudar\u00e1 a la v\u00edctima a volver a aprender c\u00f3mo realizar las tareas cotidianas.<\/li>\n<li>La terapia cognitiva se utiliza para aquellos que sufren de una lesi\u00f3n cerebral izquierda o derecha. Esto puede mejorar el aprendizaje, la planificaci\u00f3n, la memoria y la atenci\u00f3n de la v\u00edctima.<\/li>\n<\/ul>\n<h2><strong>C\u00f3mo una lesi\u00f3n cerebral puede afectar su vida<\/strong><\/h2>\n<p>Soportar todos estos efectos sobre la salud dificultar\u00e1 que las v\u00edctimas de lesiones cerebrales lleven una vida normal. Tendr\u00e1n dificultades para realizar tareas b\u00e1sicas junto con la socializaci\u00f3n. Adem\u00e1s, la frustraci\u00f3n de lidiar con una condici\u00f3n de salud grave puede hacer que las v\u00edctimas se depriman o se sientan ansiosas. Esta es principalmente la raz\u00f3n por la cual es importante que las personas que sufren una lesi\u00f3n cerebral asistan a terapia. La terapia ayudar\u00e1 a las v\u00edctimas a volver a aprender o mejorar las habilidades que se vieron dram\u00e1ticamente afectadas despu\u00e9s del accidente. Hay una variedad de terapeutas que brindan servicios para cada parte del cuerpo. No solo debe buscar la ayuda de un terapeuta, sino que tambi\u00e9n debe hacerse chequeos regulares con un neur\u00f3logo. Programar\u00e1n chequeos regulares para ver c\u00f3mo le est\u00e1 yendo con su recuperaci\u00f3n. Adem\u00e1s, le recetar\u00e1n medicamentos y realizar\u00e1n procedimientos que podr\u00edan mejorar su condici\u00f3n.<\/p>\n<h2><strong>Cont\u00e1ctenos<\/strong><\/h2>\n<p>Si usted o un ser querido ha sufrido una lesi\u00f3n cerebral derecha o izquierda debido a la negligencia de otra persona, West Coast Trial Lawyers cuenta con abogados experimentados en lesiones cerebrales de Woodland Hills que lo ayudar\u00e1n a obtener la compensaci\u00f3n que merece, incluidas las facturas m\u00e9dicas, la p\u00e9rdida de salarios, el dolor y sufrimiento, y m\u00e1s.<\/p>\n<p>Para programar una consulta gratuita en nuestro bufete de abogados de lesiones personales de Woodland Hills, comun\u00edquese con nuestro equipo legal las 24 horas, los 7 d\u00edas de la semana llamando al\u00a0<strong>213-927-3700<\/strong> o enviando un correo electr\u00f3nico a\u00a0<a href=\"mailto:info@westcoasttriallawyers.com\"><strong>info@westcoasttriallawyers.com<\/strong><\/a><strong>.\u00a0<\/strong><br \/>\n<!-- WCTL_DEBUG: no shortcode in this_content --><\/p>\n","protected":false},"excerpt":{"rendered":"<p>Qu\u00e9 s\u00edntomas debe tener en cuenta en una lesi\u00f3n cerebral derecha e izquierda y c\u00f3mo tratarla Podr\u00eda decirse que el cerebro es el \u00f3rgano m\u00e1s importante del cuerpo humano. Cualquier da\u00f1o que se haga al cerebro puede afectar la funci\u00f3n de todo el cuerpo. Las causas comunes de una lesi\u00f3n cerebral incluyen accidentes automovil\u00edsticos, accidentes [&hellip;]<\/p>\n","protected":false},"author":470,"featured_media":46084,"parent":47405,"menu_order":397,"comment_status":"closed","ping_status":"closed","template":"","meta":{"inline_featured_image":false,"footnotes":""},"class_list":["post-13137","page","type-page","status-publish","has-post-thumbnail","hentry"],"acf":[],"yoast_head":"<!-- This site is optimized with the Yoast SEO Premium plugin v26.0 (Yoast SEO v26.0) - https:\/\/yoast.com\/wordpress\/plugins\/seo\/ -->\n<title>Abogado de lesiones cerebrales de Woodland Hills \u00a0 | West Coast Trial Lawyers<\/title>\n<meta name=\"robots\" content=\"index, follow, max-snippet:-1, max-image-preview:large, max-video-preview:-1\" \/>\n<link rel=\"canonical\" href=\"https:\/\/westcoasttriallawyers.com\/es\/california\/woodland-hills\/abogados-lesiones-cerebrales-woodland-hills\" \/>\n<meta property=\"og:locale\" content=\"es_ES\" \/>\n<meta property=\"og:type\" content=\"article\" \/>\n<meta property=\"og:title\" content=\"Abogado de lesiones cerebrales de Woodland Hills \u00a0\" \/>\n<meta property=\"og:description\" content=\"Qu\u00e9 s\u00edntomas debe tener en cuenta en una lesi\u00f3n cerebral derecha e izquierda y c\u00f3mo tratarla Podr\u00eda decirse que el cerebro es el \u00f3rgano m\u00e1s importante del cuerpo humano. Cualquier da\u00f1o que se haga al cerebro puede afectar la funci\u00f3n de todo el cuerpo. Las causas comunes de una lesi\u00f3n cerebral incluyen accidentes automovil\u00edsticos, accidentes [&hellip;]\" \/>\n<meta property=\"og:url\" content=\"https:\/\/westcoasttriallawyers.com\/es\/california\/woodland-hills\/abogados-lesiones-cerebrales-woodland-hills\" \/>\n<meta property=\"og:site_name\" content=\"West Coast Trial Lawyers\" \/>\n<meta property=\"article:publisher\" content=\"https:\/\/www.facebook.com\/westcoasttriallawyers\/\" \/>\n<meta property=\"article:modified_time\" content=\"2026-01-23T21:22:27+00:00\" \/>\n<meta property=\"og:image\" content=\"https:\/\/westcoasttriallawyers.com\/wp-content\/uploads\/2025\/07\/Woodland-Hills-9.webp\" \/>\n\t<meta property=\"og:image:width\" content=\"557\" \/>\n\t<meta property=\"og:image:height\" content=\"327\" \/>\n\t<meta property=\"og:image:type\" content=\"image\/webp\" \/>\n<meta name=\"twitter:card\" content=\"summary_large_image\" \/>\n<meta name=\"twitter:site\" content=\"@WestCoastTrial\" \/>\n<meta name=\"twitter:label1\" content=\"Tiempo de lectura\" \/>\n\t<meta name=\"twitter:data1\" content=\"6 minutos\" \/>\n<script type=\"application\/ld+json\" class=\"yoast-schema-graph\">{\"@context\":\"https:\/\/schema.org\",\"@graph\":[{\"@type\":[\"WebPage\",\"ItemPage\"],\"@id\":\"https:\/\/westcoasttriallawyers.com\/es\/california\/woodland-hills\/abogados-lesiones-cerebrales-woodland-hills\",\"url\":\"https:\/\/westcoasttriallawyers.com\/es\/california\/woodland-hills\/abogados-lesiones-cerebrales-woodland-hills\",\"name\":\"Abogado de lesiones cerebrales de Woodland Hills \u00a0 | West Coast Trial Lawyers\",\"isPartOf\":{\"@id\":\"https:\/\/westcoasttriallawyers.com\/es#website\"},\"primaryImageOfPage\":{\"@id\":\"https:\/\/westcoasttriallawyers.com\/es\/california\/woodland-hills\/abogados-lesiones-cerebrales-woodland-hills#primaryimage\"},\"image\":{\"@id\":\"https:\/\/westcoasttriallawyers.com\/es\/california\/woodland-hills\/abogados-lesiones-cerebrales-woodland-hills#primaryimage\"},\"thumbnailUrl\":\"https:\/\/westcoasttriallawyers.com\/wp-content\/uploads\/2025\/07\/Woodland-Hills-9.webp\",\"datePublished\":\"2026-01-14T15:50:29+00:00\",\"dateModified\":\"2026-01-23T21:22:27+00:00\",\"breadcrumb\":{\"@id\":\"https:\/\/westcoasttriallawyers.com\/es\/california\/woodland-hills\/abogados-lesiones-cerebrales-woodland-hills#breadcrumb\"},\"inLanguage\":\"es\",\"potentialAction\":[{\"@type\":\"ReadAction\",\"target\":[\"https:\/\/westcoasttriallawyers.com\/es\/california\/woodland-hills\/abogados-lesiones-cerebrales-woodland-hills\"]}]},{\"@type\":\"ImageObject\",\"inLanguage\":\"es\",\"@id\":\"https:\/\/westcoasttriallawyers.com\/es\/california\/woodland-hills\/abogados-lesiones-cerebrales-woodland-hills#primaryimage\",\"url\":\"https:\/\/westcoasttriallawyers.com\/wp-content\/uploads\/2025\/07\/Woodland-Hills-9.webp\",\"contentUrl\":\"https:\/\/westcoasttriallawyers.com\/wp-content\/uploads\/2025\/07\/Woodland-Hills-9.webp\",\"width\":557,\"height\":327},{\"@type\":\"BreadcrumbList\",\"@id\":\"https:\/\/westcoasttriallawyers.com\/es\/california\/woodland-hills\/abogados-lesiones-cerebrales-woodland-hills#breadcrumb\",\"itemListElement\":[{\"@type\":\"ListItem\",\"position\":1,\"name\":\"Inicio\",\"item\":\"https:\/\/westcoasttriallawyers.com\/es\"},{\"@type\":\"ListItem\",\"position\":2,\"name\":\"California\",\"item\":\"https:\/\/westcoasttriallawyers.com\/es\/california\"},{\"@type\":\"ListItem\",\"position\":3,\"name\":\"Woodland Hills\",\"item\":\"https:\/\/westcoasttriallawyers.com\/es\/california\/woodland-hills\"},{\"@type\":\"ListItem\",\"position\":4,\"name\":\"Abogado de lesiones cerebrales de Woodland Hills \u00a0\"}]},{\"@type\":\"WebSite\",\"@id\":\"https:\/\/westcoasttriallawyers.com\/es#website\",\"url\":\"https:\/\/westcoasttriallawyers.com\/es\",\"name\":\"West Coast Trial Lawyers\",\"description\":\"West Coast Trial Lawyers\",\"publisher\":{\"@id\":\"https:\/\/westcoasttriallawyers.com\/es#organization\"},\"alternateName\":\"WCTL\",\"potentialAction\":[{\"@type\":\"SearchAction\",\"target\":{\"@type\":\"EntryPoint\",\"urlTemplate\":\"https:\/\/westcoasttriallawyers.com\/es?s={search_term_string}\"},\"query-input\":{\"@type\":\"PropertyValueSpecification\",\"valueRequired\":true,\"valueName\":\"search_term_string\"}}],\"inLanguage\":\"es\"},{\"@type\":\"Organization\",\"@id\":\"https:\/\/westcoasttriallawyers.com\/es#organization\",\"name\":\"West Coast Trial Lawyers\",\"alternateName\":\"WCTL\",\"url\":\"https:\/\/westcoasttriallawyers.com\/es\",\"logo\":{\"@type\":\"ImageObject\",\"inLanguage\":\"es\",\"@id\":\"https:\/\/westcoasttriallawyers.com\/es#\/schema\/logo\/image\/\",\"url\":\"https:\/\/westcoasttriallawyers.com\/wp-content\/uploads\/2026\/02\/WCTL-Logo.jpg\",\"contentUrl\":\"https:\/\/westcoasttriallawyers.com\/wp-content\/uploads\/2026\/02\/WCTL-Logo.jpg\",\"width\":696,\"height\":696,\"caption\":\"West Coast Trial Lawyers\"},\"image\":{\"@id\":\"https:\/\/westcoasttriallawyers.com\/es#\/schema\/logo\/image\/\"},\"sameAs\":[\"https:\/\/www.facebook.com\/westcoasttriallawyers\/\",\"https:\/\/x.com\/WestCoastTrial\",\"https:\/\/www.linkedin.com\/company\/west-coast-trial-lawyers\/\",\"https:\/\/www.instagram.com\/westcoasttriallawyers\/\",\"https:\/\/www.yelp.com\/biz\/west-coast-trial-lawyers-los-angeles-2\",\"https:\/\/www.pinterest.com\/westcoasttrial\/\",\"https:\/\/www.youtube.com\/westcoasttriallawyersla\/\",\"https:\/\/www.tiktok.com\/westcoasttriallawyers\"],\"description\":\"West Coast Trial Lawyers is a top-rated personal injury law firm with a goal to provide expert legal representation to those in need. The law firm has offices across California, Nevada, Arizona, and Washington.\",\"legalName\":\"West Coast Trial Lawyers\"}]}<\/script>\n<!-- \/ Yoast SEO Premium plugin. -->","yoast_head_json":{"title":"Abogado de lesiones cerebrales de Woodland Hills \u00a0 | West Coast Trial Lawyers","robots":{"index":"index","follow":"follow","max-snippet":"max-snippet:-1","max-image-preview":"max-image-preview:large","max-video-preview":"max-video-preview:-1"},"canonical":"https:\/\/westcoasttriallawyers.com\/es\/california\/woodland-hills\/abogados-lesiones-cerebrales-woodland-hills","og_locale":"es_ES","og_type":"article","og_title":"Abogado de lesiones cerebrales de Woodland Hills \u00a0","og_description":"Qu\u00e9 s\u00edntomas debe tener en cuenta en una lesi\u00f3n cerebral derecha e izquierda y c\u00f3mo tratarla Podr\u00eda decirse que el cerebro es el \u00f3rgano m\u00e1s importante del cuerpo humano. Cualquier da\u00f1o que se haga al cerebro puede afectar la funci\u00f3n de todo el cuerpo. Las causas comunes de una lesi\u00f3n cerebral incluyen accidentes automovil\u00edsticos, accidentes [&hellip;]","og_url":"https:\/\/westcoasttriallawyers.com\/es\/california\/woodland-hills\/abogados-lesiones-cerebrales-woodland-hills","og_site_name":"West Coast Trial Lawyers","article_publisher":"https:\/\/www.facebook.com\/westcoasttriallawyers\/","article_modified_time":"2026-01-23T21:22:27+00:00","og_image":[{"width":557,"height":327,"url":"https:\/\/westcoasttriallawyers.com\/wp-content\/uploads\/2025\/07\/Woodland-Hills-9.webp","type":"image\/webp"}],"twitter_card":"summary_large_image","twitter_site":"@WestCoastTrial","twitter_misc":{"Tiempo de lectura":"6 minutos"},"schema":{"@context":"https:\/\/schema.org","@graph":[{"@type":["WebPage","ItemPage"],"@id":"https:\/\/westcoasttriallawyers.com\/es\/california\/woodland-hills\/abogados-lesiones-cerebrales-woodland-hills","url":"https:\/\/westcoasttriallawyers.com\/es\/california\/woodland-hills\/abogados-lesiones-cerebrales-woodland-hills","name":"Abogado de lesiones cerebrales de Woodland Hills \u00a0 | West Coast Trial Lawyers","isPartOf":{"@id":"https:\/\/westcoasttriallawyers.com\/es#website"},"primaryImageOfPage":{"@id":"https:\/\/westcoasttriallawyers.com\/es\/california\/woodland-hills\/abogados-lesiones-cerebrales-woodland-hills#primaryimage"},"image":{"@id":"https:\/\/westcoasttriallawyers.com\/es\/california\/woodland-hills\/abogados-lesiones-cerebrales-woodland-hills#primaryimage"},"thumbnailUrl":"https:\/\/westcoasttriallawyers.com\/wp-content\/uploads\/2025\/07\/Woodland-Hills-9.webp","datePublished":"2026-01-14T15:50:29+00:00","dateModified":"2026-01-23T21:22:27+00:00","breadcrumb":{"@id":"https:\/\/westcoasttriallawyers.com\/es\/california\/woodland-hills\/abogados-lesiones-cerebrales-woodland-hills#breadcrumb"},"inLanguage":"es","potentialAction":[{"@type":"ReadAction","target":["https:\/\/westcoasttriallawyers.com\/es\/california\/woodland-hills\/abogados-lesiones-cerebrales-woodland-hills"]}]},{"@type":"ImageObject","inLanguage":"es","@id":"https:\/\/westcoasttriallawyers.com\/es\/california\/woodland-hills\/abogados-lesiones-cerebrales-woodland-hills#primaryimage","url":"https:\/\/westcoasttriallawyers.com\/wp-content\/uploads\/2025\/07\/Woodland-Hills-9.webp","contentUrl":"https:\/\/westcoasttriallawyers.com\/wp-content\/uploads\/2025\/07\/Woodland-Hills-9.webp","width":557,"height":327},{"@type":"BreadcrumbList","@id":"https:\/\/westcoasttriallawyers.com\/es\/california\/woodland-hills\/abogados-lesiones-cerebrales-woodland-hills#breadcrumb","itemListElement":[{"@type":"ListItem","position":1,"name":"Inicio","item":"https:\/\/westcoasttriallawyers.com\/es"},{"@type":"ListItem","position":2,"name":"California","item":"https:\/\/westcoasttriallawyers.com\/es\/california"},{"@type":"ListItem","position":3,"name":"Woodland Hills","item":"https:\/\/westcoasttriallawyers.com\/es\/california\/woodland-hills"},{"@type":"ListItem","position":4,"name":"Abogado de lesiones cerebrales de Woodland Hills \u00a0"}]},{"@type":"WebSite","@id":"https:\/\/westcoasttriallawyers.com\/es#website","url":"https:\/\/westcoasttriallawyers.com\/es","name":"West Coast Trial Lawyers","description":"West Coast Trial Lawyers","publisher":{"@id":"https:\/\/westcoasttriallawyers.com\/es#organization"},"alternateName":"WCTL","potentialAction":[{"@type":"SearchAction","target":{"@type":"EntryPoint","urlTemplate":"https:\/\/westcoasttriallawyers.com\/es?s={search_term_string}"},"query-input":{"@type":"PropertyValueSpecification","valueRequired":true,"valueName":"search_term_string"}}],"inLanguage":"es"},{"@type":"Organization","@id":"https:\/\/westcoasttriallawyers.com\/es#organization","name":"West Coast Trial Lawyers","alternateName":"WCTL","url":"https:\/\/westcoasttriallawyers.com\/es","logo":{"@type":"ImageObject","inLanguage":"es","@id":"https:\/\/westcoasttriallawyers.com\/es#\/schema\/logo\/image\/","url":"https:\/\/westcoasttriallawyers.com\/wp-content\/uploads\/2026\/02\/WCTL-Logo.jpg","contentUrl":"https:\/\/westcoasttriallawyers.com\/wp-content\/uploads\/2026\/02\/WCTL-Logo.jpg","width":696,"height":696,"caption":"West Coast Trial Lawyers"},"image":{"@id":"https:\/\/westcoasttriallawyers.com\/es#\/schema\/logo\/image\/"},"sameAs":["https:\/\/www.facebook.com\/westcoasttriallawyers\/","https:\/\/x.com\/WestCoastTrial","https:\/\/www.linkedin.com\/company\/west-coast-trial-lawyers\/","https:\/\/www.instagram.com\/westcoasttriallawyers\/","https:\/\/www.yelp.com\/biz\/west-coast-trial-lawyers-los-angeles-2","https:\/\/www.pinterest.com\/westcoasttrial\/","https:\/\/www.youtube.com\/westcoasttriallawyersla\/","https:\/\/www.tiktok.com\/westcoasttriallawyers"],"description":"West Coast Trial Lawyers is a top-rated personal injury law firm with a goal to provide expert legal representation to those in need. The law firm has offices across California, Nevada, Arizona, and Washington.","legalName":"West Coast Trial Lawyers"}]}},"_links":{"self":[{"href":"https:\/\/westcoasttriallawyers.com\/es\/wp-json\/wp\/v2\/pages\/13137","targetHints":{"allow":["GET"]}}],"collection":[{"href":"https:\/\/westcoasttriallawyers.com\/es\/wp-json\/wp\/v2\/pages"}],"about":[{"href":"https:\/\/westcoasttriallawyers.com\/es\/wp-json\/wp\/v2\/types\/page"}],"author":[{"embeddable":true,"href":"https:\/\/westcoasttriallawyers.com\/es\/wp-json\/wp\/v2\/users\/470"}],"replies":[{"embeddable":true,"href":"https:\/\/westcoasttriallawyers.com\/es\/wp-json\/wp\/v2\/comments?post=13137"}],"version-history":[{"count":2,"href":"https:\/\/westcoasttriallawyers.com\/es\/wp-json\/wp\/v2\/pages\/13137\/revisions"}],"predecessor-version":[{"id":48173,"href":"https:\/\/westcoasttriallawyers.com\/es\/wp-json\/wp\/v2\/pages\/13137\/revisions\/48173"}],"up":[{"embeddable":true,"href":"https:\/\/westcoasttriallawyers.com\/es\/wp-json\/wp\/v2\/pages\/47405"}],"wp:featuredmedia":[{"embeddable":true,"href":"https:\/\/westcoasttriallawyers.com\/es\/wp-json\/wp\/v2\/media\/46084"}],"wp:attachment":[{"href":"https:\/\/westcoasttriallawyers.com\/es\/wp-json\/wp\/v2\/media?parent=13137"}],"curies":[{"name":"wp","href":"https:\/\/api.w.org\/{rel}","templated":true}]}}