{"id":13123,"date":"2026-01-14T15:50:25","date_gmt":"2026-01-14T15:50:25","guid":{"rendered":"https:\/\/wctl1stg.wpengine.com\/?page_id=13123"},"modified":"2026-01-22T13:28:11","modified_gmt":"2026-01-22T13:28:11","slug":"abogado-de-accidente-de-entrega-de-alimentos-de-woodland-hills","status":"publish","type":"page","link":"https:\/\/westcoasttriallawyers.com\/es\/california\/woodland-hills\/abogado-de-accidente-de-entrega-de-alimentos-de-woodland-hills","title":{"rendered":"Abogado de accidente de entrega de alimentos de Woodland Hills\u00a0"},"content":{"rendered":"<h2><strong>\u00bfTuvo un accidente mientras entregaba comida en su autom\u00f3vil personal? Cont\u00e1ctenos hoy para programar una consulta gratuita<\/strong><\/h2>\n<p>Los servicios de entrega de alimentos se han vuelto muy populares en las ciudades de California, incluida Woodland Hills. La gente favorece la idea de que alguien entregue comida a su puerta. Lo convierte en una experiencia conveniente, especialmente para aquellos que no tienen suficiente tiempo para hacerlo ellos mismos. Compa\u00f1\u00edas conocidas, como Uber, DoorDash y Postmates, tienen aplicaciones disponibles para que los clientes las usen para hacer sus pedidos. Estas aplicaciones brindan a los clientes informaci\u00f3n, como qu\u00e9 restaurantes elegir, el tiempo estimado de entrega y un precio calculado para sus pedidos. Una vez que se entregue la comida del cliente, se le dar\u00e1 la opci\u00f3n de calificar al conductor de la entrega de alimentos en funci\u00f3n de qu\u00e9 tan buenos fueron sus servicios. Los servicios de entrega de alimentos pueden brindar beneficios para facilitar que los clientes pidan alimentos, sin embargo, tambi\u00e9n pueden tener algunas desventajas.<\/p>\n<p>Los repartidores de alimentos tienen la responsabilidad de asegurarse de que el pedido llegue a tiempo y en buenas condiciones. Desafortunadamente, hay repartidores de alimentos que manipulan el pedido del cliente mientras se encuentran en camino a dejarlo. En California, la manipulaci\u00f3n de alimentos es ilegal y se toma muy en serio. De acuerdo con la secci\u00f3n 347 del C\u00f3digo Penal de California, aquellos que intencionalmente agregan venenos o sustancias nocivas a una bebida o comida est\u00e1n sujetos a graves consecuencias. Pueden ser declarados culpables de un delito grave que puede castigarlos con una pena de prisi\u00f3n de 2 a 5 a\u00f1os. Si la v\u00edctima sufre una lesi\u00f3n grave o muere, entonces el conductor de la entrega de alimentos puede enfrentar 3 a\u00f1os m\u00e1s de c\u00e1rcel.<\/p>\n<p>Si usted fue v\u00edctima de un accidente de entrega de alimentos y le gustar\u00eda demandar a la parte culpable, West Coast Trial Lawyers tiene abogados especializados en accidentes de entrega de alimentos en Woodland Hills con m\u00e1s de 60 a\u00f1os de experiencia legal colectiva en el manejo de casos de lesiones personales. Con nuestro historial de recuperaci\u00f3n de m\u00e1s de $1 mil millones en acuerdos, hemos sido reconocidos como uno de los principales bufetes de abogados de lesiones personales en Woodland Hills.<\/p>\n<p>Ofrecemos una consulta gratuita y sin compromiso en nuestro bufete de abogados de lesiones personales de Woodland Hills. Si est\u00e1 interesado en utilizar nuestros servicios, comun\u00edquese con nuestro equipo legal las 24 horas, los 7 d\u00edas de la semana llamando al&nbsp;<strong>213-927-3700<\/strong> o enviando un correo electr\u00f3nico a<strong>&nbsp;<\/strong><a href=\"mailto:info@westcoasttriallawyers.com\"><strong>info@westcoasttriallawyers.com<\/strong><\/a><strong>.&nbsp;<\/strong><\/p>\n<h2><strong>\u00bfQu\u00e9 causa un accidente de entrega de alimentos?<\/strong><\/h2>\n<p>Aqu\u00ed hay una lista de causas comunes de accidentes de entrega de alimentos y c\u00f3mo ocurren.<\/p>\n<ul>\n<li><strong>Distracciones.<\/strong> Es com\u00fan que un conductor de entrega de alimentos revise su tel\u00e9fono para obtener instrucciones sobre c\u00f3mo llegar a la direcci\u00f3n del cliente. A la mayor\u00eda de estos conductores se les ve a menudo usando un soporte para tel\u00e9fono para verificar su GPS con manos libres, sin embargo, hay quienes optan por sostener sus tel\u00e9fonos con las manos para verificar a d\u00f3nde se dirigen. Esto puede ser peligroso ya que puede distraer al conductor de concentrarse en la carretera. Cualquier mirada, especialmente cuando mira hacia abajo, puede aumentar la probabilidad de que el conductor tenga un accidente con otro veh\u00edculo cercano. Revisar el GPS no solo es una distracci\u00f3n, sino que enviar mensajes de texto y conducir tambi\u00e9n ha sido un problema com\u00fan entre todos los conductores. Siempre tenga la vista en la carretera y evite usar su tel\u00e9fono para fines no relacionados con el trabajo.<\/li>\n<li><strong>Apurado.<\/strong> Se espera que los conductores de entrega de alimentos entreguen los pedidos a tiempo. El incumplimiento del tiempo estimado puede resultar en una mala revisi\u00f3n, lo que puede da\u00f1ar la calificaci\u00f3n general del conductor de entrega de alimentos. Acumular cr\u00edticas negativas tambi\u00e9n puede costarles sus trabajos. Esta es principalmente la raz\u00f3n por la que pueden ser influenciados para cometer acciones negligentes, como acelerar o desobedecer los sem\u00e1foros o las se\u00f1ales, para evitar enfrentar cualquier repercusi\u00f3n.<\/li>\n<li><strong>Calle desconocida.<\/strong> Los repartidores de alimentos conf\u00edan en su GPS para navegar por una calle desconocida. Adem\u00e1s, el conductor puede mirar con frecuencia los n\u00fameros que figuran en los edificios para ver si est\u00e1n cerca o si han pasado por la direcci\u00f3n de los clientes. Esto puede ser peligroso ya que el conductor no se concentra completamente en la carretera. Tambi\u00e9n se pueden realizar muchas paradas y giros repentinos durante este proceso, lo que puede desencadenar f\u00e1cilmente un accidente.<\/li>\n<li><strong>Haciendo un giro repentino.<\/strong> A menudo se realiza un giro repentino cuando un conductor de entrega de alimentos ingresa a un \u00e1rea desconocida y tiene dificultades para tratar de encontrar la ubicaci\u00f3n del cliente. Esto puede crear un entorno peligroso que puede poner a los conductores cercanos en riesgo de verse involucrados en un accidente. Se recomienda que un conductor de entrega de alimentos se estacione en un lugar seguro para ordenar sus pensamientos y averiguar a d\u00f3nde deben ir.<\/li>\n<li><strong>Deteni\u00e9ndose bruscamente.<\/strong> Las paradas repentinas dificultan que los conductores cercanos sepan lo que est\u00e1n haciendo. Tambi\u00e9n puede hacer que se sientan inseguros o inseguros al conducir cerca de usted. Ser\u00eda mejor que un conductor de entrega de alimentos se estacione en un lugar seguro que le permita averiguar a d\u00f3nde se supone que debe ir en lugar de causar problemas en el camino.<\/li>\n<\/ul>\n<h2><strong>Tener un accidente con su autom\u00f3vil personal para el trabajo<\/strong><\/h2>\n<p>S\u00ed caus\u00f3 un accidente mientras conduc\u00eda su veh\u00edculo personal durante su turno de trabajo, lo m\u00e1s probable es que el empleador sea responsable de los da\u00f1os causados \u200b\u200bpor la colisi\u00f3n. En general, cualquier empleado que est\u00e9 realizando un deber relacionado con el trabajo y un negocio personal al mismo tiempo a\u00fan puede ser considerado en el trabajo. Un ejemplo podr\u00eda ser un empleado que hace mandados en su autom\u00f3vil personal durante la hora del almuerzo. No se considera trabajar si est\u00e1n recogiendo algo por s\u00ed mismos. Sin embargo, si el empleador les dijo que obtuvieron materiales o alimentos para su lugar de trabajo, entonces se considerar\u00e1n en el trabajo. Ahora, si un empleado sufre un accidente mientras conduce hacia y desde el trabajo, no se considerar\u00e1 una tarea relacionada con el trabajo. Solo se aplicar\u00e1 legalmente como una tarea relacionada con el trabajo si conduc\u00edan a un lugar para cumplir con una solicitud realizada por el empleador.<\/p>\n<p>Ahora, cuando se trata de repartidores de alimentos, la empresa para la que trabajan compensar\u00e1 los da\u00f1os en caso de accidente s\u00f3lo si se dirig\u00edan a recoger o dejar el pedido de un cliente. Adem\u00e1s, si el seguro de autom\u00f3vil del conductor de entrega de alimentos niega su reclamo, entonces la empresa de entrega de alimentos puede intervenir para proporcionar una compensaci\u00f3n. Algunas empresas que tienen estas pol\u00edticas incluyen DoorDash, Grubhub y Postmates.<\/p>\n<p>Si fue lesionado por un conductor que cree que estaba en el trabajo, no ser\u00e1 completamente responsable de mostrar ninguna prueba. Muchos conductores tienen responsabilidades personales, como la cobertura de seguro de autom\u00f3vil. Para determinar si el conductor negligente estaba o no en el trabajo, debe dirigir el accidente a la compa\u00f1\u00eda de seguros personal del conductor y a la compa\u00f1\u00eda de seguros comercial del empleador. Ambas aseguradoras determinar\u00e1n cu\u00e1l de ellas brindar\u00e1 cobertura primaria por los da\u00f1os que sufri\u00f3 la v\u00edctima debido a la colisi\u00f3n. Aseg\u00farese de contratar primero a un abogado con experiencia en accidentes de entrega de alimentos en Woodland Hills antes de contactar a las compa\u00f1\u00edas de seguros. Las compa\u00f1\u00edas de seguros suelen ofrecer un monto de liquidaci\u00f3n bajo como primera oferta. Su abogado negociar\u00e1 una mejor cantidad que ayudar\u00e1 a cubrir los da\u00f1os causados \u200b\u200bpor el accidente de entrega de alimentos.<\/p>\n<h2><strong>Cont\u00e1ctenos<\/strong><\/h2>\n<p>Si usted o un ser querido estuvieron involucrados en un accidente de entrega de alimentos, West Coast Trial Lawyers tiene abogados de accidentes de entrega de alimentos en Woodland Hills que est\u00e1n disponibles para ayudarle con su caso. Con lo que hemos logrado, estamos seguros de que le conseguiremos un monto de liquidaci\u00f3n alto que cubrir\u00e1 todos sus da\u00f1os.<\/p>\n<p>Para programar una consulta gratuita en nuestro bufete de abogados de lesiones personales de Woodland Hills, comun\u00edquese con nuestro equipo legal las 24 horas del d\u00eda, los 7 d\u00edas de la semana llamando al&nbsp;<strong>213-927-3700<\/strong> o enviando un correo electr\u00f3nico a&nbsp;<a href=\"mailto:info@westcoasttriallawyers.com\"><strong>info@westcoasttriallawyers.com<\/strong><\/a><strong>.&nbsp;<\/strong><br \/>\n<!-- WCTL_DEBUG: no shortcode in this_content --><\/p>\n","protected":false},"excerpt":{"rendered":"<p>\u00bfTuvo un accidente mientras entregaba comida en su autom\u00f3vil personal? Cont\u00e1ctenos hoy para programar una consulta gratuita Los servicios de entrega de alimentos se han vuelto muy populares en las ciudades de California, incluida Woodland Hills. La gente favorece la idea de que alguien entregue comida a su puerta. Lo convierte en una experiencia conveniente, [&hellip;]<\/p>\n","protected":false},"author":475,"featured_media":46069,"parent":47405,"menu_order":0,"comment_status":"closed","ping_status":"closed","template":"","meta":{"inline_featured_image":false,"footnotes":""},"class_list":["post-13123","page","type-page","status-publish","has-post-thumbnail","hentry"],"acf":[],"yoast_head":"<!-- This site is optimized with the Yoast SEO Premium plugin v26.0 (Yoast SEO v26.0) - https:\/\/yoast.com\/wordpress\/plugins\/seo\/ -->\n<title>Abogado de accidente de entrega de alimentos de Woodland Hills\u00a0 | West Coast Trial Lawyers<\/title>\n<meta name=\"robots\" content=\"index, follow, max-snippet:-1, max-image-preview:large, max-video-preview:-1\" \/>\n<link rel=\"canonical\" href=\"https:\/\/westcoasttriallawyers.com\/es\/california\/woodland-hills\/abogado-de-accidente-de-entrega-de-alimentos-de-woodland-hills\" \/>\n<meta property=\"og:locale\" content=\"es_ES\" \/>\n<meta property=\"og:type\" content=\"article\" \/>\n<meta property=\"og:title\" content=\"Abogado de accidente de entrega de alimentos de Woodland Hills\u00a0\" \/>\n<meta property=\"og:description\" content=\"\u00bfTuvo un accidente mientras entregaba comida en su autom\u00f3vil personal? Cont\u00e1ctenos hoy para programar una consulta gratuita Los servicios de entrega de alimentos se han vuelto muy populares en las ciudades de California, incluida Woodland Hills. La gente favorece la idea de que alguien entregue comida a su puerta. Lo convierte en una experiencia conveniente, [&hellip;]\" \/>\n<meta property=\"og:url\" content=\"https:\/\/westcoasttriallawyers.com\/es\/california\/woodland-hills\/abogado-de-accidente-de-entrega-de-alimentos-de-woodland-hills\" \/>\n<meta property=\"og:site_name\" content=\"West Coast Trial Lawyers\" \/>\n<meta property=\"article:publisher\" content=\"https:\/\/www.facebook.com\/westcoasttriallawyers\/\" \/>\n<meta property=\"article:modified_time\" content=\"2026-01-22T13:28:11+00:00\" \/>\n<meta property=\"og:image\" content=\"https:\/\/westcoasttriallawyers.com\/wp-content\/uploads\/2025\/07\/Woodland-Hills-3.webp\" \/>\n\t<meta property=\"og:image:width\" content=\"557\" \/>\n\t<meta property=\"og:image:height\" content=\"327\" \/>\n\t<meta property=\"og:image:type\" content=\"image\/webp\" \/>\n<meta name=\"twitter:card\" content=\"summary_large_image\" \/>\n<meta name=\"twitter:site\" content=\"@WestCoastTrial\" \/>\n<meta name=\"twitter:label1\" content=\"Tiempo de lectura\" \/>\n\t<meta name=\"twitter:data1\" content=\"15 minutos\" \/>\n<script type=\"application\/ld+json\" class=\"yoast-schema-graph\">{\"@context\":\"https:\/\/schema.org\",\"@graph\":[{\"@type\":[\"WebPage\",\"ItemPage\"],\"@id\":\"https:\/\/westcoasttriallawyers.com\/es\/california\/woodland-hills\/abogado-de-accidente-de-entrega-de-alimentos-de-woodland-hills\",\"url\":\"https:\/\/westcoasttriallawyers.com\/es\/california\/woodland-hills\/abogado-de-accidente-de-entrega-de-alimentos-de-woodland-hills\",\"name\":\"Abogado de accidente de entrega de alimentos de Woodland Hills\u00a0 | West Coast Trial Lawyers\",\"isPartOf\":{\"@id\":\"https:\/\/westcoasttriallawyers.com\/es#website\"},\"primaryImageOfPage\":{\"@id\":\"https:\/\/westcoasttriallawyers.com\/es\/california\/woodland-hills\/abogado-de-accidente-de-entrega-de-alimentos-de-woodland-hills#primaryimage\"},\"image\":{\"@id\":\"https:\/\/westcoasttriallawyers.com\/es\/california\/woodland-hills\/abogado-de-accidente-de-entrega-de-alimentos-de-woodland-hills#primaryimage\"},\"thumbnailUrl\":\"https:\/\/westcoasttriallawyers.com\/wp-content\/uploads\/2025\/07\/Woodland-Hills-3.webp\",\"datePublished\":\"2026-01-14T15:50:25+00:00\",\"dateModified\":\"2026-01-22T13:28:11+00:00\",\"breadcrumb\":{\"@id\":\"https:\/\/westcoasttriallawyers.com\/es\/california\/woodland-hills\/abogado-de-accidente-de-entrega-de-alimentos-de-woodland-hills#breadcrumb\"},\"inLanguage\":\"es\",\"potentialAction\":[{\"@type\":\"ReadAction\",\"target\":[\"https:\/\/westcoasttriallawyers.com\/es\/california\/woodland-hills\/abogado-de-accidente-de-entrega-de-alimentos-de-woodland-hills\"]}]},{\"@type\":\"ImageObject\",\"inLanguage\":\"es\",\"@id\":\"https:\/\/westcoasttriallawyers.com\/es\/california\/woodland-hills\/abogado-de-accidente-de-entrega-de-alimentos-de-woodland-hills#primaryimage\",\"url\":\"https:\/\/westcoasttriallawyers.com\/wp-content\/uploads\/2025\/07\/Woodland-Hills-3.webp\",\"contentUrl\":\"https:\/\/westcoasttriallawyers.com\/wp-content\/uploads\/2025\/07\/Woodland-Hills-3.webp\",\"width\":557,\"height\":327},{\"@type\":\"BreadcrumbList\",\"@id\":\"https:\/\/westcoasttriallawyers.com\/es\/california\/woodland-hills\/abogado-de-accidente-de-entrega-de-alimentos-de-woodland-hills#breadcrumb\",\"itemListElement\":[{\"@type\":\"ListItem\",\"position\":1,\"name\":\"Inicio\",\"item\":\"https:\/\/westcoasttriallawyers.com\/es\"},{\"@type\":\"ListItem\",\"position\":2,\"name\":\"California\",\"item\":\"https:\/\/westcoasttriallawyers.com\/es\/california\"},{\"@type\":\"ListItem\",\"position\":3,\"name\":\"Woodland Hills\",\"item\":\"https:\/\/westcoasttriallawyers.com\/es\/california\/woodland-hills\"},{\"@type\":\"ListItem\",\"position\":4,\"name\":\"Abogado de accidente de entrega de alimentos de Woodland Hills\u00a0\"}]},{\"@type\":\"WebSite\",\"@id\":\"https:\/\/westcoasttriallawyers.com\/es#website\",\"url\":\"https:\/\/westcoasttriallawyers.com\/es\",\"name\":\"West Coast Trial Lawyers\",\"description\":\"West Coast Trial Lawyers\",\"publisher\":{\"@id\":\"https:\/\/westcoasttriallawyers.com\/es#organization\"},\"alternateName\":\"WCTL\",\"potentialAction\":[{\"@type\":\"SearchAction\",\"target\":{\"@type\":\"EntryPoint\",\"urlTemplate\":\"https:\/\/westcoasttriallawyers.com\/es?s={search_term_string}\"},\"query-input\":{\"@type\":\"PropertyValueSpecification\",\"valueRequired\":true,\"valueName\":\"search_term_string\"}}],\"inLanguage\":\"es\"},{\"@type\":\"Organization\",\"@id\":\"https:\/\/westcoasttriallawyers.com\/es#organization\",\"name\":\"West Coast Trial Lawyers\",\"alternateName\":\"WCTL\",\"url\":\"https:\/\/westcoasttriallawyers.com\/es\",\"logo\":{\"@type\":\"ImageObject\",\"inLanguage\":\"es\",\"@id\":\"https:\/\/westcoasttriallawyers.com\/es#\/schema\/logo\/image\/\",\"url\":\"https:\/\/westcoasttriallawyers.com\/wp-content\/uploads\/2026\/02\/WCTL-Logo.jpg\",\"contentUrl\":\"https:\/\/westcoasttriallawyers.com\/wp-content\/uploads\/2026\/02\/WCTL-Logo.jpg\",\"width\":696,\"height\":696,\"caption\":\"West Coast Trial Lawyers\"},\"image\":{\"@id\":\"https:\/\/westcoasttriallawyers.com\/es#\/schema\/logo\/image\/\"},\"sameAs\":[\"https:\/\/www.facebook.com\/westcoasttriallawyers\/\",\"https:\/\/x.com\/WestCoastTrial\",\"https:\/\/www.linkedin.com\/company\/west-coast-trial-lawyers\/\",\"https:\/\/www.instagram.com\/westcoasttriallawyers\/\",\"https:\/\/www.yelp.com\/biz\/west-coast-trial-lawyers-los-angeles-2\",\"https:\/\/www.pinterest.com\/westcoasttrial\/\",\"https:\/\/www.youtube.com\/westcoasttriallawyersla\/\",\"https:\/\/www.tiktok.com\/westcoasttriallawyers\"],\"description\":\"West Coast Trial Lawyers is a top-rated personal injury law firm with a goal to provide expert legal representation to those in need. The law firm has offices across California, Nevada, Arizona, and Washington.\",\"legalName\":\"West Coast Trial Lawyers\"}]}<\/script>\n<!-- \/ Yoast SEO Premium plugin. -->","yoast_head_json":{"title":"Abogado de accidente de entrega de alimentos de Woodland Hills\u00a0 | West Coast Trial Lawyers","robots":{"index":"index","follow":"follow","max-snippet":"max-snippet:-1","max-image-preview":"max-image-preview:large","max-video-preview":"max-video-preview:-1"},"canonical":"https:\/\/westcoasttriallawyers.com\/es\/california\/woodland-hills\/abogado-de-accidente-de-entrega-de-alimentos-de-woodland-hills","og_locale":"es_ES","og_type":"article","og_title":"Abogado de accidente de entrega de alimentos de Woodland Hills\u00a0","og_description":"\u00bfTuvo un accidente mientras entregaba comida en su autom\u00f3vil personal? Cont\u00e1ctenos hoy para programar una consulta gratuita Los servicios de entrega de alimentos se han vuelto muy populares en las ciudades de California, incluida Woodland Hills. La gente favorece la idea de que alguien entregue comida a su puerta. Lo convierte en una experiencia conveniente, [&hellip;]","og_url":"https:\/\/westcoasttriallawyers.com\/es\/california\/woodland-hills\/abogado-de-accidente-de-entrega-de-alimentos-de-woodland-hills","og_site_name":"West Coast Trial Lawyers","article_publisher":"https:\/\/www.facebook.com\/westcoasttriallawyers\/","article_modified_time":"2026-01-22T13:28:11+00:00","og_image":[{"width":557,"height":327,"url":"https:\/\/westcoasttriallawyers.com\/wp-content\/uploads\/2025\/07\/Woodland-Hills-3.webp","type":"image\/webp"}],"twitter_card":"summary_large_image","twitter_site":"@WestCoastTrial","twitter_misc":{"Tiempo de lectura":"15 minutos"},"schema":{"@context":"https:\/\/schema.org","@graph":[{"@type":["WebPage","ItemPage"],"@id":"https:\/\/westcoasttriallawyers.com\/es\/california\/woodland-hills\/abogado-de-accidente-de-entrega-de-alimentos-de-woodland-hills","url":"https:\/\/westcoasttriallawyers.com\/es\/california\/woodland-hills\/abogado-de-accidente-de-entrega-de-alimentos-de-woodland-hills","name":"Abogado de accidente de entrega de alimentos de Woodland Hills\u00a0 | West Coast Trial Lawyers","isPartOf":{"@id":"https:\/\/westcoasttriallawyers.com\/es#website"},"primaryImageOfPage":{"@id":"https:\/\/westcoasttriallawyers.com\/es\/california\/woodland-hills\/abogado-de-accidente-de-entrega-de-alimentos-de-woodland-hills#primaryimage"},"image":{"@id":"https:\/\/westcoasttriallawyers.com\/es\/california\/woodland-hills\/abogado-de-accidente-de-entrega-de-alimentos-de-woodland-hills#primaryimage"},"thumbnailUrl":"https:\/\/westcoasttriallawyers.com\/wp-content\/uploads\/2025\/07\/Woodland-Hills-3.webp","datePublished":"2026-01-14T15:50:25+00:00","dateModified":"2026-01-22T13:28:11+00:00","breadcrumb":{"@id":"https:\/\/westcoasttriallawyers.com\/es\/california\/woodland-hills\/abogado-de-accidente-de-entrega-de-alimentos-de-woodland-hills#breadcrumb"},"inLanguage":"es","potentialAction":[{"@type":"ReadAction","target":["https:\/\/westcoasttriallawyers.com\/es\/california\/woodland-hills\/abogado-de-accidente-de-entrega-de-alimentos-de-woodland-hills"]}]},{"@type":"ImageObject","inLanguage":"es","@id":"https:\/\/westcoasttriallawyers.com\/es\/california\/woodland-hills\/abogado-de-accidente-de-entrega-de-alimentos-de-woodland-hills#primaryimage","url":"https:\/\/westcoasttriallawyers.com\/wp-content\/uploads\/2025\/07\/Woodland-Hills-3.webp","contentUrl":"https:\/\/westcoasttriallawyers.com\/wp-content\/uploads\/2025\/07\/Woodland-Hills-3.webp","width":557,"height":327},{"@type":"BreadcrumbList","@id":"https:\/\/westcoasttriallawyers.com\/es\/california\/woodland-hills\/abogado-de-accidente-de-entrega-de-alimentos-de-woodland-hills#breadcrumb","itemListElement":[{"@type":"ListItem","position":1,"name":"Inicio","item":"https:\/\/westcoasttriallawyers.com\/es"},{"@type":"ListItem","position":2,"name":"California","item":"https:\/\/westcoasttriallawyers.com\/es\/california"},{"@type":"ListItem","position":3,"name":"Woodland Hills","item":"https:\/\/westcoasttriallawyers.com\/es\/california\/woodland-hills"},{"@type":"ListItem","position":4,"name":"Abogado de accidente de entrega de alimentos de Woodland Hills\u00a0"}]},{"@type":"WebSite","@id":"https:\/\/westcoasttriallawyers.com\/es#website","url":"https:\/\/westcoasttriallawyers.com\/es","name":"West Coast Trial Lawyers","description":"West Coast Trial Lawyers","publisher":{"@id":"https:\/\/westcoasttriallawyers.com\/es#organization"},"alternateName":"WCTL","potentialAction":[{"@type":"SearchAction","target":{"@type":"EntryPoint","urlTemplate":"https:\/\/westcoasttriallawyers.com\/es?s={search_term_string}"},"query-input":{"@type":"PropertyValueSpecification","valueRequired":true,"valueName":"search_term_string"}}],"inLanguage":"es"},{"@type":"Organization","@id":"https:\/\/westcoasttriallawyers.com\/es#organization","name":"West Coast Trial Lawyers","alternateName":"WCTL","url":"https:\/\/westcoasttriallawyers.com\/es","logo":{"@type":"ImageObject","inLanguage":"es","@id":"https:\/\/westcoasttriallawyers.com\/es#\/schema\/logo\/image\/","url":"https:\/\/westcoasttriallawyers.com\/wp-content\/uploads\/2026\/02\/WCTL-Logo.jpg","contentUrl":"https:\/\/westcoasttriallawyers.com\/wp-content\/uploads\/2026\/02\/WCTL-Logo.jpg","width":696,"height":696,"caption":"West Coast Trial Lawyers"},"image":{"@id":"https:\/\/westcoasttriallawyers.com\/es#\/schema\/logo\/image\/"},"sameAs":["https:\/\/www.facebook.com\/westcoasttriallawyers\/","https:\/\/x.com\/WestCoastTrial","https:\/\/www.linkedin.com\/company\/west-coast-trial-lawyers\/","https:\/\/www.instagram.com\/westcoasttriallawyers\/","https:\/\/www.yelp.com\/biz\/west-coast-trial-lawyers-los-angeles-2","https:\/\/www.pinterest.com\/westcoasttrial\/","https:\/\/www.youtube.com\/westcoasttriallawyersla\/","https:\/\/www.tiktok.com\/westcoasttriallawyers"],"description":"West Coast Trial Lawyers is a top-rated personal injury law firm with a goal to provide expert legal representation to those in need. The law firm has offices across California, Nevada, Arizona, and Washington.","legalName":"West Coast Trial Lawyers"}]}},"_links":{"self":[{"href":"https:\/\/westcoasttriallawyers.com\/es\/wp-json\/wp\/v2\/pages\/13123","targetHints":{"allow":["GET"]}}],"collection":[{"href":"https:\/\/westcoasttriallawyers.com\/es\/wp-json\/wp\/v2\/pages"}],"about":[{"href":"https:\/\/westcoasttriallawyers.com\/es\/wp-json\/wp\/v2\/types\/page"}],"author":[{"embeddable":true,"href":"https:\/\/westcoasttriallawyers.com\/es\/wp-json\/wp\/v2\/users\/475"}],"replies":[{"embeddable":true,"href":"https:\/\/westcoasttriallawyers.com\/es\/wp-json\/wp\/v2\/comments?post=13123"}],"version-history":[{"count":3,"href":"https:\/\/westcoasttriallawyers.com\/es\/wp-json\/wp\/v2\/pages\/13123\/revisions"}],"predecessor-version":[{"id":47959,"href":"https:\/\/westcoasttriallawyers.com\/es\/wp-json\/wp\/v2\/pages\/13123\/revisions\/47959"}],"up":[{"embeddable":true,"href":"https:\/\/westcoasttriallawyers.com\/es\/wp-json\/wp\/v2\/pages\/47405"}],"wp:featuredmedia":[{"embeddable":true,"href":"https:\/\/westcoasttriallawyers.com\/es\/wp-json\/wp\/v2\/media\/46069"}],"wp:attachment":[{"href":"https:\/\/westcoasttriallawyers.com\/es\/wp-json\/wp\/v2\/media?parent=13123"}],"curies":[{"name":"wp","href":"https:\/\/api.w.org\/{rel}","templated":true}]}}