{"id":13121,"date":"2026-01-14T15:50:40","date_gmt":"2026-01-14T15:50:40","guid":{"rendered":"https:\/\/wctl1stg.wpengine.com\/?page_id=13121"},"modified":"2026-01-22T13:50:19","modified_gmt":"2026-01-22T13:50:19","slug":"abogado-de-accidentes-de-camiones-en-woodland-hills","status":"publish","type":"page","link":"https:\/\/westcoasttriallawyers.com\/es\/california\/woodland-hills\/abogado-de-accidentes-de-camiones-en-woodland-hills","title":{"rendered":"Abogado de Accidentes de Camiones en Woodland Hills"},"content":{"rendered":"<h2><strong>\u00bfNecesita asistencia legal en un caso de accidente de cami\u00f3n? Cont\u00e1ctenos hoy para una consulta gratuita<\/strong><\/h2>\n<p>Los camiones son veh\u00edculos grandes que se construyen para transportar mercanc\u00edas y materiales de un lugar a otro. Debido a su tama\u00f1o, puede resultar dif\u00edcil maniobrar correctamente, especialmente en el tr\u00e1fico. Adem\u00e1s, con miles de conductores ocupando las carreteras, hace que sea a\u00fan m\u00e1s complicado para los conductores de camiones pasar. El conductor de un autom\u00f3vil no solo evitar\u00e1 que un conductor de cami\u00f3n ingrese a su carril, sino que tambi\u00e9n realizar\u00e1 acciones imprudentes para cortarlo.<\/p>\n<p>Hay conductores que han expresado abiertamente tener ochofobia o semiocofobia, las cuales implican tener miedo a los camiones o semirremolques. Si un conductor tiene miedo de conducir al lado de un cami\u00f3n, sus nervios influyen para que haga todo lo posible para evitar estar cerca de uno. Esto puede ser peligroso, especialmente si el conductor est\u00e1 en modo de p\u00e1nico, ya que puede conducir a ciegas hacia otro carril y potencialmente chocar contra un conductor cercano.<\/p>\n<p>Los conductores negligentes son uno de los muchos factores que pueden contribuir a la causa de un accidente de cami\u00f3n. Otras causas posibles de un accidente de cami\u00f3n incluyen:<\/p>\n<ul>\n<li><strong>Conductor de cami\u00f3n.<\/strong> Hay muchas acciones que un conductor de cami\u00f3n puede cometer que pueden provocar un accidente. Esto incluye desobedecer los sem\u00e1foros o se\u00f1ales, exceso de velocidad, conducci\u00f3n distra\u00edda, conducci\u00f3n somnolienta o conducci\u00f3n bajo la influencia.<\/li>\n<li><strong>Empresa de camiones.<\/strong> Se espera que una empresa de camiones contrate a personas que est\u00e9n calificadas para asumir el papel de conductor de camiones. Si una empresa contrata a un conductor negligente que intencionalmente desobedece las reglas de tr\u00e1nsito o va en contra de sus horas de trabajo sin enfrentar ninguna repercusi\u00f3n de la gerencia, entonces es probable que la empresa sea responsable de los da\u00f1os causados \u200b\u200bpor el empleado.<\/li>\n<li><strong>Fabricante de camiones.&nbsp;<\/strong>Seg\u00fan la ley de responsabilidad estricta de California, \u00abun fabricante, distribuidor o minorista es responsable por da\u00f1os y perjuicios si un defecto en la fabricaci\u00f3n o el dise\u00f1o de su producto causa lesiones mientras el producto se usa de una manera razonablemente previsible\u00bb. Por ejemplo, un cami\u00f3n se descompone en medio de la carretera debido a una pieza defectuosa. M\u00faltiples veh\u00edculos, incluido el cami\u00f3n, sufrieron un fuerte impacto entre s\u00ed, lo que result\u00f3 en un accidente desastroso. Bajo esta circunstancia, el fabricante estar\u00e1 sujeto a responsabilidad.<\/li>\n<\/ul>\n<p>Si usted es v\u00edctima de un accidente de cami\u00f3n y desea presentar una demanda contra la parte culpable, West Coast Trial Lawyers tiene abogados con experiencia en accidentes de camiones en Woodland Hills que lo ayudar\u00e1n a obtener la compensaci\u00f3n que se merece. Hemos ganado m\u00e1s de 5000 casos de lesiones personales y hemos recuperado m\u00e1s de mil millones de d\u00f3lares en acuerdos para nuestros clientes. Debido a nuestros logros, hemos sido reconocidos como uno de los mejores bufetes de abogados de lesiones personales en Woodland Hills.<\/p>\n<p>Si desea programar una consulta gratuita y sin compromiso en nuestro bufete de abogados de lesiones personales de Woodland Hills, comun\u00edquese con nuestro equipo legal las 24 horas, los 7 d\u00edas de la semana llamando al&nbsp;<strong>213-927-3700<\/strong> o enviando un correo electr\u00f3nico a&nbsp;<a href=\"mailto:info@westcoasttriallawyers.com\"><strong>info@westcoasttriallawyers.com<\/strong><\/a><strong>.&nbsp;<\/strong><\/p>\n<h2><strong>Conductor culpable de accidente<\/strong><\/h2>\n<p>Se espera que todos los camiones cumplan con las leyes estatales, las leyes federales y los reglamentos. Desafortunadamente, hay camioneros y compa\u00f1\u00edas de camiones que intencionalmente ignoran estas reglas para evitar retrasarse en el cronograma. Esto puede hacer que un conductor de cami\u00f3n experimente una fatiga severa que le dificultar\u00e1 tener los ojos abiertos mientras est\u00e1 en la carretera. Esto no solo afectar\u00e1 sus h\u00e1bitos de sue\u00f1o, sino que tambi\u00e9n puede da\u00f1ar su salud. De todos modos, no es ideal que un empleado trabaje demasiado.<\/p>\n<p>Seg\u00fan el&nbsp;<strong>C\u00f3digo de Veh\u00edculos de California 21702<\/strong>, un conductor de cami\u00f3n puede recibir un delito menor si pasa m\u00e1s de doce horas consecutivas conduciendo en la carretera durante un per\u00edodo de 24 horas. El camionero que no cumpla con esta ley y provoque un accidente ser\u00e1 responsable de los da\u00f1os y perjuicios.<\/p>\n<h2><strong>Conducir con seguridad alrededor de un cami\u00f3n<\/strong><\/h2>\n<p>Es comprensible que la gente tenga miedo de conducir cerca de camiones. Como se mencion\u00f3 anteriormente, el miedo a conducir cerca de un cami\u00f3n puede influir en las personas para cometer acciones de negligencia que pueden resultar en un accidente.<\/p>\n<p>A continuaci\u00f3n, hemos creado una lista de consejos que debe considerar tomar para conducir con seguridad alrededor de un cami\u00f3n.<\/p>\n<ul>\n<li><strong>Rebasar un cami\u00f3n:<\/strong> para rebasar un cami\u00f3n de manera segura, debe mantener una velocidad que no exceda el l\u00edmite de velocidad indicado. Tambi\u00e9n debe asegurarse de que se le note visiblemente antes de intentar rebasar a un cami\u00f3n. Antes de pasar un cami\u00f3n, primero debe hacer una se\u00f1al. Aseg\u00farese de acelerar justo despu\u00e9s de pasar el cami\u00f3n para evitar permanecer en su punto ciego.<\/li>\n<li><strong>C\u00f3mo reaccionar ante un cami\u00f3n que est\u00e1 pasando:<\/strong> Disminuya la velocidad una vez que comience a notar que un cami\u00f3n est\u00e1 tratando de rebasarlo. Esto les facilitar\u00e1 entrar en su carril. Acelerar para evitar que un cami\u00f3n cambie de carril puede ser peligroso por varias razones. Puede chocar contra el cami\u00f3n mientras est\u00e1 en el proceso de ingresar a su carril. Si logra adelantar al cami\u00f3n antes de que haga un movimiento, es posible que choque contra un veh\u00edculo delante de usted. Esto podr\u00eda ocurrir si pierde el control de la velocidad de su veh\u00edculo o si el veh\u00edculo que va delante de usted se detiene repentinamente.<\/li>\n<li><strong>Lo que debe hacer cuando un cami\u00f3n retrocede:<\/strong> no rebase a un cami\u00f3n que retrocede. El conductor del cami\u00f3n no podr\u00e1 identificarte porque est\u00e1s en su punto ciego. Es probable que contin\u00faen retrocediendo mientras intenta alejarse. Solo puede pasar si el conductor del cami\u00f3n le da una se\u00f1al para conducir.<\/li>\n<\/ul>\n<h2><strong>Cont\u00e1ctenos<\/strong><\/h2>\n<p>Si ha sufrido lesiones en la ciudad de Woodland Hills como resultado de un accidente de cami\u00f3n, los abogados litigantes de la costa oeste lo ayudar\u00e1n a recuperar una compensaci\u00f3n por las p\u00e9rdidas que ha sufrido, incluidas las facturas m\u00e9dicas, los da\u00f1os a la propiedad, la angustia emocional, la p\u00e9rdida de salarios y el dolor. y sufrimiento<\/p>\n<p>Cont\u00e1ctenos hoy llamando al<strong> 213-927-3700&nbsp;<\/strong>o enviando un correo electr\u00f3nico a&nbsp;<a href=\"mailto:info@westcoasttriallawyers.com\"><strong>info@westcoasttriallawyers.com<\/strong><\/a> para programar una consulta gratuita con nuestro equipo legal experimentado, atento y compasivo.<br \/>\n<!-- WCTL_DEBUG: no shortcode in this_content --><\/p>\n","protected":false},"excerpt":{"rendered":"<p>\u00bfNecesita asistencia legal en un caso de accidente de cami\u00f3n? Cont\u00e1ctenos hoy para una consulta gratuita Los camiones son veh\u00edculos grandes que se construyen para transportar mercanc\u00edas y materiales de un lugar a otro. Debido a su tama\u00f1o, puede resultar dif\u00edcil maniobrar correctamente, especialmente en el tr\u00e1fico. Adem\u00e1s, con miles de conductores ocupando las carreteras, [&hellip;]<\/p>\n","protected":false},"author":475,"featured_media":46134,"parent":47405,"menu_order":0,"comment_status":"closed","ping_status":"closed","template":"","meta":{"inline_featured_image":false,"footnotes":""},"class_list":["post-13121","page","type-page","status-publish","has-post-thumbnail","hentry"],"acf":[],"yoast_head":"<!-- This site is optimized with the Yoast SEO Premium plugin v26.0 (Yoast SEO v26.0) - https:\/\/yoast.com\/wordpress\/plugins\/seo\/ -->\n<title>Abogado de Accidentes de Camiones en Woodland Hills | West Coast Trial Lawyers<\/title>\n<meta name=\"robots\" content=\"index, follow, max-snippet:-1, max-image-preview:large, max-video-preview:-1\" \/>\n<link rel=\"canonical\" href=\"https:\/\/westcoasttriallawyers.com\/es\/california\/woodland-hills\/abogado-de-accidentes-de-camiones-en-woodland-hills\" \/>\n<meta property=\"og:locale\" content=\"es_ES\" \/>\n<meta property=\"og:type\" content=\"article\" \/>\n<meta property=\"og:title\" content=\"Abogado de Accidentes de Camiones en Woodland Hills\" \/>\n<meta property=\"og:description\" content=\"\u00bfNecesita asistencia legal en un caso de accidente de cami\u00f3n? Cont\u00e1ctenos hoy para una consulta gratuita Los camiones son veh\u00edculos grandes que se construyen para transportar mercanc\u00edas y materiales de un lugar a otro. Debido a su tama\u00f1o, puede resultar dif\u00edcil maniobrar correctamente, especialmente en el tr\u00e1fico. Adem\u00e1s, con miles de conductores ocupando las carreteras, [&hellip;]\" \/>\n<meta property=\"og:url\" content=\"https:\/\/westcoasttriallawyers.com\/es\/california\/woodland-hills\/abogado-de-accidentes-de-camiones-en-woodland-hills\" \/>\n<meta property=\"og:site_name\" content=\"West Coast Trial Lawyers\" \/>\n<meta property=\"article:publisher\" content=\"https:\/\/www.facebook.com\/westcoasttriallawyers\/\" \/>\n<meta property=\"article:modified_time\" content=\"2026-01-22T13:50:19+00:00\" \/>\n<meta property=\"og:image\" content=\"https:\/\/westcoasttriallawyers.com\/wp-content\/uploads\/2025\/07\/Woodland-Hills-29.webp\" \/>\n\t<meta property=\"og:image:width\" content=\"557\" \/>\n\t<meta property=\"og:image:height\" content=\"327\" \/>\n\t<meta property=\"og:image:type\" content=\"image\/webp\" \/>\n<meta name=\"twitter:card\" content=\"summary_large_image\" \/>\n<meta name=\"twitter:site\" content=\"@WestCoastTrial\" \/>\n<meta name=\"twitter:label1\" content=\"Tiempo de lectura\" \/>\n\t<meta name=\"twitter:data1\" content=\"8 minutos\" \/>\n<script type=\"application\/ld+json\" class=\"yoast-schema-graph\">{\"@context\":\"https:\/\/schema.org\",\"@graph\":[{\"@type\":[\"WebPage\",\"ItemPage\"],\"@id\":\"https:\/\/westcoasttriallawyers.com\/es\/california\/woodland-hills\/abogado-de-accidentes-de-camiones-en-woodland-hills\",\"url\":\"https:\/\/westcoasttriallawyers.com\/es\/california\/woodland-hills\/abogado-de-accidentes-de-camiones-en-woodland-hills\",\"name\":\"Abogado de Accidentes de Camiones en Woodland Hills | West Coast Trial Lawyers\",\"isPartOf\":{\"@id\":\"https:\/\/westcoasttriallawyers.com\/es#website\"},\"primaryImageOfPage\":{\"@id\":\"https:\/\/westcoasttriallawyers.com\/es\/california\/woodland-hills\/abogado-de-accidentes-de-camiones-en-woodland-hills#primaryimage\"},\"image\":{\"@id\":\"https:\/\/westcoasttriallawyers.com\/es\/california\/woodland-hills\/abogado-de-accidentes-de-camiones-en-woodland-hills#primaryimage\"},\"thumbnailUrl\":\"https:\/\/westcoasttriallawyers.com\/wp-content\/uploads\/2025\/07\/Woodland-Hills-29.webp\",\"datePublished\":\"2026-01-14T15:50:40+00:00\",\"dateModified\":\"2026-01-22T13:50:19+00:00\",\"breadcrumb\":{\"@id\":\"https:\/\/westcoasttriallawyers.com\/es\/california\/woodland-hills\/abogado-de-accidentes-de-camiones-en-woodland-hills#breadcrumb\"},\"inLanguage\":\"es\",\"potentialAction\":[{\"@type\":\"ReadAction\",\"target\":[\"https:\/\/westcoasttriallawyers.com\/es\/california\/woodland-hills\/abogado-de-accidentes-de-camiones-en-woodland-hills\"]}]},{\"@type\":\"ImageObject\",\"inLanguage\":\"es\",\"@id\":\"https:\/\/westcoasttriallawyers.com\/es\/california\/woodland-hills\/abogado-de-accidentes-de-camiones-en-woodland-hills#primaryimage\",\"url\":\"https:\/\/westcoasttriallawyers.com\/wp-content\/uploads\/2025\/07\/Woodland-Hills-29.webp\",\"contentUrl\":\"https:\/\/westcoasttriallawyers.com\/wp-content\/uploads\/2025\/07\/Woodland-Hills-29.webp\",\"width\":557,\"height\":327},{\"@type\":\"BreadcrumbList\",\"@id\":\"https:\/\/westcoasttriallawyers.com\/es\/california\/woodland-hills\/abogado-de-accidentes-de-camiones-en-woodland-hills#breadcrumb\",\"itemListElement\":[{\"@type\":\"ListItem\",\"position\":1,\"name\":\"Inicio\",\"item\":\"https:\/\/westcoasttriallawyers.com\/es\"},{\"@type\":\"ListItem\",\"position\":2,\"name\":\"California\",\"item\":\"https:\/\/westcoasttriallawyers.com\/es\/california\"},{\"@type\":\"ListItem\",\"position\":3,\"name\":\"Woodland Hills\",\"item\":\"https:\/\/westcoasttriallawyers.com\/es\/california\/woodland-hills\"},{\"@type\":\"ListItem\",\"position\":4,\"name\":\"Abogado de Accidentes de Camiones en Woodland Hills\"}]},{\"@type\":\"WebSite\",\"@id\":\"https:\/\/westcoasttriallawyers.com\/es#website\",\"url\":\"https:\/\/westcoasttriallawyers.com\/es\",\"name\":\"West Coast Trial Lawyers\",\"description\":\"West Coast Trial Lawyers\",\"publisher\":{\"@id\":\"https:\/\/westcoasttriallawyers.com\/es#organization\"},\"alternateName\":\"WCTL\",\"potentialAction\":[{\"@type\":\"SearchAction\",\"target\":{\"@type\":\"EntryPoint\",\"urlTemplate\":\"https:\/\/westcoasttriallawyers.com\/es?s={search_term_string}\"},\"query-input\":{\"@type\":\"PropertyValueSpecification\",\"valueRequired\":true,\"valueName\":\"search_term_string\"}}],\"inLanguage\":\"es\"},{\"@type\":\"Organization\",\"@id\":\"https:\/\/westcoasttriallawyers.com\/es#organization\",\"name\":\"West Coast Trial Lawyers\",\"alternateName\":\"WCTL\",\"url\":\"https:\/\/westcoasttriallawyers.com\/es\",\"logo\":{\"@type\":\"ImageObject\",\"inLanguage\":\"es\",\"@id\":\"https:\/\/westcoasttriallawyers.com\/es#\/schema\/logo\/image\/\",\"url\":\"https:\/\/westcoasttriallawyers.com\/wp-content\/uploads\/2026\/02\/WCTL-Logo.jpg\",\"contentUrl\":\"https:\/\/westcoasttriallawyers.com\/wp-content\/uploads\/2026\/02\/WCTL-Logo.jpg\",\"width\":696,\"height\":696,\"caption\":\"West Coast Trial Lawyers\"},\"image\":{\"@id\":\"https:\/\/westcoasttriallawyers.com\/es#\/schema\/logo\/image\/\"},\"sameAs\":[\"https:\/\/www.facebook.com\/westcoasttriallawyers\/\",\"https:\/\/x.com\/WestCoastTrial\",\"https:\/\/www.linkedin.com\/company\/west-coast-trial-lawyers\/\",\"https:\/\/www.instagram.com\/westcoasttriallawyers\/\",\"https:\/\/www.yelp.com\/biz\/west-coast-trial-lawyers-los-angeles-2\",\"https:\/\/www.pinterest.com\/westcoasttrial\/\",\"https:\/\/www.youtube.com\/westcoasttriallawyersla\/\",\"https:\/\/www.tiktok.com\/westcoasttriallawyers\"],\"description\":\"West Coast Trial Lawyers is a top-rated personal injury law firm with a goal to provide expert legal representation to those in need. The law firm has offices across California, Nevada, Arizona, and Washington.\",\"legalName\":\"West Coast Trial Lawyers\"}]}<\/script>\n<!-- \/ Yoast SEO Premium plugin. -->","yoast_head_json":{"title":"Abogado de Accidentes de Camiones en Woodland Hills | West Coast Trial Lawyers","robots":{"index":"index","follow":"follow","max-snippet":"max-snippet:-1","max-image-preview":"max-image-preview:large","max-video-preview":"max-video-preview:-1"},"canonical":"https:\/\/westcoasttriallawyers.com\/es\/california\/woodland-hills\/abogado-de-accidentes-de-camiones-en-woodland-hills","og_locale":"es_ES","og_type":"article","og_title":"Abogado de Accidentes de Camiones en Woodland Hills","og_description":"\u00bfNecesita asistencia legal en un caso de accidente de cami\u00f3n? Cont\u00e1ctenos hoy para una consulta gratuita Los camiones son veh\u00edculos grandes que se construyen para transportar mercanc\u00edas y materiales de un lugar a otro. Debido a su tama\u00f1o, puede resultar dif\u00edcil maniobrar correctamente, especialmente en el tr\u00e1fico. Adem\u00e1s, con miles de conductores ocupando las carreteras, [&hellip;]","og_url":"https:\/\/westcoasttriallawyers.com\/es\/california\/woodland-hills\/abogado-de-accidentes-de-camiones-en-woodland-hills","og_site_name":"West Coast Trial Lawyers","article_publisher":"https:\/\/www.facebook.com\/westcoasttriallawyers\/","article_modified_time":"2026-01-22T13:50:19+00:00","og_image":[{"width":557,"height":327,"url":"https:\/\/westcoasttriallawyers.com\/wp-content\/uploads\/2025\/07\/Woodland-Hills-29.webp","type":"image\/webp"}],"twitter_card":"summary_large_image","twitter_site":"@WestCoastTrial","twitter_misc":{"Tiempo de lectura":"8 minutos"},"schema":{"@context":"https:\/\/schema.org","@graph":[{"@type":["WebPage","ItemPage"],"@id":"https:\/\/westcoasttriallawyers.com\/es\/california\/woodland-hills\/abogado-de-accidentes-de-camiones-en-woodland-hills","url":"https:\/\/westcoasttriallawyers.com\/es\/california\/woodland-hills\/abogado-de-accidentes-de-camiones-en-woodland-hills","name":"Abogado de Accidentes de Camiones en Woodland Hills | West Coast Trial Lawyers","isPartOf":{"@id":"https:\/\/westcoasttriallawyers.com\/es#website"},"primaryImageOfPage":{"@id":"https:\/\/westcoasttriallawyers.com\/es\/california\/woodland-hills\/abogado-de-accidentes-de-camiones-en-woodland-hills#primaryimage"},"image":{"@id":"https:\/\/westcoasttriallawyers.com\/es\/california\/woodland-hills\/abogado-de-accidentes-de-camiones-en-woodland-hills#primaryimage"},"thumbnailUrl":"https:\/\/westcoasttriallawyers.com\/wp-content\/uploads\/2025\/07\/Woodland-Hills-29.webp","datePublished":"2026-01-14T15:50:40+00:00","dateModified":"2026-01-22T13:50:19+00:00","breadcrumb":{"@id":"https:\/\/westcoasttriallawyers.com\/es\/california\/woodland-hills\/abogado-de-accidentes-de-camiones-en-woodland-hills#breadcrumb"},"inLanguage":"es","potentialAction":[{"@type":"ReadAction","target":["https:\/\/westcoasttriallawyers.com\/es\/california\/woodland-hills\/abogado-de-accidentes-de-camiones-en-woodland-hills"]}]},{"@type":"ImageObject","inLanguage":"es","@id":"https:\/\/westcoasttriallawyers.com\/es\/california\/woodland-hills\/abogado-de-accidentes-de-camiones-en-woodland-hills#primaryimage","url":"https:\/\/westcoasttriallawyers.com\/wp-content\/uploads\/2025\/07\/Woodland-Hills-29.webp","contentUrl":"https:\/\/westcoasttriallawyers.com\/wp-content\/uploads\/2025\/07\/Woodland-Hills-29.webp","width":557,"height":327},{"@type":"BreadcrumbList","@id":"https:\/\/westcoasttriallawyers.com\/es\/california\/woodland-hills\/abogado-de-accidentes-de-camiones-en-woodland-hills#breadcrumb","itemListElement":[{"@type":"ListItem","position":1,"name":"Inicio","item":"https:\/\/westcoasttriallawyers.com\/es"},{"@type":"ListItem","position":2,"name":"California","item":"https:\/\/westcoasttriallawyers.com\/es\/california"},{"@type":"ListItem","position":3,"name":"Woodland Hills","item":"https:\/\/westcoasttriallawyers.com\/es\/california\/woodland-hills"},{"@type":"ListItem","position":4,"name":"Abogado de Accidentes de Camiones en Woodland Hills"}]},{"@type":"WebSite","@id":"https:\/\/westcoasttriallawyers.com\/es#website","url":"https:\/\/westcoasttriallawyers.com\/es","name":"West Coast Trial Lawyers","description":"West Coast Trial Lawyers","publisher":{"@id":"https:\/\/westcoasttriallawyers.com\/es#organization"},"alternateName":"WCTL","potentialAction":[{"@type":"SearchAction","target":{"@type":"EntryPoint","urlTemplate":"https:\/\/westcoasttriallawyers.com\/es?s={search_term_string}"},"query-input":{"@type":"PropertyValueSpecification","valueRequired":true,"valueName":"search_term_string"}}],"inLanguage":"es"},{"@type":"Organization","@id":"https:\/\/westcoasttriallawyers.com\/es#organization","name":"West Coast Trial Lawyers","alternateName":"WCTL","url":"https:\/\/westcoasttriallawyers.com\/es","logo":{"@type":"ImageObject","inLanguage":"es","@id":"https:\/\/westcoasttriallawyers.com\/es#\/schema\/logo\/image\/","url":"https:\/\/westcoasttriallawyers.com\/wp-content\/uploads\/2026\/02\/WCTL-Logo.jpg","contentUrl":"https:\/\/westcoasttriallawyers.com\/wp-content\/uploads\/2026\/02\/WCTL-Logo.jpg","width":696,"height":696,"caption":"West Coast Trial Lawyers"},"image":{"@id":"https:\/\/westcoasttriallawyers.com\/es#\/schema\/logo\/image\/"},"sameAs":["https:\/\/www.facebook.com\/westcoasttriallawyers\/","https:\/\/x.com\/WestCoastTrial","https:\/\/www.linkedin.com\/company\/west-coast-trial-lawyers\/","https:\/\/www.instagram.com\/westcoasttriallawyers\/","https:\/\/www.yelp.com\/biz\/west-coast-trial-lawyers-los-angeles-2","https:\/\/www.pinterest.com\/westcoasttrial\/","https:\/\/www.youtube.com\/westcoasttriallawyersla\/","https:\/\/www.tiktok.com\/westcoasttriallawyers"],"description":"West Coast Trial Lawyers is a top-rated personal injury law firm with a goal to provide expert legal representation to those in need. The law firm has offices across California, Nevada, Arizona, and Washington.","legalName":"West Coast Trial Lawyers"}]}},"_links":{"self":[{"href":"https:\/\/westcoasttriallawyers.com\/es\/wp-json\/wp\/v2\/pages\/13121","targetHints":{"allow":["GET"]}}],"collection":[{"href":"https:\/\/westcoasttriallawyers.com\/es\/wp-json\/wp\/v2\/pages"}],"about":[{"href":"https:\/\/westcoasttriallawyers.com\/es\/wp-json\/wp\/v2\/types\/page"}],"author":[{"embeddable":true,"href":"https:\/\/westcoasttriallawyers.com\/es\/wp-json\/wp\/v2\/users\/475"}],"replies":[{"embeddable":true,"href":"https:\/\/westcoasttriallawyers.com\/es\/wp-json\/wp\/v2\/comments?post=13121"}],"version-history":[{"count":4,"href":"https:\/\/westcoasttriallawyers.com\/es\/wp-json\/wp\/v2\/pages\/13121\/revisions"}],"predecessor-version":[{"id":47978,"href":"https:\/\/westcoasttriallawyers.com\/es\/wp-json\/wp\/v2\/pages\/13121\/revisions\/47978"}],"up":[{"embeddable":true,"href":"https:\/\/westcoasttriallawyers.com\/es\/wp-json\/wp\/v2\/pages\/47405"}],"wp:featuredmedia":[{"embeddable":true,"href":"https:\/\/westcoasttriallawyers.com\/es\/wp-json\/wp\/v2\/media\/46134"}],"wp:attachment":[{"href":"https:\/\/westcoasttriallawyers.com\/es\/wp-json\/wp\/v2\/media?parent=13121"}],"curies":[{"name":"wp","href":"https:\/\/api.w.org\/{rel}","templated":true}]}}