{"id":13120,"date":"2026-01-14T15:50:34","date_gmt":"2026-01-14T15:50:34","guid":{"rendered":"https:\/\/wctl1stg.wpengine.com\/?page_id=13120"},"modified":"2026-01-22T13:19:08","modified_gmt":"2026-01-22T13:19:08","slug":"abogado-de-accidentes-de-bicicleta-de-woodland-hills","status":"publish","type":"page","link":"https:\/\/westcoasttriallawyers.com\/es\/california\/woodland-hills\/abogado-de-accidentes-de-bicicleta-de-woodland-hills","title":{"rendered":"Abogado de accidentes de bicicleta de Woodland Hills"},"content":{"rendered":"<h2><strong>Bicicletas regulares vs Bicicletas el\u00e9ctricas<\/strong><\/h2>\n<p>Las bicicletas se utilizan para muchos fines, como el transporte o para hacer un buen ejercicio. Sin embargo, su popularidad no es tan asombrosa como la de otros veh\u00edculos de transporte debido a su vulnerabilidad, especialmente cuando est\u00e1n en la carretera. Con un gran volumen de autos ocupando las carreteras de Woodland Hills, puede ser un riesgo para la seguridad de los ciclistas. Por ley, los conductores no deben ocupar los carriles para bicicletas a menos que:<\/p>\n<ul>\n<li>Para estacionar cuando el estacionamiento est\u00e1 permitido.<\/li>\n<li>Para entrar o salir de la carretera.<\/li>\n<li>Para hacer un giro dentro de una distancia de 200 pies desde la intersecci\u00f3n.<\/li>\n<\/ul>\n<p>Desafortunadamente, muchos conductores negligentes eligen tomar el carril para bicicletas o no hacen observaciones cuidadosas antes de ingresar al carril. Esto pone a los ciclistas en peligro de sufrir un accidente.<\/p>\n<p>Si estuvo involucrado en un accidente de bicicleta y le gustar\u00eda emprender acciones legales contra el conductor culpable, West Coast Trial Lawyers tiene abogados de accidentes de bicicleta en Woodland Hills con m\u00e1s de 60 a\u00f1os de experiencia legal colectiva en el manejo de casos de lesiones personales. Con nuestro historial de recuperaci\u00f3n de m\u00e1s de $1 mil millones en acuerdos para nuestros clientes, hemos sido clasificados como uno de los mejores bufetes de abogados de lesiones personales en Woodland Hills.<\/p>\n<p>Para programar una consulta gratuita y sin compromiso en nuestro bufete de abogados de lesiones personales de Woodland Hills, comun\u00edquese con nuestro equipo legal las 24 horas, los 7 d\u00edas de la semana llamando al&nbsp;<strong>213-927-3700<\/strong> o enviando un correo electr\u00f3nico a&nbsp;<a href=\"mailto:info@westcoasttriallawyers.com\"><strong>info@westcoasttriallawyers.com<\/strong><\/a><strong>.<\/strong><\/p>\n<h2><strong>Tipos de bicicletas regulares<\/strong><\/h2>\n<p>Las leyes de bicicletas de California inspeccionan una bicicleta antes de tomar la decisi\u00f3n de determinar si es legal o no. Modificar una bicicleta el\u00e9ctrica con el fin de aumentar su velocidad se considera ilegal. Normalmente, las bicicletas est\u00e1ndar son legales a menos que hayan sido modificadas con un motor o motor:<\/p>\n<ul>\n<li>Bicicleta de carretera. Esta bicicleta est\u00e1 hecha para el uso diario. Tiene manubrios de ca\u00edda que est\u00e1n dise\u00f1ados para brindar comodidad y viajes largos.<\/li>\n<li>Bicicleta de monta\u00f1a. Esto fue hecho para terrenos dif\u00edciles. Est\u00e1n equipados con llantas de 26\u201d o 29\u201d y logran una suspensi\u00f3n alta para navegaci\u00f3n rocosa.<\/li>\n<li>Bicicleta de triatl\u00f3n. Esta bicicleta est\u00e1 construida para la velocidad. Los manillares Aero est\u00e1n disponibles para ayudar a formar una posici\u00f3n aerodin\u00e1mica.<\/li>\n<li>Bicicleta de cercan\u00edas. El estilo puede variar para esta bicicleta. Sin embargo, generalmente viene con caracter\u00edsticas como candados, luces LED y canastas.<\/li>\n<\/ul>\n<h2><strong>Tipos de bicicletas el\u00e9ctricas<\/strong><\/h2>\n<p>California ha establecido una ley de bicicletas que divide las regulaciones de las bicicletas el\u00e9ctricas en tres categor\u00edas. AB 1096 define estas bicicletas el\u00e9ctricas como:<\/p>\n<ul>\n<li><strong>Clase 1.<\/strong> Esto genera la velocidad m\u00e1s baja en comparaci\u00f3n con otras bicicletas el\u00e9ctricas equipadas con pedales. Sus motores alcanzan velocidades de hasta 20 mph y solo funcionan cuando se usan los pedales. Se permite el uso de bicicletas el\u00e9ctricas de clase 1 en \u00e1reas donde se puede andar en bicicleta tradicional.<\/li>\n<li><strong>Clase 2.<\/strong> Esta bicicleta tambi\u00e9n tiene bajas velocidades. Sin embargo, est\u00e1 equipado con \u00abasistencia del acelerador\u00bb, que permite que el motor el\u00e9ctrico opere los pedales en lugar de obtener ayuda del ciclista. Tambi\u00e9n tiene un l\u00edmite de velocidad m\u00e1xima de 20 mph. Tambi\u00e9n puede montar esta bicicleta el\u00e9ctrica en lugares donde puede montar un veh\u00edculo no motorizado.<\/li>\n<li><strong>Clase 3.&nbsp;<\/strong>Esta es la bicicleta el\u00e9ctrica m\u00e1s r\u00e1pida, alcanzando velocidades de hasta 28 mph. Debe ser mayor de 16 a\u00f1os para usar esto. Adem\u00e1s, debe usar un casco ajustado. Estas bicicletas no pueden ingresar a los carriles para bicicletas y rutas de senderismo.<\/li>\n<\/ul>\n<h2><strong>P\u00f3liza de Seguro de Bicicleta<\/strong><\/h2>\n<p>En California, no se requiere que un ciclista obtenga un seguro. Si montas en bicicleta a menudo, entonces ser\u00eda ideal conseguirla. Los beneficios de la mayor\u00eda de las p\u00f3lizas de seguro para bicicletas incluyen:<\/p>\n<ul>\n<li>Gastos m\u00e9dicos<\/li>\n<li>Cobertura de da\u00f1os en bicicleta<\/li>\n<li>Cobertura por robo<\/li>\n<li>Reembolso de alquiler<\/li>\n<li>protecci\u00f3n de responsabilidad<\/li>\n<li>Protecci\u00f3n de tr\u00e1nsito<\/li>\n<li>Protecci\u00f3n para accidentes culposos y accidentes de peatones<\/li>\n<li>Asistencia en carretera<\/li>\n<\/ul>\n<p>Aquellos que eligen no usar un seguro de bicicleta a\u00fan pueden obtener cobertura para un accidente de bicicleta. Seg\u00fan su p\u00f3liza, su reclamo de seguro de propietario o arrendatario puede cubrir su bicicleta si se da\u00f1a o se la roban.<\/p>\n<p>Un abogado de accidentes de bicicleta de Woodland Hills tambi\u00e9n puede ayudar en el proceso de presentar un reclamo por lesiones personales contra la parte culpable por cualquier lesi\u00f3n o da\u00f1o que haya causado. Su abogado puede indicarle qu\u00e9 tipo de evidencia o documentaci\u00f3n importante puede necesitar para ayudar a respaldar su reclamo.<\/p>\n<p>Adem\u00e1s, las compa\u00f1\u00edas de seguros normalmente no est\u00e1n de su lado. Intentar\u00e1n ofrecerle una compensaci\u00f3n baja que no ser\u00e1 suficiente para cubrir sus da\u00f1os. Su abogado negociar\u00e1 con la compa\u00f1\u00eda de seguros para asegurarse de que le otorguen da\u00f1os econ\u00f3micos y no econ\u00f3micos justos. La compensaci\u00f3n recuperable puede incluir facturas m\u00e9dicas, salarios perdidos, da\u00f1os a la propiedad, dolor y sufrimiento, y m\u00e1s.<\/p>\n<h2><strong>Cont\u00e1ctenos<\/strong><\/h2>\n<p>Si ha sufrido lesiones como resultado de un accidente de bicicleta, tiene derecho a responsabilizar a la parte culpable. En West Coast Trial Lawyers, podemos ayudarlo a recuperar una compensaci\u00f3n por sus p\u00e9rdidas.<\/p>\n<p>Comun\u00edquese hoy con nuestro equipo legal las 24 horas, los 7 d\u00edas de la semana llamando al&nbsp;<strong>213-927-3700<\/strong> o enviando un correo electr\u00f3nico a<strong>&nbsp;<\/strong><a href=\"mailto:info@westcoasttriallawyers.com\"><strong>info@westcoasttriallawyers.com<\/strong><\/a> para programar una consulta gratuita en nuestro bufete de abogados de lesiones personales de Woodland Hills.<br \/>\n<!-- WCTL_DEBUG: no shortcode in this_content --><\/p>\n","protected":false},"excerpt":{"rendered":"<p>Bicicletas regulares vs Bicicletas el\u00e9ctricas Las bicicletas se utilizan para muchos fines, como el transporte o para hacer un buen ejercicio. Sin embargo, su popularidad no es tan asombrosa como la de otros veh\u00edculos de transporte debido a su vulnerabilidad, especialmente cuando est\u00e1n en la carretera. Con un gran volumen de autos ocupando las carreteras [&hellip;]<\/p>\n","protected":false},"author":475,"featured_media":46109,"parent":47405,"menu_order":0,"comment_status":"closed","ping_status":"closed","template":"","meta":{"inline_featured_image":false,"footnotes":""},"class_list":["post-13120","page","type-page","status-publish","has-post-thumbnail","hentry"],"acf":[],"yoast_head":"<!-- This site is optimized with the Yoast SEO Premium plugin v26.0 (Yoast SEO v26.0) - https:\/\/yoast.com\/wordpress\/plugins\/seo\/ -->\n<title>Abogado de accidentes de bicicleta de Woodland Hills | West Coast Trial Lawyers<\/title>\n<meta name=\"robots\" content=\"index, follow, max-snippet:-1, max-image-preview:large, max-video-preview:-1\" \/>\n<link rel=\"canonical\" href=\"https:\/\/westcoasttriallawyers.com\/es\/california\/woodland-hills\/abogado-de-accidentes-de-bicicleta-de-woodland-hills\" \/>\n<meta property=\"og:locale\" content=\"es_ES\" \/>\n<meta property=\"og:type\" content=\"article\" \/>\n<meta property=\"og:title\" content=\"Abogado de accidentes de bicicleta de Woodland Hills\" \/>\n<meta property=\"og:description\" content=\"Bicicletas regulares vs Bicicletas el\u00e9ctricas Las bicicletas se utilizan para muchos fines, como el transporte o para hacer un buen ejercicio. Sin embargo, su popularidad no es tan asombrosa como la de otros veh\u00edculos de transporte debido a su vulnerabilidad, especialmente cuando est\u00e1n en la carretera. Con un gran volumen de autos ocupando las carreteras [&hellip;]\" \/>\n<meta property=\"og:url\" content=\"https:\/\/westcoasttriallawyers.com\/es\/california\/woodland-hills\/abogado-de-accidentes-de-bicicleta-de-woodland-hills\" \/>\n<meta property=\"og:site_name\" content=\"West Coast Trial Lawyers\" \/>\n<meta property=\"article:publisher\" content=\"https:\/\/www.facebook.com\/westcoasttriallawyers\/\" \/>\n<meta property=\"article:modified_time\" content=\"2026-01-22T13:19:08+00:00\" \/>\n<meta property=\"og:image\" content=\"https:\/\/westcoasttriallawyers.com\/wp-content\/uploads\/2025\/07\/Woodland-Hills-19.webp\" \/>\n\t<meta property=\"og:image:width\" content=\"557\" \/>\n\t<meta property=\"og:image:height\" content=\"327\" \/>\n\t<meta property=\"og:image:type\" content=\"image\/webp\" \/>\n<meta name=\"twitter:card\" content=\"summary_large_image\" \/>\n<meta name=\"twitter:site\" content=\"@WestCoastTrial\" \/>\n<meta name=\"twitter:label1\" content=\"Tiempo de lectura\" \/>\n\t<meta name=\"twitter:data1\" content=\"9 minutos\" \/>\n<script type=\"application\/ld+json\" class=\"yoast-schema-graph\">{\"@context\":\"https:\/\/schema.org\",\"@graph\":[{\"@type\":[\"WebPage\",\"ItemPage\"],\"@id\":\"https:\/\/westcoasttriallawyers.com\/es\/california\/woodland-hills\/abogado-de-accidentes-de-bicicleta-de-woodland-hills\",\"url\":\"https:\/\/westcoasttriallawyers.com\/es\/california\/woodland-hills\/abogado-de-accidentes-de-bicicleta-de-woodland-hills\",\"name\":\"Abogado de accidentes de bicicleta de Woodland Hills | West Coast Trial Lawyers\",\"isPartOf\":{\"@id\":\"https:\/\/westcoasttriallawyers.com\/es#website\"},\"primaryImageOfPage\":{\"@id\":\"https:\/\/westcoasttriallawyers.com\/es\/california\/woodland-hills\/abogado-de-accidentes-de-bicicleta-de-woodland-hills#primaryimage\"},\"image\":{\"@id\":\"https:\/\/westcoasttriallawyers.com\/es\/california\/woodland-hills\/abogado-de-accidentes-de-bicicleta-de-woodland-hills#primaryimage\"},\"thumbnailUrl\":\"https:\/\/westcoasttriallawyers.com\/wp-content\/uploads\/2025\/07\/Woodland-Hills-19.webp\",\"datePublished\":\"2026-01-14T15:50:34+00:00\",\"dateModified\":\"2026-01-22T13:19:08+00:00\",\"breadcrumb\":{\"@id\":\"https:\/\/westcoasttriallawyers.com\/es\/california\/woodland-hills\/abogado-de-accidentes-de-bicicleta-de-woodland-hills#breadcrumb\"},\"inLanguage\":\"es\",\"potentialAction\":[{\"@type\":\"ReadAction\",\"target\":[\"https:\/\/westcoasttriallawyers.com\/es\/california\/woodland-hills\/abogado-de-accidentes-de-bicicleta-de-woodland-hills\"]}]},{\"@type\":\"ImageObject\",\"inLanguage\":\"es\",\"@id\":\"https:\/\/westcoasttriallawyers.com\/es\/california\/woodland-hills\/abogado-de-accidentes-de-bicicleta-de-woodland-hills#primaryimage\",\"url\":\"https:\/\/westcoasttriallawyers.com\/wp-content\/uploads\/2025\/07\/Woodland-Hills-19.webp\",\"contentUrl\":\"https:\/\/westcoasttriallawyers.com\/wp-content\/uploads\/2025\/07\/Woodland-Hills-19.webp\",\"width\":557,\"height\":327},{\"@type\":\"BreadcrumbList\",\"@id\":\"https:\/\/westcoasttriallawyers.com\/es\/california\/woodland-hills\/abogado-de-accidentes-de-bicicleta-de-woodland-hills#breadcrumb\",\"itemListElement\":[{\"@type\":\"ListItem\",\"position\":1,\"name\":\"Inicio\",\"item\":\"https:\/\/westcoasttriallawyers.com\/es\"},{\"@type\":\"ListItem\",\"position\":2,\"name\":\"California\",\"item\":\"https:\/\/westcoasttriallawyers.com\/es\/california\"},{\"@type\":\"ListItem\",\"position\":3,\"name\":\"Woodland Hills\",\"item\":\"https:\/\/westcoasttriallawyers.com\/es\/california\/woodland-hills\"},{\"@type\":\"ListItem\",\"position\":4,\"name\":\"Abogado de accidentes de bicicleta de Woodland Hills\"}]},{\"@type\":\"WebSite\",\"@id\":\"https:\/\/westcoasttriallawyers.com\/es#website\",\"url\":\"https:\/\/westcoasttriallawyers.com\/es\",\"name\":\"West Coast Trial Lawyers\",\"description\":\"West Coast Trial Lawyers\",\"publisher\":{\"@id\":\"https:\/\/westcoasttriallawyers.com\/es#organization\"},\"alternateName\":\"WCTL\",\"potentialAction\":[{\"@type\":\"SearchAction\",\"target\":{\"@type\":\"EntryPoint\",\"urlTemplate\":\"https:\/\/westcoasttriallawyers.com\/es?s={search_term_string}\"},\"query-input\":{\"@type\":\"PropertyValueSpecification\",\"valueRequired\":true,\"valueName\":\"search_term_string\"}}],\"inLanguage\":\"es\"},{\"@type\":\"Organization\",\"@id\":\"https:\/\/westcoasttriallawyers.com\/es#organization\",\"name\":\"West Coast Trial Lawyers\",\"alternateName\":\"WCTL\",\"url\":\"https:\/\/westcoasttriallawyers.com\/es\",\"logo\":{\"@type\":\"ImageObject\",\"inLanguage\":\"es\",\"@id\":\"https:\/\/westcoasttriallawyers.com\/es#\/schema\/logo\/image\/\",\"url\":\"https:\/\/westcoasttriallawyers.com\/wp-content\/uploads\/2026\/02\/WCTL-Logo.jpg\",\"contentUrl\":\"https:\/\/westcoasttriallawyers.com\/wp-content\/uploads\/2026\/02\/WCTL-Logo.jpg\",\"width\":696,\"height\":696,\"caption\":\"West Coast Trial Lawyers\"},\"image\":{\"@id\":\"https:\/\/westcoasttriallawyers.com\/es#\/schema\/logo\/image\/\"},\"sameAs\":[\"https:\/\/www.facebook.com\/westcoasttriallawyers\/\",\"https:\/\/x.com\/WestCoastTrial\",\"https:\/\/www.linkedin.com\/company\/west-coast-trial-lawyers\/\",\"https:\/\/www.instagram.com\/westcoasttriallawyers\/\",\"https:\/\/www.yelp.com\/biz\/west-coast-trial-lawyers-los-angeles-2\",\"https:\/\/www.pinterest.com\/westcoasttrial\/\",\"https:\/\/www.youtube.com\/westcoasttriallawyersla\/\",\"https:\/\/www.tiktok.com\/westcoasttriallawyers\"],\"description\":\"West Coast Trial Lawyers is a top-rated personal injury law firm with a goal to provide expert legal representation to those in need. The law firm has offices across California, Nevada, Arizona, and Washington.\",\"legalName\":\"West Coast Trial Lawyers\"}]}<\/script>\n<!-- \/ Yoast SEO Premium plugin. -->","yoast_head_json":{"title":"Abogado de accidentes de bicicleta de Woodland Hills | West Coast Trial Lawyers","robots":{"index":"index","follow":"follow","max-snippet":"max-snippet:-1","max-image-preview":"max-image-preview:large","max-video-preview":"max-video-preview:-1"},"canonical":"https:\/\/westcoasttriallawyers.com\/es\/california\/woodland-hills\/abogado-de-accidentes-de-bicicleta-de-woodland-hills","og_locale":"es_ES","og_type":"article","og_title":"Abogado de accidentes de bicicleta de Woodland Hills","og_description":"Bicicletas regulares vs Bicicletas el\u00e9ctricas Las bicicletas se utilizan para muchos fines, como el transporte o para hacer un buen ejercicio. Sin embargo, su popularidad no es tan asombrosa como la de otros veh\u00edculos de transporte debido a su vulnerabilidad, especialmente cuando est\u00e1n en la carretera. Con un gran volumen de autos ocupando las carreteras [&hellip;]","og_url":"https:\/\/westcoasttriallawyers.com\/es\/california\/woodland-hills\/abogado-de-accidentes-de-bicicleta-de-woodland-hills","og_site_name":"West Coast Trial Lawyers","article_publisher":"https:\/\/www.facebook.com\/westcoasttriallawyers\/","article_modified_time":"2026-01-22T13:19:08+00:00","og_image":[{"width":557,"height":327,"url":"https:\/\/westcoasttriallawyers.com\/wp-content\/uploads\/2025\/07\/Woodland-Hills-19.webp","type":"image\/webp"}],"twitter_card":"summary_large_image","twitter_site":"@WestCoastTrial","twitter_misc":{"Tiempo de lectura":"9 minutos"},"schema":{"@context":"https:\/\/schema.org","@graph":[{"@type":["WebPage","ItemPage"],"@id":"https:\/\/westcoasttriallawyers.com\/es\/california\/woodland-hills\/abogado-de-accidentes-de-bicicleta-de-woodland-hills","url":"https:\/\/westcoasttriallawyers.com\/es\/california\/woodland-hills\/abogado-de-accidentes-de-bicicleta-de-woodland-hills","name":"Abogado de accidentes de bicicleta de Woodland Hills | West Coast Trial Lawyers","isPartOf":{"@id":"https:\/\/westcoasttriallawyers.com\/es#website"},"primaryImageOfPage":{"@id":"https:\/\/westcoasttriallawyers.com\/es\/california\/woodland-hills\/abogado-de-accidentes-de-bicicleta-de-woodland-hills#primaryimage"},"image":{"@id":"https:\/\/westcoasttriallawyers.com\/es\/california\/woodland-hills\/abogado-de-accidentes-de-bicicleta-de-woodland-hills#primaryimage"},"thumbnailUrl":"https:\/\/westcoasttriallawyers.com\/wp-content\/uploads\/2025\/07\/Woodland-Hills-19.webp","datePublished":"2026-01-14T15:50:34+00:00","dateModified":"2026-01-22T13:19:08+00:00","breadcrumb":{"@id":"https:\/\/westcoasttriallawyers.com\/es\/california\/woodland-hills\/abogado-de-accidentes-de-bicicleta-de-woodland-hills#breadcrumb"},"inLanguage":"es","potentialAction":[{"@type":"ReadAction","target":["https:\/\/westcoasttriallawyers.com\/es\/california\/woodland-hills\/abogado-de-accidentes-de-bicicleta-de-woodland-hills"]}]},{"@type":"ImageObject","inLanguage":"es","@id":"https:\/\/westcoasttriallawyers.com\/es\/california\/woodland-hills\/abogado-de-accidentes-de-bicicleta-de-woodland-hills#primaryimage","url":"https:\/\/westcoasttriallawyers.com\/wp-content\/uploads\/2025\/07\/Woodland-Hills-19.webp","contentUrl":"https:\/\/westcoasttriallawyers.com\/wp-content\/uploads\/2025\/07\/Woodland-Hills-19.webp","width":557,"height":327},{"@type":"BreadcrumbList","@id":"https:\/\/westcoasttriallawyers.com\/es\/california\/woodland-hills\/abogado-de-accidentes-de-bicicleta-de-woodland-hills#breadcrumb","itemListElement":[{"@type":"ListItem","position":1,"name":"Inicio","item":"https:\/\/westcoasttriallawyers.com\/es"},{"@type":"ListItem","position":2,"name":"California","item":"https:\/\/westcoasttriallawyers.com\/es\/california"},{"@type":"ListItem","position":3,"name":"Woodland Hills","item":"https:\/\/westcoasttriallawyers.com\/es\/california\/woodland-hills"},{"@type":"ListItem","position":4,"name":"Abogado de accidentes de bicicleta de Woodland Hills"}]},{"@type":"WebSite","@id":"https:\/\/westcoasttriallawyers.com\/es#website","url":"https:\/\/westcoasttriallawyers.com\/es","name":"West Coast Trial Lawyers","description":"West Coast Trial Lawyers","publisher":{"@id":"https:\/\/westcoasttriallawyers.com\/es#organization"},"alternateName":"WCTL","potentialAction":[{"@type":"SearchAction","target":{"@type":"EntryPoint","urlTemplate":"https:\/\/westcoasttriallawyers.com\/es?s={search_term_string}"},"query-input":{"@type":"PropertyValueSpecification","valueRequired":true,"valueName":"search_term_string"}}],"inLanguage":"es"},{"@type":"Organization","@id":"https:\/\/westcoasttriallawyers.com\/es#organization","name":"West Coast Trial Lawyers","alternateName":"WCTL","url":"https:\/\/westcoasttriallawyers.com\/es","logo":{"@type":"ImageObject","inLanguage":"es","@id":"https:\/\/westcoasttriallawyers.com\/es#\/schema\/logo\/image\/","url":"https:\/\/westcoasttriallawyers.com\/wp-content\/uploads\/2026\/02\/WCTL-Logo.jpg","contentUrl":"https:\/\/westcoasttriallawyers.com\/wp-content\/uploads\/2026\/02\/WCTL-Logo.jpg","width":696,"height":696,"caption":"West Coast Trial Lawyers"},"image":{"@id":"https:\/\/westcoasttriallawyers.com\/es#\/schema\/logo\/image\/"},"sameAs":["https:\/\/www.facebook.com\/westcoasttriallawyers\/","https:\/\/x.com\/WestCoastTrial","https:\/\/www.linkedin.com\/company\/west-coast-trial-lawyers\/","https:\/\/www.instagram.com\/westcoasttriallawyers\/","https:\/\/www.yelp.com\/biz\/west-coast-trial-lawyers-los-angeles-2","https:\/\/www.pinterest.com\/westcoasttrial\/","https:\/\/www.youtube.com\/westcoasttriallawyersla\/","https:\/\/www.tiktok.com\/westcoasttriallawyers"],"description":"West Coast Trial Lawyers is a top-rated personal injury law firm with a goal to provide expert legal representation to those in need. The law firm has offices across California, Nevada, Arizona, and Washington.","legalName":"West Coast Trial Lawyers"}]}},"_links":{"self":[{"href":"https:\/\/westcoasttriallawyers.com\/es\/wp-json\/wp\/v2\/pages\/13120","targetHints":{"allow":["GET"]}}],"collection":[{"href":"https:\/\/westcoasttriallawyers.com\/es\/wp-json\/wp\/v2\/pages"}],"about":[{"href":"https:\/\/westcoasttriallawyers.com\/es\/wp-json\/wp\/v2\/types\/page"}],"author":[{"embeddable":true,"href":"https:\/\/westcoasttriallawyers.com\/es\/wp-json\/wp\/v2\/users\/475"}],"replies":[{"embeddable":true,"href":"https:\/\/westcoasttriallawyers.com\/es\/wp-json\/wp\/v2\/comments?post=13120"}],"version-history":[{"count":3,"href":"https:\/\/westcoasttriallawyers.com\/es\/wp-json\/wp\/v2\/pages\/13120\/revisions"}],"predecessor-version":[{"id":47952,"href":"https:\/\/westcoasttriallawyers.com\/es\/wp-json\/wp\/v2\/pages\/13120\/revisions\/47952"}],"up":[{"embeddable":true,"href":"https:\/\/westcoasttriallawyers.com\/es\/wp-json\/wp\/v2\/pages\/47405"}],"wp:featuredmedia":[{"embeddable":true,"href":"https:\/\/westcoasttriallawyers.com\/es\/wp-json\/wp\/v2\/media\/46109"}],"wp:attachment":[{"href":"https:\/\/westcoasttriallawyers.com\/es\/wp-json\/wp\/v2\/media?parent=13120"}],"curies":[{"name":"wp","href":"https:\/\/api.w.org\/{rel}","templated":true}]}}