{"id":13118,"date":"2026-01-14T15:50:31","date_gmt":"2026-01-14T15:50:31","guid":{"rendered":"https:\/\/wctl1stg.wpengine.com\/?page_id=13118"},"modified":"2026-01-23T21:21:09","modified_gmt":"2026-01-23T21:21:09","slug":"abogados-mordidas-perro-woodland-hills","status":"publish","type":"page","link":"https:\/\/westcoasttriallawyers.com\/es\/california\/woodland-hills\/abogados-mordidas-perro-woodland-hills","title":{"rendered":"Abogado de mordedura de perro de Woodland Hills\u00a0"},"content":{"rendered":"<h2><strong>\u00bfQu\u00e9 sucede cuando denuncias una mordedura de perro?<\/strong><\/h2>\n<p>Muchos residentes de Woodland Hills est\u00e1n a favor de la idea de tener un perro debido a la est\u00e9tica \u00abamigable con las mascotas\u00bb de la ciudad. Aunque puede ser emocionante tener un perro, hay muchas responsabilidades que deben tener los due\u00f1os de perros. Es importante que los due\u00f1os de perros entrenen a sus mascotas para que se comporten, especialmente en p\u00fablico. Esto evitar\u00e1 que desobedezcan a sus due\u00f1os y muestren un mal comportamiento. La falta de cuidado en el entrenamiento adecuado de un perro puede tener graves consecuencias para el perro y su due\u00f1o.<\/p>\n<p>Si al perro no se le ense\u00f1a c\u00f3mo comportarse en p\u00fablico, puede meterse en problemas. Esto incluye huir de su due\u00f1o y atacar a un peat\u00f3n. Bajo este tipo de circunstancias, una v\u00edctima de una mordedura de perro puede tener derecho a recibir una compensaci\u00f3n por los da\u00f1os causados \u200b\u200bpor la mordedura de perro, incluidas las facturas m\u00e9dicas, el dolor y el sufrimiento, y m\u00e1s.<\/p>\n<p>En West Coast Trial Lawyers, contamos con abogados experimentados en mordeduras de perros en Woodland Hills que est\u00e1n decididos a brindarle la justicia que se merece. Con nuestro historial de recuperaci\u00f3n de m\u00e1s de $1 mil millones en acuerdos para nuestros clientes, hemos sido reconocidos como uno de los principales bufetes de abogados de lesiones personales en Woodland Hills.<\/p>\n<p>Para programar una consulta gratuita y sin compromiso en nuestro bufete de abogados de lesiones personales de Woodland Hills, comun\u00edquese con nuestro equipo legal las 24 horas, los 7 d\u00edas de la semana llamando al\u00a0<strong>213-927-3700<\/strong> o enviando un correo electr\u00f3nico a\u00a0<a href=\"mailto:info@westcoasttriallawyers.com\"><strong>info@westcoasttriallawyers.com<\/strong><\/a><strong>.\u00a0<\/strong><\/p>\n<h2><strong>Reportar una mordedura de perro<\/strong><\/h2>\n<p>Se recomienda a las v\u00edctimas de una mordedura de perro que visiten a un profesional m\u00e9dico para que examine la herida. El m\u00e9dico realizar\u00e1 pruebas, como una prueba de sangre o de im\u00e1genes, para determinar la gravedad de la lesi\u00f3n. Cualquier problema que se encuentre se tratar\u00e1 con medicamentos, o incluso con cirug\u00eda si la lesi\u00f3n es grave. Sus visitas se guardar\u00e1n y se pueden usar como evidencia si decide presentar un reclamo por lesiones personales contra el due\u00f1o del perro.<\/p>\n<p>Cuando se trata de informar una mordedura de perro, deber\u00e1 comunicarse con un abogado con experiencia en mordeduras de perro de Woodland Hills para que lo ayude en el proceso de presentar un reclamo por lesiones personales. El abogado lo ayudar\u00e1 a fortalecer su reclamo, negociar con las compa\u00f1\u00edas de seguros y obtener la cantidad adecuada de compensaci\u00f3n que merece por sus p\u00e9rdidas.<\/p>\n<p>Es comprensible que aquellos que son v\u00edctimas de una mordedura de perro eviten la idea de presentar un reclamo, ya que pueden conocer al due\u00f1o del perro como un amigo o pariente o pueden tener miedo de preguntarse qu\u00e9 pasar\u00eda con el animal. Tienes todo el derecho de elegir qu\u00e9 camino preferir\u00edas tomar. Solo recuerde, siempre debe poner su salud y seguridad primero. Si result\u00f3 gravemente herido y enfrenta problemas de salud por el incidente, ser\u00eda beneficioso de su parte emprender acciones legales contra el due\u00f1o del perro.<\/p>\n<p>La compensaci\u00f3n recuperable por un reclamo de mordedura de perro incluye da\u00f1os econ\u00f3micos y no econ\u00f3micos. Los da\u00f1os econ\u00f3micos est\u00e1n destinados a compensar al demandante por las p\u00e9rdidas a las que se puede adjuntar f\u00e1cilmente una cantidad en d\u00f3lares. Se calcula determinando la cantidad de p\u00e9rdidas de bolsillo que una persona agraviada tiene o esperar\u00e1 incurrir como resultado de sus lesiones. Los ejemplos incluyen facturas m\u00e9dicas actuales y futuras y salarios perdidos. Los da\u00f1os no econ\u00f3micos est\u00e1n destinados esencialmente a cubrir p\u00e9rdidas que se consideran subjetivas y no necesariamente cubrir\u00e1n p\u00e9rdidas de bolsillo. Esto puede incluir compensaci\u00f3n por angustia emocional, p\u00e9rdida del disfrute de la vida y dolor y sufrimiento.<\/p>\n<h2><strong>Las consecuencias de denunciar una mordedura de perro<\/strong><\/h2>\n<p>Si elige informar la mordedura de perro, un profesional de la salud le har\u00e1 varias preguntas. Esto incluye:<\/p>\n<ul>\n<li>\u00bfD\u00f3nde se produjo la mordedura?<\/li>\n<li>\u00bfQu\u00e9 tan dolorosa fue la mordedura?<\/li>\n<li>\u00bfQu\u00e9 raza de perro te mordi\u00f3?<\/li>\n<li>\u00bfQu\u00e9 estabas haciendo antes del ataque?<\/li>\n<\/ul>\n<p>Si un perro callejero lo muerde y luego lo encuentran, lo pondr\u00e1n en cuarentena para que lo revisen por rabia. Los animales se ponen en cuarentena hasta por 10 d\u00edas. Si el perro est\u00e1 sufriendo de rabia, le quedar\u00e1n hasta 10 d\u00edas hasta que fallezca. Despu\u00e9s de que muera, los examinadores analizar\u00e1n su ADN para confirmar que era portador de la rabia. Sin embargo, si el perro ha vivido m\u00e1s de 10 d\u00edas, se considera libre de rabia. Los perros que tienen due\u00f1os tambi\u00e9n deben quedarse en casa durante el proceso de cuarentena.<\/p>\n<p>Ha habido muchos casos en los que se ha producido una mordedura de perro sin que el perro tuviera una enfermedad. En algunas circunstancias, un perro podr\u00eda morderte por diversi\u00f3n y no con la intenci\u00f3n de lastimarte. Es importante comprender su lenguaje corporal antes de intentar acercarse a \u00e9l.<\/p>\n<h2><strong>Consecuencias de la mordedura de perro<\/strong><\/h2>\n<p>Dado que California es un estado de responsabilidad estricta, no aprueba la \u201cley de un solo bocado\u201d que han establecido otros estados. Esta ley se hizo para proteger al due\u00f1o y a su perro de ser considerados responsables de un ataque. Si el due\u00f1o no esperaba que su perro mordiera a alguien, entonces escapar\u00eda de la responsabilidad de proporcionar una compensaci\u00f3n por las lesiones que la v\u00edctima sufri\u00f3 por el ataque.<\/p>\n<p>El due\u00f1o de un perro debe ser consciente de las acciones del perro y comprender su lenguaje corporal antes de permitirle socializar con confianza con invitados o extra\u00f1os. Seg\u00fan el C\u00f3digo Civil de California 3342, si se produce una mordedura de perro en un \u00e1rea p\u00fablica o en una propiedad privada donde la v\u00edctima era un invitado, el due\u00f1o del perro estar\u00e1 sujeto a responsabilidad por da\u00f1os y perjuicios.<\/p>\n<p>Hay un par de excepciones en la ley de mordeduras de perros de California. Esto incluye lo siguiente:<\/p>\n<ul>\n<li>El perro es parte de la polic\u00eda y est\u00e1 haciendo su trabajo.<\/li>\n<li>La v\u00edctima provoc\u00f3 que el perro atacara.<\/li>\n<li>La v\u00edctima era un intruso.<\/li>\n<li>La v\u00edctima sinti\u00f3 que el perro la morder\u00eda, pero opt\u00f3 por quedarse cerca de todos modos.<\/li>\n<\/ul>\n<h2><strong>Cont\u00e1ctenos<\/strong><\/h2>\n<p>Si ha sufrido lesiones como resultado de una mordedura de perro, nuestros abogados especialistas en mordeduras de perro de West Coast Trial Lawyers de Woodland Hills lo ayudar\u00e1n a obtener una compensaci\u00f3n por sus p\u00e9rdidas, incluidos los gastos m\u00e9dicos, la angustia emocional, la p\u00e9rdida de salarios, el dolor y el sufrimiento, y m\u00e1s.<\/p>\n<p>Comun\u00edquese hoy con nuestro equipo legal disponible las 24 horas, los 7 d\u00edas de la semana llamando al\u00a0<strong>213-927-3700<\/strong> o enviando un correo electr\u00f3nico a<strong>\u00a0<\/strong><a href=\"mailto:info@westcoasttriallawyers.com\"><strong>info@westcoasttriallawyers.com<\/strong><\/a><strong>\u00a0<\/strong>para programar una consulta gratuita en nuestro bufete de abogados de lesiones personales de Woodland Hills.<br \/>\n<!-- WCTL_DEBUG: no shortcode in this_content --><\/p>\n","protected":false},"excerpt":{"rendered":"<p>\u00bfQu\u00e9 sucede cuando denuncias una mordedura de perro? Muchos residentes de Woodland Hills est\u00e1n a favor de la idea de tener un perro debido a la est\u00e9tica \u00abamigable con las mascotas\u00bb de la ciudad. Aunque puede ser emocionante tener un perro, hay muchas responsabilidades que deben tener los due\u00f1os de perros. Es importante que los [&hellip;]<\/p>\n","protected":false},"author":470,"featured_media":46094,"parent":47405,"menu_order":444,"comment_status":"closed","ping_status":"closed","template":"","meta":{"inline_featured_image":false,"footnotes":""},"class_list":["post-13118","page","type-page","status-publish","has-post-thumbnail","hentry"],"acf":[],"yoast_head":"<!-- This site is optimized with the Yoast SEO Premium plugin v26.0 (Yoast SEO v26.0) - https:\/\/yoast.com\/wordpress\/plugins\/seo\/ -->\n<title>Abogado de mordedura de perro de Woodland Hills\u00a0 | West Coast Trial Lawyers<\/title>\n<meta name=\"robots\" content=\"index, follow, max-snippet:-1, max-image-preview:large, max-video-preview:-1\" \/>\n<link rel=\"canonical\" href=\"https:\/\/westcoasttriallawyers.com\/es\/california\/woodland-hills\/abogados-mordidas-perro-woodland-hills\" \/>\n<meta property=\"og:locale\" content=\"es_ES\" \/>\n<meta property=\"og:type\" content=\"article\" \/>\n<meta property=\"og:title\" content=\"Abogado de mordedura de perro de Woodland Hills\u00a0\" \/>\n<meta property=\"og:description\" content=\"\u00bfQu\u00e9 sucede cuando denuncias una mordedura de perro? Muchos residentes de Woodland Hills est\u00e1n a favor de la idea de tener un perro debido a la est\u00e9tica \u00abamigable con las mascotas\u00bb de la ciudad. Aunque puede ser emocionante tener un perro, hay muchas responsabilidades que deben tener los due\u00f1os de perros. Es importante que los [&hellip;]\" \/>\n<meta property=\"og:url\" content=\"https:\/\/westcoasttriallawyers.com\/es\/california\/woodland-hills\/abogados-mordidas-perro-woodland-hills\" \/>\n<meta property=\"og:site_name\" content=\"West Coast Trial Lawyers\" \/>\n<meta property=\"article:publisher\" content=\"https:\/\/www.facebook.com\/westcoasttriallawyers\/\" \/>\n<meta property=\"article:modified_time\" content=\"2026-01-23T21:21:09+00:00\" \/>\n<meta property=\"og:image\" content=\"https:\/\/westcoasttriallawyers.com\/wp-content\/uploads\/2025\/07\/Woodland-Hills-13.webp\" \/>\n\t<meta property=\"og:image:width\" content=\"557\" \/>\n\t<meta property=\"og:image:height\" content=\"327\" \/>\n\t<meta property=\"og:image:type\" content=\"image\/webp\" \/>\n<meta name=\"twitter:card\" content=\"summary_large_image\" \/>\n<meta name=\"twitter:site\" content=\"@WestCoastTrial\" \/>\n<meta name=\"twitter:label1\" content=\"Tiempo de lectura\" \/>\n\t<meta name=\"twitter:data1\" content=\"5 minutos\" \/>\n<script type=\"application\/ld+json\" class=\"yoast-schema-graph\">{\"@context\":\"https:\/\/schema.org\",\"@graph\":[{\"@type\":[\"WebPage\",\"ItemPage\"],\"@id\":\"https:\/\/westcoasttriallawyers.com\/es\/california\/woodland-hills\/abogados-mordidas-perro-woodland-hills\",\"url\":\"https:\/\/westcoasttriallawyers.com\/es\/california\/woodland-hills\/abogados-mordidas-perro-woodland-hills\",\"name\":\"Abogado de mordedura de perro de Woodland Hills\u00a0 | West Coast Trial Lawyers\",\"isPartOf\":{\"@id\":\"https:\/\/westcoasttriallawyers.com\/es#website\"},\"primaryImageOfPage\":{\"@id\":\"https:\/\/westcoasttriallawyers.com\/es\/california\/woodland-hills\/abogados-mordidas-perro-woodland-hills#primaryimage\"},\"image\":{\"@id\":\"https:\/\/westcoasttriallawyers.com\/es\/california\/woodland-hills\/abogados-mordidas-perro-woodland-hills#primaryimage\"},\"thumbnailUrl\":\"https:\/\/westcoasttriallawyers.com\/wp-content\/uploads\/2025\/07\/Woodland-Hills-13.webp\",\"datePublished\":\"2026-01-14T15:50:31+00:00\",\"dateModified\":\"2026-01-23T21:21:09+00:00\",\"breadcrumb\":{\"@id\":\"https:\/\/westcoasttriallawyers.com\/es\/california\/woodland-hills\/abogados-mordidas-perro-woodland-hills#breadcrumb\"},\"inLanguage\":\"es\",\"potentialAction\":[{\"@type\":\"ReadAction\",\"target\":[\"https:\/\/westcoasttriallawyers.com\/es\/california\/woodland-hills\/abogados-mordidas-perro-woodland-hills\"]}]},{\"@type\":\"ImageObject\",\"inLanguage\":\"es\",\"@id\":\"https:\/\/westcoasttriallawyers.com\/es\/california\/woodland-hills\/abogados-mordidas-perro-woodland-hills#primaryimage\",\"url\":\"https:\/\/westcoasttriallawyers.com\/wp-content\/uploads\/2025\/07\/Woodland-Hills-13.webp\",\"contentUrl\":\"https:\/\/westcoasttriallawyers.com\/wp-content\/uploads\/2025\/07\/Woodland-Hills-13.webp\",\"width\":557,\"height\":327},{\"@type\":\"BreadcrumbList\",\"@id\":\"https:\/\/westcoasttriallawyers.com\/es\/california\/woodland-hills\/abogados-mordidas-perro-woodland-hills#breadcrumb\",\"itemListElement\":[{\"@type\":\"ListItem\",\"position\":1,\"name\":\"Inicio\",\"item\":\"https:\/\/westcoasttriallawyers.com\/es\"},{\"@type\":\"ListItem\",\"position\":2,\"name\":\"California\",\"item\":\"https:\/\/westcoasttriallawyers.com\/es\/california\"},{\"@type\":\"ListItem\",\"position\":3,\"name\":\"Woodland Hills\",\"item\":\"https:\/\/westcoasttriallawyers.com\/es\/california\/woodland-hills\"},{\"@type\":\"ListItem\",\"position\":4,\"name\":\"Abogado de mordedura de perro de Woodland Hills\u00a0\"}]},{\"@type\":\"WebSite\",\"@id\":\"https:\/\/westcoasttriallawyers.com\/es#website\",\"url\":\"https:\/\/westcoasttriallawyers.com\/es\",\"name\":\"West Coast Trial Lawyers\",\"description\":\"West Coast Trial Lawyers\",\"publisher\":{\"@id\":\"https:\/\/westcoasttriallawyers.com\/es#organization\"},\"alternateName\":\"WCTL\",\"potentialAction\":[{\"@type\":\"SearchAction\",\"target\":{\"@type\":\"EntryPoint\",\"urlTemplate\":\"https:\/\/westcoasttriallawyers.com\/es?s={search_term_string}\"},\"query-input\":{\"@type\":\"PropertyValueSpecification\",\"valueRequired\":true,\"valueName\":\"search_term_string\"}}],\"inLanguage\":\"es\"},{\"@type\":\"Organization\",\"@id\":\"https:\/\/westcoasttriallawyers.com\/es#organization\",\"name\":\"West Coast Trial Lawyers\",\"alternateName\":\"WCTL\",\"url\":\"https:\/\/westcoasttriallawyers.com\/es\",\"logo\":{\"@type\":\"ImageObject\",\"inLanguage\":\"es\",\"@id\":\"https:\/\/westcoasttriallawyers.com\/es#\/schema\/logo\/image\/\",\"url\":\"https:\/\/westcoasttriallawyers.com\/wp-content\/uploads\/2026\/02\/WCTL-Logo.jpg\",\"contentUrl\":\"https:\/\/westcoasttriallawyers.com\/wp-content\/uploads\/2026\/02\/WCTL-Logo.jpg\",\"width\":696,\"height\":696,\"caption\":\"West Coast Trial Lawyers\"},\"image\":{\"@id\":\"https:\/\/westcoasttriallawyers.com\/es#\/schema\/logo\/image\/\"},\"sameAs\":[\"https:\/\/www.facebook.com\/westcoasttriallawyers\/\",\"https:\/\/x.com\/WestCoastTrial\",\"https:\/\/www.linkedin.com\/company\/west-coast-trial-lawyers\/\",\"https:\/\/www.instagram.com\/westcoasttriallawyers\/\",\"https:\/\/www.yelp.com\/biz\/west-coast-trial-lawyers-los-angeles-2\",\"https:\/\/www.pinterest.com\/westcoasttrial\/\",\"https:\/\/www.youtube.com\/westcoasttriallawyersla\/\",\"https:\/\/www.tiktok.com\/westcoasttriallawyers\"],\"description\":\"West Coast Trial Lawyers is a top-rated personal injury law firm with a goal to provide expert legal representation to those in need. The law firm has offices across California, Nevada, Arizona, and Washington.\",\"legalName\":\"West Coast Trial Lawyers\"}]}<\/script>\n<!-- \/ Yoast SEO Premium plugin. -->","yoast_head_json":{"title":"Abogado de mordedura de perro de Woodland Hills\u00a0 | West Coast Trial Lawyers","robots":{"index":"index","follow":"follow","max-snippet":"max-snippet:-1","max-image-preview":"max-image-preview:large","max-video-preview":"max-video-preview:-1"},"canonical":"https:\/\/westcoasttriallawyers.com\/es\/california\/woodland-hills\/abogados-mordidas-perro-woodland-hills","og_locale":"es_ES","og_type":"article","og_title":"Abogado de mordedura de perro de Woodland Hills\u00a0","og_description":"\u00bfQu\u00e9 sucede cuando denuncias una mordedura de perro? Muchos residentes de Woodland Hills est\u00e1n a favor de la idea de tener un perro debido a la est\u00e9tica \u00abamigable con las mascotas\u00bb de la ciudad. Aunque puede ser emocionante tener un perro, hay muchas responsabilidades que deben tener los due\u00f1os de perros. Es importante que los [&hellip;]","og_url":"https:\/\/westcoasttriallawyers.com\/es\/california\/woodland-hills\/abogados-mordidas-perro-woodland-hills","og_site_name":"West Coast Trial Lawyers","article_publisher":"https:\/\/www.facebook.com\/westcoasttriallawyers\/","article_modified_time":"2026-01-23T21:21:09+00:00","og_image":[{"width":557,"height":327,"url":"https:\/\/westcoasttriallawyers.com\/wp-content\/uploads\/2025\/07\/Woodland-Hills-13.webp","type":"image\/webp"}],"twitter_card":"summary_large_image","twitter_site":"@WestCoastTrial","twitter_misc":{"Tiempo de lectura":"5 minutos"},"schema":{"@context":"https:\/\/schema.org","@graph":[{"@type":["WebPage","ItemPage"],"@id":"https:\/\/westcoasttriallawyers.com\/es\/california\/woodland-hills\/abogados-mordidas-perro-woodland-hills","url":"https:\/\/westcoasttriallawyers.com\/es\/california\/woodland-hills\/abogados-mordidas-perro-woodland-hills","name":"Abogado de mordedura de perro de Woodland Hills\u00a0 | West Coast Trial Lawyers","isPartOf":{"@id":"https:\/\/westcoasttriallawyers.com\/es#website"},"primaryImageOfPage":{"@id":"https:\/\/westcoasttriallawyers.com\/es\/california\/woodland-hills\/abogados-mordidas-perro-woodland-hills#primaryimage"},"image":{"@id":"https:\/\/westcoasttriallawyers.com\/es\/california\/woodland-hills\/abogados-mordidas-perro-woodland-hills#primaryimage"},"thumbnailUrl":"https:\/\/westcoasttriallawyers.com\/wp-content\/uploads\/2025\/07\/Woodland-Hills-13.webp","datePublished":"2026-01-14T15:50:31+00:00","dateModified":"2026-01-23T21:21:09+00:00","breadcrumb":{"@id":"https:\/\/westcoasttriallawyers.com\/es\/california\/woodland-hills\/abogados-mordidas-perro-woodland-hills#breadcrumb"},"inLanguage":"es","potentialAction":[{"@type":"ReadAction","target":["https:\/\/westcoasttriallawyers.com\/es\/california\/woodland-hills\/abogados-mordidas-perro-woodland-hills"]}]},{"@type":"ImageObject","inLanguage":"es","@id":"https:\/\/westcoasttriallawyers.com\/es\/california\/woodland-hills\/abogados-mordidas-perro-woodland-hills#primaryimage","url":"https:\/\/westcoasttriallawyers.com\/wp-content\/uploads\/2025\/07\/Woodland-Hills-13.webp","contentUrl":"https:\/\/westcoasttriallawyers.com\/wp-content\/uploads\/2025\/07\/Woodland-Hills-13.webp","width":557,"height":327},{"@type":"BreadcrumbList","@id":"https:\/\/westcoasttriallawyers.com\/es\/california\/woodland-hills\/abogados-mordidas-perro-woodland-hills#breadcrumb","itemListElement":[{"@type":"ListItem","position":1,"name":"Inicio","item":"https:\/\/westcoasttriallawyers.com\/es"},{"@type":"ListItem","position":2,"name":"California","item":"https:\/\/westcoasttriallawyers.com\/es\/california"},{"@type":"ListItem","position":3,"name":"Woodland Hills","item":"https:\/\/westcoasttriallawyers.com\/es\/california\/woodland-hills"},{"@type":"ListItem","position":4,"name":"Abogado de mordedura de perro de Woodland Hills\u00a0"}]},{"@type":"WebSite","@id":"https:\/\/westcoasttriallawyers.com\/es#website","url":"https:\/\/westcoasttriallawyers.com\/es","name":"West Coast Trial Lawyers","description":"West Coast Trial Lawyers","publisher":{"@id":"https:\/\/westcoasttriallawyers.com\/es#organization"},"alternateName":"WCTL","potentialAction":[{"@type":"SearchAction","target":{"@type":"EntryPoint","urlTemplate":"https:\/\/westcoasttriallawyers.com\/es?s={search_term_string}"},"query-input":{"@type":"PropertyValueSpecification","valueRequired":true,"valueName":"search_term_string"}}],"inLanguage":"es"},{"@type":"Organization","@id":"https:\/\/westcoasttriallawyers.com\/es#organization","name":"West Coast Trial Lawyers","alternateName":"WCTL","url":"https:\/\/westcoasttriallawyers.com\/es","logo":{"@type":"ImageObject","inLanguage":"es","@id":"https:\/\/westcoasttriallawyers.com\/es#\/schema\/logo\/image\/","url":"https:\/\/westcoasttriallawyers.com\/wp-content\/uploads\/2026\/02\/WCTL-Logo.jpg","contentUrl":"https:\/\/westcoasttriallawyers.com\/wp-content\/uploads\/2026\/02\/WCTL-Logo.jpg","width":696,"height":696,"caption":"West Coast Trial Lawyers"},"image":{"@id":"https:\/\/westcoasttriallawyers.com\/es#\/schema\/logo\/image\/"},"sameAs":["https:\/\/www.facebook.com\/westcoasttriallawyers\/","https:\/\/x.com\/WestCoastTrial","https:\/\/www.linkedin.com\/company\/west-coast-trial-lawyers\/","https:\/\/www.instagram.com\/westcoasttriallawyers\/","https:\/\/www.yelp.com\/biz\/west-coast-trial-lawyers-los-angeles-2","https:\/\/www.pinterest.com\/westcoasttrial\/","https:\/\/www.youtube.com\/westcoasttriallawyersla\/","https:\/\/www.tiktok.com\/westcoasttriallawyers"],"description":"West Coast Trial Lawyers is a top-rated personal injury law firm with a goal to provide expert legal representation to those in need. The law firm has offices across California, Nevada, Arizona, and Washington.","legalName":"West Coast Trial Lawyers"}]}},"_links":{"self":[{"href":"https:\/\/westcoasttriallawyers.com\/es\/wp-json\/wp\/v2\/pages\/13118","targetHints":{"allow":["GET"]}}],"collection":[{"href":"https:\/\/westcoasttriallawyers.com\/es\/wp-json\/wp\/v2\/pages"}],"about":[{"href":"https:\/\/westcoasttriallawyers.com\/es\/wp-json\/wp\/v2\/types\/page"}],"author":[{"embeddable":true,"href":"https:\/\/westcoasttriallawyers.com\/es\/wp-json\/wp\/v2\/users\/470"}],"replies":[{"embeddable":true,"href":"https:\/\/westcoasttriallawyers.com\/es\/wp-json\/wp\/v2\/comments?post=13118"}],"version-history":[{"count":2,"href":"https:\/\/westcoasttriallawyers.com\/es\/wp-json\/wp\/v2\/pages\/13118\/revisions"}],"predecessor-version":[{"id":48171,"href":"https:\/\/westcoasttriallawyers.com\/es\/wp-json\/wp\/v2\/pages\/13118\/revisions\/48171"}],"up":[{"embeddable":true,"href":"https:\/\/westcoasttriallawyers.com\/es\/wp-json\/wp\/v2\/pages\/47405"}],"wp:featuredmedia":[{"embeddable":true,"href":"https:\/\/westcoasttriallawyers.com\/es\/wp-json\/wp\/v2\/media\/46094"}],"wp:attachment":[{"href":"https:\/\/westcoasttriallawyers.com\/es\/wp-json\/wp\/v2\/media?parent=13118"}],"curies":[{"name":"wp","href":"https:\/\/api.w.org\/{rel}","templated":true}]}}