{"id":13117,"date":"2026-01-14T15:50:32","date_gmt":"2026-01-14T15:50:32","guid":{"rendered":"https:\/\/wctl1stg.wpengine.com\/?page_id=13117"},"modified":"2026-01-22T13:36:00","modified_gmt":"2026-01-22T13:36:00","slug":"abogado-de-accidente-de-scooter-de-woodland-hills","status":"publish","type":"page","link":"https:\/\/westcoasttriallawyers.com\/es\/california\/woodland-hills\/abogado-de-accidente-de-scooter-de-woodland-hills","title":{"rendered":"Abogado de accidente de scooter de Woodland Hills"},"content":{"rendered":"<h2><strong>\u00bfQui\u00e9n puede ser hallado culpable de un accidente de scooter? \u00bfQu\u00e9 tipos de lesiones han sufrido las v\u00edctimas?<\/strong><\/h2>\n<p>La gente siempre est\u00e1 buscando formas m\u00e1s r\u00e1pidas y convenientes de moverse. Con los patinetes el\u00e9ctricos apareciendo en ciudades de todo California, incluida Woodland Hills, la tendencia de los patinetes el\u00e9ctricos se ha convertido en un fen\u00f3meno real. Empresas como Lyft, Bird y Lime han producido miles de patinetes el\u00e9ctricos para brindar a los peatones un m\u00e9todo de transporte r\u00e1pido y f\u00e1cil. Se pueden ver scooters el\u00e9ctricos estacionados en varios lugares de Woodland Hills, incluido Pierce College, parques p\u00fablicos o edificios comerciales.<\/p>\n<p>Aunque los e-scooters brindan muchos beneficios, tambi\u00e9n traen varias preocupaciones. Estos incluyen lo siguiente:<\/p>\n<ul>\n<li><strong>Los ciclistas sin experiencia est\u00e1n utilizando un e-scooter.<\/strong> Si un ciclista no sabe c\u00f3mo operar correctamente un e-scooter, eso obviamente aumenta las posibilidades de un accidente. Se recomienda encarecidamente que los pasajeros tengan experiencia previa en el uso de un e-scooter si est\u00e1n interesados \u200b\u200ben acceder a sus servicios.<\/li>\n<li><strong>Los conductores negligentes est\u00e1n desobedeciendo las reglas de tr\u00e1nsito de California.&nbsp;<\/strong>Hay ciclistas a los que no les importan las reglas de tr\u00e1nsito y hacen lo que les da la gana mientras conducen un e-scooter. Desafortunadamente, muchas vidas corren peligro cuando los pasajeros se involucran en conductas imprudentes. Esta es una de las muchas razones por las que a la gente le preocupa tener miles de patinetes el\u00e9ctricos repartidos por la ciudad. Nunca se sabe en manos de qui\u00e9n puede caer.<\/li>\n<li><strong>Los scooters el\u00e9ctricos se est\u00e1n quedando en el suelo.<\/strong> Se espera que las personas dejen el e-scooter en una posici\u00f3n de pie una vez que terminen de usarlo. Sin embargo, algunos ciclistas simplemente lo tiran al suelo y lo dejan como est\u00e1. Esto puede hacer que los peatones tropiecen con \u00e9l y se caigan, lo que puede provocar lesiones.<\/li>\n<\/ul>\n<p>De manera alarmante, estos factores han contribuido a un n\u00famero creciente de muertes relacionadas con e-scooter. Si ha sufrido una lesi\u00f3n grave debido a un accidente de e-scooter, es importante buscar un abogado con experiencia en lesiones personales para que lo ayude con su caso.<\/p>\n<p>En West Coast Trial Lawyers, nuestros abogados de accidentes de e-scooter de Woodland Hills har\u00e1n que sea una prioridad obtener la justicia que se merece. Hemos ganado m\u00e1s de 5000 casos y adquirido m\u00e1s de mil millones de d\u00f3lares en acuerdos y juicios para nuestros clientes. Debido a nuestros logros, hemos sido reconocidos como uno de los mejores bufetes de abogados de lesiones personales en Woodland Hills.<\/p>\n<p>Para programar una consulta gratuita y sin compromiso en nuestro bufete de abogados de lesiones personales de Woodland Hills, comun\u00edquese con nuestro equipo legal las 24 horas, los 7 d\u00edas de la semana llamando al&nbsp;<strong>213-927-3700<\/strong> o enviando un correo electr\u00f3nico a&nbsp;<a href=\"mailto:info@westcoasttriallawyers.com\"><strong>info@westcoasttriallawyers.com<\/strong><\/a><strong>.&nbsp;<\/strong><\/p>\n<h2><strong>Lesiones Comunes de Accidentes de E-Scooter<\/strong><\/h2>\n<p>Las ciudades de California, incluida Woodland Hills, suelen tener una gran actividad vial. Esto deja a los usuarios de e-scooter con poco o ning\u00fan espacio para viajar a sus destinos. En todo caso, los hace vulnerables a un accidente ya que los veh\u00edculos circulan muy cerca. Adem\u00e1s, los conductores negligentes a menudo se encuentran ocupando carriles para bicicletas cuando no deber\u00edan hacerlo, lo que hace que sea m\u00e1s dif\u00edcil para un conductor de e-scooter salir del tr\u00e1fico.<\/p>\n<p>Los usuarios de e-scooter no cuentan con ninguna protecci\u00f3n que les impida sufrir lesiones graves en caso de accidente. Dado que los servicios de e-scooter, como Bird y Lime, no ofrecen cascos, los usuarios pueden sufrir lesiones graves. Se ha informado que las lesiones enumeradas a continuaci\u00f3n ocurrieron durante un accidente de e-scooter.<\/p>\n<ul>\n<li><strong>Lesiones faciales.<\/strong> Esto afecta \u00e1reas como los labios, los dientes, los ojos y las mejillas. Los s\u00edntomas pueden incluir infecci\u00f3n, sarpullido, hinchaz\u00f3n, par\u00e1lisis, dificultad para respirar o tragar, problemas de visi\u00f3n, hematomas y decoloraci\u00f3n de la piel.<\/li>\n<li><strong>Lesiones de cuello y espalda.<\/strong> Esto puede causar dolor que puede resultar en hormigueo, par\u00e1lisis y entumecimiento.<\/li>\n<li><strong>Lesi\u00f3n de la m\u00e9dula espinal.<\/strong> Estas son una de las lesiones m\u00e1s graves que podr\u00edan afectar a la v\u00edctima por el resto de su vida. Los s\u00edntomas comunes incluyen dolor intenso, falta de movimiento, dificultad para controlar las deposiciones o la vejiga, dificultad para respirar, mal funcionamiento sexual, espasmos o movimientos desequilibrados.<\/li>\n<li><strong>Lesiones de t\u00f3rax y abdomen.<\/strong> Aquellos que sufren una lesi\u00f3n en el pecho o el abdomen probablemente experimenten confusi\u00f3n, problemas respiratorios, sudoraci\u00f3n anormal o aumento del ritmo card\u00edaco.<\/li>\n<li><strong>Lesi\u00f3n en la cabeza o el cerebro.<\/strong> Esto ocurre cuando hay da\u00f1o hecho al cr\u00e1neo. Los s\u00edntomas de este tipo de lesi\u00f3n incluyen fracturas de cr\u00e1neo, lesi\u00f3n cerebral traum\u00e1tica (TBI), edema, conmoci\u00f3n cerebral, hemorragia subaracnoidea, hemorragia intracerebral o heridas en el cuero cabelludo.<\/li>\n<\/ul>\n<p>Si estuvo involucrado en un accidente de e-scooter, debe buscar atenci\u00f3n m\u00e9dica de inmediato. El m\u00e9dico realizar\u00e1 pruebas, como an\u00e1lisis de sangre o pruebas de im\u00e1genes, para determinar su condici\u00f3n y formar un diagn\u00f3stico. Si su condici\u00f3n se ha considerado moderada o grave, se le puede indicar que permanezca en el hospital durante los pr\u00f3ximos d\u00edas, semanas o meses para recibir tratamiento. El m\u00e9dico crear\u00e1 un plan de tratamiento que deber\u00e1 seguir tomando una vez que le den de alta del hospital. Si su lesi\u00f3n se considera leve, se le dar\u00e1 la aprobaci\u00f3n para regresar a casa despu\u00e9s de su visita. El m\u00e9dico puede ofrecer recetas o sugerencias de remedios caseros que ayudar\u00e1n a curar su lesi\u00f3n.<\/p>\n<h2><strong>Leyes y regulaciones de E-Scooter<\/strong><\/h2>\n<p>Los servicios de e-scooter tienen la obligaci\u00f3n de ofrecer a los peatones un f\u00e1cil acceso a un m\u00e9todo de viaje c\u00f3modo y asequible. Con el aumento de su popularidad, California ha tomado nota de los peligros que pueden surgir al andar en un scooter el\u00e9ctrico, especialmente cuando el conductor no lleva equipo de seguridad o no tiene experiencia en el uso de un scooter el\u00e9ctrico. El estado respondi\u00f3 al inter\u00e9s masivo en los scooters el\u00e9ctricos al establecer un proyecto de ley en 2018 que analiza la legalidad del uso de scooters. Esto incluye lo siguiente:<\/p>\n<ul>\n<li>No necesita una licencia que se aplique espec\u00edficamente a un e-scooter, sin embargo, debe tener una licencia de conducir regular.<\/li>\n<li>Los scooters motorizados son legales para andar en la calle, pero no es necesario que est\u00e9n registrados en el DMV ni tengan una placa.<\/li>\n<li>Los usuarios de scooters el\u00e9ctricos deben seguir las reglas de tr\u00e1nsito de California.<\/li>\n<li>Es obligatorio que los ciclistas menores de 18 a\u00f1os usen un casco ajustado en todo momento cuando conducen un e-scooter.<\/li>\n<li>Los ciclistas de e-scooter deben usar el carril para bicicletas y no deben exceder la velocidad de conducci\u00f3n de m\u00e1s de 15 mph.<\/li>\n<li>Los usuarios de scooters el\u00e9ctricos no deben usar el cruce de peatones ni la acera. La violaci\u00f3n de esta ley resultar\u00e1 en una multa de hasta $200. Los ciclistas tampoco deben circular por calles en las que el l\u00edmite de velocidad indicado sea superior a 25 mph, a menos que utilicen un carril para bicicletas.<\/li>\n<li>Los pasajeros de e-scooter no pueden tener a otra persona en su e-scooter mientras conducen.<\/li>\n<\/ul>\n<h2><strong>Da\u00f1os Disponibles Despu\u00e9s de un Accidente de E-Scooter<\/strong><\/h2>\n<p>Los da\u00f1os despu\u00e9s de un accidente de e-scooter est\u00e1n destinados a cubrir p\u00e9rdidas financieras y da\u00f1os f\u00edsicos. Los montos de liquidaci\u00f3n variar\u00e1n dependiendo de las circunstancias.<\/p>\n<p>Tambi\u00e9n es importante comprender que California es un estado de negligencia comparativa, lo que significa que se le puede encontrar parcialmente culpable y aun as\u00ed calificar para alguna compensaci\u00f3n. Naturalmente, cuanto m\u00e1s negligencia contribuy\u00f3 una de las partes a causar un accidente, m\u00e1s se reducir\u00e1 la compensaci\u00f3n.<\/p>\n<p>Sin embargo, en su mayor parte, un accidente de e-scooter puede generarle una compensaci\u00f3n recuperable, que incluye:<\/p>\n<ul>\n<li>Facturas m\u00e9dicas<\/li>\n<li>Salarios perdidos<\/li>\n<li>Estr\u00e9s emocional<\/li>\n<li>Dolor y sufrimiento<\/li>\n<li>P\u00e9rdida de consorcio<\/li>\n<\/ul>\n<p>En casos raros, tambi\u00e9n puede tener derecho a da\u00f1os punitivos. Un tribunal otorga da\u00f1os punitivos, pero solo cuando un acusado deliberadamente intenta causar da\u00f1o a alguien o se comporta de una manera muy atroz. Conducir bajo la influencia o ser culpable de un golpe y fuga son dos ejemplos de incidentes que pueden calificar a una v\u00edctima para da\u00f1os punitivos.<\/p>\n<h2><strong>Cont\u00e1ctenos<\/strong><\/h2>\n<p>Si estuvo involucrado en un accidente de e-scooter y le gustar\u00eda presentar una demanda contra la parte culpable, West Coast Trial Lawyers tiene abogados especialistas en accidentes de e-scooter de Woodland Hills que lo ayudar\u00e1n a obtener un monto de liquidaci\u00f3n alto que cubrir\u00e1 aspectos econ\u00f3micos y \/o da\u00f1os no econ\u00f3micos que sufri\u00f3 por el incidente.<\/p>\n<p>Para programar una consulta gratuita en nuestro bufete de abogados de lesiones personales de Woodland Hills, comun\u00edquese con nuestro equipo legal las 24 horas, los 7 d\u00edas de la semana llamando al&nbsp;<strong>213-927-3700<\/strong> o enviando un correo electr\u00f3nico a&nbsp;<a href=\"mailto:info@westcoasttriallawyers.com\"><strong>info@westcoasttriallawyers.com<\/strong><\/a><strong>.&nbsp;<\/strong><br \/>\n<!-- WCTL_DEBUG: no shortcode in this_content --><\/p>\n","protected":false},"excerpt":{"rendered":"<p>\u00bfQui\u00e9n puede ser hallado culpable de un accidente de scooter? \u00bfQu\u00e9 tipos de lesiones han sufrido las v\u00edctimas? La gente siempre est\u00e1 buscando formas m\u00e1s r\u00e1pidas y convenientes de moverse. Con los patinetes el\u00e9ctricos apareciendo en ciudades de todo California, incluida Woodland Hills, la tendencia de los patinetes el\u00e9ctricos se ha convertido en un fen\u00f3meno [&hellip;]<\/p>\n","protected":false},"author":475,"featured_media":46099,"parent":47405,"menu_order":0,"comment_status":"closed","ping_status":"closed","template":"","meta":{"inline_featured_image":false,"footnotes":""},"class_list":["post-13117","page","type-page","status-publish","has-post-thumbnail","hentry"],"acf":[],"yoast_head":"<!-- This site is optimized with the Yoast SEO Premium plugin v26.0 (Yoast SEO v26.0) - https:\/\/yoast.com\/wordpress\/plugins\/seo\/ -->\n<title>Abogado de accidente de scooter de Woodland Hills | West Coast Trial Lawyers<\/title>\n<meta name=\"robots\" content=\"index, follow, max-snippet:-1, max-image-preview:large, max-video-preview:-1\" \/>\n<link rel=\"canonical\" href=\"https:\/\/westcoasttriallawyers.com\/es\/california\/woodland-hills\/abogado-de-accidente-de-scooter-de-woodland-hills\" \/>\n<meta property=\"og:locale\" content=\"es_ES\" \/>\n<meta property=\"og:type\" content=\"article\" \/>\n<meta property=\"og:title\" content=\"Abogado de accidente de scooter de Woodland Hills\" \/>\n<meta property=\"og:description\" content=\"\u00bfQui\u00e9n puede ser hallado culpable de un accidente de scooter? \u00bfQu\u00e9 tipos de lesiones han sufrido las v\u00edctimas? La gente siempre est\u00e1 buscando formas m\u00e1s r\u00e1pidas y convenientes de moverse. Con los patinetes el\u00e9ctricos apareciendo en ciudades de todo California, incluida Woodland Hills, la tendencia de los patinetes el\u00e9ctricos se ha convertido en un fen\u00f3meno [&hellip;]\" \/>\n<meta property=\"og:url\" content=\"https:\/\/westcoasttriallawyers.com\/es\/california\/woodland-hills\/abogado-de-accidente-de-scooter-de-woodland-hills\" \/>\n<meta property=\"og:site_name\" content=\"West Coast Trial Lawyers\" \/>\n<meta property=\"article:publisher\" content=\"https:\/\/www.facebook.com\/westcoasttriallawyers\/\" \/>\n<meta property=\"article:modified_time\" content=\"2026-01-22T13:36:00+00:00\" \/>\n<meta property=\"og:image\" content=\"https:\/\/westcoasttriallawyers.com\/wp-content\/uploads\/2025\/07\/Woodland-Hills-15.webp\" \/>\n\t<meta property=\"og:image:width\" content=\"557\" \/>\n\t<meta property=\"og:image:height\" content=\"327\" \/>\n\t<meta property=\"og:image:type\" content=\"image\/webp\" \/>\n<meta name=\"twitter:card\" content=\"summary_large_image\" \/>\n<meta name=\"twitter:site\" content=\"@WestCoastTrial\" \/>\n<meta name=\"twitter:label1\" content=\"Tiempo de lectura\" \/>\n\t<meta name=\"twitter:data1\" content=\"10 minutos\" \/>\n<script type=\"application\/ld+json\" class=\"yoast-schema-graph\">{\"@context\":\"https:\/\/schema.org\",\"@graph\":[{\"@type\":[\"WebPage\",\"ItemPage\"],\"@id\":\"https:\/\/westcoasttriallawyers.com\/es\/california\/woodland-hills\/abogado-de-accidente-de-scooter-de-woodland-hills\",\"url\":\"https:\/\/westcoasttriallawyers.com\/es\/california\/woodland-hills\/abogado-de-accidente-de-scooter-de-woodland-hills\",\"name\":\"Abogado de accidente de scooter de Woodland Hills | West Coast Trial Lawyers\",\"isPartOf\":{\"@id\":\"https:\/\/westcoasttriallawyers.com\/es#website\"},\"primaryImageOfPage\":{\"@id\":\"https:\/\/westcoasttriallawyers.com\/es\/california\/woodland-hills\/abogado-de-accidente-de-scooter-de-woodland-hills#primaryimage\"},\"image\":{\"@id\":\"https:\/\/westcoasttriallawyers.com\/es\/california\/woodland-hills\/abogado-de-accidente-de-scooter-de-woodland-hills#primaryimage\"},\"thumbnailUrl\":\"https:\/\/westcoasttriallawyers.com\/wp-content\/uploads\/2025\/07\/Woodland-Hills-15.webp\",\"datePublished\":\"2026-01-14T15:50:32+00:00\",\"dateModified\":\"2026-01-22T13:36:00+00:00\",\"breadcrumb\":{\"@id\":\"https:\/\/westcoasttriallawyers.com\/es\/california\/woodland-hills\/abogado-de-accidente-de-scooter-de-woodland-hills#breadcrumb\"},\"inLanguage\":\"es\",\"potentialAction\":[{\"@type\":\"ReadAction\",\"target\":[\"https:\/\/westcoasttriallawyers.com\/es\/california\/woodland-hills\/abogado-de-accidente-de-scooter-de-woodland-hills\"]}]},{\"@type\":\"ImageObject\",\"inLanguage\":\"es\",\"@id\":\"https:\/\/westcoasttriallawyers.com\/es\/california\/woodland-hills\/abogado-de-accidente-de-scooter-de-woodland-hills#primaryimage\",\"url\":\"https:\/\/westcoasttriallawyers.com\/wp-content\/uploads\/2025\/07\/Woodland-Hills-15.webp\",\"contentUrl\":\"https:\/\/westcoasttriallawyers.com\/wp-content\/uploads\/2025\/07\/Woodland-Hills-15.webp\",\"width\":557,\"height\":327},{\"@type\":\"BreadcrumbList\",\"@id\":\"https:\/\/westcoasttriallawyers.com\/es\/california\/woodland-hills\/abogado-de-accidente-de-scooter-de-woodland-hills#breadcrumb\",\"itemListElement\":[{\"@type\":\"ListItem\",\"position\":1,\"name\":\"Inicio\",\"item\":\"https:\/\/westcoasttriallawyers.com\/es\"},{\"@type\":\"ListItem\",\"position\":2,\"name\":\"California\",\"item\":\"https:\/\/westcoasttriallawyers.com\/es\/california\"},{\"@type\":\"ListItem\",\"position\":3,\"name\":\"Woodland Hills\",\"item\":\"https:\/\/westcoasttriallawyers.com\/es\/california\/woodland-hills\"},{\"@type\":\"ListItem\",\"position\":4,\"name\":\"Abogado de accidente de scooter de Woodland Hills\"}]},{\"@type\":\"WebSite\",\"@id\":\"https:\/\/westcoasttriallawyers.com\/es#website\",\"url\":\"https:\/\/westcoasttriallawyers.com\/es\",\"name\":\"West Coast Trial Lawyers\",\"description\":\"West Coast Trial Lawyers\",\"publisher\":{\"@id\":\"https:\/\/westcoasttriallawyers.com\/es#organization\"},\"alternateName\":\"WCTL\",\"potentialAction\":[{\"@type\":\"SearchAction\",\"target\":{\"@type\":\"EntryPoint\",\"urlTemplate\":\"https:\/\/westcoasttriallawyers.com\/es?s={search_term_string}\"},\"query-input\":{\"@type\":\"PropertyValueSpecification\",\"valueRequired\":true,\"valueName\":\"search_term_string\"}}],\"inLanguage\":\"es\"},{\"@type\":\"Organization\",\"@id\":\"https:\/\/westcoasttriallawyers.com\/es#organization\",\"name\":\"West Coast Trial Lawyers\",\"alternateName\":\"WCTL\",\"url\":\"https:\/\/westcoasttriallawyers.com\/es\",\"logo\":{\"@type\":\"ImageObject\",\"inLanguage\":\"es\",\"@id\":\"https:\/\/westcoasttriallawyers.com\/es#\/schema\/logo\/image\/\",\"url\":\"https:\/\/westcoasttriallawyers.com\/wp-content\/uploads\/2026\/02\/WCTL-Logo.jpg\",\"contentUrl\":\"https:\/\/westcoasttriallawyers.com\/wp-content\/uploads\/2026\/02\/WCTL-Logo.jpg\",\"width\":696,\"height\":696,\"caption\":\"West Coast Trial Lawyers\"},\"image\":{\"@id\":\"https:\/\/westcoasttriallawyers.com\/es#\/schema\/logo\/image\/\"},\"sameAs\":[\"https:\/\/www.facebook.com\/westcoasttriallawyers\/\",\"https:\/\/x.com\/WestCoastTrial\",\"https:\/\/www.linkedin.com\/company\/west-coast-trial-lawyers\/\",\"https:\/\/www.instagram.com\/westcoasttriallawyers\/\",\"https:\/\/www.yelp.com\/biz\/west-coast-trial-lawyers-los-angeles-2\",\"https:\/\/www.pinterest.com\/westcoasttrial\/\",\"https:\/\/www.youtube.com\/westcoasttriallawyersla\/\",\"https:\/\/www.tiktok.com\/westcoasttriallawyers\"],\"description\":\"West Coast Trial Lawyers is a top-rated personal injury law firm with a goal to provide expert legal representation to those in need. The law firm has offices across California, Nevada, Arizona, and Washington.\",\"legalName\":\"West Coast Trial Lawyers\"}]}<\/script>\n<!-- \/ Yoast SEO Premium plugin. -->","yoast_head_json":{"title":"Abogado de accidente de scooter de Woodland Hills | West Coast Trial Lawyers","robots":{"index":"index","follow":"follow","max-snippet":"max-snippet:-1","max-image-preview":"max-image-preview:large","max-video-preview":"max-video-preview:-1"},"canonical":"https:\/\/westcoasttriallawyers.com\/es\/california\/woodland-hills\/abogado-de-accidente-de-scooter-de-woodland-hills","og_locale":"es_ES","og_type":"article","og_title":"Abogado de accidente de scooter de Woodland Hills","og_description":"\u00bfQui\u00e9n puede ser hallado culpable de un accidente de scooter? \u00bfQu\u00e9 tipos de lesiones han sufrido las v\u00edctimas? La gente siempre est\u00e1 buscando formas m\u00e1s r\u00e1pidas y convenientes de moverse. Con los patinetes el\u00e9ctricos apareciendo en ciudades de todo California, incluida Woodland Hills, la tendencia de los patinetes el\u00e9ctricos se ha convertido en un fen\u00f3meno [&hellip;]","og_url":"https:\/\/westcoasttriallawyers.com\/es\/california\/woodland-hills\/abogado-de-accidente-de-scooter-de-woodland-hills","og_site_name":"West Coast Trial Lawyers","article_publisher":"https:\/\/www.facebook.com\/westcoasttriallawyers\/","article_modified_time":"2026-01-22T13:36:00+00:00","og_image":[{"width":557,"height":327,"url":"https:\/\/westcoasttriallawyers.com\/wp-content\/uploads\/2025\/07\/Woodland-Hills-15.webp","type":"image\/webp"}],"twitter_card":"summary_large_image","twitter_site":"@WestCoastTrial","twitter_misc":{"Tiempo de lectura":"10 minutos"},"schema":{"@context":"https:\/\/schema.org","@graph":[{"@type":["WebPage","ItemPage"],"@id":"https:\/\/westcoasttriallawyers.com\/es\/california\/woodland-hills\/abogado-de-accidente-de-scooter-de-woodland-hills","url":"https:\/\/westcoasttriallawyers.com\/es\/california\/woodland-hills\/abogado-de-accidente-de-scooter-de-woodland-hills","name":"Abogado de accidente de scooter de Woodland Hills | West Coast Trial Lawyers","isPartOf":{"@id":"https:\/\/westcoasttriallawyers.com\/es#website"},"primaryImageOfPage":{"@id":"https:\/\/westcoasttriallawyers.com\/es\/california\/woodland-hills\/abogado-de-accidente-de-scooter-de-woodland-hills#primaryimage"},"image":{"@id":"https:\/\/westcoasttriallawyers.com\/es\/california\/woodland-hills\/abogado-de-accidente-de-scooter-de-woodland-hills#primaryimage"},"thumbnailUrl":"https:\/\/westcoasttriallawyers.com\/wp-content\/uploads\/2025\/07\/Woodland-Hills-15.webp","datePublished":"2026-01-14T15:50:32+00:00","dateModified":"2026-01-22T13:36:00+00:00","breadcrumb":{"@id":"https:\/\/westcoasttriallawyers.com\/es\/california\/woodland-hills\/abogado-de-accidente-de-scooter-de-woodland-hills#breadcrumb"},"inLanguage":"es","potentialAction":[{"@type":"ReadAction","target":["https:\/\/westcoasttriallawyers.com\/es\/california\/woodland-hills\/abogado-de-accidente-de-scooter-de-woodland-hills"]}]},{"@type":"ImageObject","inLanguage":"es","@id":"https:\/\/westcoasttriallawyers.com\/es\/california\/woodland-hills\/abogado-de-accidente-de-scooter-de-woodland-hills#primaryimage","url":"https:\/\/westcoasttriallawyers.com\/wp-content\/uploads\/2025\/07\/Woodland-Hills-15.webp","contentUrl":"https:\/\/westcoasttriallawyers.com\/wp-content\/uploads\/2025\/07\/Woodland-Hills-15.webp","width":557,"height":327},{"@type":"BreadcrumbList","@id":"https:\/\/westcoasttriallawyers.com\/es\/california\/woodland-hills\/abogado-de-accidente-de-scooter-de-woodland-hills#breadcrumb","itemListElement":[{"@type":"ListItem","position":1,"name":"Inicio","item":"https:\/\/westcoasttriallawyers.com\/es"},{"@type":"ListItem","position":2,"name":"California","item":"https:\/\/westcoasttriallawyers.com\/es\/california"},{"@type":"ListItem","position":3,"name":"Woodland Hills","item":"https:\/\/westcoasttriallawyers.com\/es\/california\/woodland-hills"},{"@type":"ListItem","position":4,"name":"Abogado de accidente de scooter de Woodland Hills"}]},{"@type":"WebSite","@id":"https:\/\/westcoasttriallawyers.com\/es#website","url":"https:\/\/westcoasttriallawyers.com\/es","name":"West Coast Trial Lawyers","description":"West Coast Trial Lawyers","publisher":{"@id":"https:\/\/westcoasttriallawyers.com\/es#organization"},"alternateName":"WCTL","potentialAction":[{"@type":"SearchAction","target":{"@type":"EntryPoint","urlTemplate":"https:\/\/westcoasttriallawyers.com\/es?s={search_term_string}"},"query-input":{"@type":"PropertyValueSpecification","valueRequired":true,"valueName":"search_term_string"}}],"inLanguage":"es"},{"@type":"Organization","@id":"https:\/\/westcoasttriallawyers.com\/es#organization","name":"West Coast Trial Lawyers","alternateName":"WCTL","url":"https:\/\/westcoasttriallawyers.com\/es","logo":{"@type":"ImageObject","inLanguage":"es","@id":"https:\/\/westcoasttriallawyers.com\/es#\/schema\/logo\/image\/","url":"https:\/\/westcoasttriallawyers.com\/wp-content\/uploads\/2026\/02\/WCTL-Logo.jpg","contentUrl":"https:\/\/westcoasttriallawyers.com\/wp-content\/uploads\/2026\/02\/WCTL-Logo.jpg","width":696,"height":696,"caption":"West Coast Trial Lawyers"},"image":{"@id":"https:\/\/westcoasttriallawyers.com\/es#\/schema\/logo\/image\/"},"sameAs":["https:\/\/www.facebook.com\/westcoasttriallawyers\/","https:\/\/x.com\/WestCoastTrial","https:\/\/www.linkedin.com\/company\/west-coast-trial-lawyers\/","https:\/\/www.instagram.com\/westcoasttriallawyers\/","https:\/\/www.yelp.com\/biz\/west-coast-trial-lawyers-los-angeles-2","https:\/\/www.pinterest.com\/westcoasttrial\/","https:\/\/www.youtube.com\/westcoasttriallawyersla\/","https:\/\/www.tiktok.com\/westcoasttriallawyers"],"description":"West Coast Trial Lawyers is a top-rated personal injury law firm with a goal to provide expert legal representation to those in need. The law firm has offices across California, Nevada, Arizona, and Washington.","legalName":"West Coast Trial Lawyers"}]}},"_links":{"self":[{"href":"https:\/\/westcoasttriallawyers.com\/es\/wp-json\/wp\/v2\/pages\/13117","targetHints":{"allow":["GET"]}}],"collection":[{"href":"https:\/\/westcoasttriallawyers.com\/es\/wp-json\/wp\/v2\/pages"}],"about":[{"href":"https:\/\/westcoasttriallawyers.com\/es\/wp-json\/wp\/v2\/types\/page"}],"author":[{"embeddable":true,"href":"https:\/\/westcoasttriallawyers.com\/es\/wp-json\/wp\/v2\/users\/475"}],"replies":[{"embeddable":true,"href":"https:\/\/westcoasttriallawyers.com\/es\/wp-json\/wp\/v2\/comments?post=13117"}],"version-history":[{"count":3,"href":"https:\/\/westcoasttriallawyers.com\/es\/wp-json\/wp\/v2\/pages\/13117\/revisions"}],"predecessor-version":[{"id":47971,"href":"https:\/\/westcoasttriallawyers.com\/es\/wp-json\/wp\/v2\/pages\/13117\/revisions\/47971"}],"up":[{"embeddable":true,"href":"https:\/\/westcoasttriallawyers.com\/es\/wp-json\/wp\/v2\/pages\/47405"}],"wp:featuredmedia":[{"embeddable":true,"href":"https:\/\/westcoasttriallawyers.com\/es\/wp-json\/wp\/v2\/media\/46099"}],"wp:attachment":[{"href":"https:\/\/westcoasttriallawyers.com\/es\/wp-json\/wp\/v2\/media?parent=13117"}],"curies":[{"name":"wp","href":"https:\/\/api.w.org\/{rel}","templated":true}]}}