{"id":13116,"date":"2026-01-14T15:50:33","date_gmt":"2026-01-14T15:50:33","guid":{"rendered":"https:\/\/wctl1stg.wpengine.com\/?page_id=13116"},"modified":"2026-01-22T13:33:36","modified_gmt":"2026-01-22T13:33:36","slug":"abogado-de-responsabilidad-de-locales-en-woodland-hills","status":"publish","type":"page","link":"https:\/\/westcoasttriallawyers.com\/es\/california\/woodland-hills\/abogado-de-responsabilidad-de-locales-en-woodland-hills","title":{"rendered":"Abogado de Responsabilidad de Locales en Woodland Hills"},"content":{"rendered":"<h2><strong>Casos de responsabilidad de locales: \u00bfC\u00f3mo se puede determinar la responsabilidad?<\/strong><\/h2>\n<p>Hay m\u00e1s de 26,000 hogares en Woodland Hills. Cerca de 8.000 de estos hogares incluyen ni\u00f1os. Dada la cantidad de ni\u00f1os que juegan o se mueven en Woodland Hills, los due\u00f1os de propiedades deben considerar colocar letreros alrededor de su propiedad para evitar que ingresen intrusos. A menudo se encuentra a los ni\u00f1os tratando de ingresar a una propiedad que tiene molestias atractivas, como un patio de recreo o una piscina. Tr\u00e1gicamente, ha habido incidentes de ni\u00f1os que se ahogaron o se lesionaron gravemente mientras jugaban con el equipo del due\u00f1o de una propiedad.<\/p>\n<p>Si usted o un ser querido resultaron lesionados debido a la negligencia del due\u00f1o de una propiedad, West Coast Trial Lawyers cuenta con abogados de responsabilidad de locales de Woodland Hills con m\u00e1s de 60 a\u00f1os de experiencia colectiva en el manejo de casos de lesiones personales. Hemos ganado miles de casos y recuperado m\u00e1s de $1 mil millones en acuerdos para nuestros clientes. Debido a nuestros logros, hemos sido reconocidos como uno de los mejores bufetes de abogados de lesiones personales en Woodland Hills.<\/p>\n<p>Para programar una consulta gratuita y sin compromiso en nuestro bufete de abogados de lesiones personales de Woodland Hills, comun\u00edquese con nuestro equipo legal las 24 horas, los 7 d\u00edas de la semana llamando al&nbsp;<strong>213-927-3700<\/strong> o enviando un correo electr\u00f3nico a&nbsp;<a href=\"mailto:info@westcoasttriallawyers.com\"><strong>info@westcoasttriallawyers.com<\/strong><\/a><strong>.&nbsp;<\/strong><\/p>\n<h2><strong>Casos de responsabilidad de locales<\/strong><\/h2>\n<p>Los casos de responsabilidad de locales a menudo var\u00edan entre s\u00ed y pueden ocurrir en m\u00faltiples ubicaciones, como su propia casa, el lugar de trabajo o una tienda minorista. Los casos comunes incluyen los siguientes:<\/p>\n<ul>\n<li>Falta de seguridad en el edificio.<\/li>\n<li>Equipo, objeto o edificio defectuoso<\/li>\n<li>Negligencia en el sitio de construcci\u00f3n<\/li>\n<li>Poco o ning\u00fan mantenimiento en la propiedad<\/li>\n<li>No hay se\u00f1ales de advertencia claras o visibles<\/li>\n<li>Molestias atractivas que provocan que los ni\u00f1os traspasen la propiedad que est\u00e1 llena de condiciones peligrosas<\/li>\n<li>accidentes de piscina<\/li>\n<li>incendios<\/li>\n<li>accidentes de estacionamiento<\/li>\n<li>Accidentes por resbalones y ca\u00eddas<\/li>\n<li>Cables de extensi\u00f3n ocultos<\/li>\n<li>Alfombras o moquetas mal colocadas en el suelo<\/li>\n<li>accidentes en parques de atracciones<\/li>\n<li>Mordidas de perro<\/li>\n<li>Accidentes de ascensores y escaleras mec\u00e1nicas<\/li>\n<li>Fugas o inundaciones<\/li>\n<li>quemaduras qu\u00edmicas<\/li>\n<\/ul>\n<h2><strong>Obligaci\u00f3n de cuidar<\/strong><\/h2>\n<p>En California, se requiere que todos los propietarios ejerzan un cuidado razonable para garantizar la seguridad de los invitados o visitantes cuando ingresan a sus instalaciones. Los tres tipos de visitantes incluyen lo siguiente:<\/p>\n<ul>\n<li><strong>Invitados.<\/strong> Estas son personas a las que el due\u00f1o de la tierra les ha dado permiso para entrar a su propiedad. Los invitados generalmente se identifican como amigos, parientes o vecinos. Se les debe otorgar el mayor deber de cuidado.<\/li>\n<li><strong>Licenciatarios.<\/strong> Tienen permiso para acercarse a la propiedad del propietario, sin embargo, est\u00e1n presentes para sus propios fines. Los ejemplos incluyen un trabajador de servicios p\u00fablicos o un vendedor. Este tipo de personas recibir\u00edan menos deber de cuidado en comparaci\u00f3n con los invitados.<\/li>\n<li><strong>Intrusos.&nbsp;<\/strong>No est\u00e1n autorizados a entrar en el recinto. Los due\u00f1os de propiedades generalmente no le deben a un intruso ning\u00fan deber de cuidado, a menos que sean ni\u00f1os. Ser\u00eda ideal tapar o quitar las molestias atractivas en \u00e1reas visibles de sus instalaciones para evitar que los ni\u00f1os intenten entrar. Los objetos que pueden clasificarse como una molestia atractiva incluyen piscinas, mascotas, \u00e1reas de juegos, maquinaria, fuentes, escaleras y juguetes.<\/li>\n<\/ul>\n<p>En general, los propietarios deben cumplir con su deber de cuidado para garantizar que su territorio se encuentre en condiciones razonablemente seguras. El deber de cuidado del due\u00f1o de una propiedad se cumple cuando \u00e9l o ella toma la misma acci\u00f3n que otros due\u00f1os razonables de propiedad toman o habr\u00edan tomado en situaciones similares. Para determinar si un propietario ha incumplido su deber de cuidado, se deben tener en cuenta estos factores:<\/p>\n<ul>\n<li>\u00bfQu\u00e9 probabilidad hay de que ocurra una lesi\u00f3n dadas las circunstancias?<\/li>\n<li>\u00bfQu\u00e9 tan grave ser\u00eda la lesi\u00f3n en base a estas circunstancias?<\/li>\n<li>\u00bfEstaba el propietario al tanto de las condiciones peligrosas que desencadenaron el accidente? Si no, \u00bfdeber\u00eda \u00e9l o ella haber estado al tanto de estas condiciones?<\/li>\n<li>\u00bfD\u00f3nde est\u00e1 la ubicaci\u00f3n de la propiedad?<\/li>\n<li>\u00bfCu\u00e1nta molestia habr\u00eda sido para el due\u00f1o de la propiedad reducir o eliminar los riesgos impuestos por las condiciones peligrosas?<\/li>\n<li>\u00bfCu\u00e1nto poder ten\u00eda el due\u00f1o de la propiedad para mantener esta condici\u00f3n peligrosa?<\/li>\n<\/ul>\n<h2><strong>Determinar qui\u00e9n tiene la culpa<\/strong><\/h2>\n<p>Aquellos que sufran lesiones debido a la negligencia del due\u00f1o de la propiedad pueden tener derecho a un reclamo de responsabilidad de locales contra quien posea, alquile, controle u ocupe el \u00e1rea donde ocurri\u00f3 la lesi\u00f3n. Si una condici\u00f3n peligrosa causa un da\u00f1o grave a una persona, el due\u00f1o de la propiedad ser\u00e1 responsable de los da\u00f1os. Seg\u00fan el C\u00f3digo Civil de California 1714(a): \u201cToda persona es responsable, no solo por el resultado de sus actos deliberados, sino tambi\u00e9n por un da\u00f1o ocasionado a otro por su falta de cuidado ordinario o habilidad en el manejo de su propiedad o persona.\u201d Cuando se trata de una demanda por responsabilidad de locales, se espera que la v\u00edctima demuestre que sufri\u00f3 da\u00f1os principalmente debido a la negligencia del due\u00f1o de la propiedad. Deben demostrar que:<\/p>\n<ul>\n<li>El demandado exhibi\u00f3 negligencia al no realizar una verificaci\u00f3n de mantenimiento en su propiedad.<\/li>\n<li>El demandado era due\u00f1o, arrendaba, ocupaba o controlaba el \u00e1rea donde ocurri\u00f3 el accidente.<\/li>\n<li>El demandante sufri\u00f3 lesiones.<\/li>\n<li>El descuido del acusado fue la raz\u00f3n principal por la que el demandante result\u00f3 herido.<\/li>\n<\/ul>\n<p>Generalmente, en una demanda por responsabilidad de locales, el demandado puede ser:<\/p>\n<ul>\n<li>Due\u00f1o de casa<\/li>\n<li>Propietario de la empresa<\/li>\n<li>Inquilino<\/li>\n<li>Inquilino<\/li>\n<li>Tienda al por menor<\/li>\n<li>Empresa de administraci\u00f3n de propiedades<\/li>\n<\/ul>\n<h2><strong>Cont\u00e1ctenos<\/strong><\/h2>\n<p>Si ha sufrido lesiones en la ciudad de Woodland Hills como resultado de un accidente de responsabilidad de locales, los abogados litigantes de la costa oeste lo ayudar\u00e1n a recuperar una compensaci\u00f3n financiera y emocional por las p\u00e9rdidas que ha sufrido, incluidas las facturas m\u00e9dicas, la angustia emocional, la p\u00e9rdida de salarios, el dolor y sufrimiento, y m\u00e1s. Nuestro objetivo principal es asegurarnos de que obtenga la justicia que se merece.<\/p>\n<p>Si est\u00e1 interesado en utilizar nuestros servicios, cont\u00e1ctenos hoy llamando al<strong> 213-927-3700<\/strong> o enviando un correo electr\u00f3nico a&nbsp;<a href=\"mailto:info@westcoasttriallawyers.com\"><strong>info@westcoasttriallawyers.com<\/strong><\/a> para programar una consulta gratuita con nuestro equipo legal experimentado, atento y compasivo.<br \/>\n<!-- WCTL_DEBUG: no shortcode in this_content --><\/p>\n","protected":false},"excerpt":{"rendered":"<p>Casos de responsabilidad de locales: \u00bfC\u00f3mo se puede determinar la responsabilidad? Hay m\u00e1s de 26,000 hogares en Woodland Hills. Cerca de 8.000 de estos hogares incluyen ni\u00f1os. Dada la cantidad de ni\u00f1os que juegan o se mueven en Woodland Hills, los due\u00f1os de propiedades deben considerar colocar letreros alrededor de su propiedad para evitar que [&hellip;]<\/p>\n","protected":false},"author":475,"featured_media":46104,"parent":47405,"menu_order":0,"comment_status":"closed","ping_status":"closed","template":"","meta":{"inline_featured_image":false,"footnotes":""},"class_list":["post-13116","page","type-page","status-publish","has-post-thumbnail","hentry"],"acf":[],"yoast_head":"<!-- This site is optimized with the Yoast SEO Premium plugin v26.0 (Yoast SEO v26.0) - https:\/\/yoast.com\/wordpress\/plugins\/seo\/ -->\n<title>Abogado de Responsabilidad de Locales en Woodland Hills | West Coast Trial Lawyers<\/title>\n<meta name=\"robots\" content=\"index, follow, max-snippet:-1, max-image-preview:large, max-video-preview:-1\" \/>\n<link rel=\"canonical\" href=\"https:\/\/westcoasttriallawyers.com\/es\/california\/woodland-hills\/abogado-de-responsabilidad-de-locales-en-woodland-hills\" \/>\n<meta property=\"og:locale\" content=\"es_ES\" \/>\n<meta property=\"og:type\" content=\"article\" \/>\n<meta property=\"og:title\" content=\"Abogado de Responsabilidad de Locales en Woodland Hills\" \/>\n<meta property=\"og:description\" content=\"Casos de responsabilidad de locales: \u00bfC\u00f3mo se puede determinar la responsabilidad? Hay m\u00e1s de 26,000 hogares en Woodland Hills. Cerca de 8.000 de estos hogares incluyen ni\u00f1os. Dada la cantidad de ni\u00f1os que juegan o se mueven en Woodland Hills, los due\u00f1os de propiedades deben considerar colocar letreros alrededor de su propiedad para evitar que [&hellip;]\" \/>\n<meta property=\"og:url\" content=\"https:\/\/westcoasttriallawyers.com\/es\/california\/woodland-hills\/abogado-de-responsabilidad-de-locales-en-woodland-hills\" \/>\n<meta property=\"og:site_name\" content=\"West Coast Trial Lawyers\" \/>\n<meta property=\"article:publisher\" content=\"https:\/\/www.facebook.com\/westcoasttriallawyers\/\" \/>\n<meta property=\"article:modified_time\" content=\"2026-01-22T13:33:36+00:00\" \/>\n<meta property=\"og:image\" content=\"https:\/\/westcoasttriallawyers.com\/wp-content\/uploads\/2025\/07\/Woodland-Hills-17.webp\" \/>\n\t<meta property=\"og:image:width\" content=\"557\" \/>\n\t<meta property=\"og:image:height\" content=\"327\" \/>\n\t<meta property=\"og:image:type\" content=\"image\/webp\" \/>\n<meta name=\"twitter:card\" content=\"summary_large_image\" \/>\n<meta name=\"twitter:site\" content=\"@WestCoastTrial\" \/>\n<meta name=\"twitter:label1\" content=\"Tiempo de lectura\" \/>\n\t<meta name=\"twitter:data1\" content=\"8 minutos\" \/>\n<script type=\"application\/ld+json\" class=\"yoast-schema-graph\">{\"@context\":\"https:\/\/schema.org\",\"@graph\":[{\"@type\":[\"WebPage\",\"ItemPage\"],\"@id\":\"https:\/\/westcoasttriallawyers.com\/es\/california\/woodland-hills\/abogado-de-responsabilidad-de-locales-en-woodland-hills\",\"url\":\"https:\/\/westcoasttriallawyers.com\/es\/california\/woodland-hills\/abogado-de-responsabilidad-de-locales-en-woodland-hills\",\"name\":\"Abogado de Responsabilidad de Locales en Woodland Hills | West Coast Trial Lawyers\",\"isPartOf\":{\"@id\":\"https:\/\/westcoasttriallawyers.com\/es#website\"},\"primaryImageOfPage\":{\"@id\":\"https:\/\/westcoasttriallawyers.com\/es\/california\/woodland-hills\/abogado-de-responsabilidad-de-locales-en-woodland-hills#primaryimage\"},\"image\":{\"@id\":\"https:\/\/westcoasttriallawyers.com\/es\/california\/woodland-hills\/abogado-de-responsabilidad-de-locales-en-woodland-hills#primaryimage\"},\"thumbnailUrl\":\"https:\/\/westcoasttriallawyers.com\/wp-content\/uploads\/2025\/07\/Woodland-Hills-17.webp\",\"datePublished\":\"2026-01-14T15:50:33+00:00\",\"dateModified\":\"2026-01-22T13:33:36+00:00\",\"breadcrumb\":{\"@id\":\"https:\/\/westcoasttriallawyers.com\/es\/california\/woodland-hills\/abogado-de-responsabilidad-de-locales-en-woodland-hills#breadcrumb\"},\"inLanguage\":\"es\",\"potentialAction\":[{\"@type\":\"ReadAction\",\"target\":[\"https:\/\/westcoasttriallawyers.com\/es\/california\/woodland-hills\/abogado-de-responsabilidad-de-locales-en-woodland-hills\"]}]},{\"@type\":\"ImageObject\",\"inLanguage\":\"es\",\"@id\":\"https:\/\/westcoasttriallawyers.com\/es\/california\/woodland-hills\/abogado-de-responsabilidad-de-locales-en-woodland-hills#primaryimage\",\"url\":\"https:\/\/westcoasttriallawyers.com\/wp-content\/uploads\/2025\/07\/Woodland-Hills-17.webp\",\"contentUrl\":\"https:\/\/westcoasttriallawyers.com\/wp-content\/uploads\/2025\/07\/Woodland-Hills-17.webp\",\"width\":557,\"height\":327},{\"@type\":\"BreadcrumbList\",\"@id\":\"https:\/\/westcoasttriallawyers.com\/es\/california\/woodland-hills\/abogado-de-responsabilidad-de-locales-en-woodland-hills#breadcrumb\",\"itemListElement\":[{\"@type\":\"ListItem\",\"position\":1,\"name\":\"Inicio\",\"item\":\"https:\/\/westcoasttriallawyers.com\/es\"},{\"@type\":\"ListItem\",\"position\":2,\"name\":\"California\",\"item\":\"https:\/\/westcoasttriallawyers.com\/es\/california\"},{\"@type\":\"ListItem\",\"position\":3,\"name\":\"Woodland Hills\",\"item\":\"https:\/\/westcoasttriallawyers.com\/es\/california\/woodland-hills\"},{\"@type\":\"ListItem\",\"position\":4,\"name\":\"Abogado de Responsabilidad de Locales en Woodland Hills\"}]},{\"@type\":\"WebSite\",\"@id\":\"https:\/\/westcoasttriallawyers.com\/es#website\",\"url\":\"https:\/\/westcoasttriallawyers.com\/es\",\"name\":\"West Coast Trial Lawyers\",\"description\":\"West Coast Trial Lawyers\",\"publisher\":{\"@id\":\"https:\/\/westcoasttriallawyers.com\/es#organization\"},\"alternateName\":\"WCTL\",\"potentialAction\":[{\"@type\":\"SearchAction\",\"target\":{\"@type\":\"EntryPoint\",\"urlTemplate\":\"https:\/\/westcoasttriallawyers.com\/es?s={search_term_string}\"},\"query-input\":{\"@type\":\"PropertyValueSpecification\",\"valueRequired\":true,\"valueName\":\"search_term_string\"}}],\"inLanguage\":\"es\"},{\"@type\":\"Organization\",\"@id\":\"https:\/\/westcoasttriallawyers.com\/es#organization\",\"name\":\"West Coast Trial Lawyers\",\"alternateName\":\"WCTL\",\"url\":\"https:\/\/westcoasttriallawyers.com\/es\",\"logo\":{\"@type\":\"ImageObject\",\"inLanguage\":\"es\",\"@id\":\"https:\/\/westcoasttriallawyers.com\/es#\/schema\/logo\/image\/\",\"url\":\"https:\/\/westcoasttriallawyers.com\/wp-content\/uploads\/2026\/02\/WCTL-Logo.jpg\",\"contentUrl\":\"https:\/\/westcoasttriallawyers.com\/wp-content\/uploads\/2026\/02\/WCTL-Logo.jpg\",\"width\":696,\"height\":696,\"caption\":\"West Coast Trial Lawyers\"},\"image\":{\"@id\":\"https:\/\/westcoasttriallawyers.com\/es#\/schema\/logo\/image\/\"},\"sameAs\":[\"https:\/\/www.facebook.com\/westcoasttriallawyers\/\",\"https:\/\/x.com\/WestCoastTrial\",\"https:\/\/www.linkedin.com\/company\/west-coast-trial-lawyers\/\",\"https:\/\/www.instagram.com\/westcoasttriallawyers\/\",\"https:\/\/www.yelp.com\/biz\/west-coast-trial-lawyers-los-angeles-2\",\"https:\/\/www.pinterest.com\/westcoasttrial\/\",\"https:\/\/www.youtube.com\/westcoasttriallawyersla\/\",\"https:\/\/www.tiktok.com\/westcoasttriallawyers\"],\"description\":\"West Coast Trial Lawyers is a top-rated personal injury law firm with a goal to provide expert legal representation to those in need. The law firm has offices across California, Nevada, Arizona, and Washington.\",\"legalName\":\"West Coast Trial Lawyers\"}]}<\/script>\n<!-- \/ Yoast SEO Premium plugin. -->","yoast_head_json":{"title":"Abogado de Responsabilidad de Locales en Woodland Hills | West Coast Trial Lawyers","robots":{"index":"index","follow":"follow","max-snippet":"max-snippet:-1","max-image-preview":"max-image-preview:large","max-video-preview":"max-video-preview:-1"},"canonical":"https:\/\/westcoasttriallawyers.com\/es\/california\/woodland-hills\/abogado-de-responsabilidad-de-locales-en-woodland-hills","og_locale":"es_ES","og_type":"article","og_title":"Abogado de Responsabilidad de Locales en Woodland Hills","og_description":"Casos de responsabilidad de locales: \u00bfC\u00f3mo se puede determinar la responsabilidad? Hay m\u00e1s de 26,000 hogares en Woodland Hills. Cerca de 8.000 de estos hogares incluyen ni\u00f1os. Dada la cantidad de ni\u00f1os que juegan o se mueven en Woodland Hills, los due\u00f1os de propiedades deben considerar colocar letreros alrededor de su propiedad para evitar que [&hellip;]","og_url":"https:\/\/westcoasttriallawyers.com\/es\/california\/woodland-hills\/abogado-de-responsabilidad-de-locales-en-woodland-hills","og_site_name":"West Coast Trial Lawyers","article_publisher":"https:\/\/www.facebook.com\/westcoasttriallawyers\/","article_modified_time":"2026-01-22T13:33:36+00:00","og_image":[{"width":557,"height":327,"url":"https:\/\/westcoasttriallawyers.com\/wp-content\/uploads\/2025\/07\/Woodland-Hills-17.webp","type":"image\/webp"}],"twitter_card":"summary_large_image","twitter_site":"@WestCoastTrial","twitter_misc":{"Tiempo de lectura":"8 minutos"},"schema":{"@context":"https:\/\/schema.org","@graph":[{"@type":["WebPage","ItemPage"],"@id":"https:\/\/westcoasttriallawyers.com\/es\/california\/woodland-hills\/abogado-de-responsabilidad-de-locales-en-woodland-hills","url":"https:\/\/westcoasttriallawyers.com\/es\/california\/woodland-hills\/abogado-de-responsabilidad-de-locales-en-woodland-hills","name":"Abogado de Responsabilidad de Locales en Woodland Hills | West Coast Trial Lawyers","isPartOf":{"@id":"https:\/\/westcoasttriallawyers.com\/es#website"},"primaryImageOfPage":{"@id":"https:\/\/westcoasttriallawyers.com\/es\/california\/woodland-hills\/abogado-de-responsabilidad-de-locales-en-woodland-hills#primaryimage"},"image":{"@id":"https:\/\/westcoasttriallawyers.com\/es\/california\/woodland-hills\/abogado-de-responsabilidad-de-locales-en-woodland-hills#primaryimage"},"thumbnailUrl":"https:\/\/westcoasttriallawyers.com\/wp-content\/uploads\/2025\/07\/Woodland-Hills-17.webp","datePublished":"2026-01-14T15:50:33+00:00","dateModified":"2026-01-22T13:33:36+00:00","breadcrumb":{"@id":"https:\/\/westcoasttriallawyers.com\/es\/california\/woodland-hills\/abogado-de-responsabilidad-de-locales-en-woodland-hills#breadcrumb"},"inLanguage":"es","potentialAction":[{"@type":"ReadAction","target":["https:\/\/westcoasttriallawyers.com\/es\/california\/woodland-hills\/abogado-de-responsabilidad-de-locales-en-woodland-hills"]}]},{"@type":"ImageObject","inLanguage":"es","@id":"https:\/\/westcoasttriallawyers.com\/es\/california\/woodland-hills\/abogado-de-responsabilidad-de-locales-en-woodland-hills#primaryimage","url":"https:\/\/westcoasttriallawyers.com\/wp-content\/uploads\/2025\/07\/Woodland-Hills-17.webp","contentUrl":"https:\/\/westcoasttriallawyers.com\/wp-content\/uploads\/2025\/07\/Woodland-Hills-17.webp","width":557,"height":327},{"@type":"BreadcrumbList","@id":"https:\/\/westcoasttriallawyers.com\/es\/california\/woodland-hills\/abogado-de-responsabilidad-de-locales-en-woodland-hills#breadcrumb","itemListElement":[{"@type":"ListItem","position":1,"name":"Inicio","item":"https:\/\/westcoasttriallawyers.com\/es"},{"@type":"ListItem","position":2,"name":"California","item":"https:\/\/westcoasttriallawyers.com\/es\/california"},{"@type":"ListItem","position":3,"name":"Woodland Hills","item":"https:\/\/westcoasttriallawyers.com\/es\/california\/woodland-hills"},{"@type":"ListItem","position":4,"name":"Abogado de Responsabilidad de Locales en Woodland Hills"}]},{"@type":"WebSite","@id":"https:\/\/westcoasttriallawyers.com\/es#website","url":"https:\/\/westcoasttriallawyers.com\/es","name":"West Coast Trial Lawyers","description":"West Coast Trial Lawyers","publisher":{"@id":"https:\/\/westcoasttriallawyers.com\/es#organization"},"alternateName":"WCTL","potentialAction":[{"@type":"SearchAction","target":{"@type":"EntryPoint","urlTemplate":"https:\/\/westcoasttriallawyers.com\/es?s={search_term_string}"},"query-input":{"@type":"PropertyValueSpecification","valueRequired":true,"valueName":"search_term_string"}}],"inLanguage":"es"},{"@type":"Organization","@id":"https:\/\/westcoasttriallawyers.com\/es#organization","name":"West Coast Trial Lawyers","alternateName":"WCTL","url":"https:\/\/westcoasttriallawyers.com\/es","logo":{"@type":"ImageObject","inLanguage":"es","@id":"https:\/\/westcoasttriallawyers.com\/es#\/schema\/logo\/image\/","url":"https:\/\/westcoasttriallawyers.com\/wp-content\/uploads\/2026\/02\/WCTL-Logo.jpg","contentUrl":"https:\/\/westcoasttriallawyers.com\/wp-content\/uploads\/2026\/02\/WCTL-Logo.jpg","width":696,"height":696,"caption":"West Coast Trial Lawyers"},"image":{"@id":"https:\/\/westcoasttriallawyers.com\/es#\/schema\/logo\/image\/"},"sameAs":["https:\/\/www.facebook.com\/westcoasttriallawyers\/","https:\/\/x.com\/WestCoastTrial","https:\/\/www.linkedin.com\/company\/west-coast-trial-lawyers\/","https:\/\/www.instagram.com\/westcoasttriallawyers\/","https:\/\/www.yelp.com\/biz\/west-coast-trial-lawyers-los-angeles-2","https:\/\/www.pinterest.com\/westcoasttrial\/","https:\/\/www.youtube.com\/westcoasttriallawyersla\/","https:\/\/www.tiktok.com\/westcoasttriallawyers"],"description":"West Coast Trial Lawyers is a top-rated personal injury law firm with a goal to provide expert legal representation to those in need. The law firm has offices across California, Nevada, Arizona, and Washington.","legalName":"West Coast Trial Lawyers"}]}},"_links":{"self":[{"href":"https:\/\/westcoasttriallawyers.com\/es\/wp-json\/wp\/v2\/pages\/13116","targetHints":{"allow":["GET"]}}],"collection":[{"href":"https:\/\/westcoasttriallawyers.com\/es\/wp-json\/wp\/v2\/pages"}],"about":[{"href":"https:\/\/westcoasttriallawyers.com\/es\/wp-json\/wp\/v2\/types\/page"}],"author":[{"embeddable":true,"href":"https:\/\/westcoasttriallawyers.com\/es\/wp-json\/wp\/v2\/users\/475"}],"replies":[{"embeddable":true,"href":"https:\/\/westcoasttriallawyers.com\/es\/wp-json\/wp\/v2\/comments?post=13116"}],"version-history":[{"count":3,"href":"https:\/\/westcoasttriallawyers.com\/es\/wp-json\/wp\/v2\/pages\/13116\/revisions"}],"predecessor-version":[{"id":47967,"href":"https:\/\/westcoasttriallawyers.com\/es\/wp-json\/wp\/v2\/pages\/13116\/revisions\/47967"}],"up":[{"embeddable":true,"href":"https:\/\/westcoasttriallawyers.com\/es\/wp-json\/wp\/v2\/pages\/47405"}],"wp:featuredmedia":[{"embeddable":true,"href":"https:\/\/westcoasttriallawyers.com\/es\/wp-json\/wp\/v2\/media\/46104"}],"wp:attachment":[{"href":"https:\/\/westcoasttriallawyers.com\/es\/wp-json\/wp\/v2\/media?parent=13116"}],"curies":[{"name":"wp","href":"https:\/\/api.w.org\/{rel}","templated":true}]}}