{"id":13111,"date":"2026-01-14T15:50:30","date_gmt":"2026-01-14T15:50:30","guid":{"rendered":"https:\/\/wctl1stg.wpengine.com\/?page_id=13111"},"modified":"2026-01-23T21:21:46","modified_gmt":"2026-01-23T21:21:46","slug":"abogados-accidentes-medula-espinal-woodland-hills","status":"publish","type":"page","link":"https:\/\/westcoasttriallawyers.com\/es\/california\/woodland-hills\/abogados-accidentes-medula-espinal-woodland-hills","title":{"rendered":"Abogado especializado en lesiones de la m\u00e9dula espinal de Woodland Hills\u00a0"},"content":{"rendered":"<h2><strong>Complicaciones comunes de lesiones de la m\u00e9dula espinal que puede experimentar despu\u00e9s de un accidente<\/strong><\/h2>\n<p>Varios tipos de accidentes pueden contribuir a una lesi\u00f3n de la m\u00e9dula espinal, incluidos los accidentes automovil\u00edsticos, los accidentes de bicicleta, los accidentes de scooter y los accidentes de peatones. Dado que los veh\u00edculos pueden causar un fuerte impacto debido a su tama\u00f1o y velocidad, pueden contribuir a un da\u00f1o tremendo, especialmente en el cuerpo de una persona.<\/p>\n<p>Desafortunadamente, Woodland Hills ha tenido sus problemas de accidentes que han resultado en v\u00edctimas que sufren condiciones cr\u00edticas. Muchas v\u00edctimas terminan con una carga financiera por tener que pagar las facturas m\u00e9dicas actuales y futuras para continuar con el tratamiento de su lesi\u00f3n de la m\u00e9dula espinal. Si usted es v\u00edctima de una lesi\u00f3n de la m\u00e9dula espinal debido a la negligencia de otra persona, es posible que tenga derecho a recibir una compensaci\u00f3n que cubra sus costosas facturas m\u00e9dicas y otros da\u00f1os tambi\u00e9n.<\/p>\n<p>En West Coast Trial Lawyers, nuestros abogados de lesiones de la m\u00e9dula espinal de Woodland Hills tienen m\u00e1s de 60 a\u00f1os de experiencia legal colectiva en el manejo de casos de lesiones personales. Hemos ganado m\u00e1s de 5,000 casos y recuperado m\u00e1s de $1,000 millones en acuerdos para nuestros clientes. Debido a nuestros logros, hemos sido reconocidos como uno de los mejores bufetes de abogados de lesiones personales en Woodland Hills.<\/p>\n<p>Para programar una consulta gratuita y sin compromiso en nuestro bufete de abogados de lesiones personales de Woodland Hills, comun\u00edquese con nuestro equipo legal las 24 horas, los 7 d\u00edas de la semana llamando al\u00a0<strong>213-927-3700<\/strong> o enviando un correo electr\u00f3nico a\u00a0<a href=\"mailto:info@westcoasttriallawyers.com\"><strong>info@westcoasttriallawyers.com<\/strong><\/a><strong>.\u00a0<\/strong><\/p>\n<h2><strong>Complicaciones de la lesi\u00f3n de la m\u00e9dula espinal<\/strong><\/h2>\n<p>Los s\u00edntomas de lesi\u00f3n de la m\u00e9dula espinal pueden surgir inmediatamente despu\u00e9s de que se da\u00f1e la columna. Los efectos secundarios comunes de las secuelas de una lesi\u00f3n de la m\u00e9dula espinal incluyen los siguientes:<\/p>\n<ul>\n<li><strong>Problemas de evacuaci\u00f3n intestinal.\u00a0<\/strong>Puede ser dif\u00edcil controlar el intestino despu\u00e9s de lesionarse la m\u00e9dula espinal. Para mejorar su capacidad de control, debe buscar la ayuda de un terapeuta que le mostrar\u00e1 t\u00e9cnicas o una lista de alimentos que le ayudar\u00e1n a normalizar sus deposiciones tanto como sea posible.<\/li>\n<li><strong>Co\u00e1gulo sangu\u00edneo.<\/strong> Si sufre un derrame cerebral, es posible que tenga co\u00e1gulos de sangre que afectar\u00e1n su m\u00e9dula espinal. Las arterias pueden bloquearse, lo que impedir\u00e1 que riegue la m\u00e9dula espinal. Adem\u00e1s, estos co\u00e1gulos de sangre se convertir\u00e1n en vasos sangu\u00edneos que pueden viajar al torrente sangu\u00edneo e ir directamente hacia la m\u00e9dula espinal.<\/li>\n<li><strong>Neumon\u00eda.<\/strong> Lastimarse la columna puede aumentar las posibilidades de tener neumon\u00eda. Los m\u00fasculos pectorales y abdominales son las principales partes del cuerpo que se ver\u00e1n afectadas por esta enfermedad. Esto har\u00e1 que le resulte dif\u00edcil respirar. Es probable que tosa varias veces al d\u00eda.<\/li>\n<li><strong>Dolor cr\u00f3nico.\u00a0<\/strong>Despu\u00e9s de sufrir una lesi\u00f3n en la m\u00e9dula espinal, experimentar\u00e1 un dolor de espalda intenso que puede durar de forma permanente, a menos que se administre un tratamiento para relajar el \u00e1rea lesionada.<\/li>\n<li><strong>Control de la vejiga.<\/strong> La m\u00e9dula espinal act\u00faa como portadora de mensajes. Una vez que se da\u00f1a, es probable que su cerebro no tenga control total sobre su vejiga. Esto aumentar\u00e1 la probabilidad de que contraiga una infecci\u00f3n del tracto urinario. Adem\u00e1s, podr\u00edas sufrir una infecci\u00f3n renal o c\u00e1lculos renales. Si decide ir a rehabilitaci\u00f3n para tratar estos problemas, aprender\u00e1 ciertas t\u00e9cnicas que le ayudar\u00e1n a vaciar su vejiga m\u00e1s f\u00e1cilmente.<\/li>\n<li><strong>Depresi\u00f3n.<\/strong> Lidiar constantemente con un intenso dolor de espalda, junto con someterse a m\u00faltiples procedimientos, puede afectar la salud mental de la v\u00edctima. Es posible que la v\u00edctima desarrolle emociones negativas, como frustraci\u00f3n, depresi\u00f3n y ansiedad. Tambi\u00e9n se han informado pensamientos suicidas, insomnio, desesperanza y sensaci\u00f3n de vac\u00edo en pacientes que sufren una lesi\u00f3n de la m\u00e9dula espinal.<\/li>\n<li><strong>Osteoporosis u osteopenia.<\/strong> Esta enfermedad puede hacer que una persona sufra huesos d\u00e9biles, adelgazados y fr\u00e1giles. Las personas que sufren de osteoporosis u osteopenia corren el riesgo de fracturarse f\u00e1cilmente cualquier hueso del cuerpo despu\u00e9s de una ca\u00edda, independientemente de la gravedad del impacto contra el suelo.<\/li>\n<li><strong>Salud sexual.<\/strong> Una lesi\u00f3n de la m\u00e9dula espinal puede afectar la salud sexual de cada g\u00e9nero de manera diferente. Para los hombres, comenzar\u00e1n a notar cambios en su erecci\u00f3n o eyaculaci\u00f3n. Las mujeres pueden comenzar a notar cambios en su lubricaci\u00f3n. Si experimenta alguno de estos efectos, debe buscar atenci\u00f3n m\u00e9dica de un m\u00e9dico que se especialice en urolog\u00eda o fertilidad.<\/li>\n<li><strong>Condici\u00f3n f\u00edsica y salud.<\/strong> Ser\u00e1 dif\u00edcil que su cuerpo funcione normalmente una vez que se lesione la columna. Debido a la falta de movimiento, puede experimentar p\u00e9rdida o aumento de peso. Esto depende principalmente del tipo de cuerpo y la gen\u00e9tica de una persona. Tambi\u00e9n puede tener una mayor probabilidad de que le diagnostiquen una enfermedad cardiovascular o diabetes.<\/li>\n<li><strong>Entumecimiento de la piel.<\/strong> Puede sufrir entumecimiento de la piel debajo de la m\u00e9dula espinal da\u00f1ada. Esto har\u00e1 que sea casi imposible que su piel env\u00ede un mensaje al cerebro cuando se lastime. La rehabilitaci\u00f3n lo ayudar\u00e1 a comprender qu\u00e9 tipo de atenci\u00f3n adecuada debe implementar en su \u00e1rea lesionada para ayudarlo a evitar cualquier problema relacionado con la sensaci\u00f3n.<\/li>\n<li><strong>Disreflexia auton\u00f3mica.<\/strong> La disreflexia auton\u00f3mica ocurre cuando hay una cantidad excesiva de presi\u00f3n arterial alta. Los s\u00edntomas comunes incluyen n\u00e1useas, dolor de cabeza, frecuencia card\u00edaca lenta, sudoraci\u00f3n por encima de la lesi\u00f3n de la m\u00e9dula espinal o piel fr\u00eda debajo de la lesi\u00f3n.<\/li>\n<\/ul>\n<h2><strong>Cont\u00e1ctenos<\/strong><\/h2>\n<p>Si ha sufrido una lesi\u00f3n de la m\u00e9dula espinal debido a la negligencia causada por otra persona, West Coast Trial Lawyers tiene abogados especializados en lesiones de la m\u00e9dula espinal de Woodland Hills que lo ayudar\u00e1n a obtener la compensaci\u00f3n m\u00e1xima que se merece.<\/p>\n<p>Para programar una consulta gratuita en nuestro bufete de abogados de lesiones personales de Woodland Hills, comun\u00edquese con nuestro equipo legal las 24 horas, los 7 d\u00edas de la semana llamando al<strong> 213-927-3700\u00a0<\/strong>o enviando un correo electr\u00f3nico a\u00a0<a href=\"mailto:info@westcoasttriallawyers.com\"><strong>info@westcoasttriallawyers.com<\/strong><\/a><strong>.\u00a0<\/strong><br \/>\n<!-- WCTL_DEBUG: no shortcode in this_content --><\/p>\n","protected":false},"excerpt":{"rendered":"<p>Complicaciones comunes de lesiones de la m\u00e9dula espinal que puede experimentar despu\u00e9s de un accidente Varios tipos de accidentes pueden contribuir a una lesi\u00f3n de la m\u00e9dula espinal, incluidos los accidentes automovil\u00edsticos, los accidentes de bicicleta, los accidentes de scooter y los accidentes de peatones. Dado que los veh\u00edculos pueden causar un fuerte impacto debido [&hellip;]<\/p>\n","protected":false},"author":470,"featured_media":46089,"parent":47405,"menu_order":425,"comment_status":"closed","ping_status":"closed","template":"","meta":{"inline_featured_image":false,"footnotes":""},"class_list":["post-13111","page","type-page","status-publish","has-post-thumbnail","hentry"],"acf":[],"yoast_head":"<!-- This site is optimized with the Yoast SEO Premium plugin v26.0 (Yoast SEO v26.0) - https:\/\/yoast.com\/wordpress\/plugins\/seo\/ -->\n<title>Abogado especializado en lesiones de la m\u00e9dula espinal de Woodland Hills\u00a0 | West Coast Trial Lawyers<\/title>\n<meta name=\"robots\" content=\"index, follow, max-snippet:-1, max-image-preview:large, max-video-preview:-1\" \/>\n<link rel=\"canonical\" href=\"https:\/\/westcoasttriallawyers.com\/es\/california\/woodland-hills\/abogados-accidentes-medula-espinal-woodland-hills\" \/>\n<meta property=\"og:locale\" content=\"es_ES\" \/>\n<meta property=\"og:type\" content=\"article\" \/>\n<meta property=\"og:title\" content=\"Abogado especializado en lesiones de la m\u00e9dula espinal de Woodland Hills\u00a0\" \/>\n<meta property=\"og:description\" content=\"Complicaciones comunes de lesiones de la m\u00e9dula espinal que puede experimentar despu\u00e9s de un accidente Varios tipos de accidentes pueden contribuir a una lesi\u00f3n de la m\u00e9dula espinal, incluidos los accidentes automovil\u00edsticos, los accidentes de bicicleta, los accidentes de scooter y los accidentes de peatones. Dado que los veh\u00edculos pueden causar un fuerte impacto debido [&hellip;]\" \/>\n<meta property=\"og:url\" content=\"https:\/\/westcoasttriallawyers.com\/es\/california\/woodland-hills\/abogados-accidentes-medula-espinal-woodland-hills\" \/>\n<meta property=\"og:site_name\" content=\"West Coast Trial Lawyers\" \/>\n<meta property=\"article:publisher\" content=\"https:\/\/www.facebook.com\/westcoasttriallawyers\/\" \/>\n<meta property=\"article:modified_time\" content=\"2026-01-23T21:21:46+00:00\" \/>\n<meta property=\"og:image\" content=\"https:\/\/westcoasttriallawyers.com\/wp-content\/uploads\/2025\/07\/Woodland-Hills-11.webp\" \/>\n\t<meta property=\"og:image:width\" content=\"557\" \/>\n\t<meta property=\"og:image:height\" content=\"327\" \/>\n\t<meta property=\"og:image:type\" content=\"image\/webp\" \/>\n<meta name=\"twitter:card\" content=\"summary_large_image\" \/>\n<meta name=\"twitter:site\" content=\"@WestCoastTrial\" \/>\n<meta name=\"twitter:label1\" content=\"Tiempo de lectura\" \/>\n\t<meta name=\"twitter:data1\" content=\"5 minutos\" \/>\n<script type=\"application\/ld+json\" class=\"yoast-schema-graph\">{\"@context\":\"https:\/\/schema.org\",\"@graph\":[{\"@type\":[\"WebPage\",\"ItemPage\"],\"@id\":\"https:\/\/westcoasttriallawyers.com\/es\/california\/woodland-hills\/abogados-accidentes-medula-espinal-woodland-hills\",\"url\":\"https:\/\/westcoasttriallawyers.com\/es\/california\/woodland-hills\/abogados-accidentes-medula-espinal-woodland-hills\",\"name\":\"Abogado especializado en lesiones de la m\u00e9dula espinal de Woodland Hills\u00a0 | West Coast Trial Lawyers\",\"isPartOf\":{\"@id\":\"https:\/\/westcoasttriallawyers.com\/es#website\"},\"primaryImageOfPage\":{\"@id\":\"https:\/\/westcoasttriallawyers.com\/es\/california\/woodland-hills\/abogados-accidentes-medula-espinal-woodland-hills#primaryimage\"},\"image\":{\"@id\":\"https:\/\/westcoasttriallawyers.com\/es\/california\/woodland-hills\/abogados-accidentes-medula-espinal-woodland-hills#primaryimage\"},\"thumbnailUrl\":\"https:\/\/westcoasttriallawyers.com\/wp-content\/uploads\/2025\/07\/Woodland-Hills-11.webp\",\"datePublished\":\"2026-01-14T15:50:30+00:00\",\"dateModified\":\"2026-01-23T21:21:46+00:00\",\"breadcrumb\":{\"@id\":\"https:\/\/westcoasttriallawyers.com\/es\/california\/woodland-hills\/abogados-accidentes-medula-espinal-woodland-hills#breadcrumb\"},\"inLanguage\":\"es\",\"potentialAction\":[{\"@type\":\"ReadAction\",\"target\":[\"https:\/\/westcoasttriallawyers.com\/es\/california\/woodland-hills\/abogados-accidentes-medula-espinal-woodland-hills\"]}]},{\"@type\":\"ImageObject\",\"inLanguage\":\"es\",\"@id\":\"https:\/\/westcoasttriallawyers.com\/es\/california\/woodland-hills\/abogados-accidentes-medula-espinal-woodland-hills#primaryimage\",\"url\":\"https:\/\/westcoasttriallawyers.com\/wp-content\/uploads\/2025\/07\/Woodland-Hills-11.webp\",\"contentUrl\":\"https:\/\/westcoasttriallawyers.com\/wp-content\/uploads\/2025\/07\/Woodland-Hills-11.webp\",\"width\":557,\"height\":327},{\"@type\":\"BreadcrumbList\",\"@id\":\"https:\/\/westcoasttriallawyers.com\/es\/california\/woodland-hills\/abogados-accidentes-medula-espinal-woodland-hills#breadcrumb\",\"itemListElement\":[{\"@type\":\"ListItem\",\"position\":1,\"name\":\"Inicio\",\"item\":\"https:\/\/westcoasttriallawyers.com\/es\"},{\"@type\":\"ListItem\",\"position\":2,\"name\":\"California\",\"item\":\"https:\/\/westcoasttriallawyers.com\/es\/california\"},{\"@type\":\"ListItem\",\"position\":3,\"name\":\"Woodland Hills\",\"item\":\"https:\/\/westcoasttriallawyers.com\/es\/california\/woodland-hills\"},{\"@type\":\"ListItem\",\"position\":4,\"name\":\"Abogado especializado en lesiones de la m\u00e9dula espinal de Woodland Hills\u00a0\"}]},{\"@type\":\"WebSite\",\"@id\":\"https:\/\/westcoasttriallawyers.com\/es#website\",\"url\":\"https:\/\/westcoasttriallawyers.com\/es\",\"name\":\"West Coast Trial Lawyers\",\"description\":\"West Coast Trial Lawyers\",\"publisher\":{\"@id\":\"https:\/\/westcoasttriallawyers.com\/es#organization\"},\"alternateName\":\"WCTL\",\"potentialAction\":[{\"@type\":\"SearchAction\",\"target\":{\"@type\":\"EntryPoint\",\"urlTemplate\":\"https:\/\/westcoasttriallawyers.com\/es?s={search_term_string}\"},\"query-input\":{\"@type\":\"PropertyValueSpecification\",\"valueRequired\":true,\"valueName\":\"search_term_string\"}}],\"inLanguage\":\"es\"},{\"@type\":\"Organization\",\"@id\":\"https:\/\/westcoasttriallawyers.com\/es#organization\",\"name\":\"West Coast Trial Lawyers\",\"alternateName\":\"WCTL\",\"url\":\"https:\/\/westcoasttriallawyers.com\/es\",\"logo\":{\"@type\":\"ImageObject\",\"inLanguage\":\"es\",\"@id\":\"https:\/\/westcoasttriallawyers.com\/es#\/schema\/logo\/image\/\",\"url\":\"https:\/\/westcoasttriallawyers.com\/wp-content\/uploads\/2026\/02\/WCTL-Logo.jpg\",\"contentUrl\":\"https:\/\/westcoasttriallawyers.com\/wp-content\/uploads\/2026\/02\/WCTL-Logo.jpg\",\"width\":696,\"height\":696,\"caption\":\"West Coast Trial Lawyers\"},\"image\":{\"@id\":\"https:\/\/westcoasttriallawyers.com\/es#\/schema\/logo\/image\/\"},\"sameAs\":[\"https:\/\/www.facebook.com\/westcoasttriallawyers\/\",\"https:\/\/x.com\/WestCoastTrial\",\"https:\/\/www.linkedin.com\/company\/west-coast-trial-lawyers\/\",\"https:\/\/www.instagram.com\/westcoasttriallawyers\/\",\"https:\/\/www.yelp.com\/biz\/west-coast-trial-lawyers-los-angeles-2\",\"https:\/\/www.pinterest.com\/westcoasttrial\/\",\"https:\/\/www.youtube.com\/westcoasttriallawyersla\/\",\"https:\/\/www.tiktok.com\/westcoasttriallawyers\"],\"description\":\"West Coast Trial Lawyers is a top-rated personal injury law firm with a goal to provide expert legal representation to those in need. The law firm has offices across California, Nevada, Arizona, and Washington.\",\"legalName\":\"West Coast Trial Lawyers\"}]}<\/script>\n<!-- \/ Yoast SEO Premium plugin. -->","yoast_head_json":{"title":"Abogado especializado en lesiones de la m\u00e9dula espinal de Woodland Hills\u00a0 | West Coast Trial Lawyers","robots":{"index":"index","follow":"follow","max-snippet":"max-snippet:-1","max-image-preview":"max-image-preview:large","max-video-preview":"max-video-preview:-1"},"canonical":"https:\/\/westcoasttriallawyers.com\/es\/california\/woodland-hills\/abogados-accidentes-medula-espinal-woodland-hills","og_locale":"es_ES","og_type":"article","og_title":"Abogado especializado en lesiones de la m\u00e9dula espinal de Woodland Hills\u00a0","og_description":"Complicaciones comunes de lesiones de la m\u00e9dula espinal que puede experimentar despu\u00e9s de un accidente Varios tipos de accidentes pueden contribuir a una lesi\u00f3n de la m\u00e9dula espinal, incluidos los accidentes automovil\u00edsticos, los accidentes de bicicleta, los accidentes de scooter y los accidentes de peatones. Dado que los veh\u00edculos pueden causar un fuerte impacto debido [&hellip;]","og_url":"https:\/\/westcoasttriallawyers.com\/es\/california\/woodland-hills\/abogados-accidentes-medula-espinal-woodland-hills","og_site_name":"West Coast Trial Lawyers","article_publisher":"https:\/\/www.facebook.com\/westcoasttriallawyers\/","article_modified_time":"2026-01-23T21:21:46+00:00","og_image":[{"width":557,"height":327,"url":"https:\/\/westcoasttriallawyers.com\/wp-content\/uploads\/2025\/07\/Woodland-Hills-11.webp","type":"image\/webp"}],"twitter_card":"summary_large_image","twitter_site":"@WestCoastTrial","twitter_misc":{"Tiempo de lectura":"5 minutos"},"schema":{"@context":"https:\/\/schema.org","@graph":[{"@type":["WebPage","ItemPage"],"@id":"https:\/\/westcoasttriallawyers.com\/es\/california\/woodland-hills\/abogados-accidentes-medula-espinal-woodland-hills","url":"https:\/\/westcoasttriallawyers.com\/es\/california\/woodland-hills\/abogados-accidentes-medula-espinal-woodland-hills","name":"Abogado especializado en lesiones de la m\u00e9dula espinal de Woodland Hills\u00a0 | West Coast Trial Lawyers","isPartOf":{"@id":"https:\/\/westcoasttriallawyers.com\/es#website"},"primaryImageOfPage":{"@id":"https:\/\/westcoasttriallawyers.com\/es\/california\/woodland-hills\/abogados-accidentes-medula-espinal-woodland-hills#primaryimage"},"image":{"@id":"https:\/\/westcoasttriallawyers.com\/es\/california\/woodland-hills\/abogados-accidentes-medula-espinal-woodland-hills#primaryimage"},"thumbnailUrl":"https:\/\/westcoasttriallawyers.com\/wp-content\/uploads\/2025\/07\/Woodland-Hills-11.webp","datePublished":"2026-01-14T15:50:30+00:00","dateModified":"2026-01-23T21:21:46+00:00","breadcrumb":{"@id":"https:\/\/westcoasttriallawyers.com\/es\/california\/woodland-hills\/abogados-accidentes-medula-espinal-woodland-hills#breadcrumb"},"inLanguage":"es","potentialAction":[{"@type":"ReadAction","target":["https:\/\/westcoasttriallawyers.com\/es\/california\/woodland-hills\/abogados-accidentes-medula-espinal-woodland-hills"]}]},{"@type":"ImageObject","inLanguage":"es","@id":"https:\/\/westcoasttriallawyers.com\/es\/california\/woodland-hills\/abogados-accidentes-medula-espinal-woodland-hills#primaryimage","url":"https:\/\/westcoasttriallawyers.com\/wp-content\/uploads\/2025\/07\/Woodland-Hills-11.webp","contentUrl":"https:\/\/westcoasttriallawyers.com\/wp-content\/uploads\/2025\/07\/Woodland-Hills-11.webp","width":557,"height":327},{"@type":"BreadcrumbList","@id":"https:\/\/westcoasttriallawyers.com\/es\/california\/woodland-hills\/abogados-accidentes-medula-espinal-woodland-hills#breadcrumb","itemListElement":[{"@type":"ListItem","position":1,"name":"Inicio","item":"https:\/\/westcoasttriallawyers.com\/es"},{"@type":"ListItem","position":2,"name":"California","item":"https:\/\/westcoasttriallawyers.com\/es\/california"},{"@type":"ListItem","position":3,"name":"Woodland Hills","item":"https:\/\/westcoasttriallawyers.com\/es\/california\/woodland-hills"},{"@type":"ListItem","position":4,"name":"Abogado especializado en lesiones de la m\u00e9dula espinal de Woodland Hills\u00a0"}]},{"@type":"WebSite","@id":"https:\/\/westcoasttriallawyers.com\/es#website","url":"https:\/\/westcoasttriallawyers.com\/es","name":"West Coast Trial Lawyers","description":"West Coast Trial Lawyers","publisher":{"@id":"https:\/\/westcoasttriallawyers.com\/es#organization"},"alternateName":"WCTL","potentialAction":[{"@type":"SearchAction","target":{"@type":"EntryPoint","urlTemplate":"https:\/\/westcoasttriallawyers.com\/es?s={search_term_string}"},"query-input":{"@type":"PropertyValueSpecification","valueRequired":true,"valueName":"search_term_string"}}],"inLanguage":"es"},{"@type":"Organization","@id":"https:\/\/westcoasttriallawyers.com\/es#organization","name":"West Coast Trial Lawyers","alternateName":"WCTL","url":"https:\/\/westcoasttriallawyers.com\/es","logo":{"@type":"ImageObject","inLanguage":"es","@id":"https:\/\/westcoasttriallawyers.com\/es#\/schema\/logo\/image\/","url":"https:\/\/westcoasttriallawyers.com\/wp-content\/uploads\/2026\/02\/WCTL-Logo.jpg","contentUrl":"https:\/\/westcoasttriallawyers.com\/wp-content\/uploads\/2026\/02\/WCTL-Logo.jpg","width":696,"height":696,"caption":"West Coast Trial Lawyers"},"image":{"@id":"https:\/\/westcoasttriallawyers.com\/es#\/schema\/logo\/image\/"},"sameAs":["https:\/\/www.facebook.com\/westcoasttriallawyers\/","https:\/\/x.com\/WestCoastTrial","https:\/\/www.linkedin.com\/company\/west-coast-trial-lawyers\/","https:\/\/www.instagram.com\/westcoasttriallawyers\/","https:\/\/www.yelp.com\/biz\/west-coast-trial-lawyers-los-angeles-2","https:\/\/www.pinterest.com\/westcoasttrial\/","https:\/\/www.youtube.com\/westcoasttriallawyersla\/","https:\/\/www.tiktok.com\/westcoasttriallawyers"],"description":"West Coast Trial Lawyers is a top-rated personal injury law firm with a goal to provide expert legal representation to those in need. The law firm has offices across California, Nevada, Arizona, and Washington.","legalName":"West Coast Trial Lawyers"}]}},"_links":{"self":[{"href":"https:\/\/westcoasttriallawyers.com\/es\/wp-json\/wp\/v2\/pages\/13111","targetHints":{"allow":["GET"]}}],"collection":[{"href":"https:\/\/westcoasttriallawyers.com\/es\/wp-json\/wp\/v2\/pages"}],"about":[{"href":"https:\/\/westcoasttriallawyers.com\/es\/wp-json\/wp\/v2\/types\/page"}],"author":[{"embeddable":true,"href":"https:\/\/westcoasttriallawyers.com\/es\/wp-json\/wp\/v2\/users\/470"}],"replies":[{"embeddable":true,"href":"https:\/\/westcoasttriallawyers.com\/es\/wp-json\/wp\/v2\/comments?post=13111"}],"version-history":[{"count":2,"href":"https:\/\/westcoasttriallawyers.com\/es\/wp-json\/wp\/v2\/pages\/13111\/revisions"}],"predecessor-version":[{"id":48172,"href":"https:\/\/westcoasttriallawyers.com\/es\/wp-json\/wp\/v2\/pages\/13111\/revisions\/48172"}],"up":[{"embeddable":true,"href":"https:\/\/westcoasttriallawyers.com\/es\/wp-json\/wp\/v2\/pages\/47405"}],"wp:featuredmedia":[{"embeddable":true,"href":"https:\/\/westcoasttriallawyers.com\/es\/wp-json\/wp\/v2\/media\/46089"}],"wp:attachment":[{"href":"https:\/\/westcoasttriallawyers.com\/es\/wp-json\/wp\/v2\/media?parent=13111"}],"curies":[{"name":"wp","href":"https:\/\/api.w.org\/{rel}","templated":true}]}}