{"id":13110,"date":"2026-01-14T15:50:35","date_gmt":"2026-01-14T15:50:35","guid":{"rendered":"https:\/\/wctl1stg.wpengine.com\/?page_id=13110"},"modified":"2026-01-23T21:20:14","modified_gmt":"2026-01-23T21:20:14","slug":"abogados-accidentes-quemadura-woodland-hills","status":"publish","type":"page","link":"https:\/\/westcoasttriallawyers.com\/es\/california\/woodland-hills\/abogados-accidentes-quemadura-woodland-hills","title":{"rendered":"Abogado de lesiones por quemaduras de Woodland Hills\u00a0"},"content":{"rendered":"<h2><strong>\u00bfC\u00f3mo se producen las quemaduras qu\u00edmicas? \u00bfQu\u00e9 opciones de tratamiento est\u00e1n disponibles para tratar una lesi\u00f3n de este tipo?<\/strong><\/h2>\n<p>Woodland Hills no es ajeno a los incendios, con casos reportados en centros comerciales y casas. Las personas a menudo salen con alg\u00fan tipo de lesi\u00f3n por quemaduras, ya sea una quemadura de 1er grado, 2do grado, 3er grado o 4to grado. Independientemente de la gravedad de una quemadura, siempre se recomienda que un m\u00e9dico la revise en caso de que noten signos de infecci\u00f3n o algo peor. Se pueden usar remedios caseros para curar una quemadura, pero se recomienda que la examinen para asegurarse de que la est\u00e1 tratando adecuadamente.<\/p>\n<p>Si es v\u00edctima de una lesi\u00f3n por quemadura causada por la negligencia de otra persona, puede tener derecho a recibir una compensaci\u00f3n por da\u00f1os, incluidas las facturas m\u00e9dicas por visitas al m\u00e9dico, procedimientos y recetas. En West Coast Trial Lawyers, nuestros abogados de lesiones por quemaduras de Woodland Hills lo ayudar\u00e1n en el proceso de presentar un reclamo por lesiones personales. Hemos ganado m\u00e1s de 5000 casos de lesiones personales y hemos recuperado m\u00e1s de $1000 millones en acuerdos para nuestros clientes. Debido a nuestros logros, hemos sido reconocidos como uno de los mejores bufetes de abogados de lesiones personales en Woodland Hills.<\/p>\n<p>Si desea programar una consulta gratuita y sin compromiso en nuestro bufete de abogados de lesiones personales de Woodland Hills, comun\u00edquese con nuestro equipo legal las 24 horas, los 7 d\u00edas de la semana llamando al\u00a0<strong>213-927-3700<\/strong> o enviando un correo electr\u00f3nico a\u00a0<a href=\"mailto:info@westcoasttriallawyers.com\"><strong>info@westcoasttriallawyers.com<\/strong><\/a><strong>.\u00a0<\/strong><\/p>\n<h2><strong>Quemaduras Qu\u00edmicas<\/strong><\/h2>\n<p>Las quemaduras qu\u00edmicas son causadas por sustancias como \u00e1cido, gasolina, limpiadores de desag\u00fces y diluyentes de pintura. Las partes comunes del cuerpo que resultan lesionadas por una quemadura qu\u00edmica incluyen la piel, la cara y los \u00f3rganos internos. Los casos de quemaduras qu\u00edmicas generalmente se informan en:<\/p>\n<ul>\n<li>Hogar. Las quemaduras qu\u00edmicas en el hogar generalmente ocurren por el mal uso de productos hechos para tratar el cabello, los dientes, la piel o las u\u00f1as.<\/li>\n<li>Lugar de trabajo. Los empleados que trabajan en plantas de fabricaci\u00f3n y manipulan productos qu\u00edmicos tambi\u00e9n han reportado quemaduras qu\u00edmicas en el trabajo.<\/li>\n<\/ul>\n<p>Por lo general, los s\u00edntomas leves a moderados de una quemadura qu\u00edmica incluyen enrojecimiento, dolor, entumecimiento, irritaci\u00f3n, piel muerta, dificultad para respirar, ampollas, visi\u00f3n borrosa y sensaci\u00f3n de ardor. Los s\u00edntomas graves incluyen desmayos, debilidad, presi\u00f3n arterial baja, latidos card\u00edacos irregulares, paro card\u00edaco y espasmos musculares.<\/p>\n<h2><strong>Tratamiento<\/strong><\/h2>\n<p>Todas las quemaduras qu\u00edmicas deben considerarse como una emergencia. Se recomienda enf\u00e1ticamente que una v\u00edctima de una quemadura qu\u00edmica visite a un m\u00e9dico y\/o dermat\u00f3logo. Ambos especialistas pueden examinar su piel y crear un plan de tratamiento que lo ayudar\u00e1 con su recuperaci\u00f3n. Si sufre una quemadura qu\u00edmica grave, debe acudir de inmediato a la sala de emergencias. El hospital administrar\u00e1 an\u00e1lisis de sangre, procedimientos y evaluaciones para determinar un diagn\u00f3stico de la gravedad de la quemadura.<\/p>\n<p>Esto le permitir\u00e1 saber al hospital si necesita permanecer m\u00e1s tiempo para recibir m\u00e1s tratamientos. Las lesiones graves requieren d\u00edas de pruebas exhaustivas y atenci\u00f3n m\u00e9dica. Los m\u00e9dicos pueden discutir cu\u00e1l ser\u00e1 el plan para que vuelva a la normalidad. Otras acciones que se pueden realizar durante su estad\u00eda en el hospital incluyen las siguientes:<\/p>\n<ul>\n<li>Los m\u00e9dicos le dar\u00e1n una explicaci\u00f3n de lo que descubrieron y lo que creen que ayudar\u00eda a sanar su(s) herida(s).<\/li>\n<li>Se administrar\u00e1n antibi\u00f3ticos para el tratamiento del dolor.<\/li>\n<li>Si experimenta alg\u00fan problema respiratorio, se le proporcionar\u00e1 un tubo de respiraci\u00f3n que se colocar\u00e1 a trav\u00e9s de la nariz.<\/li>\n<li>Se usar\u00e1n cremas m\u00e9dicas para aplicar en el \u00e1rea quemada. La enfermera vendar\u00e1 o colocar\u00e1 una gasa sobre la crema para mantenerla en su lugar. Este m\u00e9todo lo ayudar\u00e1 a aliviar el dolor y lo proteger\u00e1 de contraer una infecci\u00f3n.<\/li>\n<li>Seg\u00fan su estado de salud, es posible que le den una vacuna de refuerzo contra el t\u00e9tanos.<\/li>\n<li>Se utilizar\u00e1n l\u00edquidos intravenosos para regular la presi\u00f3n arterial y la frecuencia card\u00edaca. Tambi\u00e9n se pueden usar otros medicamentos por v\u00eda intravenosa para reducir el dolor y mejorar su salud.<\/li>\n<li>Una vez que le den de alta del hospital, deber\u00e1 programar citas de seguimiento para mantener su condici\u00f3n estable.<\/li>\n<\/ul>\n<p>Las lesiones por quemaduras qu\u00edmicas que no se identifican como un problema grave no requieren una estad\u00eda prolongada en el hospital. El hospital probablemente lo dar\u00e1 de alta tan pronto como terminen de cuidarlo para que recupere la salud.<\/p>\n<p>Si su quemadura qu\u00edmica fue causada por la negligencia de otra persona, es posible que tenga derecho a presentar un reclamo por lesiones personales para recuperar los da\u00f1os econ\u00f3micos y no econ\u00f3micos por sus p\u00e9rdidas, incluidas las facturas m\u00e9dicas de la visita al hospital, las citas con el m\u00e9dico y las recetas de medicamentos. Antes de presentar un reclamo por lesiones personales, primero debe contratar a un abogado con experiencia en lesiones por quemaduras de Woodland Hills. Estudiar\u00e1n su situaci\u00f3n y determinar\u00e1n si tiene un caso en sus manos. Si su abogado le da luz verde para presentar un reclamo por lesiones personales, lo ayudar\u00e1n a desarrollarlo para entregar evidencia convincente. Su abogado tambi\u00e9n puede negociar con las compa\u00f1\u00edas de seguros para asegurarse de que recibir\u00e1 la compensaci\u00f3n que merece por sus p\u00e9rdidas.<\/p>\n<h2><strong>Recopilaci\u00f3n de pruebas en un caso de lesiones por quemaduras<\/strong><\/h2>\n<p>Incluir informaci\u00f3n importante sobre c\u00f3mo ocurri\u00f3 su quemadura y d\u00f3nde tuvo lugar son hechos importantes que ayudar\u00e1n a determinar el valor de un acuerdo. Hay varios tipos de evidencia que debe recopilar para proporcionar un reclamo convincente. Esto incluye:<\/p>\n<ul>\n<li>Tomar fotograf\u00edas y\/o secuencias de video de su lesi\u00f3n por quemadura y el lugar donde ocurri\u00f3.<\/li>\n<li>Documentar su experiencia sobre lo que sucedi\u00f3 antes, durante y despu\u00e9s del incidente.<\/li>\n<li>Adquirir informaci\u00f3n de testigos para ayudar a respaldar su reclamo.<\/li>\n<li>Obtener registros m\u00e9dicos de visitas al m\u00e9dico para fines de tratamiento de lesiones por quemaduras.<\/li>\n<\/ul>\n<p>Al reunir estas importantes piezas de evidencia, puede proporcionar con \u00e9xito un caso convincente que lo ayudar\u00e1 a obtener una compensaci\u00f3n justa.<\/p>\n<h2><strong>Acuerdos de lesiones por quemaduras bien conocidas<\/strong><\/h2>\n<ul>\n<li><strong>Responsabilidad del producto.<\/strong> Debido a un defecto del producto, un paciente del hospital sufri\u00f3 graves quemaduras despu\u00e9s de que su cama se incendiara. El acuerdo fue de $1,000,000. Otra v\u00edctima experiment\u00f3 quemaduras de tercer grado y cicatrices permanentes despu\u00e9s de que su falda se incendiara. Ella se conform\u00f3 con $4,000,000.<\/li>\n<li><strong>Negligencia.<\/strong> En 1994 se resolvi\u00f3 un famoso caso. Una mujer sufri\u00f3 una quemadura de tercer grado causada por caf\u00e9 hirviendo y adquiri\u00f3 $640,000 de McDonald&#8217;s. Otro caso ocurri\u00f3 cuando una v\u00edctima sufri\u00f3 quemaduras de segundo y tercer grado. Un tanque explot\u00f3 y liber\u00f3 humo mientras la v\u00edctima estaba asando. Se conformaron con $970,000.<\/li>\n<\/ul>\n<h2><strong>Cont\u00e1ctenos<\/strong><\/h2>\n<p>Si usted es una v\u00edctima de lesiones por quemaduras debido a la negligencia de otra persona, West Coast Trial Lawyers cuenta con abogados experimentados en lesiones por quemaduras de Woodland Hills que lo ayudar\u00e1n a obtener la justicia que se merece.<\/p>\n<p>Para programar una cita gratuita y sin compromiso en nuestro bufete de abogados de lesiones personales de Woodland Hills, comun\u00edquese con nuestro equipo legal las 24 horas, los 7 d\u00edas de la semana llamando al\u00a0<strong>213-927-3700<\/strong> o enviando un correo electr\u00f3nico a\u00a0<a href=\"mailto:info@westcoasttriallawyers.com\"><strong>info@westcoasttriallawyers.com<\/strong><\/a><strong>.\u00a0<\/strong><br \/>\n<!-- WCTL_DEBUG: no shortcode in this_content --><\/p>\n","protected":false},"excerpt":{"rendered":"<p>\u00bfC\u00f3mo se producen las quemaduras qu\u00edmicas? \u00bfQu\u00e9 opciones de tratamiento est\u00e1n disponibles para tratar una lesi\u00f3n de este tipo? Woodland Hills no es ajeno a los incendios, con casos reportados en centros comerciales y casas. Las personas a menudo salen con alg\u00fan tipo de lesi\u00f3n por quemaduras, ya sea una quemadura de 1er grado, 2do [&hellip;]<\/p>\n","protected":false},"author":470,"featured_media":46114,"parent":47405,"menu_order":529,"comment_status":"closed","ping_status":"closed","template":"","meta":{"inline_featured_image":false,"footnotes":""},"class_list":["post-13110","page","type-page","status-publish","has-post-thumbnail","hentry"],"acf":[],"yoast_head":"<!-- This site is optimized with the Yoast SEO Premium plugin v26.0 (Yoast SEO v26.0) - https:\/\/yoast.com\/wordpress\/plugins\/seo\/ -->\n<title>Abogado de lesiones por quemaduras de Woodland Hills\u00a0 | West Coast Trial Lawyers<\/title>\n<meta name=\"robots\" content=\"index, follow, max-snippet:-1, max-image-preview:large, max-video-preview:-1\" \/>\n<link rel=\"canonical\" href=\"https:\/\/westcoasttriallawyers.com\/es\/california\/woodland-hills\/abogados-accidentes-quemadura-woodland-hills\" \/>\n<meta property=\"og:locale\" content=\"es_ES\" \/>\n<meta property=\"og:type\" content=\"article\" \/>\n<meta property=\"og:title\" content=\"Abogado de lesiones por quemaduras de Woodland Hills\u00a0\" \/>\n<meta property=\"og:description\" content=\"\u00bfC\u00f3mo se producen las quemaduras qu\u00edmicas? \u00bfQu\u00e9 opciones de tratamiento est\u00e1n disponibles para tratar una lesi\u00f3n de este tipo? Woodland Hills no es ajeno a los incendios, con casos reportados en centros comerciales y casas. Las personas a menudo salen con alg\u00fan tipo de lesi\u00f3n por quemaduras, ya sea una quemadura de 1er grado, 2do [&hellip;]\" \/>\n<meta property=\"og:url\" content=\"https:\/\/westcoasttriallawyers.com\/es\/california\/woodland-hills\/abogados-accidentes-quemadura-woodland-hills\" \/>\n<meta property=\"og:site_name\" content=\"West Coast Trial Lawyers\" \/>\n<meta property=\"article:publisher\" content=\"https:\/\/www.facebook.com\/westcoasttriallawyers\/\" \/>\n<meta property=\"article:modified_time\" content=\"2026-01-23T21:20:14+00:00\" \/>\n<meta property=\"og:image\" content=\"https:\/\/westcoasttriallawyers.com\/wp-content\/uploads\/2025\/07\/Woodland-Hills-21.webp\" \/>\n\t<meta property=\"og:image:width\" content=\"557\" \/>\n\t<meta property=\"og:image:height\" content=\"327\" \/>\n\t<meta property=\"og:image:type\" content=\"image\/webp\" \/>\n<meta name=\"twitter:card\" content=\"summary_large_image\" \/>\n<meta name=\"twitter:site\" content=\"@WestCoastTrial\" \/>\n<meta name=\"twitter:label1\" content=\"Tiempo de lectura\" \/>\n\t<meta name=\"twitter:data1\" content=\"6 minutos\" \/>\n<script type=\"application\/ld+json\" class=\"yoast-schema-graph\">{\"@context\":\"https:\/\/schema.org\",\"@graph\":[{\"@type\":[\"WebPage\",\"ItemPage\"],\"@id\":\"https:\/\/westcoasttriallawyers.com\/es\/california\/woodland-hills\/abogados-accidentes-quemadura-woodland-hills\",\"url\":\"https:\/\/westcoasttriallawyers.com\/es\/california\/woodland-hills\/abogados-accidentes-quemadura-woodland-hills\",\"name\":\"Abogado de lesiones por quemaduras de Woodland Hills\u00a0 | West Coast Trial Lawyers\",\"isPartOf\":{\"@id\":\"https:\/\/westcoasttriallawyers.com\/es#website\"},\"primaryImageOfPage\":{\"@id\":\"https:\/\/westcoasttriallawyers.com\/es\/california\/woodland-hills\/abogados-accidentes-quemadura-woodland-hills#primaryimage\"},\"image\":{\"@id\":\"https:\/\/westcoasttriallawyers.com\/es\/california\/woodland-hills\/abogados-accidentes-quemadura-woodland-hills#primaryimage\"},\"thumbnailUrl\":\"https:\/\/westcoasttriallawyers.com\/wp-content\/uploads\/2025\/07\/Woodland-Hills-21.webp\",\"datePublished\":\"2026-01-14T15:50:35+00:00\",\"dateModified\":\"2026-01-23T21:20:14+00:00\",\"breadcrumb\":{\"@id\":\"https:\/\/westcoasttriallawyers.com\/es\/california\/woodland-hills\/abogados-accidentes-quemadura-woodland-hills#breadcrumb\"},\"inLanguage\":\"es\",\"potentialAction\":[{\"@type\":\"ReadAction\",\"target\":[\"https:\/\/westcoasttriallawyers.com\/es\/california\/woodland-hills\/abogados-accidentes-quemadura-woodland-hills\"]}]},{\"@type\":\"ImageObject\",\"inLanguage\":\"es\",\"@id\":\"https:\/\/westcoasttriallawyers.com\/es\/california\/woodland-hills\/abogados-accidentes-quemadura-woodland-hills#primaryimage\",\"url\":\"https:\/\/westcoasttriallawyers.com\/wp-content\/uploads\/2025\/07\/Woodland-Hills-21.webp\",\"contentUrl\":\"https:\/\/westcoasttriallawyers.com\/wp-content\/uploads\/2025\/07\/Woodland-Hills-21.webp\",\"width\":557,\"height\":327},{\"@type\":\"BreadcrumbList\",\"@id\":\"https:\/\/westcoasttriallawyers.com\/es\/california\/woodland-hills\/abogados-accidentes-quemadura-woodland-hills#breadcrumb\",\"itemListElement\":[{\"@type\":\"ListItem\",\"position\":1,\"name\":\"Inicio\",\"item\":\"https:\/\/westcoasttriallawyers.com\/es\"},{\"@type\":\"ListItem\",\"position\":2,\"name\":\"California\",\"item\":\"https:\/\/westcoasttriallawyers.com\/es\/california\"},{\"@type\":\"ListItem\",\"position\":3,\"name\":\"Woodland Hills\",\"item\":\"https:\/\/westcoasttriallawyers.com\/es\/california\/woodland-hills\"},{\"@type\":\"ListItem\",\"position\":4,\"name\":\"Abogado de lesiones por quemaduras de Woodland Hills\u00a0\"}]},{\"@type\":\"WebSite\",\"@id\":\"https:\/\/westcoasttriallawyers.com\/es#website\",\"url\":\"https:\/\/westcoasttriallawyers.com\/es\",\"name\":\"West Coast Trial Lawyers\",\"description\":\"West Coast Trial Lawyers\",\"publisher\":{\"@id\":\"https:\/\/westcoasttriallawyers.com\/es#organization\"},\"alternateName\":\"WCTL\",\"potentialAction\":[{\"@type\":\"SearchAction\",\"target\":{\"@type\":\"EntryPoint\",\"urlTemplate\":\"https:\/\/westcoasttriallawyers.com\/es?s={search_term_string}\"},\"query-input\":{\"@type\":\"PropertyValueSpecification\",\"valueRequired\":true,\"valueName\":\"search_term_string\"}}],\"inLanguage\":\"es\"},{\"@type\":\"Organization\",\"@id\":\"https:\/\/westcoasttriallawyers.com\/es#organization\",\"name\":\"West Coast Trial Lawyers\",\"alternateName\":\"WCTL\",\"url\":\"https:\/\/westcoasttriallawyers.com\/es\",\"logo\":{\"@type\":\"ImageObject\",\"inLanguage\":\"es\",\"@id\":\"https:\/\/westcoasttriallawyers.com\/es#\/schema\/logo\/image\/\",\"url\":\"https:\/\/westcoasttriallawyers.com\/wp-content\/uploads\/2026\/02\/WCTL-Logo.jpg\",\"contentUrl\":\"https:\/\/westcoasttriallawyers.com\/wp-content\/uploads\/2026\/02\/WCTL-Logo.jpg\",\"width\":696,\"height\":696,\"caption\":\"West Coast Trial Lawyers\"},\"image\":{\"@id\":\"https:\/\/westcoasttriallawyers.com\/es#\/schema\/logo\/image\/\"},\"sameAs\":[\"https:\/\/www.facebook.com\/westcoasttriallawyers\/\",\"https:\/\/x.com\/WestCoastTrial\",\"https:\/\/www.linkedin.com\/company\/west-coast-trial-lawyers\/\",\"https:\/\/www.instagram.com\/westcoasttriallawyers\/\",\"https:\/\/www.yelp.com\/biz\/west-coast-trial-lawyers-los-angeles-2\",\"https:\/\/www.pinterest.com\/westcoasttrial\/\",\"https:\/\/www.youtube.com\/westcoasttriallawyersla\/\",\"https:\/\/www.tiktok.com\/westcoasttriallawyers\"],\"description\":\"West Coast Trial Lawyers is a top-rated personal injury law firm with a goal to provide expert legal representation to those in need. The law firm has offices across California, Nevada, Arizona, and Washington.\",\"legalName\":\"West Coast Trial Lawyers\"}]}<\/script>\n<!-- \/ Yoast SEO Premium plugin. -->","yoast_head_json":{"title":"Abogado de lesiones por quemaduras de Woodland Hills\u00a0 | West Coast Trial Lawyers","robots":{"index":"index","follow":"follow","max-snippet":"max-snippet:-1","max-image-preview":"max-image-preview:large","max-video-preview":"max-video-preview:-1"},"canonical":"https:\/\/westcoasttriallawyers.com\/es\/california\/woodland-hills\/abogados-accidentes-quemadura-woodland-hills","og_locale":"es_ES","og_type":"article","og_title":"Abogado de lesiones por quemaduras de Woodland Hills\u00a0","og_description":"\u00bfC\u00f3mo se producen las quemaduras qu\u00edmicas? \u00bfQu\u00e9 opciones de tratamiento est\u00e1n disponibles para tratar una lesi\u00f3n de este tipo? Woodland Hills no es ajeno a los incendios, con casos reportados en centros comerciales y casas. Las personas a menudo salen con alg\u00fan tipo de lesi\u00f3n por quemaduras, ya sea una quemadura de 1er grado, 2do [&hellip;]","og_url":"https:\/\/westcoasttriallawyers.com\/es\/california\/woodland-hills\/abogados-accidentes-quemadura-woodland-hills","og_site_name":"West Coast Trial Lawyers","article_publisher":"https:\/\/www.facebook.com\/westcoasttriallawyers\/","article_modified_time":"2026-01-23T21:20:14+00:00","og_image":[{"width":557,"height":327,"url":"https:\/\/westcoasttriallawyers.com\/wp-content\/uploads\/2025\/07\/Woodland-Hills-21.webp","type":"image\/webp"}],"twitter_card":"summary_large_image","twitter_site":"@WestCoastTrial","twitter_misc":{"Tiempo de lectura":"6 minutos"},"schema":{"@context":"https:\/\/schema.org","@graph":[{"@type":["WebPage","ItemPage"],"@id":"https:\/\/westcoasttriallawyers.com\/es\/california\/woodland-hills\/abogados-accidentes-quemadura-woodland-hills","url":"https:\/\/westcoasttriallawyers.com\/es\/california\/woodland-hills\/abogados-accidentes-quemadura-woodland-hills","name":"Abogado de lesiones por quemaduras de Woodland Hills\u00a0 | West Coast Trial Lawyers","isPartOf":{"@id":"https:\/\/westcoasttriallawyers.com\/es#website"},"primaryImageOfPage":{"@id":"https:\/\/westcoasttriallawyers.com\/es\/california\/woodland-hills\/abogados-accidentes-quemadura-woodland-hills#primaryimage"},"image":{"@id":"https:\/\/westcoasttriallawyers.com\/es\/california\/woodland-hills\/abogados-accidentes-quemadura-woodland-hills#primaryimage"},"thumbnailUrl":"https:\/\/westcoasttriallawyers.com\/wp-content\/uploads\/2025\/07\/Woodland-Hills-21.webp","datePublished":"2026-01-14T15:50:35+00:00","dateModified":"2026-01-23T21:20:14+00:00","breadcrumb":{"@id":"https:\/\/westcoasttriallawyers.com\/es\/california\/woodland-hills\/abogados-accidentes-quemadura-woodland-hills#breadcrumb"},"inLanguage":"es","potentialAction":[{"@type":"ReadAction","target":["https:\/\/westcoasttriallawyers.com\/es\/california\/woodland-hills\/abogados-accidentes-quemadura-woodland-hills"]}]},{"@type":"ImageObject","inLanguage":"es","@id":"https:\/\/westcoasttriallawyers.com\/es\/california\/woodland-hills\/abogados-accidentes-quemadura-woodland-hills#primaryimage","url":"https:\/\/westcoasttriallawyers.com\/wp-content\/uploads\/2025\/07\/Woodland-Hills-21.webp","contentUrl":"https:\/\/westcoasttriallawyers.com\/wp-content\/uploads\/2025\/07\/Woodland-Hills-21.webp","width":557,"height":327},{"@type":"BreadcrumbList","@id":"https:\/\/westcoasttriallawyers.com\/es\/california\/woodland-hills\/abogados-accidentes-quemadura-woodland-hills#breadcrumb","itemListElement":[{"@type":"ListItem","position":1,"name":"Inicio","item":"https:\/\/westcoasttriallawyers.com\/es"},{"@type":"ListItem","position":2,"name":"California","item":"https:\/\/westcoasttriallawyers.com\/es\/california"},{"@type":"ListItem","position":3,"name":"Woodland Hills","item":"https:\/\/westcoasttriallawyers.com\/es\/california\/woodland-hills"},{"@type":"ListItem","position":4,"name":"Abogado de lesiones por quemaduras de Woodland Hills\u00a0"}]},{"@type":"WebSite","@id":"https:\/\/westcoasttriallawyers.com\/es#website","url":"https:\/\/westcoasttriallawyers.com\/es","name":"West Coast Trial Lawyers","description":"West Coast Trial Lawyers","publisher":{"@id":"https:\/\/westcoasttriallawyers.com\/es#organization"},"alternateName":"WCTL","potentialAction":[{"@type":"SearchAction","target":{"@type":"EntryPoint","urlTemplate":"https:\/\/westcoasttriallawyers.com\/es?s={search_term_string}"},"query-input":{"@type":"PropertyValueSpecification","valueRequired":true,"valueName":"search_term_string"}}],"inLanguage":"es"},{"@type":"Organization","@id":"https:\/\/westcoasttriallawyers.com\/es#organization","name":"West Coast Trial Lawyers","alternateName":"WCTL","url":"https:\/\/westcoasttriallawyers.com\/es","logo":{"@type":"ImageObject","inLanguage":"es","@id":"https:\/\/westcoasttriallawyers.com\/es#\/schema\/logo\/image\/","url":"https:\/\/westcoasttriallawyers.com\/wp-content\/uploads\/2026\/02\/WCTL-Logo.jpg","contentUrl":"https:\/\/westcoasttriallawyers.com\/wp-content\/uploads\/2026\/02\/WCTL-Logo.jpg","width":696,"height":696,"caption":"West Coast Trial Lawyers"},"image":{"@id":"https:\/\/westcoasttriallawyers.com\/es#\/schema\/logo\/image\/"},"sameAs":["https:\/\/www.facebook.com\/westcoasttriallawyers\/","https:\/\/x.com\/WestCoastTrial","https:\/\/www.linkedin.com\/company\/west-coast-trial-lawyers\/","https:\/\/www.instagram.com\/westcoasttriallawyers\/","https:\/\/www.yelp.com\/biz\/west-coast-trial-lawyers-los-angeles-2","https:\/\/www.pinterest.com\/westcoasttrial\/","https:\/\/www.youtube.com\/westcoasttriallawyersla\/","https:\/\/www.tiktok.com\/westcoasttriallawyers"],"description":"West Coast Trial Lawyers is a top-rated personal injury law firm with a goal to provide expert legal representation to those in need. The law firm has offices across California, Nevada, Arizona, and Washington.","legalName":"West Coast Trial Lawyers"}]}},"_links":{"self":[{"href":"https:\/\/westcoasttriallawyers.com\/es\/wp-json\/wp\/v2\/pages\/13110","targetHints":{"allow":["GET"]}}],"collection":[{"href":"https:\/\/westcoasttriallawyers.com\/es\/wp-json\/wp\/v2\/pages"}],"about":[{"href":"https:\/\/westcoasttriallawyers.com\/es\/wp-json\/wp\/v2\/types\/page"}],"author":[{"embeddable":true,"href":"https:\/\/westcoasttriallawyers.com\/es\/wp-json\/wp\/v2\/users\/470"}],"replies":[{"embeddable":true,"href":"https:\/\/westcoasttriallawyers.com\/es\/wp-json\/wp\/v2\/comments?post=13110"}],"version-history":[{"count":1,"href":"https:\/\/westcoasttriallawyers.com\/es\/wp-json\/wp\/v2\/pages\/13110\/revisions"}],"predecessor-version":[{"id":48170,"href":"https:\/\/westcoasttriallawyers.com\/es\/wp-json\/wp\/v2\/pages\/13110\/revisions\/48170"}],"up":[{"embeddable":true,"href":"https:\/\/westcoasttriallawyers.com\/es\/wp-json\/wp\/v2\/pages\/47405"}],"wp:featuredmedia":[{"embeddable":true,"href":"https:\/\/westcoasttriallawyers.com\/es\/wp-json\/wp\/v2\/media\/46114"}],"wp:attachment":[{"href":"https:\/\/westcoasttriallawyers.com\/es\/wp-json\/wp\/v2\/media?parent=13110"}],"curies":[{"name":"wp","href":"https:\/\/api.w.org\/{rel}","templated":true}]}}